{"id":56510,"date":"2023-05-12T14:03:08","date_gmt":"2023-05-12T12:03:08","guid":{"rendered":"https:\/\/teiaeducation.ch\/product\/feuerstarter-your-wild-books\/"},"modified":"2024-11-11T21:53:09","modified_gmt":"2024-11-11T20:53:09","slug":"multifunktionaler-feuerstarter-your-wild-books","status":"publish","type":"product","link":"https:\/\/teiaeducation.ch\/de\/produkt\/multifunktionaler-feuerstarter-your-wild-books\/","title":{"rendered":"Feuerstarter &#8211; Your Wild Books"},"content":{"rendered":"<p>Der multifunktionale und qualitativ hochwertige handgefertigte Feuerstarter der australischen Marke Your Wild Books ist ebenso stilvoll wie n\u00fctzlich und kann zum Anz\u00fcnden von Lagerfeuern und zum Kochen im Freien bei vielen Wetterbedingungen verwendet werden.<\/p>\n<p>Ob beim Zelten im Garten oder in der freien Natur, dieser Feuerstarter ist ideal f\u00fcr Familienabenteuer und ein unverzichtbares Werkzeug f\u00fcr alle Liebhaber des <a href=\"https:\/\/teiaeducation.ch\/product\/forest-craft-richard-irvine\/\">Waldhandwerks<\/a>!<\/p>\n<p>Es verf\u00fcgt \u00fcber einen hochwertigen Ferrostab, einen Multi-Tool-Schl\u00e4ger, ein Seilband und einen handgefertigten Holzgriff. Wenn der Eisenstab und der Stahlklopfer zusammengeschlagen werden, l\u00f6sen sich Teile des Eisenstabs ab, die zum Entz\u00fcnden des Feuers verwendet werden k\u00f6nnen. Der robuste Holzgriff aus Gummibaumholz ist geschnitzt und mit kleinen Einkerbungen versehen, so dass er f\u00fcr Kinder (und Erwachsene) leicht zu greifen und zu halten ist.<\/p>\n<p>Mit einem Mehrzweck-Seil 550 Mil-Spec Lanyard und einem Schlagbolzen, der als Flaschen\u00f6ffner, konkaver Zunderschaber, Lineal, Sechskantschl\u00fcssel und Kartenskala verwendet werden kann, ist dieses raffinierte Werkzeug eine gro\u00dfartige Erg\u00e4nzung f\u00fcr die Werkzeugkiste eines jeden Outdoor-Abenteurers.<\/p>\n<p>Der mit dem Your Wild Books Logo bedruckte Feuerstarter wird in einem Kattunbeutel mit Kordelzug und einem Anh\u00e4nger mit Informationen und Barcode geliefert.<\/p>\n<p><em>! SICHERHEITSWARNUNG &#8211; Dieses Werkzeug erfordert die uneingeschr\u00e4nkte Aufsicht eines Erwachsenen. \u00dcben Sie sich in Feuersicherheit, wenn Sie einen Feuerstarter verwenden. Vergewissern Sie sich, dass Sie die Umgebung Ihrer Feuerstelle kennen und treffen Sie Vorsichtsma\u00dfnahmen, um Verletzungen zu vermeiden. Lassen Sie ein Feuer niemals unbeaufsichtigt.<\/em><\/p>\n<p>Inhalt<\/p>\n<p>1 handgefertigter Feuerstarter<br \/>\nEin Kattunbeutel mit Kordelzug<\/p>\n<h2>\u00dcber Your Wild Books<\/h2>\n<p><a href=\"https:\/\/teiaeducation.ch\/product-category\/brands\/your-wild-books\/\">Your Wild Books<\/a> wurde 2019 von der Autorin Brooke Davis gegr\u00fcndet und ist eine australische Marke, die Kindern hilft, neue Ideen f\u00fcr das <a href=\"https:\/\/teiaeducation.ch\/de\/produkt-kategorie\/kinder-spielzeug\/spiele-mit-offenem-ende\/\">Spielen im Freien<\/a> zu entdecken und Wege zu finden, die <a href=\"https:\/\/teiaeducation.ch\/de\/produkt-kategorie\/kinder-spielzeug\/naturspiel\/\">Natur<\/a> ins Haus zu holen! Die <a href=\"https:\/\/teiaeducation.ch\/de\/produkt-kategorie\/kinderbuecher\/aktivitaetsbuecher-sticker\/\">Aktivit\u00e4ten<\/a> in den Your Wild Books laden Kinder dazu ein, ihre Fantasie zu nutzen, \u00fcber den Tellerrand zu schauen und mit nat\u00fcrlichen Materialien zu arbeiten.<\/p>\n<p class=\"font_8 wixui-rich-text__text\"><span class=\"wixui-rich-text__text\">Bevor sie 2019 ihr erstes <a href=\"https:\/\/teiaeducation.ch\/de\/produkt-kategorie\/kinderbuecher\/\">Buch<\/a> ver\u00f6ffentlichte, gr\u00fcndete und leitete Brooke das preisgekr\u00f6nte Outdoor-Naturspielprogramm Wild Imagination. <\/span><span class=\"wixui-rich-text__text\">Sie hat sieben B\u00fccher ver\u00f6ffentlicht und plant viele weitere. Sie hofft, dass ihre B\u00fccher die Freude am Spielen in der Natur verbreiten und Kinder dazu inspirieren, eine authentische und dauerhafte Verbindung zur Natur zu entwickeln.<\/span><\/p>\n<p>Die Your Wild Books werden in Australien mit pflanzlicher Tinte und FSC-zertifiziertem Papier gedruckt, das vor Ort aus verantwortungsvoll bewirtschafteten W\u00e4ldern hergestellt wird.<\/p>\n<p class=\"font_8 wixui-rich-text__text\"><span class=\"wixui-rich-text__text\">Sie spenden 1 % aller Verk\u00e4ufe an wohlt\u00e4tige Partner, z. B. an die Indigenous Literacy Foundation, die wichtige Arbeit mit regionalen Aborigine-Gemeinschaften leistet, um die Lese- und Schreibf\u00e4higkeit zu verbessern und B\u00fccher in den lokalen Sprachen zu erstellen.<\/span><\/p>\n","protected":false},"excerpt":{"rendered":"<p>Artikelnummer: FIRE_WS<\/p>\n<p>Der multifunktionale, handgefertigte Feuerstarter der australischen Marke Your Wild Books kann bei den verschiedensten Wetterbedingungen verwendet werden!<\/p>\n","protected":false},"featured_media":54032,"comment_status":"open","ping_status":"closed","template":"","meta":[],"product_brand":[],"product_cat":[21446,21488,21484,21464,21443,21689,21563,22362,21678,21564,25153],"product_tag":[26369,26379,26378,26382,26380,26381,26371,26372,26375,26374,26373,26368,26370,26376,26377,26367],"class_list":{"0":"post-56510","1":"product","2":"type-product","3":"status-publish","4":"has-post-thumbnail","6":"product_cat-6-12-jahre-grundschule","7":"product_cat-geschenk-guide-6-12-jahre-grundschule","8":"product_cat-geschenk-guides","9":"product_cat-herbstkollektion","10":"product_cat-nach-alter","11":"product_cat-naturspiel","12":"product_cat-neuheiten","13":"product_cat-saisonale-kollektionen","14":"product_cat-kinder-spielzeug","15":"product_cat-unsere-marken","16":"product_cat-your-wild-books-de","17":"product_tag-brooke-davis-wild-books-de","18":"product_tag-feuerstarter-fur-das-kochen-im-freien","19":"product_tag-feuerstarter-your-wild-books","20":"product_tag-handgefertigter-feuerstarter","21":"product_tag-hochwertige-feuerstarter","22":"product_tag-multifunktionaler-feuerstarter","23":"product_tag-natur-bastelprojekte-fur-kinder","24":"product_tag-natur-bastelprojekte-your-wild-books","25":"product_tag-naturjournal-fur-kinder","26":"product_tag-wild-natur-journal-ein-gefuhrtes-naturtagebuch-fur-kinder-und-erwachsene-your-wild-books","27":"product_tag-wilde-phantasie-bucher-kinder","28":"product_tag-wilde-phantasie-natur-bastelprojekte-fur-kinder-your-wild-books","29":"product_tag-wilde-phantasie-your-wild-books","30":"product_tag-wildes-aktivitatsbuch-natur-inspirierte-spiele-puzzles-your-wild-books","31":"product_tag-wildes-aktivitatsbuch-wild-books","32":"product_tag-your-wild-books-de","34":"first","35":"instock","36":"taxable","37":"shipping-taxable","38":"purchasable","39":"product-type-simple"},"yoast_head":"<!-- This site is optimized with the Yoast SEO plugin v27.1.1 - https:\/\/yoast.com\/product\/yoast-seo-wordpress\/ -->\n<title>Multifunktionale Feuerstarter - Your Wild Books<\/title>\n<meta name=\"description\" content=\"Der multifunktionale, handgefertigte Feuerstarter der australischen Marke Your Wild Books kann bei den verschiedensten Wetterbedingungen verwendet werden.\" \/>\n<meta name=\"robots\" content=\"index, follow, max-snippet:-1, max-image-preview:large, max-video-preview:-1\" \/>\n<link rel=\"canonical\" href=\"https:\/\/teiaeducation.ch\/de\/produkt\/multifunktionaler-feuerstarter-your-wild-books\/\" \/>\n<meta property=\"og:locale\" content=\"de_DE\" \/>\n<meta property=\"og:type\" content=\"article\" \/>\n<meta property=\"og:title\" content=\"Multifunktionale Feuerstarter - Your Wild Books\" \/>\n<meta property=\"og:description\" content=\"Der multifunktionale, handgefertigte Feuerstarter der australischen Marke Your Wild Books kann bei den verschiedensten Wetterbedingungen verwendet werden.\" \/>\n<meta property=\"og:url\" content=\"https:\/\/teiaeducation.ch\/de\/produkt\/multifunktionaler-feuerstarter-your-wild-books\/\" \/>\n<meta property=\"og:site_name\" content=\"Sustainable Educational Products &amp; Ecological Toys\u00a0\" \/>\n<meta property=\"article:publisher\" content=\"https:\/\/www.facebook.com\/teiaeducation\/\" \/>\n<meta property=\"article:modified_time\" content=\"2024-11-11T20:53:09+00:00\" \/>\n<meta property=\"og:image\" content=\"https:\/\/teiaeducation.ch\/wp-content\/uploads\/2023\/05\/multi-functional-handcrafted-fire-starter-by-Australian-brand-Your-Wild-Books-1.jpg\" \/>\n\t<meta property=\"og:image:width\" content=\"537\" \/>\n\t<meta property=\"og:image:height\" content=\"537\" \/>\n\t<meta property=\"og:image:type\" content=\"image\/jpeg\" \/>\n<script type=\"application\/ld+json\" class=\"yoast-schema-graph\">{\"@context\":\"https:\/\/schema.org\",\"@graph\":[{\"@type\":\"WebPage\",\"@id\":\"https:\/\/teiaeducation.ch\/de\/produkt\/multifunktionaler-feuerstarter-your-wild-books\/\",\"url\":\"https:\/\/teiaeducation.ch\/de\/produkt\/multifunktionaler-feuerstarter-your-wild-books\/\",\"name\":\"Multifunktionale Feuerstarter - Your Wild Books\",\"isPartOf\":{\"@id\":\"https:\/\/teiaeducation.ch\/de\/#website\"},\"primaryImageOfPage\":{\"@id\":\"https:\/\/teiaeducation.ch\/de\/produkt\/multifunktionaler-feuerstarter-your-wild-books\/#primaryimage\"},\"image\":{\"@id\":\"https:\/\/teiaeducation.ch\/de\/produkt\/multifunktionaler-feuerstarter-your-wild-books\/#primaryimage\"},\"thumbnailUrl\":\"https:\/\/teiaeducation.ch\/wp-content\/uploads\/2023\/05\/multi-functional-handcrafted-fire-starter-by-Australian-brand-Your-Wild-Books-1.jpg\",\"datePublished\":\"2023-05-12T12:03:08+00:00\",\"dateModified\":\"2024-11-11T20:53:09+00:00\",\"description\":\"Der multifunktionale, handgefertigte Feuerstarter der australischen Marke Your Wild Books kann bei den verschiedensten Wetterbedingungen verwendet werden.\",\"breadcrumb\":{\"@id\":\"https:\/\/teiaeducation.ch\/de\/produkt\/multifunktionaler-feuerstarter-your-wild-books\/#breadcrumb\"},\"inLanguage\":\"de-CH\",\"potentialAction\":[{\"@type\":\"ReadAction\",\"target\":[\"https:\/\/teiaeducation.ch\/de\/produkt\/multifunktionaler-feuerstarter-your-wild-books\/\"]}]},{\"@type\":\"ImageObject\",\"inLanguage\":\"de-CH\",\"@id\":\"https:\/\/teiaeducation.ch\/de\/produkt\/multifunktionaler-feuerstarter-your-wild-books\/#primaryimage\",\"url\":\"https:\/\/teiaeducation.ch\/wp-content\/uploads\/2023\/05\/multi-functional-handcrafted-fire-starter-by-Australian-brand-Your-Wild-Books-1.jpg\",\"contentUrl\":\"https:\/\/teiaeducation.ch\/wp-content\/uploads\/2023\/05\/multi-functional-handcrafted-fire-starter-by-Australian-brand-Your-Wild-Books-1.jpg\",\"width\":537,\"height\":537,\"caption\":\"multifunktionaler handgefertigter Feuerstarter der australischen Marke Your Wild Books\"},{\"@type\":\"BreadcrumbList\",\"@id\":\"https:\/\/teiaeducation.ch\/de\/produkt\/multifunktionaler-feuerstarter-your-wild-books\/#breadcrumb\",\"itemListElement\":[{\"@type\":\"ListItem\",\"position\":1,\"name\":\"Home\",\"item\":\"https:\/\/teiaeducation.ch\/de\/\"},{\"@type\":\"ListItem\",\"position\":2,\"name\":\"Laden\",\"item\":\"https:\/\/teiaeducation.ch\/de\/shop\/\"},{\"@type\":\"ListItem\",\"position\":3,\"name\":\"Unsere Marken\",\"item\":\"https:\/\/teiaeducation.ch\/de\/produkt-kategorie\/unsere-marken\/\"},{\"@type\":\"ListItem\",\"position\":4,\"name\":\"Your Wild Books\",\"item\":\"https:\/\/teiaeducation.ch\/de\/produkt-kategorie\/unsere-marken\/your-wild-books-de\/\"},{\"@type\":\"ListItem\",\"position\":5,\"name\":\"Feuerstarter &#8211; Your Wild Books\"}]},{\"@type\":\"WebSite\",\"@id\":\"https:\/\/teiaeducation.ch\/de\/#website\",\"url\":\"https:\/\/teiaeducation.ch\/de\/\",\"name\":\"Sustainable Educational Products &amp; Ecological Toys\u00a0\",\"description\":\"Specialised Swiss shop selling sustainable educational toys and games, AMI certified Montessori materials, handmade ecological wooden Waldorf toys and arts &amp; crafts supplies, school supplies, children&#039;s furniture and Montessori reference and parenting books.\",\"publisher\":{\"@id\":\"https:\/\/teiaeducation.ch\/de\/#organization\"},\"alternateName\":\"Teia Education & Play\",\"potentialAction\":[{\"@type\":\"SearchAction\",\"target\":{\"@type\":\"EntryPoint\",\"urlTemplate\":\"https:\/\/teiaeducation.ch\/de\/?s={search_term_string}\"},\"query-input\":{\"@type\":\"PropertyValueSpecification\",\"valueRequired\":true,\"valueName\":\"search_term_string\"}}],\"inLanguage\":\"de-CH\"},{\"@type\":\"Organization\",\"@id\":\"https:\/\/teiaeducation.ch\/de\/#organization\",\"name\":\"Teia Education & Play\",\"url\":\"https:\/\/teiaeducation.ch\/de\/\",\"logo\":{\"@type\":\"ImageObject\",\"inLanguage\":\"de-CH\",\"@id\":\"https:\/\/teiaeducation.ch\/de\/#\/schema\/logo\/image\/\",\"url\":\"https:\/\/teiaeducation.ch\/wp-content\/uploads\/2020\/11\/Teia-Education-Switzerland-e1620156442216.jpg\",\"contentUrl\":\"https:\/\/teiaeducation.ch\/wp-content\/uploads\/2020\/11\/Teia-Education-Switzerland-e1620156442216.jpg\",\"width\":166,\"height\":145,\"caption\":\"Teia Education & Play\"},\"image\":{\"@id\":\"https:\/\/teiaeducation.ch\/de\/#\/schema\/logo\/image\/\"},\"sameAs\":[\"https:\/\/www.facebook.com\/teiaeducation\/\",\"https:\/\/x.com\/EducationTeia\",\"https:\/\/www.instagram.com\/teia.education\/\",\"https:\/\/www.linkedin.com\/company\/35501660\",\"https:\/\/www.pinterest.ch\/TeiaEducation\/\"]}]}<\/script>\n<!-- \/ Yoast SEO plugin. -->","yoast_head_json":{"title":"Multifunktionale Feuerstarter - Your Wild Books","description":"Der multifunktionale, handgefertigte Feuerstarter der australischen Marke Your Wild Books kann bei den verschiedensten Wetterbedingungen verwendet werden.","robots":{"index":"index","follow":"follow","max-snippet":"max-snippet:-1","max-image-preview":"max-image-preview:large","max-video-preview":"max-video-preview:-1"},"canonical":"https:\/\/teiaeducation.ch\/de\/produkt\/multifunktionaler-feuerstarter-your-wild-books\/","og_locale":"de_DE","og_type":"article","og_title":"Multifunktionale Feuerstarter - Your Wild Books","og_description":"Der multifunktionale, handgefertigte Feuerstarter der australischen Marke Your Wild Books kann bei den verschiedensten Wetterbedingungen verwendet werden.","og_url":"https:\/\/teiaeducation.ch\/de\/produkt\/multifunktionaler-feuerstarter-your-wild-books\/","og_site_name":"Sustainable Educational Products &amp; Ecological Toys\u00a0","article_publisher":"https:\/\/www.facebook.com\/teiaeducation\/","article_modified_time":"2024-11-11T20:53:09+00:00","og_image":[{"width":537,"height":537,"url":"https:\/\/teiaeducation.ch\/wp-content\/uploads\/2023\/05\/multi-functional-handcrafted-fire-starter-by-Australian-brand-Your-Wild-Books-1.jpg","type":"image\/jpeg"}],"schema":{"@context":"https:\/\/schema.org","@graph":[{"@type":"WebPage","@id":"https:\/\/teiaeducation.ch\/de\/produkt\/multifunktionaler-feuerstarter-your-wild-books\/","url":"https:\/\/teiaeducation.ch\/de\/produkt\/multifunktionaler-feuerstarter-your-wild-books\/","name":"Multifunktionale Feuerstarter - Your Wild Books","isPartOf":{"@id":"https:\/\/teiaeducation.ch\/de\/#website"},"primaryImageOfPage":{"@id":"https:\/\/teiaeducation.ch\/de\/produkt\/multifunktionaler-feuerstarter-your-wild-books\/#primaryimage"},"image":{"@id":"https:\/\/teiaeducation.ch\/de\/produkt\/multifunktionaler-feuerstarter-your-wild-books\/#primaryimage"},"thumbnailUrl":"https:\/\/teiaeducation.ch\/wp-content\/uploads\/2023\/05\/multi-functional-handcrafted-fire-starter-by-Australian-brand-Your-Wild-Books-1.jpg","datePublished":"2023-05-12T12:03:08+00:00","dateModified":"2024-11-11T20:53:09+00:00","description":"Der multifunktionale, handgefertigte Feuerstarter der australischen Marke Your Wild Books kann bei den verschiedensten Wetterbedingungen verwendet werden.","breadcrumb":{"@id":"https:\/\/teiaeducation.ch\/de\/produkt\/multifunktionaler-feuerstarter-your-wild-books\/#breadcrumb"},"inLanguage":"de-CH","potentialAction":[{"@type":"ReadAction","target":["https:\/\/teiaeducation.ch\/de\/produkt\/multifunktionaler-feuerstarter-your-wild-books\/"]}]},{"@type":"ImageObject","inLanguage":"de-CH","@id":"https:\/\/teiaeducation.ch\/de\/produkt\/multifunktionaler-feuerstarter-your-wild-books\/#primaryimage","url":"https:\/\/teiaeducation.ch\/wp-content\/uploads\/2023\/05\/multi-functional-handcrafted-fire-starter-by-Australian-brand-Your-Wild-Books-1.jpg","contentUrl":"https:\/\/teiaeducation.ch\/wp-content\/uploads\/2023\/05\/multi-functional-handcrafted-fire-starter-by-Australian-brand-Your-Wild-Books-1.jpg","width":537,"height":537,"caption":"multifunktionaler handgefertigter Feuerstarter der australischen Marke Your Wild Books"},{"@type":"BreadcrumbList","@id":"https:\/\/teiaeducation.ch\/de\/produkt\/multifunktionaler-feuerstarter-your-wild-books\/#breadcrumb","itemListElement":[{"@type":"ListItem","position":1,"name":"Home","item":"https:\/\/teiaeducation.ch\/de\/"},{"@type":"ListItem","position":2,"name":"Laden","item":"https:\/\/teiaeducation.ch\/de\/shop\/"},{"@type":"ListItem","position":3,"name":"Unsere Marken","item":"https:\/\/teiaeducation.ch\/de\/produkt-kategorie\/unsere-marken\/"},{"@type":"ListItem","position":4,"name":"Your Wild Books","item":"https:\/\/teiaeducation.ch\/de\/produkt-kategorie\/unsere-marken\/your-wild-books-de\/"},{"@type":"ListItem","position":5,"name":"Feuerstarter &#8211; Your Wild Books"}]},{"@type":"WebSite","@id":"https:\/\/teiaeducation.ch\/de\/#website","url":"https:\/\/teiaeducation.ch\/de\/","name":"Sustainable Educational Products &amp; Ecological Toys\u00a0","description":"Specialised Swiss shop selling sustainable educational toys and games, AMI certified Montessori materials, handmade ecological wooden Waldorf toys and arts &amp; crafts supplies, school supplies, children&#039;s furniture and Montessori reference and parenting books.","publisher":{"@id":"https:\/\/teiaeducation.ch\/de\/#organization"},"alternateName":"Teia Education & Play","potentialAction":[{"@type":"SearchAction","target":{"@type":"EntryPoint","urlTemplate":"https:\/\/teiaeducation.ch\/de\/?s={search_term_string}"},"query-input":{"@type":"PropertyValueSpecification","valueRequired":true,"valueName":"search_term_string"}}],"inLanguage":"de-CH"},{"@type":"Organization","@id":"https:\/\/teiaeducation.ch\/de\/#organization","name":"Teia Education & Play","url":"https:\/\/teiaeducation.ch\/de\/","logo":{"@type":"ImageObject","inLanguage":"de-CH","@id":"https:\/\/teiaeducation.ch\/de\/#\/schema\/logo\/image\/","url":"https:\/\/teiaeducation.ch\/wp-content\/uploads\/2020\/11\/Teia-Education-Switzerland-e1620156442216.jpg","contentUrl":"https:\/\/teiaeducation.ch\/wp-content\/uploads\/2020\/11\/Teia-Education-Switzerland-e1620156442216.jpg","width":166,"height":145,"caption":"Teia Education & Play"},"image":{"@id":"https:\/\/teiaeducation.ch\/de\/#\/schema\/logo\/image\/"},"sameAs":["https:\/\/www.facebook.com\/teiaeducation\/","https:\/\/x.com\/EducationTeia","https:\/\/www.instagram.com\/teia.education\/","https:\/\/www.linkedin.com\/company\/35501660","https:\/\/www.pinterest.ch\/TeiaEducation\/"]}]}},"_links":{"self":[{"href":"https:\/\/teiaeducation.ch\/de\/wp-json\/wp\/v2\/product\/56510","targetHints":{"allow":["GET"]}}],"collection":[{"href":"https:\/\/teiaeducation.ch\/de\/wp-json\/wp\/v2\/product"}],"about":[{"href":"https:\/\/teiaeducation.ch\/de\/wp-json\/wp\/v2\/types\/product"}],"replies":[{"embeddable":true,"href":"https:\/\/teiaeducation.ch\/de\/wp-json\/wp\/v2\/comments?post=56510"}],"wp:featuredmedia":[{"embeddable":true,"href":"https:\/\/teiaeducation.ch\/de\/wp-json\/wp\/v2\/media\/54032"}],"wp:attachment":[{"href":"https:\/\/teiaeducation.ch\/de\/wp-json\/wp\/v2\/media?parent=56510"}],"wp:term":[{"taxonomy":"product_brand","embeddable":true,"href":"https:\/\/teiaeducation.ch\/de\/wp-json\/wp\/v2\/product_brand?post=56510"},{"taxonomy":"product_cat","embeddable":true,"href":"https:\/\/teiaeducation.ch\/de\/wp-json\/wp\/v2\/product_cat?post=56510"},{"taxonomy":"product_tag","embeddable":true,"href":"https:\/\/teiaeducation.ch\/de\/wp-json\/wp\/v2\/product_tag?post=56510"}],"curies":[{"name":"wp","href":"https:\/\/api.w.org\/{rel}","templated":true}]}}