{"id":56520,"date":"2021-05-25T12:18:47","date_gmt":"2021-05-25T10:18:47","guid":{"rendered":"https:\/\/teiaeducation.ch\/product\/schauffel-gelb-80-cm-nienhuis-montessori\/"},"modified":"2023-10-05T14:32:10","modified_gmt":"2023-10-05T12:32:10","slug":"schaufel-gelb-80-cm-nienhuis-montessori","status":"publish","type":"product","link":"https:\/\/teiaeducation.ch\/de\/produkt\/schaufel-gelb-80-cm-nienhuis-montessori\/","title":{"rendered":"Schaufel: gelb (80 cm) &#8211; Nienhuis Montessori"},"content":{"rendered":"<p>Diese Schaufel aus dem Nienhuis Montessori-Sortiment f\u00fcr das <a href=\"https:\/\/teiaeducation.ch\/product-category\/brands\/nienhuis-montessori-educational-materials\/practical-life\/\">praktische Leben<\/a> ist das perfekte Werkzeug f\u00fcr den jungen G\u00e4rtner! Die Schaufel misst 80 cm und ist aus unbehandeltem Kiefernholz mit gelbem Metall gefertigt.<\/p>\n<p>Das praktische Leben bildet die Grundlage der Montessori-P\u00e4dagogik, und die Teilnahme f\u00f6rdert die Selbstst\u00e4ndigkeit des Kindes und die Achtung vor guter Hygiene. Die Gartenger\u00e4te von Nienhuis sind ein unverzichtbares Material f\u00fcr jede vorbereitete Montessori-Umgebung, ob in der Schule oder zu Hause.<\/p>\n<p>Die Niederl\u00e4ndische Marke Nienhuis Montessori ist die weltweit f\u00fchrende Montessori Marke, die das Erbe von Maria Montessori ehrt und fortf\u00fchrt und das breiteste und innovativste Sortiment an Montessori-Materialien, M\u00f6beln und verwandten Produkten herstellt. Die hochwertigen Nienhuis Montessori Produkte geben den Kindern die Werkzeuge, die sie brauchen, um Unabhangig und kritisch zu denken. Das gesamte Nienhuis Material ist vom Materialausschuss der Association Montessori Internationale (<a href=\"https:\/\/montessori-ami.org\/\">AMI<\/a>) zertifiziert und wurde sorgf\u00e4ltig hergestellt, um die Schwierigkeiten zu isolieren, damit sich die Kinder konzentrieren k\u00f6nnen, ihre F\u00e4higkeiten verbessern und sich entwickeln k\u00f6nnen.<\/p>\n<p>Nienhuis Montessori ist eine der Marken des Niederlandischen Unternehmens Heutink International, das weltweit die besten pedagogischen Marken anbietet, die auf spielerisches Lernen ausgerichtet sind.<\/p>\n<p>Die Gartenger\u00e4te von Nienhuis sind ein unverzichtbares Material f\u00fcr jede vorbereitete Montessori-Umgebung, ob in der Schule oder zu Hause.<\/p>\n<p>Inhalt:<\/p>\n<p>1 Schaufel: gelb (80 cm)<\/p>\n<p><em>We currently do not have this item in stock, but it is available on pre-order. We will order this item for you from our supplier. Due to importation from the European Union to Switzerland please allow 2 to maximum 3 weeks for delivery. <\/em><\/p>\n\t<div id=\"gap-1476009705\" class=\"gap-element clearfix\" style=\"display:block; height:auto;\">\n\t\t\n<style>\n#gap-1476009705 {\n  padding-top: 20px;\n}\n<\/style>\n\t<\/div>\n\t\n","protected":false},"excerpt":{"rendered":"<p>Artikelnummer: 406506<\/p>\n<p>Der Schaufel: gelb aus dem Nienhuis Montessori-Sortiment f\u00fcr das praktische Leben ist 80 cm gro\u00df und das perfekte Werkzeug f\u00fcr junge G\u00e4rtner!<\/p>\n","protected":false},"featured_media":43810,"comment_status":"open","ping_status":"closed","template":"","meta":[],"product_brand":[],"product_cat":[21444,21445,21479,21512,21670,21453,21447,21510,21509,21498,21481,21443,21689,21572,22362,21494,23636,21678,23133,21556,21654,21564],"product_tag":[22969,26389,26391,23108,26393,26388,26390,22981,26387,26392,23550,23549],"class_list":{"0":"post-56520","1":"product","2":"type-product","3":"status-publish","4":"has-post-thumbnail","6":"product_cat-1-3-jahre-kleinkind","7":"product_cat-3-6-jahre-vorschule","8":"product_cat-lernmaterialien-spielzeug-montessori-waldorf-steiner-froebel","9":"product_cat-botanik","10":"product_cat-fruehjahrskollektion","11":"product_cat-gartnern","12":"product_cat-malen-basteln","13":"product_cat-kultur-wissenschaft","14":"product_cat-lernthemen","15":"product_cat-montessori-materialien-fuer-zuhause-schulbedarf-fuer-zuhause","16":"product_cat-montessori-paedagogik-material-spielzeug","17":"product_cat-nach-alter","18":"product_cat-naturspiel","19":"product_cat-nienhuis-montessori-schweiz","20":"product_cat-saisonale-kollektionen","21":"product_cat-schulbedarf-fuer-zuhause","22":"product_cat-sommer-kollektion","23":"product_cat-kinder-spielzeug","24":"product_cat-spielzeug-fuer-draussen","25":"product_cat-uebungen-des-praktischen-lebens","26":"product_cat-uebungen-des-praktischen-lebens-nienhuis-montessori","27":"product_cat-unsere-marken","28":"product_tag-baby-kleinkind-0-3","29":"product_tag-kinder-garten-set-nienhuis-montessori","30":"product_tag-montessori-garten","31":"product_tag-montessori-kleinkind-3-6","32":"product_tag-montessori-schauffel","33":"product_tag-montessori-gartengerate","34":"product_tag-montessori-gartengerate-fur-kinder","35":"product_tag-nienhuis-montessori-de","36":"product_tag-pflege-der-umwelt","37":"product_tag-schauffel-gelb-80-cm-nienhuis-montessori","38":"product_tag-ubungen-des-praktischen-lebens","39":"product_tag-ubungen-des-praktischen-lebens-montessori","41":"first","42":"onbackorder","43":"sold-individually","44":"taxable","45":"shipping-taxable","46":"purchasable","47":"product-type-simple"},"yoast_head":"<!-- This site is optimized with the Yoast SEO Premium plugin v25.8 (Yoast SEO v27.4) - https:\/\/yoast.com\/product\/yoast-seo-premium-wordpress\/ -->\n<title>Schaufel: gelb (80 cm) - Nienhuis Montessori<\/title>\n<meta name=\"description\" content=\"Der Schaufel: gelb aus dem Nienhuis Montessori-Sortiment f\u00fcr das praktische Leben ist 80 cm gro\u00df und das perfekte Werkzeug f\u00fcr junge G\u00e4rtner!\" \/>\n<meta name=\"robots\" content=\"index, follow, max-snippet:-1, max-image-preview:large, max-video-preview:-1\" \/>\n<link rel=\"canonical\" href=\"https:\/\/teiaeducation.ch\/de\/produkt\/schaufel-gelb-80-cm-nienhuis-montessori\/\" \/>\n<meta property=\"og:locale\" content=\"de_DE\" \/>\n<meta property=\"og:type\" content=\"article\" \/>\n<meta property=\"og:title\" content=\"Schaufel: gelb (80 cm) - Nienhuis Montessori\" \/>\n<meta property=\"og:description\" content=\"Der Schaufel: gelb aus dem Nienhuis Montessori-Sortiment f\u00fcr das praktische Leben ist 80 cm gro\u00df und das perfekte Werkzeug f\u00fcr junge G\u00e4rtner!\" \/>\n<meta property=\"og:url\" content=\"https:\/\/teiaeducation.ch\/de\/produkt\/schaufel-gelb-80-cm-nienhuis-montessori\/\" \/>\n<meta property=\"og:site_name\" content=\"Sustainable Educational Products &amp; Ecological Toys\u00a0\" \/>\n<meta property=\"article:publisher\" content=\"https:\/\/www.facebook.com\/teiaeducation\/\" \/>\n<meta property=\"article:modified_time\" content=\"2023-10-05T12:32:10+00:00\" \/>\n<meta property=\"og:image\" content=\"https:\/\/teiaeducation.ch\/wp-content\/uploads\/2020\/01\/400_406506_main_or_1-scaled-e1643641363613.jpg\" \/>\n\t<meta property=\"og:image:width\" content=\"900\" \/>\n\t<meta property=\"og:image:height\" content=\"900\" \/>\n\t<meta property=\"og:image:type\" content=\"image\/jpeg\" \/>\n<script type=\"application\/ld+json\" class=\"yoast-schema-graph\">{\"@context\":\"https:\\\/\\\/schema.org\",\"@graph\":[{\"@type\":\"WebPage\",\"@id\":\"https:\\\/\\\/teiaeducation.ch\\\/de\\\/produkt\\\/schaufel-gelb-80-cm-nienhuis-montessori\\\/\",\"url\":\"https:\\\/\\\/teiaeducation.ch\\\/de\\\/produkt\\\/schaufel-gelb-80-cm-nienhuis-montessori\\\/\",\"name\":\"Schaufel: gelb (80 cm) - Nienhuis Montessori\",\"isPartOf\":{\"@id\":\"https:\\\/\\\/teiaeducation.ch\\\/de\\\/#website\"},\"primaryImageOfPage\":{\"@id\":\"https:\\\/\\\/teiaeducation.ch\\\/de\\\/produkt\\\/schaufel-gelb-80-cm-nienhuis-montessori\\\/#primaryimage\"},\"image\":{\"@id\":\"https:\\\/\\\/teiaeducation.ch\\\/de\\\/produkt\\\/schaufel-gelb-80-cm-nienhuis-montessori\\\/#primaryimage\"},\"thumbnailUrl\":\"https:\\\/\\\/teiaeducation.ch\\\/wp-content\\\/uploads\\\/2020\\\/01\\\/400_406506_main_or_1-scaled-e1643641363613.jpg\",\"datePublished\":\"2021-05-25T10:18:47+00:00\",\"dateModified\":\"2023-10-05T12:32:10+00:00\",\"description\":\"Der Schaufel: gelb aus dem Nienhuis Montessori-Sortiment f\u00fcr das praktische Leben ist 80 cm gro\u00df und das perfekte Werkzeug f\u00fcr junge G\u00e4rtner!\",\"breadcrumb\":{\"@id\":\"https:\\\/\\\/teiaeducation.ch\\\/de\\\/produkt\\\/schaufel-gelb-80-cm-nienhuis-montessori\\\/#breadcrumb\"},\"inLanguage\":\"de-CH\",\"potentialAction\":[{\"@type\":\"ReadAction\",\"target\":[\"https:\\\/\\\/teiaeducation.ch\\\/de\\\/produkt\\\/schaufel-gelb-80-cm-nienhuis-montessori\\\/\"]}]},{\"@type\":\"ImageObject\",\"inLanguage\":\"de-CH\",\"@id\":\"https:\\\/\\\/teiaeducation.ch\\\/de\\\/produkt\\\/schaufel-gelb-80-cm-nienhuis-montessori\\\/#primaryimage\",\"url\":\"https:\\\/\\\/teiaeducation.ch\\\/wp-content\\\/uploads\\\/2020\\\/01\\\/400_406506_main_or_1-scaled-e1643641363613.jpg\",\"contentUrl\":\"https:\\\/\\\/teiaeducation.ch\\\/wp-content\\\/uploads\\\/2020\\\/01\\\/400_406506_main_or_1-scaled-e1643641363613.jpg\",\"width\":900,\"height\":900,\"caption\":\"Schaufel: gelb (80 cm) - Nienhuis Montessori\"},{\"@type\":\"BreadcrumbList\",\"@id\":\"https:\\\/\\\/teiaeducation.ch\\\/de\\\/produkt\\\/schaufel-gelb-80-cm-nienhuis-montessori\\\/#breadcrumb\",\"itemListElement\":[{\"@type\":\"ListItem\",\"position\":1,\"name\":\"Home\",\"item\":\"https:\\\/\\\/teiaeducation.ch\\\/de\\\/\"},{\"@type\":\"ListItem\",\"position\":2,\"name\":\"Laden\",\"item\":\"https:\\\/\\\/teiaeducation.ch\\\/de\\\/shop\\\/\"},{\"@type\":\"ListItem\",\"position\":3,\"name\":\"Lernthemen\",\"item\":\"https:\\\/\\\/teiaeducation.ch\\\/de\\\/produkt-kategorie\\\/lernthemen\\\/\"},{\"@type\":\"ListItem\",\"position\":4,\"name\":\"Kultur &amp; Wissenschaft\",\"item\":\"https:\\\/\\\/teiaeducation.ch\\\/de\\\/produkt-kategorie\\\/lernthemen\\\/kultur-wissenschaft\\\/\"},{\"@type\":\"ListItem\",\"position\":5,\"name\":\"Botanik\",\"item\":\"https:\\\/\\\/teiaeducation.ch\\\/de\\\/produkt-kategorie\\\/lernthemen\\\/kultur-wissenschaft\\\/botanik\\\/\"},{\"@type\":\"ListItem\",\"position\":6,\"name\":\"Schaufel: gelb (80 cm) &#8211; Nienhuis Montessori\"}]},{\"@type\":\"WebSite\",\"@id\":\"https:\\\/\\\/teiaeducation.ch\\\/de\\\/#website\",\"url\":\"https:\\\/\\\/teiaeducation.ch\\\/de\\\/\",\"name\":\"Sustainable Educational Products &amp; Ecological Toys\u00a0\",\"description\":\"Specialised Swiss shop selling sustainable educational toys and games, AMI certified Montessori materials, handmade ecological wooden Waldorf toys and arts &amp; crafts supplies, school supplies, children&#039;s furniture and Montessori reference and parenting books.\",\"publisher\":{\"@id\":\"https:\\\/\\\/teiaeducation.ch\\\/de\\\/#organization\"},\"alternateName\":\"Teia Education & Play\",\"potentialAction\":[{\"@type\":\"SearchAction\",\"target\":{\"@type\":\"EntryPoint\",\"urlTemplate\":\"https:\\\/\\\/teiaeducation.ch\\\/de\\\/?s={search_term_string}\"},\"query-input\":{\"@type\":\"PropertyValueSpecification\",\"valueRequired\":true,\"valueName\":\"search_term_string\"}}],\"inLanguage\":\"de-CH\"},{\"@type\":\"Organization\",\"@id\":\"https:\\\/\\\/teiaeducation.ch\\\/de\\\/#organization\",\"name\":\"Teia Education & Play\",\"url\":\"https:\\\/\\\/teiaeducation.ch\\\/de\\\/\",\"logo\":{\"@type\":\"ImageObject\",\"inLanguage\":\"de-CH\",\"@id\":\"https:\\\/\\\/teiaeducation.ch\\\/de\\\/#\\\/schema\\\/logo\\\/image\\\/\",\"url\":\"https:\\\/\\\/teiaeducation.ch\\\/wp-content\\\/uploads\\\/2020\\\/11\\\/Teia-Education-Switzerland-e1620156442216.jpg\",\"contentUrl\":\"https:\\\/\\\/teiaeducation.ch\\\/wp-content\\\/uploads\\\/2020\\\/11\\\/Teia-Education-Switzerland-e1620156442216.jpg\",\"width\":166,\"height\":145,\"caption\":\"Teia Education & Play\"},\"image\":{\"@id\":\"https:\\\/\\\/teiaeducation.ch\\\/de\\\/#\\\/schema\\\/logo\\\/image\\\/\"},\"sameAs\":[\"https:\\\/\\\/www.facebook.com\\\/teiaeducation\\\/\",\"https:\\\/\\\/x.com\\\/EducationTeia\",\"https:\\\/\\\/www.instagram.com\\\/teia.education\\\/\",\"https:\\\/\\\/www.linkedin.com\\\/company\\\/35501660\",\"https:\\\/\\\/www.pinterest.ch\\\/TeiaEducation\\\/\"]}]}<\/script>\n<meta property=\"product:price:amount\" content=\"28.00\" \/>\n<meta property=\"product:price:currency\" content=\"CHF\" \/>\n<meta property=\"og:availability\" content=\"backorder\" \/>\n<meta property=\"product:availability\" content=\"available for order\" \/>\n<meta property=\"product:retailer_item_id\" content=\"b7817232ec7a\" \/>\n<meta property=\"product:condition\" content=\"new\" \/>\n<!-- \/ Yoast SEO Premium plugin. -->","yoast_head_json":{"title":"Schaufel: gelb (80 cm) - Nienhuis Montessori","description":"Der Schaufel: gelb aus dem Nienhuis Montessori-Sortiment f\u00fcr das praktische Leben ist 80 cm gro\u00df und das perfekte Werkzeug f\u00fcr junge G\u00e4rtner!","robots":{"index":"index","follow":"follow","max-snippet":"max-snippet:-1","max-image-preview":"max-image-preview:large","max-video-preview":"max-video-preview:-1"},"canonical":"https:\/\/teiaeducation.ch\/de\/produkt\/schaufel-gelb-80-cm-nienhuis-montessori\/","og_locale":"de_DE","og_type":"article","og_title":"Schaufel: gelb (80 cm) - Nienhuis Montessori","og_description":"Der Schaufel: gelb aus dem Nienhuis Montessori-Sortiment f\u00fcr das praktische Leben ist 80 cm gro\u00df und das perfekte Werkzeug f\u00fcr junge G\u00e4rtner!","og_url":"https:\/\/teiaeducation.ch\/de\/produkt\/schaufel-gelb-80-cm-nienhuis-montessori\/","og_site_name":"Sustainable Educational Products &amp; Ecological Toys\u00a0","article_publisher":"https:\/\/www.facebook.com\/teiaeducation\/","article_modified_time":"2023-10-05T12:32:10+00:00","og_image":[{"width":900,"height":900,"url":"https:\/\/teiaeducation.ch\/wp-content\/uploads\/2020\/01\/400_406506_main_or_1-scaled-e1643641363613.jpg","type":"image\/jpeg"}],"schema":{"@context":"https:\/\/schema.org","@graph":[{"@type":"WebPage","@id":"https:\/\/teiaeducation.ch\/de\/produkt\/schaufel-gelb-80-cm-nienhuis-montessori\/","url":"https:\/\/teiaeducation.ch\/de\/produkt\/schaufel-gelb-80-cm-nienhuis-montessori\/","name":"Schaufel: gelb (80 cm) - Nienhuis Montessori","isPartOf":{"@id":"https:\/\/teiaeducation.ch\/de\/#website"},"primaryImageOfPage":{"@id":"https:\/\/teiaeducation.ch\/de\/produkt\/schaufel-gelb-80-cm-nienhuis-montessori\/#primaryimage"},"image":{"@id":"https:\/\/teiaeducation.ch\/de\/produkt\/schaufel-gelb-80-cm-nienhuis-montessori\/#primaryimage"},"thumbnailUrl":"https:\/\/teiaeducation.ch\/wp-content\/uploads\/2020\/01\/400_406506_main_or_1-scaled-e1643641363613.jpg","datePublished":"2021-05-25T10:18:47+00:00","dateModified":"2023-10-05T12:32:10+00:00","description":"Der Schaufel: gelb aus dem Nienhuis Montessori-Sortiment f\u00fcr das praktische Leben ist 80 cm gro\u00df und das perfekte Werkzeug f\u00fcr junge G\u00e4rtner!","breadcrumb":{"@id":"https:\/\/teiaeducation.ch\/de\/produkt\/schaufel-gelb-80-cm-nienhuis-montessori\/#breadcrumb"},"inLanguage":"de-CH","potentialAction":[{"@type":"ReadAction","target":["https:\/\/teiaeducation.ch\/de\/produkt\/schaufel-gelb-80-cm-nienhuis-montessori\/"]}]},{"@type":"ImageObject","inLanguage":"de-CH","@id":"https:\/\/teiaeducation.ch\/de\/produkt\/schaufel-gelb-80-cm-nienhuis-montessori\/#primaryimage","url":"https:\/\/teiaeducation.ch\/wp-content\/uploads\/2020\/01\/400_406506_main_or_1-scaled-e1643641363613.jpg","contentUrl":"https:\/\/teiaeducation.ch\/wp-content\/uploads\/2020\/01\/400_406506_main_or_1-scaled-e1643641363613.jpg","width":900,"height":900,"caption":"Schaufel: gelb (80 cm) - Nienhuis Montessori"},{"@type":"BreadcrumbList","@id":"https:\/\/teiaeducation.ch\/de\/produkt\/schaufel-gelb-80-cm-nienhuis-montessori\/#breadcrumb","itemListElement":[{"@type":"ListItem","position":1,"name":"Home","item":"https:\/\/teiaeducation.ch\/de\/"},{"@type":"ListItem","position":2,"name":"Laden","item":"https:\/\/teiaeducation.ch\/de\/shop\/"},{"@type":"ListItem","position":3,"name":"Lernthemen","item":"https:\/\/teiaeducation.ch\/de\/produkt-kategorie\/lernthemen\/"},{"@type":"ListItem","position":4,"name":"Kultur &amp; Wissenschaft","item":"https:\/\/teiaeducation.ch\/de\/produkt-kategorie\/lernthemen\/kultur-wissenschaft\/"},{"@type":"ListItem","position":5,"name":"Botanik","item":"https:\/\/teiaeducation.ch\/de\/produkt-kategorie\/lernthemen\/kultur-wissenschaft\/botanik\/"},{"@type":"ListItem","position":6,"name":"Schaufel: gelb (80 cm) &#8211; Nienhuis Montessori"}]},{"@type":"WebSite","@id":"https:\/\/teiaeducation.ch\/de\/#website","url":"https:\/\/teiaeducation.ch\/de\/","name":"Sustainable Educational Products &amp; Ecological Toys\u00a0","description":"Specialised Swiss shop selling sustainable educational toys and games, AMI certified Montessori materials, handmade ecological wooden Waldorf toys and arts &amp; crafts supplies, school supplies, children&#039;s furniture and Montessori reference and parenting books.","publisher":{"@id":"https:\/\/teiaeducation.ch\/de\/#organization"},"alternateName":"Teia Education & Play","potentialAction":[{"@type":"SearchAction","target":{"@type":"EntryPoint","urlTemplate":"https:\/\/teiaeducation.ch\/de\/?s={search_term_string}"},"query-input":{"@type":"PropertyValueSpecification","valueRequired":true,"valueName":"search_term_string"}}],"inLanguage":"de-CH"},{"@type":"Organization","@id":"https:\/\/teiaeducation.ch\/de\/#organization","name":"Teia Education & Play","url":"https:\/\/teiaeducation.ch\/de\/","logo":{"@type":"ImageObject","inLanguage":"de-CH","@id":"https:\/\/teiaeducation.ch\/de\/#\/schema\/logo\/image\/","url":"https:\/\/teiaeducation.ch\/wp-content\/uploads\/2020\/11\/Teia-Education-Switzerland-e1620156442216.jpg","contentUrl":"https:\/\/teiaeducation.ch\/wp-content\/uploads\/2020\/11\/Teia-Education-Switzerland-e1620156442216.jpg","width":166,"height":145,"caption":"Teia Education & Play"},"image":{"@id":"https:\/\/teiaeducation.ch\/de\/#\/schema\/logo\/image\/"},"sameAs":["https:\/\/www.facebook.com\/teiaeducation\/","https:\/\/x.com\/EducationTeia","https:\/\/www.instagram.com\/teia.education\/","https:\/\/www.linkedin.com\/company\/35501660","https:\/\/www.pinterest.ch\/TeiaEducation\/"]}]},"product_price_amount":"28.00","product_price_currency":"CHF","og_availability":"backorder","product_availability":"available for order","product_retailer_item_id":"b7817232ec7a","product_condition":"new"},"_links":{"self":[{"href":"https:\/\/teiaeducation.ch\/de\/wp-json\/wp\/v2\/product\/56520","targetHints":{"allow":["GET"]}}],"collection":[{"href":"https:\/\/teiaeducation.ch\/de\/wp-json\/wp\/v2\/product"}],"about":[{"href":"https:\/\/teiaeducation.ch\/de\/wp-json\/wp\/v2\/types\/product"}],"replies":[{"embeddable":true,"href":"https:\/\/teiaeducation.ch\/de\/wp-json\/wp\/v2\/comments?post=56520"}],"wp:featuredmedia":[{"embeddable":true,"href":"https:\/\/teiaeducation.ch\/de\/wp-json\/wp\/v2\/media\/43810"}],"wp:attachment":[{"href":"https:\/\/teiaeducation.ch\/de\/wp-json\/wp\/v2\/media?parent=56520"}],"wp:term":[{"taxonomy":"product_brand","embeddable":true,"href":"https:\/\/teiaeducation.ch\/de\/wp-json\/wp\/v2\/product_brand?post=56520"},{"taxonomy":"product_cat","embeddable":true,"href":"https:\/\/teiaeducation.ch\/de\/wp-json\/wp\/v2\/product_cat?post=56520"},{"taxonomy":"product_tag","embeddable":true,"href":"https:\/\/teiaeducation.ch\/de\/wp-json\/wp\/v2\/product_tag?post=56520"}],"curies":[{"name":"wp","href":"https:\/\/api.w.org\/{rel}","templated":true}]}}