{"id":56534,"date":"2020-04-28T13:20:54","date_gmt":"2020-04-28T11:20:54","guid":{"rendered":"https:\/\/teiaeducation.ch\/product\/holzpinzette-zur-foerderung-der-feinmotorik-4er-set-educo\/"},"modified":"2024-10-05T18:27:37","modified_gmt":"2024-10-05T16:27:37","slug":"holzpinzette-zur-forderung-der-feinmotorik-4er-set-educo","status":"publish","type":"product","link":"https:\/\/teiaeducation.ch\/de\/produkt\/holzpinzette-zur-forderung-der-feinmotorik-4er-set-educo\/","title":{"rendered":"Holzpinzette zur F\u00f6rderung der Feinmotorik: 4er-Set &#8211; Educo"},"content":{"rendered":"<p>Die hochwertige Educo Holzpinzette zur F\u00f6rderung der Feinmotorik (4er-Set) verleihen dem Spielen, Lernen und Aktivit\u00e4ten den \u00dcbungen des praktischen Lebens Montessori eine neue Dimension!<\/p>\n<p>Kleine Objekte wie Perlen, Ringe, M\u00fcnzen, Puzzleteile usw. k\u00f6nnen mit der Pinzette statt mit den Fingern gegriffen und weitergegeben werden, um die <a href=\"https:\/\/teiaeducation.ch\/product-category\/brands\/educo\/motor-play\/\">Feinmotorik<\/a> zu \u00fcben und zu entwickeln.<\/p>\n<p>Die Holzpinzette sind 14 cm lang und liegen gut in der Hand von Kleinkindern. Sie sind f\u00fcr Kinder ab 4 Jahren geeignet.<\/p>\n<p>Inhalt:<\/p>\n<p>4 Holzpinzette<\/p>\n<h2>\u00dcber Educo<\/h2>\n<p>Die niederl\u00e4ndische Marke <a href=\"https:\/\/teiaeducation.ch\/product-category\/brands\/educo\/\">Educo<\/a> steht f\u00fcr eine bunte Welt des spielerischen <a href=\"https:\/\/teiaeducation.ch\/product-category\/learning-themes\/\">Lernens<\/a>, herausfordernde Lernspiele und Spielzeuge! Die hochwertigen und langlebigen Educo Produkte orientieren sich an Alltagssituationen und helfen Babys und Kindern, Spiele mit regul\u00e4ren Themen zu verbinden und den Lernprozess in eine Simulation ihrer nat\u00fcrlichen Umgebung zu verwandeln.<\/p>\n<p>Das Educo-Sortiment ist in drei Entwicklungsbereiche unterteilt: <a href=\"https:\/\/teiaeducation.ch\/product-category\/brands\/educo\/motor-play\/\">Motorik<\/a>, <a href=\"https:\/\/teiaeducation.ch\/product-category\/brands\/educo\/language-play\/\">Sprache<\/a> und <a href=\"https:\/\/teiaeducation.ch\/product-category\/brands\/educo\/mathematical-play\/\">Mathematik<\/a>. Im Jahr 2023 wurde ein umfassendes Sortiment an <a href=\"https:\/\/teiaeducation.ch\/product-category\/brands\/educo\/montessori-toys-range-0-3-years\/\">Montessori Spielzeug<\/a> f\u00fcr Kinder im Alter von 0 bis 3 Jahren eingef\u00fchrt, um das Wachstum und die Entwicklung der Kleinen bestm\u00f6glich zu f\u00f6rdern.<\/p>\n<p>Die aktiven, spielerischen Lernprodukte von Educo sind haupts\u00e4chlich aus Holz gefertigt und bestehen aus nachhaltigen Materialien wie Farben und Lacken auf Wasserbasis. Die <a href=\"https:\/\/teiaeducation.ch\/product-category\/hgh-quality-toys-play\/\">Spielzeuge<\/a> sind so konzipiert, dass sie \u00fcber viele Jahre hinweg robust verwendet werden k\u00f6nnen, spielerisches Lernen f\u00f6rdern und Kinder im Alter von 0-12 Jahren zu Wachstum und Erfolg inspirieren.<\/p>\n<p>Sie erf\u00fcllen die Anforderungen der verschiedenen europ\u00e4ischen und internationalen Sicherheitsvorschriften f\u00fcr Spielzeug und entsprechen der Richtlinie 2009\/48\/EG \u00fcber die Sicherheit von Spielzeug, einschlie\u00dflich EN81 und ASTM.<\/p>\n","protected":false},"excerpt":{"rendered":"<p>Artikelnummer: E523349<\/p>\n<p>Die hochwertige Educo Holzpinzette zur F\u00f6rderung der Feinmotorik verleihen dem Spielen, Lernen und Aktivit\u00e4ten Montessori eine neue Dimension!<\/p>\n","protected":false},"featured_media":56535,"comment_status":"closed","ping_status":"closed","template":"","meta":[],"product_brand":[],"product_cat":[21445,22033,23651,21479,21599,21670,21486,21491,21484,22422,21464,21509,21498,21481,22182,21559,21609,21443,21563,22362,21494,21495,21557,23636,21697,21678,21497,21482,21564,21483],"product_tag":[26406,26407,26408,26411,26409,26410],"class_list":{"0":"post-56534","1":"product","2":"type-product","3":"status-publish","4":"has-post-thumbnail","6":"product_cat-3-6-jahre-vorschule","7":"product_cat-adventskalender-geschenke-strumpffueller","8":"product_cat-back-to-school-de","9":"product_cat-lernmaterialien-spielzeug-montessori-waldorf-steiner-froebel","10":"product_cat-educo-de","11":"product_cat-fruehjahrskollektion","12":"product_cat-geschenk-guide-1-3-jahre-kleinkind","13":"product_cat-geschenk-guide-lerngeschenke","14":"product_cat-geschenk-guides","15":"product_cat-geschenke-fuer-das-osterkoerbchen","16":"product_cat-herbstkollektion","17":"product_cat-lernthemen","18":"product_cat-montessori-materialien-fuer-zuhause-schulbedarf-fuer-zuhause","19":"product_cat-montessori-paedagogik-material-spielzeug","20":"product_cat-montessori-spielzeug","21":"product_cat-motorische-fertigkeiten","22":"product_cat-motorisches-spiel","23":"product_cat-nach-alter","24":"product_cat-neuheiten","25":"product_cat-saisonale-kollektionen","26":"product_cat-schulbedarf-fuer-zuhause","27":"product_cat-schulbedarf-fuer-zuhause-3-6-jahre","28":"product_cat-sensorische-motorische-fertigkeiten","29":"product_cat-sommer-kollektion","30":"product_cat-sortieren","31":"product_cat-kinder-spielzeug","32":"product_cat-spielen-und-lernen-fuer-babys-kleinkinder","33":"product_cat-traditionelle-bildung","34":"product_cat-unsere-marken","35":"product_cat-waldorf-steiner-paedagogik","36":"product_tag-educo-de","37":"product_tag-feinmotorik-de","38":"product_tag-feinmotorische-fahigkeiten","39":"product_tag-holzpinzette","40":"product_tag-motorisches-spiel","41":"product_tag-padagogisches-holzspielzeug-lernspielzeug-aus-holz","43":"first","44":"instock","45":"taxable","46":"shipping-taxable","47":"purchasable","48":"product-type-simple"},"yoast_head":"<!-- This site is optimized with the Yoast SEO plugin v27.1.1 - https:\/\/yoast.com\/product\/yoast-seo-wordpress\/ -->\n<title>Holzpinzette zur F\u00f6rderung der Feinmotorik: 4er-Set - Educo<\/title>\n<meta name=\"description\" content=\"Die hochwertige Educo Holzpinzette zur F\u00f6rderung der Feinmotorik verleihen dem Spielen, Lernen und Aktivit\u00e4ten Montessori eine neue Dimension!\" \/>\n<meta name=\"robots\" content=\"index, follow, max-snippet:-1, max-image-preview:large, max-video-preview:-1\" \/>\n<link rel=\"canonical\" href=\"https:\/\/teiaeducation.ch\/de\/produkt\/holzpinzette-zur-forderung-der-feinmotorik-4er-set-educo\/\" \/>\n<meta property=\"og:locale\" content=\"de_DE\" \/>\n<meta property=\"og:type\" content=\"article\" \/>\n<meta property=\"og:title\" content=\"Holzpinzette zur F\u00f6rderung der Feinmotorik: 4er-Set - Educo\" \/>\n<meta property=\"og:description\" content=\"Die hochwertige Educo Holzpinzette zur F\u00f6rderung der Feinmotorik verleihen dem Spielen, Lernen und Aktivit\u00e4ten Montessori eine neue Dimension!\" \/>\n<meta property=\"og:url\" content=\"https:\/\/teiaeducation.ch\/de\/produkt\/holzpinzette-zur-forderung-der-feinmotorik-4er-set-educo\/\" \/>\n<meta property=\"og:site_name\" content=\"Sustainable Educational Products &amp; Ecological Toys\u00a0\" \/>\n<meta property=\"article:publisher\" content=\"https:\/\/www.facebook.com\/teiaeducation\/\" \/>\n<meta property=\"article:modified_time\" content=\"2024-10-05T16:27:37+00:00\" \/>\n<meta property=\"og:image\" content=\"https:\/\/teiaeducation.ch\/wp-content\/uploads\/2019\/05\/Tweezers-4-Educo-scaled-scaled.jpg\" \/>\n\t<meta property=\"og:image:width\" content=\"2048\" \/>\n\t<meta property=\"og:image:height\" content=\"2048\" \/>\n\t<meta property=\"og:image:type\" content=\"image\/jpeg\" \/>\n<script type=\"application\/ld+json\" class=\"yoast-schema-graph\">{\"@context\":\"https:\/\/schema.org\",\"@graph\":[{\"@type\":\"WebPage\",\"@id\":\"https:\/\/teiaeducation.ch\/de\/produkt\/holzpinzette-zur-forderung-der-feinmotorik-4er-set-educo\/\",\"url\":\"https:\/\/teiaeducation.ch\/de\/produkt\/holzpinzette-zur-forderung-der-feinmotorik-4er-set-educo\/\",\"name\":\"Holzpinzette zur F\u00f6rderung der Feinmotorik: 4er-Set - Educo\",\"isPartOf\":{\"@id\":\"https:\/\/teiaeducation.ch\/de\/#website\"},\"primaryImageOfPage\":{\"@id\":\"https:\/\/teiaeducation.ch\/de\/produkt\/holzpinzette-zur-forderung-der-feinmotorik-4er-set-educo\/#primaryimage\"},\"image\":{\"@id\":\"https:\/\/teiaeducation.ch\/de\/produkt\/holzpinzette-zur-forderung-der-feinmotorik-4er-set-educo\/#primaryimage\"},\"thumbnailUrl\":\"https:\/\/teiaeducation.ch\/wp-content\/uploads\/2019\/05\/Tweezers-4-Educo-scaled-scaled.jpg\",\"datePublished\":\"2020-04-28T11:20:54+00:00\",\"dateModified\":\"2024-10-05T16:27:37+00:00\",\"description\":\"Die hochwertige Educo Holzpinzette zur F\u00f6rderung der Feinmotorik verleihen dem Spielen, Lernen und Aktivit\u00e4ten Montessori eine neue Dimension!\",\"breadcrumb\":{\"@id\":\"https:\/\/teiaeducation.ch\/de\/produkt\/holzpinzette-zur-forderung-der-feinmotorik-4er-set-educo\/#breadcrumb\"},\"inLanguage\":\"de-CH\",\"potentialAction\":[{\"@type\":\"ReadAction\",\"target\":[\"https:\/\/teiaeducation.ch\/de\/produkt\/holzpinzette-zur-forderung-der-feinmotorik-4er-set-educo\/\"]}]},{\"@type\":\"ImageObject\",\"inLanguage\":\"de-CH\",\"@id\":\"https:\/\/teiaeducation.ch\/de\/produkt\/holzpinzette-zur-forderung-der-feinmotorik-4er-set-educo\/#primaryimage\",\"url\":\"https:\/\/teiaeducation.ch\/wp-content\/uploads\/2019\/05\/Tweezers-4-Educo-scaled-scaled.jpg\",\"contentUrl\":\"https:\/\/teiaeducation.ch\/wp-content\/uploads\/2019\/05\/Tweezers-4-Educo-scaled-scaled.jpg\",\"width\":2048,\"height\":2048,\"caption\":\"Holzpinzette zur F\u00f6rderung der Feinmotorik: 4er-Set - Educo\"},{\"@type\":\"BreadcrumbList\",\"@id\":\"https:\/\/teiaeducation.ch\/de\/produkt\/holzpinzette-zur-forderung-der-feinmotorik-4er-set-educo\/#breadcrumb\",\"itemListElement\":[{\"@type\":\"ListItem\",\"position\":1,\"name\":\"Home\",\"item\":\"https:\/\/teiaeducation.ch\/de\/\"},{\"@type\":\"ListItem\",\"position\":2,\"name\":\"Laden\",\"item\":\"https:\/\/teiaeducation.ch\/de\/shop\/\"},{\"@type\":\"ListItem\",\"position\":3,\"name\":\"Lernthemen\",\"item\":\"https:\/\/teiaeducation.ch\/de\/produkt-kategorie\/lernthemen\/\"},{\"@type\":\"ListItem\",\"position\":4,\"name\":\"Sensorische &amp; Motorische Fertigkeiten\",\"item\":\"https:\/\/teiaeducation.ch\/de\/produkt-kategorie\/lernthemen\/sensorische-motorische-fertigkeiten\/\"},{\"@type\":\"ListItem\",\"position\":5,\"name\":\"Motorische Fertigkeiten\",\"item\":\"https:\/\/teiaeducation.ch\/de\/produkt-kategorie\/lernthemen\/sensorische-motorische-fertigkeiten\/motorische-fertigkeiten\/\"},{\"@type\":\"ListItem\",\"position\":6,\"name\":\"Holzpinzette zur F\u00f6rderung der Feinmotorik: 4er-Set &#8211; Educo\"}]},{\"@type\":\"WebSite\",\"@id\":\"https:\/\/teiaeducation.ch\/de\/#website\",\"url\":\"https:\/\/teiaeducation.ch\/de\/\",\"name\":\"Sustainable Educational Products &amp; Ecological Toys\u00a0\",\"description\":\"Specialised Swiss shop selling sustainable educational toys and games, AMI certified Montessori materials, handmade ecological wooden Waldorf toys and arts &amp; crafts supplies, school supplies, children&#039;s furniture and Montessori reference and parenting books.\",\"publisher\":{\"@id\":\"https:\/\/teiaeducation.ch\/de\/#organization\"},\"alternateName\":\"Teia Education & Play\",\"potentialAction\":[{\"@type\":\"SearchAction\",\"target\":{\"@type\":\"EntryPoint\",\"urlTemplate\":\"https:\/\/teiaeducation.ch\/de\/?s={search_term_string}\"},\"query-input\":{\"@type\":\"PropertyValueSpecification\",\"valueRequired\":true,\"valueName\":\"search_term_string\"}}],\"inLanguage\":\"de-CH\"},{\"@type\":\"Organization\",\"@id\":\"https:\/\/teiaeducation.ch\/de\/#organization\",\"name\":\"Teia Education & Play\",\"url\":\"https:\/\/teiaeducation.ch\/de\/\",\"logo\":{\"@type\":\"ImageObject\",\"inLanguage\":\"de-CH\",\"@id\":\"https:\/\/teiaeducation.ch\/de\/#\/schema\/logo\/image\/\",\"url\":\"https:\/\/teiaeducation.ch\/wp-content\/uploads\/2020\/11\/Teia-Education-Switzerland-e1620156442216.jpg\",\"contentUrl\":\"https:\/\/teiaeducation.ch\/wp-content\/uploads\/2020\/11\/Teia-Education-Switzerland-e1620156442216.jpg\",\"width\":166,\"height\":145,\"caption\":\"Teia Education & Play\"},\"image\":{\"@id\":\"https:\/\/teiaeducation.ch\/de\/#\/schema\/logo\/image\/\"},\"sameAs\":[\"https:\/\/www.facebook.com\/teiaeducation\/\",\"https:\/\/x.com\/EducationTeia\",\"https:\/\/www.instagram.com\/teia.education\/\",\"https:\/\/www.linkedin.com\/company\/35501660\",\"https:\/\/www.pinterest.ch\/TeiaEducation\/\"]}]}<\/script>\n<!-- \/ Yoast SEO plugin. -->","yoast_head_json":{"title":"Holzpinzette zur F\u00f6rderung der Feinmotorik: 4er-Set - Educo","description":"Die hochwertige Educo Holzpinzette zur F\u00f6rderung der Feinmotorik verleihen dem Spielen, Lernen und Aktivit\u00e4ten Montessori eine neue Dimension!","robots":{"index":"index","follow":"follow","max-snippet":"max-snippet:-1","max-image-preview":"max-image-preview:large","max-video-preview":"max-video-preview:-1"},"canonical":"https:\/\/teiaeducation.ch\/de\/produkt\/holzpinzette-zur-forderung-der-feinmotorik-4er-set-educo\/","og_locale":"de_DE","og_type":"article","og_title":"Holzpinzette zur F\u00f6rderung der Feinmotorik: 4er-Set - Educo","og_description":"Die hochwertige Educo Holzpinzette zur F\u00f6rderung der Feinmotorik verleihen dem Spielen, Lernen und Aktivit\u00e4ten Montessori eine neue Dimension!","og_url":"https:\/\/teiaeducation.ch\/de\/produkt\/holzpinzette-zur-forderung-der-feinmotorik-4er-set-educo\/","og_site_name":"Sustainable Educational Products &amp; Ecological Toys\u00a0","article_publisher":"https:\/\/www.facebook.com\/teiaeducation\/","article_modified_time":"2024-10-05T16:27:37+00:00","og_image":[{"width":2048,"height":2048,"url":"https:\/\/teiaeducation.ch\/wp-content\/uploads\/2019\/05\/Tweezers-4-Educo-scaled-scaled.jpg","type":"image\/jpeg"}],"schema":{"@context":"https:\/\/schema.org","@graph":[{"@type":"WebPage","@id":"https:\/\/teiaeducation.ch\/de\/produkt\/holzpinzette-zur-forderung-der-feinmotorik-4er-set-educo\/","url":"https:\/\/teiaeducation.ch\/de\/produkt\/holzpinzette-zur-forderung-der-feinmotorik-4er-set-educo\/","name":"Holzpinzette zur F\u00f6rderung der Feinmotorik: 4er-Set - Educo","isPartOf":{"@id":"https:\/\/teiaeducation.ch\/de\/#website"},"primaryImageOfPage":{"@id":"https:\/\/teiaeducation.ch\/de\/produkt\/holzpinzette-zur-forderung-der-feinmotorik-4er-set-educo\/#primaryimage"},"image":{"@id":"https:\/\/teiaeducation.ch\/de\/produkt\/holzpinzette-zur-forderung-der-feinmotorik-4er-set-educo\/#primaryimage"},"thumbnailUrl":"https:\/\/teiaeducation.ch\/wp-content\/uploads\/2019\/05\/Tweezers-4-Educo-scaled-scaled.jpg","datePublished":"2020-04-28T11:20:54+00:00","dateModified":"2024-10-05T16:27:37+00:00","description":"Die hochwertige Educo Holzpinzette zur F\u00f6rderung der Feinmotorik verleihen dem Spielen, Lernen und Aktivit\u00e4ten Montessori eine neue Dimension!","breadcrumb":{"@id":"https:\/\/teiaeducation.ch\/de\/produkt\/holzpinzette-zur-forderung-der-feinmotorik-4er-set-educo\/#breadcrumb"},"inLanguage":"de-CH","potentialAction":[{"@type":"ReadAction","target":["https:\/\/teiaeducation.ch\/de\/produkt\/holzpinzette-zur-forderung-der-feinmotorik-4er-set-educo\/"]}]},{"@type":"ImageObject","inLanguage":"de-CH","@id":"https:\/\/teiaeducation.ch\/de\/produkt\/holzpinzette-zur-forderung-der-feinmotorik-4er-set-educo\/#primaryimage","url":"https:\/\/teiaeducation.ch\/wp-content\/uploads\/2019\/05\/Tweezers-4-Educo-scaled-scaled.jpg","contentUrl":"https:\/\/teiaeducation.ch\/wp-content\/uploads\/2019\/05\/Tweezers-4-Educo-scaled-scaled.jpg","width":2048,"height":2048,"caption":"Holzpinzette zur F\u00f6rderung der Feinmotorik: 4er-Set - Educo"},{"@type":"BreadcrumbList","@id":"https:\/\/teiaeducation.ch\/de\/produkt\/holzpinzette-zur-forderung-der-feinmotorik-4er-set-educo\/#breadcrumb","itemListElement":[{"@type":"ListItem","position":1,"name":"Home","item":"https:\/\/teiaeducation.ch\/de\/"},{"@type":"ListItem","position":2,"name":"Laden","item":"https:\/\/teiaeducation.ch\/de\/shop\/"},{"@type":"ListItem","position":3,"name":"Lernthemen","item":"https:\/\/teiaeducation.ch\/de\/produkt-kategorie\/lernthemen\/"},{"@type":"ListItem","position":4,"name":"Sensorische &amp; Motorische Fertigkeiten","item":"https:\/\/teiaeducation.ch\/de\/produkt-kategorie\/lernthemen\/sensorische-motorische-fertigkeiten\/"},{"@type":"ListItem","position":5,"name":"Motorische Fertigkeiten","item":"https:\/\/teiaeducation.ch\/de\/produkt-kategorie\/lernthemen\/sensorische-motorische-fertigkeiten\/motorische-fertigkeiten\/"},{"@type":"ListItem","position":6,"name":"Holzpinzette zur F\u00f6rderung der Feinmotorik: 4er-Set &#8211; Educo"}]},{"@type":"WebSite","@id":"https:\/\/teiaeducation.ch\/de\/#website","url":"https:\/\/teiaeducation.ch\/de\/","name":"Sustainable Educational Products &amp; Ecological Toys\u00a0","description":"Specialised Swiss shop selling sustainable educational toys and games, AMI certified Montessori materials, handmade ecological wooden Waldorf toys and arts &amp; crafts supplies, school supplies, children&#039;s furniture and Montessori reference and parenting books.","publisher":{"@id":"https:\/\/teiaeducation.ch\/de\/#organization"},"alternateName":"Teia Education & Play","potentialAction":[{"@type":"SearchAction","target":{"@type":"EntryPoint","urlTemplate":"https:\/\/teiaeducation.ch\/de\/?s={search_term_string}"},"query-input":{"@type":"PropertyValueSpecification","valueRequired":true,"valueName":"search_term_string"}}],"inLanguage":"de-CH"},{"@type":"Organization","@id":"https:\/\/teiaeducation.ch\/de\/#organization","name":"Teia Education & Play","url":"https:\/\/teiaeducation.ch\/de\/","logo":{"@type":"ImageObject","inLanguage":"de-CH","@id":"https:\/\/teiaeducation.ch\/de\/#\/schema\/logo\/image\/","url":"https:\/\/teiaeducation.ch\/wp-content\/uploads\/2020\/11\/Teia-Education-Switzerland-e1620156442216.jpg","contentUrl":"https:\/\/teiaeducation.ch\/wp-content\/uploads\/2020\/11\/Teia-Education-Switzerland-e1620156442216.jpg","width":166,"height":145,"caption":"Teia Education & Play"},"image":{"@id":"https:\/\/teiaeducation.ch\/de\/#\/schema\/logo\/image\/"},"sameAs":["https:\/\/www.facebook.com\/teiaeducation\/","https:\/\/x.com\/EducationTeia","https:\/\/www.instagram.com\/teia.education\/","https:\/\/www.linkedin.com\/company\/35501660","https:\/\/www.pinterest.ch\/TeiaEducation\/"]}]}},"_links":{"self":[{"href":"https:\/\/teiaeducation.ch\/de\/wp-json\/wp\/v2\/product\/56534","targetHints":{"allow":["GET"]}}],"collection":[{"href":"https:\/\/teiaeducation.ch\/de\/wp-json\/wp\/v2\/product"}],"about":[{"href":"https:\/\/teiaeducation.ch\/de\/wp-json\/wp\/v2\/types\/product"}],"replies":[{"embeddable":true,"href":"https:\/\/teiaeducation.ch\/de\/wp-json\/wp\/v2\/comments?post=56534"}],"wp:featuredmedia":[{"embeddable":true,"href":"https:\/\/teiaeducation.ch\/de\/wp-json\/wp\/v2\/media\/56535"}],"wp:attachment":[{"href":"https:\/\/teiaeducation.ch\/de\/wp-json\/wp\/v2\/media?parent=56534"}],"wp:term":[{"taxonomy":"product_brand","embeddable":true,"href":"https:\/\/teiaeducation.ch\/de\/wp-json\/wp\/v2\/product_brand?post=56534"},{"taxonomy":"product_cat","embeddable":true,"href":"https:\/\/teiaeducation.ch\/de\/wp-json\/wp\/v2\/product_cat?post=56534"},{"taxonomy":"product_tag","embeddable":true,"href":"https:\/\/teiaeducation.ch\/de\/wp-json\/wp\/v2\/product_tag?post=56534"}],"curies":[{"name":"wp","href":"https:\/\/api.w.org\/{rel}","templated":true}]}}