{"id":56718,"date":"2021-05-25T12:02:33","date_gmt":"2021-05-25T10:02:33","guid":{"rendered":"https:\/\/teiaeducation.ch\/product\/kleinkind-anziehrahmen-mit-klettverschluss-nienhuis-montessori\/"},"modified":"2023-10-19T15:25:33","modified_gmt":"2023-10-19T13:25:33","slug":"kleinkind-anziehrahmen-mit-klettverschluss-nienhuis-montessori","status":"publish","type":"product","link":"https:\/\/teiaeducation.ch\/de\/produkt\/kleinkind-anziehrahmen-mit-klettverschluss-nienhuis-montessori\/","title":{"rendered":"Kleinkind-Anziehrahmen mit Klettverschluss &#8211; Nienhuis Montessori"},"content":{"rendered":"<p>Der Nienhuis Montessori Kleinkind-Anziehrahmen mit Klettverschluss aus der Reihe der <a href=\"https:\/\/teiaeducation.ch\/product-category\/brands\/nienhuis-montessori-educational-materials\/practical-life\/\">lebenspraktischen<\/a> Materialien f\u00fcr Kleinkinder wurde speziell f\u00fcr den Gebrauch von Kleinkindern entwickelt. Der Abrichtrahmen besteht aus einem massiven Holzrahmen mit abgerundeten Kanten f\u00fcr eine sichere Benutzung auch durch die kleinsten H\u00e4nde. Der weiche Stoff ist am Rahmen befestigt und kann abgenommen und gewaschen werden. Der Rahmen ist mit einem Velcro\u2122-Klettverschluss versehen, der einfach zu befestigen und f\u00fcr kleine Kinder leicht zu greifen ist.<\/p>\n<p>Die Anziehrahmen f\u00fcr Kleinkinder f\u00f6rdern die Auge-Hand-Koordination, bereiten das Kind auf das selbstst\u00e4ndige Anziehen vor und entwickeln die Feinmotorik.<\/p>\n<p>Die Niederl\u00e4ndische Marke <a href=\"https:\/\/teiaeducation.ch\/product-category\/brands\/nienhuis-montessori-educational-materials\/\">Nienhuis Montessori<\/a> ist die weltweit f\u00fchrende Montessori-Marke, die das Erbe von Maria Montessori ehrt und fortf\u00fchrt und das breiteste und innovativste Sortiment an Montessori-Materialien, <a href=\"https:\/\/teiaeducation.ch\/product-category\/classroom-essentials\/montessori-furniture\/\">M\u00f6beln<\/a> und verwandten Produkten herstellt. Die hochwertigen Nienhuis Montessori Produkte geben den Kindern die Werkzeuge, die sie brauchen, um Unabhangig und kritisch zu denken. Alle Nienhuis Montessori Materialien sind vom Materialkomitee der Association Montessori Internationale (<a href=\"https:\/\/montessori-ami.org\/\">AMI<\/a>) zertifiziert und werden sorgf\u00e4ltig hergestellt, um Schwierigkeiten zu isolieren, so dass die Kinder sich konzentrieren, lernen und sich entwickeln k\u00f6nnen.<\/p>\n<p><a href=\"https:\/\/teiaeducation.ch\/product-category\/brands\/nienhuis-montessori-educational-materials\/\">Nienhuis Montessori<\/a> ist eine der Marken des Niederlandischen Unternehmens Heutink International, das weltweit die besten pedagogischen Marken anbietet, die auf spielerisches Lernen ausgerichtet sind.<\/p>\n<p>Der <a href=\"https:\/\/teiaeducation.ch\/product\/stand-for-6-infant-toddler-dressing-frames-nienhuis-montessori\/\">St\u00e4nder<\/a> f\u00fcr die Serie der sechs Kleinkind-Anziehrahmen mit Clips kann ebenfalls \u00fcber unseren Webshop bestellt werden.<\/p>\n<p>Dieses Material ist f\u00fcr Kleinkinder ab 2 Jahren geeignet.<\/p>\n<p>Inhalt:<\/p>\n<p>1 Ankleiderahmen (29 x 29 x 3 cm)<\/p>\n","protected":false},"excerpt":{"rendered":"<p>Artikelnummer: 046700<\/p>\n<p>Der Nienhuis Montessori Kleinkind-Anziehrahmen mit Klettverschluss aus der Reihe der lebenspraktischen Materialien f\u00fcr Kleinkinder bereitet das Kind auf das selbstst\u00e4ndige Anziehen vor.<\/p>\n","protected":false},"featured_media":56719,"comment_status":"closed","ping_status":"closed","template":"","meta":[],"product_brand":[],"product_cat":[21444,21479,21650,21509,21498,21481,21559,21443,21572,21494,21557,21497,21556,21654,21564],"product_tag":[26119,23473,26515,23100,26517,23120,23469,26189,26041,21889,26120,26516,23119,23470,23549],"class_list":{"0":"post-56718","1":"product","2":"type-product","3":"status-publish","4":"has-post-thumbnail","6":"product_cat-1-3-jahre-kleinkind","7":"product_cat-lernmaterialien-spielzeug-montessori-waldorf-steiner-froebel","8":"product_cat-baby-kleinkind-nienhuis-montessori","9":"product_cat-lernthemen","10":"product_cat-montessori-materialien-fuer-zuhause-schulbedarf-fuer-zuhause","11":"product_cat-montessori-paedagogik-material-spielzeug","12":"product_cat-motorische-fertigkeiten","13":"product_cat-nach-alter","14":"product_cat-nienhuis-montessori-schweiz","15":"product_cat-schulbedarf-fuer-zuhause","16":"product_cat-sensorische-motorische-fertigkeiten","17":"product_cat-spielen-und-lernen-fuer-babys-kleinkinder","18":"product_cat-uebungen-des-praktischen-lebens","19":"product_cat-uebungen-des-praktischen-lebens-nienhuis-montessori","20":"product_cat-unsere-marken","21":"product_tag-bildungsprodukte","22":"product_tag-lehrmittel-schweiz","23":"product_tag-lernspielzeug","24":"product_tag-montessori-de","25":"product_tag-montessori-kleinkind-anziehrahmen-mit-klettverschluss","26":"product_tag-montessori-material-schweiz","27":"product_tag-montessori-material-schweiz-de","28":"product_tag-montessori-kleinkind-de","29":"product_tag-montessori-kleinkind-praktisches-leben","30":"product_tag-montessori-materialien","31":"product_tag-montessori-zeitalter","32":"product_tag-nienhuis-montessori-kleinkind-anziehrahmen-mit-klettverschluss","33":"product_tag-nienhuis-montessori-schweiz-de","34":"product_tag-nienhuis-montessori-schweiz-de-2","35":"product_tag-ubungen-des-praktischen-lebens-montessori","37":"first","38":"onbackorder","39":"taxable","40":"shipping-taxable","41":"purchasable","42":"product-type-simple"},"yoast_head":"<!-- This site is optimized with the Yoast SEO plugin v27.1.1 - https:\/\/yoast.com\/product\/yoast-seo-wordpress\/ -->\n<title>Kleinkind-Anziehrahmen mit Klettverschluss - Nienhuis Montessori<\/title>\n<meta name=\"description\" content=\"Der Nienhuis Montessori Kleinkind-Anziehrahmen mit Klettverschluss aus der lebenspraktischen Materialserie f\u00fcr Kleinkinder bereitet auf das selbstst\u00e4ndige Anziehen vor.\" \/>\n<meta name=\"robots\" content=\"index, follow, max-snippet:-1, max-image-preview:large, max-video-preview:-1\" \/>\n<link rel=\"canonical\" href=\"https:\/\/teiaeducation.ch\/de\/produkt\/kleinkind-anziehrahmen-mit-klettverschluss-nienhuis-montessori\/\" \/>\n<meta property=\"og:locale\" content=\"de_DE\" \/>\n<meta property=\"og:type\" content=\"article\" \/>\n<meta property=\"og:title\" content=\"Kleinkind-Anziehrahmen mit Klettverschluss - Nienhuis Montessori\" \/>\n<meta property=\"og:description\" content=\"Der Nienhuis Montessori Kleinkind-Anziehrahmen mit Klettverschluss aus der lebenspraktischen Materialserie f\u00fcr Kleinkinder bereitet auf das selbstst\u00e4ndige Anziehen vor.\" \/>\n<meta property=\"og:url\" content=\"https:\/\/teiaeducation.ch\/de\/produkt\/kleinkind-anziehrahmen-mit-klettverschluss-nienhuis-montessori\/\" \/>\n<meta property=\"og:site_name\" content=\"Sustainable Educational Products &amp; Ecological Toys\u00a0\" \/>\n<meta property=\"article:publisher\" content=\"https:\/\/www.facebook.com\/teiaeducation\/\" \/>\n<meta property=\"article:modified_time\" content=\"2023-10-19T13:25:33+00:00\" \/>\n<meta property=\"og:image\" content=\"https:\/\/teiaeducation.ch\/wp-content\/uploads\/2018\/10\/046700.jpg\" \/>\n\t<meta property=\"og:image:width\" content=\"900\" \/>\n\t<meta property=\"og:image:height\" content=\"900\" \/>\n\t<meta property=\"og:image:type\" content=\"image\/jpeg\" \/>\n<script type=\"application\/ld+json\" class=\"yoast-schema-graph\">{\"@context\":\"https:\/\/schema.org\",\"@graph\":[{\"@type\":\"WebPage\",\"@id\":\"https:\/\/teiaeducation.ch\/de\/produkt\/kleinkind-anziehrahmen-mit-klettverschluss-nienhuis-montessori\/\",\"url\":\"https:\/\/teiaeducation.ch\/de\/produkt\/kleinkind-anziehrahmen-mit-klettverschluss-nienhuis-montessori\/\",\"name\":\"Kleinkind-Anziehrahmen mit Klettverschluss - Nienhuis Montessori\",\"isPartOf\":{\"@id\":\"https:\/\/teiaeducation.ch\/de\/#website\"},\"primaryImageOfPage\":{\"@id\":\"https:\/\/teiaeducation.ch\/de\/produkt\/kleinkind-anziehrahmen-mit-klettverschluss-nienhuis-montessori\/#primaryimage\"},\"image\":{\"@id\":\"https:\/\/teiaeducation.ch\/de\/produkt\/kleinkind-anziehrahmen-mit-klettverschluss-nienhuis-montessori\/#primaryimage\"},\"thumbnailUrl\":\"https:\/\/teiaeducation.ch\/wp-content\/uploads\/2018\/10\/046700.jpg\",\"datePublished\":\"2021-05-25T10:02:33+00:00\",\"dateModified\":\"2023-10-19T13:25:33+00:00\",\"description\":\"Der Nienhuis Montessori Kleinkind-Anziehrahmen mit Klettverschluss aus der lebenspraktischen Materialserie f\u00fcr Kleinkinder bereitet auf das selbstst\u00e4ndige Anziehen vor.\",\"breadcrumb\":{\"@id\":\"https:\/\/teiaeducation.ch\/de\/produkt\/kleinkind-anziehrahmen-mit-klettverschluss-nienhuis-montessori\/#breadcrumb\"},\"inLanguage\":\"de-CH\",\"potentialAction\":[{\"@type\":\"ReadAction\",\"target\":[\"https:\/\/teiaeducation.ch\/de\/produkt\/kleinkind-anziehrahmen-mit-klettverschluss-nienhuis-montessori\/\"]}]},{\"@type\":\"ImageObject\",\"inLanguage\":\"de-CH\",\"@id\":\"https:\/\/teiaeducation.ch\/de\/produkt\/kleinkind-anziehrahmen-mit-klettverschluss-nienhuis-montessori\/#primaryimage\",\"url\":\"https:\/\/teiaeducation.ch\/wp-content\/uploads\/2018\/10\/046700.jpg\",\"contentUrl\":\"https:\/\/teiaeducation.ch\/wp-content\/uploads\/2018\/10\/046700.jpg\",\"width\":900,\"height\":900,\"caption\":\"Montessori-Kleinkind-Praxismaterial Kleinkind \/ Kleinkind-Anziehrahmen mit Klettverschluss_Nienhuis Montessori\"},{\"@type\":\"BreadcrumbList\",\"@id\":\"https:\/\/teiaeducation.ch\/de\/produkt\/kleinkind-anziehrahmen-mit-klettverschluss-nienhuis-montessori\/#breadcrumb\",\"itemListElement\":[{\"@type\":\"ListItem\",\"position\":1,\"name\":\"Home\",\"item\":\"https:\/\/teiaeducation.ch\/de\/\"},{\"@type\":\"ListItem\",\"position\":2,\"name\":\"Laden\",\"item\":\"https:\/\/teiaeducation.ch\/de\/shop\/\"},{\"@type\":\"ListItem\",\"position\":3,\"name\":\"Unsere Marken\",\"item\":\"https:\/\/teiaeducation.ch\/de\/produkt-kategorie\/unsere-marken\/\"},{\"@type\":\"ListItem\",\"position\":4,\"name\":\"Nienhuis Montessori Schweiz\",\"item\":\"https:\/\/teiaeducation.ch\/de\/produkt-kategorie\/unsere-marken\/nienhuis-montessori-schweiz\/\"},{\"@type\":\"ListItem\",\"position\":5,\"name\":\"Kleinkindmaterial\",\"item\":\"https:\/\/teiaeducation.ch\/de\/produkt-kategorie\/unsere-marken\/nienhuis-montessori-schweiz\/baby-kleinkind-nienhuis-montessori\/\"},{\"@type\":\"ListItem\",\"position\":6,\"name\":\"Kleinkind-Anziehrahmen mit Klettverschluss &#8211; Nienhuis Montessori\"}]},{\"@type\":\"WebSite\",\"@id\":\"https:\/\/teiaeducation.ch\/de\/#website\",\"url\":\"https:\/\/teiaeducation.ch\/de\/\",\"name\":\"Sustainable Educational Products &amp; Ecological Toys\u00a0\",\"description\":\"Specialised Swiss shop selling sustainable educational toys and games, AMI certified Montessori materials, handmade ecological wooden Waldorf toys and arts &amp; crafts supplies, school supplies, children&#039;s furniture and Montessori reference and parenting books.\",\"publisher\":{\"@id\":\"https:\/\/teiaeducation.ch\/de\/#organization\"},\"alternateName\":\"Teia Education & Play\",\"potentialAction\":[{\"@type\":\"SearchAction\",\"target\":{\"@type\":\"EntryPoint\",\"urlTemplate\":\"https:\/\/teiaeducation.ch\/de\/?s={search_term_string}\"},\"query-input\":{\"@type\":\"PropertyValueSpecification\",\"valueRequired\":true,\"valueName\":\"search_term_string\"}}],\"inLanguage\":\"de-CH\"},{\"@type\":\"Organization\",\"@id\":\"https:\/\/teiaeducation.ch\/de\/#organization\",\"name\":\"Teia Education & Play\",\"url\":\"https:\/\/teiaeducation.ch\/de\/\",\"logo\":{\"@type\":\"ImageObject\",\"inLanguage\":\"de-CH\",\"@id\":\"https:\/\/teiaeducation.ch\/de\/#\/schema\/logo\/image\/\",\"url\":\"https:\/\/teiaeducation.ch\/wp-content\/uploads\/2020\/11\/Teia-Education-Switzerland-e1620156442216.jpg\",\"contentUrl\":\"https:\/\/teiaeducation.ch\/wp-content\/uploads\/2020\/11\/Teia-Education-Switzerland-e1620156442216.jpg\",\"width\":166,\"height\":145,\"caption\":\"Teia Education & Play\"},\"image\":{\"@id\":\"https:\/\/teiaeducation.ch\/de\/#\/schema\/logo\/image\/\"},\"sameAs\":[\"https:\/\/www.facebook.com\/teiaeducation\/\",\"https:\/\/x.com\/EducationTeia\",\"https:\/\/www.instagram.com\/teia.education\/\",\"https:\/\/www.linkedin.com\/company\/35501660\",\"https:\/\/www.pinterest.ch\/TeiaEducation\/\"]}]}<\/script>\n<!-- \/ Yoast SEO plugin. -->","yoast_head_json":{"title":"Kleinkind-Anziehrahmen mit Klettverschluss - Nienhuis Montessori","description":"Der Nienhuis Montessori Kleinkind-Anziehrahmen mit Klettverschluss aus der lebenspraktischen Materialserie f\u00fcr Kleinkinder bereitet auf das selbstst\u00e4ndige Anziehen vor.","robots":{"index":"index","follow":"follow","max-snippet":"max-snippet:-1","max-image-preview":"max-image-preview:large","max-video-preview":"max-video-preview:-1"},"canonical":"https:\/\/teiaeducation.ch\/de\/produkt\/kleinkind-anziehrahmen-mit-klettverschluss-nienhuis-montessori\/","og_locale":"de_DE","og_type":"article","og_title":"Kleinkind-Anziehrahmen mit Klettverschluss - Nienhuis Montessori","og_description":"Der Nienhuis Montessori Kleinkind-Anziehrahmen mit Klettverschluss aus der lebenspraktischen Materialserie f\u00fcr Kleinkinder bereitet auf das selbstst\u00e4ndige Anziehen vor.","og_url":"https:\/\/teiaeducation.ch\/de\/produkt\/kleinkind-anziehrahmen-mit-klettverschluss-nienhuis-montessori\/","og_site_name":"Sustainable Educational Products &amp; Ecological Toys\u00a0","article_publisher":"https:\/\/www.facebook.com\/teiaeducation\/","article_modified_time":"2023-10-19T13:25:33+00:00","og_image":[{"width":900,"height":900,"url":"https:\/\/teiaeducation.ch\/wp-content\/uploads\/2018\/10\/046700.jpg","type":"image\/jpeg"}],"schema":{"@context":"https:\/\/schema.org","@graph":[{"@type":"WebPage","@id":"https:\/\/teiaeducation.ch\/de\/produkt\/kleinkind-anziehrahmen-mit-klettverschluss-nienhuis-montessori\/","url":"https:\/\/teiaeducation.ch\/de\/produkt\/kleinkind-anziehrahmen-mit-klettverschluss-nienhuis-montessori\/","name":"Kleinkind-Anziehrahmen mit Klettverschluss - Nienhuis Montessori","isPartOf":{"@id":"https:\/\/teiaeducation.ch\/de\/#website"},"primaryImageOfPage":{"@id":"https:\/\/teiaeducation.ch\/de\/produkt\/kleinkind-anziehrahmen-mit-klettverschluss-nienhuis-montessori\/#primaryimage"},"image":{"@id":"https:\/\/teiaeducation.ch\/de\/produkt\/kleinkind-anziehrahmen-mit-klettverschluss-nienhuis-montessori\/#primaryimage"},"thumbnailUrl":"https:\/\/teiaeducation.ch\/wp-content\/uploads\/2018\/10\/046700.jpg","datePublished":"2021-05-25T10:02:33+00:00","dateModified":"2023-10-19T13:25:33+00:00","description":"Der Nienhuis Montessori Kleinkind-Anziehrahmen mit Klettverschluss aus der lebenspraktischen Materialserie f\u00fcr Kleinkinder bereitet auf das selbstst\u00e4ndige Anziehen vor.","breadcrumb":{"@id":"https:\/\/teiaeducation.ch\/de\/produkt\/kleinkind-anziehrahmen-mit-klettverschluss-nienhuis-montessori\/#breadcrumb"},"inLanguage":"de-CH","potentialAction":[{"@type":"ReadAction","target":["https:\/\/teiaeducation.ch\/de\/produkt\/kleinkind-anziehrahmen-mit-klettverschluss-nienhuis-montessori\/"]}]},{"@type":"ImageObject","inLanguage":"de-CH","@id":"https:\/\/teiaeducation.ch\/de\/produkt\/kleinkind-anziehrahmen-mit-klettverschluss-nienhuis-montessori\/#primaryimage","url":"https:\/\/teiaeducation.ch\/wp-content\/uploads\/2018\/10\/046700.jpg","contentUrl":"https:\/\/teiaeducation.ch\/wp-content\/uploads\/2018\/10\/046700.jpg","width":900,"height":900,"caption":"Montessori-Kleinkind-Praxismaterial Kleinkind \/ Kleinkind-Anziehrahmen mit Klettverschluss_Nienhuis Montessori"},{"@type":"BreadcrumbList","@id":"https:\/\/teiaeducation.ch\/de\/produkt\/kleinkind-anziehrahmen-mit-klettverschluss-nienhuis-montessori\/#breadcrumb","itemListElement":[{"@type":"ListItem","position":1,"name":"Home","item":"https:\/\/teiaeducation.ch\/de\/"},{"@type":"ListItem","position":2,"name":"Laden","item":"https:\/\/teiaeducation.ch\/de\/shop\/"},{"@type":"ListItem","position":3,"name":"Unsere Marken","item":"https:\/\/teiaeducation.ch\/de\/produkt-kategorie\/unsere-marken\/"},{"@type":"ListItem","position":4,"name":"Nienhuis Montessori Schweiz","item":"https:\/\/teiaeducation.ch\/de\/produkt-kategorie\/unsere-marken\/nienhuis-montessori-schweiz\/"},{"@type":"ListItem","position":5,"name":"Kleinkindmaterial","item":"https:\/\/teiaeducation.ch\/de\/produkt-kategorie\/unsere-marken\/nienhuis-montessori-schweiz\/baby-kleinkind-nienhuis-montessori\/"},{"@type":"ListItem","position":6,"name":"Kleinkind-Anziehrahmen mit Klettverschluss &#8211; Nienhuis Montessori"}]},{"@type":"WebSite","@id":"https:\/\/teiaeducation.ch\/de\/#website","url":"https:\/\/teiaeducation.ch\/de\/","name":"Sustainable Educational Products &amp; Ecological Toys\u00a0","description":"Specialised Swiss shop selling sustainable educational toys and games, AMI certified Montessori materials, handmade ecological wooden Waldorf toys and arts &amp; crafts supplies, school supplies, children&#039;s furniture and Montessori reference and parenting books.","publisher":{"@id":"https:\/\/teiaeducation.ch\/de\/#organization"},"alternateName":"Teia Education & Play","potentialAction":[{"@type":"SearchAction","target":{"@type":"EntryPoint","urlTemplate":"https:\/\/teiaeducation.ch\/de\/?s={search_term_string}"},"query-input":{"@type":"PropertyValueSpecification","valueRequired":true,"valueName":"search_term_string"}}],"inLanguage":"de-CH"},{"@type":"Organization","@id":"https:\/\/teiaeducation.ch\/de\/#organization","name":"Teia Education & Play","url":"https:\/\/teiaeducation.ch\/de\/","logo":{"@type":"ImageObject","inLanguage":"de-CH","@id":"https:\/\/teiaeducation.ch\/de\/#\/schema\/logo\/image\/","url":"https:\/\/teiaeducation.ch\/wp-content\/uploads\/2020\/11\/Teia-Education-Switzerland-e1620156442216.jpg","contentUrl":"https:\/\/teiaeducation.ch\/wp-content\/uploads\/2020\/11\/Teia-Education-Switzerland-e1620156442216.jpg","width":166,"height":145,"caption":"Teia Education & Play"},"image":{"@id":"https:\/\/teiaeducation.ch\/de\/#\/schema\/logo\/image\/"},"sameAs":["https:\/\/www.facebook.com\/teiaeducation\/","https:\/\/x.com\/EducationTeia","https:\/\/www.instagram.com\/teia.education\/","https:\/\/www.linkedin.com\/company\/35501660","https:\/\/www.pinterest.ch\/TeiaEducation\/"]}]}},"_links":{"self":[{"href":"https:\/\/teiaeducation.ch\/de\/wp-json\/wp\/v2\/product\/56718","targetHints":{"allow":["GET"]}}],"collection":[{"href":"https:\/\/teiaeducation.ch\/de\/wp-json\/wp\/v2\/product"}],"about":[{"href":"https:\/\/teiaeducation.ch\/de\/wp-json\/wp\/v2\/types\/product"}],"replies":[{"embeddable":true,"href":"https:\/\/teiaeducation.ch\/de\/wp-json\/wp\/v2\/comments?post=56718"}],"wp:featuredmedia":[{"embeddable":true,"href":"https:\/\/teiaeducation.ch\/de\/wp-json\/wp\/v2\/media\/56719"}],"wp:attachment":[{"href":"https:\/\/teiaeducation.ch\/de\/wp-json\/wp\/v2\/media?parent=56718"}],"wp:term":[{"taxonomy":"product_brand","embeddable":true,"href":"https:\/\/teiaeducation.ch\/de\/wp-json\/wp\/v2\/product_brand?post=56718"},{"taxonomy":"product_cat","embeddable":true,"href":"https:\/\/teiaeducation.ch\/de\/wp-json\/wp\/v2\/product_cat?post=56718"},{"taxonomy":"product_tag","embeddable":true,"href":"https:\/\/teiaeducation.ch\/de\/wp-json\/wp\/v2\/product_tag?post=56718"}],"curies":[{"name":"wp","href":"https:\/\/api.w.org\/{rel}","templated":true}]}}