{"id":56730,"date":"2021-01-29T12:00:46","date_gmt":"2021-01-29T11:00:46","guid":{"rendered":"https:\/\/teiaeducation.ch\/product\/schwarzes-band-nienhuis-montessori\/"},"modified":"2024-01-01T17:25:08","modified_gmt":"2024-01-01T16:25:08","slug":"schwarzes-band-nienhuis-montessori","status":"publish","type":"product","link":"https:\/\/teiaeducation.ch\/de\/produkt\/schwarzes-band-nienhuis-montessori\/","title":{"rendered":"Schwarzes Band &#8211; Nienhuis Montessori"},"content":{"rendered":"<p>Das Nienhuis Montessori Schwarzes Band ist ein Zeitleistenmaterial f\u00fcr die Geschichte und gibt einen guten \u00dcberblick und eine Erkl\u00e4rung der Entwicklung \u00fcber einen Zeitraum von 46 Milliarden Jahren. Es kann f\u00fcr verschiedene Aktivit\u00e4ten im Montessori-Klassenzimmer verwendet werden, wie z. B. die Erstellung von Zeitleisten, die Darstellung der Entwicklung des Menschen, die Bestimmung von Zeitr\u00e4umen in der Geschichte, die Erstellung von Kalendern und die Erforschung des Sonnensystems. Das Schwarze Band ist ein schwarzes Segeltuch aus festem Stoff, das um eine massive Buchenholzspule gewickelt ist.<\/p>\n<p>Indem sie das Schwarzes Band ausrollen und Gegenst\u00e4nde darauf platzieren, schaffen die Kinder eine visuelle &#8220;Geschichte&#8221; des Themas, das sie untersuchen, und bekommen ein besseres Verst\u00e4ndnis daf\u00fcr, wie lange die Entwicklung der Erde gedauert hat. Das sechsundvierzig Meter lange Schwarze Band stellt Milliarden von Jahren der Erdentwicklung dar, wobei der rote Abschnitt die Entwicklung des Menschen veranschaulicht.<\/p>\n<p>Das Schwarze Band wird f\u00fcr die Verwendung mit den Nienhuis-<a href=\"https:\/\/teiaeducation.ch\/product\/animals-and-book-for-the-black-ribbon-nienhuis-montessori\/\">Tieren und dem Buch<\/a> f\u00fcr das schwarze Band empfohlen. Dieses Set enth\u00e4lt eine Auswahl realistischer pr\u00e4historischer Tiere und dazugeh\u00f6riger revolution\u00e4rer Fr\u00fchmenschen-Figuren, alle im Buch abgebildeten Tiere und Fr\u00fchmenschen auf dicken Polypropylen-Karten gedruckt sowie ein Buch.<\/p>\n<p>Die niederl\u00e4ndische Marke Nienhuis Montessori ist die weltweit f\u00fchrende Montessori Marke, die das Erbe von Maria Montessori ehrt und fortf\u00fchrt und das breiteste und innovativste Sortiment an Montessori-Materialien, M\u00f6beln und verwandten Produkten herstellt. Die hochwertigen Nienhuis Montessori Produkte geben den Kindern die Werkzeuge, die sie brauchen, um Unabhangig und kritisch zu denken. Alle Nienhuis Montessori Materialien sind vom Materialkomitee der Association Montessori Internationale (<a href=\"https:\/\/montessori-ami.org\/\">AMI<\/a>) zertifiziert und werden sorgf\u00e4ltig hergestellt, um Schwierigkeiten zu isolieren, so dass die Kinder sich konzentrieren, lernen und sich entwickeln k\u00f6nnen.<\/p>\n<p>Nienhuis Montessori ist eine der Marken des Niederlandischen Unternehmens Heutink International, das weltweit die besten pedagogischen Marken anbietet, die auf spielerisches Lernen ausgerichtet sind.<\/p>\n<p>Dieses Material ist f\u00fcr Kinder ab 6 Jahren geeignet.<\/p>\n<p>Inhalt:<\/p>\n<p>1 schwarzes festes Stoffband (46 Meter lang)<br \/>\n1 Pool aus massivem Buchenholz<br \/>\n* Tiere sind nicht inbegriffen<\/p>\n","protected":false},"excerpt":{"rendered":"<p>Artikelnummer: 069500<\/p>\n<p>Das Nienhuis Montessori Schwarzes Band ist ein Material zur Erstellung von Zeitleisten, der Entwicklung des Menschen, geschichtlichen Epochen, Kalendern und dem Sonnensystem.<\/p>\n","protected":false},"featured_media":73376,"comment_status":"closed","ping_status":"closed","template":"","meta":[],"product_brand":[],"product_cat":[21446,21476,21500,21479,21571,21514,21515,21649,21474,21510,21509,21499,21498,21481,21443,21572,21494,21496,21564,21519,21520,21522],"product_tag":[23473,26531,23469,23120,26530,23470,23119,26529],"class_list":{"0":"post-56730","1":"product","2":"type-product","3":"status-publish","4":"has-post-thumbnail","6":"product_cat-6-12-jahre-grundschule","7":"product_cat-6-12-jahre-klassenzimmer-pack","8":"product_cat-aktivitaetssets","9":"product_cat-lernmaterialien-spielzeug-montessori-waldorf-steiner-froebel","10":"product_cat-curriculum-erganzung-nienhuis-montessori","11":"product_cat-dinosaurier","12":"product_cat-erde-universum","13":"product_cat-geschichte-nienhuis-montessori","14":"product_cat-klassenzimmer-essenzien","15":"product_cat-kultur-wissenschaft","16":"product_cat-lernthemen","17":"product_cat-lernunterstuetzung","18":"product_cat-montessori-materialien-fuer-zuhause-schulbedarf-fuer-zuhause","19":"product_cat-montessori-paedagogik-material-spielzeug","20":"product_cat-nach-alter","21":"product_cat-nienhuis-montessori-schweiz","22":"product_cat-schulbedarf-fuer-zuhause","23":"product_cat-schulbedarf-fuer-zuhause-6-12-jahre","24":"product_cat-unsere-marken","25":"product_cat-vorgeschichte","26":"product_cat-wissenschaft","27":"product_cat-zeitlinien","28":"product_tag-lehrmittel-schweiz","29":"product_tag-montessori-geschichte","30":"product_tag-montessori-material-schweiz-de","31":"product_tag-montessori-material-schweiz","32":"product_tag-montessori-zeitleisten","33":"product_tag-nienhuis-montessori-schweiz-de-2","34":"product_tag-nienhuis-montessori-schweiz-de","35":"product_tag-schwarzes-band-nienhuis-montessori","37":"first","38":"onbackorder","39":"taxable","40":"shipping-taxable","41":"purchasable","42":"product-type-simple"},"yoast_head":"<!-- This site is optimized with the Yoast SEO Premium plugin v25.8 (Yoast SEO v27.4) - https:\/\/yoast.com\/product\/yoast-seo-premium-wordpress\/ -->\n<title>Schwarzes Band - Nienhuis Montessori - Teia Education &amp; Play<\/title>\n<meta name=\"description\" content=\"Das Nienhuis Montessori Schwarzes Band ist ein Material, das f\u00fcr die Erstellung von Zeitleisten, die Entwicklung des Menschen, geschichtliche Epochen, Kalender und das Sonnensystem verwendet wird.\" \/>\n<meta name=\"robots\" content=\"index, follow, max-snippet:-1, max-image-preview:large, max-video-preview:-1\" \/>\n<link rel=\"canonical\" href=\"https:\/\/teiaeducation.ch\/de\/produkt\/schwarzes-band-nienhuis-montessori\/\" \/>\n<meta property=\"og:locale\" content=\"de_DE\" \/>\n<meta property=\"og:type\" content=\"article\" \/>\n<meta property=\"og:title\" content=\"Schwarzes Band - Nienhuis Montessori\" \/>\n<meta property=\"og:description\" content=\"Das Nienhuis Montessori Schwarzes Band ist ein Material, das f\u00fcr die Erstellung von Zeitleisten, die Entwicklung des Menschen, geschichtliche Epochen, Kalender und das Sonnensystem verwendet wird.\" \/>\n<meta property=\"og:url\" content=\"https:\/\/teiaeducation.ch\/de\/produkt\/schwarzes-band-nienhuis-montessori\/\" \/>\n<meta property=\"og:site_name\" content=\"Sustainable Educational Products &amp; Ecological Toys\u00a0\" \/>\n<meta property=\"article:publisher\" content=\"https:\/\/www.facebook.com\/teiaeducation\/\" \/>\n<meta property=\"article:modified_time\" content=\"2024-01-01T16:25:08+00:00\" \/>\n<meta property=\"og:image\" content=\"https:\/\/teiaeducation.ch\/wp-content\/uploads\/2019\/02\/069500.jpg\" \/>\n\t<meta property=\"og:image:width\" content=\"900\" \/>\n\t<meta property=\"og:image:height\" content=\"900\" \/>\n\t<meta property=\"og:image:type\" content=\"image\/jpeg\" \/>\n<script type=\"application\/ld+json\" class=\"yoast-schema-graph\">{\"@context\":\"https:\\\/\\\/schema.org\",\"@graph\":[{\"@type\":\"WebPage\",\"@id\":\"https:\\\/\\\/teiaeducation.ch\\\/de\\\/produkt\\\/schwarzes-band-nienhuis-montessori\\\/\",\"url\":\"https:\\\/\\\/teiaeducation.ch\\\/de\\\/produkt\\\/schwarzes-band-nienhuis-montessori\\\/\",\"name\":\"Schwarzes Band - Nienhuis Montessori - Teia Education & Play\",\"isPartOf\":{\"@id\":\"https:\\\/\\\/teiaeducation.ch\\\/de\\\/#website\"},\"primaryImageOfPage\":{\"@id\":\"https:\\\/\\\/teiaeducation.ch\\\/de\\\/produkt\\\/schwarzes-band-nienhuis-montessori\\\/#primaryimage\"},\"image\":{\"@id\":\"https:\\\/\\\/teiaeducation.ch\\\/de\\\/produkt\\\/schwarzes-band-nienhuis-montessori\\\/#primaryimage\"},\"thumbnailUrl\":\"https:\\\/\\\/teiaeducation.ch\\\/wp-content\\\/uploads\\\/2021\\\/01\\\/Montessori-history-timeline-material-The-black-ribbon-Nienhuis-Montessori-scaled.webp\",\"datePublished\":\"2021-01-29T11:00:46+00:00\",\"dateModified\":\"2024-01-01T16:25:08+00:00\",\"description\":\"Das Nienhuis Montessori Schwarzes Band ist ein Material, das f\u00fcr die Erstellung von Zeitleisten, die Entwicklung des Menschen, geschichtliche Epochen, Kalender und das Sonnensystem verwendet wird.\",\"breadcrumb\":{\"@id\":\"https:\\\/\\\/teiaeducation.ch\\\/de\\\/produkt\\\/schwarzes-band-nienhuis-montessori\\\/#breadcrumb\"},\"inLanguage\":\"de-CH\",\"potentialAction\":[{\"@type\":\"ReadAction\",\"target\":[\"https:\\\/\\\/teiaeducation.ch\\\/de\\\/produkt\\\/schwarzes-band-nienhuis-montessori\\\/\"]}]},{\"@type\":\"ImageObject\",\"inLanguage\":\"de-CH\",\"@id\":\"https:\\\/\\\/teiaeducation.ch\\\/de\\\/produkt\\\/schwarzes-band-nienhuis-montessori\\\/#primaryimage\",\"url\":\"https:\\\/\\\/teiaeducation.ch\\\/wp-content\\\/uploads\\\/2021\\\/01\\\/Montessori-history-timeline-material-The-black-ribbon-Nienhuis-Montessori-scaled.webp\",\"contentUrl\":\"https:\\\/\\\/teiaeducation.ch\\\/wp-content\\\/uploads\\\/2021\\\/01\\\/Montessori-history-timeline-material-The-black-ribbon-Nienhuis-Montessori-scaled.webp\",\"width\":2048,\"height\":2048,\"caption\":\"Montessori history timeline material The black ribbon - Nienhuis Montessori\"},{\"@type\":\"BreadcrumbList\",\"@id\":\"https:\\\/\\\/teiaeducation.ch\\\/de\\\/produkt\\\/schwarzes-band-nienhuis-montessori\\\/#breadcrumb\",\"itemListElement\":[{\"@type\":\"ListItem\",\"position\":1,\"name\":\"Home\",\"item\":\"https:\\\/\\\/teiaeducation.ch\\\/de\\\/\"},{\"@type\":\"ListItem\",\"position\":2,\"name\":\"Laden\",\"item\":\"https:\\\/\\\/teiaeducation.ch\\\/de\\\/shop\\\/\"},{\"@type\":\"ListItem\",\"position\":3,\"name\":\"Unsere Marken\",\"item\":\"https:\\\/\\\/teiaeducation.ch\\\/de\\\/produkt-kategorie\\\/unsere-marken\\\/\"},{\"@type\":\"ListItem\",\"position\":4,\"name\":\"Nienhuis Montessori Schweiz\",\"item\":\"https:\\\/\\\/teiaeducation.ch\\\/de\\\/produkt-kategorie\\\/unsere-marken\\\/nienhuis-montessori-schweiz\\\/\"},{\"@type\":\"ListItem\",\"position\":5,\"name\":\"Geschichte Material\",\"item\":\"https:\\\/\\\/teiaeducation.ch\\\/de\\\/produkt-kategorie\\\/unsere-marken\\\/nienhuis-montessori-schweiz\\\/geschichte-nienhuis-montessori\\\/\"},{\"@type\":\"ListItem\",\"position\":6,\"name\":\"Schwarzes Band &#8211; Nienhuis Montessori\"}]},{\"@type\":\"WebSite\",\"@id\":\"https:\\\/\\\/teiaeducation.ch\\\/de\\\/#website\",\"url\":\"https:\\\/\\\/teiaeducation.ch\\\/de\\\/\",\"name\":\"Sustainable Educational Products &amp; Ecological Toys\u00a0\",\"description\":\"Specialised Swiss shop selling sustainable educational toys and games, AMI certified Montessori materials, handmade ecological wooden Waldorf toys and arts &amp; crafts supplies, school supplies, children&#039;s furniture and Montessori reference and parenting books.\",\"publisher\":{\"@id\":\"https:\\\/\\\/teiaeducation.ch\\\/de\\\/#organization\"},\"alternateName\":\"Teia Education & Play\",\"potentialAction\":[{\"@type\":\"SearchAction\",\"target\":{\"@type\":\"EntryPoint\",\"urlTemplate\":\"https:\\\/\\\/teiaeducation.ch\\\/de\\\/?s={search_term_string}\"},\"query-input\":{\"@type\":\"PropertyValueSpecification\",\"valueRequired\":true,\"valueName\":\"search_term_string\"}}],\"inLanguage\":\"de-CH\"},{\"@type\":\"Organization\",\"@id\":\"https:\\\/\\\/teiaeducation.ch\\\/de\\\/#organization\",\"name\":\"Teia Education & Play\",\"url\":\"https:\\\/\\\/teiaeducation.ch\\\/de\\\/\",\"logo\":{\"@type\":\"ImageObject\",\"inLanguage\":\"de-CH\",\"@id\":\"https:\\\/\\\/teiaeducation.ch\\\/de\\\/#\\\/schema\\\/logo\\\/image\\\/\",\"url\":\"https:\\\/\\\/teiaeducation.ch\\\/wp-content\\\/uploads\\\/2020\\\/11\\\/Teia-Education-Switzerland-e1620156442216.jpg\",\"contentUrl\":\"https:\\\/\\\/teiaeducation.ch\\\/wp-content\\\/uploads\\\/2020\\\/11\\\/Teia-Education-Switzerland-e1620156442216.jpg\",\"width\":166,\"height\":145,\"caption\":\"Teia Education & Play\"},\"image\":{\"@id\":\"https:\\\/\\\/teiaeducation.ch\\\/de\\\/#\\\/schema\\\/logo\\\/image\\\/\"},\"sameAs\":[\"https:\\\/\\\/www.facebook.com\\\/teiaeducation\\\/\",\"https:\\\/\\\/x.com\\\/EducationTeia\",\"https:\\\/\\\/www.instagram.com\\\/teia.education\\\/\",\"https:\\\/\\\/www.linkedin.com\\\/company\\\/35501660\",\"https:\\\/\\\/www.pinterest.ch\\\/TeiaEducation\\\/\"]}]}<\/script>\n<meta property=\"product:price:amount\" content=\"224.90\" \/>\n<meta property=\"product:price:currency\" content=\"CHF\" \/>\n<meta property=\"og:availability\" content=\"backorder\" \/>\n<meta property=\"product:availability\" content=\"available for order\" \/>\n<meta property=\"product:retailer_item_id\" content=\"00000000000000000000000000000000000000000000003851\" \/>\n<meta property=\"product:condition\" content=\"new\" \/>\n<!-- \/ Yoast SEO Premium plugin. -->","yoast_head_json":{"title":"Schwarzes Band - Nienhuis Montessori - Teia Education & Play","description":"Das Nienhuis Montessori Schwarzes Band ist ein Material, das f\u00fcr die Erstellung von Zeitleisten, die Entwicklung des Menschen, geschichtliche Epochen, Kalender und das Sonnensystem verwendet wird.","robots":{"index":"index","follow":"follow","max-snippet":"max-snippet:-1","max-image-preview":"max-image-preview:large","max-video-preview":"max-video-preview:-1"},"canonical":"https:\/\/teiaeducation.ch\/de\/produkt\/schwarzes-band-nienhuis-montessori\/","og_locale":"de_DE","og_type":"article","og_title":"Schwarzes Band - Nienhuis Montessori","og_description":"Das Nienhuis Montessori Schwarzes Band ist ein Material, das f\u00fcr die Erstellung von Zeitleisten, die Entwicklung des Menschen, geschichtliche Epochen, Kalender und das Sonnensystem verwendet wird.","og_url":"https:\/\/teiaeducation.ch\/de\/produkt\/schwarzes-band-nienhuis-montessori\/","og_site_name":"Sustainable Educational Products &amp; Ecological Toys\u00a0","article_publisher":"https:\/\/www.facebook.com\/teiaeducation\/","article_modified_time":"2024-01-01T16:25:08+00:00","og_image":[{"width":900,"height":900,"url":"https:\/\/teiaeducation.ch\/wp-content\/uploads\/2019\/02\/069500.jpg","type":"image\/jpeg"}],"schema":{"@context":"https:\/\/schema.org","@graph":[{"@type":"WebPage","@id":"https:\/\/teiaeducation.ch\/de\/produkt\/schwarzes-band-nienhuis-montessori\/","url":"https:\/\/teiaeducation.ch\/de\/produkt\/schwarzes-band-nienhuis-montessori\/","name":"Schwarzes Band - Nienhuis Montessori - Teia Education & Play","isPartOf":{"@id":"https:\/\/teiaeducation.ch\/de\/#website"},"primaryImageOfPage":{"@id":"https:\/\/teiaeducation.ch\/de\/produkt\/schwarzes-band-nienhuis-montessori\/#primaryimage"},"image":{"@id":"https:\/\/teiaeducation.ch\/de\/produkt\/schwarzes-band-nienhuis-montessori\/#primaryimage"},"thumbnailUrl":"https:\/\/teiaeducation.ch\/wp-content\/uploads\/2021\/01\/Montessori-history-timeline-material-The-black-ribbon-Nienhuis-Montessori-scaled.webp","datePublished":"2021-01-29T11:00:46+00:00","dateModified":"2024-01-01T16:25:08+00:00","description":"Das Nienhuis Montessori Schwarzes Band ist ein Material, das f\u00fcr die Erstellung von Zeitleisten, die Entwicklung des Menschen, geschichtliche Epochen, Kalender und das Sonnensystem verwendet wird.","breadcrumb":{"@id":"https:\/\/teiaeducation.ch\/de\/produkt\/schwarzes-band-nienhuis-montessori\/#breadcrumb"},"inLanguage":"de-CH","potentialAction":[{"@type":"ReadAction","target":["https:\/\/teiaeducation.ch\/de\/produkt\/schwarzes-band-nienhuis-montessori\/"]}]},{"@type":"ImageObject","inLanguage":"de-CH","@id":"https:\/\/teiaeducation.ch\/de\/produkt\/schwarzes-band-nienhuis-montessori\/#primaryimage","url":"https:\/\/teiaeducation.ch\/wp-content\/uploads\/2021\/01\/Montessori-history-timeline-material-The-black-ribbon-Nienhuis-Montessori-scaled.webp","contentUrl":"https:\/\/teiaeducation.ch\/wp-content\/uploads\/2021\/01\/Montessori-history-timeline-material-The-black-ribbon-Nienhuis-Montessori-scaled.webp","width":2048,"height":2048,"caption":"Montessori history timeline material The black ribbon - Nienhuis Montessori"},{"@type":"BreadcrumbList","@id":"https:\/\/teiaeducation.ch\/de\/produkt\/schwarzes-band-nienhuis-montessori\/#breadcrumb","itemListElement":[{"@type":"ListItem","position":1,"name":"Home","item":"https:\/\/teiaeducation.ch\/de\/"},{"@type":"ListItem","position":2,"name":"Laden","item":"https:\/\/teiaeducation.ch\/de\/shop\/"},{"@type":"ListItem","position":3,"name":"Unsere Marken","item":"https:\/\/teiaeducation.ch\/de\/produkt-kategorie\/unsere-marken\/"},{"@type":"ListItem","position":4,"name":"Nienhuis Montessori Schweiz","item":"https:\/\/teiaeducation.ch\/de\/produkt-kategorie\/unsere-marken\/nienhuis-montessori-schweiz\/"},{"@type":"ListItem","position":5,"name":"Geschichte Material","item":"https:\/\/teiaeducation.ch\/de\/produkt-kategorie\/unsere-marken\/nienhuis-montessori-schweiz\/geschichte-nienhuis-montessori\/"},{"@type":"ListItem","position":6,"name":"Schwarzes Band &#8211; Nienhuis Montessori"}]},{"@type":"WebSite","@id":"https:\/\/teiaeducation.ch\/de\/#website","url":"https:\/\/teiaeducation.ch\/de\/","name":"Sustainable Educational Products &amp; Ecological Toys\u00a0","description":"Specialised Swiss shop selling sustainable educational toys and games, AMI certified Montessori materials, handmade ecological wooden Waldorf toys and arts &amp; crafts supplies, school supplies, children&#039;s furniture and Montessori reference and parenting books.","publisher":{"@id":"https:\/\/teiaeducation.ch\/de\/#organization"},"alternateName":"Teia Education & Play","potentialAction":[{"@type":"SearchAction","target":{"@type":"EntryPoint","urlTemplate":"https:\/\/teiaeducation.ch\/de\/?s={search_term_string}"},"query-input":{"@type":"PropertyValueSpecification","valueRequired":true,"valueName":"search_term_string"}}],"inLanguage":"de-CH"},{"@type":"Organization","@id":"https:\/\/teiaeducation.ch\/de\/#organization","name":"Teia Education & Play","url":"https:\/\/teiaeducation.ch\/de\/","logo":{"@type":"ImageObject","inLanguage":"de-CH","@id":"https:\/\/teiaeducation.ch\/de\/#\/schema\/logo\/image\/","url":"https:\/\/teiaeducation.ch\/wp-content\/uploads\/2020\/11\/Teia-Education-Switzerland-e1620156442216.jpg","contentUrl":"https:\/\/teiaeducation.ch\/wp-content\/uploads\/2020\/11\/Teia-Education-Switzerland-e1620156442216.jpg","width":166,"height":145,"caption":"Teia Education & Play"},"image":{"@id":"https:\/\/teiaeducation.ch\/de\/#\/schema\/logo\/image\/"},"sameAs":["https:\/\/www.facebook.com\/teiaeducation\/","https:\/\/x.com\/EducationTeia","https:\/\/www.instagram.com\/teia.education\/","https:\/\/www.linkedin.com\/company\/35501660","https:\/\/www.pinterest.ch\/TeiaEducation\/"]}]},"product_price_amount":"224.90","product_price_currency":"CHF","og_availability":"backorder","product_availability":"available for order","product_retailer_item_id":"00000000000000000000000000000000000000000000003851","product_condition":"new"},"_links":{"self":[{"href":"https:\/\/teiaeducation.ch\/de\/wp-json\/wp\/v2\/product\/56730","targetHints":{"allow":["GET"]}}],"collection":[{"href":"https:\/\/teiaeducation.ch\/de\/wp-json\/wp\/v2\/product"}],"about":[{"href":"https:\/\/teiaeducation.ch\/de\/wp-json\/wp\/v2\/types\/product"}],"replies":[{"embeddable":true,"href":"https:\/\/teiaeducation.ch\/de\/wp-json\/wp\/v2\/comments?post=56730"}],"wp:featuredmedia":[{"embeddable":true,"href":"https:\/\/teiaeducation.ch\/de\/wp-json\/wp\/v2\/media\/73376"}],"wp:attachment":[{"href":"https:\/\/teiaeducation.ch\/de\/wp-json\/wp\/v2\/media?parent=56730"}],"wp:term":[{"taxonomy":"product_brand","embeddable":true,"href":"https:\/\/teiaeducation.ch\/de\/wp-json\/wp\/v2\/product_brand?post=56730"},{"taxonomy":"product_cat","embeddable":true,"href":"https:\/\/teiaeducation.ch\/de\/wp-json\/wp\/v2\/product_cat?post=56730"},{"taxonomy":"product_tag","embeddable":true,"href":"https:\/\/teiaeducation.ch\/de\/wp-json\/wp\/v2\/product_tag?post=56730"}],"curies":[{"name":"wp","href":"https:\/\/api.w.org\/{rel}","templated":true}]}}