{"id":56736,"date":"2018-12-01T20:08:45","date_gmt":"2018-12-01T19:08:45","guid":{"rendered":"https:\/\/teiaeducation.ch\/product\/eingeschriebene-und-konzentrische-figuren-aus-metall-nienhuis-montessori\/"},"modified":"2023-10-19T22:11:47","modified_gmt":"2023-10-19T20:11:47","slug":"eingeschriebene-und-konzentrische-figuren-aus-metall-nienhuis-montessori","status":"publish","type":"product","link":"https:\/\/teiaeducation.ch\/de\/produkt\/eingeschriebene-und-konzentrische-figuren-aus-metall-nienhuis-montessori\/","title":{"rendered":"Eingeschriebene und konzentrische Figuren aus Metall &#8211; Nienhuis Montessori"},"content":{"rendered":"<p>Die Nienhuis Montessori Eingeschriebene und konzentrische Figuren aus Metall sind Teil des <a href=\"https:\/\/teiaeducation.ch\/product-category\/brands\/nienhuis-montessori-educational-materials\/geometry-nienhuis-montessori-educational-materials\/\">Geometrie<\/a>-Lehrplans und werden f\u00fcr die Untersuchung von eingeschriebenen und konzentrischen Figuren verwendet.<\/p>\n<p>Dieses Set enth\u00e4lt 9 gr\u00fcne Metallrahmen mit B\u00f6den und roten Eins\u00e4tzen mit 1 Satz von 5 im Durchmesser abnehmenden Kreisen und 1 Satz von 4 in L\u00e4nge und Breite abnehmenden Quadraten.<\/p>\n<p>Die niederl\u00e4ndische Marke Nienhuis Montessori ist die weltweit f\u00fchrende Montessori Marke, die das Erbe von Maria Montessori ehrt und fortf\u00fchrt und das breiteste und innovativste Sortiment an Montessori-Materialien, M\u00f6beln und verwandten Produkten herstellt. Die hochwertigen Nienhuis Montessori Produkte geben den Kindern die Werkzeuge, die sie brauchen, um Unabhangig und kritisch zu denken. Alle Nienhuis Montessori Materialien sind vom Materialkomitee der Association Montessori Internationale (<a href=\"https:\/\/montessori-ami.org\/\">AMI<\/a>) zertifiziert und werden sorgf\u00e4ltig hergestellt, um Schwierigkeiten zu isolieren, so dass die Kinder sich konzentrieren, lernen und sich entwickeln k\u00f6nnen.<\/p>\n<p>Nienhuis Montessori ist eine der Marken des Niederlandischen Unternehmens Heutink International, das weltweit die besten pedagogischen Marken anbietet, die auf spielerisches Lernen ausgerichtet sind.<\/p>\n<p>Dieses Material ist f\u00fcr Kinder ab 9 Jahren geeignet.<\/p>\n<p>Inhalt:<\/p>\n<p>9 gr\u00fcne Metallrahmen mit B\u00f6den und roten Eins\u00e4tzen<br \/>\n1 Satz von 5 Kreisen mit abnehmendem Durchmesser<br \/>\n1 Satz von 4 Quadraten, die in L\u00e4nge und Breite abnehmen<\/p>\n","protected":false},"excerpt":{"rendered":"<p>Artikelnummer: 011800<\/p>\n<div class=\"DraftEditor-root\">\n<div class=\"DraftEditor-editorContainer\">\n<div id=\"yoast-google-preview-description-metabox\" class=\"notranslate public-DraftEditor-content\" role=\"combobox\" contenteditable=\"true\" spellcheck=\"true\" aria-autocomplete=\"list\" aria-describedby=\"placeholder-bbojv\" aria-expanded=\"true\" aria-labelledby=\"2\" aria-activedescendant=\"mention-option-bbb80-0\">\n<div data-contents=\"true\">\n<div class=\"\" data-block=\"true\" data-editor=\"bbojv\" data-offset-key=\"4o7mm-0-0\">\n<div class=\"public-DraftStyleDefault-block public-DraftStyleDefault-ltr\" data-offset-key=\"4o7mm-0-0\"><span data-offset-key=\"4o7mm-0-0\">Die Nienhuis Montessori Eingeschriebene und konzentrische Figuren aus Metall sind Geometriematerialien, die f\u00fcr das Studium von eingeschriebenen und konzentrischen Figuren verwendet werden.<\/span><\/div>\n<\/div>\n<\/div>\n<\/div>\n<\/div>\n<\/div>\n","protected":false},"featured_media":56737,"comment_status":"open","ping_status":"closed","template":"","meta":[],"product_brand":[],"product_cat":[21446,21479,21550,21544,21648,21509,21537,21481,21443,21563,21572,21564],"product_tag":[26532,26005,22981],"class_list":{"0":"post-56736","1":"product","2":"type-product","3":"status-publish","4":"has-post-thumbnail","6":"product_cat-6-12-jahre-grundschule","7":"product_cat-lernmaterialien-spielzeug-montessori-waldorf-steiner-froebel","8":"product_cat-formen","9":"product_cat-geometrie-de","10":"product_cat-geometrie-nienhuis-montessori","11":"product_cat-lernthemen","12":"product_cat-mathematik-rechnen","13":"product_cat-montessori-paedagogik-material-spielzeug","14":"product_cat-nach-alter","15":"product_cat-neuheiten","16":"product_cat-nienhuis-montessori-schweiz","17":"product_cat-unsere-marken","18":"product_tag-geometrie-de","19":"product_tag-grundschule-6-12-jahre","20":"product_tag-nienhuis-montessori-de","22":"first","23":"onbackorder","24":"sold-individually","25":"taxable","26":"shipping-taxable","27":"purchasable","28":"product-type-simple"},"yoast_head":"<!-- This site is optimized with the Yoast SEO plugin v27.3 - https:\/\/yoast.com\/product\/yoast-seo-wordpress\/ -->\n<title>Eingeschriebene und konzentrische Figuren aus Metall - Nienhuis Montessori<\/title>\n<meta name=\"description\" content=\"Die Nienhuis Montessori Eingeschriebene und konzentrische Figuren aus Metall sind Geometriematerialien, die f\u00fcr das Studium von eingeschriebenen und konzentrischen Figuren verwendet werden.\" \/>\n<meta name=\"robots\" content=\"index, follow, max-snippet:-1, max-image-preview:large, max-video-preview:-1\" \/>\n<link rel=\"canonical\" href=\"https:\/\/teiaeducation.ch\/de\/produkt\/eingeschriebene-und-konzentrische-figuren-aus-metall-nienhuis-montessori\/\" \/>\n<meta property=\"og:locale\" content=\"de_DE\" \/>\n<meta property=\"og:type\" content=\"article\" \/>\n<meta property=\"og:title\" content=\"Eingeschriebene und konzentrische Figuren aus Metall - Nienhuis Montessori\" \/>\n<meta property=\"og:description\" content=\"Die Nienhuis Montessori Eingeschriebene und konzentrische Figuren aus Metall sind Geometriematerialien, die f\u00fcr das Studium von eingeschriebenen und konzentrischen Figuren verwendet werden.\" \/>\n<meta property=\"og:url\" content=\"https:\/\/teiaeducation.ch\/de\/produkt\/eingeschriebene-und-konzentrische-figuren-aus-metall-nienhuis-montessori\/\" \/>\n<meta property=\"og:site_name\" content=\"Sustainable Educational Products &amp; Ecological Toys\u00a0\" \/>\n<meta property=\"article:publisher\" content=\"https:\/\/www.facebook.com\/teiaeducation\/\" \/>\n<meta property=\"article:modified_time\" content=\"2023-10-19T20:11:47+00:00\" \/>\n<meta property=\"og:image\" content=\"https:\/\/teiaeducation.ch\/wp-content\/uploads\/2019\/05\/400_011800_main_or_1-scaled-scaled.jpg\" \/>\n\t<meta property=\"og:image:width\" content=\"2048\" \/>\n\t<meta property=\"og:image:height\" content=\"2048\" \/>\n\t<meta property=\"og:image:type\" content=\"image\/jpeg\" \/>\n<script type=\"application\/ld+json\" class=\"yoast-schema-graph\">{\"@context\":\"https:\\\/\\\/schema.org\",\"@graph\":[{\"@type\":\"WebPage\",\"@id\":\"https:\\\/\\\/teiaeducation.ch\\\/de\\\/produkt\\\/eingeschriebene-und-konzentrische-figuren-aus-metall-nienhuis-montessori\\\/\",\"url\":\"https:\\\/\\\/teiaeducation.ch\\\/de\\\/produkt\\\/eingeschriebene-und-konzentrische-figuren-aus-metall-nienhuis-montessori\\\/\",\"name\":\"Eingeschriebene und konzentrische Figuren aus Metall - Nienhuis Montessori\",\"isPartOf\":{\"@id\":\"https:\\\/\\\/teiaeducation.ch\\\/de\\\/#website\"},\"primaryImageOfPage\":{\"@id\":\"https:\\\/\\\/teiaeducation.ch\\\/de\\\/produkt\\\/eingeschriebene-und-konzentrische-figuren-aus-metall-nienhuis-montessori\\\/#primaryimage\"},\"image\":{\"@id\":\"https:\\\/\\\/teiaeducation.ch\\\/de\\\/produkt\\\/eingeschriebene-und-konzentrische-figuren-aus-metall-nienhuis-montessori\\\/#primaryimage\"},\"thumbnailUrl\":\"https:\\\/\\\/teiaeducation.ch\\\/wp-content\\\/uploads\\\/2019\\\/05\\\/400_011800_main_or_1-scaled-scaled.jpg\",\"datePublished\":\"2018-12-01T19:08:45+00:00\",\"dateModified\":\"2023-10-19T20:11:47+00:00\",\"description\":\"Die Nienhuis Montessori Eingeschriebene und konzentrische Figuren aus Metall sind Geometriematerialien, die f\u00fcr das Studium von eingeschriebenen und konzentrischen Figuren verwendet werden.\",\"breadcrumb\":{\"@id\":\"https:\\\/\\\/teiaeducation.ch\\\/de\\\/produkt\\\/eingeschriebene-und-konzentrische-figuren-aus-metall-nienhuis-montessori\\\/#breadcrumb\"},\"inLanguage\":\"de-CH\",\"potentialAction\":[{\"@type\":\"ReadAction\",\"target\":[\"https:\\\/\\\/teiaeducation.ch\\\/de\\\/produkt\\\/eingeschriebene-und-konzentrische-figuren-aus-metall-nienhuis-montessori\\\/\"]}]},{\"@type\":\"ImageObject\",\"inLanguage\":\"de-CH\",\"@id\":\"https:\\\/\\\/teiaeducation.ch\\\/de\\\/produkt\\\/eingeschriebene-und-konzentrische-figuren-aus-metall-nienhuis-montessori\\\/#primaryimage\",\"url\":\"https:\\\/\\\/teiaeducation.ch\\\/wp-content\\\/uploads\\\/2019\\\/05\\\/400_011800_main_or_1-scaled-scaled.jpg\",\"contentUrl\":\"https:\\\/\\\/teiaeducation.ch\\\/wp-content\\\/uploads\\\/2019\\\/05\\\/400_011800_main_or_1-scaled-scaled.jpg\",\"width\":2048,\"height\":2048,\"caption\":\"Eingeschriebene und konzentrische Figuren aus Metall - Nienhuis Montessori\"},{\"@type\":\"BreadcrumbList\",\"@id\":\"https:\\\/\\\/teiaeducation.ch\\\/de\\\/produkt\\\/eingeschriebene-und-konzentrische-figuren-aus-metall-nienhuis-montessori\\\/#breadcrumb\",\"itemListElement\":[{\"@type\":\"ListItem\",\"position\":1,\"name\":\"Home\",\"item\":\"https:\\\/\\\/teiaeducation.ch\\\/de\\\/\"},{\"@type\":\"ListItem\",\"position\":2,\"name\":\"Laden\",\"item\":\"https:\\\/\\\/teiaeducation.ch\\\/de\\\/shop\\\/\"},{\"@type\":\"ListItem\",\"position\":3,\"name\":\"Lernthemen\",\"item\":\"https:\\\/\\\/teiaeducation.ch\\\/de\\\/produkt-kategorie\\\/lernthemen\\\/\"},{\"@type\":\"ListItem\",\"position\":4,\"name\":\"Mathematik &amp; Rechnen\",\"item\":\"https:\\\/\\\/teiaeducation.ch\\\/de\\\/produkt-kategorie\\\/lernthemen\\\/mathematik-rechnen\\\/\"},{\"@type\":\"ListItem\",\"position\":5,\"name\":\"Formen\",\"item\":\"https:\\\/\\\/teiaeducation.ch\\\/de\\\/produkt-kategorie\\\/lernthemen\\\/mathematik-rechnen\\\/formen\\\/\"},{\"@type\":\"ListItem\",\"position\":6,\"name\":\"Eingeschriebene und konzentrische Figuren aus Metall &#8211; Nienhuis Montessori\"}]},{\"@type\":\"WebSite\",\"@id\":\"https:\\\/\\\/teiaeducation.ch\\\/de\\\/#website\",\"url\":\"https:\\\/\\\/teiaeducation.ch\\\/de\\\/\",\"name\":\"Sustainable Educational Products &amp; Ecological Toys\u00a0\",\"description\":\"Specialised Swiss shop selling sustainable educational toys and games, AMI certified Montessori materials, handmade ecological wooden Waldorf toys and arts &amp; crafts supplies, school supplies, children&#039;s furniture and Montessori reference and parenting books.\",\"publisher\":{\"@id\":\"https:\\\/\\\/teiaeducation.ch\\\/de\\\/#organization\"},\"alternateName\":\"Teia Education & Play\",\"potentialAction\":[{\"@type\":\"SearchAction\",\"target\":{\"@type\":\"EntryPoint\",\"urlTemplate\":\"https:\\\/\\\/teiaeducation.ch\\\/de\\\/?s={search_term_string}\"},\"query-input\":{\"@type\":\"PropertyValueSpecification\",\"valueRequired\":true,\"valueName\":\"search_term_string\"}}],\"inLanguage\":\"de-CH\"},{\"@type\":\"Organization\",\"@id\":\"https:\\\/\\\/teiaeducation.ch\\\/de\\\/#organization\",\"name\":\"Teia Education & Play\",\"url\":\"https:\\\/\\\/teiaeducation.ch\\\/de\\\/\",\"logo\":{\"@type\":\"ImageObject\",\"inLanguage\":\"de-CH\",\"@id\":\"https:\\\/\\\/teiaeducation.ch\\\/de\\\/#\\\/schema\\\/logo\\\/image\\\/\",\"url\":\"https:\\\/\\\/teiaeducation.ch\\\/wp-content\\\/uploads\\\/2020\\\/11\\\/Teia-Education-Switzerland-e1620156442216.jpg\",\"contentUrl\":\"https:\\\/\\\/teiaeducation.ch\\\/wp-content\\\/uploads\\\/2020\\\/11\\\/Teia-Education-Switzerland-e1620156442216.jpg\",\"width\":166,\"height\":145,\"caption\":\"Teia Education & Play\"},\"image\":{\"@id\":\"https:\\\/\\\/teiaeducation.ch\\\/de\\\/#\\\/schema\\\/logo\\\/image\\\/\"},\"sameAs\":[\"https:\\\/\\\/www.facebook.com\\\/teiaeducation\\\/\",\"https:\\\/\\\/x.com\\\/EducationTeia\",\"https:\\\/\\\/www.instagram.com\\\/teia.education\\\/\",\"https:\\\/\\\/www.linkedin.com\\\/company\\\/35501660\",\"https:\\\/\\\/www.pinterest.ch\\\/TeiaEducation\\\/\"]}]}<\/script>\n<!-- \/ Yoast SEO plugin. -->","yoast_head_json":{"title":"Eingeschriebene und konzentrische Figuren aus Metall - Nienhuis Montessori","description":"Die Nienhuis Montessori Eingeschriebene und konzentrische Figuren aus Metall sind Geometriematerialien, die f\u00fcr das Studium von eingeschriebenen und konzentrischen Figuren verwendet werden.","robots":{"index":"index","follow":"follow","max-snippet":"max-snippet:-1","max-image-preview":"max-image-preview:large","max-video-preview":"max-video-preview:-1"},"canonical":"https:\/\/teiaeducation.ch\/de\/produkt\/eingeschriebene-und-konzentrische-figuren-aus-metall-nienhuis-montessori\/","og_locale":"de_DE","og_type":"article","og_title":"Eingeschriebene und konzentrische Figuren aus Metall - Nienhuis Montessori","og_description":"Die Nienhuis Montessori Eingeschriebene und konzentrische Figuren aus Metall sind Geometriematerialien, die f\u00fcr das Studium von eingeschriebenen und konzentrischen Figuren verwendet werden.","og_url":"https:\/\/teiaeducation.ch\/de\/produkt\/eingeschriebene-und-konzentrische-figuren-aus-metall-nienhuis-montessori\/","og_site_name":"Sustainable Educational Products &amp; Ecological Toys\u00a0","article_publisher":"https:\/\/www.facebook.com\/teiaeducation\/","article_modified_time":"2023-10-19T20:11:47+00:00","og_image":[{"width":2048,"height":2048,"url":"https:\/\/teiaeducation.ch\/wp-content\/uploads\/2019\/05\/400_011800_main_or_1-scaled-scaled.jpg","type":"image\/jpeg"}],"schema":{"@context":"https:\/\/schema.org","@graph":[{"@type":"WebPage","@id":"https:\/\/teiaeducation.ch\/de\/produkt\/eingeschriebene-und-konzentrische-figuren-aus-metall-nienhuis-montessori\/","url":"https:\/\/teiaeducation.ch\/de\/produkt\/eingeschriebene-und-konzentrische-figuren-aus-metall-nienhuis-montessori\/","name":"Eingeschriebene und konzentrische Figuren aus Metall - Nienhuis Montessori","isPartOf":{"@id":"https:\/\/teiaeducation.ch\/de\/#website"},"primaryImageOfPage":{"@id":"https:\/\/teiaeducation.ch\/de\/produkt\/eingeschriebene-und-konzentrische-figuren-aus-metall-nienhuis-montessori\/#primaryimage"},"image":{"@id":"https:\/\/teiaeducation.ch\/de\/produkt\/eingeschriebene-und-konzentrische-figuren-aus-metall-nienhuis-montessori\/#primaryimage"},"thumbnailUrl":"https:\/\/teiaeducation.ch\/wp-content\/uploads\/2019\/05\/400_011800_main_or_1-scaled-scaled.jpg","datePublished":"2018-12-01T19:08:45+00:00","dateModified":"2023-10-19T20:11:47+00:00","description":"Die Nienhuis Montessori Eingeschriebene und konzentrische Figuren aus Metall sind Geometriematerialien, die f\u00fcr das Studium von eingeschriebenen und konzentrischen Figuren verwendet werden.","breadcrumb":{"@id":"https:\/\/teiaeducation.ch\/de\/produkt\/eingeschriebene-und-konzentrische-figuren-aus-metall-nienhuis-montessori\/#breadcrumb"},"inLanguage":"de-CH","potentialAction":[{"@type":"ReadAction","target":["https:\/\/teiaeducation.ch\/de\/produkt\/eingeschriebene-und-konzentrische-figuren-aus-metall-nienhuis-montessori\/"]}]},{"@type":"ImageObject","inLanguage":"de-CH","@id":"https:\/\/teiaeducation.ch\/de\/produkt\/eingeschriebene-und-konzentrische-figuren-aus-metall-nienhuis-montessori\/#primaryimage","url":"https:\/\/teiaeducation.ch\/wp-content\/uploads\/2019\/05\/400_011800_main_or_1-scaled-scaled.jpg","contentUrl":"https:\/\/teiaeducation.ch\/wp-content\/uploads\/2019\/05\/400_011800_main_or_1-scaled-scaled.jpg","width":2048,"height":2048,"caption":"Eingeschriebene und konzentrische Figuren aus Metall - Nienhuis Montessori"},{"@type":"BreadcrumbList","@id":"https:\/\/teiaeducation.ch\/de\/produkt\/eingeschriebene-und-konzentrische-figuren-aus-metall-nienhuis-montessori\/#breadcrumb","itemListElement":[{"@type":"ListItem","position":1,"name":"Home","item":"https:\/\/teiaeducation.ch\/de\/"},{"@type":"ListItem","position":2,"name":"Laden","item":"https:\/\/teiaeducation.ch\/de\/shop\/"},{"@type":"ListItem","position":3,"name":"Lernthemen","item":"https:\/\/teiaeducation.ch\/de\/produkt-kategorie\/lernthemen\/"},{"@type":"ListItem","position":4,"name":"Mathematik &amp; Rechnen","item":"https:\/\/teiaeducation.ch\/de\/produkt-kategorie\/lernthemen\/mathematik-rechnen\/"},{"@type":"ListItem","position":5,"name":"Formen","item":"https:\/\/teiaeducation.ch\/de\/produkt-kategorie\/lernthemen\/mathematik-rechnen\/formen\/"},{"@type":"ListItem","position":6,"name":"Eingeschriebene und konzentrische Figuren aus Metall &#8211; Nienhuis Montessori"}]},{"@type":"WebSite","@id":"https:\/\/teiaeducation.ch\/de\/#website","url":"https:\/\/teiaeducation.ch\/de\/","name":"Sustainable Educational Products &amp; Ecological Toys\u00a0","description":"Specialised Swiss shop selling sustainable educational toys and games, AMI certified Montessori materials, handmade ecological wooden Waldorf toys and arts &amp; crafts supplies, school supplies, children&#039;s furniture and Montessori reference and parenting books.","publisher":{"@id":"https:\/\/teiaeducation.ch\/de\/#organization"},"alternateName":"Teia Education & Play","potentialAction":[{"@type":"SearchAction","target":{"@type":"EntryPoint","urlTemplate":"https:\/\/teiaeducation.ch\/de\/?s={search_term_string}"},"query-input":{"@type":"PropertyValueSpecification","valueRequired":true,"valueName":"search_term_string"}}],"inLanguage":"de-CH"},{"@type":"Organization","@id":"https:\/\/teiaeducation.ch\/de\/#organization","name":"Teia Education & Play","url":"https:\/\/teiaeducation.ch\/de\/","logo":{"@type":"ImageObject","inLanguage":"de-CH","@id":"https:\/\/teiaeducation.ch\/de\/#\/schema\/logo\/image\/","url":"https:\/\/teiaeducation.ch\/wp-content\/uploads\/2020\/11\/Teia-Education-Switzerland-e1620156442216.jpg","contentUrl":"https:\/\/teiaeducation.ch\/wp-content\/uploads\/2020\/11\/Teia-Education-Switzerland-e1620156442216.jpg","width":166,"height":145,"caption":"Teia Education & Play"},"image":{"@id":"https:\/\/teiaeducation.ch\/de\/#\/schema\/logo\/image\/"},"sameAs":["https:\/\/www.facebook.com\/teiaeducation\/","https:\/\/x.com\/EducationTeia","https:\/\/www.instagram.com\/teia.education\/","https:\/\/www.linkedin.com\/company\/35501660","https:\/\/www.pinterest.ch\/TeiaEducation\/"]}]}},"_links":{"self":[{"href":"https:\/\/teiaeducation.ch\/de\/wp-json\/wp\/v2\/product\/56736","targetHints":{"allow":["GET"]}}],"collection":[{"href":"https:\/\/teiaeducation.ch\/de\/wp-json\/wp\/v2\/product"}],"about":[{"href":"https:\/\/teiaeducation.ch\/de\/wp-json\/wp\/v2\/types\/product"}],"replies":[{"embeddable":true,"href":"https:\/\/teiaeducation.ch\/de\/wp-json\/wp\/v2\/comments?post=56736"}],"wp:featuredmedia":[{"embeddable":true,"href":"https:\/\/teiaeducation.ch\/de\/wp-json\/wp\/v2\/media\/56737"}],"wp:attachment":[{"href":"https:\/\/teiaeducation.ch\/de\/wp-json\/wp\/v2\/media?parent=56736"}],"wp:term":[{"taxonomy":"product_brand","embeddable":true,"href":"https:\/\/teiaeducation.ch\/de\/wp-json\/wp\/v2\/product_brand?post=56736"},{"taxonomy":"product_cat","embeddable":true,"href":"https:\/\/teiaeducation.ch\/de\/wp-json\/wp\/v2\/product_cat?post=56736"},{"taxonomy":"product_tag","embeddable":true,"href":"https:\/\/teiaeducation.ch\/de\/wp-json\/wp\/v2\/product_tag?post=56736"}],"curies":[{"name":"wp","href":"https:\/\/api.w.org\/{rel}","templated":true}]}}