{"id":56745,"date":"2021-01-27T16:42:10","date_gmt":"2021-01-27T15:42:10","guid":{"rendered":"https:\/\/teiaeducation.ch\/product\/schalen-land-und-wasserformen-satz-2-nienhuis-montessori\/"},"modified":"2023-10-20T11:59:01","modified_gmt":"2023-10-20T09:59:01","slug":"schalen-land-und-wasserformen-satz-2-nienhuis-montessori","status":"publish","type":"product","link":"https:\/\/teiaeducation.ch\/de\/produkt\/schalen-land-und-wasserformen-satz-2-nienhuis-montessori\/","title":{"rendered":"Schalen Land- und Wasserformen, Satz 2 &#8211; Nienhuis Montessori"},"content":{"rendered":"<p>Schalen Land- und Wasserformen, Satz 2 \/ Montessori Erdkunde Material &#8211; Nienhuis Montessori<\/p>\n<p><span style=\"font-family: arial, helvetica, sans-serif;\">Die Nienhuis Montessori Schalen Land- und Wasserformen, Satz 2 sind ein <a href=\"https:\/\/teiaeducation.ch\/product-category\/brands\/nienhuis-montessori-educational-materials\/geography\/\">Geographiematerial<\/a>, mit dem das Kind die Namen der Welten lernt.<\/span><span style=\"font-family: arial, helvetica, sans-serif;\"> verschiedene Land- und Wasserformen. Indem man blaues Wasser in jede Schale gie\u00dft, wird sichtbar, wo sich Land und Wasser treffen und wie unterschiedlich die Formen sind. <\/span><\/p>\n<p><span style=\"font-family: arial, helvetica, sans-serif;\">Die Arbeit mit den Montessori Schalen Land- und Wasserformen bietet jungen Lernenden eine sensorische Erfahrung, w\u00e4hrend sie lernen, wie sich Landformationen erheben und Wasserformationen in der Erde versinken. <\/span><\/p>\n<p>Set 2 besteht aus 4 braunen Schalen mit den Ma\u00dfen 20 x 20 x 4 cm, die jeweils die erg\u00e4nzenden Land- und Wasserformen enthalten:<\/p>\n<p>&#8211; System der Seen<br \/>\n&#8211; Archipel<br \/>\n&#8211; Bucht<br \/>\n&#8211; Umhang<\/p>\n<p><span style=\"font-family: arial, helvetica, sans-serif;\"><a href=\"https:\/\/teiaeducation.ch\/product\/land-and-water-form-trays-set-1-nienhuis-montessori\/\">Set 1<\/a> der Land- und Wasserformen<\/span> <span style=\"font-family: arial, helvetica, sans-serif;\">und ein Satz <a href=\"https:\/\/teiaeducation.ch\/product\/land-form-cards-nienhuis-montessori\/\">Landformkarten<\/a> sind auch separat in unserem Webshop erh\u00e4ltlich.<\/span><\/p>\n<p>Die niederl\u00e4ndische Marke Nienhuis Montessori ist die weltweit f\u00fchrende Montessori Marke, die das Erbe von Maria Montessori ehrt und fortf\u00fchrt und das breiteste und innovativste Sortiment an Montessori-Materialien, M\u00f6beln, B\u00fccher und verwandten Produkten herstellt. Die hochwertigen Nienhuis Montessori Produkte geben den Kindern die Werkzeuge, die sie brauchen, um Unabhangig und kritisch zu denken. Alle Nienhuis Montessori Materialien sind vom Materialkomitee der Association Montessori Internationale (<a href=\"https:\/\/montessori-ami.org\/\">AMI<\/a>) zertifiziert und werden sorgf\u00e4ltig hergestellt, um Schwierigkeiten zu isolieren, so dass die Kinder sich konzentrieren, lernen und sich entwickeln k\u00f6nnen.<\/p>\n<p>Nienhuis Montessori ist eine der Marken des Niederlandischen Unternehmens Heutink International, das weltweit die besten pedagogischen Marken anbietet, die auf spielerisches Lernen ausgerichtet sind.<\/p>\n<p>Dieses Material ist f\u00fcr Kinder ab 4 Jahren geeignet.<\/p>\n<p>Inhalt:<\/p>\n<p><span style=\"font-family: arial, helvetica, sans-serif;\">4 Land- und Wasserformschalen (20 x 20 x 4 cm)<\/span><\/p>\n<p><em>We currently do not have this item in stock, but it is available on pre-order. We will order this item for you from our supplier. Due to importation from the European Union to Switzerland please allow 2 to maximum 3 weeks for delivery. <\/em><\/p>\n\t<div id=\"gap-1252409111\" class=\"gap-element clearfix\" style=\"display:block; height:auto;\">\n\t\t\n<style>\n#gap-1252409111 {\n  padding-top: 20px;\n}\n<\/style>\n\t<\/div>\n\t\n","protected":false},"excerpt":{"rendered":"<p>Artikelnummer: 022800<\/p>\n<p>Die Nienhuis Montessori Schalen Land- und Wasserformen, Satz 2 sind Geographie-Materialien, mit denen man die Namen der Land- und Wasserformen der Welt lernt.<\/p>\n","protected":false},"featured_media":56746,"comment_status":"open","ping_status":"closed","template":"","meta":[],"product_brand":[],"product_cat":[21445,21446,21524,21479,21515,21647,21510,21509,21481,21559,21443,21572,21557,21564,21520,21536],"product_tag":[26535,26035,23108,23120,23107,22981,26537,23104,23109,26538],"class_list":{"0":"post-56745","1":"product","2":"type-product","3":"status-publish","4":"has-post-thumbnail","6":"product_cat-3-6-jahre-vorschule","7":"product_cat-6-12-jahre-grundschule","8":"product_cat-alphabetisierung-sprache","9":"product_cat-lernmaterialien-spielzeug-montessori-waldorf-steiner-froebel","10":"product_cat-erde-universum","11":"product_cat-geographie-nienhuis-montessori","12":"product_cat-kultur-wissenschaft","13":"product_cat-lernthemen","14":"product_cat-montessori-paedagogik-material-spielzeug","15":"product_cat-motorische-fertigkeiten","16":"product_cat-nach-alter","17":"product_cat-nienhuis-montessori-schweiz","18":"product_cat-sensorische-motorische-fertigkeiten","19":"product_cat-unsere-marken","20":"product_cat-wissenschaft","21":"product_cat-wortschatz","22":"product_tag-erde","23":"product_tag-geographie-de","24":"product_tag-montessori-kleinkind-3-6","25":"product_tag-montessori-material-schweiz","26":"product_tag-montessori-sinnesmaterial-de","27":"product_tag-nienhuis-montessori-de","28":"product_tag-nienhuis-montessori-geographie-materialien","29":"product_tag-nienhuis-montessori-material-schweiz","30":"product_tag-rosa-turm-montessori","31":"product_tag-schalen-land-und-wasserformen-satz-2-nienhuis-montessori","33":"first","34":"onbackorder","35":"sold-individually","36":"taxable","37":"shipping-taxable","38":"purchasable","39":"product-type-simple"},"yoast_head":"<!-- This site is optimized with the Yoast SEO plugin v27.1.1 - https:\/\/yoast.com\/product\/yoast-seo-wordpress\/ -->\n<title>Schalen Land- und Wasserformen, Satz 2 Nienhuis Montessori<\/title>\n<meta name=\"description\" content=\"Die Nienhuis Montessori Schalen Land- und Wasserformen, Satz 2 sind Geographie-Materialien, mit denen man die Namen der Land- und Wasserformen der Welt lernt.\" \/>\n<meta name=\"robots\" content=\"index, follow, max-snippet:-1, max-image-preview:large, max-video-preview:-1\" \/>\n<link rel=\"canonical\" href=\"https:\/\/teiaeducation.ch\/de\/produkt\/schalen-land-und-wasserformen-satz-2-nienhuis-montessori\/\" \/>\n<meta property=\"og:locale\" content=\"de_DE\" \/>\n<meta property=\"og:type\" content=\"article\" \/>\n<meta property=\"og:title\" content=\"Schalen Land- und Wasserformen, Satz 2 Nienhuis Montessori\" \/>\n<meta property=\"og:description\" content=\"Die Nienhuis Montessori Schalen Land- und Wasserformen, Satz 2 sind Geographie-Materialien, mit denen man die Namen der Land- und Wasserformen der Welt lernt.\" \/>\n<meta property=\"og:url\" content=\"https:\/\/teiaeducation.ch\/de\/produkt\/schalen-land-und-wasserformen-satz-2-nienhuis-montessori\/\" \/>\n<meta property=\"og:site_name\" content=\"Sustainable Educational Products &amp; Ecological Toys\u00a0\" \/>\n<meta property=\"article:publisher\" content=\"https:\/\/www.facebook.com\/teiaeducation\/\" \/>\n<meta property=\"article:modified_time\" content=\"2023-10-20T09:59:01+00:00\" \/>\n<meta property=\"og:image\" content=\"https:\/\/teiaeducation.ch\/wp-content\/uploads\/2019\/05\/400_022800_main_or_1-scaled-scaled.jpg\" \/>\n\t<meta property=\"og:image:width\" content=\"2048\" \/>\n\t<meta property=\"og:image:height\" content=\"2048\" \/>\n\t<meta property=\"og:image:type\" content=\"image\/jpeg\" \/>\n<script type=\"application\/ld+json\" class=\"yoast-schema-graph\">{\"@context\":\"https:\/\/schema.org\",\"@graph\":[{\"@type\":\"WebPage\",\"@id\":\"https:\/\/teiaeducation.ch\/de\/produkt\/schalen-land-und-wasserformen-satz-2-nienhuis-montessori\/\",\"url\":\"https:\/\/teiaeducation.ch\/de\/produkt\/schalen-land-und-wasserformen-satz-2-nienhuis-montessori\/\",\"name\":\"Schalen Land- und Wasserformen, Satz 2 Nienhuis Montessori\",\"isPartOf\":{\"@id\":\"https:\/\/teiaeducation.ch\/de\/#website\"},\"primaryImageOfPage\":{\"@id\":\"https:\/\/teiaeducation.ch\/de\/produkt\/schalen-land-und-wasserformen-satz-2-nienhuis-montessori\/#primaryimage\"},\"image\":{\"@id\":\"https:\/\/teiaeducation.ch\/de\/produkt\/schalen-land-und-wasserformen-satz-2-nienhuis-montessori\/#primaryimage\"},\"thumbnailUrl\":\"https:\/\/teiaeducation.ch\/wp-content\/uploads\/2019\/05\/400_022800_main_or_1-scaled-scaled.jpg\",\"datePublished\":\"2021-01-27T15:42:10+00:00\",\"dateModified\":\"2023-10-20T09:59:01+00:00\",\"description\":\"Die Nienhuis Montessori Schalen Land- und Wasserformen, Satz 2 sind Geographie-Materialien, mit denen man die Namen der Land- und Wasserformen der Welt lernt.\",\"breadcrumb\":{\"@id\":\"https:\/\/teiaeducation.ch\/de\/produkt\/schalen-land-und-wasserformen-satz-2-nienhuis-montessori\/#breadcrumb\"},\"inLanguage\":\"de-CH\",\"potentialAction\":[{\"@type\":\"ReadAction\",\"target\":[\"https:\/\/teiaeducation.ch\/de\/produkt\/schalen-land-und-wasserformen-satz-2-nienhuis-montessori\/\"]}]},{\"@type\":\"ImageObject\",\"inLanguage\":\"de-CH\",\"@id\":\"https:\/\/teiaeducation.ch\/de\/produkt\/schalen-land-und-wasserformen-satz-2-nienhuis-montessori\/#primaryimage\",\"url\":\"https:\/\/teiaeducation.ch\/wp-content\/uploads\/2019\/05\/400_022800_main_or_1-scaled-scaled.jpg\",\"contentUrl\":\"https:\/\/teiaeducation.ch\/wp-content\/uploads\/2019\/05\/400_022800_main_or_1-scaled-scaled.jpg\",\"width\":2048,\"height\":2048,\"caption\":\"Schalen Land- und Wasserformen, Satz 2 - Nienhuis Montessori\"},{\"@type\":\"BreadcrumbList\",\"@id\":\"https:\/\/teiaeducation.ch\/de\/produkt\/schalen-land-und-wasserformen-satz-2-nienhuis-montessori\/#breadcrumb\",\"itemListElement\":[{\"@type\":\"ListItem\",\"position\":1,\"name\":\"Home\",\"item\":\"https:\/\/teiaeducation.ch\/de\/\"},{\"@type\":\"ListItem\",\"position\":2,\"name\":\"Laden\",\"item\":\"https:\/\/teiaeducation.ch\/de\/shop\/\"},{\"@type\":\"ListItem\",\"position\":3,\"name\":\"Unsere Marken\",\"item\":\"https:\/\/teiaeducation.ch\/de\/produkt-kategorie\/unsere-marken\/\"},{\"@type\":\"ListItem\",\"position\":4,\"name\":\"Nienhuis Montessori Schweiz\",\"item\":\"https:\/\/teiaeducation.ch\/de\/produkt-kategorie\/unsere-marken\/nienhuis-montessori-schweiz\/\"},{\"@type\":\"ListItem\",\"position\":5,\"name\":\"Geografie Material\",\"item\":\"https:\/\/teiaeducation.ch\/de\/produkt-kategorie\/unsere-marken\/nienhuis-montessori-schweiz\/geographie-nienhuis-montessori\/\"},{\"@type\":\"ListItem\",\"position\":6,\"name\":\"Schalen Land- und Wasserformen, Satz 2 &#8211; Nienhuis Montessori\"}]},{\"@type\":\"WebSite\",\"@id\":\"https:\/\/teiaeducation.ch\/de\/#website\",\"url\":\"https:\/\/teiaeducation.ch\/de\/\",\"name\":\"Sustainable Educational Products &amp; Ecological Toys\u00a0\",\"description\":\"Specialised Swiss shop selling sustainable educational toys and games, AMI certified Montessori materials, handmade ecological wooden Waldorf toys and arts &amp; crafts supplies, school supplies, children&#039;s furniture and Montessori reference and parenting books.\",\"publisher\":{\"@id\":\"https:\/\/teiaeducation.ch\/de\/#organization\"},\"alternateName\":\"Teia Education & Play\",\"potentialAction\":[{\"@type\":\"SearchAction\",\"target\":{\"@type\":\"EntryPoint\",\"urlTemplate\":\"https:\/\/teiaeducation.ch\/de\/?s={search_term_string}\"},\"query-input\":{\"@type\":\"PropertyValueSpecification\",\"valueRequired\":true,\"valueName\":\"search_term_string\"}}],\"inLanguage\":\"de-CH\"},{\"@type\":\"Organization\",\"@id\":\"https:\/\/teiaeducation.ch\/de\/#organization\",\"name\":\"Teia Education & Play\",\"url\":\"https:\/\/teiaeducation.ch\/de\/\",\"logo\":{\"@type\":\"ImageObject\",\"inLanguage\":\"de-CH\",\"@id\":\"https:\/\/teiaeducation.ch\/de\/#\/schema\/logo\/image\/\",\"url\":\"https:\/\/teiaeducation.ch\/wp-content\/uploads\/2020\/11\/Teia-Education-Switzerland-e1620156442216.jpg\",\"contentUrl\":\"https:\/\/teiaeducation.ch\/wp-content\/uploads\/2020\/11\/Teia-Education-Switzerland-e1620156442216.jpg\",\"width\":166,\"height\":145,\"caption\":\"Teia Education & Play\"},\"image\":{\"@id\":\"https:\/\/teiaeducation.ch\/de\/#\/schema\/logo\/image\/\"},\"sameAs\":[\"https:\/\/www.facebook.com\/teiaeducation\/\",\"https:\/\/x.com\/EducationTeia\",\"https:\/\/www.instagram.com\/teia.education\/\",\"https:\/\/www.linkedin.com\/company\/35501660\",\"https:\/\/www.pinterest.ch\/TeiaEducation\/\"]}]}<\/script>\n<!-- \/ Yoast SEO plugin. -->","yoast_head_json":{"title":"Schalen Land- und Wasserformen, Satz 2 Nienhuis Montessori","description":"Die Nienhuis Montessori Schalen Land- und Wasserformen, Satz 2 sind Geographie-Materialien, mit denen man die Namen der Land- und Wasserformen der Welt lernt.","robots":{"index":"index","follow":"follow","max-snippet":"max-snippet:-1","max-image-preview":"max-image-preview:large","max-video-preview":"max-video-preview:-1"},"canonical":"https:\/\/teiaeducation.ch\/de\/produkt\/schalen-land-und-wasserformen-satz-2-nienhuis-montessori\/","og_locale":"de_DE","og_type":"article","og_title":"Schalen Land- und Wasserformen, Satz 2 Nienhuis Montessori","og_description":"Die Nienhuis Montessori Schalen Land- und Wasserformen, Satz 2 sind Geographie-Materialien, mit denen man die Namen der Land- und Wasserformen der Welt lernt.","og_url":"https:\/\/teiaeducation.ch\/de\/produkt\/schalen-land-und-wasserformen-satz-2-nienhuis-montessori\/","og_site_name":"Sustainable Educational Products &amp; Ecological Toys\u00a0","article_publisher":"https:\/\/www.facebook.com\/teiaeducation\/","article_modified_time":"2023-10-20T09:59:01+00:00","og_image":[{"width":2048,"height":2048,"url":"https:\/\/teiaeducation.ch\/wp-content\/uploads\/2019\/05\/400_022800_main_or_1-scaled-scaled.jpg","type":"image\/jpeg"}],"schema":{"@context":"https:\/\/schema.org","@graph":[{"@type":"WebPage","@id":"https:\/\/teiaeducation.ch\/de\/produkt\/schalen-land-und-wasserformen-satz-2-nienhuis-montessori\/","url":"https:\/\/teiaeducation.ch\/de\/produkt\/schalen-land-und-wasserformen-satz-2-nienhuis-montessori\/","name":"Schalen Land- und Wasserformen, Satz 2 Nienhuis Montessori","isPartOf":{"@id":"https:\/\/teiaeducation.ch\/de\/#website"},"primaryImageOfPage":{"@id":"https:\/\/teiaeducation.ch\/de\/produkt\/schalen-land-und-wasserformen-satz-2-nienhuis-montessori\/#primaryimage"},"image":{"@id":"https:\/\/teiaeducation.ch\/de\/produkt\/schalen-land-und-wasserformen-satz-2-nienhuis-montessori\/#primaryimage"},"thumbnailUrl":"https:\/\/teiaeducation.ch\/wp-content\/uploads\/2019\/05\/400_022800_main_or_1-scaled-scaled.jpg","datePublished":"2021-01-27T15:42:10+00:00","dateModified":"2023-10-20T09:59:01+00:00","description":"Die Nienhuis Montessori Schalen Land- und Wasserformen, Satz 2 sind Geographie-Materialien, mit denen man die Namen der Land- und Wasserformen der Welt lernt.","breadcrumb":{"@id":"https:\/\/teiaeducation.ch\/de\/produkt\/schalen-land-und-wasserformen-satz-2-nienhuis-montessori\/#breadcrumb"},"inLanguage":"de-CH","potentialAction":[{"@type":"ReadAction","target":["https:\/\/teiaeducation.ch\/de\/produkt\/schalen-land-und-wasserformen-satz-2-nienhuis-montessori\/"]}]},{"@type":"ImageObject","inLanguage":"de-CH","@id":"https:\/\/teiaeducation.ch\/de\/produkt\/schalen-land-und-wasserformen-satz-2-nienhuis-montessori\/#primaryimage","url":"https:\/\/teiaeducation.ch\/wp-content\/uploads\/2019\/05\/400_022800_main_or_1-scaled-scaled.jpg","contentUrl":"https:\/\/teiaeducation.ch\/wp-content\/uploads\/2019\/05\/400_022800_main_or_1-scaled-scaled.jpg","width":2048,"height":2048,"caption":"Schalen Land- und Wasserformen, Satz 2 - Nienhuis Montessori"},{"@type":"BreadcrumbList","@id":"https:\/\/teiaeducation.ch\/de\/produkt\/schalen-land-und-wasserformen-satz-2-nienhuis-montessori\/#breadcrumb","itemListElement":[{"@type":"ListItem","position":1,"name":"Home","item":"https:\/\/teiaeducation.ch\/de\/"},{"@type":"ListItem","position":2,"name":"Laden","item":"https:\/\/teiaeducation.ch\/de\/shop\/"},{"@type":"ListItem","position":3,"name":"Unsere Marken","item":"https:\/\/teiaeducation.ch\/de\/produkt-kategorie\/unsere-marken\/"},{"@type":"ListItem","position":4,"name":"Nienhuis Montessori Schweiz","item":"https:\/\/teiaeducation.ch\/de\/produkt-kategorie\/unsere-marken\/nienhuis-montessori-schweiz\/"},{"@type":"ListItem","position":5,"name":"Geografie Material","item":"https:\/\/teiaeducation.ch\/de\/produkt-kategorie\/unsere-marken\/nienhuis-montessori-schweiz\/geographie-nienhuis-montessori\/"},{"@type":"ListItem","position":6,"name":"Schalen Land- und Wasserformen, Satz 2 &#8211; Nienhuis Montessori"}]},{"@type":"WebSite","@id":"https:\/\/teiaeducation.ch\/de\/#website","url":"https:\/\/teiaeducation.ch\/de\/","name":"Sustainable Educational Products &amp; Ecological Toys\u00a0","description":"Specialised Swiss shop selling sustainable educational toys and games, AMI certified Montessori materials, handmade ecological wooden Waldorf toys and arts &amp; crafts supplies, school supplies, children&#039;s furniture and Montessori reference and parenting books.","publisher":{"@id":"https:\/\/teiaeducation.ch\/de\/#organization"},"alternateName":"Teia Education & Play","potentialAction":[{"@type":"SearchAction","target":{"@type":"EntryPoint","urlTemplate":"https:\/\/teiaeducation.ch\/de\/?s={search_term_string}"},"query-input":{"@type":"PropertyValueSpecification","valueRequired":true,"valueName":"search_term_string"}}],"inLanguage":"de-CH"},{"@type":"Organization","@id":"https:\/\/teiaeducation.ch\/de\/#organization","name":"Teia Education & Play","url":"https:\/\/teiaeducation.ch\/de\/","logo":{"@type":"ImageObject","inLanguage":"de-CH","@id":"https:\/\/teiaeducation.ch\/de\/#\/schema\/logo\/image\/","url":"https:\/\/teiaeducation.ch\/wp-content\/uploads\/2020\/11\/Teia-Education-Switzerland-e1620156442216.jpg","contentUrl":"https:\/\/teiaeducation.ch\/wp-content\/uploads\/2020\/11\/Teia-Education-Switzerland-e1620156442216.jpg","width":166,"height":145,"caption":"Teia Education & Play"},"image":{"@id":"https:\/\/teiaeducation.ch\/de\/#\/schema\/logo\/image\/"},"sameAs":["https:\/\/www.facebook.com\/teiaeducation\/","https:\/\/x.com\/EducationTeia","https:\/\/www.instagram.com\/teia.education\/","https:\/\/www.linkedin.com\/company\/35501660","https:\/\/www.pinterest.ch\/TeiaEducation\/"]}]}},"_links":{"self":[{"href":"https:\/\/teiaeducation.ch\/de\/wp-json\/wp\/v2\/product\/56745","targetHints":{"allow":["GET"]}}],"collection":[{"href":"https:\/\/teiaeducation.ch\/de\/wp-json\/wp\/v2\/product"}],"about":[{"href":"https:\/\/teiaeducation.ch\/de\/wp-json\/wp\/v2\/types\/product"}],"replies":[{"embeddable":true,"href":"https:\/\/teiaeducation.ch\/de\/wp-json\/wp\/v2\/comments?post=56745"}],"wp:featuredmedia":[{"embeddable":true,"href":"https:\/\/teiaeducation.ch\/de\/wp-json\/wp\/v2\/media\/56746"}],"wp:attachment":[{"href":"https:\/\/teiaeducation.ch\/de\/wp-json\/wp\/v2\/media?parent=56745"}],"wp:term":[{"taxonomy":"product_brand","embeddable":true,"href":"https:\/\/teiaeducation.ch\/de\/wp-json\/wp\/v2\/product_brand?post=56745"},{"taxonomy":"product_cat","embeddable":true,"href":"https:\/\/teiaeducation.ch\/de\/wp-json\/wp\/v2\/product_cat?post=56745"},{"taxonomy":"product_tag","embeddable":true,"href":"https:\/\/teiaeducation.ch\/de\/wp-json\/wp\/v2\/product_tag?post=56745"}],"curies":[{"name":"wp","href":"https:\/\/api.w.org\/{rel}","templated":true}]}}