{"id":56754,"date":"2021-01-27T16:29:10","date_gmt":"2021-01-27T15:29:10","guid":{"rendered":"https:\/\/teiaeducation.ch\/product\/kunststoffkreis-zum-aufmalen-der-beiden-erdkugelhaelften-nienhuis-montessori\/"},"modified":"2023-10-20T12:51:12","modified_gmt":"2023-10-20T10:51:12","slug":"kunststoffkreis-zum-aufmalen-der-beiden-erdkugelhalften-nienhuis-montessori","status":"publish","type":"product","link":"https:\/\/teiaeducation.ch\/de\/produkt\/kunststoffkreis-zum-aufmalen-der-beiden-erdkugelhalften-nienhuis-montessori\/","title":{"rendered":"Kunststoffkreis zum Aufmalen der beiden Erdkugelh\u00e4lften &#8211; Nienhuis Montessori"},"content":{"rendered":"<p>Der Nienhuis Montessori Kunststoffkreis zum Aufmalen der beiden Erdkugelh\u00e4lften die Puzzlekarte der Weltteile und Kontinente ist Montessori Geographie Material und ein Ersatzteil f\u00fcr die Puzzlekarte der <a href=\"https:\/\/teiaeducation.ch\/product\/puzzle-map-world-parts-nienhuis-montessori\/\">Weltteile<\/a>.<\/p>\n<p>Durch sensorische Aktivit\u00e4ten mit den Puzzle-Karten beginnen die Kinder, ihr Wissen \u00fcber die Geografie der Welt zu erweitern. Die Nienhuis Montessori Puzzlekarte Erdteile ist Teil des Montessori Geographiematerials und zeigt beide Hemisph\u00e4ren und die Farben der Kontinente entsprechen denen der <a href=\"https:\/\/teiaeducation.ch\/product\/globe-of-the-continents-colored-nienhuis-montessori\/\">Globus der Kontinente<\/a>So kann man die runde Form des Globus mit der flachen Darstellung der Erde auf dem R\u00e4tsel vergleichen.<\/p>\n<p>Die niederl\u00e4ndische Marke Nienhuis Montessori ist die weltweit f\u00fchrende Montessori Marke, die das Erbe von Maria Montessori ehrt und fortf\u00fchrt und das breiteste und innovativste Sortiment an Montessori-Materialien, M\u00f6beln und verwandten Produkten herstellt. Die hochwertigen Nienhuis Montessori Produkte geben den Kindern die Werkzeuge, die sie brauchen, um Unabhangig und kritisch zu denken. Alle Nienhuis Montessori Materialien sind vom Materialkomitee der Association Montessori Internationale (<a href=\"https:\/\/montessori-ami.org\/\">AMI<\/a>) zertifiziert und werden sorgf\u00e4ltig hergestellt, um Schwierigkeiten zu isolieren, so dass die Kinder sich konzentrieren, lernen und sich entwickeln k\u00f6nnen.<\/p>\n<p>Nienhuis Montessori ist eine der Marken des Niederlandischen Unternehmens Heutink International, das weltweit die besten pedagogischen Marken anbietet, die auf spielerisches Lernen ausgerichtet sind.<\/p>\n<p>Dieses Material ist f\u00fcr Kinder ab 5 Jahren geeignet.<\/p>\n<p>Inhalt:<\/p>\n<p>1 Kreis aus Kunststoff<\/p>\n","protected":false},"excerpt":{"rendered":"<p>Artikelnummer: 0177A0<\/p>\n<p>Der Nienhuis Montessori Kunststoffkreis zum Aufmalen der beiden Erdkugelh\u00e4lften der Puzzlekarte mit den Weltteilen und Kontinenten ist ein Ersatzteil f\u00fcr die Puzzlekarte der Weltteile.<\/p>\n","protected":false},"featured_media":56755,"comment_status":"open","ping_status":"closed","template":"","meta":[],"product_brand":[],"product_cat":[21445,21446,21479,21508,21647,21517,21510,21509,21481,21443,21563,21572,21523,21564],"product_tag":[26035,23108,23107,22981,23109,26542],"class_list":{"0":"post-56754","1":"product","2":"type-product","3":"status-publish","4":"has-post-thumbnail","6":"product_cat-3-6-jahre-vorschule","7":"product_cat-6-12-jahre-grundschule","8":"product_cat-lernmaterialien-spielzeug-montessori-waldorf-steiner-froebel","9":"product_cat-ersatzteile","10":"product_cat-geographie-nienhuis-montessori","11":"product_cat-humangeographie-kultur","12":"product_cat-kultur-wissenschaft","13":"product_cat-lernthemen","14":"product_cat-montessori-paedagogik-material-spielzeug","15":"product_cat-nach-alter","16":"product_cat-neuheiten","17":"product_cat-nienhuis-montessori-schweiz","18":"product_cat-topographie-de","19":"product_cat-unsere-marken","20":"product_tag-geographie-de","21":"product_tag-montessori-kleinkind-3-6","22":"product_tag-montessori-sinnesmaterial-de","23":"product_tag-nienhuis-montessori-de","24":"product_tag-rosa-turm-montessori","25":"product_tag-topographie-de","27":"first","28":"instock","29":"sold-individually","30":"taxable","31":"shipping-taxable","32":"purchasable","33":"product-type-simple"},"yoast_head":"<!-- This site is optimized with the Yoast SEO plugin v27.1.1 - https:\/\/yoast.com\/product\/yoast-seo-wordpress\/ -->\n<title>Kunststoffkreis zum Aufmalen der beiden Erdkugelh\u00e4lften - Nienhuis Montessori<\/title>\n<meta name=\"description\" content=\"Der Nienhuis Montessori Kunststoffkreis zum Aufmalen der beiden Erdkugelh\u00e4lften die Puzzlekarte der Weltteile und Kontinente ist ein Ersatzteil aus dem Geographie-Materialsortiment.\" \/>\n<meta name=\"robots\" content=\"index, follow, max-snippet:-1, max-image-preview:large, max-video-preview:-1\" \/>\n<link rel=\"canonical\" href=\"https:\/\/teiaeducation.ch\/de\/produkt\/kunststoffkreis-zum-aufmalen-der-beiden-erdkugelhalften-nienhuis-montessori\/\" \/>\n<meta property=\"og:locale\" content=\"de_DE\" \/>\n<meta property=\"og:type\" content=\"article\" \/>\n<meta property=\"og:title\" content=\"Kunststoffkreis zum Aufmalen der beiden Erdkugelh\u00e4lften - Nienhuis Montessori\" \/>\n<meta property=\"og:description\" content=\"Der Nienhuis Montessori Kunststoffkreis zum Aufmalen der beiden Erdkugelh\u00e4lften die Puzzlekarte der Weltteile und Kontinente ist ein Ersatzteil aus dem Geographie-Materialsortiment.\" \/>\n<meta property=\"og:url\" content=\"https:\/\/teiaeducation.ch\/de\/produkt\/kunststoffkreis-zum-aufmalen-der-beiden-erdkugelhalften-nienhuis-montessori\/\" \/>\n<meta property=\"og:site_name\" content=\"Sustainable Educational Products &amp; Ecological Toys\u00a0\" \/>\n<meta property=\"article:publisher\" content=\"https:\/\/www.facebook.com\/teiaeducation\/\" \/>\n<meta property=\"article:modified_time\" content=\"2023-10-20T10:51:12+00:00\" \/>\n<meta property=\"og:image\" content=\"https:\/\/teiaeducation.ch\/wp-content\/uploads\/2019\/05\/400_0177A0_main_or_1-scaled-scaled.jpg\" \/>\n\t<meta property=\"og:image:width\" content=\"2048\" \/>\n\t<meta property=\"og:image:height\" content=\"2048\" \/>\n\t<meta property=\"og:image:type\" content=\"image\/jpeg\" \/>\n<script type=\"application\/ld+json\" class=\"yoast-schema-graph\">{\"@context\":\"https:\/\/schema.org\",\"@graph\":[{\"@type\":\"WebPage\",\"@id\":\"https:\/\/teiaeducation.ch\/de\/produkt\/kunststoffkreis-zum-aufmalen-der-beiden-erdkugelhalften-nienhuis-montessori\/\",\"url\":\"https:\/\/teiaeducation.ch\/de\/produkt\/kunststoffkreis-zum-aufmalen-der-beiden-erdkugelhalften-nienhuis-montessori\/\",\"name\":\"Kunststoffkreis zum Aufmalen der beiden Erdkugelh\u00e4lften - Nienhuis Montessori\",\"isPartOf\":{\"@id\":\"https:\/\/teiaeducation.ch\/de\/#website\"},\"primaryImageOfPage\":{\"@id\":\"https:\/\/teiaeducation.ch\/de\/produkt\/kunststoffkreis-zum-aufmalen-der-beiden-erdkugelhalften-nienhuis-montessori\/#primaryimage\"},\"image\":{\"@id\":\"https:\/\/teiaeducation.ch\/de\/produkt\/kunststoffkreis-zum-aufmalen-der-beiden-erdkugelhalften-nienhuis-montessori\/#primaryimage\"},\"thumbnailUrl\":\"https:\/\/teiaeducation.ch\/wp-content\/uploads\/2019\/05\/400_0177A0_main_or_1-scaled-scaled.jpg\",\"datePublished\":\"2021-01-27T15:29:10+00:00\",\"dateModified\":\"2023-10-20T10:51:12+00:00\",\"description\":\"Der Nienhuis Montessori Kunststoffkreis zum Aufmalen der beiden Erdkugelh\u00e4lften die Puzzlekarte der Weltteile und Kontinente ist ein Ersatzteil aus dem Geographie-Materialsortiment.\",\"breadcrumb\":{\"@id\":\"https:\/\/teiaeducation.ch\/de\/produkt\/kunststoffkreis-zum-aufmalen-der-beiden-erdkugelhalften-nienhuis-montessori\/#breadcrumb\"},\"inLanguage\":\"de-CH\",\"potentialAction\":[{\"@type\":\"ReadAction\",\"target\":[\"https:\/\/teiaeducation.ch\/de\/produkt\/kunststoffkreis-zum-aufmalen-der-beiden-erdkugelhalften-nienhuis-montessori\/\"]}]},{\"@type\":\"ImageObject\",\"inLanguage\":\"de-CH\",\"@id\":\"https:\/\/teiaeducation.ch\/de\/produkt\/kunststoffkreis-zum-aufmalen-der-beiden-erdkugelhalften-nienhuis-montessori\/#primaryimage\",\"url\":\"https:\/\/teiaeducation.ch\/wp-content\/uploads\/2019\/05\/400_0177A0_main_or_1-scaled-scaled.jpg\",\"contentUrl\":\"https:\/\/teiaeducation.ch\/wp-content\/uploads\/2019\/05\/400_0177A0_main_or_1-scaled-scaled.jpg\",\"width\":2048,\"height\":2048,\"caption\":\"Kunststoffkreis zum Aufmalen der beiden Erdkugelh\u00e4lften - Nienhuis Montessori\"},{\"@type\":\"BreadcrumbList\",\"@id\":\"https:\/\/teiaeducation.ch\/de\/produkt\/kunststoffkreis-zum-aufmalen-der-beiden-erdkugelhalften-nienhuis-montessori\/#breadcrumb\",\"itemListElement\":[{\"@type\":\"ListItem\",\"position\":1,\"name\":\"Home\",\"item\":\"https:\/\/teiaeducation.ch\/de\/\"},{\"@type\":\"ListItem\",\"position\":2,\"name\":\"Laden\",\"item\":\"https:\/\/teiaeducation.ch\/de\/shop\/\"},{\"@type\":\"ListItem\",\"position\":3,\"name\":\"Unsere Marken\",\"item\":\"https:\/\/teiaeducation.ch\/de\/produkt-kategorie\/unsere-marken\/\"},{\"@type\":\"ListItem\",\"position\":4,\"name\":\"Nienhuis Montessori Schweiz\",\"item\":\"https:\/\/teiaeducation.ch\/de\/produkt-kategorie\/unsere-marken\/nienhuis-montessori-schweiz\/\"},{\"@type\":\"ListItem\",\"position\":5,\"name\":\"Geografie Material\",\"item\":\"https:\/\/teiaeducation.ch\/de\/produkt-kategorie\/unsere-marken\/nienhuis-montessori-schweiz\/geographie-nienhuis-montessori\/\"},{\"@type\":\"ListItem\",\"position\":6,\"name\":\"Kunststoffkreis zum Aufmalen der beiden Erdkugelh\u00e4lften &#8211; Nienhuis Montessori\"}]},{\"@type\":\"WebSite\",\"@id\":\"https:\/\/teiaeducation.ch\/de\/#website\",\"url\":\"https:\/\/teiaeducation.ch\/de\/\",\"name\":\"Sustainable Educational Products &amp; Ecological Toys\u00a0\",\"description\":\"Specialised Swiss shop selling sustainable educational toys and games, AMI certified Montessori materials, handmade ecological wooden Waldorf toys and arts &amp; crafts supplies, school supplies, children&#039;s furniture and Montessori reference and parenting books.\",\"publisher\":{\"@id\":\"https:\/\/teiaeducation.ch\/de\/#organization\"},\"alternateName\":\"Teia Education & Play\",\"potentialAction\":[{\"@type\":\"SearchAction\",\"target\":{\"@type\":\"EntryPoint\",\"urlTemplate\":\"https:\/\/teiaeducation.ch\/de\/?s={search_term_string}\"},\"query-input\":{\"@type\":\"PropertyValueSpecification\",\"valueRequired\":true,\"valueName\":\"search_term_string\"}}],\"inLanguage\":\"de-CH\"},{\"@type\":\"Organization\",\"@id\":\"https:\/\/teiaeducation.ch\/de\/#organization\",\"name\":\"Teia Education & Play\",\"url\":\"https:\/\/teiaeducation.ch\/de\/\",\"logo\":{\"@type\":\"ImageObject\",\"inLanguage\":\"de-CH\",\"@id\":\"https:\/\/teiaeducation.ch\/de\/#\/schema\/logo\/image\/\",\"url\":\"https:\/\/teiaeducation.ch\/wp-content\/uploads\/2020\/11\/Teia-Education-Switzerland-e1620156442216.jpg\",\"contentUrl\":\"https:\/\/teiaeducation.ch\/wp-content\/uploads\/2020\/11\/Teia-Education-Switzerland-e1620156442216.jpg\",\"width\":166,\"height\":145,\"caption\":\"Teia Education & Play\"},\"image\":{\"@id\":\"https:\/\/teiaeducation.ch\/de\/#\/schema\/logo\/image\/\"},\"sameAs\":[\"https:\/\/www.facebook.com\/teiaeducation\/\",\"https:\/\/x.com\/EducationTeia\",\"https:\/\/www.instagram.com\/teia.education\/\",\"https:\/\/www.linkedin.com\/company\/35501660\",\"https:\/\/www.pinterest.ch\/TeiaEducation\/\"]}]}<\/script>\n<!-- \/ Yoast SEO plugin. -->","yoast_head_json":{"title":"Kunststoffkreis zum Aufmalen der beiden Erdkugelh\u00e4lften - Nienhuis Montessori","description":"Der Nienhuis Montessori Kunststoffkreis zum Aufmalen der beiden Erdkugelh\u00e4lften die Puzzlekarte der Weltteile und Kontinente ist ein Ersatzteil aus dem Geographie-Materialsortiment.","robots":{"index":"index","follow":"follow","max-snippet":"max-snippet:-1","max-image-preview":"max-image-preview:large","max-video-preview":"max-video-preview:-1"},"canonical":"https:\/\/teiaeducation.ch\/de\/produkt\/kunststoffkreis-zum-aufmalen-der-beiden-erdkugelhalften-nienhuis-montessori\/","og_locale":"de_DE","og_type":"article","og_title":"Kunststoffkreis zum Aufmalen der beiden Erdkugelh\u00e4lften - Nienhuis Montessori","og_description":"Der Nienhuis Montessori Kunststoffkreis zum Aufmalen der beiden Erdkugelh\u00e4lften die Puzzlekarte der Weltteile und Kontinente ist ein Ersatzteil aus dem Geographie-Materialsortiment.","og_url":"https:\/\/teiaeducation.ch\/de\/produkt\/kunststoffkreis-zum-aufmalen-der-beiden-erdkugelhalften-nienhuis-montessori\/","og_site_name":"Sustainable Educational Products &amp; Ecological Toys\u00a0","article_publisher":"https:\/\/www.facebook.com\/teiaeducation\/","article_modified_time":"2023-10-20T10:51:12+00:00","og_image":[{"width":2048,"height":2048,"url":"https:\/\/teiaeducation.ch\/wp-content\/uploads\/2019\/05\/400_0177A0_main_or_1-scaled-scaled.jpg","type":"image\/jpeg"}],"schema":{"@context":"https:\/\/schema.org","@graph":[{"@type":"WebPage","@id":"https:\/\/teiaeducation.ch\/de\/produkt\/kunststoffkreis-zum-aufmalen-der-beiden-erdkugelhalften-nienhuis-montessori\/","url":"https:\/\/teiaeducation.ch\/de\/produkt\/kunststoffkreis-zum-aufmalen-der-beiden-erdkugelhalften-nienhuis-montessori\/","name":"Kunststoffkreis zum Aufmalen der beiden Erdkugelh\u00e4lften - Nienhuis Montessori","isPartOf":{"@id":"https:\/\/teiaeducation.ch\/de\/#website"},"primaryImageOfPage":{"@id":"https:\/\/teiaeducation.ch\/de\/produkt\/kunststoffkreis-zum-aufmalen-der-beiden-erdkugelhalften-nienhuis-montessori\/#primaryimage"},"image":{"@id":"https:\/\/teiaeducation.ch\/de\/produkt\/kunststoffkreis-zum-aufmalen-der-beiden-erdkugelhalften-nienhuis-montessori\/#primaryimage"},"thumbnailUrl":"https:\/\/teiaeducation.ch\/wp-content\/uploads\/2019\/05\/400_0177A0_main_or_1-scaled-scaled.jpg","datePublished":"2021-01-27T15:29:10+00:00","dateModified":"2023-10-20T10:51:12+00:00","description":"Der Nienhuis Montessori Kunststoffkreis zum Aufmalen der beiden Erdkugelh\u00e4lften die Puzzlekarte der Weltteile und Kontinente ist ein Ersatzteil aus dem Geographie-Materialsortiment.","breadcrumb":{"@id":"https:\/\/teiaeducation.ch\/de\/produkt\/kunststoffkreis-zum-aufmalen-der-beiden-erdkugelhalften-nienhuis-montessori\/#breadcrumb"},"inLanguage":"de-CH","potentialAction":[{"@type":"ReadAction","target":["https:\/\/teiaeducation.ch\/de\/produkt\/kunststoffkreis-zum-aufmalen-der-beiden-erdkugelhalften-nienhuis-montessori\/"]}]},{"@type":"ImageObject","inLanguage":"de-CH","@id":"https:\/\/teiaeducation.ch\/de\/produkt\/kunststoffkreis-zum-aufmalen-der-beiden-erdkugelhalften-nienhuis-montessori\/#primaryimage","url":"https:\/\/teiaeducation.ch\/wp-content\/uploads\/2019\/05\/400_0177A0_main_or_1-scaled-scaled.jpg","contentUrl":"https:\/\/teiaeducation.ch\/wp-content\/uploads\/2019\/05\/400_0177A0_main_or_1-scaled-scaled.jpg","width":2048,"height":2048,"caption":"Kunststoffkreis zum Aufmalen der beiden Erdkugelh\u00e4lften - Nienhuis Montessori"},{"@type":"BreadcrumbList","@id":"https:\/\/teiaeducation.ch\/de\/produkt\/kunststoffkreis-zum-aufmalen-der-beiden-erdkugelhalften-nienhuis-montessori\/#breadcrumb","itemListElement":[{"@type":"ListItem","position":1,"name":"Home","item":"https:\/\/teiaeducation.ch\/de\/"},{"@type":"ListItem","position":2,"name":"Laden","item":"https:\/\/teiaeducation.ch\/de\/shop\/"},{"@type":"ListItem","position":3,"name":"Unsere Marken","item":"https:\/\/teiaeducation.ch\/de\/produkt-kategorie\/unsere-marken\/"},{"@type":"ListItem","position":4,"name":"Nienhuis Montessori Schweiz","item":"https:\/\/teiaeducation.ch\/de\/produkt-kategorie\/unsere-marken\/nienhuis-montessori-schweiz\/"},{"@type":"ListItem","position":5,"name":"Geografie Material","item":"https:\/\/teiaeducation.ch\/de\/produkt-kategorie\/unsere-marken\/nienhuis-montessori-schweiz\/geographie-nienhuis-montessori\/"},{"@type":"ListItem","position":6,"name":"Kunststoffkreis zum Aufmalen der beiden Erdkugelh\u00e4lften &#8211; Nienhuis Montessori"}]},{"@type":"WebSite","@id":"https:\/\/teiaeducation.ch\/de\/#website","url":"https:\/\/teiaeducation.ch\/de\/","name":"Sustainable Educational Products &amp; Ecological Toys\u00a0","description":"Specialised Swiss shop selling sustainable educational toys and games, AMI certified Montessori materials, handmade ecological wooden Waldorf toys and arts &amp; crafts supplies, school supplies, children&#039;s furniture and Montessori reference and parenting books.","publisher":{"@id":"https:\/\/teiaeducation.ch\/de\/#organization"},"alternateName":"Teia Education & Play","potentialAction":[{"@type":"SearchAction","target":{"@type":"EntryPoint","urlTemplate":"https:\/\/teiaeducation.ch\/de\/?s={search_term_string}"},"query-input":{"@type":"PropertyValueSpecification","valueRequired":true,"valueName":"search_term_string"}}],"inLanguage":"de-CH"},{"@type":"Organization","@id":"https:\/\/teiaeducation.ch\/de\/#organization","name":"Teia Education & Play","url":"https:\/\/teiaeducation.ch\/de\/","logo":{"@type":"ImageObject","inLanguage":"de-CH","@id":"https:\/\/teiaeducation.ch\/de\/#\/schema\/logo\/image\/","url":"https:\/\/teiaeducation.ch\/wp-content\/uploads\/2020\/11\/Teia-Education-Switzerland-e1620156442216.jpg","contentUrl":"https:\/\/teiaeducation.ch\/wp-content\/uploads\/2020\/11\/Teia-Education-Switzerland-e1620156442216.jpg","width":166,"height":145,"caption":"Teia Education & Play"},"image":{"@id":"https:\/\/teiaeducation.ch\/de\/#\/schema\/logo\/image\/"},"sameAs":["https:\/\/www.facebook.com\/teiaeducation\/","https:\/\/x.com\/EducationTeia","https:\/\/www.instagram.com\/teia.education\/","https:\/\/www.linkedin.com\/company\/35501660","https:\/\/www.pinterest.ch\/TeiaEducation\/"]}]}},"_links":{"self":[{"href":"https:\/\/teiaeducation.ch\/de\/wp-json\/wp\/v2\/product\/56754","targetHints":{"allow":["GET"]}}],"collection":[{"href":"https:\/\/teiaeducation.ch\/de\/wp-json\/wp\/v2\/product"}],"about":[{"href":"https:\/\/teiaeducation.ch\/de\/wp-json\/wp\/v2\/types\/product"}],"replies":[{"embeddable":true,"href":"https:\/\/teiaeducation.ch\/de\/wp-json\/wp\/v2\/comments?post=56754"}],"wp:featuredmedia":[{"embeddable":true,"href":"https:\/\/teiaeducation.ch\/de\/wp-json\/wp\/v2\/media\/56755"}],"wp:attachment":[{"href":"https:\/\/teiaeducation.ch\/de\/wp-json\/wp\/v2\/media?parent=56754"}],"wp:term":[{"taxonomy":"product_brand","embeddable":true,"href":"https:\/\/teiaeducation.ch\/de\/wp-json\/wp\/v2\/product_brand?post=56754"},{"taxonomy":"product_cat","embeddable":true,"href":"https:\/\/teiaeducation.ch\/de\/wp-json\/wp\/v2\/product_cat?post=56754"},{"taxonomy":"product_tag","embeddable":true,"href":"https:\/\/teiaeducation.ch\/de\/wp-json\/wp\/v2\/product_tag?post=56754"}],"curies":[{"name":"wp","href":"https:\/\/api.w.org\/{rel}","templated":true}]}}