{"id":56756,"date":"2021-01-27T16:28:10","date_gmt":"2021-01-27T15:28:10","guid":{"rendered":"https:\/\/teiaeducation.ch\/product\/kontrollkarte-erdteile-beschriftet-nienhuis-montessori\/"},"modified":"2023-10-20T13:01:24","modified_gmt":"2023-10-20T11:01:24","slug":"kontrollkarte-erdteile-beschriftet-nienhuis-montessori","status":"publish","type":"product","link":"https:\/\/teiaeducation.ch\/de\/produkt\/kontrollkarte-erdteile-beschriftet-nienhuis-montessori\/","title":{"rendered":"Kontrollkarte Erdteile: beschriftet &#8211; Nienhuis Montessori"},"content":{"rendered":"<p>Die Nienhuis Montessori Kontrollkarte Erdteile: beschriftet ist ein erg\u00e4nzendes lehrplanunterst\u00fctzendes Erdkundematerial f\u00fcr die Puzzlekarte der <a href=\"https:\/\/teiaeducation.ch\/product\/puzzle-map-world-parts-nienhuis-montessori\/\">Weltteile<\/a>.<\/p>\n<p>Durch sensorische Aktivit\u00e4ten mit den Puzzle-Karten beginnen die Kinder, ihr Wissen \u00fcber die Geografie der Welt zu erweitern. Die Nienhuis Montessori Puzzlekarte Erdteile ist Teil des Montessori Geographiematerials und zeigt beide Hemisph\u00e4ren und die Farben der Kontinente entsprechen denen der <a href=\"https:\/\/teiaeducation.ch\/product\/globe-of-the-continents-colored-nienhuis-montessori\/\">Globus der Kontinente<\/a>So kann man die runde Form des Globus mit der flachen Darstellung der Erde auf dem R\u00e4tsel vergleichen.<\/p>\n<p>Die niederl\u00e4ndische Marke Nienhuis Montessori ist die weltweit f\u00fchrende Montessori Marke, die das Erbe von Maria Montessori ehrt und fortf\u00fchrt und das breiteste und innovativste Sortiment an Montessori-Materialien, M\u00f6beln und verwandten Produkten herstellt. Die hochwertigen Nienhuis Montessori Produkte geben den Kindern die Werkzeuge, die sie brauchen, um Unabhangig und kritisch zu denken. Alle Nienhuis Montessori Materialien sind vom Materialkomitee der Association Montessori Internationale (<a href=\"https:\/\/montessori-ami.org\/\">AMI<\/a>) zertifiziert und werden sorgf\u00e4ltig hergestellt, um Schwierigkeiten zu isolieren, so dass die Kinder sich konzentrieren, lernen und sich entwickeln k\u00f6nnen.<\/p>\n<p>Nienhuis Montessori ist eine der Marken des Niederlandischen Unternehmens Heutink International, das weltweit die besten pedagogischen Marken anbietet, die auf spielerisches Lernen ausgerichtet sind.<\/p>\n<p>Dieses Material ist f\u00fcr Kinder ab 5 Jahren geeignet.<\/p>\n<p>Inhalt:<\/p>\n<p>1 Steuerkarte<\/p>\n<p><em>We currently do not have this item in stock, but it is available on pre-order. We will order this item for you from our supplier. Due to importation from the European Union to Switzerland please allow 2 to maximum 3 weeks for delivery. <\/em><\/p>\n\t<div id=\"gap-1131152093\" class=\"gap-element clearfix\" style=\"display:block; height:auto;\">\n\t\t\n<style>\n#gap-1131152093 {\n  padding-top: 20px;\n}\n<\/style>\n\t<\/div>\n\t\n","protected":false},"excerpt":{"rendered":"<p>Artikelnummer: 551210<\/p>\n<p>Die Nienhuis Montessori Kontrollkarte Erdteile: beschriftet ist ein erg\u00e4nzendes lehrplanunterst\u00fctzendes Erdkundematerial f\u00fcr die Puzzlekarte der <a href=\"https:\/\/teiaeducation.ch\/product\/puzzle-map-world-parts-nienhuis-montessori\/\">Weltteile<\/a>.<\/p>\n","protected":false},"featured_media":56757,"comment_status":"open","ping_status":"closed","template":"","meta":[],"product_brand":[],"product_cat":[21445,21446,21479,21571,21647,21517,21510,21509,21499,21481,21443,21563,21572,21523,21564],"product_tag":[26035,26005,22981,26034],"class_list":{"0":"post-56756","1":"product","2":"type-product","3":"status-publish","4":"has-post-thumbnail","6":"product_cat-3-6-jahre-vorschule","7":"product_cat-6-12-jahre-grundschule","8":"product_cat-lernmaterialien-spielzeug-montessori-waldorf-steiner-froebel","9":"product_cat-curriculum-erganzung-nienhuis-montessori","10":"product_cat-geographie-nienhuis-montessori","11":"product_cat-humangeographie-kultur","12":"product_cat-kultur-wissenschaft","13":"product_cat-lernthemen","14":"product_cat-lernunterstuetzung","15":"product_cat-montessori-paedagogik-material-spielzeug","16":"product_cat-nach-alter","17":"product_cat-neuheiten","18":"product_cat-nienhuis-montessori-schweiz","19":"product_cat-topographie-de","20":"product_cat-unsere-marken","21":"product_tag-geographie-de","22":"product_tag-grundschule-6-12-jahre","23":"product_tag-nienhuis-montessori-de","24":"product_tag-unterstutzung-des-lehrplans","26":"first","27":"onbackorder","28":"sold-individually","29":"taxable","30":"shipping-taxable","31":"purchasable","32":"product-type-simple"},"yoast_head":"<!-- This site is optimized with the Yoast SEO plugin v27.1.1 - https:\/\/yoast.com\/product\/yoast-seo-wordpress\/ -->\n<title>Kontrollkarte Erdteile: beschriftet - Nienhuis Montessori<\/title>\n<meta name=\"description\" content=\"Die Nienhuis Montessori Kontrollkarte Erdteile: beschriftet ist kostenloses lehrplanunterst\u00fctzendes Erdkundematerial f\u00fcr das Puzzle der Weltteile.\" \/>\n<meta name=\"robots\" content=\"index, follow, max-snippet:-1, max-image-preview:large, max-video-preview:-1\" \/>\n<link rel=\"canonical\" href=\"https:\/\/teiaeducation.ch\/de\/produkt\/kontrollkarte-erdteile-beschriftet-nienhuis-montessori\/\" \/>\n<meta property=\"og:locale\" content=\"de_DE\" \/>\n<meta property=\"og:type\" content=\"article\" \/>\n<meta property=\"og:title\" content=\"Kontrollkarte Erdteile: beschriftet - Nienhuis Montessori\" \/>\n<meta property=\"og:description\" content=\"Die Nienhuis Montessori Kontrollkarte Erdteile: beschriftet ist kostenloses lehrplanunterst\u00fctzendes Erdkundematerial f\u00fcr das Puzzle der Weltteile.\" \/>\n<meta property=\"og:url\" content=\"https:\/\/teiaeducation.ch\/de\/produkt\/kontrollkarte-erdteile-beschriftet-nienhuis-montessori\/\" \/>\n<meta property=\"og:site_name\" content=\"Sustainable Educational Products &amp; Ecological Toys\u00a0\" \/>\n<meta property=\"article:publisher\" content=\"https:\/\/www.facebook.com\/teiaeducation\/\" \/>\n<meta property=\"article:modified_time\" content=\"2023-10-20T11:01:24+00:00\" \/>\n<meta property=\"og:image\" content=\"https:\/\/teiaeducation.ch\/wp-content\/uploads\/2019\/05\/400_551210_main_or_1-scaled-scaled.jpg\" \/>\n\t<meta property=\"og:image:width\" content=\"2048\" \/>\n\t<meta property=\"og:image:height\" content=\"2048\" \/>\n\t<meta property=\"og:image:type\" content=\"image\/jpeg\" \/>\n<script type=\"application\/ld+json\" class=\"yoast-schema-graph\">{\"@context\":\"https:\/\/schema.org\",\"@graph\":[{\"@type\":\"WebPage\",\"@id\":\"https:\/\/teiaeducation.ch\/de\/produkt\/kontrollkarte-erdteile-beschriftet-nienhuis-montessori\/\",\"url\":\"https:\/\/teiaeducation.ch\/de\/produkt\/kontrollkarte-erdteile-beschriftet-nienhuis-montessori\/\",\"name\":\"Kontrollkarte Erdteile: beschriftet - Nienhuis Montessori\",\"isPartOf\":{\"@id\":\"https:\/\/teiaeducation.ch\/de\/#website\"},\"primaryImageOfPage\":{\"@id\":\"https:\/\/teiaeducation.ch\/de\/produkt\/kontrollkarte-erdteile-beschriftet-nienhuis-montessori\/#primaryimage\"},\"image\":{\"@id\":\"https:\/\/teiaeducation.ch\/de\/produkt\/kontrollkarte-erdteile-beschriftet-nienhuis-montessori\/#primaryimage\"},\"thumbnailUrl\":\"https:\/\/teiaeducation.ch\/wp-content\/uploads\/2019\/05\/400_551210_main_or_1-scaled-scaled.jpg\",\"datePublished\":\"2021-01-27T15:28:10+00:00\",\"dateModified\":\"2023-10-20T11:01:24+00:00\",\"description\":\"Die Nienhuis Montessori Kontrollkarte Erdteile: beschriftet ist kostenloses lehrplanunterst\u00fctzendes Erdkundematerial f\u00fcr das Puzzle der Weltteile.\",\"breadcrumb\":{\"@id\":\"https:\/\/teiaeducation.ch\/de\/produkt\/kontrollkarte-erdteile-beschriftet-nienhuis-montessori\/#breadcrumb\"},\"inLanguage\":\"de-CH\",\"potentialAction\":[{\"@type\":\"ReadAction\",\"target\":[\"https:\/\/teiaeducation.ch\/de\/produkt\/kontrollkarte-erdteile-beschriftet-nienhuis-montessori\/\"]}]},{\"@type\":\"ImageObject\",\"inLanguage\":\"de-CH\",\"@id\":\"https:\/\/teiaeducation.ch\/de\/produkt\/kontrollkarte-erdteile-beschriftet-nienhuis-montessori\/#primaryimage\",\"url\":\"https:\/\/teiaeducation.ch\/wp-content\/uploads\/2019\/05\/400_551210_main_or_1-scaled-scaled.jpg\",\"contentUrl\":\"https:\/\/teiaeducation.ch\/wp-content\/uploads\/2019\/05\/400_551210_main_or_1-scaled-scaled.jpg\",\"width\":2048,\"height\":2048,\"caption\":\"Kontrollkarte Erdteile: beschriftet - Nienhuis Montessori\"},{\"@type\":\"BreadcrumbList\",\"@id\":\"https:\/\/teiaeducation.ch\/de\/produkt\/kontrollkarte-erdteile-beschriftet-nienhuis-montessori\/#breadcrumb\",\"itemListElement\":[{\"@type\":\"ListItem\",\"position\":1,\"name\":\"Home\",\"item\":\"https:\/\/teiaeducation.ch\/de\/\"},{\"@type\":\"ListItem\",\"position\":2,\"name\":\"Laden\",\"item\":\"https:\/\/teiaeducation.ch\/de\/shop\/\"},{\"@type\":\"ListItem\",\"position\":3,\"name\":\"Unsere Marken\",\"item\":\"https:\/\/teiaeducation.ch\/de\/produkt-kategorie\/unsere-marken\/\"},{\"@type\":\"ListItem\",\"position\":4,\"name\":\"Nienhuis Montessori Schweiz\",\"item\":\"https:\/\/teiaeducation.ch\/de\/produkt-kategorie\/unsere-marken\/nienhuis-montessori-schweiz\/\"},{\"@type\":\"ListItem\",\"position\":5,\"name\":\"Geografie Material\",\"item\":\"https:\/\/teiaeducation.ch\/de\/produkt-kategorie\/unsere-marken\/nienhuis-montessori-schweiz\/geographie-nienhuis-montessori\/\"},{\"@type\":\"ListItem\",\"position\":6,\"name\":\"Kontrollkarte Erdteile: beschriftet &#8211; Nienhuis Montessori\"}]},{\"@type\":\"WebSite\",\"@id\":\"https:\/\/teiaeducation.ch\/de\/#website\",\"url\":\"https:\/\/teiaeducation.ch\/de\/\",\"name\":\"Sustainable Educational Products &amp; Ecological Toys\u00a0\",\"description\":\"Specialised Swiss shop selling sustainable educational toys and games, AMI certified Montessori materials, handmade ecological wooden Waldorf toys and arts &amp; crafts supplies, school supplies, children&#039;s furniture and Montessori reference and parenting books.\",\"publisher\":{\"@id\":\"https:\/\/teiaeducation.ch\/de\/#organization\"},\"alternateName\":\"Teia Education & Play\",\"potentialAction\":[{\"@type\":\"SearchAction\",\"target\":{\"@type\":\"EntryPoint\",\"urlTemplate\":\"https:\/\/teiaeducation.ch\/de\/?s={search_term_string}\"},\"query-input\":{\"@type\":\"PropertyValueSpecification\",\"valueRequired\":true,\"valueName\":\"search_term_string\"}}],\"inLanguage\":\"de-CH\"},{\"@type\":\"Organization\",\"@id\":\"https:\/\/teiaeducation.ch\/de\/#organization\",\"name\":\"Teia Education & Play\",\"url\":\"https:\/\/teiaeducation.ch\/de\/\",\"logo\":{\"@type\":\"ImageObject\",\"inLanguage\":\"de-CH\",\"@id\":\"https:\/\/teiaeducation.ch\/de\/#\/schema\/logo\/image\/\",\"url\":\"https:\/\/teiaeducation.ch\/wp-content\/uploads\/2020\/11\/Teia-Education-Switzerland-e1620156442216.jpg\",\"contentUrl\":\"https:\/\/teiaeducation.ch\/wp-content\/uploads\/2020\/11\/Teia-Education-Switzerland-e1620156442216.jpg\",\"width\":166,\"height\":145,\"caption\":\"Teia Education & Play\"},\"image\":{\"@id\":\"https:\/\/teiaeducation.ch\/de\/#\/schema\/logo\/image\/\"},\"sameAs\":[\"https:\/\/www.facebook.com\/teiaeducation\/\",\"https:\/\/x.com\/EducationTeia\",\"https:\/\/www.instagram.com\/teia.education\/\",\"https:\/\/www.linkedin.com\/company\/35501660\",\"https:\/\/www.pinterest.ch\/TeiaEducation\/\"]}]}<\/script>\n<!-- \/ Yoast SEO plugin. -->","yoast_head_json":{"title":"Kontrollkarte Erdteile: beschriftet - Nienhuis Montessori","description":"Die Nienhuis Montessori Kontrollkarte Erdteile: beschriftet ist kostenloses lehrplanunterst\u00fctzendes Erdkundematerial f\u00fcr das Puzzle der Weltteile.","robots":{"index":"index","follow":"follow","max-snippet":"max-snippet:-1","max-image-preview":"max-image-preview:large","max-video-preview":"max-video-preview:-1"},"canonical":"https:\/\/teiaeducation.ch\/de\/produkt\/kontrollkarte-erdteile-beschriftet-nienhuis-montessori\/","og_locale":"de_DE","og_type":"article","og_title":"Kontrollkarte Erdteile: beschriftet - Nienhuis Montessori","og_description":"Die Nienhuis Montessori Kontrollkarte Erdteile: beschriftet ist kostenloses lehrplanunterst\u00fctzendes Erdkundematerial f\u00fcr das Puzzle der Weltteile.","og_url":"https:\/\/teiaeducation.ch\/de\/produkt\/kontrollkarte-erdteile-beschriftet-nienhuis-montessori\/","og_site_name":"Sustainable Educational Products &amp; Ecological Toys\u00a0","article_publisher":"https:\/\/www.facebook.com\/teiaeducation\/","article_modified_time":"2023-10-20T11:01:24+00:00","og_image":[{"width":2048,"height":2048,"url":"https:\/\/teiaeducation.ch\/wp-content\/uploads\/2019\/05\/400_551210_main_or_1-scaled-scaled.jpg","type":"image\/jpeg"}],"schema":{"@context":"https:\/\/schema.org","@graph":[{"@type":"WebPage","@id":"https:\/\/teiaeducation.ch\/de\/produkt\/kontrollkarte-erdteile-beschriftet-nienhuis-montessori\/","url":"https:\/\/teiaeducation.ch\/de\/produkt\/kontrollkarte-erdteile-beschriftet-nienhuis-montessori\/","name":"Kontrollkarte Erdteile: beschriftet - Nienhuis Montessori","isPartOf":{"@id":"https:\/\/teiaeducation.ch\/de\/#website"},"primaryImageOfPage":{"@id":"https:\/\/teiaeducation.ch\/de\/produkt\/kontrollkarte-erdteile-beschriftet-nienhuis-montessori\/#primaryimage"},"image":{"@id":"https:\/\/teiaeducation.ch\/de\/produkt\/kontrollkarte-erdteile-beschriftet-nienhuis-montessori\/#primaryimage"},"thumbnailUrl":"https:\/\/teiaeducation.ch\/wp-content\/uploads\/2019\/05\/400_551210_main_or_1-scaled-scaled.jpg","datePublished":"2021-01-27T15:28:10+00:00","dateModified":"2023-10-20T11:01:24+00:00","description":"Die Nienhuis Montessori Kontrollkarte Erdteile: beschriftet ist kostenloses lehrplanunterst\u00fctzendes Erdkundematerial f\u00fcr das Puzzle der Weltteile.","breadcrumb":{"@id":"https:\/\/teiaeducation.ch\/de\/produkt\/kontrollkarte-erdteile-beschriftet-nienhuis-montessori\/#breadcrumb"},"inLanguage":"de-CH","potentialAction":[{"@type":"ReadAction","target":["https:\/\/teiaeducation.ch\/de\/produkt\/kontrollkarte-erdteile-beschriftet-nienhuis-montessori\/"]}]},{"@type":"ImageObject","inLanguage":"de-CH","@id":"https:\/\/teiaeducation.ch\/de\/produkt\/kontrollkarte-erdteile-beschriftet-nienhuis-montessori\/#primaryimage","url":"https:\/\/teiaeducation.ch\/wp-content\/uploads\/2019\/05\/400_551210_main_or_1-scaled-scaled.jpg","contentUrl":"https:\/\/teiaeducation.ch\/wp-content\/uploads\/2019\/05\/400_551210_main_or_1-scaled-scaled.jpg","width":2048,"height":2048,"caption":"Kontrollkarte Erdteile: beschriftet - Nienhuis Montessori"},{"@type":"BreadcrumbList","@id":"https:\/\/teiaeducation.ch\/de\/produkt\/kontrollkarte-erdteile-beschriftet-nienhuis-montessori\/#breadcrumb","itemListElement":[{"@type":"ListItem","position":1,"name":"Home","item":"https:\/\/teiaeducation.ch\/de\/"},{"@type":"ListItem","position":2,"name":"Laden","item":"https:\/\/teiaeducation.ch\/de\/shop\/"},{"@type":"ListItem","position":3,"name":"Unsere Marken","item":"https:\/\/teiaeducation.ch\/de\/produkt-kategorie\/unsere-marken\/"},{"@type":"ListItem","position":4,"name":"Nienhuis Montessori Schweiz","item":"https:\/\/teiaeducation.ch\/de\/produkt-kategorie\/unsere-marken\/nienhuis-montessori-schweiz\/"},{"@type":"ListItem","position":5,"name":"Geografie Material","item":"https:\/\/teiaeducation.ch\/de\/produkt-kategorie\/unsere-marken\/nienhuis-montessori-schweiz\/geographie-nienhuis-montessori\/"},{"@type":"ListItem","position":6,"name":"Kontrollkarte Erdteile: beschriftet &#8211; Nienhuis Montessori"}]},{"@type":"WebSite","@id":"https:\/\/teiaeducation.ch\/de\/#website","url":"https:\/\/teiaeducation.ch\/de\/","name":"Sustainable Educational Products &amp; Ecological Toys\u00a0","description":"Specialised Swiss shop selling sustainable educational toys and games, AMI certified Montessori materials, handmade ecological wooden Waldorf toys and arts &amp; crafts supplies, school supplies, children&#039;s furniture and Montessori reference and parenting books.","publisher":{"@id":"https:\/\/teiaeducation.ch\/de\/#organization"},"alternateName":"Teia Education & Play","potentialAction":[{"@type":"SearchAction","target":{"@type":"EntryPoint","urlTemplate":"https:\/\/teiaeducation.ch\/de\/?s={search_term_string}"},"query-input":{"@type":"PropertyValueSpecification","valueRequired":true,"valueName":"search_term_string"}}],"inLanguage":"de-CH"},{"@type":"Organization","@id":"https:\/\/teiaeducation.ch\/de\/#organization","name":"Teia Education & Play","url":"https:\/\/teiaeducation.ch\/de\/","logo":{"@type":"ImageObject","inLanguage":"de-CH","@id":"https:\/\/teiaeducation.ch\/de\/#\/schema\/logo\/image\/","url":"https:\/\/teiaeducation.ch\/wp-content\/uploads\/2020\/11\/Teia-Education-Switzerland-e1620156442216.jpg","contentUrl":"https:\/\/teiaeducation.ch\/wp-content\/uploads\/2020\/11\/Teia-Education-Switzerland-e1620156442216.jpg","width":166,"height":145,"caption":"Teia Education & Play"},"image":{"@id":"https:\/\/teiaeducation.ch\/de\/#\/schema\/logo\/image\/"},"sameAs":["https:\/\/www.facebook.com\/teiaeducation\/","https:\/\/x.com\/EducationTeia","https:\/\/www.instagram.com\/teia.education\/","https:\/\/www.linkedin.com\/company\/35501660","https:\/\/www.pinterest.ch\/TeiaEducation\/"]}]}},"_links":{"self":[{"href":"https:\/\/teiaeducation.ch\/de\/wp-json\/wp\/v2\/product\/56756","targetHints":{"allow":["GET"]}}],"collection":[{"href":"https:\/\/teiaeducation.ch\/de\/wp-json\/wp\/v2\/product"}],"about":[{"href":"https:\/\/teiaeducation.ch\/de\/wp-json\/wp\/v2\/types\/product"}],"replies":[{"embeddable":true,"href":"https:\/\/teiaeducation.ch\/de\/wp-json\/wp\/v2\/comments?post=56756"}],"wp:featuredmedia":[{"embeddable":true,"href":"https:\/\/teiaeducation.ch\/de\/wp-json\/wp\/v2\/media\/56757"}],"wp:attachment":[{"href":"https:\/\/teiaeducation.ch\/de\/wp-json\/wp\/v2\/media?parent=56756"}],"wp:term":[{"taxonomy":"product_brand","embeddable":true,"href":"https:\/\/teiaeducation.ch\/de\/wp-json\/wp\/v2\/product_brand?post=56756"},{"taxonomy":"product_cat","embeddable":true,"href":"https:\/\/teiaeducation.ch\/de\/wp-json\/wp\/v2\/product_cat?post=56756"},{"taxonomy":"product_tag","embeddable":true,"href":"https:\/\/teiaeducation.ch\/de\/wp-json\/wp\/v2\/product_tag?post=56756"}],"curies":[{"name":"wp","href":"https:\/\/api.w.org\/{rel}","templated":true}]}}