{"id":56760,"date":"2021-01-27T16:21:34","date_gmt":"2021-01-27T15:21:34","guid":{"rendered":"https:\/\/teiaeducation.ch\/product\/puzzlekarte-europe-nienhuis-montessori\/"},"modified":"2024-07-02T10:39:42","modified_gmt":"2024-07-02T08:39:42","slug":"puzzlekarte-europa-nienhuis-montessori","status":"publish","type":"product","link":"https:\/\/teiaeducation.ch\/de\/produkt\/puzzlekarte-europa-nienhuis-montessori\/","title":{"rendered":"Puzzlekarte Europe &#8211; Nienhuis Montessori"},"content":{"rendered":"<p>Puzzlekarte Europa (L\u00e4nder des europ\u00e4ischen Kontinents) \/ Montessori Erdkunde Material &#8211; Nienhuis Montessori<\/p>\n<p>Durch sensorische Aktivit\u00e4ten mit den Puzzle-Karten beginnen die Kinder, ihr Wissen \u00fcber die <a href=\"https:\/\/teiaeducation.ch\/product-category\/brands\/nienhuis-montessori-educational-materials\/geography-nienhuis-montessori\/\">Geografie<\/a> der Welt zu erweitern. Die Nienhuis Montessori Puzzlekarte Europa stellt die geografische Struktur Europas vor und kann als Puzzle verwendet werden, aber auch die Formen der einzelnen L\u00e4nder k\u00f6nnen ertastet, auf Papier nachgezeichnet und ausgemalt werden. Eine weitere g\u00e4ngige \u00dcbung besteht darin, die Gr\u00f6\u00dfe der einzelnen L\u00e4nder zu vergleichen und etwas \u00fcber ihre geografische Lage auf dem Kontinent zu erfahren.<\/p>\n<p>Die mit einem Siebdruck versehene Puzzlekarte ist vollst\u00e4ndig aus Holz gefertigt und wird mit einem Laser geschnitten, was die Genauigkeit und die perfekte Passgenauigkeit der Teile gew\u00e4hrleistet, die durch die Teile aus der Ersatzteilsammlung ersetzt werden m\u00fcssen. Speziell gestaltete Kn\u00f6pfe auf jedem Puzzleteil sind auf die Lage der Hauptst\u00e4dte der europ\u00e4ischen L\u00e4nder ausgerichtet.<\/p>\n<p>Die niederl\u00e4ndische Marke Nienhuis Montessori ist die weltweit f\u00fchrende Montessori Marke, die das Erbe von Maria Montessori ehrt und fortf\u00fchrt und das breiteste und innovativste Sortiment an Montessori-Materialien, M\u00f6beln und verwandten Produkten herstellt. Die hochwertigen Nienhuis Montessori Produkte geben den Kindern die Werkzeuge, die sie brauchen, um Unabhangig und kritisch zu denken. Alle Nienhuis Montessori Materialien sind vom Materialkomitee der Association Montessori Internationale (<a href=\"https:\/\/montessori-ami.org\/\">AMI<\/a>) zertifiziert und werden sorgf\u00e4ltig hergestellt, um Schwierigkeiten zu isolieren, so dass die Kinder sich konzentrieren, lernen und sich entwickeln k\u00f6nnen.<\/p>\n<p>Nienhuis Montessori ist eine der Marken des Niederlandischen Unternehmens Heutink International, das weltweit die besten pedagogischen Marken anbietet, die auf spielerisches Lernen ausgerichtet sind.<\/p>\n<p>Dieses Material ist f\u00fcr Kinder ab 5 Jahren geeignet.<\/p>\n<p>Inhalt:<\/p>\n<p>1 Puzzlekarte (57 x 45 x 2 cm)<\/p>\n","protected":false},"excerpt":{"rendered":"<p>Artikelnummer: 0176B0<\/p>\n<p>Die Nienhuis Montessori Puzzlekarte Europa ist Teil des Montessori Geografiematerials und f\u00fchrt in die geografische Struktur des europ\u00e4ischen Kontinents ein.<\/p>\n","protected":false},"featured_media":56753,"comment_status":"closed","ping_status":"closed","template":"","meta":[],"product_brand":[],"product_cat":[21445,21479,21515,21647,21517,21510,21509,21481,21443,21572,21562,21523,21564],"product_tag":[23473,24316,23100,26017,23120,23469,26543,23470,23119,26544],"class_list":{"0":"post-56760","1":"product","2":"type-product","3":"status-publish","4":"has-post-thumbnail","6":"product_cat-3-6-jahre-vorschule","7":"product_cat-lernmaterialien-spielzeug-montessori-waldorf-steiner-froebel","8":"product_cat-erde-universum","9":"product_cat-geographie-nienhuis-montessori","10":"product_cat-humangeographie-kultur","11":"product_cat-kultur-wissenschaft","12":"product_cat-lernthemen","13":"product_cat-montessori-paedagogik-material-spielzeug","14":"product_cat-nach-alter","15":"product_cat-nienhuis-montessori-schweiz","16":"product_cat-sinne","17":"product_cat-topographie-de","18":"product_cat-unsere-marken","19":"product_tag-lehrmittel-schweiz","20":"product_tag-lernspielzeug-schweiz","21":"product_tag-montessori-de","22":"product_tag-montessori-geographie","23":"product_tag-montessori-material-schweiz","24":"product_tag-montessori-material-schweiz-de","25":"product_tag-nienhuis-montessori-puzzlekarte-europa","26":"product_tag-nienhuis-montessori-schweiz-de-2","27":"product_tag-nienhuis-montessori-schweiz-de","28":"product_tag-padagogisches-holz","30":"first","31":"instock","32":"taxable","33":"shipping-taxable","34":"purchasable","35":"product-type-simple"},"yoast_head":"<!-- This site is optimized with the Yoast SEO Premium plugin v25.8 (Yoast SEO v27.4) - https:\/\/yoast.com\/product\/yoast-seo-premium-wordpress\/ -->\n<title>Puzzlekarte Europe - Nienhuis Montessori - Teia Education &amp; Play<\/title>\n<meta name=\"description\" content=\"Die Nienhuis Montessori Puzzlekarte Europa ist Teil des Montessori Geografiematerials und f\u00fchrt in die geografische Struktur des europ\u00e4ischen Kontinents ein.\" \/>\n<meta name=\"robots\" content=\"index, follow, max-snippet:-1, max-image-preview:large, max-video-preview:-1\" \/>\n<link rel=\"canonical\" href=\"https:\/\/teiaeducation.ch\/de\/produkt\/puzzlekarte-europa-nienhuis-montessori\/\" \/>\n<meta property=\"og:locale\" content=\"de_DE\" \/>\n<meta property=\"og:type\" content=\"article\" \/>\n<meta property=\"og:title\" content=\"Puzzlekarte Europe - Nienhuis Montessori\" \/>\n<meta property=\"og:description\" content=\"Die Nienhuis Montessori Puzzlekarte Europa ist Teil des Montessori Geografiematerials und f\u00fchrt in die geografische Struktur des europ\u00e4ischen Kontinents ein.\" \/>\n<meta property=\"og:url\" content=\"https:\/\/teiaeducation.ch\/de\/produkt\/puzzlekarte-europa-nienhuis-montessori\/\" \/>\n<meta property=\"og:site_name\" content=\"Sustainable Educational Products &amp; Ecological Toys\u00a0\" \/>\n<meta property=\"article:publisher\" content=\"https:\/\/www.facebook.com\/teiaeducation\/\" \/>\n<meta property=\"article:modified_time\" content=\"2024-07-02T08:39:42+00:00\" \/>\n<meta property=\"og:image\" content=\"https:\/\/teiaeducation.ch\/wp-content\/uploads\/2018\/12\/0176B0.jpg\" \/>\n\t<meta property=\"og:image:width\" content=\"1157\" \/>\n\t<meta property=\"og:image:height\" content=\"900\" \/>\n\t<meta property=\"og:image:type\" content=\"image\/jpeg\" \/>\n<script type=\"application\/ld+json\" class=\"yoast-schema-graph\">{\"@context\":\"https:\\\/\\\/schema.org\",\"@graph\":[{\"@type\":\"WebPage\",\"@id\":\"https:\\\/\\\/teiaeducation.ch\\\/de\\\/produkt\\\/puzzlekarte-europa-nienhuis-montessori\\\/\",\"url\":\"https:\\\/\\\/teiaeducation.ch\\\/de\\\/produkt\\\/puzzlekarte-europa-nienhuis-montessori\\\/\",\"name\":\"Puzzlekarte Europe - Nienhuis Montessori - Teia Education & Play\",\"isPartOf\":{\"@id\":\"https:\\\/\\\/teiaeducation.ch\\\/de\\\/#website\"},\"primaryImageOfPage\":{\"@id\":\"https:\\\/\\\/teiaeducation.ch\\\/de\\\/produkt\\\/puzzlekarte-europa-nienhuis-montessori\\\/#primaryimage\"},\"image\":{\"@id\":\"https:\\\/\\\/teiaeducation.ch\\\/de\\\/produkt\\\/puzzlekarte-europa-nienhuis-montessori\\\/#primaryimage\"},\"thumbnailUrl\":\"https:\\\/\\\/teiaeducation.ch\\\/wp-content\\\/uploads\\\/2018\\\/12\\\/0176B0.jpg\",\"datePublished\":\"2021-01-27T15:21:34+00:00\",\"dateModified\":\"2024-07-02T08:39:42+00:00\",\"description\":\"Die Nienhuis Montessori Puzzlekarte Europa ist Teil des Montessori Geografiematerials und f\u00fchrt in die geografische Struktur des europ\u00e4ischen Kontinents ein.\",\"breadcrumb\":{\"@id\":\"https:\\\/\\\/teiaeducation.ch\\\/de\\\/produkt\\\/puzzlekarte-europa-nienhuis-montessori\\\/#breadcrumb\"},\"inLanguage\":\"de-CH\",\"potentialAction\":[{\"@type\":\"ReadAction\",\"target\":[\"https:\\\/\\\/teiaeducation.ch\\\/de\\\/produkt\\\/puzzlekarte-europa-nienhuis-montessori\\\/\"]}]},{\"@type\":\"ImageObject\",\"inLanguage\":\"de-CH\",\"@id\":\"https:\\\/\\\/teiaeducation.ch\\\/de\\\/produkt\\\/puzzlekarte-europa-nienhuis-montessori\\\/#primaryimage\",\"url\":\"https:\\\/\\\/teiaeducation.ch\\\/wp-content\\\/uploads\\\/2018\\\/12\\\/0176B0.jpg\",\"contentUrl\":\"https:\\\/\\\/teiaeducation.ch\\\/wp-content\\\/uploads\\\/2018\\\/12\\\/0176B0.jpg\",\"width\":1157,\"height\":900,\"caption\":\"Montessori Europ\u00e4ischer Kontinent Puzzlekarte Europe - Nienhuis Montessori\"},{\"@type\":\"BreadcrumbList\",\"@id\":\"https:\\\/\\\/teiaeducation.ch\\\/de\\\/produkt\\\/puzzlekarte-europa-nienhuis-montessori\\\/#breadcrumb\",\"itemListElement\":[{\"@type\":\"ListItem\",\"position\":1,\"name\":\"Home\",\"item\":\"https:\\\/\\\/teiaeducation.ch\\\/de\\\/\"},{\"@type\":\"ListItem\",\"position\":2,\"name\":\"Laden\",\"item\":\"https:\\\/\\\/teiaeducation.ch\\\/de\\\/shop\\\/\"},{\"@type\":\"ListItem\",\"position\":3,\"name\":\"Lernthemen\",\"item\":\"https:\\\/\\\/teiaeducation.ch\\\/de\\\/produkt-kategorie\\\/lernthemen\\\/\"},{\"@type\":\"ListItem\",\"position\":4,\"name\":\"Kultur &amp; Wissenschaft\",\"item\":\"https:\\\/\\\/teiaeducation.ch\\\/de\\\/produkt-kategorie\\\/lernthemen\\\/kultur-wissenschaft\\\/\"},{\"@type\":\"ListItem\",\"position\":5,\"name\":\"Erde &amp; Universum\",\"item\":\"https:\\\/\\\/teiaeducation.ch\\\/de\\\/produkt-kategorie\\\/lernthemen\\\/kultur-wissenschaft\\\/erde-universum\\\/\"},{\"@type\":\"ListItem\",\"position\":6,\"name\":\"Puzzlekarte Europe &#8211; Nienhuis Montessori\"}]},{\"@type\":\"WebSite\",\"@id\":\"https:\\\/\\\/teiaeducation.ch\\\/de\\\/#website\",\"url\":\"https:\\\/\\\/teiaeducation.ch\\\/de\\\/\",\"name\":\"Sustainable Educational Products &amp; Ecological Toys\u00a0\",\"description\":\"Specialised Swiss shop selling sustainable educational toys and games, AMI certified Montessori materials, handmade ecological wooden Waldorf toys and arts &amp; crafts supplies, school supplies, children&#039;s furniture and Montessori reference and parenting books.\",\"publisher\":{\"@id\":\"https:\\\/\\\/teiaeducation.ch\\\/de\\\/#organization\"},\"alternateName\":\"Teia Education & Play\",\"potentialAction\":[{\"@type\":\"SearchAction\",\"target\":{\"@type\":\"EntryPoint\",\"urlTemplate\":\"https:\\\/\\\/teiaeducation.ch\\\/de\\\/?s={search_term_string}\"},\"query-input\":{\"@type\":\"PropertyValueSpecification\",\"valueRequired\":true,\"valueName\":\"search_term_string\"}}],\"inLanguage\":\"de-CH\"},{\"@type\":\"Organization\",\"@id\":\"https:\\\/\\\/teiaeducation.ch\\\/de\\\/#organization\",\"name\":\"Teia Education & Play\",\"url\":\"https:\\\/\\\/teiaeducation.ch\\\/de\\\/\",\"logo\":{\"@type\":\"ImageObject\",\"inLanguage\":\"de-CH\",\"@id\":\"https:\\\/\\\/teiaeducation.ch\\\/de\\\/#\\\/schema\\\/logo\\\/image\\\/\",\"url\":\"https:\\\/\\\/teiaeducation.ch\\\/wp-content\\\/uploads\\\/2020\\\/11\\\/Teia-Education-Switzerland-e1620156442216.jpg\",\"contentUrl\":\"https:\\\/\\\/teiaeducation.ch\\\/wp-content\\\/uploads\\\/2020\\\/11\\\/Teia-Education-Switzerland-e1620156442216.jpg\",\"width\":166,\"height\":145,\"caption\":\"Teia Education & Play\"},\"image\":{\"@id\":\"https:\\\/\\\/teiaeducation.ch\\\/de\\\/#\\\/schema\\\/logo\\\/image\\\/\"},\"sameAs\":[\"https:\\\/\\\/www.facebook.com\\\/teiaeducation\\\/\",\"https:\\\/\\\/x.com\\\/EducationTeia\",\"https:\\\/\\\/www.instagram.com\\\/teia.education\\\/\",\"https:\\\/\\\/www.linkedin.com\\\/company\\\/35501660\",\"https:\\\/\\\/www.pinterest.ch\\\/TeiaEducation\\\/\"]}]}<\/script>\n<meta property=\"product:price:amount\" content=\"169.00\" \/>\n<meta property=\"product:price:currency\" content=\"CHF\" \/>\n<meta property=\"og:availability\" content=\"instock\" \/>\n<meta property=\"product:availability\" content=\"instock\" \/>\n<meta property=\"product:retailer_item_id\" content=\"00000000000000000000000000000000000000000000002561\" \/>\n<meta property=\"product:condition\" content=\"new\" \/>\n<!-- \/ Yoast SEO Premium plugin. -->","yoast_head_json":{"title":"Puzzlekarte Europe - Nienhuis Montessori - Teia Education & Play","description":"Die Nienhuis Montessori Puzzlekarte Europa ist Teil des Montessori Geografiematerials und f\u00fchrt in die geografische Struktur des europ\u00e4ischen Kontinents ein.","robots":{"index":"index","follow":"follow","max-snippet":"max-snippet:-1","max-image-preview":"max-image-preview:large","max-video-preview":"max-video-preview:-1"},"canonical":"https:\/\/teiaeducation.ch\/de\/produkt\/puzzlekarte-europa-nienhuis-montessori\/","og_locale":"de_DE","og_type":"article","og_title":"Puzzlekarte Europe - Nienhuis Montessori","og_description":"Die Nienhuis Montessori Puzzlekarte Europa ist Teil des Montessori Geografiematerials und f\u00fchrt in die geografische Struktur des europ\u00e4ischen Kontinents ein.","og_url":"https:\/\/teiaeducation.ch\/de\/produkt\/puzzlekarte-europa-nienhuis-montessori\/","og_site_name":"Sustainable Educational Products &amp; Ecological Toys\u00a0","article_publisher":"https:\/\/www.facebook.com\/teiaeducation\/","article_modified_time":"2024-07-02T08:39:42+00:00","og_image":[{"width":1157,"height":900,"url":"https:\/\/teiaeducation.ch\/wp-content\/uploads\/2018\/12\/0176B0.jpg","type":"image\/jpeg"}],"schema":{"@context":"https:\/\/schema.org","@graph":[{"@type":"WebPage","@id":"https:\/\/teiaeducation.ch\/de\/produkt\/puzzlekarte-europa-nienhuis-montessori\/","url":"https:\/\/teiaeducation.ch\/de\/produkt\/puzzlekarte-europa-nienhuis-montessori\/","name":"Puzzlekarte Europe - Nienhuis Montessori - Teia Education & Play","isPartOf":{"@id":"https:\/\/teiaeducation.ch\/de\/#website"},"primaryImageOfPage":{"@id":"https:\/\/teiaeducation.ch\/de\/produkt\/puzzlekarte-europa-nienhuis-montessori\/#primaryimage"},"image":{"@id":"https:\/\/teiaeducation.ch\/de\/produkt\/puzzlekarte-europa-nienhuis-montessori\/#primaryimage"},"thumbnailUrl":"https:\/\/teiaeducation.ch\/wp-content\/uploads\/2018\/12\/0176B0.jpg","datePublished":"2021-01-27T15:21:34+00:00","dateModified":"2024-07-02T08:39:42+00:00","description":"Die Nienhuis Montessori Puzzlekarte Europa ist Teil des Montessori Geografiematerials und f\u00fchrt in die geografische Struktur des europ\u00e4ischen Kontinents ein.","breadcrumb":{"@id":"https:\/\/teiaeducation.ch\/de\/produkt\/puzzlekarte-europa-nienhuis-montessori\/#breadcrumb"},"inLanguage":"de-CH","potentialAction":[{"@type":"ReadAction","target":["https:\/\/teiaeducation.ch\/de\/produkt\/puzzlekarte-europa-nienhuis-montessori\/"]}]},{"@type":"ImageObject","inLanguage":"de-CH","@id":"https:\/\/teiaeducation.ch\/de\/produkt\/puzzlekarte-europa-nienhuis-montessori\/#primaryimage","url":"https:\/\/teiaeducation.ch\/wp-content\/uploads\/2018\/12\/0176B0.jpg","contentUrl":"https:\/\/teiaeducation.ch\/wp-content\/uploads\/2018\/12\/0176B0.jpg","width":1157,"height":900,"caption":"Montessori Europ\u00e4ischer Kontinent Puzzlekarte Europe - Nienhuis Montessori"},{"@type":"BreadcrumbList","@id":"https:\/\/teiaeducation.ch\/de\/produkt\/puzzlekarte-europa-nienhuis-montessori\/#breadcrumb","itemListElement":[{"@type":"ListItem","position":1,"name":"Home","item":"https:\/\/teiaeducation.ch\/de\/"},{"@type":"ListItem","position":2,"name":"Laden","item":"https:\/\/teiaeducation.ch\/de\/shop\/"},{"@type":"ListItem","position":3,"name":"Lernthemen","item":"https:\/\/teiaeducation.ch\/de\/produkt-kategorie\/lernthemen\/"},{"@type":"ListItem","position":4,"name":"Kultur &amp; Wissenschaft","item":"https:\/\/teiaeducation.ch\/de\/produkt-kategorie\/lernthemen\/kultur-wissenschaft\/"},{"@type":"ListItem","position":5,"name":"Erde &amp; Universum","item":"https:\/\/teiaeducation.ch\/de\/produkt-kategorie\/lernthemen\/kultur-wissenschaft\/erde-universum\/"},{"@type":"ListItem","position":6,"name":"Puzzlekarte Europe &#8211; Nienhuis Montessori"}]},{"@type":"WebSite","@id":"https:\/\/teiaeducation.ch\/de\/#website","url":"https:\/\/teiaeducation.ch\/de\/","name":"Sustainable Educational Products &amp; Ecological Toys\u00a0","description":"Specialised Swiss shop selling sustainable educational toys and games, AMI certified Montessori materials, handmade ecological wooden Waldorf toys and arts &amp; crafts supplies, school supplies, children&#039;s furniture and Montessori reference and parenting books.","publisher":{"@id":"https:\/\/teiaeducation.ch\/de\/#organization"},"alternateName":"Teia Education & Play","potentialAction":[{"@type":"SearchAction","target":{"@type":"EntryPoint","urlTemplate":"https:\/\/teiaeducation.ch\/de\/?s={search_term_string}"},"query-input":{"@type":"PropertyValueSpecification","valueRequired":true,"valueName":"search_term_string"}}],"inLanguage":"de-CH"},{"@type":"Organization","@id":"https:\/\/teiaeducation.ch\/de\/#organization","name":"Teia Education & Play","url":"https:\/\/teiaeducation.ch\/de\/","logo":{"@type":"ImageObject","inLanguage":"de-CH","@id":"https:\/\/teiaeducation.ch\/de\/#\/schema\/logo\/image\/","url":"https:\/\/teiaeducation.ch\/wp-content\/uploads\/2020\/11\/Teia-Education-Switzerland-e1620156442216.jpg","contentUrl":"https:\/\/teiaeducation.ch\/wp-content\/uploads\/2020\/11\/Teia-Education-Switzerland-e1620156442216.jpg","width":166,"height":145,"caption":"Teia Education & Play"},"image":{"@id":"https:\/\/teiaeducation.ch\/de\/#\/schema\/logo\/image\/"},"sameAs":["https:\/\/www.facebook.com\/teiaeducation\/","https:\/\/x.com\/EducationTeia","https:\/\/www.instagram.com\/teia.education\/","https:\/\/www.linkedin.com\/company\/35501660","https:\/\/www.pinterest.ch\/TeiaEducation\/"]}]},"product_price_amount":"169.00","product_price_currency":"CHF","og_availability":"instock","product_availability":"instock","product_retailer_item_id":"00000000000000000000000000000000000000000000002561","product_condition":"new"},"_links":{"self":[{"href":"https:\/\/teiaeducation.ch\/de\/wp-json\/wp\/v2\/product\/56760","targetHints":{"allow":["GET"]}}],"collection":[{"href":"https:\/\/teiaeducation.ch\/de\/wp-json\/wp\/v2\/product"}],"about":[{"href":"https:\/\/teiaeducation.ch\/de\/wp-json\/wp\/v2\/types\/product"}],"replies":[{"embeddable":true,"href":"https:\/\/teiaeducation.ch\/de\/wp-json\/wp\/v2\/comments?post=56760"}],"wp:featuredmedia":[{"embeddable":true,"href":"https:\/\/teiaeducation.ch\/de\/wp-json\/wp\/v2\/media\/56753"}],"wp:attachment":[{"href":"https:\/\/teiaeducation.ch\/de\/wp-json\/wp\/v2\/media?parent=56760"}],"wp:term":[{"taxonomy":"product_brand","embeddable":true,"href":"https:\/\/teiaeducation.ch\/de\/wp-json\/wp\/v2\/product_brand?post=56760"},{"taxonomy":"product_cat","embeddable":true,"href":"https:\/\/teiaeducation.ch\/de\/wp-json\/wp\/v2\/product_cat?post=56760"},{"taxonomy":"product_tag","embeddable":true,"href":"https:\/\/teiaeducation.ch\/de\/wp-json\/wp\/v2\/product_tag?post=56760"}],"curies":[{"name":"wp","href":"https:\/\/api.w.org\/{rel}","templated":true}]}}