{"id":56788,"date":"2021-01-27T15:36:47","date_gmt":"2021-01-27T14:36:47","guid":{"rendered":"https:\/\/teiaeducation.ch\/product\/puzzlekarte-vereinigte-staaten-von-amerika-nienhuis-montessori\/"},"modified":"2023-10-26T15:24:42","modified_gmt":"2023-10-26T13:24:42","slug":"puzzlekarte-vereinigte-staaten-von-amerika-nienhuis-montessori","status":"publish","type":"product","link":"https:\/\/teiaeducation.ch\/de\/produkt\/puzzlekarte-vereinigte-staaten-von-amerika-nienhuis-montessori\/","title":{"rendered":"Puzzlekarte Vereinigte Staaten von Amerika &#8211; Nienhuis Montessori"},"content":{"rendered":"<p>Puzzlekarte Vereinigte Staaten von Amerika (USA) \/ Montessori Geographie Material &#8211; Nienhuis Montessori<\/p>\n<p>Durch sensorische Aktivit\u00e4ten mit den Puzzle-Karten beginnen die Kinder, ihr Wissen \u00fcber die <a href=\"https:\/\/teiaeducation.ch\/product-category\/brands\/nienhuis-montessori-educational-materials\/geography-nienhuis-montessori\/\">Geografie<\/a> der Welt zu erweitern. Die Nienhuis Montessori Puzzlekarte Vereinigte Staaten von Amerika stellt die geografische Struktur der Vereinigten Staaten vor und kann als Puzzle verwendet werden, aber auch die Formen der einzelnen Staaten k\u00f6nnen ertastet, auf Papier nachgezeichnet und ausgemalt werden. Eine weitere g\u00e4ngige \u00dcbung besteht darin, die Gr\u00f6\u00dfe der einzelnen Staaten zu vergleichen und ihre geografische Lage auf dem Kontinent kennen zu lernen.<\/p>\n<p>Die mit einem Siebdruck versehene Puzzlekarte ist vollst\u00e4ndig aus Holz gefertigt und wird mit einem Laser geschnitten, was die Genauigkeit und die perfekte Passgenauigkeit der Teile gew\u00e4hrleistet, die durch die Teile aus der Ersatzteilsammlung ersetzt werden m\u00fcssen. Speziell entworfene Kn\u00f6pfe auf jedem Puzzleteil sind an der Position der Hauptst\u00e4dte der einzelnen Staaten angebracht.<\/p>\n<p>Die niederl\u00e4ndische Marke Nienhuis Montessori ist die weltweit f\u00fchrende Montessori Marke, die das Erbe von Maria Montessori ehrt und fortf\u00fchrt und das breiteste und innovativste Sortiment an Montessori-Materialien, M\u00f6beln und verwandten Produkten herstellt. Die hochwertigen Nienhuis Montessori Produkte geben den Kindern die Werkzeuge, die sie brauchen, um Unabhangig und kritisch zu denken. Alle Nienhuis Montessori Materialien sind vom Materialkomitee der Association Montessori Internationale (<a href=\"https:\/\/montessori-ami.org\/\">AMI<\/a>) zertifiziert und werden sorgf\u00e4ltig hergestellt, um Schwierigkeiten zu isolieren, so dass die Kinder sich konzentrieren, lernen und sich entwickeln k\u00f6nnen.<\/p>\n<p>Nienhuis Montessori ist eine der Marken des Niederlandischen Unternehmens Heutink International, das weltweit die besten pedagogischen Marken anbietet, die auf spielerisches Lernen ausgerichtet sind.<\/p>\n<p>Dieses Material ist f\u00fcr Kinder ab 5 Jahren geeignet.<\/p>\n<p>Inhalt:<\/p>\n<p>1 Puzzlekarte (57 x 45 x 2 cm)<\/p>\n<p><em>We currently do not have this item in stock, but it is available on pre-order. We will order this item for you from our supplier. Due to importation from the European Union to Switzerland please allow 2 to maximum 3 weeks for delivery. <\/em><\/p>\n\t<div id=\"gap-2001272107\" class=\"gap-element clearfix\" style=\"display:block; height:auto;\">\n\t\t\n<style>\n#gap-2001272107 {\n  padding-top: 20px;\n}\n<\/style>\n\t<\/div>\n\t\n","protected":false},"excerpt":{"rendered":"<p>Artikelnummer: 023600<\/p>\n<p>Die Nienhuis Montessori Puzzlekarte Vereinigte Staaten von Amerika ist Teil des Montessori Geografiematerials und f\u00fchrt in die geografische Struktur der USA ein.<\/p>\n","protected":false},"featured_media":56789,"comment_status":"closed","ping_status":"closed","template":"","meta":[],"product_brand":[],"product_cat":[21475,21445,21446,21476,21524,21515,21647,21517,21474,21510,21509,21559,21443,21572,21557,21564,21536],"product_tag":[25902,23473,26017,23120,23119,23470,26547],"class_list":{"0":"post-56788","1":"product","2":"type-product","3":"status-publish","4":"has-post-thumbnail","6":"product_cat-3-6-jahre-klassenzimmer-pack","7":"product_cat-3-6-jahre-vorschule","8":"product_cat-6-12-jahre-grundschule","9":"product_cat-6-12-jahre-klassenzimmer-pack","10":"product_cat-alphabetisierung-sprache","11":"product_cat-erde-universum","12":"product_cat-geographie-nienhuis-montessori","13":"product_cat-humangeographie-kultur","14":"product_cat-klassenzimmer-essenzien","15":"product_cat-kultur-wissenschaft","16":"product_cat-lernthemen","17":"product_cat-motorische-fertigkeiten","18":"product_cat-nach-alter","19":"product_cat-nienhuis-montessori-schweiz","20":"product_cat-sensorische-motorische-fertigkeiten","21":"product_cat-unsere-marken","22":"product_cat-wortschatz","23":"product_tag-holzspielzeug-de","24":"product_tag-lehrmittel-schweiz","25":"product_tag-montessori-geographie","26":"product_tag-montessori-material-schweiz","27":"product_tag-nienhuis-montessori-schweiz-de","28":"product_tag-nienhuis-montessori-schweiz-de-2","29":"product_tag-puzzlekarte-us-montessori","31":"first","32":"onbackorder","33":"taxable","34":"shipping-taxable","35":"purchasable","36":"product-type-simple"},"yoast_head":"<!-- This site is optimized with the Yoast SEO plugin v27.1.1 - https:\/\/yoast.com\/product\/yoast-seo-wordpress\/ -->\n<title>Puzzlekarte Vereinigte Staaten von Amerika - Nienhuis Montessori<\/title>\n<meta name=\"description\" content=\"Die Nienhuis Montessori Puzzlekarte Vereinigte Staaten von Amerika ist Teil des Montessori Geografiematerials und f\u00fchrt in die geografische Struktur der USA ein.\" \/>\n<meta name=\"robots\" content=\"index, follow, max-snippet:-1, max-image-preview:large, max-video-preview:-1\" \/>\n<link rel=\"canonical\" href=\"https:\/\/teiaeducation.ch\/de\/produkt\/puzzlekarte-vereinigte-staaten-von-amerika-nienhuis-montessori\/\" \/>\n<meta property=\"og:locale\" content=\"de_DE\" \/>\n<meta property=\"og:type\" content=\"article\" \/>\n<meta property=\"og:title\" content=\"Puzzlekarte Vereinigte Staaten von Amerika - Nienhuis Montessori\" \/>\n<meta property=\"og:description\" content=\"Die Nienhuis Montessori Puzzlekarte Vereinigte Staaten von Amerika ist Teil des Montessori Geografiematerials und f\u00fchrt in die geografische Struktur der USA ein.\" \/>\n<meta property=\"og:url\" content=\"https:\/\/teiaeducation.ch\/de\/produkt\/puzzlekarte-vereinigte-staaten-von-amerika-nienhuis-montessori\/\" \/>\n<meta property=\"og:site_name\" content=\"Sustainable Educational Products &amp; Ecological Toys\u00a0\" \/>\n<meta property=\"article:publisher\" content=\"https:\/\/www.facebook.com\/teiaeducation\/\" \/>\n<meta property=\"article:modified_time\" content=\"2023-10-26T13:24:42+00:00\" \/>\n<meta property=\"og:image\" content=\"https:\/\/teiaeducation.ch\/wp-content\/uploads\/2019\/04\/023600.jpg\" \/>\n\t<meta property=\"og:image:width\" content=\"900\" \/>\n\t<meta property=\"og:image:height\" content=\"900\" \/>\n\t<meta property=\"og:image:type\" content=\"image\/jpeg\" \/>\n<script type=\"application\/ld+json\" class=\"yoast-schema-graph\">{\"@context\":\"https:\/\/schema.org\",\"@graph\":[{\"@type\":\"WebPage\",\"@id\":\"https:\/\/teiaeducation.ch\/de\/produkt\/puzzlekarte-vereinigte-staaten-von-amerika-nienhuis-montessori\/\",\"url\":\"https:\/\/teiaeducation.ch\/de\/produkt\/puzzlekarte-vereinigte-staaten-von-amerika-nienhuis-montessori\/\",\"name\":\"Puzzlekarte Vereinigte Staaten von Amerika - Nienhuis Montessori\",\"isPartOf\":{\"@id\":\"https:\/\/teiaeducation.ch\/de\/#website\"},\"primaryImageOfPage\":{\"@id\":\"https:\/\/teiaeducation.ch\/de\/produkt\/puzzlekarte-vereinigte-staaten-von-amerika-nienhuis-montessori\/#primaryimage\"},\"image\":{\"@id\":\"https:\/\/teiaeducation.ch\/de\/produkt\/puzzlekarte-vereinigte-staaten-von-amerika-nienhuis-montessori\/#primaryimage\"},\"thumbnailUrl\":\"https:\/\/teiaeducation.ch\/wp-content\/uploads\/2019\/04\/023600.jpg\",\"datePublished\":\"2021-01-27T14:36:47+00:00\",\"dateModified\":\"2023-10-26T13:24:42+00:00\",\"description\":\"Die Nienhuis Montessori Puzzlekarte Vereinigte Staaten von Amerika ist Teil des Montessori Geografiematerials und f\u00fchrt in die geografische Struktur der USA ein.\",\"breadcrumb\":{\"@id\":\"https:\/\/teiaeducation.ch\/de\/produkt\/puzzlekarte-vereinigte-staaten-von-amerika-nienhuis-montessori\/#breadcrumb\"},\"inLanguage\":\"de-CH\",\"potentialAction\":[{\"@type\":\"ReadAction\",\"target\":[\"https:\/\/teiaeducation.ch\/de\/produkt\/puzzlekarte-vereinigte-staaten-von-amerika-nienhuis-montessori\/\"]}]},{\"@type\":\"ImageObject\",\"inLanguage\":\"de-CH\",\"@id\":\"https:\/\/teiaeducation.ch\/de\/produkt\/puzzlekarte-vereinigte-staaten-von-amerika-nienhuis-montessori\/#primaryimage\",\"url\":\"https:\/\/teiaeducation.ch\/wp-content\/uploads\/2019\/04\/023600.jpg\",\"contentUrl\":\"https:\/\/teiaeducation.ch\/wp-content\/uploads\/2019\/04\/023600.jpg\",\"width\":900,\"height\":900,\"caption\":\"Puzzlekarte Vereinigte Staaten von Amerika - Nienhuis Montessori\"},{\"@type\":\"BreadcrumbList\",\"@id\":\"https:\/\/teiaeducation.ch\/de\/produkt\/puzzlekarte-vereinigte-staaten-von-amerika-nienhuis-montessori\/#breadcrumb\",\"itemListElement\":[{\"@type\":\"ListItem\",\"position\":1,\"name\":\"Home\",\"item\":\"https:\/\/teiaeducation.ch\/de\/\"},{\"@type\":\"ListItem\",\"position\":2,\"name\":\"Laden\",\"item\":\"https:\/\/teiaeducation.ch\/de\/shop\/\"},{\"@type\":\"ListItem\",\"position\":3,\"name\":\"Lernthemen\",\"item\":\"https:\/\/teiaeducation.ch\/de\/produkt-kategorie\/lernthemen\/\"},{\"@type\":\"ListItem\",\"position\":4,\"name\":\"Kultur &amp; Wissenschaft\",\"item\":\"https:\/\/teiaeducation.ch\/de\/produkt-kategorie\/lernthemen\/kultur-wissenschaft\/\"},{\"@type\":\"ListItem\",\"position\":5,\"name\":\"Erde &amp; Universum\",\"item\":\"https:\/\/teiaeducation.ch\/de\/produkt-kategorie\/lernthemen\/kultur-wissenschaft\/erde-universum\/\"},{\"@type\":\"ListItem\",\"position\":6,\"name\":\"Puzzlekarte Vereinigte Staaten von Amerika &#8211; Nienhuis Montessori\"}]},{\"@type\":\"WebSite\",\"@id\":\"https:\/\/teiaeducation.ch\/de\/#website\",\"url\":\"https:\/\/teiaeducation.ch\/de\/\",\"name\":\"Sustainable Educational Products &amp; Ecological Toys\u00a0\",\"description\":\"Specialised Swiss shop selling sustainable educational toys and games, AMI certified Montessori materials, handmade ecological wooden Waldorf toys and arts &amp; crafts supplies, school supplies, children&#039;s furniture and Montessori reference and parenting books.\",\"publisher\":{\"@id\":\"https:\/\/teiaeducation.ch\/de\/#organization\"},\"alternateName\":\"Teia Education & Play\",\"potentialAction\":[{\"@type\":\"SearchAction\",\"target\":{\"@type\":\"EntryPoint\",\"urlTemplate\":\"https:\/\/teiaeducation.ch\/de\/?s={search_term_string}\"},\"query-input\":{\"@type\":\"PropertyValueSpecification\",\"valueRequired\":true,\"valueName\":\"search_term_string\"}}],\"inLanguage\":\"de-CH\"},{\"@type\":\"Organization\",\"@id\":\"https:\/\/teiaeducation.ch\/de\/#organization\",\"name\":\"Teia Education & Play\",\"url\":\"https:\/\/teiaeducation.ch\/de\/\",\"logo\":{\"@type\":\"ImageObject\",\"inLanguage\":\"de-CH\",\"@id\":\"https:\/\/teiaeducation.ch\/de\/#\/schema\/logo\/image\/\",\"url\":\"https:\/\/teiaeducation.ch\/wp-content\/uploads\/2020\/11\/Teia-Education-Switzerland-e1620156442216.jpg\",\"contentUrl\":\"https:\/\/teiaeducation.ch\/wp-content\/uploads\/2020\/11\/Teia-Education-Switzerland-e1620156442216.jpg\",\"width\":166,\"height\":145,\"caption\":\"Teia Education & Play\"},\"image\":{\"@id\":\"https:\/\/teiaeducation.ch\/de\/#\/schema\/logo\/image\/\"},\"sameAs\":[\"https:\/\/www.facebook.com\/teiaeducation\/\",\"https:\/\/x.com\/EducationTeia\",\"https:\/\/www.instagram.com\/teia.education\/\",\"https:\/\/www.linkedin.com\/company\/35501660\",\"https:\/\/www.pinterest.ch\/TeiaEducation\/\"]}]}<\/script>\n<!-- \/ Yoast SEO plugin. -->","yoast_head_json":{"title":"Puzzlekarte Vereinigte Staaten von Amerika - Nienhuis Montessori","description":"Die Nienhuis Montessori Puzzlekarte Vereinigte Staaten von Amerika ist Teil des Montessori Geografiematerials und f\u00fchrt in die geografische Struktur der USA ein.","robots":{"index":"index","follow":"follow","max-snippet":"max-snippet:-1","max-image-preview":"max-image-preview:large","max-video-preview":"max-video-preview:-1"},"canonical":"https:\/\/teiaeducation.ch\/de\/produkt\/puzzlekarte-vereinigte-staaten-von-amerika-nienhuis-montessori\/","og_locale":"de_DE","og_type":"article","og_title":"Puzzlekarte Vereinigte Staaten von Amerika - Nienhuis Montessori","og_description":"Die Nienhuis Montessori Puzzlekarte Vereinigte Staaten von Amerika ist Teil des Montessori Geografiematerials und f\u00fchrt in die geografische Struktur der USA ein.","og_url":"https:\/\/teiaeducation.ch\/de\/produkt\/puzzlekarte-vereinigte-staaten-von-amerika-nienhuis-montessori\/","og_site_name":"Sustainable Educational Products &amp; Ecological Toys\u00a0","article_publisher":"https:\/\/www.facebook.com\/teiaeducation\/","article_modified_time":"2023-10-26T13:24:42+00:00","og_image":[{"width":900,"height":900,"url":"https:\/\/teiaeducation.ch\/wp-content\/uploads\/2019\/04\/023600.jpg","type":"image\/jpeg"}],"schema":{"@context":"https:\/\/schema.org","@graph":[{"@type":"WebPage","@id":"https:\/\/teiaeducation.ch\/de\/produkt\/puzzlekarte-vereinigte-staaten-von-amerika-nienhuis-montessori\/","url":"https:\/\/teiaeducation.ch\/de\/produkt\/puzzlekarte-vereinigte-staaten-von-amerika-nienhuis-montessori\/","name":"Puzzlekarte Vereinigte Staaten von Amerika - Nienhuis Montessori","isPartOf":{"@id":"https:\/\/teiaeducation.ch\/de\/#website"},"primaryImageOfPage":{"@id":"https:\/\/teiaeducation.ch\/de\/produkt\/puzzlekarte-vereinigte-staaten-von-amerika-nienhuis-montessori\/#primaryimage"},"image":{"@id":"https:\/\/teiaeducation.ch\/de\/produkt\/puzzlekarte-vereinigte-staaten-von-amerika-nienhuis-montessori\/#primaryimage"},"thumbnailUrl":"https:\/\/teiaeducation.ch\/wp-content\/uploads\/2019\/04\/023600.jpg","datePublished":"2021-01-27T14:36:47+00:00","dateModified":"2023-10-26T13:24:42+00:00","description":"Die Nienhuis Montessori Puzzlekarte Vereinigte Staaten von Amerika ist Teil des Montessori Geografiematerials und f\u00fchrt in die geografische Struktur der USA ein.","breadcrumb":{"@id":"https:\/\/teiaeducation.ch\/de\/produkt\/puzzlekarte-vereinigte-staaten-von-amerika-nienhuis-montessori\/#breadcrumb"},"inLanguage":"de-CH","potentialAction":[{"@type":"ReadAction","target":["https:\/\/teiaeducation.ch\/de\/produkt\/puzzlekarte-vereinigte-staaten-von-amerika-nienhuis-montessori\/"]}]},{"@type":"ImageObject","inLanguage":"de-CH","@id":"https:\/\/teiaeducation.ch\/de\/produkt\/puzzlekarte-vereinigte-staaten-von-amerika-nienhuis-montessori\/#primaryimage","url":"https:\/\/teiaeducation.ch\/wp-content\/uploads\/2019\/04\/023600.jpg","contentUrl":"https:\/\/teiaeducation.ch\/wp-content\/uploads\/2019\/04\/023600.jpg","width":900,"height":900,"caption":"Puzzlekarte Vereinigte Staaten von Amerika - Nienhuis Montessori"},{"@type":"BreadcrumbList","@id":"https:\/\/teiaeducation.ch\/de\/produkt\/puzzlekarte-vereinigte-staaten-von-amerika-nienhuis-montessori\/#breadcrumb","itemListElement":[{"@type":"ListItem","position":1,"name":"Home","item":"https:\/\/teiaeducation.ch\/de\/"},{"@type":"ListItem","position":2,"name":"Laden","item":"https:\/\/teiaeducation.ch\/de\/shop\/"},{"@type":"ListItem","position":3,"name":"Lernthemen","item":"https:\/\/teiaeducation.ch\/de\/produkt-kategorie\/lernthemen\/"},{"@type":"ListItem","position":4,"name":"Kultur &amp; Wissenschaft","item":"https:\/\/teiaeducation.ch\/de\/produkt-kategorie\/lernthemen\/kultur-wissenschaft\/"},{"@type":"ListItem","position":5,"name":"Erde &amp; Universum","item":"https:\/\/teiaeducation.ch\/de\/produkt-kategorie\/lernthemen\/kultur-wissenschaft\/erde-universum\/"},{"@type":"ListItem","position":6,"name":"Puzzlekarte Vereinigte Staaten von Amerika &#8211; Nienhuis Montessori"}]},{"@type":"WebSite","@id":"https:\/\/teiaeducation.ch\/de\/#website","url":"https:\/\/teiaeducation.ch\/de\/","name":"Sustainable Educational Products &amp; Ecological Toys\u00a0","description":"Specialised Swiss shop selling sustainable educational toys and games, AMI certified Montessori materials, handmade ecological wooden Waldorf toys and arts &amp; crafts supplies, school supplies, children&#039;s furniture and Montessori reference and parenting books.","publisher":{"@id":"https:\/\/teiaeducation.ch\/de\/#organization"},"alternateName":"Teia Education & Play","potentialAction":[{"@type":"SearchAction","target":{"@type":"EntryPoint","urlTemplate":"https:\/\/teiaeducation.ch\/de\/?s={search_term_string}"},"query-input":{"@type":"PropertyValueSpecification","valueRequired":true,"valueName":"search_term_string"}}],"inLanguage":"de-CH"},{"@type":"Organization","@id":"https:\/\/teiaeducation.ch\/de\/#organization","name":"Teia Education & Play","url":"https:\/\/teiaeducation.ch\/de\/","logo":{"@type":"ImageObject","inLanguage":"de-CH","@id":"https:\/\/teiaeducation.ch\/de\/#\/schema\/logo\/image\/","url":"https:\/\/teiaeducation.ch\/wp-content\/uploads\/2020\/11\/Teia-Education-Switzerland-e1620156442216.jpg","contentUrl":"https:\/\/teiaeducation.ch\/wp-content\/uploads\/2020\/11\/Teia-Education-Switzerland-e1620156442216.jpg","width":166,"height":145,"caption":"Teia Education & Play"},"image":{"@id":"https:\/\/teiaeducation.ch\/de\/#\/schema\/logo\/image\/"},"sameAs":["https:\/\/www.facebook.com\/teiaeducation\/","https:\/\/x.com\/EducationTeia","https:\/\/www.instagram.com\/teia.education\/","https:\/\/www.linkedin.com\/company\/35501660","https:\/\/www.pinterest.ch\/TeiaEducation\/"]}]}},"_links":{"self":[{"href":"https:\/\/teiaeducation.ch\/de\/wp-json\/wp\/v2\/product\/56788","targetHints":{"allow":["GET"]}}],"collection":[{"href":"https:\/\/teiaeducation.ch\/de\/wp-json\/wp\/v2\/product"}],"about":[{"href":"https:\/\/teiaeducation.ch\/de\/wp-json\/wp\/v2\/types\/product"}],"replies":[{"embeddable":true,"href":"https:\/\/teiaeducation.ch\/de\/wp-json\/wp\/v2\/comments?post=56788"}],"wp:featuredmedia":[{"embeddable":true,"href":"https:\/\/teiaeducation.ch\/de\/wp-json\/wp\/v2\/media\/56789"}],"wp:attachment":[{"href":"https:\/\/teiaeducation.ch\/de\/wp-json\/wp\/v2\/media?parent=56788"}],"wp:term":[{"taxonomy":"product_brand","embeddable":true,"href":"https:\/\/teiaeducation.ch\/de\/wp-json\/wp\/v2\/product_brand?post=56788"},{"taxonomy":"product_cat","embeddable":true,"href":"https:\/\/teiaeducation.ch\/de\/wp-json\/wp\/v2\/product_cat?post=56788"},{"taxonomy":"product_tag","embeddable":true,"href":"https:\/\/teiaeducation.ch\/de\/wp-json\/wp\/v2\/product_tag?post=56788"}],"curies":[{"name":"wp","href":"https:\/\/api.w.org\/{rel}","templated":true}]}}