{"id":56796,"date":"2021-07-03T08:58:44","date_gmt":"2021-07-03T06:58:44","guid":{"rendered":"https:\/\/teiaeducation.ch\/product\/glockensatz-nienhuis-montessori\/"},"modified":"2024-05-02T09:49:04","modified_gmt":"2024-05-02T07:49:04","slug":"glockensatz-nienhuis-montessori","status":"publish","type":"product","link":"https:\/\/teiaeducation.ch\/de\/produkt\/glockensatz-nienhuis-montessori\/","title":{"rendered":"Glockensatz &#8211; Nienhuis Montessori"},"content":{"rendered":"<p>Dieses sch\u00f6ne Glockensatz von Nienhuis Montessori ist das Schl\u00fcssel Material f\u00fcr das Lernen \u00fcber <a href=\"https:\/\/teiaeducation.ch\/product-category\/brands\/nienhuis-montessori-educational-materials\/music-nienhuis-montessori\/\">Musik<\/a> in jeder vorbereiteten <a href=\"https:\/\/teiaeducation.ch\/de\/produkt-kategorie\/bildungsmethode\/montessori-paedagogik-material-spielzeug\/\">Montessori-Umgebung<\/a>, ob zu Hause oder in der Schule!<\/p>\n<p>Sie besteht aus 13 handgefertigten Glockenpaaren, die die chromatische Tonleiter, beginnend beim &#8220;c&#8221; (do), bilden. Eine Glocke jedes Paares ist entweder schwarz oder wei\u00df und die andere ist aus Naturholz. Ein Satz von 2 Holzkl\u00f6ppeln aus Naturholz und 1 D\u00e4mpfer aus schwarzem Holz sind im Lieferumfang des Glockensets enthalten.<\/p>\n<p>Das Erlernen von Musik \u00e4hnelt dem Erlernen einer <a href=\"https:\/\/teiaeducation.ch\/de\/produkt-kategorie\/unsere-marken\/nienhuis-montessori-schweiz\/sprache-nienhuis-montessori\/\">Sprache<\/a> und ist ein unverzichtbarer Bestandteil des Montessori-Lehrplans. Musik hat ihre eigenen Kl\u00e4nge und Symbole sowie ihre eigene pr\u00e4zise Terminologie. In der Grundschulklasse erhalt das Kind zusatzlich zu den musikalischen Ausdrucksmoglichkeiten auch Unterricht in der Musikterminologie.<\/p>\n<p>Dieses Material ist f\u00fcr Kinder ab 6 Jahren geeignet, kann aber bereits ab 3 Jahren sensorisch erforscht werden.<\/p>\n<p>Ein verstellbarer <a href=\"https:\/\/teiaeducation.ch\/de\/produkt\/tisch-fur-glocken-und-klangstabe-nienhuis-montessori\/\">Tisch f\u00fcr Klangst\u00e4be und Glocken<\/a> zur Pr\u00e4sentation der Glocken ist auch separat in unserem Webshop erh\u00e4ltlich.<\/p>\n<p>Inhalt:<\/p>\n<p>26 Glocken<br \/>\n2 Glockenkl\u00f6ppel<br \/>\n1 Tond\u00e4mpfer<\/p>\n<p><em>Wir haben diesen Artikel derzeit nicht auf Lager, aber er ist auf Vorbestellung erh\u00e4ltlich. Dieser Artikel wird f\u00fcr Sie bei unserem Lieferanten bestellt. Aufgrund der Einfuhr aus der Europ\u00e4ischen Union in die Schweiz erwarten wir eine Lieferzeit von 2 bis maximal 3 Wochen.<\/em><\/p>\n\t<div id=\"gap-1529435465\" class=\"gap-element clearfix\" style=\"display:block; height:auto;\">\n\t\t\n<style>\n#gap-1529435465 {\n  padding-top: 20px;\n}\n<\/style>\n\t<\/div>\n\t\n<h2>\u00dcber Nienhuis Montessori<\/h2>\n<p>Die Niederl\u00e4ndische Marke <a href=\"https:\/\/teiaeducation.ch\/product-category\/brands\/nienhuis-montessori-educational-materials\/\">Nienhuis Montessori<\/a> ist die weltweit f\u00fchrende <a href=\"https:\/\/teiaeducation.ch\/what-is-montessori-education\/\">Montessori-Marke<\/a>, die das Erbe von Maria Montessori ehrt und fortf\u00fchrt und das breiteste und innovativste Sortiment an Montessori-Materialien, <a href=\"https:\/\/teiaeducation.ch\/product-category\/classroom-essentials\/montessori-furniture\/\">-M\u00f6beln<\/a> und <a href=\"https:\/\/teiaeducation.ch\/product-category\/brands\/nienhuis-montessori-educational-materials\/add-ons\/\">verwandten Produkten<\/a> herstellt. Die hochwertigen Nienhuis Montessori Produkte geben den Kindern die Werkzeuge, die sie brauchen, um Unabhangig und kritisch zu denken. Alle Nienhuis Montessori Materialien sind vom Materialkomitee der Association Montessori Internationale (<a href=\"https:\/\/montessori-ami.org\/\">AMI<\/a>) zertifiziert und werden sorgf\u00e4ltig hergestellt, um Schwierigkeiten zu isolieren, so dass die Kinder sich konzentrieren, lernen und sich entwickeln k\u00f6nnen.<\/p>\n<p>Nienhuis Montessori ist eine der Marken des Niederlandischen Unternehmens Heutink International, das weltweit die besten pedagogischen Marken anbietet, die auf <a href=\"https:\/\/teiaeducation.ch\/product-category\/hgh-quality-toys-play\/\">spielerisches<\/a> Lernen ausgerichtet sind.<\/p>\n","protected":false},"excerpt":{"rendered":"<p>Artikelnummer: 0063A0<\/p>\n<p>Dieses sch\u00f6ne Glockensatz von Nienhuis Montessori ist das Schl\u00fcssel Material f\u00fcr das Lernen \u00fcber Musik in jeder vorbereiteten Montessori-Umgebung!<\/p>\n","protected":false},"featured_media":56797,"comment_status":"open","ping_status":"closed","template":"","meta":[],"product_brand":[],"product_cat":[21445,21446,21479,21509,21481,21560,21653,21443,21572,21494,21496,21557,21564],"product_tag":[26088,26549,23108,23475,23107,22981],"class_list":{"0":"post-56796","1":"product","2":"type-product","3":"status-publish","4":"has-post-thumbnail","6":"product_cat-3-6-jahre-vorschule","7":"product_cat-6-12-jahre-grundschule","8":"product_cat-lernmaterialien-spielzeug-montessori-waldorf-steiner-froebel","9":"product_cat-lernthemen","10":"product_cat-montessori-paedagogik-material-spielzeug","11":"product_cat-musik","12":"product_cat-musik-material-nienhuis-montessori","13":"product_cat-nach-alter","14":"product_cat-nienhuis-montessori-schweiz","15":"product_cat-schulbedarf-fuer-zuhause","16":"product_cat-schulbedarf-fuer-zuhause-6-12-jahre","17":"product_cat-sensorische-motorische-fertigkeiten","18":"product_cat-unsere-marken","19":"product_tag-gehorsinn","20":"product_tag-glockensatz-nienhuis-montessori","21":"product_tag-montessori-kleinkind-3-6","22":"product_tag-montessori-musik","23":"product_tag-montessori-sinnesmaterial-de","24":"product_tag-nienhuis-montessori-de","26":"first","27":"onbackorder","28":"sold-individually","29":"taxable","30":"shipping-taxable","31":"purchasable","32":"product-type-simple"},"yoast_head":"<!-- This site is optimized with the Yoast SEO plugin v27.1.1 - https:\/\/yoast.com\/product\/yoast-seo-wordpress\/ -->\n<title>Glockensatz - Nienhuis Montessori<\/title>\n<meta name=\"description\" content=\"Dieses sch\u00f6ne Glockensatz von Nienhuis Montessori ist das Schl\u00fcssel Material f\u00fcr das Lernen \u00fcber Musik in jeder vorbereiteten Montessori-Umgebung.\" \/>\n<meta name=\"robots\" content=\"index, follow, max-snippet:-1, max-image-preview:large, max-video-preview:-1\" \/>\n<link rel=\"canonical\" href=\"https:\/\/teiaeducation.ch\/de\/produkt\/glockensatz-nienhuis-montessori\/\" \/>\n<meta property=\"og:locale\" content=\"de_DE\" \/>\n<meta property=\"og:type\" content=\"article\" \/>\n<meta property=\"og:title\" content=\"Glockensatz - Nienhuis Montessori\" \/>\n<meta property=\"og:description\" content=\"Dieses sch\u00f6ne Glockensatz von Nienhuis Montessori ist das Schl\u00fcssel Material f\u00fcr das Lernen \u00fcber Musik in jeder vorbereiteten Montessori-Umgebung.\" \/>\n<meta property=\"og:url\" content=\"https:\/\/teiaeducation.ch\/de\/produkt\/glockensatz-nienhuis-montessori\/\" \/>\n<meta property=\"og:site_name\" content=\"Sustainable Educational Products &amp; Ecological Toys\u00a0\" \/>\n<meta property=\"article:publisher\" content=\"https:\/\/www.facebook.com\/teiaeducation\/\" \/>\n<meta property=\"article:modified_time\" content=\"2024-05-02T07:49:04+00:00\" \/>\n<meta property=\"og:image\" content=\"https:\/\/teiaeducation.ch\/wp-content\/uploads\/2019\/05\/400_0063A0_main_or_1-scaled-scaled.jpg\" \/>\n\t<meta property=\"og:image:width\" content=\"2048\" \/>\n\t<meta property=\"og:image:height\" content=\"2048\" \/>\n\t<meta property=\"og:image:type\" content=\"image\/jpeg\" \/>\n<script type=\"application\/ld+json\" class=\"yoast-schema-graph\">{\"@context\":\"https:\/\/schema.org\",\"@graph\":[{\"@type\":\"WebPage\",\"@id\":\"https:\/\/teiaeducation.ch\/de\/produkt\/glockensatz-nienhuis-montessori\/\",\"url\":\"https:\/\/teiaeducation.ch\/de\/produkt\/glockensatz-nienhuis-montessori\/\",\"name\":\"Glockensatz - Nienhuis Montessori\",\"isPartOf\":{\"@id\":\"https:\/\/teiaeducation.ch\/de\/#website\"},\"primaryImageOfPage\":{\"@id\":\"https:\/\/teiaeducation.ch\/de\/produkt\/glockensatz-nienhuis-montessori\/#primaryimage\"},\"image\":{\"@id\":\"https:\/\/teiaeducation.ch\/de\/produkt\/glockensatz-nienhuis-montessori\/#primaryimage\"},\"thumbnailUrl\":\"https:\/\/teiaeducation.ch\/wp-content\/uploads\/2019\/05\/400_0063A0_main_or_1-scaled-scaled.jpg\",\"datePublished\":\"2021-07-03T06:58:44+00:00\",\"dateModified\":\"2024-05-02T07:49:04+00:00\",\"description\":\"Dieses sch\u00f6ne Glockensatz von Nienhuis Montessori ist das Schl\u00fcssel Material f\u00fcr das Lernen \u00fcber Musik in jeder vorbereiteten Montessori-Umgebung.\",\"breadcrumb\":{\"@id\":\"https:\/\/teiaeducation.ch\/de\/produkt\/glockensatz-nienhuis-montessori\/#breadcrumb\"},\"inLanguage\":\"de-CH\",\"potentialAction\":[{\"@type\":\"ReadAction\",\"target\":[\"https:\/\/teiaeducation.ch\/de\/produkt\/glockensatz-nienhuis-montessori\/\"]}]},{\"@type\":\"ImageObject\",\"inLanguage\":\"de-CH\",\"@id\":\"https:\/\/teiaeducation.ch\/de\/produkt\/glockensatz-nienhuis-montessori\/#primaryimage\",\"url\":\"https:\/\/teiaeducation.ch\/wp-content\/uploads\/2019\/05\/400_0063A0_main_or_1-scaled-scaled.jpg\",\"contentUrl\":\"https:\/\/teiaeducation.ch\/wp-content\/uploads\/2019\/05\/400_0063A0_main_or_1-scaled-scaled.jpg\",\"width\":2048,\"height\":2048,\"caption\":\"Glockensatz - Nienhuis Montessori\"},{\"@type\":\"BreadcrumbList\",\"@id\":\"https:\/\/teiaeducation.ch\/de\/produkt\/glockensatz-nienhuis-montessori\/#breadcrumb\",\"itemListElement\":[{\"@type\":\"ListItem\",\"position\":1,\"name\":\"Home\",\"item\":\"https:\/\/teiaeducation.ch\/de\/\"},{\"@type\":\"ListItem\",\"position\":2,\"name\":\"Laden\",\"item\":\"https:\/\/teiaeducation.ch\/de\/shop\/\"},{\"@type\":\"ListItem\",\"position\":3,\"name\":\"Lernthemen\",\"item\":\"https:\/\/teiaeducation.ch\/de\/produkt-kategorie\/lernthemen\/\"},{\"@type\":\"ListItem\",\"position\":4,\"name\":\"Sensorische &amp; Motorische Fertigkeiten\",\"item\":\"https:\/\/teiaeducation.ch\/de\/produkt-kategorie\/lernthemen\/sensorische-motorische-fertigkeiten\/\"},{\"@type\":\"ListItem\",\"position\":5,\"name\":\"Musik\",\"item\":\"https:\/\/teiaeducation.ch\/de\/produkt-kategorie\/lernthemen\/sensorische-motorische-fertigkeiten\/musik\/\"},{\"@type\":\"ListItem\",\"position\":6,\"name\":\"Glockensatz &#8211; Nienhuis Montessori\"}]},{\"@type\":\"WebSite\",\"@id\":\"https:\/\/teiaeducation.ch\/de\/#website\",\"url\":\"https:\/\/teiaeducation.ch\/de\/\",\"name\":\"Sustainable Educational Products &amp; Ecological Toys\u00a0\",\"description\":\"Specialised Swiss shop selling sustainable educational toys and games, AMI certified Montessori materials, handmade ecological wooden Waldorf toys and arts &amp; crafts supplies, school supplies, children&#039;s furniture and Montessori reference and parenting books.\",\"publisher\":{\"@id\":\"https:\/\/teiaeducation.ch\/de\/#organization\"},\"alternateName\":\"Teia Education & Play\",\"potentialAction\":[{\"@type\":\"SearchAction\",\"target\":{\"@type\":\"EntryPoint\",\"urlTemplate\":\"https:\/\/teiaeducation.ch\/de\/?s={search_term_string}\"},\"query-input\":{\"@type\":\"PropertyValueSpecification\",\"valueRequired\":true,\"valueName\":\"search_term_string\"}}],\"inLanguage\":\"de-CH\"},{\"@type\":\"Organization\",\"@id\":\"https:\/\/teiaeducation.ch\/de\/#organization\",\"name\":\"Teia Education & Play\",\"url\":\"https:\/\/teiaeducation.ch\/de\/\",\"logo\":{\"@type\":\"ImageObject\",\"inLanguage\":\"de-CH\",\"@id\":\"https:\/\/teiaeducation.ch\/de\/#\/schema\/logo\/image\/\",\"url\":\"https:\/\/teiaeducation.ch\/wp-content\/uploads\/2020\/11\/Teia-Education-Switzerland-e1620156442216.jpg\",\"contentUrl\":\"https:\/\/teiaeducation.ch\/wp-content\/uploads\/2020\/11\/Teia-Education-Switzerland-e1620156442216.jpg\",\"width\":166,\"height\":145,\"caption\":\"Teia Education & Play\"},\"image\":{\"@id\":\"https:\/\/teiaeducation.ch\/de\/#\/schema\/logo\/image\/\"},\"sameAs\":[\"https:\/\/www.facebook.com\/teiaeducation\/\",\"https:\/\/x.com\/EducationTeia\",\"https:\/\/www.instagram.com\/teia.education\/\",\"https:\/\/www.linkedin.com\/company\/35501660\",\"https:\/\/www.pinterest.ch\/TeiaEducation\/\"]}]}<\/script>\n<!-- \/ Yoast SEO plugin. -->","yoast_head_json":{"title":"Glockensatz - Nienhuis Montessori","description":"Dieses sch\u00f6ne Glockensatz von Nienhuis Montessori ist das Schl\u00fcssel Material f\u00fcr das Lernen \u00fcber Musik in jeder vorbereiteten Montessori-Umgebung.","robots":{"index":"index","follow":"follow","max-snippet":"max-snippet:-1","max-image-preview":"max-image-preview:large","max-video-preview":"max-video-preview:-1"},"canonical":"https:\/\/teiaeducation.ch\/de\/produkt\/glockensatz-nienhuis-montessori\/","og_locale":"de_DE","og_type":"article","og_title":"Glockensatz - Nienhuis Montessori","og_description":"Dieses sch\u00f6ne Glockensatz von Nienhuis Montessori ist das Schl\u00fcssel Material f\u00fcr das Lernen \u00fcber Musik in jeder vorbereiteten Montessori-Umgebung.","og_url":"https:\/\/teiaeducation.ch\/de\/produkt\/glockensatz-nienhuis-montessori\/","og_site_name":"Sustainable Educational Products &amp; Ecological Toys\u00a0","article_publisher":"https:\/\/www.facebook.com\/teiaeducation\/","article_modified_time":"2024-05-02T07:49:04+00:00","og_image":[{"width":2048,"height":2048,"url":"https:\/\/teiaeducation.ch\/wp-content\/uploads\/2019\/05\/400_0063A0_main_or_1-scaled-scaled.jpg","type":"image\/jpeg"}],"schema":{"@context":"https:\/\/schema.org","@graph":[{"@type":"WebPage","@id":"https:\/\/teiaeducation.ch\/de\/produkt\/glockensatz-nienhuis-montessori\/","url":"https:\/\/teiaeducation.ch\/de\/produkt\/glockensatz-nienhuis-montessori\/","name":"Glockensatz - Nienhuis Montessori","isPartOf":{"@id":"https:\/\/teiaeducation.ch\/de\/#website"},"primaryImageOfPage":{"@id":"https:\/\/teiaeducation.ch\/de\/produkt\/glockensatz-nienhuis-montessori\/#primaryimage"},"image":{"@id":"https:\/\/teiaeducation.ch\/de\/produkt\/glockensatz-nienhuis-montessori\/#primaryimage"},"thumbnailUrl":"https:\/\/teiaeducation.ch\/wp-content\/uploads\/2019\/05\/400_0063A0_main_or_1-scaled-scaled.jpg","datePublished":"2021-07-03T06:58:44+00:00","dateModified":"2024-05-02T07:49:04+00:00","description":"Dieses sch\u00f6ne Glockensatz von Nienhuis Montessori ist das Schl\u00fcssel Material f\u00fcr das Lernen \u00fcber Musik in jeder vorbereiteten Montessori-Umgebung.","breadcrumb":{"@id":"https:\/\/teiaeducation.ch\/de\/produkt\/glockensatz-nienhuis-montessori\/#breadcrumb"},"inLanguage":"de-CH","potentialAction":[{"@type":"ReadAction","target":["https:\/\/teiaeducation.ch\/de\/produkt\/glockensatz-nienhuis-montessori\/"]}]},{"@type":"ImageObject","inLanguage":"de-CH","@id":"https:\/\/teiaeducation.ch\/de\/produkt\/glockensatz-nienhuis-montessori\/#primaryimage","url":"https:\/\/teiaeducation.ch\/wp-content\/uploads\/2019\/05\/400_0063A0_main_or_1-scaled-scaled.jpg","contentUrl":"https:\/\/teiaeducation.ch\/wp-content\/uploads\/2019\/05\/400_0063A0_main_or_1-scaled-scaled.jpg","width":2048,"height":2048,"caption":"Glockensatz - Nienhuis Montessori"},{"@type":"BreadcrumbList","@id":"https:\/\/teiaeducation.ch\/de\/produkt\/glockensatz-nienhuis-montessori\/#breadcrumb","itemListElement":[{"@type":"ListItem","position":1,"name":"Home","item":"https:\/\/teiaeducation.ch\/de\/"},{"@type":"ListItem","position":2,"name":"Laden","item":"https:\/\/teiaeducation.ch\/de\/shop\/"},{"@type":"ListItem","position":3,"name":"Lernthemen","item":"https:\/\/teiaeducation.ch\/de\/produkt-kategorie\/lernthemen\/"},{"@type":"ListItem","position":4,"name":"Sensorische &amp; Motorische Fertigkeiten","item":"https:\/\/teiaeducation.ch\/de\/produkt-kategorie\/lernthemen\/sensorische-motorische-fertigkeiten\/"},{"@type":"ListItem","position":5,"name":"Musik","item":"https:\/\/teiaeducation.ch\/de\/produkt-kategorie\/lernthemen\/sensorische-motorische-fertigkeiten\/musik\/"},{"@type":"ListItem","position":6,"name":"Glockensatz &#8211; Nienhuis Montessori"}]},{"@type":"WebSite","@id":"https:\/\/teiaeducation.ch\/de\/#website","url":"https:\/\/teiaeducation.ch\/de\/","name":"Sustainable Educational Products &amp; Ecological Toys\u00a0","description":"Specialised Swiss shop selling sustainable educational toys and games, AMI certified Montessori materials, handmade ecological wooden Waldorf toys and arts &amp; crafts supplies, school supplies, children&#039;s furniture and Montessori reference and parenting books.","publisher":{"@id":"https:\/\/teiaeducation.ch\/de\/#organization"},"alternateName":"Teia Education & Play","potentialAction":[{"@type":"SearchAction","target":{"@type":"EntryPoint","urlTemplate":"https:\/\/teiaeducation.ch\/de\/?s={search_term_string}"},"query-input":{"@type":"PropertyValueSpecification","valueRequired":true,"valueName":"search_term_string"}}],"inLanguage":"de-CH"},{"@type":"Organization","@id":"https:\/\/teiaeducation.ch\/de\/#organization","name":"Teia Education & Play","url":"https:\/\/teiaeducation.ch\/de\/","logo":{"@type":"ImageObject","inLanguage":"de-CH","@id":"https:\/\/teiaeducation.ch\/de\/#\/schema\/logo\/image\/","url":"https:\/\/teiaeducation.ch\/wp-content\/uploads\/2020\/11\/Teia-Education-Switzerland-e1620156442216.jpg","contentUrl":"https:\/\/teiaeducation.ch\/wp-content\/uploads\/2020\/11\/Teia-Education-Switzerland-e1620156442216.jpg","width":166,"height":145,"caption":"Teia Education & Play"},"image":{"@id":"https:\/\/teiaeducation.ch\/de\/#\/schema\/logo\/image\/"},"sameAs":["https:\/\/www.facebook.com\/teiaeducation\/","https:\/\/x.com\/EducationTeia","https:\/\/www.instagram.com\/teia.education\/","https:\/\/www.linkedin.com\/company\/35501660","https:\/\/www.pinterest.ch\/TeiaEducation\/"]}]}},"_links":{"self":[{"href":"https:\/\/teiaeducation.ch\/de\/wp-json\/wp\/v2\/product\/56796","targetHints":{"allow":["GET"]}}],"collection":[{"href":"https:\/\/teiaeducation.ch\/de\/wp-json\/wp\/v2\/product"}],"about":[{"href":"https:\/\/teiaeducation.ch\/de\/wp-json\/wp\/v2\/types\/product"}],"replies":[{"embeddable":true,"href":"https:\/\/teiaeducation.ch\/de\/wp-json\/wp\/v2\/comments?post=56796"}],"wp:featuredmedia":[{"embeddable":true,"href":"https:\/\/teiaeducation.ch\/de\/wp-json\/wp\/v2\/media\/56797"}],"wp:attachment":[{"href":"https:\/\/teiaeducation.ch\/de\/wp-json\/wp\/v2\/media?parent=56796"}],"wp:term":[{"taxonomy":"product_brand","embeddable":true,"href":"https:\/\/teiaeducation.ch\/de\/wp-json\/wp\/v2\/product_brand?post=56796"},{"taxonomy":"product_cat","embeddable":true,"href":"https:\/\/teiaeducation.ch\/de\/wp-json\/wp\/v2\/product_cat?post=56796"},{"taxonomy":"product_tag","embeddable":true,"href":"https:\/\/teiaeducation.ch\/de\/wp-json\/wp\/v2\/product_tag?post=56796"}],"curies":[{"name":"wp","href":"https:\/\/api.w.org\/{rel}","templated":true}]}}