{"id":56805,"date":"2021-01-27T12:12:16","date_gmt":"2021-01-27T11:12:16","guid":{"rendered":"https:\/\/teiaeducation.ch\/product\/sternenkarte-nienhuis-montessori\/"},"modified":"2023-10-27T15:06:32","modified_gmt":"2023-10-27T13:06:32","slug":"sternenkarte-nienhuis-montessori","status":"publish","type":"product","link":"https:\/\/teiaeducation.ch\/de\/produkt\/sternenkarte-nienhuis-montessori\/","title":{"rendered":"Sternenkarte &#8211; Nienhuis Montessori"},"content":{"rendered":"<p>Sternenkarte &#8211; \u00dcbungsset \/ Kosmisches Bildungsmaterial &#8211; Nienhuis Montessori<\/p>\n<p>Durch die Arbeit mit der Nienhuis Montessori Sternenkarte gewinnt das Kind ein Verst\u00e4ndnis f\u00fcr unser <a href=\"https:\/\/teiaeducation.ch\/product-category\/curriculum-areas\/culture-science\/earth-universe\/\">Universum<\/a> und wird mit dem Sternenhimmel vertraut. Die Sternenkarte befasst sich mit den wichtigsten Sternen und Planeten. Dieses Material ist Teil des Lehrplans f\u00fcr kosmische Erziehung und basiert auf dem Montessori-Konzept, bei dem zun\u00e4chst das Ganze, in diesem Fall das Universum, gezeigt wird.<\/p>\n<p>Das Aktivit\u00e4tsset enth\u00e4lt eine gro\u00dfe dunkelblaue Karte, auf der der Himmel der n\u00f6rdlichen und s\u00fcdlichen Hemisph\u00e4re in wei\u00dfer Farbe dargestellt ist, Flaggenstifte aus Stahl und einen Bogen mit wei\u00dfen und gelben Etiketten, die an den Flaggenstiften aus Stahl befestigt werden, um zwei Flaggens\u00e4tze zu erstellen. Auf den Etiketten steht jeweils der Name eines Sternbildes, auf der anderen Seite der Name in lateinischer Sprache.<\/p>\n<p>F\u00fcr den Unterricht und zum Nachschlagen liegen 2 bedruckte Kontrollkreise aus dickem Kunststoff mit den Sternbildern sowie eine Bedienungsanleitung mit Hinweisen bei.<\/p>\n<p>Autorin von Nienhuis Montessori die Sterne \u00fcben: Jacqueline Hendriksen.<\/p>\n<p>Die niederl\u00e4ndische Marke Nienhuis Montessori ist die weltweit f\u00fchrende Montessori Marke, die das Erbe von Maria Montessori ehrt und fortf\u00fchrt und das breiteste und innovativste Sortiment an Montessori-Materialien, M\u00f6beln und verwandten Produkten herstellt. Die hochwertigen Nienhuis Montessori Produkte geben den Kindern die Werkzeuge, die sie brauchen, um Unabhangig und kritisch zu denken. Alle Nienhuis Montessori Materialien sind vom Materialkomitee der Association Montessori Internationale (<a href=\"https:\/\/montessori-ami.org\/\">AMI<\/a>) zertifiziert und werden sorgf\u00e4ltig hergestellt, um Schwierigkeiten zu isolieren, so dass die Kinder sich konzentrieren, lernen und sich entwickeln k\u00f6nnen.<\/p>\n<p>Nienhuis Montessori ist eine der Marken des Niederlandischen Unternehmens Heutink International, das weltweit die besten pedagogischen Marken anbietet, die auf spielerisches Lernen ausgerichtet sind.<\/p>\n<p>Dieses Material ist f\u00fcr Kinder ab 6 Jahren geeignet.<\/p>\n<p>Inhalt:<\/p>\n<p>1 gro\u00dfe Landkarte<br \/>\n1 wei\u00dfe Holzkiste mit wei\u00dfen F\u00e4hnchen<br \/>\n1 goldfarbene Holzkiste mit gelben F\u00e4hnchen<br \/>\n1 Blatt mit Etiketten<br \/>\n2 Kontrollkreise aus Kunststoff<br \/>\nBenutzerhandbuch<\/p>\n","protected":false},"excerpt":{"rendered":"<p>Artikelnummer: 085000<\/p>\n<p>Die Nienhuis Montessori Sternenkarte ist ein kosmisches Lernset, das ein Verst\u00e4ndnis f\u00fcr unser Universum und den Sternenhimmel vermittelt.<\/p>\n","protected":false},"featured_media":56806,"comment_status":"closed","ping_status":"closed","template":"","meta":[],"product_brand":[],"product_cat":[21446,21476,21500,21479,21571,21515,21647,21474,21510,21509,21499,21498,21481,21443,21572,21494,21496,21564,21520],"product_tag":[26035,26005,26017,23108,26555,23120,23107,26557,26556,22981,23119,23109,26554],"class_list":{"0":"post-56805","1":"product","2":"type-product","3":"status-publish","4":"has-post-thumbnail","6":"product_cat-6-12-jahre-grundschule","7":"product_cat-6-12-jahre-klassenzimmer-pack","8":"product_cat-aktivitaetssets","9":"product_cat-lernmaterialien-spielzeug-montessori-waldorf-steiner-froebel","10":"product_cat-curriculum-erganzung-nienhuis-montessori","11":"product_cat-erde-universum","12":"product_cat-geographie-nienhuis-montessori","13":"product_cat-klassenzimmer-essenzien","14":"product_cat-kultur-wissenschaft","15":"product_cat-lernthemen","16":"product_cat-lernunterstuetzung","17":"product_cat-montessori-materialien-fuer-zuhause-schulbedarf-fuer-zuhause","18":"product_cat-montessori-paedagogik-material-spielzeug","19":"product_cat-nach-alter","20":"product_cat-nienhuis-montessori-schweiz","21":"product_cat-schulbedarf-fuer-zuhause","22":"product_cat-schulbedarf-fuer-zuhause-6-12-jahre","23":"product_cat-unsere-marken","24":"product_cat-wissenschaft","25":"product_tag-geographie-de","26":"product_tag-grundschule-6-12-jahre","27":"product_tag-montessori-geographie","28":"product_tag-montessori-kleinkind-3-6","29":"product_tag-montessori-kosmische-erziehung","30":"product_tag-montessori-material-schweiz","31":"product_tag-montessori-sinnesmaterial-de","32":"product_tag-montessori-universum-und-erde","33":"product_tag-montessori-sonnensystem","34":"product_tag-nienhuis-montessori-de","35":"product_tag-nienhuis-montessori-schweiz-de","36":"product_tag-rosa-turm-montessori","37":"product_tag-universum-und-erde","39":"first","40":"instock","41":"taxable","42":"shipping-taxable","43":"purchasable","44":"product-type-simple"},"yoast_head":"<!-- This site is optimized with the Yoast SEO plugin v27.1.1 - https:\/\/yoast.com\/product\/yoast-seo-wordpress\/ -->\n<title>Sternenkarte - Nienhuis Montessori<\/title>\n<meta name=\"description\" content=\"Die Nienhuis Montessori Sternenkarte ist ein kosmisches Lernset, das ein Verst\u00e4ndnis f\u00fcr unser Universum und den Sternenhimmel vermittelt.\" \/>\n<meta name=\"robots\" content=\"index, follow, max-snippet:-1, max-image-preview:large, max-video-preview:-1\" \/>\n<link rel=\"canonical\" href=\"https:\/\/teiaeducation.ch\/de\/produkt\/sternenkarte-nienhuis-montessori\/\" \/>\n<meta property=\"og:locale\" content=\"de_DE\" \/>\n<meta property=\"og:type\" content=\"article\" \/>\n<meta property=\"og:title\" content=\"Sternenkarte - Nienhuis Montessori\" \/>\n<meta property=\"og:description\" content=\"Die Nienhuis Montessori Sternenkarte ist ein kosmisches Lernset, das ein Verst\u00e4ndnis f\u00fcr unser Universum und den Sternenhimmel vermittelt.\" \/>\n<meta property=\"og:url\" content=\"https:\/\/teiaeducation.ch\/de\/produkt\/sternenkarte-nienhuis-montessori\/\" \/>\n<meta property=\"og:site_name\" content=\"Sustainable Educational Products &amp; Ecological Toys\u00a0\" \/>\n<meta property=\"article:publisher\" content=\"https:\/\/www.facebook.com\/teiaeducation\/\" \/>\n<meta property=\"article:modified_time\" content=\"2023-10-27T13:06:32+00:00\" \/>\n<meta property=\"og:image\" content=\"https:\/\/teiaeducation.ch\/wp-content\/uploads\/2019\/05\/400_085000_main_or_1-scaled-scaled.jpg\" \/>\n\t<meta property=\"og:image:width\" content=\"2048\" \/>\n\t<meta property=\"og:image:height\" content=\"2048\" \/>\n\t<meta property=\"og:image:type\" content=\"image\/jpeg\" \/>\n<script type=\"application\/ld+json\" class=\"yoast-schema-graph\">{\"@context\":\"https:\/\/schema.org\",\"@graph\":[{\"@type\":\"WebPage\",\"@id\":\"https:\/\/teiaeducation.ch\/de\/produkt\/sternenkarte-nienhuis-montessori\/\",\"url\":\"https:\/\/teiaeducation.ch\/de\/produkt\/sternenkarte-nienhuis-montessori\/\",\"name\":\"Sternenkarte - Nienhuis Montessori\",\"isPartOf\":{\"@id\":\"https:\/\/teiaeducation.ch\/de\/#website\"},\"primaryImageOfPage\":{\"@id\":\"https:\/\/teiaeducation.ch\/de\/produkt\/sternenkarte-nienhuis-montessori\/#primaryimage\"},\"image\":{\"@id\":\"https:\/\/teiaeducation.ch\/de\/produkt\/sternenkarte-nienhuis-montessori\/#primaryimage\"},\"thumbnailUrl\":\"https:\/\/teiaeducation.ch\/wp-content\/uploads\/2019\/05\/400_085000_main_or_1-scaled-scaled.jpg\",\"datePublished\":\"2021-01-27T11:12:16+00:00\",\"dateModified\":\"2023-10-27T13:06:32+00:00\",\"description\":\"Die Nienhuis Montessori Sternenkarte ist ein kosmisches Lernset, das ein Verst\u00e4ndnis f\u00fcr unser Universum und den Sternenhimmel vermittelt.\",\"breadcrumb\":{\"@id\":\"https:\/\/teiaeducation.ch\/de\/produkt\/sternenkarte-nienhuis-montessori\/#breadcrumb\"},\"inLanguage\":\"de-CH\",\"potentialAction\":[{\"@type\":\"ReadAction\",\"target\":[\"https:\/\/teiaeducation.ch\/de\/produkt\/sternenkarte-nienhuis-montessori\/\"]}]},{\"@type\":\"ImageObject\",\"inLanguage\":\"de-CH\",\"@id\":\"https:\/\/teiaeducation.ch\/de\/produkt\/sternenkarte-nienhuis-montessori\/#primaryimage\",\"url\":\"https:\/\/teiaeducation.ch\/wp-content\/uploads\/2019\/05\/400_085000_main_or_1-scaled-scaled.jpg\",\"contentUrl\":\"https:\/\/teiaeducation.ch\/wp-content\/uploads\/2019\/05\/400_085000_main_or_1-scaled-scaled.jpg\",\"width\":2048,\"height\":2048,\"caption\":\"Sternenkarte - Nienhuis Montessori\"},{\"@type\":\"BreadcrumbList\",\"@id\":\"https:\/\/teiaeducation.ch\/de\/produkt\/sternenkarte-nienhuis-montessori\/#breadcrumb\",\"itemListElement\":[{\"@type\":\"ListItem\",\"position\":1,\"name\":\"Home\",\"item\":\"https:\/\/teiaeducation.ch\/de\/\"},{\"@type\":\"ListItem\",\"position\":2,\"name\":\"Laden\",\"item\":\"https:\/\/teiaeducation.ch\/de\/shop\/\"},{\"@type\":\"ListItem\",\"position\":3,\"name\":\"Unsere Marken\",\"item\":\"https:\/\/teiaeducation.ch\/de\/produkt-kategorie\/unsere-marken\/\"},{\"@type\":\"ListItem\",\"position\":4,\"name\":\"Nienhuis Montessori Schweiz\",\"item\":\"https:\/\/teiaeducation.ch\/de\/produkt-kategorie\/unsere-marken\/nienhuis-montessori-schweiz\/\"},{\"@type\":\"ListItem\",\"position\":5,\"name\":\"Geografie Material\",\"item\":\"https:\/\/teiaeducation.ch\/de\/produkt-kategorie\/unsere-marken\/nienhuis-montessori-schweiz\/geographie-nienhuis-montessori\/\"},{\"@type\":\"ListItem\",\"position\":6,\"name\":\"Sternenkarte &#8211; Nienhuis Montessori\"}]},{\"@type\":\"WebSite\",\"@id\":\"https:\/\/teiaeducation.ch\/de\/#website\",\"url\":\"https:\/\/teiaeducation.ch\/de\/\",\"name\":\"Sustainable Educational Products &amp; Ecological Toys\u00a0\",\"description\":\"Specialised Swiss shop selling sustainable educational toys and games, AMI certified Montessori materials, handmade ecological wooden Waldorf toys and arts &amp; crafts supplies, school supplies, children&#039;s furniture and Montessori reference and parenting books.\",\"publisher\":{\"@id\":\"https:\/\/teiaeducation.ch\/de\/#organization\"},\"alternateName\":\"Teia Education & Play\",\"potentialAction\":[{\"@type\":\"SearchAction\",\"target\":{\"@type\":\"EntryPoint\",\"urlTemplate\":\"https:\/\/teiaeducation.ch\/de\/?s={search_term_string}\"},\"query-input\":{\"@type\":\"PropertyValueSpecification\",\"valueRequired\":true,\"valueName\":\"search_term_string\"}}],\"inLanguage\":\"de-CH\"},{\"@type\":\"Organization\",\"@id\":\"https:\/\/teiaeducation.ch\/de\/#organization\",\"name\":\"Teia Education & Play\",\"url\":\"https:\/\/teiaeducation.ch\/de\/\",\"logo\":{\"@type\":\"ImageObject\",\"inLanguage\":\"de-CH\",\"@id\":\"https:\/\/teiaeducation.ch\/de\/#\/schema\/logo\/image\/\",\"url\":\"https:\/\/teiaeducation.ch\/wp-content\/uploads\/2020\/11\/Teia-Education-Switzerland-e1620156442216.jpg\",\"contentUrl\":\"https:\/\/teiaeducation.ch\/wp-content\/uploads\/2020\/11\/Teia-Education-Switzerland-e1620156442216.jpg\",\"width\":166,\"height\":145,\"caption\":\"Teia Education & Play\"},\"image\":{\"@id\":\"https:\/\/teiaeducation.ch\/de\/#\/schema\/logo\/image\/\"},\"sameAs\":[\"https:\/\/www.facebook.com\/teiaeducation\/\",\"https:\/\/x.com\/EducationTeia\",\"https:\/\/www.instagram.com\/teia.education\/\",\"https:\/\/www.linkedin.com\/company\/35501660\",\"https:\/\/www.pinterest.ch\/TeiaEducation\/\"]}]}<\/script>\n<!-- \/ Yoast SEO plugin. -->","yoast_head_json":{"title":"Sternenkarte - Nienhuis Montessori","description":"Die Nienhuis Montessori Sternenkarte ist ein kosmisches Lernset, das ein Verst\u00e4ndnis f\u00fcr unser Universum und den Sternenhimmel vermittelt.","robots":{"index":"index","follow":"follow","max-snippet":"max-snippet:-1","max-image-preview":"max-image-preview:large","max-video-preview":"max-video-preview:-1"},"canonical":"https:\/\/teiaeducation.ch\/de\/produkt\/sternenkarte-nienhuis-montessori\/","og_locale":"de_DE","og_type":"article","og_title":"Sternenkarte - Nienhuis Montessori","og_description":"Die Nienhuis Montessori Sternenkarte ist ein kosmisches Lernset, das ein Verst\u00e4ndnis f\u00fcr unser Universum und den Sternenhimmel vermittelt.","og_url":"https:\/\/teiaeducation.ch\/de\/produkt\/sternenkarte-nienhuis-montessori\/","og_site_name":"Sustainable Educational Products &amp; Ecological Toys\u00a0","article_publisher":"https:\/\/www.facebook.com\/teiaeducation\/","article_modified_time":"2023-10-27T13:06:32+00:00","og_image":[{"width":2048,"height":2048,"url":"https:\/\/teiaeducation.ch\/wp-content\/uploads\/2019\/05\/400_085000_main_or_1-scaled-scaled.jpg","type":"image\/jpeg"}],"schema":{"@context":"https:\/\/schema.org","@graph":[{"@type":"WebPage","@id":"https:\/\/teiaeducation.ch\/de\/produkt\/sternenkarte-nienhuis-montessori\/","url":"https:\/\/teiaeducation.ch\/de\/produkt\/sternenkarte-nienhuis-montessori\/","name":"Sternenkarte - Nienhuis Montessori","isPartOf":{"@id":"https:\/\/teiaeducation.ch\/de\/#website"},"primaryImageOfPage":{"@id":"https:\/\/teiaeducation.ch\/de\/produkt\/sternenkarte-nienhuis-montessori\/#primaryimage"},"image":{"@id":"https:\/\/teiaeducation.ch\/de\/produkt\/sternenkarte-nienhuis-montessori\/#primaryimage"},"thumbnailUrl":"https:\/\/teiaeducation.ch\/wp-content\/uploads\/2019\/05\/400_085000_main_or_1-scaled-scaled.jpg","datePublished":"2021-01-27T11:12:16+00:00","dateModified":"2023-10-27T13:06:32+00:00","description":"Die Nienhuis Montessori Sternenkarte ist ein kosmisches Lernset, das ein Verst\u00e4ndnis f\u00fcr unser Universum und den Sternenhimmel vermittelt.","breadcrumb":{"@id":"https:\/\/teiaeducation.ch\/de\/produkt\/sternenkarte-nienhuis-montessori\/#breadcrumb"},"inLanguage":"de-CH","potentialAction":[{"@type":"ReadAction","target":["https:\/\/teiaeducation.ch\/de\/produkt\/sternenkarte-nienhuis-montessori\/"]}]},{"@type":"ImageObject","inLanguage":"de-CH","@id":"https:\/\/teiaeducation.ch\/de\/produkt\/sternenkarte-nienhuis-montessori\/#primaryimage","url":"https:\/\/teiaeducation.ch\/wp-content\/uploads\/2019\/05\/400_085000_main_or_1-scaled-scaled.jpg","contentUrl":"https:\/\/teiaeducation.ch\/wp-content\/uploads\/2019\/05\/400_085000_main_or_1-scaled-scaled.jpg","width":2048,"height":2048,"caption":"Sternenkarte - Nienhuis Montessori"},{"@type":"BreadcrumbList","@id":"https:\/\/teiaeducation.ch\/de\/produkt\/sternenkarte-nienhuis-montessori\/#breadcrumb","itemListElement":[{"@type":"ListItem","position":1,"name":"Home","item":"https:\/\/teiaeducation.ch\/de\/"},{"@type":"ListItem","position":2,"name":"Laden","item":"https:\/\/teiaeducation.ch\/de\/shop\/"},{"@type":"ListItem","position":3,"name":"Unsere Marken","item":"https:\/\/teiaeducation.ch\/de\/produkt-kategorie\/unsere-marken\/"},{"@type":"ListItem","position":4,"name":"Nienhuis Montessori Schweiz","item":"https:\/\/teiaeducation.ch\/de\/produkt-kategorie\/unsere-marken\/nienhuis-montessori-schweiz\/"},{"@type":"ListItem","position":5,"name":"Geografie Material","item":"https:\/\/teiaeducation.ch\/de\/produkt-kategorie\/unsere-marken\/nienhuis-montessori-schweiz\/geographie-nienhuis-montessori\/"},{"@type":"ListItem","position":6,"name":"Sternenkarte &#8211; Nienhuis Montessori"}]},{"@type":"WebSite","@id":"https:\/\/teiaeducation.ch\/de\/#website","url":"https:\/\/teiaeducation.ch\/de\/","name":"Sustainable Educational Products &amp; Ecological Toys\u00a0","description":"Specialised Swiss shop selling sustainable educational toys and games, AMI certified Montessori materials, handmade ecological wooden Waldorf toys and arts &amp; crafts supplies, school supplies, children&#039;s furniture and Montessori reference and parenting books.","publisher":{"@id":"https:\/\/teiaeducation.ch\/de\/#organization"},"alternateName":"Teia Education & Play","potentialAction":[{"@type":"SearchAction","target":{"@type":"EntryPoint","urlTemplate":"https:\/\/teiaeducation.ch\/de\/?s={search_term_string}"},"query-input":{"@type":"PropertyValueSpecification","valueRequired":true,"valueName":"search_term_string"}}],"inLanguage":"de-CH"},{"@type":"Organization","@id":"https:\/\/teiaeducation.ch\/de\/#organization","name":"Teia Education & Play","url":"https:\/\/teiaeducation.ch\/de\/","logo":{"@type":"ImageObject","inLanguage":"de-CH","@id":"https:\/\/teiaeducation.ch\/de\/#\/schema\/logo\/image\/","url":"https:\/\/teiaeducation.ch\/wp-content\/uploads\/2020\/11\/Teia-Education-Switzerland-e1620156442216.jpg","contentUrl":"https:\/\/teiaeducation.ch\/wp-content\/uploads\/2020\/11\/Teia-Education-Switzerland-e1620156442216.jpg","width":166,"height":145,"caption":"Teia Education & Play"},"image":{"@id":"https:\/\/teiaeducation.ch\/de\/#\/schema\/logo\/image\/"},"sameAs":["https:\/\/www.facebook.com\/teiaeducation\/","https:\/\/x.com\/EducationTeia","https:\/\/www.instagram.com\/teia.education\/","https:\/\/www.linkedin.com\/company\/35501660","https:\/\/www.pinterest.ch\/TeiaEducation\/"]}]}},"_links":{"self":[{"href":"https:\/\/teiaeducation.ch\/de\/wp-json\/wp\/v2\/product\/56805","targetHints":{"allow":["GET"]}}],"collection":[{"href":"https:\/\/teiaeducation.ch\/de\/wp-json\/wp\/v2\/product"}],"about":[{"href":"https:\/\/teiaeducation.ch\/de\/wp-json\/wp\/v2\/types\/product"}],"replies":[{"embeddable":true,"href":"https:\/\/teiaeducation.ch\/de\/wp-json\/wp\/v2\/comments?post=56805"}],"wp:featuredmedia":[{"embeddable":true,"href":"https:\/\/teiaeducation.ch\/de\/wp-json\/wp\/v2\/media\/56806"}],"wp:attachment":[{"href":"https:\/\/teiaeducation.ch\/de\/wp-json\/wp\/v2\/media?parent=56805"}],"wp:term":[{"taxonomy":"product_brand","embeddable":true,"href":"https:\/\/teiaeducation.ch\/de\/wp-json\/wp\/v2\/product_brand?post=56805"},{"taxonomy":"product_cat","embeddable":true,"href":"https:\/\/teiaeducation.ch\/de\/wp-json\/wp\/v2\/product_cat?post=56805"},{"taxonomy":"product_tag","embeddable":true,"href":"https:\/\/teiaeducation.ch\/de\/wp-json\/wp\/v2\/product_tag?post=56805"}],"curies":[{"name":"wp","href":"https:\/\/api.w.org\/{rel}","templated":true}]}}