{"id":56815,"date":"2021-01-26T09:54:30","date_gmt":"2021-01-26T08:54:30","guid":{"rendered":"https:\/\/teiaeducation.ch\/product\/botanisches-puzzle-baum-nienhuis-montessori\/"},"modified":"2024-07-02T10:39:42","modified_gmt":"2024-07-02T08:39:42","slug":"botanisches-puzzle-baum-nienhuis-montessori","status":"publish","type":"product","link":"https:\/\/teiaeducation.ch\/de\/produkt\/botanisches-puzzle-baum-nienhuis-montessori\/","title":{"rendered":"Botanisches Puzzle: Baum &#8211; Nienhuis Montessori"},"content":{"rendered":"<p>Botanisches Puzzle: Baum \/ Material zur Montessori-Biologie &#8211; Nienhuis Montessori<\/p>\n<p>Das Nienhuis Montessori Botanisches Puzzle: Baum aus der Reihe der <a href=\"https:\/\/teiaeducation.ch\/product-category\/brands\/nienhuis-montessori-educational-materials\/biology\/\">Biologie<\/a>-Materialien geh\u00f6rt zu einer Serie von vier Puzzles, deren Teile die Bestandteile einer Pflanze (Baum), eines Blattes, einer Bl\u00fcte und einer Wurzel illustrieren. Die Botanik-Puzzles sind komplett aus Holz gefertigt und haben eine Gr\u00f6\u00dfe von 24 x 24 Zentimetern.<\/p>\n<p>Ein Botanik-Puzzle-Schrank und ein Botanik-Puzzle-Aktivit\u00e4tsset sind auch separat erh\u00e4ltlich.<\/p>\n<p>Die Niederl\u00e4ndische Marke Nienhuis Montessori ist die weltweit f\u00fchrende Montessori Marke, die das Erbe von Maria Montessori ehrt und fortf\u00fchrt und das breiteste und innovativste Sortiment an Montessori-Materialien, M\u00f6beln und verwandten Produkten herstellt. Die hochwertigen Nienhuis Montessori Produkte geben den Kindern die Werkzeuge, die sie brauchen, um Unabhangig und kritisch zu denken. Das gesamte Nienhuis Material ist vom Materialausschuss der Association Montessori Internationale (<a href=\"https:\/\/montessori-ami.org\/\">AMI<\/a>) zertifiziert und wurde sorgf\u00e4ltig hergestellt, um die Schwierigkeiten zu isolieren, damit sich die Kinder konzentrieren k\u00f6nnen, ihre F\u00e4higkeiten verbessern und sich entwickeln k\u00f6nnen.<\/p>\n<p>Nienhuis Montessori ist eine der Marken des Niederlandischen Unternehmens Heutink International, das weltweit die besten pedagogischen Marken anbietet, die auf spielerisches Lernen ausgerichtet sind.<\/p>\n<p>Dieses Material ist f\u00fcr Kinder ab 4 Jahren geeignet.<\/p>\n<p>Inhalt:<\/p>\n<p>1 Holzpuzzle (24 x 24 cm)<\/p>\n","protected":false},"excerpt":{"rendered":"<p>Artikelnummer: 0198A0<\/p>\n<p>Das Nienhuis Montessori Botanisches Puzzle: Baum aus dem Biologie-Sortiment veranschaulicht die Bestandteile eines Baumes und ist komplett aus Holz gefertigt.<\/p>\n","protected":false},"featured_media":56816,"comment_status":"closed","ping_status":"closed","template":"","meta":[],"product_brand":[],"product_cat":[21475,21445,21446,21476,21524,21479,21570,21512,21464,21474,21510,21509,21499,21498,21481,21559,21443,21572,21494,21495,21557,21564,21536],"product_tag":[23474,24315,23473,24316,23120,26565,26558,26559,26564,23119],"class_list":{"0":"post-56815","1":"product","2":"type-product","3":"status-publish","4":"has-post-thumbnail","6":"product_cat-3-6-jahre-klassenzimmer-pack","7":"product_cat-3-6-jahre-vorschule","8":"product_cat-6-12-jahre-grundschule","9":"product_cat-6-12-jahre-klassenzimmer-pack","10":"product_cat-alphabetisierung-sprache","11":"product_cat-lernmaterialien-spielzeug-montessori-waldorf-steiner-froebel","12":"product_cat-biologie-nienhuis-montessori","13":"product_cat-botanik","14":"product_cat-herbstkollektion","15":"product_cat-klassenzimmer-essenzien","16":"product_cat-kultur-wissenschaft","17":"product_cat-lernthemen","18":"product_cat-lernunterstuetzung","19":"product_cat-montessori-materialien-fuer-zuhause-schulbedarf-fuer-zuhause","20":"product_cat-montessori-paedagogik-material-spielzeug","21":"product_cat-motorische-fertigkeiten","22":"product_cat-nach-alter","23":"product_cat-nienhuis-montessori-schweiz","24":"product_cat-schulbedarf-fuer-zuhause","25":"product_cat-schulbedarf-fuer-zuhause-3-6-jahre","26":"product_cat-sensorische-motorische-fertigkeiten","27":"product_cat-unsere-marken","28":"product_cat-wortschatz","29":"product_tag-heutink-international-schweiz","30":"product_tag-holzspielzeug","31":"product_tag-lehrmittel-schweiz","32":"product_tag-lernspielzeug-schweiz","33":"product_tag-montessori-material-schweiz","34":"product_tag-montessori-teile-eines-baumes","35":"product_tag-nienhuis-montessori-biologie-de","36":"product_tag-nienhuis-montessori-botanie-de","37":"product_tag-nienhuis-montessori-botanisches-puzzle-baum","38":"product_tag-nienhuis-montessori-schweiz-de","40":"first","41":"onbackorder","42":"taxable","43":"shipping-taxable","44":"purchasable","45":"product-type-simple"},"yoast_head":"<!-- This site is optimized with the Yoast SEO plugin v27.1.1 - https:\/\/yoast.com\/product\/yoast-seo-wordpress\/ -->\n<title>Botanisches Puzzle: Baum - Nienhuis Montessori - Teia Education &amp; Play<\/title>\n<meta name=\"robots\" content=\"index, follow, max-snippet:-1, max-image-preview:large, max-video-preview:-1\" \/>\n<link rel=\"canonical\" href=\"https:\/\/teiaeducation.ch\/de\/produkt\/botanisches-puzzle-baum-nienhuis-montessori\/\" \/>\n<meta property=\"og:locale\" content=\"de_DE\" \/>\n<meta property=\"og:type\" content=\"article\" \/>\n<meta property=\"og:title\" content=\"Botanisches Puzzle: Baum - Nienhuis Montessori - Teia Education &amp; Play\" \/>\n<meta property=\"og:description\" content=\"Artikelnummer: 0198A0 Das Nienhuis Montessori Botanisches Puzzle: Baum aus dem Biologie-Sortiment veranschaulicht die Bestandteile eines Baumes und ist komplett aus Holz gefertigt.\" \/>\n<meta property=\"og:url\" content=\"https:\/\/teiaeducation.ch\/de\/produkt\/botanisches-puzzle-baum-nienhuis-montessori\/\" \/>\n<meta property=\"og:site_name\" content=\"Sustainable Educational Products &amp; Ecological Toys\u00a0\" \/>\n<meta property=\"article:publisher\" content=\"https:\/\/www.facebook.com\/teiaeducation\/\" \/>\n<meta property=\"article:modified_time\" content=\"2024-07-02T08:39:42+00:00\" \/>\n<meta property=\"og:image\" content=\"https:\/\/teiaeducation.ch\/wp-content\/uploads\/2020\/02\/Art-20-212_IMG_0117-Joguines-Grapat.jpg\" \/>\n\t<meta property=\"og:image:width\" content=\"1618\" \/>\n\t<meta property=\"og:image:height\" content=\"1080\" \/>\n\t<meta property=\"og:image:type\" content=\"image\/jpeg\" \/>\n<script type=\"application\/ld+json\" class=\"yoast-schema-graph\">{\"@context\":\"https:\/\/schema.org\",\"@graph\":[{\"@type\":\"WebPage\",\"@id\":\"https:\/\/teiaeducation.ch\/de\/produkt\/botanisches-puzzle-baum-nienhuis-montessori\/\",\"url\":\"https:\/\/teiaeducation.ch\/de\/produkt\/botanisches-puzzle-baum-nienhuis-montessori\/\",\"name\":\"Botanisches Puzzle: Baum - Nienhuis Montessori - Teia Education & Play\",\"isPartOf\":{\"@id\":\"https:\/\/teiaeducation.ch\/de\/#website\"},\"primaryImageOfPage\":{\"@id\":\"https:\/\/teiaeducation.ch\/de\/produkt\/botanisches-puzzle-baum-nienhuis-montessori\/#primaryimage\"},\"image\":{\"@id\":\"https:\/\/teiaeducation.ch\/de\/produkt\/botanisches-puzzle-baum-nienhuis-montessori\/#primaryimage\"},\"thumbnailUrl\":\"https:\/\/teiaeducation.ch\/wp-content\/uploads\/2019\/02\/0198A0.jpg\",\"datePublished\":\"2021-01-26T08:54:30+00:00\",\"dateModified\":\"2024-07-02T08:39:42+00:00\",\"breadcrumb\":{\"@id\":\"https:\/\/teiaeducation.ch\/de\/produkt\/botanisches-puzzle-baum-nienhuis-montessori\/#breadcrumb\"},\"inLanguage\":\"de-CH\",\"potentialAction\":[{\"@type\":\"ReadAction\",\"target\":[\"https:\/\/teiaeducation.ch\/de\/produkt\/botanisches-puzzle-baum-nienhuis-montessori\/\"]}]},{\"@type\":\"ImageObject\",\"inLanguage\":\"de-CH\",\"@id\":\"https:\/\/teiaeducation.ch\/de\/produkt\/botanisches-puzzle-baum-nienhuis-montessori\/#primaryimage\",\"url\":\"https:\/\/teiaeducation.ch\/wp-content\/uploads\/2019\/02\/0198A0.jpg\",\"contentUrl\":\"https:\/\/teiaeducation.ch\/wp-content\/uploads\/2019\/02\/0198A0.jpg\",\"width\":900,\"height\":900,\"caption\":\"Botanisches Puzzle: Baum - Nienhuis Montessori\"},{\"@type\":\"BreadcrumbList\",\"@id\":\"https:\/\/teiaeducation.ch\/de\/produkt\/botanisches-puzzle-baum-nienhuis-montessori\/#breadcrumb\",\"itemListElement\":[{\"@type\":\"ListItem\",\"position\":1,\"name\":\"Home\",\"item\":\"https:\/\/teiaeducation.ch\/de\/\"},{\"@type\":\"ListItem\",\"position\":2,\"name\":\"Laden\",\"item\":\"https:\/\/teiaeducation.ch\/de\/shop\/\"},{\"@type\":\"ListItem\",\"position\":3,\"name\":\"Unsere Marken\",\"item\":\"https:\/\/teiaeducation.ch\/de\/produkt-kategorie\/unsere-marken\/\"},{\"@type\":\"ListItem\",\"position\":4,\"name\":\"Nienhuis Montessori Schweiz\",\"item\":\"https:\/\/teiaeducation.ch\/de\/produkt-kategorie\/unsere-marken\/nienhuis-montessori-schweiz\/\"},{\"@type\":\"ListItem\",\"position\":5,\"name\":\"Biologie Material\",\"item\":\"https:\/\/teiaeducation.ch\/de\/produkt-kategorie\/unsere-marken\/nienhuis-montessori-schweiz\/biologie-nienhuis-montessori\/\"},{\"@type\":\"ListItem\",\"position\":6,\"name\":\"Botanisches Puzzle: Baum &#8211; Nienhuis Montessori\"}]},{\"@type\":\"WebSite\",\"@id\":\"https:\/\/teiaeducation.ch\/de\/#website\",\"url\":\"https:\/\/teiaeducation.ch\/de\/\",\"name\":\"Sustainable Educational Products &amp; Ecological Toys\u00a0\",\"description\":\"Specialised Swiss shop selling sustainable educational toys and games, AMI certified Montessori materials, handmade ecological wooden Waldorf toys and arts &amp; crafts supplies, school supplies, children&#039;s furniture and Montessori reference and parenting books.\",\"publisher\":{\"@id\":\"https:\/\/teiaeducation.ch\/de\/#organization\"},\"alternateName\":\"Teia Education & Play\",\"potentialAction\":[{\"@type\":\"SearchAction\",\"target\":{\"@type\":\"EntryPoint\",\"urlTemplate\":\"https:\/\/teiaeducation.ch\/de\/?s={search_term_string}\"},\"query-input\":{\"@type\":\"PropertyValueSpecification\",\"valueRequired\":true,\"valueName\":\"search_term_string\"}}],\"inLanguage\":\"de-CH\"},{\"@type\":\"Organization\",\"@id\":\"https:\/\/teiaeducation.ch\/de\/#organization\",\"name\":\"Teia Education & Play\",\"url\":\"https:\/\/teiaeducation.ch\/de\/\",\"logo\":{\"@type\":\"ImageObject\",\"inLanguage\":\"de-CH\",\"@id\":\"https:\/\/teiaeducation.ch\/de\/#\/schema\/logo\/image\/\",\"url\":\"https:\/\/teiaeducation.ch\/wp-content\/uploads\/2020\/11\/Teia-Education-Switzerland-e1620156442216.jpg\",\"contentUrl\":\"https:\/\/teiaeducation.ch\/wp-content\/uploads\/2020\/11\/Teia-Education-Switzerland-e1620156442216.jpg\",\"width\":166,\"height\":145,\"caption\":\"Teia Education & Play\"},\"image\":{\"@id\":\"https:\/\/teiaeducation.ch\/de\/#\/schema\/logo\/image\/\"},\"sameAs\":[\"https:\/\/www.facebook.com\/teiaeducation\/\",\"https:\/\/x.com\/EducationTeia\",\"https:\/\/www.instagram.com\/teia.education\/\",\"https:\/\/www.linkedin.com\/company\/35501660\",\"https:\/\/www.pinterest.ch\/TeiaEducation\/\"]}]}<\/script>\n<!-- \/ Yoast SEO plugin. -->","yoast_head_json":{"title":"Botanisches Puzzle: Baum - Nienhuis Montessori - Teia Education & Play","robots":{"index":"index","follow":"follow","max-snippet":"max-snippet:-1","max-image-preview":"max-image-preview:large","max-video-preview":"max-video-preview:-1"},"canonical":"https:\/\/teiaeducation.ch\/de\/produkt\/botanisches-puzzle-baum-nienhuis-montessori\/","og_locale":"de_DE","og_type":"article","og_title":"Botanisches Puzzle: Baum - Nienhuis Montessori - Teia Education & Play","og_description":"Artikelnummer: 0198A0 Das Nienhuis Montessori Botanisches Puzzle: Baum aus dem Biologie-Sortiment veranschaulicht die Bestandteile eines Baumes und ist komplett aus Holz gefertigt.","og_url":"https:\/\/teiaeducation.ch\/de\/produkt\/botanisches-puzzle-baum-nienhuis-montessori\/","og_site_name":"Sustainable Educational Products &amp; Ecological Toys\u00a0","article_publisher":"https:\/\/www.facebook.com\/teiaeducation\/","article_modified_time":"2024-07-02T08:39:42+00:00","og_image":[{"width":1618,"height":1080,"url":"https:\/\/teiaeducation.ch\/wp-content\/uploads\/2020\/02\/Art-20-212_IMG_0117-Joguines-Grapat.jpg","type":"image\/jpeg"}],"schema":{"@context":"https:\/\/schema.org","@graph":[{"@type":"WebPage","@id":"https:\/\/teiaeducation.ch\/de\/produkt\/botanisches-puzzle-baum-nienhuis-montessori\/","url":"https:\/\/teiaeducation.ch\/de\/produkt\/botanisches-puzzle-baum-nienhuis-montessori\/","name":"Botanisches Puzzle: Baum - Nienhuis Montessori - Teia Education & Play","isPartOf":{"@id":"https:\/\/teiaeducation.ch\/de\/#website"},"primaryImageOfPage":{"@id":"https:\/\/teiaeducation.ch\/de\/produkt\/botanisches-puzzle-baum-nienhuis-montessori\/#primaryimage"},"image":{"@id":"https:\/\/teiaeducation.ch\/de\/produkt\/botanisches-puzzle-baum-nienhuis-montessori\/#primaryimage"},"thumbnailUrl":"https:\/\/teiaeducation.ch\/wp-content\/uploads\/2019\/02\/0198A0.jpg","datePublished":"2021-01-26T08:54:30+00:00","dateModified":"2024-07-02T08:39:42+00:00","breadcrumb":{"@id":"https:\/\/teiaeducation.ch\/de\/produkt\/botanisches-puzzle-baum-nienhuis-montessori\/#breadcrumb"},"inLanguage":"de-CH","potentialAction":[{"@type":"ReadAction","target":["https:\/\/teiaeducation.ch\/de\/produkt\/botanisches-puzzle-baum-nienhuis-montessori\/"]}]},{"@type":"ImageObject","inLanguage":"de-CH","@id":"https:\/\/teiaeducation.ch\/de\/produkt\/botanisches-puzzle-baum-nienhuis-montessori\/#primaryimage","url":"https:\/\/teiaeducation.ch\/wp-content\/uploads\/2019\/02\/0198A0.jpg","contentUrl":"https:\/\/teiaeducation.ch\/wp-content\/uploads\/2019\/02\/0198A0.jpg","width":900,"height":900,"caption":"Botanisches Puzzle: Baum - Nienhuis Montessori"},{"@type":"BreadcrumbList","@id":"https:\/\/teiaeducation.ch\/de\/produkt\/botanisches-puzzle-baum-nienhuis-montessori\/#breadcrumb","itemListElement":[{"@type":"ListItem","position":1,"name":"Home","item":"https:\/\/teiaeducation.ch\/de\/"},{"@type":"ListItem","position":2,"name":"Laden","item":"https:\/\/teiaeducation.ch\/de\/shop\/"},{"@type":"ListItem","position":3,"name":"Unsere Marken","item":"https:\/\/teiaeducation.ch\/de\/produkt-kategorie\/unsere-marken\/"},{"@type":"ListItem","position":4,"name":"Nienhuis Montessori Schweiz","item":"https:\/\/teiaeducation.ch\/de\/produkt-kategorie\/unsere-marken\/nienhuis-montessori-schweiz\/"},{"@type":"ListItem","position":5,"name":"Biologie Material","item":"https:\/\/teiaeducation.ch\/de\/produkt-kategorie\/unsere-marken\/nienhuis-montessori-schweiz\/biologie-nienhuis-montessori\/"},{"@type":"ListItem","position":6,"name":"Botanisches Puzzle: Baum &#8211; Nienhuis Montessori"}]},{"@type":"WebSite","@id":"https:\/\/teiaeducation.ch\/de\/#website","url":"https:\/\/teiaeducation.ch\/de\/","name":"Sustainable Educational Products &amp; Ecological Toys\u00a0","description":"Specialised Swiss shop selling sustainable educational toys and games, AMI certified Montessori materials, handmade ecological wooden Waldorf toys and arts &amp; crafts supplies, school supplies, children&#039;s furniture and Montessori reference and parenting books.","publisher":{"@id":"https:\/\/teiaeducation.ch\/de\/#organization"},"alternateName":"Teia Education & Play","potentialAction":[{"@type":"SearchAction","target":{"@type":"EntryPoint","urlTemplate":"https:\/\/teiaeducation.ch\/de\/?s={search_term_string}"},"query-input":{"@type":"PropertyValueSpecification","valueRequired":true,"valueName":"search_term_string"}}],"inLanguage":"de-CH"},{"@type":"Organization","@id":"https:\/\/teiaeducation.ch\/de\/#organization","name":"Teia Education & Play","url":"https:\/\/teiaeducation.ch\/de\/","logo":{"@type":"ImageObject","inLanguage":"de-CH","@id":"https:\/\/teiaeducation.ch\/de\/#\/schema\/logo\/image\/","url":"https:\/\/teiaeducation.ch\/wp-content\/uploads\/2020\/11\/Teia-Education-Switzerland-e1620156442216.jpg","contentUrl":"https:\/\/teiaeducation.ch\/wp-content\/uploads\/2020\/11\/Teia-Education-Switzerland-e1620156442216.jpg","width":166,"height":145,"caption":"Teia Education & Play"},"image":{"@id":"https:\/\/teiaeducation.ch\/de\/#\/schema\/logo\/image\/"},"sameAs":["https:\/\/www.facebook.com\/teiaeducation\/","https:\/\/x.com\/EducationTeia","https:\/\/www.instagram.com\/teia.education\/","https:\/\/www.linkedin.com\/company\/35501660","https:\/\/www.pinterest.ch\/TeiaEducation\/"]}]}},"_links":{"self":[{"href":"https:\/\/teiaeducation.ch\/de\/wp-json\/wp\/v2\/product\/56815","targetHints":{"allow":["GET"]}}],"collection":[{"href":"https:\/\/teiaeducation.ch\/de\/wp-json\/wp\/v2\/product"}],"about":[{"href":"https:\/\/teiaeducation.ch\/de\/wp-json\/wp\/v2\/types\/product"}],"replies":[{"embeddable":true,"href":"https:\/\/teiaeducation.ch\/de\/wp-json\/wp\/v2\/comments?post=56815"}],"wp:featuredmedia":[{"embeddable":true,"href":"https:\/\/teiaeducation.ch\/de\/wp-json\/wp\/v2\/media\/56816"}],"wp:attachment":[{"href":"https:\/\/teiaeducation.ch\/de\/wp-json\/wp\/v2\/media?parent=56815"}],"wp:term":[{"taxonomy":"product_brand","embeddable":true,"href":"https:\/\/teiaeducation.ch\/de\/wp-json\/wp\/v2\/product_brand?post=56815"},{"taxonomy":"product_cat","embeddable":true,"href":"https:\/\/teiaeducation.ch\/de\/wp-json\/wp\/v2\/product_cat?post=56815"},{"taxonomy":"product_tag","embeddable":true,"href":"https:\/\/teiaeducation.ch\/de\/wp-json\/wp\/v2\/product_tag?post=56815"}],"curies":[{"name":"wp","href":"https:\/\/api.w.org\/{rel}","templated":true}]}}