{"id":57003,"date":"2023-11-09T14:04:11","date_gmt":"2023-11-09T13:04:11","guid":{"rendered":"https:\/\/teiaeducation.ch\/?post_type=product&#038;p=57003"},"modified":"2024-02-22T11:35:38","modified_gmt":"2024-02-22T10:35:38","slug":"bremer-stadtmusikanten-4-tlg-set-ostheimer","status":"publish","type":"product","link":"https:\/\/teiaeducation.ch\/de\/produkt\/bremer-stadtmusikanten-4-tlg-set-ostheimer\/","title":{"rendered":"Bremer Stadtmusikanten 4-tlg. Set &#8211; Ostheimer"},"content":{"rendered":"<p>Das sch\u00f6ne, handgefertigte Holzfiguren-Set der Bremer Stadtmusikanten aus dem Ostheimer M\u00e4rchenwelten-Sortiment wird Ihrem kleinen Tr\u00e4umer sicher gefallen!<\/p>\n<p>Kinder lieben es in die fantasievolle Welt der M\u00e4rchen einzutauchen und lauschen atemlos den Erz\u00e4hlungen von Schneewittchen und <a href=\"https:\/\/teiaeducation.ch\/product\/red-riding-hood-ostheimer\/\">Rotk\u00e4ppchen<\/a>, von <a href=\"https:\/\/teiaeducation.ch\/product\/prince-ostheimer\/\">Prinzen<\/a> und <a href=\"https:\/\/teiaeducation.ch\/product\/princess-ostheimer\/\">Prinzessinnen<\/a>. Mit den sorgf\u00e4ltig handgefertigten Ostheimer Holzfiguren k\u00f6nnen Kinder die geh\u00f6rten Geschichten nacherleben. Das Design der sch\u00f6nen M\u00e4rchenfiguren spiegelt deren Sch\u00f6nheit und fantasievollen Charakter wider.<\/p>\n<p>Das Bremer Stadtmusikanten-Set enth\u00e4lt einen Esel, einen Hund, eine Katze und einen Hahn, die die ber\u00fchmte Szene aus dem <a href=\"https:\/\/teiaeducation.ch\/product\/an-illustrated-treasury-of-grimms-fairy-tales-jacob-and-wilhelm-grimm\/\">Grimmschen M\u00e4rchen<\/a> &#8220;Die Bremer Stadtmusikanten&#8221; darstellen. Die Holzfiguren k\u00f6nnen gestapelt oder auch einzeln gespielt werden.<\/p>\n<p>Ostheimer Holzspielzeug wird zu 100 % in Handarbeit in Deutschland aus zertifizierten Materialien hergestellt, um die Sicherheit der Kinder beim Spielen zu garantieren.<\/p>\n<p>\u00dcbereinander gestapelt sind die Holzfiguren zusammen ca. 20 cm gro\u00df. Sie werden f\u00fcr Kinder ab 3 Jahren empfohlen.<\/p>\n<p>Inhalt:<\/p>\n<p>4 Holzfiguren: Esel, Hund, Katze und Hahn<\/p>\n<h2>\u00dcber Ostheimer<\/h2>\n<p>Ostheimer Holzspielzeug regt Kinder dazu an, die Welt mit allen Sinnen zu erfassen und sich im kreativen und <a href=\"https:\/\/teiaeducation.ch\/product-category\/play\/imaginative-role-play\/\">phantasievollen Spiel<\/a> frei zu entfalten, was f\u00fcr ein gesundes Aufwachsen so wichtig ist.<\/p>\n<p>Als unverzichtbare <a href=\"https:\/\/teiaeducation.ch\/product-category\/hgh-quality-toys-play\/waldorf-toys\/\">Waldorfspielzeugmarke<\/a> stellt Ostheimer seit \u00fcber 80 Jahren sorgf\u00e4ltig <a href=\"https:\/\/teiaeducation.ch\/product-category\/play\/wooden-figures\/\">Holzfiguren<\/a> und <a href=\"https:\/\/teiaeducation.ch\/product-category\/play\/animals-farms\/\">Holztiere<\/a> her. Individuell von Hand gefertigt, bieten die hochwertigen Ostheimer Holzspielzeug Kinder mit einem sch\u00f6nen und angenehmen Bild von Menschen und Tieren. Sie sind so geformt, dass kleine H\u00e4nde die volle taktile und <a href=\"https:\/\/teiaeducation.ch\/product-category\/play\/sensory-play\/\">sensorische<\/a> Erfahrung des nat\u00fcrlichen Holzes erleben k\u00f6nnen.<\/p>\n<p>Jedes <a href=\"https:\/\/teiaeducation.ch\/product-category\/brands\/ostheimer\/\">Ostheimer<\/a> Holzspielzeug ist mit sorgf\u00e4ltig ausgew\u00e4hlten Farben bemalt, die speichelfest sind und keine sch\u00e4dlichen Substanzen enthalten. Sie werden mit Bio-\u00d6l behandelt, um die nat\u00fcrlichen Eigenschaften des Holzes zu erhalten und die Holzstruktur durchscheinen zu lassen.<\/p>\n","protected":false},"excerpt":{"rendered":"<p>Artikelnummer: OST2630<\/p>\n<p>Spielen Sie die ber\u00fchmte Szene aus dem Grimmschen M\u00e4rchen nach mit den handgefertigten Ostheimer Bremer Stadtmusikanten Holzspielzeugfiguren Esel, Hund, Katze und Hahn!<\/p>\n","protected":false},"featured_media":57009,"comment_status":"open","ping_status":"closed","template":"","meta":[],"product_brand":[],"product_cat":[21445,21446,22033,21479,21690,21487,21484,22422,23075,21705,29458,21443,21563,23820,21687,21678,21564,21483,22919],"product_tag":[26746,26744,26741,26743,26747,26745,26742,23844,23956],"class_list":{"0":"post-57003","1":"product","2":"type-product","3":"status-publish","4":"has-post-thumbnail","6":"product_cat-3-6-jahre-vorschule","7":"product_cat-6-12-jahre-grundschule","8":"product_cat-adventskalender-geschenke-strumpffueller","9":"product_cat-lernmaterialien-spielzeug-montessori-waldorf-steiner-froebel","10":"product_cat-spiele-mit-offenem-ende","11":"product_cat-geschenk-guide-3-6-jahre-vorschule","12":"product_cat-geschenk-guides","13":"product_cat-geschenke-fuer-das-osterkoerbchen","14":"product_cat-handgefertigtes-holzspielzeug","15":"product_cat-holzfiguren","16":"product_cat-maerchenwelt","17":"product_cat-nach-alter","18":"product_cat-neuheiten","19":"product_cat-ostheimer-de","20":"product_cat-phantasievoll-rollenspiel","21":"product_cat-kinder-spielzeug","22":"product_cat-unsere-marken","23":"product_cat-waldorf-steiner-paedagogik","24":"product_cat-waldorfspielzeug","25":"product_tag-bremen-spielfiguren-ostheimer","26":"product_tag-bremer-stadtmusikanten-katze-hund-esel-hahn-ostheimer","27":"product_tag-bremer-stadtmusikanten-ostheimer","28":"product_tag-holzspielzeug-bremer-stadtmusikanten-ostheimer","29":"product_tag-katze-hund-hahn-esel-bremer-stadtmusikanten-ostheimer","30":"product_tag-ostheimer-grimm-marchen-bremer-stadtmusikanten","31":"product_tag-ostheimer-holzfiguren-bremen","32":"product_tag-ostheimer-waldorf-holzspielzeug","33":"product_tag-ostheimer-zauberhafte-marchenwelt-sortiment","35":"first","36":"instock","37":"taxable","38":"shipping-taxable","39":"purchasable","40":"product-type-simple"},"yoast_head":"<!-- This site is optimized with the Yoast SEO plugin v27.1.1 - https:\/\/yoast.com\/product\/yoast-seo-wordpress\/ -->\n<title>Bremer Stadtmusikanten 4-tlg - Ostheimer<\/title>\n<meta name=\"description\" content=\"Spielen Sie die ber\u00fchmte Szene aus dem Grimmschen M\u00e4rchen nach mit den handgefertigten Ostheimer Bremer Stadtmusikanten Holzspielzeugfiguren Esel, Hund, Katze und Hahn!\" \/>\n<meta name=\"robots\" content=\"index, follow, max-snippet:-1, max-image-preview:large, max-video-preview:-1\" \/>\n<link rel=\"canonical\" href=\"https:\/\/teiaeducation.ch\/de\/produkt\/bremer-stadtmusikanten-4-tlg-set-ostheimer\/\" \/>\n<meta property=\"og:locale\" content=\"de_DE\" \/>\n<meta property=\"og:type\" content=\"article\" \/>\n<meta property=\"og:title\" content=\"Bremer Stadtmusikanten 4-tlg - Ostheimer\" \/>\n<meta property=\"og:description\" content=\"Spielen Sie die ber\u00fchmte Szene aus dem Grimmschen M\u00e4rchen nach mit den handgefertigten Ostheimer Bremer Stadtmusikanten Holzspielzeugfiguren Esel, Hund, Katze und Hahn!\" \/>\n<meta property=\"og:url\" content=\"https:\/\/teiaeducation.ch\/de\/produkt\/bremer-stadtmusikanten-4-tlg-set-ostheimer\/\" \/>\n<meta property=\"og:site_name\" content=\"Sustainable Educational Products &amp; Ecological Toys\u00a0\" \/>\n<meta property=\"article:publisher\" content=\"https:\/\/www.facebook.com\/teiaeducation\/\" \/>\n<meta property=\"article:modified_time\" content=\"2024-02-22T10:35:38+00:00\" \/>\n<meta property=\"og:image\" content=\"https:\/\/teiaeducation.ch\/wp-content\/uploads\/2023\/11\/Ostheimer-fairy-tale-worlds-range-figures-Wooden-toy-bremen-town-musicians-set-1-scaled.jpg\" \/>\n\t<meta property=\"og:image:width\" content=\"1673\" \/>\n\t<meta property=\"og:image:height\" content=\"2048\" \/>\n\t<meta property=\"og:image:type\" content=\"image\/jpeg\" \/>\n<script type=\"application\/ld+json\" class=\"yoast-schema-graph\">{\"@context\":\"https:\/\/schema.org\",\"@graph\":[{\"@type\":\"WebPage\",\"@id\":\"https:\/\/teiaeducation.ch\/de\/produkt\/bremer-stadtmusikanten-4-tlg-set-ostheimer\/\",\"url\":\"https:\/\/teiaeducation.ch\/de\/produkt\/bremer-stadtmusikanten-4-tlg-set-ostheimer\/\",\"name\":\"Bremer Stadtmusikanten 4-tlg - Ostheimer\",\"isPartOf\":{\"@id\":\"https:\/\/teiaeducation.ch\/de\/#website\"},\"primaryImageOfPage\":{\"@id\":\"https:\/\/teiaeducation.ch\/de\/produkt\/bremer-stadtmusikanten-4-tlg-set-ostheimer\/#primaryimage\"},\"image\":{\"@id\":\"https:\/\/teiaeducation.ch\/de\/produkt\/bremer-stadtmusikanten-4-tlg-set-ostheimer\/#primaryimage\"},\"thumbnailUrl\":\"https:\/\/teiaeducation.ch\/wp-content\/uploads\/2023\/11\/Ostheimer-fairy-tale-worlds-range-figures-Wooden-toy-bremen-town-musicians-set-1-scaled.jpg\",\"datePublished\":\"2023-11-09T13:04:11+00:00\",\"dateModified\":\"2024-02-22T10:35:38+00:00\",\"description\":\"Spielen Sie die ber\u00fchmte Szene aus dem Grimmschen M\u00e4rchen nach mit den handgefertigten Ostheimer Bremer Stadtmusikanten Holzspielzeugfiguren Esel, Hund, Katze und Hahn!\",\"breadcrumb\":{\"@id\":\"https:\/\/teiaeducation.ch\/de\/produkt\/bremer-stadtmusikanten-4-tlg-set-ostheimer\/#breadcrumb\"},\"inLanguage\":\"de-CH\",\"potentialAction\":[{\"@type\":\"ReadAction\",\"target\":[\"https:\/\/teiaeducation.ch\/de\/produkt\/bremer-stadtmusikanten-4-tlg-set-ostheimer\/\"]}]},{\"@type\":\"ImageObject\",\"inLanguage\":\"de-CH\",\"@id\":\"https:\/\/teiaeducation.ch\/de\/produkt\/bremer-stadtmusikanten-4-tlg-set-ostheimer\/#primaryimage\",\"url\":\"https:\/\/teiaeducation.ch\/wp-content\/uploads\/2023\/11\/Ostheimer-fairy-tale-worlds-range-figures-Wooden-toy-bremen-town-musicians-set-1-scaled.jpg\",\"contentUrl\":\"https:\/\/teiaeducation.ch\/wp-content\/uploads\/2023\/11\/Ostheimer-fairy-tale-worlds-range-figures-Wooden-toy-bremen-town-musicians-set-1-scaled.jpg\",\"width\":1673,\"height\":2048,\"caption\":\"Ostheimer M\u00e4rchenwelten Serie Figuren Holzspielzeug Bremer Stadtmusikanten Set\"},{\"@type\":\"BreadcrumbList\",\"@id\":\"https:\/\/teiaeducation.ch\/de\/produkt\/bremer-stadtmusikanten-4-tlg-set-ostheimer\/#breadcrumb\",\"itemListElement\":[{\"@type\":\"ListItem\",\"position\":1,\"name\":\"Home\",\"item\":\"https:\/\/teiaeducation.ch\/de\/\"},{\"@type\":\"ListItem\",\"position\":2,\"name\":\"Laden\",\"item\":\"https:\/\/teiaeducation.ch\/de\/shop\/\"},{\"@type\":\"ListItem\",\"position\":3,\"name\":\"Unsere Marken\",\"item\":\"https:\/\/teiaeducation.ch\/de\/produkt-kategorie\/unsere-marken\/\"},{\"@type\":\"ListItem\",\"position\":4,\"name\":\"Ostheimer\",\"item\":\"https:\/\/teiaeducation.ch\/de\/produkt-kategorie\/unsere-marken\/ostheimer-de\/\"},{\"@type\":\"ListItem\",\"position\":5,\"name\":\"Bremer Stadtmusikanten 4-tlg. Set &#8211; Ostheimer\"}]},{\"@type\":\"WebSite\",\"@id\":\"https:\/\/teiaeducation.ch\/de\/#website\",\"url\":\"https:\/\/teiaeducation.ch\/de\/\",\"name\":\"Sustainable Educational Products &amp; Ecological Toys\u00a0\",\"description\":\"Specialised Swiss shop selling sustainable educational toys and games, AMI certified Montessori materials, handmade ecological wooden Waldorf toys and arts &amp; crafts supplies, school supplies, children&#039;s furniture and Montessori reference and parenting books.\",\"publisher\":{\"@id\":\"https:\/\/teiaeducation.ch\/de\/#organization\"},\"alternateName\":\"Teia Education & Play\",\"potentialAction\":[{\"@type\":\"SearchAction\",\"target\":{\"@type\":\"EntryPoint\",\"urlTemplate\":\"https:\/\/teiaeducation.ch\/de\/?s={search_term_string}\"},\"query-input\":{\"@type\":\"PropertyValueSpecification\",\"valueRequired\":true,\"valueName\":\"search_term_string\"}}],\"inLanguage\":\"de-CH\"},{\"@type\":\"Organization\",\"@id\":\"https:\/\/teiaeducation.ch\/de\/#organization\",\"name\":\"Teia Education & Play\",\"url\":\"https:\/\/teiaeducation.ch\/de\/\",\"logo\":{\"@type\":\"ImageObject\",\"inLanguage\":\"de-CH\",\"@id\":\"https:\/\/teiaeducation.ch\/de\/#\/schema\/logo\/image\/\",\"url\":\"https:\/\/teiaeducation.ch\/wp-content\/uploads\/2020\/11\/Teia-Education-Switzerland-e1620156442216.jpg\",\"contentUrl\":\"https:\/\/teiaeducation.ch\/wp-content\/uploads\/2020\/11\/Teia-Education-Switzerland-e1620156442216.jpg\",\"width\":166,\"height\":145,\"caption\":\"Teia Education & Play\"},\"image\":{\"@id\":\"https:\/\/teiaeducation.ch\/de\/#\/schema\/logo\/image\/\"},\"sameAs\":[\"https:\/\/www.facebook.com\/teiaeducation\/\",\"https:\/\/x.com\/EducationTeia\",\"https:\/\/www.instagram.com\/teia.education\/\",\"https:\/\/www.linkedin.com\/company\/35501660\",\"https:\/\/www.pinterest.ch\/TeiaEducation\/\"]}]}<\/script>\n<!-- \/ Yoast SEO plugin. -->","yoast_head_json":{"title":"Bremer Stadtmusikanten 4-tlg - Ostheimer","description":"Spielen Sie die ber\u00fchmte Szene aus dem Grimmschen M\u00e4rchen nach mit den handgefertigten Ostheimer Bremer Stadtmusikanten Holzspielzeugfiguren Esel, Hund, Katze und Hahn!","robots":{"index":"index","follow":"follow","max-snippet":"max-snippet:-1","max-image-preview":"max-image-preview:large","max-video-preview":"max-video-preview:-1"},"canonical":"https:\/\/teiaeducation.ch\/de\/produkt\/bremer-stadtmusikanten-4-tlg-set-ostheimer\/","og_locale":"de_DE","og_type":"article","og_title":"Bremer Stadtmusikanten 4-tlg - Ostheimer","og_description":"Spielen Sie die ber\u00fchmte Szene aus dem Grimmschen M\u00e4rchen nach mit den handgefertigten Ostheimer Bremer Stadtmusikanten Holzspielzeugfiguren Esel, Hund, Katze und Hahn!","og_url":"https:\/\/teiaeducation.ch\/de\/produkt\/bremer-stadtmusikanten-4-tlg-set-ostheimer\/","og_site_name":"Sustainable Educational Products &amp; Ecological Toys\u00a0","article_publisher":"https:\/\/www.facebook.com\/teiaeducation\/","article_modified_time":"2024-02-22T10:35:38+00:00","og_image":[{"width":1673,"height":2048,"url":"https:\/\/teiaeducation.ch\/wp-content\/uploads\/2023\/11\/Ostheimer-fairy-tale-worlds-range-figures-Wooden-toy-bremen-town-musicians-set-1-scaled.jpg","type":"image\/jpeg"}],"schema":{"@context":"https:\/\/schema.org","@graph":[{"@type":"WebPage","@id":"https:\/\/teiaeducation.ch\/de\/produkt\/bremer-stadtmusikanten-4-tlg-set-ostheimer\/","url":"https:\/\/teiaeducation.ch\/de\/produkt\/bremer-stadtmusikanten-4-tlg-set-ostheimer\/","name":"Bremer Stadtmusikanten 4-tlg - Ostheimer","isPartOf":{"@id":"https:\/\/teiaeducation.ch\/de\/#website"},"primaryImageOfPage":{"@id":"https:\/\/teiaeducation.ch\/de\/produkt\/bremer-stadtmusikanten-4-tlg-set-ostheimer\/#primaryimage"},"image":{"@id":"https:\/\/teiaeducation.ch\/de\/produkt\/bremer-stadtmusikanten-4-tlg-set-ostheimer\/#primaryimage"},"thumbnailUrl":"https:\/\/teiaeducation.ch\/wp-content\/uploads\/2023\/11\/Ostheimer-fairy-tale-worlds-range-figures-Wooden-toy-bremen-town-musicians-set-1-scaled.jpg","datePublished":"2023-11-09T13:04:11+00:00","dateModified":"2024-02-22T10:35:38+00:00","description":"Spielen Sie die ber\u00fchmte Szene aus dem Grimmschen M\u00e4rchen nach mit den handgefertigten Ostheimer Bremer Stadtmusikanten Holzspielzeugfiguren Esel, Hund, Katze und Hahn!","breadcrumb":{"@id":"https:\/\/teiaeducation.ch\/de\/produkt\/bremer-stadtmusikanten-4-tlg-set-ostheimer\/#breadcrumb"},"inLanguage":"de-CH","potentialAction":[{"@type":"ReadAction","target":["https:\/\/teiaeducation.ch\/de\/produkt\/bremer-stadtmusikanten-4-tlg-set-ostheimer\/"]}]},{"@type":"ImageObject","inLanguage":"de-CH","@id":"https:\/\/teiaeducation.ch\/de\/produkt\/bremer-stadtmusikanten-4-tlg-set-ostheimer\/#primaryimage","url":"https:\/\/teiaeducation.ch\/wp-content\/uploads\/2023\/11\/Ostheimer-fairy-tale-worlds-range-figures-Wooden-toy-bremen-town-musicians-set-1-scaled.jpg","contentUrl":"https:\/\/teiaeducation.ch\/wp-content\/uploads\/2023\/11\/Ostheimer-fairy-tale-worlds-range-figures-Wooden-toy-bremen-town-musicians-set-1-scaled.jpg","width":1673,"height":2048,"caption":"Ostheimer M\u00e4rchenwelten Serie Figuren Holzspielzeug Bremer Stadtmusikanten Set"},{"@type":"BreadcrumbList","@id":"https:\/\/teiaeducation.ch\/de\/produkt\/bremer-stadtmusikanten-4-tlg-set-ostheimer\/#breadcrumb","itemListElement":[{"@type":"ListItem","position":1,"name":"Home","item":"https:\/\/teiaeducation.ch\/de\/"},{"@type":"ListItem","position":2,"name":"Laden","item":"https:\/\/teiaeducation.ch\/de\/shop\/"},{"@type":"ListItem","position":3,"name":"Unsere Marken","item":"https:\/\/teiaeducation.ch\/de\/produkt-kategorie\/unsere-marken\/"},{"@type":"ListItem","position":4,"name":"Ostheimer","item":"https:\/\/teiaeducation.ch\/de\/produkt-kategorie\/unsere-marken\/ostheimer-de\/"},{"@type":"ListItem","position":5,"name":"Bremer Stadtmusikanten 4-tlg. Set &#8211; Ostheimer"}]},{"@type":"WebSite","@id":"https:\/\/teiaeducation.ch\/de\/#website","url":"https:\/\/teiaeducation.ch\/de\/","name":"Sustainable Educational Products &amp; Ecological Toys\u00a0","description":"Specialised Swiss shop selling sustainable educational toys and games, AMI certified Montessori materials, handmade ecological wooden Waldorf toys and arts &amp; crafts supplies, school supplies, children&#039;s furniture and Montessori reference and parenting books.","publisher":{"@id":"https:\/\/teiaeducation.ch\/de\/#organization"},"alternateName":"Teia Education & Play","potentialAction":[{"@type":"SearchAction","target":{"@type":"EntryPoint","urlTemplate":"https:\/\/teiaeducation.ch\/de\/?s={search_term_string}"},"query-input":{"@type":"PropertyValueSpecification","valueRequired":true,"valueName":"search_term_string"}}],"inLanguage":"de-CH"},{"@type":"Organization","@id":"https:\/\/teiaeducation.ch\/de\/#organization","name":"Teia Education & Play","url":"https:\/\/teiaeducation.ch\/de\/","logo":{"@type":"ImageObject","inLanguage":"de-CH","@id":"https:\/\/teiaeducation.ch\/de\/#\/schema\/logo\/image\/","url":"https:\/\/teiaeducation.ch\/wp-content\/uploads\/2020\/11\/Teia-Education-Switzerland-e1620156442216.jpg","contentUrl":"https:\/\/teiaeducation.ch\/wp-content\/uploads\/2020\/11\/Teia-Education-Switzerland-e1620156442216.jpg","width":166,"height":145,"caption":"Teia Education & Play"},"image":{"@id":"https:\/\/teiaeducation.ch\/de\/#\/schema\/logo\/image\/"},"sameAs":["https:\/\/www.facebook.com\/teiaeducation\/","https:\/\/x.com\/EducationTeia","https:\/\/www.instagram.com\/teia.education\/","https:\/\/www.linkedin.com\/company\/35501660","https:\/\/www.pinterest.ch\/TeiaEducation\/"]}]}},"_links":{"self":[{"href":"https:\/\/teiaeducation.ch\/de\/wp-json\/wp\/v2\/product\/57003","targetHints":{"allow":["GET"]}}],"collection":[{"href":"https:\/\/teiaeducation.ch\/de\/wp-json\/wp\/v2\/product"}],"about":[{"href":"https:\/\/teiaeducation.ch\/de\/wp-json\/wp\/v2\/types\/product"}],"replies":[{"embeddable":true,"href":"https:\/\/teiaeducation.ch\/de\/wp-json\/wp\/v2\/comments?post=57003"}],"wp:featuredmedia":[{"embeddable":true,"href":"https:\/\/teiaeducation.ch\/de\/wp-json\/wp\/v2\/media\/57009"}],"wp:attachment":[{"href":"https:\/\/teiaeducation.ch\/de\/wp-json\/wp\/v2\/media?parent=57003"}],"wp:term":[{"taxonomy":"product_brand","embeddable":true,"href":"https:\/\/teiaeducation.ch\/de\/wp-json\/wp\/v2\/product_brand?post=57003"},{"taxonomy":"product_cat","embeddable":true,"href":"https:\/\/teiaeducation.ch\/de\/wp-json\/wp\/v2\/product_cat?post=57003"},{"taxonomy":"product_tag","embeddable":true,"href":"https:\/\/teiaeducation.ch\/de\/wp-json\/wp\/v2\/product_tag?post=57003"}],"curies":[{"name":"wp","href":"https:\/\/api.w.org\/{rel}","templated":true}]}}