{"id":57100,"date":"2021-01-22T14:50:20","date_gmt":"2021-01-22T13:50:20","guid":{"rendered":"https:\/\/teiaeducation.ch\/product\/kleine-zahlenkarten-im-kasten-1-9000-holz-nienhuis-montessori\/"},"modified":"2024-11-29T14:07:32","modified_gmt":"2024-11-29T13:07:32","slug":"kleine-zahlenkarten-im-kasten-1-9000-holz-nienhuis-montessori","status":"publish","type":"product","link":"https:\/\/teiaeducation.ch\/de\/produkt\/kleine-zahlenkarten-im-kasten-1-9000-holz-nienhuis-montessori\/","title":{"rendered":"Kleine Zahlenkarten im Kasten 1-9000: Holz &#8211; Nienhuis Montessori"},"content":{"rendered":"<p>Kleine Zahlenkarten im Kasten 1-9000: Holz &#8211; Nienhuis Montessori<\/p>\n<p>Die h\u00f6lzernen Zahlenkarten von Nienhuis Montessori sind mathematisches Montessori-Material, das dazu dient, das Kind in das Dezimalsystem einzuf\u00fchren und schriftliche Symbole f\u00fcr jede seiner Kategorien zu demonstrieren. Bevor die Kinder mit diesem Material arbeiten, sollten sie die Zahlen von eins bis neun kennen und mit dem Konzept der Null vertraut sein.<\/p>\n<p>Das Material besteht aus vier Kartens\u00e4tzen, die die verschiedenen Zahlenkategorien des Zehner- oder Dezimalsystems darstellen. Die kleinsten Zahlen, 1 &#8211; 9, werden als &#8220;Einheiten&#8221; bezeichnet und sind in gr\u00fcner Farbe auf kleine Holzkarten gedruckt. Danach werden die Zehnerzahlen 10 bis 90 in Blau, die Hunderterzahlen 100 bis 900 in Rot und die Tausenderzahlen 1.000 bis 9.000 in Gr\u00fcn gedruckt.<\/p>\n<p>Die Kleine Zahlenkarten im Kasten 1-9000 sind auf Holz gedruckt und mit einem Klarlack versehen. Im Lieferumfang ist eine Box enthalten, die die Handhabung und Lagerung erleichtert.<\/p>\n<p>Dieses Montessori Material ist f\u00fcr Kinder im Alter von 3-6 Jahren geeignet.<\/p>\n<p>Inhalt:<\/p>\n<p>1 Satz Kleine Zahlenkarten im Kasten<br \/>\n1 h\u00f6lzerne Aufbewahrungskasten<\/p>\n<p><em>Wir haben diesen Artikel derzeit nicht auf Lager, aber er ist auf Vorbestellung erh\u00e4ltlich. Dieser Artikel wird f\u00fcr Sie bei unserem Lieferanten bestellt. Aufgrund der Einfuhr aus der Europ\u00e4ischen Union in die Schweiz erwarten wir eine Lieferzeit von 2 bis maximal 3 Wochen.<\/em><\/p>\n\t<div id=\"gap-748504903\" class=\"gap-element clearfix\" style=\"display:block; height:auto;\">\n\t\t\n<style>\n#gap-748504903 {\n  padding-top: 20px;\n}\n<\/style>\n\t<\/div>\n\t\n","protected":false},"excerpt":{"rendered":"<p>Artikelnummer: 0071B0<\/p>\n<p>Die Nienhuis Montessori-Kleine Zahlenkarten im Kasten 1-9000 sind mathematisches Material, mit dem das Kind in das Dezimalsystem eingef\u00fchrt wird.<\/p>\n","protected":false},"featured_media":57069,"comment_status":"closed","ping_status":"closed","template":"","meta":[],"product_brand":[],"product_cat":[21445,21479,21541,21509,21537,21652,21498,21481,21443,21572,21494,21496,21549,21564,21547],"product_tag":[],"class_list":{"0":"post-57100","1":"product","2":"type-product","3":"status-publish","4":"has-post-thumbnail","6":"product_cat-3-6-jahre-vorschule","7":"product_cat-lernmaterialien-spielzeug-montessori-waldorf-steiner-froebel","8":"product_cat-dezimalsystem","9":"product_cat-lernthemen","10":"product_cat-mathematik-rechnen","11":"product_cat-mathematik-nienhuis-montessori","12":"product_cat-montessori-materialien-fuer-zuhause-schulbedarf-fuer-zuhause","13":"product_cat-montessori-paedagogik-material-spielzeug","14":"product_cat-nach-alter","15":"product_cat-nienhuis-montessori-schweiz","16":"product_cat-schulbedarf-fuer-zuhause","17":"product_cat-schulbedarf-fuer-zuhause-6-12-jahre","18":"product_cat-serialisieren","19":"product_cat-unsere-marken","20":"product_cat-ziffern","22":"first","23":"onbackorder","24":"taxable","25":"shipping-taxable","26":"purchasable","27":"product-type-simple"},"yoast_head":"<!-- This site is optimized with the Yoast SEO plugin v27.1.1 - https:\/\/yoast.com\/product\/yoast-seo-wordpress\/ -->\n<title>Kleine Zahlenkarten im Kasten 1-9000: Holz - Nienhuis Montessori<\/title>\n<meta name=\"description\" content=\"Die Nienhuis Montessori-Kleine Zahlenkarten im Kasten 1-9000: Holz sind mathematisches Material, mit dem das Kind in das Dezimalsystem eingef\u00fchrt wird.\" \/>\n<meta name=\"robots\" content=\"index, follow, max-snippet:-1, max-image-preview:large, max-video-preview:-1\" \/>\n<link rel=\"canonical\" href=\"https:\/\/teiaeducation.ch\/de\/produkt\/kleine-zahlenkarten-im-kasten-1-9000-holz-nienhuis-montessori\/\" \/>\n<meta property=\"og:locale\" content=\"de_DE\" \/>\n<meta property=\"og:type\" content=\"article\" \/>\n<meta property=\"og:title\" content=\"Kleine Zahlenkarten im Kasten 1-9000: Holz - Nienhuis Montessori\" \/>\n<meta property=\"og:description\" content=\"Die Nienhuis Montessori-Kleine Zahlenkarten im Kasten 1-9000: Holz sind mathematisches Material, mit dem das Kind in das Dezimalsystem eingef\u00fchrt wird.\" \/>\n<meta property=\"og:url\" content=\"https:\/\/teiaeducation.ch\/de\/produkt\/kleine-zahlenkarten-im-kasten-1-9000-holz-nienhuis-montessori\/\" \/>\n<meta property=\"og:site_name\" content=\"Sustainable Educational Products &amp; Ecological Toys\u00a0\" \/>\n<meta property=\"article:publisher\" content=\"https:\/\/www.facebook.com\/teiaeducation\/\" \/>\n<meta property=\"article:modified_time\" content=\"2024-11-29T13:07:32+00:00\" \/>\n<meta property=\"og:image\" content=\"https:\/\/teiaeducation.ch\/wp-content\/uploads\/2018\/12\/0071B0.jpg\" \/>\n\t<meta property=\"og:image:width\" content=\"900\" \/>\n\t<meta property=\"og:image:height\" content=\"900\" \/>\n\t<meta property=\"og:image:type\" content=\"image\/jpeg\" \/>\n<script type=\"application\/ld+json\" class=\"yoast-schema-graph\">{\"@context\":\"https:\/\/schema.org\",\"@graph\":[{\"@type\":\"WebPage\",\"@id\":\"https:\/\/teiaeducation.ch\/de\/produkt\/kleine-zahlenkarten-im-kasten-1-9000-holz-nienhuis-montessori\/\",\"url\":\"https:\/\/teiaeducation.ch\/de\/produkt\/kleine-zahlenkarten-im-kasten-1-9000-holz-nienhuis-montessori\/\",\"name\":\"Kleine Zahlenkarten im Kasten 1-9000: Holz - Nienhuis Montessori\",\"isPartOf\":{\"@id\":\"https:\/\/teiaeducation.ch\/de\/#website\"},\"primaryImageOfPage\":{\"@id\":\"https:\/\/teiaeducation.ch\/de\/produkt\/kleine-zahlenkarten-im-kasten-1-9000-holz-nienhuis-montessori\/#primaryimage\"},\"image\":{\"@id\":\"https:\/\/teiaeducation.ch\/de\/produkt\/kleine-zahlenkarten-im-kasten-1-9000-holz-nienhuis-montessori\/#primaryimage\"},\"thumbnailUrl\":\"https:\/\/teiaeducation.ch\/wp-content\/uploads\/2018\/12\/0071B0.jpg\",\"datePublished\":\"2021-01-22T13:50:20+00:00\",\"dateModified\":\"2024-11-29T13:07:32+00:00\",\"description\":\"Die Nienhuis Montessori-Kleine Zahlenkarten im Kasten 1-9000: Holz sind mathematisches Material, mit dem das Kind in das Dezimalsystem eingef\u00fchrt wird.\",\"breadcrumb\":{\"@id\":\"https:\/\/teiaeducation.ch\/de\/produkt\/kleine-zahlenkarten-im-kasten-1-9000-holz-nienhuis-montessori\/#breadcrumb\"},\"inLanguage\":\"de-CH\",\"potentialAction\":[{\"@type\":\"ReadAction\",\"target\":[\"https:\/\/teiaeducation.ch\/de\/produkt\/kleine-zahlenkarten-im-kasten-1-9000-holz-nienhuis-montessori\/\"]}]},{\"@type\":\"ImageObject\",\"inLanguage\":\"de-CH\",\"@id\":\"https:\/\/teiaeducation.ch\/de\/produkt\/kleine-zahlenkarten-im-kasten-1-9000-holz-nienhuis-montessori\/#primaryimage\",\"url\":\"https:\/\/teiaeducation.ch\/wp-content\/uploads\/2018\/12\/0071B0.jpg\",\"contentUrl\":\"https:\/\/teiaeducation.ch\/wp-content\/uploads\/2018\/12\/0071B0.jpg\",\"width\":900,\"height\":900,\"caption\":\"Kleine Zahlenkarten im Kasten 1-9000: Holz - Nienhuis Montessori\"},{\"@type\":\"BreadcrumbList\",\"@id\":\"https:\/\/teiaeducation.ch\/de\/produkt\/kleine-zahlenkarten-im-kasten-1-9000-holz-nienhuis-montessori\/#breadcrumb\",\"itemListElement\":[{\"@type\":\"ListItem\",\"position\":1,\"name\":\"Home\",\"item\":\"https:\/\/teiaeducation.ch\/de\/\"},{\"@type\":\"ListItem\",\"position\":2,\"name\":\"Laden\",\"item\":\"https:\/\/teiaeducation.ch\/de\/shop\/\"},{\"@type\":\"ListItem\",\"position\":3,\"name\":\"Lernthemen\",\"item\":\"https:\/\/teiaeducation.ch\/de\/produkt-kategorie\/lernthemen\/\"},{\"@type\":\"ListItem\",\"position\":4,\"name\":\"Mathematik &amp; Rechnen\",\"item\":\"https:\/\/teiaeducation.ch\/de\/produkt-kategorie\/lernthemen\/mathematik-rechnen\/\"},{\"@type\":\"ListItem\",\"position\":5,\"name\":\"Dezimalsystem\",\"item\":\"https:\/\/teiaeducation.ch\/de\/produkt-kategorie\/lernthemen\/mathematik-rechnen\/dezimalsystem\/\"},{\"@type\":\"ListItem\",\"position\":6,\"name\":\"Kleine Zahlenkarten im Kasten 1-9000: Holz &#8211; Nienhuis Montessori\"}]},{\"@type\":\"WebSite\",\"@id\":\"https:\/\/teiaeducation.ch\/de\/#website\",\"url\":\"https:\/\/teiaeducation.ch\/de\/\",\"name\":\"Sustainable Educational Products &amp; Ecological Toys\u00a0\",\"description\":\"Specialised Swiss shop selling sustainable educational toys and games, AMI certified Montessori materials, handmade ecological wooden Waldorf toys and arts &amp; crafts supplies, school supplies, children&#039;s furniture and Montessori reference and parenting books.\",\"publisher\":{\"@id\":\"https:\/\/teiaeducation.ch\/de\/#organization\"},\"alternateName\":\"Teia Education & Play\",\"potentialAction\":[{\"@type\":\"SearchAction\",\"target\":{\"@type\":\"EntryPoint\",\"urlTemplate\":\"https:\/\/teiaeducation.ch\/de\/?s={search_term_string}\"},\"query-input\":{\"@type\":\"PropertyValueSpecification\",\"valueRequired\":true,\"valueName\":\"search_term_string\"}}],\"inLanguage\":\"de-CH\"},{\"@type\":\"Organization\",\"@id\":\"https:\/\/teiaeducation.ch\/de\/#organization\",\"name\":\"Teia Education & Play\",\"url\":\"https:\/\/teiaeducation.ch\/de\/\",\"logo\":{\"@type\":\"ImageObject\",\"inLanguage\":\"de-CH\",\"@id\":\"https:\/\/teiaeducation.ch\/de\/#\/schema\/logo\/image\/\",\"url\":\"https:\/\/teiaeducation.ch\/wp-content\/uploads\/2020\/11\/Teia-Education-Switzerland-e1620156442216.jpg\",\"contentUrl\":\"https:\/\/teiaeducation.ch\/wp-content\/uploads\/2020\/11\/Teia-Education-Switzerland-e1620156442216.jpg\",\"width\":166,\"height\":145,\"caption\":\"Teia Education & Play\"},\"image\":{\"@id\":\"https:\/\/teiaeducation.ch\/de\/#\/schema\/logo\/image\/\"},\"sameAs\":[\"https:\/\/www.facebook.com\/teiaeducation\/\",\"https:\/\/x.com\/EducationTeia\",\"https:\/\/www.instagram.com\/teia.education\/\",\"https:\/\/www.linkedin.com\/company\/35501660\",\"https:\/\/www.pinterest.ch\/TeiaEducation\/\"]}]}<\/script>\n<!-- \/ Yoast SEO plugin. -->","yoast_head_json":{"title":"Kleine Zahlenkarten im Kasten 1-9000: Holz - Nienhuis Montessori","description":"Die Nienhuis Montessori-Kleine Zahlenkarten im Kasten 1-9000: Holz sind mathematisches Material, mit dem das Kind in das Dezimalsystem eingef\u00fchrt wird.","robots":{"index":"index","follow":"follow","max-snippet":"max-snippet:-1","max-image-preview":"max-image-preview:large","max-video-preview":"max-video-preview:-1"},"canonical":"https:\/\/teiaeducation.ch\/de\/produkt\/kleine-zahlenkarten-im-kasten-1-9000-holz-nienhuis-montessori\/","og_locale":"de_DE","og_type":"article","og_title":"Kleine Zahlenkarten im Kasten 1-9000: Holz - Nienhuis Montessori","og_description":"Die Nienhuis Montessori-Kleine Zahlenkarten im Kasten 1-9000: Holz sind mathematisches Material, mit dem das Kind in das Dezimalsystem eingef\u00fchrt wird.","og_url":"https:\/\/teiaeducation.ch\/de\/produkt\/kleine-zahlenkarten-im-kasten-1-9000-holz-nienhuis-montessori\/","og_site_name":"Sustainable Educational Products &amp; Ecological Toys\u00a0","article_publisher":"https:\/\/www.facebook.com\/teiaeducation\/","article_modified_time":"2024-11-29T13:07:32+00:00","og_image":[{"width":900,"height":900,"url":"https:\/\/teiaeducation.ch\/wp-content\/uploads\/2018\/12\/0071B0.jpg","type":"image\/jpeg"}],"schema":{"@context":"https:\/\/schema.org","@graph":[{"@type":"WebPage","@id":"https:\/\/teiaeducation.ch\/de\/produkt\/kleine-zahlenkarten-im-kasten-1-9000-holz-nienhuis-montessori\/","url":"https:\/\/teiaeducation.ch\/de\/produkt\/kleine-zahlenkarten-im-kasten-1-9000-holz-nienhuis-montessori\/","name":"Kleine Zahlenkarten im Kasten 1-9000: Holz - Nienhuis Montessori","isPartOf":{"@id":"https:\/\/teiaeducation.ch\/de\/#website"},"primaryImageOfPage":{"@id":"https:\/\/teiaeducation.ch\/de\/produkt\/kleine-zahlenkarten-im-kasten-1-9000-holz-nienhuis-montessori\/#primaryimage"},"image":{"@id":"https:\/\/teiaeducation.ch\/de\/produkt\/kleine-zahlenkarten-im-kasten-1-9000-holz-nienhuis-montessori\/#primaryimage"},"thumbnailUrl":"https:\/\/teiaeducation.ch\/wp-content\/uploads\/2018\/12\/0071B0.jpg","datePublished":"2021-01-22T13:50:20+00:00","dateModified":"2024-11-29T13:07:32+00:00","description":"Die Nienhuis Montessori-Kleine Zahlenkarten im Kasten 1-9000: Holz sind mathematisches Material, mit dem das Kind in das Dezimalsystem eingef\u00fchrt wird.","breadcrumb":{"@id":"https:\/\/teiaeducation.ch\/de\/produkt\/kleine-zahlenkarten-im-kasten-1-9000-holz-nienhuis-montessori\/#breadcrumb"},"inLanguage":"de-CH","potentialAction":[{"@type":"ReadAction","target":["https:\/\/teiaeducation.ch\/de\/produkt\/kleine-zahlenkarten-im-kasten-1-9000-holz-nienhuis-montessori\/"]}]},{"@type":"ImageObject","inLanguage":"de-CH","@id":"https:\/\/teiaeducation.ch\/de\/produkt\/kleine-zahlenkarten-im-kasten-1-9000-holz-nienhuis-montessori\/#primaryimage","url":"https:\/\/teiaeducation.ch\/wp-content\/uploads\/2018\/12\/0071B0.jpg","contentUrl":"https:\/\/teiaeducation.ch\/wp-content\/uploads\/2018\/12\/0071B0.jpg","width":900,"height":900,"caption":"Kleine Zahlenkarten im Kasten 1-9000: Holz - Nienhuis Montessori"},{"@type":"BreadcrumbList","@id":"https:\/\/teiaeducation.ch\/de\/produkt\/kleine-zahlenkarten-im-kasten-1-9000-holz-nienhuis-montessori\/#breadcrumb","itemListElement":[{"@type":"ListItem","position":1,"name":"Home","item":"https:\/\/teiaeducation.ch\/de\/"},{"@type":"ListItem","position":2,"name":"Laden","item":"https:\/\/teiaeducation.ch\/de\/shop\/"},{"@type":"ListItem","position":3,"name":"Lernthemen","item":"https:\/\/teiaeducation.ch\/de\/produkt-kategorie\/lernthemen\/"},{"@type":"ListItem","position":4,"name":"Mathematik &amp; Rechnen","item":"https:\/\/teiaeducation.ch\/de\/produkt-kategorie\/lernthemen\/mathematik-rechnen\/"},{"@type":"ListItem","position":5,"name":"Dezimalsystem","item":"https:\/\/teiaeducation.ch\/de\/produkt-kategorie\/lernthemen\/mathematik-rechnen\/dezimalsystem\/"},{"@type":"ListItem","position":6,"name":"Kleine Zahlenkarten im Kasten 1-9000: Holz &#8211; Nienhuis Montessori"}]},{"@type":"WebSite","@id":"https:\/\/teiaeducation.ch\/de\/#website","url":"https:\/\/teiaeducation.ch\/de\/","name":"Sustainable Educational Products &amp; Ecological Toys\u00a0","description":"Specialised Swiss shop selling sustainable educational toys and games, AMI certified Montessori materials, handmade ecological wooden Waldorf toys and arts &amp; crafts supplies, school supplies, children&#039;s furniture and Montessori reference and parenting books.","publisher":{"@id":"https:\/\/teiaeducation.ch\/de\/#organization"},"alternateName":"Teia Education & Play","potentialAction":[{"@type":"SearchAction","target":{"@type":"EntryPoint","urlTemplate":"https:\/\/teiaeducation.ch\/de\/?s={search_term_string}"},"query-input":{"@type":"PropertyValueSpecification","valueRequired":true,"valueName":"search_term_string"}}],"inLanguage":"de-CH"},{"@type":"Organization","@id":"https:\/\/teiaeducation.ch\/de\/#organization","name":"Teia Education & Play","url":"https:\/\/teiaeducation.ch\/de\/","logo":{"@type":"ImageObject","inLanguage":"de-CH","@id":"https:\/\/teiaeducation.ch\/de\/#\/schema\/logo\/image\/","url":"https:\/\/teiaeducation.ch\/wp-content\/uploads\/2020\/11\/Teia-Education-Switzerland-e1620156442216.jpg","contentUrl":"https:\/\/teiaeducation.ch\/wp-content\/uploads\/2020\/11\/Teia-Education-Switzerland-e1620156442216.jpg","width":166,"height":145,"caption":"Teia Education & Play"},"image":{"@id":"https:\/\/teiaeducation.ch\/de\/#\/schema\/logo\/image\/"},"sameAs":["https:\/\/www.facebook.com\/teiaeducation\/","https:\/\/x.com\/EducationTeia","https:\/\/www.instagram.com\/teia.education\/","https:\/\/www.linkedin.com\/company\/35501660","https:\/\/www.pinterest.ch\/TeiaEducation\/"]}]}},"_links":{"self":[{"href":"https:\/\/teiaeducation.ch\/de\/wp-json\/wp\/v2\/product\/57100","targetHints":{"allow":["GET"]}}],"collection":[{"href":"https:\/\/teiaeducation.ch\/de\/wp-json\/wp\/v2\/product"}],"about":[{"href":"https:\/\/teiaeducation.ch\/de\/wp-json\/wp\/v2\/types\/product"}],"replies":[{"embeddable":true,"href":"https:\/\/teiaeducation.ch\/de\/wp-json\/wp\/v2\/comments?post=57100"}],"wp:featuredmedia":[{"embeddable":true,"href":"https:\/\/teiaeducation.ch\/de\/wp-json\/wp\/v2\/media\/57069"}],"wp:attachment":[{"href":"https:\/\/teiaeducation.ch\/de\/wp-json\/wp\/v2\/media?parent=57100"}],"wp:term":[{"taxonomy":"product_brand","embeddable":true,"href":"https:\/\/teiaeducation.ch\/de\/wp-json\/wp\/v2\/product_brand?post=57100"},{"taxonomy":"product_cat","embeddable":true,"href":"https:\/\/teiaeducation.ch\/de\/wp-json\/wp\/v2\/product_cat?post=57100"},{"taxonomy":"product_tag","embeddable":true,"href":"https:\/\/teiaeducation.ch\/de\/wp-json\/wp\/v2\/product_tag?post=57100"}],"curies":[{"name":"wp","href":"https:\/\/api.w.org\/{rel}","templated":true}]}}