{"id":57499,"date":"2023-11-14T14:55:13","date_gmt":"2023-11-14T13:55:13","guid":{"rendered":"https:\/\/teiaeducation.ch\/product\/einseitige-letter-board-aus-holz-in-englischer-basisschrift-threewood\/"},"modified":"2024-09-19T12:59:40","modified_gmt":"2024-09-19T10:59:40","slug":"einseitige-alphabet-board-aus-holz-in-englische-druckschrift-threewood","status":"publish","type":"product","link":"https:\/\/teiaeducation.ch\/de\/produkt\/einseitige-alphabet-board-aus-holz-in-englische-druckschrift-threewood\/","title":{"rendered":"Einseitige Letter Board aus Holz in englischer Basisschrift &#8211; Threewood"},"content":{"rendered":"<p>Das Threewood Einseitige Letter Board aus Holz in englischer Basisschrift ist ein wundervolles handgemachte, von <a href=\"https:\/\/teiaeducation.ch\/product-category\/hgh-quality-toys-play\/montessori-toys\/\">Montessori<\/a> inspiriertes <a href=\"https:\/\/teiaeducation.ch\/product-category\/learning-themes\/literacy-language\/\">Sprach<\/a> Lernspielzeug f\u00fcr kleine Kinder!<\/p>\n<p>Die Kinder werden viel Spa\u00df daran haben, die Buchstaben mit dem Zeigefinger oder dem mitgelieferten Holzstift nachzuzeichnen, w\u00e4hrend sie ihre <a href=\"https:\/\/teiaeducation.ch\/product-category\/learning-themes\/sensory-motor-skills\/motor-skills\/\">Feinmotorik<\/a> verfeinern und ihre H\u00e4nde als Vorbereitung auf das <a href=\"https:\/\/teiaeducation.ch\/product-category\/learning-themes\/literacy-language\/learning-to-write\/\">Schreiben<\/a> st\u00e4rken!<\/p>\n<p>Mit diesem durchdachten und liebevoll gestalteten Lernspielzeug wird das Schreiben- und Lesenlernen zu einem lustigen und praktischen Spiel, das sich perfekt f\u00fcr das Montessori-Lernen und -Spielen zu Hause eignet. Diese sch\u00f6n nat\u00fcrlich und super hohe Qualit\u00e4t taktile Lernspielzeug verf\u00fcgt \u00fcber eine Seite mit den Lettern des Alphabets in Kleinbuchstaben gedruckt.<\/p>\n<p>Handgefertigt aus massivem Eichenholz, enth\u00e4lt das einseitige Letter Board zwei Holzstifte f\u00fcr die Verfolgung und eine sch\u00f6ne kleine Leinen Aufbewahrungstasche f\u00fcr die Stifte.<\/p>\n<p>Das Alphabet Board aus massiver Eiche ist mit nat\u00fcrlichem \u00d6l behandelt und misst 40 x 20 cm mit einer Dicke von 1,8 cm. Die Stifte sind aus Sperrholz gefertigt. Das gesamte Set wird in der Ukraine in Handarbeit hergestellt.<\/p>\n<p>Inhalt:<\/p>\n<p>1 einseitige Board aus Eichenholz in englischer Sprache (Druck)<br \/>\n2 Holzstifte<br \/>\n1 Leinensack zur Aufbewahrung der Stifte<\/p>\n<h2>\u00dcber Threewood<\/h2>\n<p><a href=\"https:\/\/teiaeducation.ch\/product-category\/brands\/threewood\/\">Threewood<\/a> ist ein ukrainisches Ehepaar, Yuriy und Olga, das erstaunliche handgefertigte <a href=\"https:\/\/teiaeducation.ch\/product-category\/learning-themes\/\">Lernspielzeuge<\/a> und Materialien herstellt, die von der <a href=\"https:\/\/teiaeducation.ch\/product-category\/education-method\/the-montessori-pedagogy-materials-toys\/\">Montessori<\/a> P\u00e4dagogik inspiriert sind. Der Name Threewood steht f\u00fcr ihre drei Kinder und die Leidenschaft f\u00fcr die Arbeit mit Holz, die Yuriy von seinem Vater und Gro\u00dfvater geerbt hat.<\/p>\n<p>Diese <a href=\"https:\/\/teiaeducation.ch\/product-category\/hgh-quality-toys-play\/handmade-wooden-toys\/\">handgefertigten Holzspielzeuge<\/a> sind meist aus Eichenholz hergestellt und von h\u00f6chster Qualit\u00e4t und Design. Sie versprechen Langlebigkeit und spielerisches Lernen f\u00fcr Generationen!<\/p>\n","protected":false},"excerpt":{"rendered":"<p>Artikelnummer: TW0027<\/p>\n<p>Das Threewood Einseitige Letter Board aus Holz in englischer Basisschrift ist eine wunderbare handgemachte sinnliche Montessori inspiriertes Lernspielzeug!<\/p>\n","protected":false},"featured_media":57324,"comment_status":"open","ping_status":"closed","template":"","meta":[],"product_brand":[],"product_cat":[21445,21446,21524,21479,21532,21487,21491,21484,23075,21509,21530,21498,21481,22182,21443,21563,21531,21494,21495,21678,21672,21482,21564,21536],"product_tag":[26895,26881,26896,26887,26897,26899,26890,26886,26891,26880,26882,26888,26898,26883,26892,26884,26885,26889,26894,26893,26879],"class_list":{"0":"post-57499","1":"product","2":"type-product","3":"status-publish","4":"has-post-thumbnail","6":"product_cat-3-6-jahre-vorschule","7":"product_cat-6-12-jahre-grundschule","8":"product_cat-alphabetisierung-sprache","9":"product_cat-lernmaterialien-spielzeug-montessori-waldorf-steiner-froebel","10":"product_cat-buchstaben-das-alphabet","11":"product_cat-geschenk-guide-3-6-jahre-vorschule","12":"product_cat-geschenk-guide-lerngeschenke","13":"product_cat-geschenk-guides","14":"product_cat-handgefertigtes-holzspielzeug","15":"product_cat-lernthemen","16":"product_cat-lesen-lernen","17":"product_cat-montessori-materialien-fuer-zuhause-schulbedarf-fuer-zuhause","18":"product_cat-montessori-paedagogik-material-spielzeug","19":"product_cat-montessori-spielzeug","20":"product_cat-nach-alter","21":"product_cat-neuheiten","22":"product_cat-schreiben-lernen","23":"product_cat-schulbedarf-fuer-zuhause","24":"product_cat-schulbedarf-fuer-zuhause-3-6-jahre","25":"product_cat-kinder-spielzeug","26":"product_cat-threewood-de","27":"product_cat-traditionelle-bildung","28":"product_cat-unsere-marken","29":"product_cat-wortschatz","30":"product_tag-alphabet-board-aus-holz-threewood","31":"product_tag-alphabet-lernspielzeug-aus-holz","32":"product_tag-alphabet-lernspielzeug-aus-holz-deutscher-sprache","33":"product_tag-buchstaben-und-worter-aus-holz","34":"product_tag-buchstaben-und-worter-aus-holz-in-deutscher-sprache","35":"product_tag-buchstabenspiel-montessori","36":"product_tag-handgefertigte-lettern-montessori-lernspielzeug","37":"product_tag-handgefertigte-montessori-lernspielzeug","38":"product_tag-handgefertigtes-holzspielzeug-zum-sprachen-lernen","39":"product_tag-handgefertigtes-lernspielzeug-aus-holz","40":"product_tag-hergestellt-in-der-ukraine","41":"product_tag-letter-board-aus-holz-threewood","42":"product_tag-letter-board-aus-holz-threewood-in-deutscher-sprache","43":"product_tag-letter-board-englisch-threewood","44":"product_tag-montessori-inspiriertes-buchstaben-lernspielzeug","45":"product_tag-montessori-inspiriertes-lernspielzeug","46":"product_tag-threewood-alphabet-board-aus-holz","47":"product_tag-threewood-alphabet-board-aus-holz-deutscher-sprache","48":"product_tag-threewood-handgefertigte-alphabet-board","49":"product_tag-threewood-montessori-inspiriertes-spielzeug","50":"product_tag-threewood-montessori-spielzeug","52":"first","53":"outofstock","54":"taxable","55":"shipping-taxable","56":"purchasable","57":"product-type-simple"},"yoast_head":"<!-- This site is optimized with the Yoast SEO plugin v27.1.1 - https:\/\/yoast.com\/product\/yoast-seo-wordpress\/ -->\n<title>Einseitige Letter Board englischer Basisschrift - Threewood<\/title>\n<meta name=\"description\" content=\"Das Threewood Einseitige Letter Board aus Holz in englischer Basisschrift ist eine wunderbare handgemachte sinnliche Montessori inspiriertes Lernspielzeug!\" \/>\n<meta name=\"robots\" content=\"index, follow, max-snippet:-1, max-image-preview:large, max-video-preview:-1\" \/>\n<link rel=\"canonical\" href=\"https:\/\/teiaeducation.ch\/de\/produkt\/einseitige-alphabet-board-aus-holz-in-englische-druckschrift-threewood\/\" \/>\n<meta property=\"og:locale\" content=\"de_DE\" \/>\n<meta property=\"og:type\" content=\"article\" \/>\n<meta property=\"og:title\" content=\"Einseitige Letter Board englischer Basisschrift - Threewood\" \/>\n<meta property=\"og:description\" content=\"Das Threewood Einseitige Letter Board aus Holz in englischer Basisschrift ist eine wunderbare handgemachte sinnliche Montessori inspiriertes Lernspielzeug!\" \/>\n<meta property=\"og:url\" content=\"https:\/\/teiaeducation.ch\/de\/produkt\/einseitige-alphabet-board-aus-holz-in-englische-druckschrift-threewood\/\" \/>\n<meta property=\"og:site_name\" content=\"Sustainable Educational Products &amp; Ecological Toys\u00a0\" \/>\n<meta property=\"article:publisher\" content=\"https:\/\/www.facebook.com\/teiaeducation\/\" \/>\n<meta property=\"article:modified_time\" content=\"2024-09-19T10:59:40+00:00\" \/>\n<meta property=\"og:image\" content=\"https:\/\/teiaeducation.ch\/wp-content\/uploads\/2023\/11\/Wooden-alphabet-tracing-board-english-print-script-Threewood-Montessori-inspired-learning-toy-1-3.jpg\" \/>\n\t<meta property=\"og:image:width\" content=\"1500\" \/>\n\t<meta property=\"og:image:height\" content=\"1002\" \/>\n\t<meta property=\"og:image:type\" content=\"image\/jpeg\" \/>\n<script type=\"application\/ld+json\" class=\"yoast-schema-graph\">{\"@context\":\"https:\/\/schema.org\",\"@graph\":[{\"@type\":\"WebPage\",\"@id\":\"https:\/\/teiaeducation.ch\/de\/produkt\/einseitige-alphabet-board-aus-holz-in-englische-druckschrift-threewood\/\",\"url\":\"https:\/\/teiaeducation.ch\/de\/produkt\/einseitige-alphabet-board-aus-holz-in-englische-druckschrift-threewood\/\",\"name\":\"Einseitige Letter Board englischer Basisschrift - Threewood\",\"isPartOf\":{\"@id\":\"https:\/\/teiaeducation.ch\/de\/#website\"},\"primaryImageOfPage\":{\"@id\":\"https:\/\/teiaeducation.ch\/de\/produkt\/einseitige-alphabet-board-aus-holz-in-englische-druckschrift-threewood\/#primaryimage\"},\"image\":{\"@id\":\"https:\/\/teiaeducation.ch\/de\/produkt\/einseitige-alphabet-board-aus-holz-in-englische-druckschrift-threewood\/#primaryimage\"},\"thumbnailUrl\":\"https:\/\/teiaeducation.ch\/wp-content\/uploads\/2023\/11\/Wooden-alphabet-tracing-board-english-print-script-Threewood-Montessori-inspired-learning-toy-1-3.jpg\",\"datePublished\":\"2023-11-14T13:55:13+00:00\",\"dateModified\":\"2024-09-19T10:59:40+00:00\",\"description\":\"Das Threewood Einseitige Letter Board aus Holz in englischer Basisschrift ist eine wunderbare handgemachte sinnliche Montessori inspiriertes Lernspielzeug!\",\"breadcrumb\":{\"@id\":\"https:\/\/teiaeducation.ch\/de\/produkt\/einseitige-alphabet-board-aus-holz-in-englische-druckschrift-threewood\/#breadcrumb\"},\"inLanguage\":\"de-CH\",\"potentialAction\":[{\"@type\":\"ReadAction\",\"target\":[\"https:\/\/teiaeducation.ch\/de\/produkt\/einseitige-alphabet-board-aus-holz-in-englische-druckschrift-threewood\/\"]}]},{\"@type\":\"ImageObject\",\"inLanguage\":\"de-CH\",\"@id\":\"https:\/\/teiaeducation.ch\/de\/produkt\/einseitige-alphabet-board-aus-holz-in-englische-druckschrift-threewood\/#primaryimage\",\"url\":\"https:\/\/teiaeducation.ch\/wp-content\/uploads\/2023\/11\/Wooden-alphabet-tracing-board-english-print-script-Threewood-Montessori-inspired-learning-toy-1-3.jpg\",\"contentUrl\":\"https:\/\/teiaeducation.ch\/wp-content\/uploads\/2023\/11\/Wooden-alphabet-tracing-board-english-print-script-Threewood-Montessori-inspired-learning-toy-1-3.jpg\",\"width\":1500,\"height\":1002,\"caption\":\"Einseitige Letter Board aus Holz in englischer Basisschrift Threewood Montessori inspiriertes Lernspielzeug\"},{\"@type\":\"BreadcrumbList\",\"@id\":\"https:\/\/teiaeducation.ch\/de\/produkt\/einseitige-alphabet-board-aus-holz-in-englische-druckschrift-threewood\/#breadcrumb\",\"itemListElement\":[{\"@type\":\"ListItem\",\"position\":1,\"name\":\"Home\",\"item\":\"https:\/\/teiaeducation.ch\/de\/\"},{\"@type\":\"ListItem\",\"position\":2,\"name\":\"Laden\",\"item\":\"https:\/\/teiaeducation.ch\/de\/shop\/\"},{\"@type\":\"ListItem\",\"position\":3,\"name\":\"Unsere Marken\",\"item\":\"https:\/\/teiaeducation.ch\/de\/produkt-kategorie\/unsere-marken\/\"},{\"@type\":\"ListItem\",\"position\":4,\"name\":\"Threewood\",\"item\":\"https:\/\/teiaeducation.ch\/de\/produkt-kategorie\/unsere-marken\/threewood-de\/\"},{\"@type\":\"ListItem\",\"position\":5,\"name\":\"Einseitige Letter Board aus Holz in englischer Basisschrift &#8211; Threewood\"}]},{\"@type\":\"WebSite\",\"@id\":\"https:\/\/teiaeducation.ch\/de\/#website\",\"url\":\"https:\/\/teiaeducation.ch\/de\/\",\"name\":\"Sustainable Educational Products &amp; Ecological Toys\u00a0\",\"description\":\"Specialised Swiss shop selling sustainable educational toys and games, AMI certified Montessori materials, handmade ecological wooden Waldorf toys and arts &amp; crafts supplies, school supplies, children&#039;s furniture and Montessori reference and parenting books.\",\"publisher\":{\"@id\":\"https:\/\/teiaeducation.ch\/de\/#organization\"},\"alternateName\":\"Teia Education & Play\",\"potentialAction\":[{\"@type\":\"SearchAction\",\"target\":{\"@type\":\"EntryPoint\",\"urlTemplate\":\"https:\/\/teiaeducation.ch\/de\/?s={search_term_string}\"},\"query-input\":{\"@type\":\"PropertyValueSpecification\",\"valueRequired\":true,\"valueName\":\"search_term_string\"}}],\"inLanguage\":\"de-CH\"},{\"@type\":\"Organization\",\"@id\":\"https:\/\/teiaeducation.ch\/de\/#organization\",\"name\":\"Teia Education & Play\",\"url\":\"https:\/\/teiaeducation.ch\/de\/\",\"logo\":{\"@type\":\"ImageObject\",\"inLanguage\":\"de-CH\",\"@id\":\"https:\/\/teiaeducation.ch\/de\/#\/schema\/logo\/image\/\",\"url\":\"https:\/\/teiaeducation.ch\/wp-content\/uploads\/2020\/11\/Teia-Education-Switzerland-e1620156442216.jpg\",\"contentUrl\":\"https:\/\/teiaeducation.ch\/wp-content\/uploads\/2020\/11\/Teia-Education-Switzerland-e1620156442216.jpg\",\"width\":166,\"height\":145,\"caption\":\"Teia Education & Play\"},\"image\":{\"@id\":\"https:\/\/teiaeducation.ch\/de\/#\/schema\/logo\/image\/\"},\"sameAs\":[\"https:\/\/www.facebook.com\/teiaeducation\/\",\"https:\/\/x.com\/EducationTeia\",\"https:\/\/www.instagram.com\/teia.education\/\",\"https:\/\/www.linkedin.com\/company\/35501660\",\"https:\/\/www.pinterest.ch\/TeiaEducation\/\"]}]}<\/script>\n<!-- \/ Yoast SEO plugin. -->","yoast_head_json":{"title":"Einseitige Letter Board englischer Basisschrift - Threewood","description":"Das Threewood Einseitige Letter Board aus Holz in englischer Basisschrift ist eine wunderbare handgemachte sinnliche Montessori inspiriertes Lernspielzeug!","robots":{"index":"index","follow":"follow","max-snippet":"max-snippet:-1","max-image-preview":"max-image-preview:large","max-video-preview":"max-video-preview:-1"},"canonical":"https:\/\/teiaeducation.ch\/de\/produkt\/einseitige-alphabet-board-aus-holz-in-englische-druckschrift-threewood\/","og_locale":"de_DE","og_type":"article","og_title":"Einseitige Letter Board englischer Basisschrift - Threewood","og_description":"Das Threewood Einseitige Letter Board aus Holz in englischer Basisschrift ist eine wunderbare handgemachte sinnliche Montessori inspiriertes Lernspielzeug!","og_url":"https:\/\/teiaeducation.ch\/de\/produkt\/einseitige-alphabet-board-aus-holz-in-englische-druckschrift-threewood\/","og_site_name":"Sustainable Educational Products &amp; Ecological Toys\u00a0","article_publisher":"https:\/\/www.facebook.com\/teiaeducation\/","article_modified_time":"2024-09-19T10:59:40+00:00","og_image":[{"width":1500,"height":1002,"url":"https:\/\/teiaeducation.ch\/wp-content\/uploads\/2023\/11\/Wooden-alphabet-tracing-board-english-print-script-Threewood-Montessori-inspired-learning-toy-1-3.jpg","type":"image\/jpeg"}],"schema":{"@context":"https:\/\/schema.org","@graph":[{"@type":"WebPage","@id":"https:\/\/teiaeducation.ch\/de\/produkt\/einseitige-alphabet-board-aus-holz-in-englische-druckschrift-threewood\/","url":"https:\/\/teiaeducation.ch\/de\/produkt\/einseitige-alphabet-board-aus-holz-in-englische-druckschrift-threewood\/","name":"Einseitige Letter Board englischer Basisschrift - Threewood","isPartOf":{"@id":"https:\/\/teiaeducation.ch\/de\/#website"},"primaryImageOfPage":{"@id":"https:\/\/teiaeducation.ch\/de\/produkt\/einseitige-alphabet-board-aus-holz-in-englische-druckschrift-threewood\/#primaryimage"},"image":{"@id":"https:\/\/teiaeducation.ch\/de\/produkt\/einseitige-alphabet-board-aus-holz-in-englische-druckschrift-threewood\/#primaryimage"},"thumbnailUrl":"https:\/\/teiaeducation.ch\/wp-content\/uploads\/2023\/11\/Wooden-alphabet-tracing-board-english-print-script-Threewood-Montessori-inspired-learning-toy-1-3.jpg","datePublished":"2023-11-14T13:55:13+00:00","dateModified":"2024-09-19T10:59:40+00:00","description":"Das Threewood Einseitige Letter Board aus Holz in englischer Basisschrift ist eine wunderbare handgemachte sinnliche Montessori inspiriertes Lernspielzeug!","breadcrumb":{"@id":"https:\/\/teiaeducation.ch\/de\/produkt\/einseitige-alphabet-board-aus-holz-in-englische-druckschrift-threewood\/#breadcrumb"},"inLanguage":"de-CH","potentialAction":[{"@type":"ReadAction","target":["https:\/\/teiaeducation.ch\/de\/produkt\/einseitige-alphabet-board-aus-holz-in-englische-druckschrift-threewood\/"]}]},{"@type":"ImageObject","inLanguage":"de-CH","@id":"https:\/\/teiaeducation.ch\/de\/produkt\/einseitige-alphabet-board-aus-holz-in-englische-druckschrift-threewood\/#primaryimage","url":"https:\/\/teiaeducation.ch\/wp-content\/uploads\/2023\/11\/Wooden-alphabet-tracing-board-english-print-script-Threewood-Montessori-inspired-learning-toy-1-3.jpg","contentUrl":"https:\/\/teiaeducation.ch\/wp-content\/uploads\/2023\/11\/Wooden-alphabet-tracing-board-english-print-script-Threewood-Montessori-inspired-learning-toy-1-3.jpg","width":1500,"height":1002,"caption":"Einseitige Letter Board aus Holz in englischer Basisschrift Threewood Montessori inspiriertes Lernspielzeug"},{"@type":"BreadcrumbList","@id":"https:\/\/teiaeducation.ch\/de\/produkt\/einseitige-alphabet-board-aus-holz-in-englische-druckschrift-threewood\/#breadcrumb","itemListElement":[{"@type":"ListItem","position":1,"name":"Home","item":"https:\/\/teiaeducation.ch\/de\/"},{"@type":"ListItem","position":2,"name":"Laden","item":"https:\/\/teiaeducation.ch\/de\/shop\/"},{"@type":"ListItem","position":3,"name":"Unsere Marken","item":"https:\/\/teiaeducation.ch\/de\/produkt-kategorie\/unsere-marken\/"},{"@type":"ListItem","position":4,"name":"Threewood","item":"https:\/\/teiaeducation.ch\/de\/produkt-kategorie\/unsere-marken\/threewood-de\/"},{"@type":"ListItem","position":5,"name":"Einseitige Letter Board aus Holz in englischer Basisschrift &#8211; Threewood"}]},{"@type":"WebSite","@id":"https:\/\/teiaeducation.ch\/de\/#website","url":"https:\/\/teiaeducation.ch\/de\/","name":"Sustainable Educational Products &amp; Ecological Toys\u00a0","description":"Specialised Swiss shop selling sustainable educational toys and games, AMI certified Montessori materials, handmade ecological wooden Waldorf toys and arts &amp; crafts supplies, school supplies, children&#039;s furniture and Montessori reference and parenting books.","publisher":{"@id":"https:\/\/teiaeducation.ch\/de\/#organization"},"alternateName":"Teia Education & Play","potentialAction":[{"@type":"SearchAction","target":{"@type":"EntryPoint","urlTemplate":"https:\/\/teiaeducation.ch\/de\/?s={search_term_string}"},"query-input":{"@type":"PropertyValueSpecification","valueRequired":true,"valueName":"search_term_string"}}],"inLanguage":"de-CH"},{"@type":"Organization","@id":"https:\/\/teiaeducation.ch\/de\/#organization","name":"Teia Education & Play","url":"https:\/\/teiaeducation.ch\/de\/","logo":{"@type":"ImageObject","inLanguage":"de-CH","@id":"https:\/\/teiaeducation.ch\/de\/#\/schema\/logo\/image\/","url":"https:\/\/teiaeducation.ch\/wp-content\/uploads\/2020\/11\/Teia-Education-Switzerland-e1620156442216.jpg","contentUrl":"https:\/\/teiaeducation.ch\/wp-content\/uploads\/2020\/11\/Teia-Education-Switzerland-e1620156442216.jpg","width":166,"height":145,"caption":"Teia Education & Play"},"image":{"@id":"https:\/\/teiaeducation.ch\/de\/#\/schema\/logo\/image\/"},"sameAs":["https:\/\/www.facebook.com\/teiaeducation\/","https:\/\/x.com\/EducationTeia","https:\/\/www.instagram.com\/teia.education\/","https:\/\/www.linkedin.com\/company\/35501660","https:\/\/www.pinterest.ch\/TeiaEducation\/"]}]}},"_links":{"self":[{"href":"https:\/\/teiaeducation.ch\/de\/wp-json\/wp\/v2\/product\/57499","targetHints":{"allow":["GET"]}}],"collection":[{"href":"https:\/\/teiaeducation.ch\/de\/wp-json\/wp\/v2\/product"}],"about":[{"href":"https:\/\/teiaeducation.ch\/de\/wp-json\/wp\/v2\/types\/product"}],"replies":[{"embeddable":true,"href":"https:\/\/teiaeducation.ch\/de\/wp-json\/wp\/v2\/comments?post=57499"}],"wp:featuredmedia":[{"embeddable":true,"href":"https:\/\/teiaeducation.ch\/de\/wp-json\/wp\/v2\/media\/57324"}],"wp:attachment":[{"href":"https:\/\/teiaeducation.ch\/de\/wp-json\/wp\/v2\/media?parent=57499"}],"wp:term":[{"taxonomy":"product_brand","embeddable":true,"href":"https:\/\/teiaeducation.ch\/de\/wp-json\/wp\/v2\/product_brand?post=57499"},{"taxonomy":"product_cat","embeddable":true,"href":"https:\/\/teiaeducation.ch\/de\/wp-json\/wp\/v2\/product_cat?post=57499"},{"taxonomy":"product_tag","embeddable":true,"href":"https:\/\/teiaeducation.ch\/de\/wp-json\/wp\/v2\/product_tag?post=57499"}],"curies":[{"name":"wp","href":"https:\/\/api.w.org\/{rel}","templated":true}]}}