{"id":57500,"date":"2023-11-14T08:20:09","date_gmt":"2023-11-14T07:20:09","guid":{"rendered":"https:\/\/teiaeducation.ch\/product\/montessori-zwanzig-brett-mit-wollfilzkugeln-threewood\/"},"modified":"2025-04-06T22:17:23","modified_gmt":"2025-04-06T20:17:23","slug":"montessori-zwanzig-brett-mit-wollfilzkugeln-threewood","status":"publish","type":"product","link":"https:\/\/teiaeducation.ch\/de\/produkt\/montessori-zwanzig-brett-mit-wollfilzkugeln-threewood\/","title":{"rendered":"Montessori zwanzig Brett mit Wollfilzkugeln &#8211; Threewood"},"content":{"rendered":"<p>Das Zwanzig Brett von Threewood mit 25 Wollfilzkugeln ist ein wunderbares handgefertigtes, von <a href=\"https:\/\/teiaeducation.ch\/product-category\/hgh-quality-toys-play\/montessori-toys\/\">Montessori<\/a> inspiriertes <a href=\"https:\/\/teiaeducation.ch\/product-category\/learning-themes\/mathematics-numeracy\/\">mathematisches<\/a> Lernspielzeug f\u00fcr kleine Kinder!<\/p>\n<p>Kinder werden viel Spa\u00df beim Lernen von <a href=\"https:\/\/teiaeducation.ch\/product-category\/learning-themes\/mathematics-numeracy\/counting\/\">Z\u00e4hlen<\/a>, <a href=\"https:\/\/teiaeducation.ch\/product-category\/learning-themes\/mathematics-numeracy\/addition\/\">Addition<\/a> und <a href=\"https:\/\/teiaeducation.ch\/product-category\/learning-themes\/mathematics-numeracy\/subtraction\/\">Subtraktion<\/a> von <a href=\"https:\/\/teiaeducation.ch\/product-category\/learning-themes\/mathematics-numeracy\/numbers\/\">Nummern<\/a> bis zu 20 haben. Mit diesem durchdachten und liebevoll gefertigten Lernspielzeug wird das Erlernen von Mathematik zu einem lustigen, visuellen und praktischen Spiel, das sich perfekt f\u00fcr das <a href=\"https:\/\/teiaeducation.ch\/product-category\/homeschool-supplies\/montessori-homeschool-materials\/\">Montessori<\/a>-Lernen und -Spielen zu Hause eignet.<\/p>\n<p>Das Threewood Zwanzig Brett wird von Hand aus nat\u00fcrlichem, massivem Eichenholz hergestellt und misst 20 x 5 cm. Dieses wunderbar nat\u00fcrliche und qualitativ hochwertige taktile Lernspielzeug passt perfekt zu den mitgelieferten Threewood <a href=\"https:\/\/teiaeducation.ch\/product\/woollen-felt-balls-55-threewood\/\">Wollfilzkugeln<\/a> in den Farben des Regenbogens.<\/p>\n<p>Das Brett ist mit nat\u00fcrlichem \u00d6l behandelt und wird in der Ukraine von Hand hergestellt, ebenso wie die Wollfilzkugeln. Dieses Lernspielzeug ist f\u00fcr Kinder ab 3 Jahren geeignet.<\/p>\n<p>Inhalt:<\/p>\n<p>1 x 20 Brett<br \/>\n25 Wollfilzkugeln<br \/>\n1 Leinensack zur Aufbewahrung der Wollfilzkugeln<\/p>\n<h2>\u00dcber Threewood<\/h2>\n<p><a href=\"https:\/\/teiaeducation.ch\/product-category\/brands\/threewood\/\">Threewood<\/a> ist ein ukrainisches Ehepaar, Yuriy und Olga, das erstaunliche handgefertigte <a href=\"https:\/\/teiaeducation.ch\/product-category\/learning-themes\/\">Lernspielzeuge<\/a> und Materialien herstellt, die von der <a href=\"https:\/\/teiaeducation.ch\/product-category\/education-method\/the-montessori-pedagogy-materials-toys\/\">Montessori<\/a> P\u00e4dagogik inspiriert sind. Der Name Threewood steht f\u00fcr ihre drei Kinder und die Leidenschaft f\u00fcr die Arbeit mit Holz, die Yuriy von seinem Vater und Gro\u00dfvater geerbt hat.<\/p>\n<p>Diese <a href=\"https:\/\/teiaeducation.ch\/product-category\/hgh-quality-toys-play\/handmade-wooden-toys\/\">handgefertigten Holzspielzeuge<\/a> sind meist aus Eichenholz hergestellt und von h\u00f6chster Qualit\u00e4t und Design. Sie versprechen Langlebigkeit und spielerisches Lernen f\u00fcr Generationen!<\/p>\n","protected":false},"excerpt":{"rendered":"<p>Artikelnummer: TW0024<\/p>\n<p>Das Zwanzig Brett mit Wollfilzkugeln von Threewood ist ein von Montessori inspiriertes mathematisches Lernspielzeug, das in Handarbeit aus massivem Eichenholz hergestellt wird.<\/p>\n","protected":false},"featured_media":57289,"comment_status":"open","ping_status":"closed","template":"","meta":[],"product_brand":[],"product_cat":[21445,21446,22033,21479,21538,21491,21484,23075,21509,21537,21498,21481,22182,21443,21563,21494,21495,21678,21553,21672,21482,21564,21540,21547],"product_tag":[26909,26886,26880,26882,26884,26900,26902,26901,26907,26906,26905,26908,26893,26879,26904,26903],"class_list":{"0":"post-57500","1":"product","2":"type-product","3":"status-publish","4":"has-post-thumbnail","6":"product_cat-3-6-jahre-vorschule","7":"product_cat-6-12-jahre-grundschule","8":"product_cat-adventskalender-geschenke-strumpffueller","9":"product_cat-lernmaterialien-spielzeug-montessori-waldorf-steiner-froebel","10":"product_cat-ergaenzung","11":"product_cat-geschenk-guide-lerngeschenke","12":"product_cat-geschenk-guides","13":"product_cat-handgefertigtes-holzspielzeug","14":"product_cat-lernthemen","15":"product_cat-mathematik-rechnen","16":"product_cat-montessori-materialien-fuer-zuhause-schulbedarf-fuer-zuhause","17":"product_cat-montessori-paedagogik-material-spielzeug","18":"product_cat-montessori-spielzeug","19":"product_cat-nach-alter","20":"product_cat-neuheiten","21":"product_cat-schulbedarf-fuer-zuhause","22":"product_cat-schulbedarf-fuer-zuhause-3-6-jahre","23":"product_cat-kinder-spielzeug","24":"product_cat-subtraktion","25":"product_cat-threewood-de","26":"product_cat-traditionelle-bildung","27":"product_cat-unsere-marken","28":"product_cat-zaehlen","29":"product_cat-ziffern","30":"product_tag-brett-mit-wollfilzkugeln-threewood","31":"product_tag-handgefertigte-montessori-lernspielzeug","32":"product_tag-handgefertigtes-lernspielzeug-aus-holz","33":"product_tag-hergestellt-in-der-ukraine","34":"product_tag-montessori-inspiriertes-lernspielzeug","35":"product_tag-montessori-inspiriertes-lernspielzeug-fur-zahlen","36":"product_tag-montessori-inspiriertes-lernspielzeug-zum-sortieren","37":"product_tag-montessori-inspiriertes-lernspielzeug-zum-zahlen","38":"product_tag-montessori-spielzeug-addition","39":"product_tag-montessori-spielzeug-fur-subtraktion","40":"product_tag-montessori-spielzeug-zum-zahlen","41":"product_tag-spielzeug-zum-lernen-von-zahlen-montessori","42":"product_tag-threewood-montessori-inspiriertes-spielzeug","43":"product_tag-threewood-montessori-spielzeug","44":"product_tag-zwanzig-brett-mit-wollfilzkugeln-threewood","45":"product_tag-zwanzig-brett-threewood","47":"first","48":"outofstock","49":"taxable","50":"shipping-taxable","51":"purchasable","52":"product-type-simple"},"yoast_head":"<!-- This site is optimized with the Yoast SEO plugin v27.1.1 - https:\/\/yoast.com\/product\/yoast-seo-wordpress\/ -->\n<title>Montessori zwanzig Brett mit Wollfilzkugeln - Threewood<\/title>\n<meta name=\"description\" content=\"Das Zwanzig Brett mit Wollfilzkugeln von Threewood ist ein von Montessori inspiriertes mathematisches Lernspielzeug. In Handarbeit hergestellt.\" \/>\n<meta name=\"robots\" content=\"index, follow, max-snippet:-1, max-image-preview:large, max-video-preview:-1\" \/>\n<link rel=\"canonical\" href=\"https:\/\/teiaeducation.ch\/de\/produkt\/montessori-zwanzig-brett-mit-wollfilzkugeln-threewood\/\" \/>\n<meta property=\"og:locale\" content=\"de_DE\" \/>\n<meta property=\"og:type\" content=\"article\" \/>\n<meta property=\"og:title\" content=\"Montessori zwanzig Brett mit Wollfilzkugeln - Threewood\" \/>\n<meta property=\"og:description\" content=\"Das Zwanzig Brett mit Wollfilzkugeln von Threewood ist ein von Montessori inspiriertes mathematisches Lernspielzeug. In Handarbeit hergestellt.\" \/>\n<meta property=\"og:url\" content=\"https:\/\/teiaeducation.ch\/de\/produkt\/montessori-zwanzig-brett-mit-wollfilzkugeln-threewood\/\" \/>\n<meta property=\"og:site_name\" content=\"Sustainable Educational Products &amp; Ecological Toys\u00a0\" \/>\n<meta property=\"article:publisher\" content=\"https:\/\/www.facebook.com\/teiaeducation\/\" \/>\n<meta property=\"article:modified_time\" content=\"2025-04-06T20:17:23+00:00\" \/>\n<meta property=\"og:image\" content=\"https:\/\/teiaeducation.ch\/wp-content\/uploads\/2023\/11\/Threewood-twenty-frame-Montessori-inspired-mathematical-learning-toy.jpg\" \/>\n\t<meta property=\"og:image:width\" content=\"1500\" \/>\n\t<meta property=\"og:image:height\" content=\"1125\" \/>\n\t<meta property=\"og:image:type\" content=\"image\/jpeg\" \/>\n<script type=\"application\/ld+json\" class=\"yoast-schema-graph\">{\"@context\":\"https:\/\/schema.org\",\"@graph\":[{\"@type\":\"WebPage\",\"@id\":\"https:\/\/teiaeducation.ch\/de\/produkt\/montessori-zwanzig-brett-mit-wollfilzkugeln-threewood\/\",\"url\":\"https:\/\/teiaeducation.ch\/de\/produkt\/montessori-zwanzig-brett-mit-wollfilzkugeln-threewood\/\",\"name\":\"Montessori zwanzig Brett mit Wollfilzkugeln - Threewood\",\"isPartOf\":{\"@id\":\"https:\/\/teiaeducation.ch\/de\/#website\"},\"primaryImageOfPage\":{\"@id\":\"https:\/\/teiaeducation.ch\/de\/produkt\/montessori-zwanzig-brett-mit-wollfilzkugeln-threewood\/#primaryimage\"},\"image\":{\"@id\":\"https:\/\/teiaeducation.ch\/de\/produkt\/montessori-zwanzig-brett-mit-wollfilzkugeln-threewood\/#primaryimage\"},\"thumbnailUrl\":\"https:\/\/teiaeducation.ch\/wp-content\/uploads\/2023\/11\/Threewood-twenty-frame-Montessori-inspired-mathematical-learning-toy.jpg\",\"datePublished\":\"2023-11-14T07:20:09+00:00\",\"dateModified\":\"2025-04-06T20:17:23+00:00\",\"description\":\"Das Zwanzig Brett mit Wollfilzkugeln von Threewood ist ein von Montessori inspiriertes mathematisches Lernspielzeug. In Handarbeit hergestellt.\",\"breadcrumb\":{\"@id\":\"https:\/\/teiaeducation.ch\/de\/produkt\/montessori-zwanzig-brett-mit-wollfilzkugeln-threewood\/#breadcrumb\"},\"inLanguage\":\"de-CH\",\"potentialAction\":[{\"@type\":\"ReadAction\",\"target\":[\"https:\/\/teiaeducation.ch\/de\/produkt\/montessori-zwanzig-brett-mit-wollfilzkugeln-threewood\/\"]}]},{\"@type\":\"ImageObject\",\"inLanguage\":\"de-CH\",\"@id\":\"https:\/\/teiaeducation.ch\/de\/produkt\/montessori-zwanzig-brett-mit-wollfilzkugeln-threewood\/#primaryimage\",\"url\":\"https:\/\/teiaeducation.ch\/wp-content\/uploads\/2023\/11\/Threewood-twenty-frame-Montessori-inspired-mathematical-learning-toy.jpg\",\"contentUrl\":\"https:\/\/teiaeducation.ch\/wp-content\/uploads\/2023\/11\/Threewood-twenty-frame-Montessori-inspired-mathematical-learning-toy.jpg\",\"width\":1500,\"height\":1125,\"caption\":\"zwanzig Brett mit Wollfilzkugeln Threewood Montessori inspiriertes mathematisches Lernspielzeug\"},{\"@type\":\"BreadcrumbList\",\"@id\":\"https:\/\/teiaeducation.ch\/de\/produkt\/montessori-zwanzig-brett-mit-wollfilzkugeln-threewood\/#breadcrumb\",\"itemListElement\":[{\"@type\":\"ListItem\",\"position\":1,\"name\":\"Home\",\"item\":\"https:\/\/teiaeducation.ch\/de\/\"},{\"@type\":\"ListItem\",\"position\":2,\"name\":\"Laden\",\"item\":\"https:\/\/teiaeducation.ch\/de\/shop\/\"},{\"@type\":\"ListItem\",\"position\":3,\"name\":\"Unsere Marken\",\"item\":\"https:\/\/teiaeducation.ch\/de\/produkt-kategorie\/unsere-marken\/\"},{\"@type\":\"ListItem\",\"position\":4,\"name\":\"Threewood\",\"item\":\"https:\/\/teiaeducation.ch\/de\/produkt-kategorie\/unsere-marken\/threewood-de\/\"},{\"@type\":\"ListItem\",\"position\":5,\"name\":\"Montessori zwanzig Brett mit Wollfilzkugeln &#8211; Threewood\"}]},{\"@type\":\"WebSite\",\"@id\":\"https:\/\/teiaeducation.ch\/de\/#website\",\"url\":\"https:\/\/teiaeducation.ch\/de\/\",\"name\":\"Sustainable Educational Products &amp; Ecological Toys\u00a0\",\"description\":\"Specialised Swiss shop selling sustainable educational toys and games, AMI certified Montessori materials, handmade ecological wooden Waldorf toys and arts &amp; crafts supplies, school supplies, children&#039;s furniture and Montessori reference and parenting books.\",\"publisher\":{\"@id\":\"https:\/\/teiaeducation.ch\/de\/#organization\"},\"alternateName\":\"Teia Education & Play\",\"potentialAction\":[{\"@type\":\"SearchAction\",\"target\":{\"@type\":\"EntryPoint\",\"urlTemplate\":\"https:\/\/teiaeducation.ch\/de\/?s={search_term_string}\"},\"query-input\":{\"@type\":\"PropertyValueSpecification\",\"valueRequired\":true,\"valueName\":\"search_term_string\"}}],\"inLanguage\":\"de-CH\"},{\"@type\":\"Organization\",\"@id\":\"https:\/\/teiaeducation.ch\/de\/#organization\",\"name\":\"Teia Education & Play\",\"url\":\"https:\/\/teiaeducation.ch\/de\/\",\"logo\":{\"@type\":\"ImageObject\",\"inLanguage\":\"de-CH\",\"@id\":\"https:\/\/teiaeducation.ch\/de\/#\/schema\/logo\/image\/\",\"url\":\"https:\/\/teiaeducation.ch\/wp-content\/uploads\/2020\/11\/Teia-Education-Switzerland-e1620156442216.jpg\",\"contentUrl\":\"https:\/\/teiaeducation.ch\/wp-content\/uploads\/2020\/11\/Teia-Education-Switzerland-e1620156442216.jpg\",\"width\":166,\"height\":145,\"caption\":\"Teia Education & Play\"},\"image\":{\"@id\":\"https:\/\/teiaeducation.ch\/de\/#\/schema\/logo\/image\/\"},\"sameAs\":[\"https:\/\/www.facebook.com\/teiaeducation\/\",\"https:\/\/x.com\/EducationTeia\",\"https:\/\/www.instagram.com\/teia.education\/\",\"https:\/\/www.linkedin.com\/company\/35501660\",\"https:\/\/www.pinterest.ch\/TeiaEducation\/\"]}]}<\/script>\n<!-- \/ Yoast SEO plugin. -->","yoast_head_json":{"title":"Montessori zwanzig Brett mit Wollfilzkugeln - Threewood","description":"Das Zwanzig Brett mit Wollfilzkugeln von Threewood ist ein von Montessori inspiriertes mathematisches Lernspielzeug. In Handarbeit hergestellt.","robots":{"index":"index","follow":"follow","max-snippet":"max-snippet:-1","max-image-preview":"max-image-preview:large","max-video-preview":"max-video-preview:-1"},"canonical":"https:\/\/teiaeducation.ch\/de\/produkt\/montessori-zwanzig-brett-mit-wollfilzkugeln-threewood\/","og_locale":"de_DE","og_type":"article","og_title":"Montessori zwanzig Brett mit Wollfilzkugeln - Threewood","og_description":"Das Zwanzig Brett mit Wollfilzkugeln von Threewood ist ein von Montessori inspiriertes mathematisches Lernspielzeug. In Handarbeit hergestellt.","og_url":"https:\/\/teiaeducation.ch\/de\/produkt\/montessori-zwanzig-brett-mit-wollfilzkugeln-threewood\/","og_site_name":"Sustainable Educational Products &amp; Ecological Toys\u00a0","article_publisher":"https:\/\/www.facebook.com\/teiaeducation\/","article_modified_time":"2025-04-06T20:17:23+00:00","og_image":[{"width":1500,"height":1125,"url":"https:\/\/teiaeducation.ch\/wp-content\/uploads\/2023\/11\/Threewood-twenty-frame-Montessori-inspired-mathematical-learning-toy.jpg","type":"image\/jpeg"}],"schema":{"@context":"https:\/\/schema.org","@graph":[{"@type":"WebPage","@id":"https:\/\/teiaeducation.ch\/de\/produkt\/montessori-zwanzig-brett-mit-wollfilzkugeln-threewood\/","url":"https:\/\/teiaeducation.ch\/de\/produkt\/montessori-zwanzig-brett-mit-wollfilzkugeln-threewood\/","name":"Montessori zwanzig Brett mit Wollfilzkugeln - Threewood","isPartOf":{"@id":"https:\/\/teiaeducation.ch\/de\/#website"},"primaryImageOfPage":{"@id":"https:\/\/teiaeducation.ch\/de\/produkt\/montessori-zwanzig-brett-mit-wollfilzkugeln-threewood\/#primaryimage"},"image":{"@id":"https:\/\/teiaeducation.ch\/de\/produkt\/montessori-zwanzig-brett-mit-wollfilzkugeln-threewood\/#primaryimage"},"thumbnailUrl":"https:\/\/teiaeducation.ch\/wp-content\/uploads\/2023\/11\/Threewood-twenty-frame-Montessori-inspired-mathematical-learning-toy.jpg","datePublished":"2023-11-14T07:20:09+00:00","dateModified":"2025-04-06T20:17:23+00:00","description":"Das Zwanzig Brett mit Wollfilzkugeln von Threewood ist ein von Montessori inspiriertes mathematisches Lernspielzeug. In Handarbeit hergestellt.","breadcrumb":{"@id":"https:\/\/teiaeducation.ch\/de\/produkt\/montessori-zwanzig-brett-mit-wollfilzkugeln-threewood\/#breadcrumb"},"inLanguage":"de-CH","potentialAction":[{"@type":"ReadAction","target":["https:\/\/teiaeducation.ch\/de\/produkt\/montessori-zwanzig-brett-mit-wollfilzkugeln-threewood\/"]}]},{"@type":"ImageObject","inLanguage":"de-CH","@id":"https:\/\/teiaeducation.ch\/de\/produkt\/montessori-zwanzig-brett-mit-wollfilzkugeln-threewood\/#primaryimage","url":"https:\/\/teiaeducation.ch\/wp-content\/uploads\/2023\/11\/Threewood-twenty-frame-Montessori-inspired-mathematical-learning-toy.jpg","contentUrl":"https:\/\/teiaeducation.ch\/wp-content\/uploads\/2023\/11\/Threewood-twenty-frame-Montessori-inspired-mathematical-learning-toy.jpg","width":1500,"height":1125,"caption":"zwanzig Brett mit Wollfilzkugeln Threewood Montessori inspiriertes mathematisches Lernspielzeug"},{"@type":"BreadcrumbList","@id":"https:\/\/teiaeducation.ch\/de\/produkt\/montessori-zwanzig-brett-mit-wollfilzkugeln-threewood\/#breadcrumb","itemListElement":[{"@type":"ListItem","position":1,"name":"Home","item":"https:\/\/teiaeducation.ch\/de\/"},{"@type":"ListItem","position":2,"name":"Laden","item":"https:\/\/teiaeducation.ch\/de\/shop\/"},{"@type":"ListItem","position":3,"name":"Unsere Marken","item":"https:\/\/teiaeducation.ch\/de\/produkt-kategorie\/unsere-marken\/"},{"@type":"ListItem","position":4,"name":"Threewood","item":"https:\/\/teiaeducation.ch\/de\/produkt-kategorie\/unsere-marken\/threewood-de\/"},{"@type":"ListItem","position":5,"name":"Montessori zwanzig Brett mit Wollfilzkugeln &#8211; Threewood"}]},{"@type":"WebSite","@id":"https:\/\/teiaeducation.ch\/de\/#website","url":"https:\/\/teiaeducation.ch\/de\/","name":"Sustainable Educational Products &amp; Ecological Toys\u00a0","description":"Specialised Swiss shop selling sustainable educational toys and games, AMI certified Montessori materials, handmade ecological wooden Waldorf toys and arts &amp; crafts supplies, school supplies, children&#039;s furniture and Montessori reference and parenting books.","publisher":{"@id":"https:\/\/teiaeducation.ch\/de\/#organization"},"alternateName":"Teia Education & Play","potentialAction":[{"@type":"SearchAction","target":{"@type":"EntryPoint","urlTemplate":"https:\/\/teiaeducation.ch\/de\/?s={search_term_string}"},"query-input":{"@type":"PropertyValueSpecification","valueRequired":true,"valueName":"search_term_string"}}],"inLanguage":"de-CH"},{"@type":"Organization","@id":"https:\/\/teiaeducation.ch\/de\/#organization","name":"Teia Education & Play","url":"https:\/\/teiaeducation.ch\/de\/","logo":{"@type":"ImageObject","inLanguage":"de-CH","@id":"https:\/\/teiaeducation.ch\/de\/#\/schema\/logo\/image\/","url":"https:\/\/teiaeducation.ch\/wp-content\/uploads\/2020\/11\/Teia-Education-Switzerland-e1620156442216.jpg","contentUrl":"https:\/\/teiaeducation.ch\/wp-content\/uploads\/2020\/11\/Teia-Education-Switzerland-e1620156442216.jpg","width":166,"height":145,"caption":"Teia Education & Play"},"image":{"@id":"https:\/\/teiaeducation.ch\/de\/#\/schema\/logo\/image\/"},"sameAs":["https:\/\/www.facebook.com\/teiaeducation\/","https:\/\/x.com\/EducationTeia","https:\/\/www.instagram.com\/teia.education\/","https:\/\/www.linkedin.com\/company\/35501660","https:\/\/www.pinterest.ch\/TeiaEducation\/"]}]}},"_links":{"self":[{"href":"https:\/\/teiaeducation.ch\/de\/wp-json\/wp\/v2\/product\/57500","targetHints":{"allow":["GET"]}}],"collection":[{"href":"https:\/\/teiaeducation.ch\/de\/wp-json\/wp\/v2\/product"}],"about":[{"href":"https:\/\/teiaeducation.ch\/de\/wp-json\/wp\/v2\/types\/product"}],"replies":[{"embeddable":true,"href":"https:\/\/teiaeducation.ch\/de\/wp-json\/wp\/v2\/comments?post=57500"}],"wp:featuredmedia":[{"embeddable":true,"href":"https:\/\/teiaeducation.ch\/de\/wp-json\/wp\/v2\/media\/57289"}],"wp:attachment":[{"href":"https:\/\/teiaeducation.ch\/de\/wp-json\/wp\/v2\/media?parent=57500"}],"wp:term":[{"taxonomy":"product_brand","embeddable":true,"href":"https:\/\/teiaeducation.ch\/de\/wp-json\/wp\/v2\/product_brand?post=57500"},{"taxonomy":"product_cat","embeddable":true,"href":"https:\/\/teiaeducation.ch\/de\/wp-json\/wp\/v2\/product_cat?post=57500"},{"taxonomy":"product_tag","embeddable":true,"href":"https:\/\/teiaeducation.ch\/de\/wp-json\/wp\/v2\/product_tag?post=57500"}],"curies":[{"name":"wp","href":"https:\/\/api.w.org\/{rel}","templated":true}]}}