{"id":57523,"date":"2021-01-17T21:25:32","date_gmt":"2021-01-17T20:25:32","guid":{"rendered":"https:\/\/teiaeducation.ch\/product\/sandpapiergrossbuchstaben-lateinische-ausgangsschrift-internationale-version-nienhuis-montessori\/"},"modified":"2023-11-17T09:55:10","modified_gmt":"2023-11-17T08:55:10","slug":"sandpapiergrosbuchstaben-lateinische-ausgangsschrift-internationale-version-nienhuis-montessori","status":"publish","type":"product","link":"https:\/\/teiaeducation.ch\/de\/produkt\/sandpapiergrosbuchstaben-lateinische-ausgangsschrift-internationale-version-nienhuis-montessori\/","title":{"rendered":"Sandpapiergro\u00dfbuchstaben: lateinische Ausgangsschrift (internationale Version) &#8211; Nienhuis Montessori"},"content":{"rendered":"<p>Ein Satz Nienhuis Montessori-Sandpapiergro\u00dfbuchstaben in internationaler Schreibschrift aus dem Sortiment der <a href=\"https:\/\/teiaeducation.ch\/product-category\/brands\/nienhuis-montessori\/language\/\">Sprachmaterialien<\/a>. Die \u00dcbung mit den Sandpapierbuchstaben ist ein Symbol f\u00fcr das Montessori-Klassenzimmer und geh\u00f6rt zu den ersten Schritten eines Kindes auf dem Weg zur Alphabetisierung. Die Sandpapierbuchstaben f\u00fchren die Hand beim <a href=\"https:\/\/teiaeducation.ch\/product-category\/learning-themes\/literacy-language\/learning-to-write\/\">Schreiben<\/a>, da das Kind die Buchstabenformen in der Art und Richtung nachzeichnet, in der sie geschrieben werden, <span class=\"tlid-translation translation\"><span class=\"\" title=\"\">was mit dem H\u00f6ren und Aussprechen des Klangs und dem Sehen des Symbols kombiniert werden sollte<\/span><\/span>.<\/p>\n<p>Jeder Sandpapierbuchstabe der internationalen lateinische Ausgangsschrift ist in Gro\u00dfbuchstaben geschrieben, wobei die Konsonanten auf den Tafeln rosa und die Vokale auf den Tafeln blau gef\u00e4rbt sind. Jede Brett hat auf der linken und rechten Seite eine Aussparung, die das Kind mit einer Hand festhalten kann, w\u00e4hrend es mit der anderen den Buchstaben nachzeichnet.<\/p>\n<p>In der Montessori Lernmethode haben Buchstaben sowohl Laute als auch Namen. Eine Pr\u00e4sentation der Buchstaben f\u00fchrt das Kind durch alle Laute der Buchstaben, gefolgt von der Pr\u00e4sentation des Namens.<\/p>\n<p>Eine <a href=\"https:\/\/teiaeducation.ch\/product\/sandpaper-letters-box-nienhuis-montessori\/\">Holzkiste<\/a> zur Aufbewahrung die internationalen Nienhuis Montessori Druckschrift Sandpapierbuchstaben ist ebenfalls separat erh\u00e4ltlich.<\/p>\n<p>Die Niederl\u00e4ndische Marke <a href=\"https:\/\/teiaeducation.ch\/product-category\/brands\/nienhuis-montessori-educational-materials\/\">Nienhuis Montessori<\/a> ist die weltweit f\u00fchrende Montessori-Marke, die das Erbe von Maria Montessori ehrt und fortf\u00fchrt und das breiteste und innovativste Sortiment an Montessori-Materialien, <a href=\"https:\/\/teiaeducation.ch\/product-category\/classroom-essentials\/montessori-furniture\/\">M\u00f6beln<\/a> und <a href=\"https:\/\/teiaeducation.ch\/product-category\/brands\/nienhuis-montessori-educational-materials\/add-ons\/\">verwandten Produkten<\/a> herstellt. Die hochwertigen Nienhuis Montessori Produkte geben den Kindern die Werkzeuge, die sie brauchen, um Unabhangig und kritisch zu denken. Alle Nienhuis Montessori Materialien sind vom Materialkomitee der Association Montessori Internationale (<a href=\"https:\/\/montessori-ami.org\/\">AMI<\/a>) zertifiziert und werden sorgf\u00e4ltig hergestellt, um Schwierigkeiten zu isolieren, so dass die Kinder sich konzentrieren, lernen und sich entwickeln k\u00f6nnen.<\/p>\n<p>Nienhuis Montessori ist eine der Marken des Niederlandischen Unternehmens Heutink International, das weltweit die besten pedagogischen Marken anbietet, die auf spielerisches Lernen ausgerichtet sind.<\/p>\n<p>Dieses <a href=\"https:\/\/teiaeducation.ch\/product-category\/education-method\/the-montessori-pedagogy-materials-toys\/\">Montessori-Sprachmaterial<\/a> ist f\u00fcr Kinder ab 4 Jahren geeignet.<\/p>\n<p>Inhalt:<\/p>\n<p>26 blau oder rosa gestrichene Sandpapiergro\u00dfbuchstaben: lateinische Ausgangsschrift (internationale Version) montiert auf<\/p>\n<p><em>We currently do not have this item in stock, but it is available on pre-order. We will order this item for you from our supplier. Due to importation from the European Union to Switzerland please allow 2 to maximum 3 weeks for delivery. <\/em><\/p>\n\t<div id=\"gap-1884852617\" class=\"gap-element clearfix\" style=\"display:block; height:auto;\">\n\t\t\n<style>\n#gap-1884852617 {\n  padding-top: 20px;\n}\n<\/style>\n\t<\/div>\n\t\n","protected":false},"excerpt":{"rendered":"<p>Artikelnummer: 005700<\/p>\n<p>Die Gro\u00dfbuchstaben aus Sandpapier von Nienhuis Montessori sind Teil des Sprachmaterials und die Arbeit mit ihnen ist einer der ersten Schritte des Kindes zum Lesen und Schreiben.<\/p>\n","protected":false},"featured_media":57524,"comment_status":"open","ping_status":"closed","template":"","meta":[],"product_brand":[],"product_cat":[21445,21446,21524,21479,21532,21509,21498,21481,21559,21443,21563,21572,21531,21494,21557,21651,21564],"product_tag":[26921,23108,23120,23102,26920,22981,26807,26925,26924,26006],"class_list":{"0":"post-57523","1":"product","2":"type-product","3":"status-publish","4":"has-post-thumbnail","6":"product_cat-3-6-jahre-vorschule","7":"product_cat-6-12-jahre-grundschule","8":"product_cat-alphabetisierung-sprache","9":"product_cat-lernmaterialien-spielzeug-montessori-waldorf-steiner-froebel","10":"product_cat-buchstaben-das-alphabet","11":"product_cat-lernthemen","12":"product_cat-montessori-materialien-fuer-zuhause-schulbedarf-fuer-zuhause","13":"product_cat-montessori-paedagogik-material-spielzeug","14":"product_cat-motorische-fertigkeiten","15":"product_cat-nach-alter","16":"product_cat-neuheiten","17":"product_cat-nienhuis-montessori-schweiz","18":"product_cat-schreiben-lernen","19":"product_cat-schulbedarf-fuer-zuhause","20":"product_cat-sensorische-motorische-fertigkeiten","21":"product_cat-sprache-nienhuis-montessori","22":"product_cat-unsere-marken","23":"product_tag-lesen","24":"product_tag-montessori-kleinkind-3-6","25":"product_tag-montessori-material-schweiz","26":"product_tag-montessori-sinnesmaterial","27":"product_tag-montessori-sprache-de","28":"product_tag-nienhuis-montessori-de","29":"product_tag-nienhuis-montessori-materialien","30":"product_tag-sandpapier-grosbuchstaben-montessori","31":"product_tag-sandpapiergrosbuchstaben-lateinische-ausgangsschrift-internationale-version-nienhuis-montessori","32":"product_tag-sprache","34":"first","35":"onbackorder","36":"sold-individually","37":"taxable","38":"shipping-taxable","39":"purchasable","40":"product-type-simple"},"yoast_head":"<!-- This site is optimized with the Yoast SEO Premium plugin v25.8 (Yoast SEO v27.4) - https:\/\/yoast.com\/product\/yoast-seo-premium-wordpress\/ -->\n<title>Sandpapiergro\u00dfbuchstaben: lateinische Ausgangsschrift (internationale Version) - Nienhuis Montessori<\/title>\n<meta name=\"description\" content=\"Die Nienhuis Montessori Sandpapiergro\u00dfbuchstaben in internationaler Schreibschrift sind Teil des Sprachmaterials und einer der ersten Schritte des Kindes zum Lesen und Schreiben.\" \/>\n<meta name=\"robots\" content=\"index, follow, max-snippet:-1, max-image-preview:large, max-video-preview:-1\" \/>\n<link rel=\"canonical\" href=\"https:\/\/teiaeducation.ch\/de\/produkt\/sandpapiergrosbuchstaben-lateinische-ausgangsschrift-internationale-version-nienhuis-montessori\/\" \/>\n<meta property=\"og:locale\" content=\"de_DE\" \/>\n<meta property=\"og:type\" content=\"article\" \/>\n<meta property=\"og:title\" content=\"Sandpapiergro\u00dfbuchstaben: lateinische Ausgangsschrift (internationale Version) - Nienhuis Montessori\" \/>\n<meta property=\"og:description\" content=\"Die Nienhuis Montessori Sandpapiergro\u00dfbuchstaben in internationaler Schreibschrift sind Teil des Sprachmaterials und einer der ersten Schritte des Kindes zum Lesen und Schreiben.\" \/>\n<meta property=\"og:url\" content=\"https:\/\/teiaeducation.ch\/de\/produkt\/sandpapiergrosbuchstaben-lateinische-ausgangsschrift-internationale-version-nienhuis-montessori\/\" \/>\n<meta property=\"og:site_name\" content=\"Sustainable Educational Products &amp; Ecological Toys\u00a0\" \/>\n<meta property=\"article:publisher\" content=\"https:\/\/www.facebook.com\/teiaeducation\/\" \/>\n<meta property=\"article:modified_time\" content=\"2023-11-17T08:55:10+00:00\" \/>\n<meta property=\"og:image\" content=\"https:\/\/teiaeducation.ch\/wp-content\/uploads\/2019\/05\/400_005700_main_or_1-scaled-scaled.jpg\" \/>\n\t<meta property=\"og:image:width\" content=\"2048\" \/>\n\t<meta property=\"og:image:height\" content=\"2048\" \/>\n\t<meta property=\"og:image:type\" content=\"image\/jpeg\" \/>\n<script type=\"application\/ld+json\" class=\"yoast-schema-graph\">{\"@context\":\"https:\\\/\\\/schema.org\",\"@graph\":[{\"@type\":\"WebPage\",\"@id\":\"https:\\\/\\\/teiaeducation.ch\\\/de\\\/produkt\\\/sandpapiergrosbuchstaben-lateinische-ausgangsschrift-internationale-version-nienhuis-montessori\\\/\",\"url\":\"https:\\\/\\\/teiaeducation.ch\\\/de\\\/produkt\\\/sandpapiergrosbuchstaben-lateinische-ausgangsschrift-internationale-version-nienhuis-montessori\\\/\",\"name\":\"Sandpapiergro\u00dfbuchstaben: lateinische Ausgangsschrift (internationale Version) - Nienhuis Montessori\",\"isPartOf\":{\"@id\":\"https:\\\/\\\/teiaeducation.ch\\\/de\\\/#website\"},\"primaryImageOfPage\":{\"@id\":\"https:\\\/\\\/teiaeducation.ch\\\/de\\\/produkt\\\/sandpapiergrosbuchstaben-lateinische-ausgangsschrift-internationale-version-nienhuis-montessori\\\/#primaryimage\"},\"image\":{\"@id\":\"https:\\\/\\\/teiaeducation.ch\\\/de\\\/produkt\\\/sandpapiergrosbuchstaben-lateinische-ausgangsschrift-internationale-version-nienhuis-montessori\\\/#primaryimage\"},\"thumbnailUrl\":\"https:\\\/\\\/teiaeducation.ch\\\/wp-content\\\/uploads\\\/2019\\\/05\\\/400_005700_main_or_1-scaled-scaled.jpg\",\"datePublished\":\"2021-01-17T20:25:32+00:00\",\"dateModified\":\"2023-11-17T08:55:10+00:00\",\"description\":\"Die Nienhuis Montessori Sandpapiergro\u00dfbuchstaben in internationaler Schreibschrift sind Teil des Sprachmaterials und einer der ersten Schritte des Kindes zum Lesen und Schreiben.\",\"breadcrumb\":{\"@id\":\"https:\\\/\\\/teiaeducation.ch\\\/de\\\/produkt\\\/sandpapiergrosbuchstaben-lateinische-ausgangsschrift-internationale-version-nienhuis-montessori\\\/#breadcrumb\"},\"inLanguage\":\"de-CH\",\"potentialAction\":[{\"@type\":\"ReadAction\",\"target\":[\"https:\\\/\\\/teiaeducation.ch\\\/de\\\/produkt\\\/sandpapiergrosbuchstaben-lateinische-ausgangsschrift-internationale-version-nienhuis-montessori\\\/\"]}]},{\"@type\":\"ImageObject\",\"inLanguage\":\"de-CH\",\"@id\":\"https:\\\/\\\/teiaeducation.ch\\\/de\\\/produkt\\\/sandpapiergrosbuchstaben-lateinische-ausgangsschrift-internationale-version-nienhuis-montessori\\\/#primaryimage\",\"url\":\"https:\\\/\\\/teiaeducation.ch\\\/wp-content\\\/uploads\\\/2019\\\/05\\\/400_005700_main_or_1-scaled-scaled.jpg\",\"contentUrl\":\"https:\\\/\\\/teiaeducation.ch\\\/wp-content\\\/uploads\\\/2019\\\/05\\\/400_005700_main_or_1-scaled-scaled.jpg\",\"width\":2048,\"height\":2048,\"caption\":\"Sandpapiergro\u00dfbuchstaben: lateinische Ausgangsschrift (internationale Version) - Nienhuis Montessori\"},{\"@type\":\"BreadcrumbList\",\"@id\":\"https:\\\/\\\/teiaeducation.ch\\\/de\\\/produkt\\\/sandpapiergrosbuchstaben-lateinische-ausgangsschrift-internationale-version-nienhuis-montessori\\\/#breadcrumb\",\"itemListElement\":[{\"@type\":\"ListItem\",\"position\":1,\"name\":\"Home\",\"item\":\"https:\\\/\\\/teiaeducation.ch\\\/de\\\/\"},{\"@type\":\"ListItem\",\"position\":2,\"name\":\"Laden\",\"item\":\"https:\\\/\\\/teiaeducation.ch\\\/de\\\/shop\\\/\"},{\"@type\":\"ListItem\",\"position\":3,\"name\":\"Unsere Marken\",\"item\":\"https:\\\/\\\/teiaeducation.ch\\\/de\\\/produkt-kategorie\\\/unsere-marken\\\/\"},{\"@type\":\"ListItem\",\"position\":4,\"name\":\"Nienhuis Montessori Schweiz\",\"item\":\"https:\\\/\\\/teiaeducation.ch\\\/de\\\/produkt-kategorie\\\/unsere-marken\\\/nienhuis-montessori-schweiz\\\/\"},{\"@type\":\"ListItem\",\"position\":5,\"name\":\"Sprachmaterial\",\"item\":\"https:\\\/\\\/teiaeducation.ch\\\/de\\\/produkt-kategorie\\\/unsere-marken\\\/nienhuis-montessori-schweiz\\\/sprache-nienhuis-montessori\\\/\"},{\"@type\":\"ListItem\",\"position\":6,\"name\":\"Sandpapiergro\u00dfbuchstaben: lateinische Ausgangsschrift (internationale Version) &#8211; Nienhuis Montessori\"}]},{\"@type\":\"WebSite\",\"@id\":\"https:\\\/\\\/teiaeducation.ch\\\/de\\\/#website\",\"url\":\"https:\\\/\\\/teiaeducation.ch\\\/de\\\/\",\"name\":\"Sustainable Educational Products &amp; Ecological Toys\u00a0\",\"description\":\"Specialised Swiss shop selling sustainable educational toys and games, AMI certified Montessori materials, handmade ecological wooden Waldorf toys and arts &amp; crafts supplies, school supplies, children&#039;s furniture and Montessori reference and parenting books.\",\"publisher\":{\"@id\":\"https:\\\/\\\/teiaeducation.ch\\\/de\\\/#organization\"},\"alternateName\":\"Teia Education & Play\",\"potentialAction\":[{\"@type\":\"SearchAction\",\"target\":{\"@type\":\"EntryPoint\",\"urlTemplate\":\"https:\\\/\\\/teiaeducation.ch\\\/de\\\/?s={search_term_string}\"},\"query-input\":{\"@type\":\"PropertyValueSpecification\",\"valueRequired\":true,\"valueName\":\"search_term_string\"}}],\"inLanguage\":\"de-CH\"},{\"@type\":\"Organization\",\"@id\":\"https:\\\/\\\/teiaeducation.ch\\\/de\\\/#organization\",\"name\":\"Teia Education & Play\",\"url\":\"https:\\\/\\\/teiaeducation.ch\\\/de\\\/\",\"logo\":{\"@type\":\"ImageObject\",\"inLanguage\":\"de-CH\",\"@id\":\"https:\\\/\\\/teiaeducation.ch\\\/de\\\/#\\\/schema\\\/logo\\\/image\\\/\",\"url\":\"https:\\\/\\\/teiaeducation.ch\\\/wp-content\\\/uploads\\\/2020\\\/11\\\/Teia-Education-Switzerland-e1620156442216.jpg\",\"contentUrl\":\"https:\\\/\\\/teiaeducation.ch\\\/wp-content\\\/uploads\\\/2020\\\/11\\\/Teia-Education-Switzerland-e1620156442216.jpg\",\"width\":166,\"height\":145,\"caption\":\"Teia Education & Play\"},\"image\":{\"@id\":\"https:\\\/\\\/teiaeducation.ch\\\/de\\\/#\\\/schema\\\/logo\\\/image\\\/\"},\"sameAs\":[\"https:\\\/\\\/www.facebook.com\\\/teiaeducation\\\/\",\"https:\\\/\\\/x.com\\\/EducationTeia\",\"https:\\\/\\\/www.instagram.com\\\/teia.education\\\/\",\"https:\\\/\\\/www.linkedin.com\\\/company\\\/35501660\",\"https:\\\/\\\/www.pinterest.ch\\\/TeiaEducation\\\/\"]}]}<\/script>\n<meta property=\"product:price:amount\" content=\"166.90\" \/>\n<meta property=\"product:price:currency\" content=\"CHF\" \/>\n<meta property=\"og:availability\" content=\"backorder\" \/>\n<meta property=\"product:availability\" content=\"available for order\" \/>\n<meta property=\"product:retailer_item_id\" content=\"85ecd08c45d0\" \/>\n<meta property=\"product:condition\" content=\"new\" \/>\n<!-- \/ Yoast SEO Premium plugin. -->","yoast_head_json":{"title":"Sandpapiergro\u00dfbuchstaben: lateinische Ausgangsschrift (internationale Version) - Nienhuis Montessori","description":"Die Nienhuis Montessori Sandpapiergro\u00dfbuchstaben in internationaler Schreibschrift sind Teil des Sprachmaterials und einer der ersten Schritte des Kindes zum Lesen und Schreiben.","robots":{"index":"index","follow":"follow","max-snippet":"max-snippet:-1","max-image-preview":"max-image-preview:large","max-video-preview":"max-video-preview:-1"},"canonical":"https:\/\/teiaeducation.ch\/de\/produkt\/sandpapiergrosbuchstaben-lateinische-ausgangsschrift-internationale-version-nienhuis-montessori\/","og_locale":"de_DE","og_type":"article","og_title":"Sandpapiergro\u00dfbuchstaben: lateinische Ausgangsschrift (internationale Version) - Nienhuis Montessori","og_description":"Die Nienhuis Montessori Sandpapiergro\u00dfbuchstaben in internationaler Schreibschrift sind Teil des Sprachmaterials und einer der ersten Schritte des Kindes zum Lesen und Schreiben.","og_url":"https:\/\/teiaeducation.ch\/de\/produkt\/sandpapiergrosbuchstaben-lateinische-ausgangsschrift-internationale-version-nienhuis-montessori\/","og_site_name":"Sustainable Educational Products &amp; Ecological Toys\u00a0","article_publisher":"https:\/\/www.facebook.com\/teiaeducation\/","article_modified_time":"2023-11-17T08:55:10+00:00","og_image":[{"width":2048,"height":2048,"url":"https:\/\/teiaeducation.ch\/wp-content\/uploads\/2019\/05\/400_005700_main_or_1-scaled-scaled.jpg","type":"image\/jpeg"}],"schema":{"@context":"https:\/\/schema.org","@graph":[{"@type":"WebPage","@id":"https:\/\/teiaeducation.ch\/de\/produkt\/sandpapiergrosbuchstaben-lateinische-ausgangsschrift-internationale-version-nienhuis-montessori\/","url":"https:\/\/teiaeducation.ch\/de\/produkt\/sandpapiergrosbuchstaben-lateinische-ausgangsschrift-internationale-version-nienhuis-montessori\/","name":"Sandpapiergro\u00dfbuchstaben: lateinische Ausgangsschrift (internationale Version) - Nienhuis Montessori","isPartOf":{"@id":"https:\/\/teiaeducation.ch\/de\/#website"},"primaryImageOfPage":{"@id":"https:\/\/teiaeducation.ch\/de\/produkt\/sandpapiergrosbuchstaben-lateinische-ausgangsschrift-internationale-version-nienhuis-montessori\/#primaryimage"},"image":{"@id":"https:\/\/teiaeducation.ch\/de\/produkt\/sandpapiergrosbuchstaben-lateinische-ausgangsschrift-internationale-version-nienhuis-montessori\/#primaryimage"},"thumbnailUrl":"https:\/\/teiaeducation.ch\/wp-content\/uploads\/2019\/05\/400_005700_main_or_1-scaled-scaled.jpg","datePublished":"2021-01-17T20:25:32+00:00","dateModified":"2023-11-17T08:55:10+00:00","description":"Die Nienhuis Montessori Sandpapiergro\u00dfbuchstaben in internationaler Schreibschrift sind Teil des Sprachmaterials und einer der ersten Schritte des Kindes zum Lesen und Schreiben.","breadcrumb":{"@id":"https:\/\/teiaeducation.ch\/de\/produkt\/sandpapiergrosbuchstaben-lateinische-ausgangsschrift-internationale-version-nienhuis-montessori\/#breadcrumb"},"inLanguage":"de-CH","potentialAction":[{"@type":"ReadAction","target":["https:\/\/teiaeducation.ch\/de\/produkt\/sandpapiergrosbuchstaben-lateinische-ausgangsschrift-internationale-version-nienhuis-montessori\/"]}]},{"@type":"ImageObject","inLanguage":"de-CH","@id":"https:\/\/teiaeducation.ch\/de\/produkt\/sandpapiergrosbuchstaben-lateinische-ausgangsschrift-internationale-version-nienhuis-montessori\/#primaryimage","url":"https:\/\/teiaeducation.ch\/wp-content\/uploads\/2019\/05\/400_005700_main_or_1-scaled-scaled.jpg","contentUrl":"https:\/\/teiaeducation.ch\/wp-content\/uploads\/2019\/05\/400_005700_main_or_1-scaled-scaled.jpg","width":2048,"height":2048,"caption":"Sandpapiergro\u00dfbuchstaben: lateinische Ausgangsschrift (internationale Version) - Nienhuis Montessori"},{"@type":"BreadcrumbList","@id":"https:\/\/teiaeducation.ch\/de\/produkt\/sandpapiergrosbuchstaben-lateinische-ausgangsschrift-internationale-version-nienhuis-montessori\/#breadcrumb","itemListElement":[{"@type":"ListItem","position":1,"name":"Home","item":"https:\/\/teiaeducation.ch\/de\/"},{"@type":"ListItem","position":2,"name":"Laden","item":"https:\/\/teiaeducation.ch\/de\/shop\/"},{"@type":"ListItem","position":3,"name":"Unsere Marken","item":"https:\/\/teiaeducation.ch\/de\/produkt-kategorie\/unsere-marken\/"},{"@type":"ListItem","position":4,"name":"Nienhuis Montessori Schweiz","item":"https:\/\/teiaeducation.ch\/de\/produkt-kategorie\/unsere-marken\/nienhuis-montessori-schweiz\/"},{"@type":"ListItem","position":5,"name":"Sprachmaterial","item":"https:\/\/teiaeducation.ch\/de\/produkt-kategorie\/unsere-marken\/nienhuis-montessori-schweiz\/sprache-nienhuis-montessori\/"},{"@type":"ListItem","position":6,"name":"Sandpapiergro\u00dfbuchstaben: lateinische Ausgangsschrift (internationale Version) &#8211; Nienhuis Montessori"}]},{"@type":"WebSite","@id":"https:\/\/teiaeducation.ch\/de\/#website","url":"https:\/\/teiaeducation.ch\/de\/","name":"Sustainable Educational Products &amp; Ecological Toys\u00a0","description":"Specialised Swiss shop selling sustainable educational toys and games, AMI certified Montessori materials, handmade ecological wooden Waldorf toys and arts &amp; crafts supplies, school supplies, children&#039;s furniture and Montessori reference and parenting books.","publisher":{"@id":"https:\/\/teiaeducation.ch\/de\/#organization"},"alternateName":"Teia Education & Play","potentialAction":[{"@type":"SearchAction","target":{"@type":"EntryPoint","urlTemplate":"https:\/\/teiaeducation.ch\/de\/?s={search_term_string}"},"query-input":{"@type":"PropertyValueSpecification","valueRequired":true,"valueName":"search_term_string"}}],"inLanguage":"de-CH"},{"@type":"Organization","@id":"https:\/\/teiaeducation.ch\/de\/#organization","name":"Teia Education & Play","url":"https:\/\/teiaeducation.ch\/de\/","logo":{"@type":"ImageObject","inLanguage":"de-CH","@id":"https:\/\/teiaeducation.ch\/de\/#\/schema\/logo\/image\/","url":"https:\/\/teiaeducation.ch\/wp-content\/uploads\/2020\/11\/Teia-Education-Switzerland-e1620156442216.jpg","contentUrl":"https:\/\/teiaeducation.ch\/wp-content\/uploads\/2020\/11\/Teia-Education-Switzerland-e1620156442216.jpg","width":166,"height":145,"caption":"Teia Education & Play"},"image":{"@id":"https:\/\/teiaeducation.ch\/de\/#\/schema\/logo\/image\/"},"sameAs":["https:\/\/www.facebook.com\/teiaeducation\/","https:\/\/x.com\/EducationTeia","https:\/\/www.instagram.com\/teia.education\/","https:\/\/www.linkedin.com\/company\/35501660","https:\/\/www.pinterest.ch\/TeiaEducation\/"]}]},"product_price_amount":"166.90","product_price_currency":"CHF","og_availability":"backorder","product_availability":"available for order","product_retailer_item_id":"85ecd08c45d0","product_condition":"new"},"_links":{"self":[{"href":"https:\/\/teiaeducation.ch\/de\/wp-json\/wp\/v2\/product\/57523","targetHints":{"allow":["GET"]}}],"collection":[{"href":"https:\/\/teiaeducation.ch\/de\/wp-json\/wp\/v2\/product"}],"about":[{"href":"https:\/\/teiaeducation.ch\/de\/wp-json\/wp\/v2\/types\/product"}],"replies":[{"embeddable":true,"href":"https:\/\/teiaeducation.ch\/de\/wp-json\/wp\/v2\/comments?post=57523"}],"wp:featuredmedia":[{"embeddable":true,"href":"https:\/\/teiaeducation.ch\/de\/wp-json\/wp\/v2\/media\/57524"}],"wp:attachment":[{"href":"https:\/\/teiaeducation.ch\/de\/wp-json\/wp\/v2\/media?parent=57523"}],"wp:term":[{"taxonomy":"product_brand","embeddable":true,"href":"https:\/\/teiaeducation.ch\/de\/wp-json\/wp\/v2\/product_brand?post=57523"},{"taxonomy":"product_cat","embeddable":true,"href":"https:\/\/teiaeducation.ch\/de\/wp-json\/wp\/v2\/product_cat?post=57523"},{"taxonomy":"product_tag","embeddable":true,"href":"https:\/\/teiaeducation.ch\/de\/wp-json\/wp\/v2\/product_tag?post=57523"}],"curies":[{"name":"wp","href":"https:\/\/api.w.org\/{rel}","templated":true}]}}