{"id":57545,"date":"2023-11-14T13:12:14","date_gmt":"2023-11-14T12:12:14","guid":{"rendered":"https:\/\/teiaeducation.ch\/product\/montessori-schraubenbrett-threewood\/"},"modified":"2026-02-16T10:32:19","modified_gmt":"2026-02-16T09:32:19","slug":"montessori-schraubenbrett-threewood","status":"publish","type":"product","link":"https:\/\/teiaeducation.ch\/de\/produkt\/montessori-schraubenbrett-threewood\/","title":{"rendered":"Montessori Schraubenbrett &#8211; Threewood"},"content":{"rendered":"<p>Das Schraubenbrett von Threewood ist ein wunderbares, handgefertigtes, von <a href=\"https:\/\/teiaeducation.ch\/product-category\/hgh-quality-toys-play\/montessori-toys\/\">Montessori<\/a> inspiriertes, sensorisches Lernspielzeug f\u00fcr kleine Kinder &#8211; das Arbeiten mit diesem handgefertigten Schraubenbrett aus Holz f\u00f6rdert die <a href=\"https:\/\/teiaeducation.ch\/product-category\/learning-themes\/sensory-motor-skills\/motor-skills\/\">Feinmotorik<\/a>!<\/p>\n<p>Die Kinder werden viel Spa\u00df dabei haben, selbstst\u00e4ndig reale <span class=\"a-list-item\">Herausforderungen<\/span> zu l\u00f6sen, indem sie sicher \u00fcben das Einsetzen, Entfernen und Wiedereinsetzen der verschiedenen Schrauben und Muttern auf dem Brett. Die Kinder k\u00f6nnen dem mitgelieferten Schraubendreher verwenden, aber auch ihre Finger benutzen und ihre Handgelenke und H\u00e4nde als Vorbereitung auf das <a href=\"https:\/\/teiaeducation.ch\/product-category\/learning-themes\/literacy-language\/learning-to-write\/\">Schreiben<\/a> st\u00e4rken!<\/p>\n<p>Mit diesem durchdachten und liebevoll gestalteten Lernspielzeug, das sich perfekt f\u00fcr das <a href=\"https:\/\/teiaeducation.ch\/product-category\/homeschool-supplies\/montessori-homeschool-materials\/\">Montessori<\/a>-Lernen und -Spielen zu Hause eignet, wird Lernen zu einem unterhaltsamen und praktischen Spiel.<\/p>\n<p>Das Schraubenbrett wird von Hand aus nat\u00fcrlichem massivem Eichenholz gefertigt und mit Natur\u00f6l behandelt. Es misst 9,5 x 26,5 x 3,6 cm. Das Set enth\u00e4lt 8 verschiedene Schrauben und Muttern &#8211; 5 f\u00fcr die Verwendung mit dem Schraubendreher und 3 f\u00fcr die Verwendung mit den Fingern, 3 Schraubenringe und 1 Schraubendreher.<\/p>\n<p>Dieses komplette Threewood Montessori Schraubenbrett Set wird in der Ukraine von Hand gefertigt und ist f\u00fcr Kinder ab 3 Jahren geeignet.<\/p>\n<p>Inhalt:<\/p>\n<p>1 Holzbrett (9.5 x 26.5 x 3.6 cm)<br \/>\n8 Muttern und Bolzen<br \/>\n3 Schraubenringe<br \/>\n1 Schraubendreher<br \/>\n1 Leinenbeutel zur Aufbewahrung<\/p>\n<h2>\u00dcber Threewood<\/h2>\n<p><a href=\"https:\/\/teiaeducation.ch\/product-category\/brands\/threewood\/\">Threewood<\/a> ist ein ukrainisches Ehepaar, Yuriy und Olga, das erstaunliche handgefertigte <a href=\"https:\/\/teiaeducation.ch\/product-category\/learning-themes\/\">Lernspielzeuge<\/a> und Materialien herstellt, die von der <a href=\"https:\/\/teiaeducation.ch\/product-category\/education-method\/the-montessori-pedagogy-materials-toys\/\">Montessori<\/a> P\u00e4dagogik inspiriert sind. Der Name Threewood steht f\u00fcr ihre drei Kinder und die Leidenschaft f\u00fcr die Arbeit mit Holz, die Yuriy von seinem Vater und Gro\u00dfvater geerbt hat.<\/p>\n<p>Diese <a href=\"https:\/\/teiaeducation.ch\/product-category\/hgh-quality-toys-play\/handmade-wooden-toys\/\">handgefertigten Holzspielzeuge<\/a> sind meist aus Eichenholz hergestellt und von h\u00f6chster Qualit\u00e4t und Design. Sie versprechen Langlebigkeit und spielerisches Lernen f\u00fcr Generationen!<\/p>\n","protected":false},"excerpt":{"rendered":"<p>Artikelnummer: TW0026<\/p>\n<p>Das Schraubenbrett aus Holz von Threewood ist ein handgefertigtes, von Montessori inspiriertes, sensorisches Lernspielzeug, das die Feinmotorik f\u00f6rdert!<\/p>\n","protected":false},"featured_media":57280,"comment_status":"open","ping_status":"closed","template":"","meta":[],"product_brand":[],"product_cat":[21445,21446,21479,21487,21491,21484,23075,21509,21498,21481,22182,21559,21443,21563,21494,21495,21557,21697,21678,21672,21482,21556,21564],"product_tag":[26886,26880,26882,26884,26937,26938,26940,26939,26942,26893,26941,26879],"class_list":{"0":"post-57545","1":"product","2":"type-product","3":"status-publish","4":"has-post-thumbnail","6":"product_cat-3-6-jahre-vorschule","7":"product_cat-6-12-jahre-grundschule","8":"product_cat-lernmaterialien-spielzeug-montessori-waldorf-steiner-froebel","9":"product_cat-geschenk-guide-3-6-jahre-vorschule","10":"product_cat-geschenk-guide-lerngeschenke","11":"product_cat-geschenk-guides","12":"product_cat-handgefertigtes-holzspielzeug","13":"product_cat-lernthemen","14":"product_cat-montessori-materialien-fuer-zuhause-schulbedarf-fuer-zuhause","15":"product_cat-montessori-paedagogik-material-spielzeug","16":"product_cat-montessori-spielzeug","17":"product_cat-motorische-fertigkeiten","18":"product_cat-nach-alter","19":"product_cat-neuheiten","20":"product_cat-schulbedarf-fuer-zuhause","21":"product_cat-schulbedarf-fuer-zuhause-3-6-jahre","22":"product_cat-sensorische-motorische-fertigkeiten","23":"product_cat-sortieren","24":"product_cat-kinder-spielzeug","25":"product_cat-threewood-de","26":"product_cat-traditionelle-bildung","27":"product_cat-uebungen-des-praktischen-lebens","28":"product_cat-unsere-marken","29":"product_tag-handgefertigte-montessori-lernspielzeug","30":"product_tag-handgefertigtes-lernspielzeug-aus-holz","31":"product_tag-hergestellt-in-der-ukraine","32":"product_tag-montessori-inspiriertes-lernspielzeug","33":"product_tag-montessori-inspiriertes-lernspielzeug-fur-das-praktische-leben","34":"product_tag-montessori-inspiriertes-lernspielzeug-fur-motorische-fahigkeiten","35":"product_tag-montessori-schraubenbrett","36":"product_tag-montessori-schraubenbrett-threewood","37":"product_tag-praktisches-leben-schraubbrett-montessori","38":"product_tag-threewood-montessori-inspiriertes-spielzeug","39":"product_tag-threewood-montessori-schraubenbrett","40":"product_tag-threewood-montessori-spielzeug","42":"first","43":"instock","44":"taxable","45":"shipping-taxable","46":"purchasable","47":"product-type-simple"},"yoast_head":"<!-- This site is optimized with the Yoast SEO plugin v27.1.1 - https:\/\/yoast.com\/product\/yoast-seo-wordpress\/ -->\n<title>Montessori Schraubenbrett - Threewood - Teia Education &amp; Play<\/title>\n<meta name=\"description\" content=\"Das Schraubenbrett von Threewood ist ein handgefertigtes, von Montessori inspiriertes, sensorisches Lernspielzeug, das die Feinmotorik f\u00f6rdert.\" \/>\n<meta name=\"robots\" content=\"index, follow, max-snippet:-1, max-image-preview:large, max-video-preview:-1\" \/>\n<link rel=\"canonical\" href=\"https:\/\/teiaeducation.ch\/de\/produkt\/montessori-schraubenbrett-threewood\/\" \/>\n<meta property=\"og:locale\" content=\"de_DE\" \/>\n<meta property=\"og:type\" content=\"article\" \/>\n<meta property=\"og:title\" content=\"Montessori Schraubenbrett - Threewood - Teia Education &amp; Play\" \/>\n<meta property=\"og:description\" content=\"Das Schraubenbrett von Threewood ist ein handgefertigtes, von Montessori inspiriertes, sensorisches Lernspielzeug, das die Feinmotorik f\u00f6rdert.\" \/>\n<meta property=\"og:url\" content=\"https:\/\/teiaeducation.ch\/de\/produkt\/montessori-schraubenbrett-threewood\/\" \/>\n<meta property=\"og:site_name\" content=\"Sustainable Educational Products &amp; Ecological Toys\u00a0\" \/>\n<meta property=\"article:publisher\" content=\"https:\/\/www.facebook.com\/teiaeducation\/\" \/>\n<meta property=\"article:modified_time\" content=\"2026-02-16T09:32:19+00:00\" \/>\n<meta property=\"og:image\" content=\"https:\/\/teiaeducation.ch\/wp-content\/uploads\/2023\/11\/Montessori-screw-board-oak-wood-Threewood-1-2.jpg\" \/>\n\t<meta property=\"og:image:width\" content=\"1764\" \/>\n\t<meta property=\"og:image:height\" content=\"1120\" \/>\n\t<meta property=\"og:image:type\" content=\"image\/jpeg\" \/>\n<script type=\"application\/ld+json\" class=\"yoast-schema-graph\">{\"@context\":\"https:\/\/schema.org\",\"@graph\":[{\"@type\":\"WebPage\",\"@id\":\"https:\/\/teiaeducation.ch\/de\/produkt\/montessori-schraubenbrett-threewood\/\",\"url\":\"https:\/\/teiaeducation.ch\/de\/produkt\/montessori-schraubenbrett-threewood\/\",\"name\":\"Montessori Schraubenbrett - Threewood - Teia Education & Play\",\"isPartOf\":{\"@id\":\"https:\/\/teiaeducation.ch\/de\/#website\"},\"primaryImageOfPage\":{\"@id\":\"https:\/\/teiaeducation.ch\/de\/produkt\/montessori-schraubenbrett-threewood\/#primaryimage\"},\"image\":{\"@id\":\"https:\/\/teiaeducation.ch\/de\/produkt\/montessori-schraubenbrett-threewood\/#primaryimage\"},\"thumbnailUrl\":\"https:\/\/teiaeducation.ch\/wp-content\/uploads\/2023\/11\/Montessori-screw-board-oak-wood-Threewood-1-2.jpg\",\"datePublished\":\"2023-11-14T12:12:14+00:00\",\"dateModified\":\"2026-02-16T09:32:19+00:00\",\"description\":\"Das Schraubenbrett von Threewood ist ein handgefertigtes, von Montessori inspiriertes, sensorisches Lernspielzeug, das die Feinmotorik f\u00f6rdert.\",\"breadcrumb\":{\"@id\":\"https:\/\/teiaeducation.ch\/de\/produkt\/montessori-schraubenbrett-threewood\/#breadcrumb\"},\"inLanguage\":\"de-CH\",\"potentialAction\":[{\"@type\":\"ReadAction\",\"target\":[\"https:\/\/teiaeducation.ch\/de\/produkt\/montessori-schraubenbrett-threewood\/\"]}]},{\"@type\":\"ImageObject\",\"inLanguage\":\"de-CH\",\"@id\":\"https:\/\/teiaeducation.ch\/de\/produkt\/montessori-schraubenbrett-threewood\/#primaryimage\",\"url\":\"https:\/\/teiaeducation.ch\/wp-content\/uploads\/2023\/11\/Montessori-screw-board-oak-wood-Threewood-1-2.jpg\",\"contentUrl\":\"https:\/\/teiaeducation.ch\/wp-content\/uploads\/2023\/11\/Montessori-screw-board-oak-wood-Threewood-1-2.jpg\",\"width\":1764,\"height\":1120,\"caption\":\"Schraubenbrett Threewood Montessori inspiriertes sensorisches Lernspielzeug\"},{\"@type\":\"BreadcrumbList\",\"@id\":\"https:\/\/teiaeducation.ch\/de\/produkt\/montessori-schraubenbrett-threewood\/#breadcrumb\",\"itemListElement\":[{\"@type\":\"ListItem\",\"position\":1,\"name\":\"Home\",\"item\":\"https:\/\/teiaeducation.ch\/de\/\"},{\"@type\":\"ListItem\",\"position\":2,\"name\":\"Laden\",\"item\":\"https:\/\/teiaeducation.ch\/de\/shop\/\"},{\"@type\":\"ListItem\",\"position\":3,\"name\":\"Unsere Marken\",\"item\":\"https:\/\/teiaeducation.ch\/de\/produkt-kategorie\/unsere-marken\/\"},{\"@type\":\"ListItem\",\"position\":4,\"name\":\"Threewood\",\"item\":\"https:\/\/teiaeducation.ch\/de\/produkt-kategorie\/unsere-marken\/threewood-de\/\"},{\"@type\":\"ListItem\",\"position\":5,\"name\":\"Montessori Schraubenbrett &#8211; Threewood\"}]},{\"@type\":\"WebSite\",\"@id\":\"https:\/\/teiaeducation.ch\/de\/#website\",\"url\":\"https:\/\/teiaeducation.ch\/de\/\",\"name\":\"Sustainable Educational Products &amp; Ecological Toys\u00a0\",\"description\":\"Specialised Swiss shop selling sustainable educational toys and games, AMI certified Montessori materials, handmade ecological wooden Waldorf toys and arts &amp; crafts supplies, school supplies, children&#039;s furniture and Montessori reference and parenting books.\",\"publisher\":{\"@id\":\"https:\/\/teiaeducation.ch\/de\/#organization\"},\"alternateName\":\"Teia Education & Play\",\"potentialAction\":[{\"@type\":\"SearchAction\",\"target\":{\"@type\":\"EntryPoint\",\"urlTemplate\":\"https:\/\/teiaeducation.ch\/de\/?s={search_term_string}\"},\"query-input\":{\"@type\":\"PropertyValueSpecification\",\"valueRequired\":true,\"valueName\":\"search_term_string\"}}],\"inLanguage\":\"de-CH\"},{\"@type\":\"Organization\",\"@id\":\"https:\/\/teiaeducation.ch\/de\/#organization\",\"name\":\"Teia Education & Play\",\"url\":\"https:\/\/teiaeducation.ch\/de\/\",\"logo\":{\"@type\":\"ImageObject\",\"inLanguage\":\"de-CH\",\"@id\":\"https:\/\/teiaeducation.ch\/de\/#\/schema\/logo\/image\/\",\"url\":\"https:\/\/teiaeducation.ch\/wp-content\/uploads\/2020\/11\/Teia-Education-Switzerland-e1620156442216.jpg\",\"contentUrl\":\"https:\/\/teiaeducation.ch\/wp-content\/uploads\/2020\/11\/Teia-Education-Switzerland-e1620156442216.jpg\",\"width\":166,\"height\":145,\"caption\":\"Teia Education & Play\"},\"image\":{\"@id\":\"https:\/\/teiaeducation.ch\/de\/#\/schema\/logo\/image\/\"},\"sameAs\":[\"https:\/\/www.facebook.com\/teiaeducation\/\",\"https:\/\/x.com\/EducationTeia\",\"https:\/\/www.instagram.com\/teia.education\/\",\"https:\/\/www.linkedin.com\/company\/35501660\",\"https:\/\/www.pinterest.ch\/TeiaEducation\/\"]}]}<\/script>\n<!-- \/ Yoast SEO plugin. -->","yoast_head_json":{"title":"Montessori Schraubenbrett - Threewood - Teia Education & Play","description":"Das Schraubenbrett von Threewood ist ein handgefertigtes, von Montessori inspiriertes, sensorisches Lernspielzeug, das die Feinmotorik f\u00f6rdert.","robots":{"index":"index","follow":"follow","max-snippet":"max-snippet:-1","max-image-preview":"max-image-preview:large","max-video-preview":"max-video-preview:-1"},"canonical":"https:\/\/teiaeducation.ch\/de\/produkt\/montessori-schraubenbrett-threewood\/","og_locale":"de_DE","og_type":"article","og_title":"Montessori Schraubenbrett - Threewood - Teia Education & Play","og_description":"Das Schraubenbrett von Threewood ist ein handgefertigtes, von Montessori inspiriertes, sensorisches Lernspielzeug, das die Feinmotorik f\u00f6rdert.","og_url":"https:\/\/teiaeducation.ch\/de\/produkt\/montessori-schraubenbrett-threewood\/","og_site_name":"Sustainable Educational Products &amp; Ecological Toys\u00a0","article_publisher":"https:\/\/www.facebook.com\/teiaeducation\/","article_modified_time":"2026-02-16T09:32:19+00:00","og_image":[{"width":1764,"height":1120,"url":"https:\/\/teiaeducation.ch\/wp-content\/uploads\/2023\/11\/Montessori-screw-board-oak-wood-Threewood-1-2.jpg","type":"image\/jpeg"}],"schema":{"@context":"https:\/\/schema.org","@graph":[{"@type":"WebPage","@id":"https:\/\/teiaeducation.ch\/de\/produkt\/montessori-schraubenbrett-threewood\/","url":"https:\/\/teiaeducation.ch\/de\/produkt\/montessori-schraubenbrett-threewood\/","name":"Montessori Schraubenbrett - Threewood - Teia Education & Play","isPartOf":{"@id":"https:\/\/teiaeducation.ch\/de\/#website"},"primaryImageOfPage":{"@id":"https:\/\/teiaeducation.ch\/de\/produkt\/montessori-schraubenbrett-threewood\/#primaryimage"},"image":{"@id":"https:\/\/teiaeducation.ch\/de\/produkt\/montessori-schraubenbrett-threewood\/#primaryimage"},"thumbnailUrl":"https:\/\/teiaeducation.ch\/wp-content\/uploads\/2023\/11\/Montessori-screw-board-oak-wood-Threewood-1-2.jpg","datePublished":"2023-11-14T12:12:14+00:00","dateModified":"2026-02-16T09:32:19+00:00","description":"Das Schraubenbrett von Threewood ist ein handgefertigtes, von Montessori inspiriertes, sensorisches Lernspielzeug, das die Feinmotorik f\u00f6rdert.","breadcrumb":{"@id":"https:\/\/teiaeducation.ch\/de\/produkt\/montessori-schraubenbrett-threewood\/#breadcrumb"},"inLanguage":"de-CH","potentialAction":[{"@type":"ReadAction","target":["https:\/\/teiaeducation.ch\/de\/produkt\/montessori-schraubenbrett-threewood\/"]}]},{"@type":"ImageObject","inLanguage":"de-CH","@id":"https:\/\/teiaeducation.ch\/de\/produkt\/montessori-schraubenbrett-threewood\/#primaryimage","url":"https:\/\/teiaeducation.ch\/wp-content\/uploads\/2023\/11\/Montessori-screw-board-oak-wood-Threewood-1-2.jpg","contentUrl":"https:\/\/teiaeducation.ch\/wp-content\/uploads\/2023\/11\/Montessori-screw-board-oak-wood-Threewood-1-2.jpg","width":1764,"height":1120,"caption":"Schraubenbrett Threewood Montessori inspiriertes sensorisches Lernspielzeug"},{"@type":"BreadcrumbList","@id":"https:\/\/teiaeducation.ch\/de\/produkt\/montessori-schraubenbrett-threewood\/#breadcrumb","itemListElement":[{"@type":"ListItem","position":1,"name":"Home","item":"https:\/\/teiaeducation.ch\/de\/"},{"@type":"ListItem","position":2,"name":"Laden","item":"https:\/\/teiaeducation.ch\/de\/shop\/"},{"@type":"ListItem","position":3,"name":"Unsere Marken","item":"https:\/\/teiaeducation.ch\/de\/produkt-kategorie\/unsere-marken\/"},{"@type":"ListItem","position":4,"name":"Threewood","item":"https:\/\/teiaeducation.ch\/de\/produkt-kategorie\/unsere-marken\/threewood-de\/"},{"@type":"ListItem","position":5,"name":"Montessori Schraubenbrett &#8211; Threewood"}]},{"@type":"WebSite","@id":"https:\/\/teiaeducation.ch\/de\/#website","url":"https:\/\/teiaeducation.ch\/de\/","name":"Sustainable Educational Products &amp; Ecological Toys\u00a0","description":"Specialised Swiss shop selling sustainable educational toys and games, AMI certified Montessori materials, handmade ecological wooden Waldorf toys and arts &amp; crafts supplies, school supplies, children&#039;s furniture and Montessori reference and parenting books.","publisher":{"@id":"https:\/\/teiaeducation.ch\/de\/#organization"},"alternateName":"Teia Education & Play","potentialAction":[{"@type":"SearchAction","target":{"@type":"EntryPoint","urlTemplate":"https:\/\/teiaeducation.ch\/de\/?s={search_term_string}"},"query-input":{"@type":"PropertyValueSpecification","valueRequired":true,"valueName":"search_term_string"}}],"inLanguage":"de-CH"},{"@type":"Organization","@id":"https:\/\/teiaeducation.ch\/de\/#organization","name":"Teia Education & Play","url":"https:\/\/teiaeducation.ch\/de\/","logo":{"@type":"ImageObject","inLanguage":"de-CH","@id":"https:\/\/teiaeducation.ch\/de\/#\/schema\/logo\/image\/","url":"https:\/\/teiaeducation.ch\/wp-content\/uploads\/2020\/11\/Teia-Education-Switzerland-e1620156442216.jpg","contentUrl":"https:\/\/teiaeducation.ch\/wp-content\/uploads\/2020\/11\/Teia-Education-Switzerland-e1620156442216.jpg","width":166,"height":145,"caption":"Teia Education & Play"},"image":{"@id":"https:\/\/teiaeducation.ch\/de\/#\/schema\/logo\/image\/"},"sameAs":["https:\/\/www.facebook.com\/teiaeducation\/","https:\/\/x.com\/EducationTeia","https:\/\/www.instagram.com\/teia.education\/","https:\/\/www.linkedin.com\/company\/35501660","https:\/\/www.pinterest.ch\/TeiaEducation\/"]}]}},"_links":{"self":[{"href":"https:\/\/teiaeducation.ch\/de\/wp-json\/wp\/v2\/product\/57545","targetHints":{"allow":["GET"]}}],"collection":[{"href":"https:\/\/teiaeducation.ch\/de\/wp-json\/wp\/v2\/product"}],"about":[{"href":"https:\/\/teiaeducation.ch\/de\/wp-json\/wp\/v2\/types\/product"}],"replies":[{"embeddable":true,"href":"https:\/\/teiaeducation.ch\/de\/wp-json\/wp\/v2\/comments?post=57545"}],"wp:featuredmedia":[{"embeddable":true,"href":"https:\/\/teiaeducation.ch\/de\/wp-json\/wp\/v2\/media\/57280"}],"wp:attachment":[{"href":"https:\/\/teiaeducation.ch\/de\/wp-json\/wp\/v2\/media?parent=57545"}],"wp:term":[{"taxonomy":"product_brand","embeddable":true,"href":"https:\/\/teiaeducation.ch\/de\/wp-json\/wp\/v2\/product_brand?post=57545"},{"taxonomy":"product_cat","embeddable":true,"href":"https:\/\/teiaeducation.ch\/de\/wp-json\/wp\/v2\/product_cat?post=57545"},{"taxonomy":"product_tag","embeddable":true,"href":"https:\/\/teiaeducation.ch\/de\/wp-json\/wp\/v2\/product_tag?post=57545"}],"curies":[{"name":"wp","href":"https:\/\/api.w.org\/{rel}","templated":true}]}}