{"id":57547,"date":"2023-11-14T09:39:11","date_gmt":"2023-11-14T08:39:11","guid":{"rendered":"https:\/\/teiaeducation.ch\/product\/rechteckiger-halter-aus-holz-fuer-stockmar-wachsmalstifte-und-wachsmalbloecke-threewood\/"},"modified":"2025-07-25T07:29:58","modified_gmt":"2025-07-25T05:29:58","slug":"rechteckiger-halter-fur-stockmar-wachsmalstifte-und-wachsmalblocke-threewood","status":"publish","type":"product","link":"https:\/\/teiaeducation.ch\/de\/produkt\/rechteckiger-halter-fur-stockmar-wachsmalstifte-und-wachsmalblocke-threewood\/","title":{"rendered":"Rechteckiger Halter aus Holz f\u00fcr Stockmar Wachsmalstifte und Wachsmalbl\u00f6cke &#8211; Threewood"},"content":{"rendered":"<p>Der von der <a href=\"https:\/\/teiaeducation.ch\/de\/produkt-kategorie\/bildungsmethode\/waldorf-steiner-paedagogik\/\">Waldorfp\u00e4dagogik<\/a> inspirierte rechteckiger halter aus Eichenholz von Threewood f\u00fcr die <a href=\"https:\/\/teiaeducation.ch\/product-category\/brands\/stockmar\/\">Stockmar<\/a> <a href=\"https:\/\/teiaeducation.ch\/product\/wax-stick-crayons-8-stockmar\/\">Wachsmalstifte<\/a> und <a href=\"https:\/\/teiaeducation.ch\/product\/wax-block-crayons-12-stockmar\/\">Wachsmalbl\u00f6cke<\/a> ist eine wunderbare handgefertigte Aufbewahrungsl\u00f6sung f\u00fcr kleine Picassos!<\/p>\n<p>Die Kinder werden inspiriert, mit ihren Wachsmalstifte und Wachsmalbl\u00f6cke zu arbeiten, da sie die gesamte <a href=\"https:\/\/teiaeducation.ch\/product-category\/learning-themes\/sensory-motor-skills\/learning-about-colour\/\">Farbpalette<\/a> auf einmal sehen k\u00f6nnen. Mit diesem leicht zu handhabenden und praktischen Halter wird die Zeit des <a href=\"https:\/\/teiaeducation.ch\/product-category\/creative-art-craft\/drawing-colouring\/\">Malen und Zeichenens<\/a> noch sch\u00f6ner. Diese durchdachte und liebevoll gefertigte Aufbewahrungsl\u00f6sung ist eine sch\u00f6ne Erg\u00e4nzung f\u00fcr jede kreative Ecke oder jeden Schreibtisch und eignet sich perfekt f\u00fcr den Gebrauch zu <a href=\"https:\/\/teiaeducation.ch\/product-category\/homeschool-supplies\/\">Hause<\/a> und in der <a href=\"https:\/\/teiaeducation.ch\/school-supplies-switzerland\/\">Schule<\/a>.<\/p>\n<p>Der wundersch\u00f6ne, nat\u00fcrliche und qualitativ hochwertige Halter wurde speziell f\u00fcr die Stockmar Wachsmalstifte und Wachsmalbl\u00f6cke entwickelt und erleichtert das Einsetzen und Herausnehmen der Farben auch f\u00fcr die kleinsten H\u00e4nde. Er wird in der Ukraine aus massiver Eiche handgefertigt und mit Natur\u00f6l behandelt.<\/p>\n<p>Erh\u00e4ltlich in vier Gr\u00f6\u00dfen, k\u00f6nnen die Halter jeweils 8, 16 oder 24 Wachsmalstifte und Wachsmalbl\u00f6cke oder nur 24 Wachsmalbl\u00f6cke enthalten und messen ungef\u00e4hr:<\/p>\n<p>8 Bl\u00f6cke und 8 Stifte: 17 x 7 cm<br \/>\n16 Bl\u00f6cke and 16 Stifte: 17 x 13 cm<br \/>\n24 Bl\u00f6cke and 24 Stifte: 27 x 15 cm<br \/>\n24 Bl\u00f6cke: 25 x 9 cm<\/p>\n<p>Inhalt:<\/p>\n<p>1 Halter aus Holz (bitte w\u00e4hlen Sie die gew\u00fcnschte Art\/Gr\u00f6\u00dfe!)<br \/>\n* Die abgebildeten Stockmar Wachsmalstifte und Wachsmalbl\u00f6cke sind nicht im Lieferumfang enthalten.<\/p>\n<h2>\u00dcber Threewood<\/h2>\n<p><a href=\"https:\/\/teiaeducation.ch\/product-category\/brands\/threewood\/\">Threewood<\/a> ist ein ukrainisches Ehepaar, Yuriy und Olga, das erstaunliche handgefertigte <a href=\"https:\/\/teiaeducation.ch\/product-category\/learning-themes\/\">Lernspielzeuge<\/a> und Materialien herstellt, die von der <a href=\"https:\/\/teiaeducation.ch\/product-category\/education-method\/the-montessori-pedagogy-materials-toys\/\">Montessori<\/a> P\u00e4dagogik inspiriert sind. Der Name Threewood steht f\u00fcr ihre drei Kinder und die Leidenschaft f\u00fcr die Arbeit mit Holz, die Yuriy von seinem Vater und Gro\u00dfvater geerbt hat.<\/p>\n<p>Diese <a href=\"https:\/\/teiaeducation.ch\/product-category\/hgh-quality-toys-play\/handmade-wooden-toys\/\">handgefertigten Holzspielzeuge<\/a> sind meist aus Eichenholz hergestellt und von h\u00f6chster Qualit\u00e4t und Design. Sie versprechen Langlebigkeit und spielerisches Lernen f\u00fcr Generationen!<\/p>\n","protected":false},"excerpt":{"rendered":"<p>Artikelnummer: TW0025<\/p>\n<p>Der von der Waldorfp\u00e4dagogik inspirierte rechteckiger handgefertigte Halter aus Eichenholz von Threewood ist speziell f\u00fcr die Stockmar Wachsmalstifte und Wachsmalbl\u00f6cke konzipiert!<\/p>\n","protected":false},"featured_media":57240,"comment_status":"open","ping_status":"closed","template":"","meta":[],"product_brand":[],"product_cat":[21445,21446,22033,21449,21479,21490,21484,22422,21447,21509,21481,21443,21563,21494,21495,21668,21672,21482,21564,21483,21450],"product_tag":[26886,26945,26949,26880,26882,26953,26950,26884,26947,26955,26948,26952,26946,26879,26954,26943,26944,26951],"class_list":{"0":"post-57547","1":"product","2":"type-product","3":"status-publish","4":"has-post-thumbnail","6":"product_cat-3-6-jahre-vorschule","7":"product_cat-6-12-jahre-grundschule","8":"product_cat-adventskalender-geschenke-strumpffueller","9":"product_cat-bastelwerkzeuge-aufbewahrung","10":"product_cat-lernmaterialien-spielzeug-montessori-waldorf-steiner-froebel","11":"product_cat-geschenk-guide-kreativ","12":"product_cat-geschenk-guides","13":"product_cat-geschenke-fuer-das-osterkoerbchen","14":"product_cat-malen-basteln","15":"product_cat-lernthemen","16":"product_cat-montessori-paedagogik-material-spielzeug","17":"product_cat-nach-alter","18":"product_cat-neuheiten","19":"product_cat-schulbedarf-fuer-zuhause","20":"product_cat-schulbedarf-fuer-zuhause-3-6-jahre","21":"product_cat-stockmar-de","22":"product_cat-threewood-de","23":"product_cat-traditionelle-bildung","24":"product_cat-unsere-marken","25":"product_cat-waldorf-steiner-paedagogik","26":"product_cat-zeichnen-malen","27":"product_tag-handgefertigte-montessori-lernspielzeug","28":"product_tag-handgefertigter-stockmar-wachsmalstifte-und-wachsmalblocke-aus-holz","29":"product_tag-handgefertigter-wachsmalstifte-und-wachsmalblocke-aus-holz","30":"product_tag-handgefertigtes-lernspielzeug-aus-holz","31":"product_tag-hergestellt-in-der-ukraine","32":"product_tag-holzernes-kreatives-waldorfspielzeug","33":"product_tag-kinder-geschenkartikel-fur-kreativitaten","34":"product_tag-montessori-inspiriertes-lernspielzeug","35":"product_tag-stockmar-wachsmalfarben-halter-aus-holz","36":"product_tag-stockmar-wachsmalstifte-und-wachsmalblocke-aus-holz-rechteckig-waldorf","37":"product_tag-stockmar-wachsmalstifte-und-wachsmalblocke-halter-threewood","38":"product_tag-threewood-halter-wachsmalstifte-und-wachsmalblocke-aus-holz","39":"product_tag-threewood-handgefertigter-buntstifthalter-aus-holz","40":"product_tag-threewood-montessori-spielzeug","41":"product_tag-threewood-stockmar-wachsmalstifte-und-wachsmalblocke-halter-aus-holz","42":"product_tag-waldorf-stockmar-wachsmalfarben-halter-aus-holz","43":"product_tag-waldorf-stockmar-wachsmalfarben-halter-aus-holz-de","44":"product_tag-waldorf-wachsmalfarben-halter-aus-holz","46":"first","47":"instock","48":"taxable","49":"shipping-taxable","50":"purchasable","51":"product-type-variable"},"yoast_head":"<!-- This site is optimized with the Yoast SEO plugin v27.1.1 - https:\/\/yoast.com\/product\/yoast-seo-wordpress\/ -->\n<title>Rechteckiger Halter f\u00fcr Stockmar Wachsmalstifte-Wachsmalbl\u00f6cke<\/title>\n<meta name=\"description\" content=\"Der rechteckiger handgefertigte Halter aus Eichenholz von Threewood ist speziell f\u00fcr die Stockmar Wachsmalstifte und Wachsmalbl\u00f6cke konzipiert.\" \/>\n<meta name=\"robots\" content=\"index, follow, max-snippet:-1, max-image-preview:large, max-video-preview:-1\" \/>\n<link rel=\"canonical\" href=\"https:\/\/teiaeducation.ch\/de\/produkt\/rechteckiger-halter-fur-stockmar-wachsmalstifte-und-wachsmalblocke-threewood\/\" \/>\n<meta property=\"og:locale\" content=\"de_DE\" \/>\n<meta property=\"og:type\" content=\"article\" \/>\n<meta property=\"og:title\" content=\"Rechteckiger Halter f\u00fcr Stockmar Wachsmalstifte-Wachsmalbl\u00f6cke\" \/>\n<meta property=\"og:description\" content=\"Der rechteckiger handgefertigte Halter aus Eichenholz von Threewood ist speziell f\u00fcr die Stockmar Wachsmalstifte und Wachsmalbl\u00f6cke konzipiert.\" \/>\n<meta property=\"og:url\" content=\"https:\/\/teiaeducation.ch\/de\/produkt\/rechteckiger-halter-fur-stockmar-wachsmalstifte-und-wachsmalblocke-threewood\/\" \/>\n<meta property=\"og:site_name\" content=\"Sustainable Educational Products &amp; Ecological Toys\u00a0\" \/>\n<meta property=\"article:publisher\" content=\"https:\/\/www.facebook.com\/teiaeducation\/\" \/>\n<meta property=\"article:modified_time\" content=\"2025-07-25T05:29:58+00:00\" \/>\n<meta property=\"og:image\" content=\"https:\/\/teiaeducation.ch\/wp-content\/uploads\/2023\/11\/Threewood-Waldorf-inspired-rectangular-wooden-holder-for-Stockmar-stick-and-block-crayons-1-1.jpg\" \/>\n\t<meta property=\"og:image:width\" content=\"1588\" \/>\n\t<meta property=\"og:image:height\" content=\"1367\" \/>\n\t<meta property=\"og:image:type\" content=\"image\/jpeg\" \/>\n<script type=\"application\/ld+json\" class=\"yoast-schema-graph\">{\"@context\":\"https:\/\/schema.org\",\"@graph\":[{\"@type\":\"WebPage\",\"@id\":\"https:\/\/teiaeducation.ch\/de\/produkt\/rechteckiger-halter-fur-stockmar-wachsmalstifte-und-wachsmalblocke-threewood\/\",\"url\":\"https:\/\/teiaeducation.ch\/de\/produkt\/rechteckiger-halter-fur-stockmar-wachsmalstifte-und-wachsmalblocke-threewood\/\",\"name\":\"Rechteckiger Halter f\u00fcr Stockmar Wachsmalstifte-Wachsmalbl\u00f6cke\",\"isPartOf\":{\"@id\":\"https:\/\/teiaeducation.ch\/de\/#website\"},\"primaryImageOfPage\":{\"@id\":\"https:\/\/teiaeducation.ch\/de\/produkt\/rechteckiger-halter-fur-stockmar-wachsmalstifte-und-wachsmalblocke-threewood\/#primaryimage\"},\"image\":{\"@id\":\"https:\/\/teiaeducation.ch\/de\/produkt\/rechteckiger-halter-fur-stockmar-wachsmalstifte-und-wachsmalblocke-threewood\/#primaryimage\"},\"thumbnailUrl\":\"https:\/\/teiaeducation.ch\/wp-content\/uploads\/2023\/11\/Threewood-Waldorf-inspired-rectangular-wooden-holder-for-Stockmar-stick-and-block-crayons-1-1.jpg\",\"datePublished\":\"2023-11-14T08:39:11+00:00\",\"dateModified\":\"2025-07-25T05:29:58+00:00\",\"description\":\"Der rechteckiger handgefertigte Halter aus Eichenholz von Threewood ist speziell f\u00fcr die Stockmar Wachsmalstifte und Wachsmalbl\u00f6cke konzipiert.\",\"breadcrumb\":{\"@id\":\"https:\/\/teiaeducation.ch\/de\/produkt\/rechteckiger-halter-fur-stockmar-wachsmalstifte-und-wachsmalblocke-threewood\/#breadcrumb\"},\"inLanguage\":\"de-CH\",\"potentialAction\":[{\"@type\":\"ReadAction\",\"target\":[\"https:\/\/teiaeducation.ch\/de\/produkt\/rechteckiger-halter-fur-stockmar-wachsmalstifte-und-wachsmalblocke-threewood\/\"]}]},{\"@type\":\"ImageObject\",\"inLanguage\":\"de-CH\",\"@id\":\"https:\/\/teiaeducation.ch\/de\/produkt\/rechteckiger-halter-fur-stockmar-wachsmalstifte-und-wachsmalblocke-threewood\/#primaryimage\",\"url\":\"https:\/\/teiaeducation.ch\/wp-content\/uploads\/2023\/11\/Threewood-Waldorf-inspired-rectangular-wooden-holder-for-Stockmar-stick-and-block-crayons-1-1.jpg\",\"contentUrl\":\"https:\/\/teiaeducation.ch\/wp-content\/uploads\/2023\/11\/Threewood-Waldorf-inspired-rectangular-wooden-holder-for-Stockmar-stick-and-block-crayons-1-1.jpg\",\"width\":1588,\"height\":1367,\"caption\":\"Threewood Waldorf inspirierter rechteckiger Halter aus Holz f\u00fcr Stockmar Wachsmalstifte und Wachsmalbl\u00f6cke\"},{\"@type\":\"BreadcrumbList\",\"@id\":\"https:\/\/teiaeducation.ch\/de\/produkt\/rechteckiger-halter-fur-stockmar-wachsmalstifte-und-wachsmalblocke-threewood\/#breadcrumb\",\"itemListElement\":[{\"@type\":\"ListItem\",\"position\":1,\"name\":\"Home\",\"item\":\"https:\/\/teiaeducation.ch\/de\/\"},{\"@type\":\"ListItem\",\"position\":2,\"name\":\"Laden\",\"item\":\"https:\/\/teiaeducation.ch\/de\/shop\/\"},{\"@type\":\"ListItem\",\"position\":3,\"name\":\"Unsere Marken\",\"item\":\"https:\/\/teiaeducation.ch\/de\/produkt-kategorie\/unsere-marken\/\"},{\"@type\":\"ListItem\",\"position\":4,\"name\":\"Threewood\",\"item\":\"https:\/\/teiaeducation.ch\/de\/produkt-kategorie\/unsere-marken\/threewood-de\/\"},{\"@type\":\"ListItem\",\"position\":5,\"name\":\"Rechteckiger Halter aus Holz f\u00fcr Stockmar Wachsmalstifte und Wachsmalbl\u00f6cke &#8211; Threewood\"}]},{\"@type\":\"WebSite\",\"@id\":\"https:\/\/teiaeducation.ch\/de\/#website\",\"url\":\"https:\/\/teiaeducation.ch\/de\/\",\"name\":\"Sustainable Educational Products &amp; Ecological Toys\u00a0\",\"description\":\"Specialised Swiss shop selling sustainable educational toys and games, AMI certified Montessori materials, handmade ecological wooden Waldorf toys and arts &amp; crafts supplies, school supplies, children&#039;s furniture and Montessori reference and parenting books.\",\"publisher\":{\"@id\":\"https:\/\/teiaeducation.ch\/de\/#organization\"},\"alternateName\":\"Teia Education & Play\",\"potentialAction\":[{\"@type\":\"SearchAction\",\"target\":{\"@type\":\"EntryPoint\",\"urlTemplate\":\"https:\/\/teiaeducation.ch\/de\/?s={search_term_string}\"},\"query-input\":{\"@type\":\"PropertyValueSpecification\",\"valueRequired\":true,\"valueName\":\"search_term_string\"}}],\"inLanguage\":\"de-CH\"},{\"@type\":\"Organization\",\"@id\":\"https:\/\/teiaeducation.ch\/de\/#organization\",\"name\":\"Teia Education & Play\",\"url\":\"https:\/\/teiaeducation.ch\/de\/\",\"logo\":{\"@type\":\"ImageObject\",\"inLanguage\":\"de-CH\",\"@id\":\"https:\/\/teiaeducation.ch\/de\/#\/schema\/logo\/image\/\",\"url\":\"https:\/\/teiaeducation.ch\/wp-content\/uploads\/2020\/11\/Teia-Education-Switzerland-e1620156442216.jpg\",\"contentUrl\":\"https:\/\/teiaeducation.ch\/wp-content\/uploads\/2020\/11\/Teia-Education-Switzerland-e1620156442216.jpg\",\"width\":166,\"height\":145,\"caption\":\"Teia Education & Play\"},\"image\":{\"@id\":\"https:\/\/teiaeducation.ch\/de\/#\/schema\/logo\/image\/\"},\"sameAs\":[\"https:\/\/www.facebook.com\/teiaeducation\/\",\"https:\/\/x.com\/EducationTeia\",\"https:\/\/www.instagram.com\/teia.education\/\",\"https:\/\/www.linkedin.com\/company\/35501660\",\"https:\/\/www.pinterest.ch\/TeiaEducation\/\"]}]}<\/script>\n<!-- \/ Yoast SEO plugin. -->","yoast_head_json":{"title":"Rechteckiger Halter f\u00fcr Stockmar Wachsmalstifte-Wachsmalbl\u00f6cke","description":"Der rechteckiger handgefertigte Halter aus Eichenholz von Threewood ist speziell f\u00fcr die Stockmar Wachsmalstifte und Wachsmalbl\u00f6cke konzipiert.","robots":{"index":"index","follow":"follow","max-snippet":"max-snippet:-1","max-image-preview":"max-image-preview:large","max-video-preview":"max-video-preview:-1"},"canonical":"https:\/\/teiaeducation.ch\/de\/produkt\/rechteckiger-halter-fur-stockmar-wachsmalstifte-und-wachsmalblocke-threewood\/","og_locale":"de_DE","og_type":"article","og_title":"Rechteckiger Halter f\u00fcr Stockmar Wachsmalstifte-Wachsmalbl\u00f6cke","og_description":"Der rechteckiger handgefertigte Halter aus Eichenholz von Threewood ist speziell f\u00fcr die Stockmar Wachsmalstifte und Wachsmalbl\u00f6cke konzipiert.","og_url":"https:\/\/teiaeducation.ch\/de\/produkt\/rechteckiger-halter-fur-stockmar-wachsmalstifte-und-wachsmalblocke-threewood\/","og_site_name":"Sustainable Educational Products &amp; Ecological Toys\u00a0","article_publisher":"https:\/\/www.facebook.com\/teiaeducation\/","article_modified_time":"2025-07-25T05:29:58+00:00","og_image":[{"width":1588,"height":1367,"url":"https:\/\/teiaeducation.ch\/wp-content\/uploads\/2023\/11\/Threewood-Waldorf-inspired-rectangular-wooden-holder-for-Stockmar-stick-and-block-crayons-1-1.jpg","type":"image\/jpeg"}],"schema":{"@context":"https:\/\/schema.org","@graph":[{"@type":"WebPage","@id":"https:\/\/teiaeducation.ch\/de\/produkt\/rechteckiger-halter-fur-stockmar-wachsmalstifte-und-wachsmalblocke-threewood\/","url":"https:\/\/teiaeducation.ch\/de\/produkt\/rechteckiger-halter-fur-stockmar-wachsmalstifte-und-wachsmalblocke-threewood\/","name":"Rechteckiger Halter f\u00fcr Stockmar Wachsmalstifte-Wachsmalbl\u00f6cke","isPartOf":{"@id":"https:\/\/teiaeducation.ch\/de\/#website"},"primaryImageOfPage":{"@id":"https:\/\/teiaeducation.ch\/de\/produkt\/rechteckiger-halter-fur-stockmar-wachsmalstifte-und-wachsmalblocke-threewood\/#primaryimage"},"image":{"@id":"https:\/\/teiaeducation.ch\/de\/produkt\/rechteckiger-halter-fur-stockmar-wachsmalstifte-und-wachsmalblocke-threewood\/#primaryimage"},"thumbnailUrl":"https:\/\/teiaeducation.ch\/wp-content\/uploads\/2023\/11\/Threewood-Waldorf-inspired-rectangular-wooden-holder-for-Stockmar-stick-and-block-crayons-1-1.jpg","datePublished":"2023-11-14T08:39:11+00:00","dateModified":"2025-07-25T05:29:58+00:00","description":"Der rechteckiger handgefertigte Halter aus Eichenholz von Threewood ist speziell f\u00fcr die Stockmar Wachsmalstifte und Wachsmalbl\u00f6cke konzipiert.","breadcrumb":{"@id":"https:\/\/teiaeducation.ch\/de\/produkt\/rechteckiger-halter-fur-stockmar-wachsmalstifte-und-wachsmalblocke-threewood\/#breadcrumb"},"inLanguage":"de-CH","potentialAction":[{"@type":"ReadAction","target":["https:\/\/teiaeducation.ch\/de\/produkt\/rechteckiger-halter-fur-stockmar-wachsmalstifte-und-wachsmalblocke-threewood\/"]}]},{"@type":"ImageObject","inLanguage":"de-CH","@id":"https:\/\/teiaeducation.ch\/de\/produkt\/rechteckiger-halter-fur-stockmar-wachsmalstifte-und-wachsmalblocke-threewood\/#primaryimage","url":"https:\/\/teiaeducation.ch\/wp-content\/uploads\/2023\/11\/Threewood-Waldorf-inspired-rectangular-wooden-holder-for-Stockmar-stick-and-block-crayons-1-1.jpg","contentUrl":"https:\/\/teiaeducation.ch\/wp-content\/uploads\/2023\/11\/Threewood-Waldorf-inspired-rectangular-wooden-holder-for-Stockmar-stick-and-block-crayons-1-1.jpg","width":1588,"height":1367,"caption":"Threewood Waldorf inspirierter rechteckiger Halter aus Holz f\u00fcr Stockmar Wachsmalstifte und Wachsmalbl\u00f6cke"},{"@type":"BreadcrumbList","@id":"https:\/\/teiaeducation.ch\/de\/produkt\/rechteckiger-halter-fur-stockmar-wachsmalstifte-und-wachsmalblocke-threewood\/#breadcrumb","itemListElement":[{"@type":"ListItem","position":1,"name":"Home","item":"https:\/\/teiaeducation.ch\/de\/"},{"@type":"ListItem","position":2,"name":"Laden","item":"https:\/\/teiaeducation.ch\/de\/shop\/"},{"@type":"ListItem","position":3,"name":"Unsere Marken","item":"https:\/\/teiaeducation.ch\/de\/produkt-kategorie\/unsere-marken\/"},{"@type":"ListItem","position":4,"name":"Threewood","item":"https:\/\/teiaeducation.ch\/de\/produkt-kategorie\/unsere-marken\/threewood-de\/"},{"@type":"ListItem","position":5,"name":"Rechteckiger Halter aus Holz f\u00fcr Stockmar Wachsmalstifte und Wachsmalbl\u00f6cke &#8211; Threewood"}]},{"@type":"WebSite","@id":"https:\/\/teiaeducation.ch\/de\/#website","url":"https:\/\/teiaeducation.ch\/de\/","name":"Sustainable Educational Products &amp; Ecological Toys\u00a0","description":"Specialised Swiss shop selling sustainable educational toys and games, AMI certified Montessori materials, handmade ecological wooden Waldorf toys and arts &amp; crafts supplies, school supplies, children&#039;s furniture and Montessori reference and parenting books.","publisher":{"@id":"https:\/\/teiaeducation.ch\/de\/#organization"},"alternateName":"Teia Education & Play","potentialAction":[{"@type":"SearchAction","target":{"@type":"EntryPoint","urlTemplate":"https:\/\/teiaeducation.ch\/de\/?s={search_term_string}"},"query-input":{"@type":"PropertyValueSpecification","valueRequired":true,"valueName":"search_term_string"}}],"inLanguage":"de-CH"},{"@type":"Organization","@id":"https:\/\/teiaeducation.ch\/de\/#organization","name":"Teia Education & Play","url":"https:\/\/teiaeducation.ch\/de\/","logo":{"@type":"ImageObject","inLanguage":"de-CH","@id":"https:\/\/teiaeducation.ch\/de\/#\/schema\/logo\/image\/","url":"https:\/\/teiaeducation.ch\/wp-content\/uploads\/2020\/11\/Teia-Education-Switzerland-e1620156442216.jpg","contentUrl":"https:\/\/teiaeducation.ch\/wp-content\/uploads\/2020\/11\/Teia-Education-Switzerland-e1620156442216.jpg","width":166,"height":145,"caption":"Teia Education & Play"},"image":{"@id":"https:\/\/teiaeducation.ch\/de\/#\/schema\/logo\/image\/"},"sameAs":["https:\/\/www.facebook.com\/teiaeducation\/","https:\/\/x.com\/EducationTeia","https:\/\/www.instagram.com\/teia.education\/","https:\/\/www.linkedin.com\/company\/35501660","https:\/\/www.pinterest.ch\/TeiaEducation\/"]}]}},"_links":{"self":[{"href":"https:\/\/teiaeducation.ch\/de\/wp-json\/wp\/v2\/product\/57547","targetHints":{"allow":["GET"]}}],"collection":[{"href":"https:\/\/teiaeducation.ch\/de\/wp-json\/wp\/v2\/product"}],"about":[{"href":"https:\/\/teiaeducation.ch\/de\/wp-json\/wp\/v2\/types\/product"}],"replies":[{"embeddable":true,"href":"https:\/\/teiaeducation.ch\/de\/wp-json\/wp\/v2\/comments?post=57547"}],"wp:featuredmedia":[{"embeddable":true,"href":"https:\/\/teiaeducation.ch\/de\/wp-json\/wp\/v2\/media\/57240"}],"wp:attachment":[{"href":"https:\/\/teiaeducation.ch\/de\/wp-json\/wp\/v2\/media?parent=57547"}],"wp:term":[{"taxonomy":"product_brand","embeddable":true,"href":"https:\/\/teiaeducation.ch\/de\/wp-json\/wp\/v2\/product_brand?post=57547"},{"taxonomy":"product_cat","embeddable":true,"href":"https:\/\/teiaeducation.ch\/de\/wp-json\/wp\/v2\/product_cat?post=57547"},{"taxonomy":"product_tag","embeddable":true,"href":"https:\/\/teiaeducation.ch\/de\/wp-json\/wp\/v2\/product_tag?post=57547"}],"curies":[{"name":"wp","href":"https:\/\/api.w.org\/{rel}","templated":true}]}}