{"id":57562,"date":"2020-06-16T15:17:07","date_gmt":"2020-06-16T13:17:07","guid":{"rendered":"https:\/\/teiaeducation.ch\/product\/aquarellfarben-set-in-holzbox-stockmar\/"},"modified":"2026-01-14T22:22:31","modified_gmt":"2026-01-14T21:22:31","slug":"aquarellfarben-set-in-holzbox-stockmar","status":"publish","type":"product","link":"https:\/\/teiaeducation.ch\/de\/produkt\/aquarellfarben-set-in-holzbox-stockmar\/","title":{"rendered":"Aquarellfarben Set im Holzkasten &#8211; Stockmar"},"content":{"rendered":"<p>Ein Set mit ungiftigen, hochwertigen Stockmar <a href=\"https:\/\/teiaeducation.ch\/product-category\/education-method\/waldorf-steiner-toys-craft-materials\/\" target=\"_blank\" rel=\"noopener\">Waldorf<\/a> ungiftige Aquarellfarben in Pulverform und diversem Zubeh\u00f6r in eine Holzkasten. Das Set enth\u00e4lt 12 x 20ml-Flaschen mit lebendigen l\u00f6slichen Aquarellfarben in Pulverform in verschiedenen Farben, 2 Kuhhaarpinsel, einen Schwamm, ein Tuch, eine Palette und 6 verschlie\u00dfbare Gl\u00e4ser zum Mischen und Aufbewahren der Farben.<\/p>\n<p>Stockmar Aquarellfarben sind bekannt f\u00fcr ihre hervorragenden Lasureigenschaften, nat\u00fcrliche Transparenz und Lichtechtheit. Sehr konzentriert und lang anhaltend, wird nur eine kleine Menge der Aquarellfarben verwendet, um in Wasser zu verd\u00fcnnen. Die Aquarellfarben bleiben nach dem Trocknen vollst\u00e4ndig wasserl\u00f6slich. Es wird empfohlen, Farbreste im K\u00fchlschrank aufzubewahren.<\/p>\n<p>Die Farbpalette der Aquarellfarben folgt der erweiterten Fassung von Goethes &#8220;Farbenlehre&#8221;: Jeder im Sortiment enthaltene Ton ist so abgestimmt, dass er sich mit jeder der anderen Farben gut mischen l\u00e4sst. Harmonische Zwischenabstufungen und grenzenlose Farbverl\u00e4ufe sind auch in der Nass-in-Nass-<a href=\"https:\/\/teiaeducation.ch\/product-category\/creative-art-craft\/painting\/\">Maltechnik<\/a> m\u00f6glich<\/p>\n<p>Das Set enth\u00e4lt die folgenden Farben aus dem Stockmar Sortiment:<\/p>\n<p>01 Karminrot | 02 Zinnoberrot | 04 Goldgelb | 05 Zitronengelb | 08 Blaugr\u00fcn | 10 Ultramarin | 12 Rotviolett | 13 Rost | 15 Schwarz | 16 Wei\u00df | 18 Preu\u00dfisch Blau | 31 Indigo.<\/p>\n<p>Das Stockmar Aquarellfarben Set im Holzkasten ist f\u00fcr Kinder ab 3 Jahren geeignet.<\/p>\n<p>Inhalt:<\/p>\n<p>12 Flaschen \u00e0 20 ml mit ungiftigem Aquarellfarben Pulver<br \/>\n2 Kuhhaar-Pinsel<br \/>\n1 Schwamm<br \/>\n1 Tuch<br \/>\n1 Palette<br \/>\n6 verschlie\u00dfbare Gl\u00e4ser<br \/>\n1 Holzkasten<\/p>\n<h2>\u00dcber Stockmar<\/h2>\n<p>Die renommierte Deutsche Marke <a href=\"https:\/\/teiaeducation.ch\/product-category\/brands\/stockmar\/\">Stockmar<\/a> produziert hochwertige Materialien, die in Rudolf Steiner \/ <a href=\"https:\/\/teiaeducation.ch\/waldorf-steiner-schools-supplies\/\">Waldorfschulen<\/a> auf der ganzen Welt verwendet werden. Stockmars Bienenwachs zum <a href=\"https:\/\/teiaeducation.ch\/product\/modelling-beeswax-15-stockmar\/\">Modellieren<\/a> und <a href=\"https:\/\/teiaeducation.ch\/product\/decorating-beeswax-wide-18-stockmar\/\">Dekorieren<\/a>, <a href=\"https:\/\/teiaeducation.ch\/product\/wax-stick-crayons-12-stockmar\/\">Wachsmalstifte<\/a>, Wachsmalbl\u00f6cke und <a href=\"https:\/\/teiaeducation.ch\/product\/watercolour-paints-assortment-6-colours-stockmar\/\">Aquarellfarben<\/a> sprechen alle Sinne des Kindes an.<\/p>\n<p>Die in Deutschland aus Bienenwachs hergestellten <a href=\"https:\/\/teiaeducation.ch\/product-category\/creative-art-craft\/\">Materialien<\/a> von Stockmar sind ungiftig und werden nach den h\u00f6chsten p\u00e4dagogischen, k\u00fcnstlerischen, sozialen und \u00f6kologischen Standards hergestellt und von unabh\u00e4ngigen Labors in Deutschland auf ihre Sicherheit und Reinheit gepr\u00fcft.<\/p>\n<p>Die breite und sorgf\u00e4ltig ausgew\u00e4hlte Farbpalette basiert auf <a href=\"https:\/\/teiaeducation.ch\/product\/large-colour-circle-goethe-grimms\/\">Goethes Farbkreis<\/a> und ist bei allen Stockmar Produkten einheitlich, um die Harmonie zwischen den <a href=\"https:\/\/teiaeducation.ch\/product-category\/learning-themes\/sensory-motor-skills\/learning-about-colour\/\">Farben<\/a> und beim Mischen verschiedener Medien zu gew\u00e4hrleisten. Die Materialien sind reich pigmentiert, um lebendige Kunstwerke zu schaffen, und sind extrem langlebig.<\/p>\n","protected":false},"excerpt":{"rendered":"<p>Artikelnummer: <span data-sheets-value=\"{\" data-sheets-userformat=\"{\">85043046<\/span><\/p>\n<p>Ein Set mit 12 ungiftigen, hochwertigen Stockmar Waldorf Aquarellfarben in Pulverform in verschiedenen Farben und diversem Malzubeh\u00f6r in eine Holzkasten!<\/p>\n","protected":false},"featured_media":56286,"comment_status":"open","ping_status":"closed","template":"","meta":[],"product_brand":[],"product_cat":[21445,21446,23651,21479,21487,21490,21484,22422,21447,21457,21443,21563,22362,21494,21495,21668,21482,21564,21483],"product_tag":[26961,23084,23091,23082,23080,23081,23079,23083,23092,26960],"class_list":{"0":"post-57562","1":"product","2":"type-product","3":"status-publish","4":"has-post-thumbnail","6":"product_cat-3-6-jahre-vorschule","7":"product_cat-6-12-jahre-grundschule","8":"product_cat-back-to-school-de","9":"product_cat-lernmaterialien-spielzeug-montessori-waldorf-steiner-froebel","10":"product_cat-geschenk-guide-3-6-jahre-vorschule","11":"product_cat-geschenk-guide-kreativ","12":"product_cat-geschenk-guides","13":"product_cat-geschenke-fuer-das-osterkoerbchen","14":"product_cat-malen-basteln","15":"product_cat-malen","16":"product_cat-nach-alter","17":"product_cat-neuheiten","18":"product_cat-saisonale-kollektionen","19":"product_cat-schulbedarf-fuer-zuhause","20":"product_cat-schulbedarf-fuer-zuhause-3-6-jahre","21":"product_cat-stockmar-de","22":"product_cat-traditionelle-bildung","23":"product_cat-unsere-marken","24":"product_cat-waldorf-steiner-paedagogik","25":"product_tag-aquarellfarben-set-in-holzbox-stockmar","26":"product_tag-steiner-waldorfschulbedarf-schweiz","27":"product_tag-stockmar-aquarellfarbe","28":"product_tag-stockmar-deutschland","29":"product_tag-stockmar-schweiz-de","30":"product_tag-stockmar-suisse-de","31":"product_tag-stockmar-switzerland-de","32":"product_tag-stockmar-waldorf-bedarf","33":"product_tag-ungiftige-aquarellfarbe","34":"product_tag-waldorf-aquarellfarben-pulver","36":"first","37":"outofstock","38":"taxable","39":"shipping-taxable","40":"purchasable","41":"product-type-simple"},"yoast_head":"<!-- This site is optimized with the Yoast SEO Premium plugin v25.8 (Yoast SEO v27.4) - https:\/\/yoast.com\/product\/yoast-seo-premium-wordpress\/ -->\n<title>Aquarellfarben Set im Holzkasten - Stockmar<\/title>\n<meta name=\"description\" content=\"Ein Set mit 12 ungiftigen, hochwertigen Stockmar Waldorf Aquarellfarben in Pulverform in verschiedenen Farben und diversem Malzubeh\u00f6r in eine Holzkasten.\" \/>\n<meta name=\"robots\" content=\"index, follow, max-snippet:-1, max-image-preview:large, max-video-preview:-1\" \/>\n<link rel=\"canonical\" href=\"https:\/\/teiaeducation.ch\/de\/produkt\/aquarellfarben-set-in-holzbox-stockmar\/\" \/>\n<meta property=\"og:locale\" content=\"de_DE\" \/>\n<meta property=\"og:type\" content=\"article\" \/>\n<meta property=\"og:title\" content=\"Aquarellfarben Set im Holzkasten - Stockmar\" \/>\n<meta property=\"og:description\" content=\"Ein Set mit 12 ungiftigen, hochwertigen Stockmar Waldorf Aquarellfarben in Pulverform in verschiedenen Farben und diversem Malzubeh\u00f6r in eine Holzkasten.\" \/>\n<meta property=\"og:url\" content=\"https:\/\/teiaeducation.ch\/de\/produkt\/aquarellfarben-set-in-holzbox-stockmar\/\" \/>\n<meta property=\"og:site_name\" content=\"Sustainable Educational Products &amp; Ecological Toys\u00a0\" \/>\n<meta property=\"article:publisher\" content=\"https:\/\/www.facebook.com\/teiaeducation\/\" \/>\n<meta property=\"article:modified_time\" content=\"2026-01-14T21:22:31+00:00\" \/>\n<meta property=\"og:image\" content=\"https:\/\/teiaeducation.ch\/wp-content\/uploads\/2020\/06\/Watercolour-set-in-wooden-box-Stockmar.jpg\" \/>\n\t<meta property=\"og:image:width\" content=\"432\" \/>\n\t<meta property=\"og:image:height\" content=\"432\" \/>\n\t<meta property=\"og:image:type\" content=\"image\/jpeg\" \/>\n<script type=\"application\/ld+json\" class=\"yoast-schema-graph\">{\"@context\":\"https:\\\/\\\/schema.org\",\"@graph\":[{\"@type\":\"WebPage\",\"@id\":\"https:\\\/\\\/teiaeducation.ch\\\/de\\\/produkt\\\/aquarellfarben-set-in-holzbox-stockmar\\\/\",\"url\":\"https:\\\/\\\/teiaeducation.ch\\\/de\\\/produkt\\\/aquarellfarben-set-in-holzbox-stockmar\\\/\",\"name\":\"Aquarellfarben Set im Holzkasten - Stockmar\",\"isPartOf\":{\"@id\":\"https:\\\/\\\/teiaeducation.ch\\\/de\\\/#website\"},\"primaryImageOfPage\":{\"@id\":\"https:\\\/\\\/teiaeducation.ch\\\/de\\\/produkt\\\/aquarellfarben-set-in-holzbox-stockmar\\\/#primaryimage\"},\"image\":{\"@id\":\"https:\\\/\\\/teiaeducation.ch\\\/de\\\/produkt\\\/aquarellfarben-set-in-holzbox-stockmar\\\/#primaryimage\"},\"thumbnailUrl\":\"https:\\\/\\\/teiaeducation.ch\\\/wp-content\\\/uploads\\\/2020\\\/06\\\/Watercolour-set-in-wooden-box-Stockmar.jpg\",\"datePublished\":\"2020-06-16T13:17:07+00:00\",\"dateModified\":\"2026-01-14T21:22:31+00:00\",\"description\":\"Ein Set mit 12 ungiftigen, hochwertigen Stockmar Waldorf Aquarellfarben in Pulverform in verschiedenen Farben und diversem Malzubeh\u00f6r in eine Holzkasten.\",\"breadcrumb\":{\"@id\":\"https:\\\/\\\/teiaeducation.ch\\\/de\\\/produkt\\\/aquarellfarben-set-in-holzbox-stockmar\\\/#breadcrumb\"},\"inLanguage\":\"de-CH\",\"potentialAction\":[{\"@type\":\"ReadAction\",\"target\":[\"https:\\\/\\\/teiaeducation.ch\\\/de\\\/produkt\\\/aquarellfarben-set-in-holzbox-stockmar\\\/\"]}]},{\"@type\":\"ImageObject\",\"inLanguage\":\"de-CH\",\"@id\":\"https:\\\/\\\/teiaeducation.ch\\\/de\\\/produkt\\\/aquarellfarben-set-in-holzbox-stockmar\\\/#primaryimage\",\"url\":\"https:\\\/\\\/teiaeducation.ch\\\/wp-content\\\/uploads\\\/2020\\\/06\\\/Watercolour-set-in-wooden-box-Stockmar.jpg\",\"contentUrl\":\"https:\\\/\\\/teiaeducation.ch\\\/wp-content\\\/uploads\\\/2020\\\/06\\\/Watercolour-set-in-wooden-box-Stockmar.jpg\",\"width\":432,\"height\":432,\"caption\":\"Waldorf K\u00fcnstlerbedarf Aquarellfarben-Set im Holzkasten Stockmar\"},{\"@type\":\"BreadcrumbList\",\"@id\":\"https:\\\/\\\/teiaeducation.ch\\\/de\\\/produkt\\\/aquarellfarben-set-in-holzbox-stockmar\\\/#breadcrumb\",\"itemListElement\":[{\"@type\":\"ListItem\",\"position\":1,\"name\":\"Home\",\"item\":\"https:\\\/\\\/teiaeducation.ch\\\/de\\\/\"},{\"@type\":\"ListItem\",\"position\":2,\"name\":\"Laden\",\"item\":\"https:\\\/\\\/teiaeducation.ch\\\/de\\\/shop\\\/\"},{\"@type\":\"ListItem\",\"position\":3,\"name\":\"Unsere Marken\",\"item\":\"https:\\\/\\\/teiaeducation.ch\\\/de\\\/produkt-kategorie\\\/unsere-marken\\\/\"},{\"@type\":\"ListItem\",\"position\":4,\"name\":\"Stockmar\",\"item\":\"https:\\\/\\\/teiaeducation.ch\\\/de\\\/produkt-kategorie\\\/unsere-marken\\\/stockmar-de\\\/\"},{\"@type\":\"ListItem\",\"position\":5,\"name\":\"Aquarellfarben Set im Holzkasten &#8211; Stockmar\"}]},{\"@type\":\"WebSite\",\"@id\":\"https:\\\/\\\/teiaeducation.ch\\\/de\\\/#website\",\"url\":\"https:\\\/\\\/teiaeducation.ch\\\/de\\\/\",\"name\":\"Sustainable Educational Products &amp; Ecological Toys\u00a0\",\"description\":\"Specialised Swiss shop selling sustainable educational toys and games, AMI certified Montessori materials, handmade ecological wooden Waldorf toys and arts &amp; crafts supplies, school supplies, children&#039;s furniture and Montessori reference and parenting books.\",\"publisher\":{\"@id\":\"https:\\\/\\\/teiaeducation.ch\\\/de\\\/#organization\"},\"alternateName\":\"Teia Education & Play\",\"potentialAction\":[{\"@type\":\"SearchAction\",\"target\":{\"@type\":\"EntryPoint\",\"urlTemplate\":\"https:\\\/\\\/teiaeducation.ch\\\/de\\\/?s={search_term_string}\"},\"query-input\":{\"@type\":\"PropertyValueSpecification\",\"valueRequired\":true,\"valueName\":\"search_term_string\"}}],\"inLanguage\":\"de-CH\"},{\"@type\":\"Organization\",\"@id\":\"https:\\\/\\\/teiaeducation.ch\\\/de\\\/#organization\",\"name\":\"Teia Education & Play\",\"url\":\"https:\\\/\\\/teiaeducation.ch\\\/de\\\/\",\"logo\":{\"@type\":\"ImageObject\",\"inLanguage\":\"de-CH\",\"@id\":\"https:\\\/\\\/teiaeducation.ch\\\/de\\\/#\\\/schema\\\/logo\\\/image\\\/\",\"url\":\"https:\\\/\\\/teiaeducation.ch\\\/wp-content\\\/uploads\\\/2020\\\/11\\\/Teia-Education-Switzerland-e1620156442216.jpg\",\"contentUrl\":\"https:\\\/\\\/teiaeducation.ch\\\/wp-content\\\/uploads\\\/2020\\\/11\\\/Teia-Education-Switzerland-e1620156442216.jpg\",\"width\":166,\"height\":145,\"caption\":\"Teia Education & Play\"},\"image\":{\"@id\":\"https:\\\/\\\/teiaeducation.ch\\\/de\\\/#\\\/schema\\\/logo\\\/image\\\/\"},\"sameAs\":[\"https:\\\/\\\/www.facebook.com\\\/teiaeducation\\\/\",\"https:\\\/\\\/x.com\\\/EducationTeia\",\"https:\\\/\\\/www.instagram.com\\\/teia.education\\\/\",\"https:\\\/\\\/www.linkedin.com\\\/company\\\/35501660\",\"https:\\\/\\\/www.pinterest.ch\\\/TeiaEducation\\\/\"]}]}<\/script>\n<meta property=\"product:price:amount\" content=\"109.90\" \/>\n<meta property=\"product:price:currency\" content=\"CHF\" \/>\n<meta property=\"og:availability\" content=\"out of stock\" \/>\n<meta property=\"product:availability\" content=\"out of stock\" \/>\n<meta property=\"product:retailer_item_id\" content=\"00000000000000000000000000000000000000000000027258\" \/>\n<meta property=\"product:condition\" content=\"new\" \/>\n<!-- \/ Yoast SEO Premium plugin. -->","yoast_head_json":{"title":"Aquarellfarben Set im Holzkasten - Stockmar","description":"Ein Set mit 12 ungiftigen, hochwertigen Stockmar Waldorf Aquarellfarben in Pulverform in verschiedenen Farben und diversem Malzubeh\u00f6r in eine Holzkasten.","robots":{"index":"index","follow":"follow","max-snippet":"max-snippet:-1","max-image-preview":"max-image-preview:large","max-video-preview":"max-video-preview:-1"},"canonical":"https:\/\/teiaeducation.ch\/de\/produkt\/aquarellfarben-set-in-holzbox-stockmar\/","og_locale":"de_DE","og_type":"article","og_title":"Aquarellfarben Set im Holzkasten - Stockmar","og_description":"Ein Set mit 12 ungiftigen, hochwertigen Stockmar Waldorf Aquarellfarben in Pulverform in verschiedenen Farben und diversem Malzubeh\u00f6r in eine Holzkasten.","og_url":"https:\/\/teiaeducation.ch\/de\/produkt\/aquarellfarben-set-in-holzbox-stockmar\/","og_site_name":"Sustainable Educational Products &amp; Ecological Toys\u00a0","article_publisher":"https:\/\/www.facebook.com\/teiaeducation\/","article_modified_time":"2026-01-14T21:22:31+00:00","og_image":[{"width":432,"height":432,"url":"https:\/\/teiaeducation.ch\/wp-content\/uploads\/2020\/06\/Watercolour-set-in-wooden-box-Stockmar.jpg","type":"image\/jpeg"}],"schema":{"@context":"https:\/\/schema.org","@graph":[{"@type":"WebPage","@id":"https:\/\/teiaeducation.ch\/de\/produkt\/aquarellfarben-set-in-holzbox-stockmar\/","url":"https:\/\/teiaeducation.ch\/de\/produkt\/aquarellfarben-set-in-holzbox-stockmar\/","name":"Aquarellfarben Set im Holzkasten - Stockmar","isPartOf":{"@id":"https:\/\/teiaeducation.ch\/de\/#website"},"primaryImageOfPage":{"@id":"https:\/\/teiaeducation.ch\/de\/produkt\/aquarellfarben-set-in-holzbox-stockmar\/#primaryimage"},"image":{"@id":"https:\/\/teiaeducation.ch\/de\/produkt\/aquarellfarben-set-in-holzbox-stockmar\/#primaryimage"},"thumbnailUrl":"https:\/\/teiaeducation.ch\/wp-content\/uploads\/2020\/06\/Watercolour-set-in-wooden-box-Stockmar.jpg","datePublished":"2020-06-16T13:17:07+00:00","dateModified":"2026-01-14T21:22:31+00:00","description":"Ein Set mit 12 ungiftigen, hochwertigen Stockmar Waldorf Aquarellfarben in Pulverform in verschiedenen Farben und diversem Malzubeh\u00f6r in eine Holzkasten.","breadcrumb":{"@id":"https:\/\/teiaeducation.ch\/de\/produkt\/aquarellfarben-set-in-holzbox-stockmar\/#breadcrumb"},"inLanguage":"de-CH","potentialAction":[{"@type":"ReadAction","target":["https:\/\/teiaeducation.ch\/de\/produkt\/aquarellfarben-set-in-holzbox-stockmar\/"]}]},{"@type":"ImageObject","inLanguage":"de-CH","@id":"https:\/\/teiaeducation.ch\/de\/produkt\/aquarellfarben-set-in-holzbox-stockmar\/#primaryimage","url":"https:\/\/teiaeducation.ch\/wp-content\/uploads\/2020\/06\/Watercolour-set-in-wooden-box-Stockmar.jpg","contentUrl":"https:\/\/teiaeducation.ch\/wp-content\/uploads\/2020\/06\/Watercolour-set-in-wooden-box-Stockmar.jpg","width":432,"height":432,"caption":"Waldorf K\u00fcnstlerbedarf Aquarellfarben-Set im Holzkasten Stockmar"},{"@type":"BreadcrumbList","@id":"https:\/\/teiaeducation.ch\/de\/produkt\/aquarellfarben-set-in-holzbox-stockmar\/#breadcrumb","itemListElement":[{"@type":"ListItem","position":1,"name":"Home","item":"https:\/\/teiaeducation.ch\/de\/"},{"@type":"ListItem","position":2,"name":"Laden","item":"https:\/\/teiaeducation.ch\/de\/shop\/"},{"@type":"ListItem","position":3,"name":"Unsere Marken","item":"https:\/\/teiaeducation.ch\/de\/produkt-kategorie\/unsere-marken\/"},{"@type":"ListItem","position":4,"name":"Stockmar","item":"https:\/\/teiaeducation.ch\/de\/produkt-kategorie\/unsere-marken\/stockmar-de\/"},{"@type":"ListItem","position":5,"name":"Aquarellfarben Set im Holzkasten &#8211; Stockmar"}]},{"@type":"WebSite","@id":"https:\/\/teiaeducation.ch\/de\/#website","url":"https:\/\/teiaeducation.ch\/de\/","name":"Sustainable Educational Products &amp; Ecological Toys\u00a0","description":"Specialised Swiss shop selling sustainable educational toys and games, AMI certified Montessori materials, handmade ecological wooden Waldorf toys and arts &amp; crafts supplies, school supplies, children&#039;s furniture and Montessori reference and parenting books.","publisher":{"@id":"https:\/\/teiaeducation.ch\/de\/#organization"},"alternateName":"Teia Education & Play","potentialAction":[{"@type":"SearchAction","target":{"@type":"EntryPoint","urlTemplate":"https:\/\/teiaeducation.ch\/de\/?s={search_term_string}"},"query-input":{"@type":"PropertyValueSpecification","valueRequired":true,"valueName":"search_term_string"}}],"inLanguage":"de-CH"},{"@type":"Organization","@id":"https:\/\/teiaeducation.ch\/de\/#organization","name":"Teia Education & Play","url":"https:\/\/teiaeducation.ch\/de\/","logo":{"@type":"ImageObject","inLanguage":"de-CH","@id":"https:\/\/teiaeducation.ch\/de\/#\/schema\/logo\/image\/","url":"https:\/\/teiaeducation.ch\/wp-content\/uploads\/2020\/11\/Teia-Education-Switzerland-e1620156442216.jpg","contentUrl":"https:\/\/teiaeducation.ch\/wp-content\/uploads\/2020\/11\/Teia-Education-Switzerland-e1620156442216.jpg","width":166,"height":145,"caption":"Teia Education & Play"},"image":{"@id":"https:\/\/teiaeducation.ch\/de\/#\/schema\/logo\/image\/"},"sameAs":["https:\/\/www.facebook.com\/teiaeducation\/","https:\/\/x.com\/EducationTeia","https:\/\/www.instagram.com\/teia.education\/","https:\/\/www.linkedin.com\/company\/35501660","https:\/\/www.pinterest.ch\/TeiaEducation\/"]}]},"product_price_amount":"109.90","product_price_currency":"CHF","og_availability":"out of stock","product_availability":"out of stock","product_retailer_item_id":"00000000000000000000000000000000000000000000027258","product_condition":"new"},"_links":{"self":[{"href":"https:\/\/teiaeducation.ch\/de\/wp-json\/wp\/v2\/product\/57562","targetHints":{"allow":["GET"]}}],"collection":[{"href":"https:\/\/teiaeducation.ch\/de\/wp-json\/wp\/v2\/product"}],"about":[{"href":"https:\/\/teiaeducation.ch\/de\/wp-json\/wp\/v2\/types\/product"}],"replies":[{"embeddable":true,"href":"https:\/\/teiaeducation.ch\/de\/wp-json\/wp\/v2\/comments?post=57562"}],"wp:featuredmedia":[{"embeddable":true,"href":"https:\/\/teiaeducation.ch\/de\/wp-json\/wp\/v2\/media\/56286"}],"wp:attachment":[{"href":"https:\/\/teiaeducation.ch\/de\/wp-json\/wp\/v2\/media?parent=57562"}],"wp:term":[{"taxonomy":"product_brand","embeddable":true,"href":"https:\/\/teiaeducation.ch\/de\/wp-json\/wp\/v2\/product_brand?post=57562"},{"taxonomy":"product_cat","embeddable":true,"href":"https:\/\/teiaeducation.ch\/de\/wp-json\/wp\/v2\/product_cat?post=57562"},{"taxonomy":"product_tag","embeddable":true,"href":"https:\/\/teiaeducation.ch\/de\/wp-json\/wp\/v2\/product_tag?post=57562"}],"curies":[{"name":"wp","href":"https:\/\/api.w.org\/{rel}","templated":true}]}}