{"id":57571,"date":"2020-06-20T17:03:22","date_gmt":"2020-06-20T15:03:22","guid":{"rendered":"https:\/\/teiaeducation.ch\/product\/wachsmalbloecke-12-sortierten-farben-stockmar\/"},"modified":"2025-06-16T11:16:30","modified_gmt":"2025-06-16T09:16:30","slug":"wachsmalblocke-12-sortierten-farben-stockmar","status":"publish","type":"product","link":"https:\/\/teiaeducation.ch\/de\/produkt\/wachsmalblocke-12-sortierten-farben-stockmar\/","title":{"rendered":"Wachsmalbl\u00f6cke 12 sortierten Farben \u2013 Stockmar"},"content":{"rendered":"<p>Ein Set ungiftiger, hochwertiger Stockmar Waldorf Wachsmalbl\u00f6cke in 12 sortierten Farben. Das Set besteht aus eine Kartondose, einem kleinen Spachtel und 12 Wachsmalbl\u00f6cke mit einer Gr\u00f6\u00dfe von je 4,1 x 2,3 x 1,2 cm. Durch ihre Gr\u00f6\u00dfe und flache Form liegen sie gut in der Hand und sind besonders f\u00fcr kleine Kinder geeignet. Die Stockmar Wachsmalbl\u00f6cke enthalten reines Bienenwachs als Bindemittel und gen\u00fcgen h\u00f6chsten p\u00e4dagogischen, \u00e4sthetischen und k\u00fcnstlerischen Anspr\u00fcchen und versprechen jahrelangen reinen <a href=\"https:\/\/teiaeducation.ch\/product-category\/creative-art-craft\/drawing-colouring\/\">Malspa\u00df<\/a>. Die Wachsmalbl\u00f6cke haben einen angenehmen Duft, der die <a href=\"https:\/\/teiaeducation.ch\/product-category\/play\/sensory-play\/\">Sinne<\/a> des Kindes anspricht.<\/p>\n<p>Die ungiftigen Wachsmalbl\u00f6cke mit ihren hervorragenden Zeicheneigenschaften, die garantiert nicht br\u00f6ckeln, kleben oder verschmieren, sind ein wesentlicher Bestandteil eines soliden Konzepts f\u00fcr die Kunsterziehung von Kindern. Die Form der Wachsmalbl\u00f6cke erm\u00f6glicht es, durch Ziehen des Blocks \u00fcber das Papier eine Vielzahl von k\u00fcnstlerischen Effekten wie z.B. Wellen zu erzeugen.<\/p>\n<p>Die Farbskala der Wachsmalbl\u00f6cke folgt der erweiterten Fassung von Goethes \u201cFarbenlehre\u201d: Jeder im Sortiment enthaltene Ton ist so abgestimmt, dass er sich mit jeder der anderen Farben gut mischen l\u00e4sst. Harmonische Zwischenabstufungen und grenzenlose Farbverl\u00e4ufe sind auch beim Zeichnen, Malen, gro\u00dfz\u00fcgigen Auftragen, Schichten, Schaben oder Schmelzen von Farben m\u00f6glich. Die nat\u00fcrliche Transparenz des Wachses und das Fehlen von F\u00fcllstoffen f\u00fchren zu einer Lasurf\u00e4higkeit, die mit der von <a href=\"https:\/\/teiaeducation.ch\/product-category\/creative-art-craft\/painting\/\">Aquarellfarbe<\/a> vergleichbar ist.<\/p>\n<p>Dieses Wachsmalblockset enth\u00e4lt die folgenden Farben aus dem Stockmar Sortiment:<\/p>\n<p>01 Karminrot | 02 Zinnoberrot | 03 Orange | 05 Zitronengelb | 06 Gelbgr\u00fcn | 07 Gr\u00fcn | 09 Blau | 10 Ultramarin | 12 Rotviolett | 13 Rost | 15 Schwarz | 16 Wei\u00df.<\/p>\n<p>Nach dem Auftragen sind die Farben wischfest und haben eine hohe Leuchtkraft.<\/p>\n<p>Die Stockmar Wachsmalbl\u00f6cke sind f\u00fcr Kinder ab 3 Jahren geeignet und wurden mit dem Spielgut\u00ae-Siegel ausgezeichnet.<\/p>\n<p>Inhalt:<\/p>\n<p>12 Wachsmalbl\u00f6cke<br \/>\n1 Kartondose<br \/>\n1 Spachtel<\/p>\n<h2>\u00dcber Stockmar<\/h2>\n<p>Die renommierte Deutsche Marke\u00a0<a href=\"https:\/\/teiaeducation.ch\/de\/produkt-kategorie\/unsere-marken\/stockmar-de\/\">Stockmar<\/a>\u00a0produziert hochwertige Materialien, die in Rudolf Steiner \/\u00a0<a href=\"https:\/\/teiaeducation.ch\/de\/spielzeug-und-natuerlichen-kreatives-materialien-fuer-waldorf-steiner-schulen\/\">Waldorfschulen<\/a>\u00a0auf der ganzen Welt verwendet werden. Stockmars Bienenwachs zum\u00a0<a href=\"https:\/\/teiaeducation.ch\/de\/produkt\/modellierbienenwachs-15-farben-stockmar\/\">Modellieren<\/a>\u00a0und\u00a0<a href=\"https:\/\/teiaeducation.ch\/de\/produkt\/dekoratives-bienenwachs-breit-in-18-farben-stockmar\/\">Dekorieren<\/a>,\u00a0<a href=\"https:\/\/teiaeducation.ch\/de\/produkt\/wachsmalstifte-12-farben-stockmar\/\">Wachsmalstifte<\/a>, Wachsmalbl\u00f6cke und\u00a0<a href=\"https:\/\/teiaeducation.ch\/de\/produkt\/aquarellfarben-grundsortiment-6-farben-stockmar\/\">Aquarellfarben<\/a>\u00a0sprechen alle Sinne des Kindes an.<\/p>\n<p>Die in Deutschland aus Bienenwachs hergestellten\u00a0<a href=\"https:\/\/teiaeducation.ch\/de\/produkt-kategorie\/malen-basteln\/\">Materialien<\/a>\u00a0von Stockmar sind ungiftig und werden nach den h\u00f6chsten p\u00e4dagogischen, k\u00fcnstlerischen, sozialen und \u00f6kologischen Standards hergestellt und von unabh\u00e4ngigen Labors in Deutschland auf ihre Sicherheit und Reinheit gepr\u00fcft.<\/p>\n<p>Die breite und sorgf\u00e4ltig ausgew\u00e4hlte Farbpalette basiert auf\u00a0<a href=\"https:\/\/teiaeducation.ch\/de\/produkt\/groser-farbkreis-goethe-grimms\/\">Goethes Farbkreis<\/a>\u00a0und ist bei allen Stockmar Produkten einheitlich, um die Harmonie zwischen den\u00a0<a href=\"https:\/\/teiaeducation.ch\/de\/produkt-kategorie\/lernthemen\/sensorische-motorische-fertigkeiten\/farbe-lernen\/\">Farben<\/a>\u00a0und beim Mischen verschiedener Medien zu gew\u00e4hrleisten. Die Materialien sind reich pigmentiert, um lebendige Kunstwerke zu schaffen, und sind extrem langlebig.<\/p>\n","protected":false},"excerpt":{"rendered":"<p>Artikelnummer: 85034200<\/p>\n<p>Die Stockmar Waldorf Wachsmalbl\u00f6cke in 12 sortierten Farben werden aus nat\u00fcrlichen Zutaten hergestellt und basieren auf der Goetheschen Farbkreis und Farbenlehre!<\/p>\n","protected":false},"featured_media":57572,"comment_status":"open","ping_status":"closed","template":"","meta":[],"product_brand":[],"product_cat":[21445,21446,21479,21447,21443,21563,21494,21495,21496,21668,21482,21564,21483,21450],"product_tag":[23084,23082,23087,23080,23081,23079,23083,23086,23093],"class_list":{"0":"post-57571","1":"product","2":"type-product","3":"status-publish","4":"has-post-thumbnail","6":"product_cat-3-6-jahre-vorschule","7":"product_cat-6-12-jahre-grundschule","8":"product_cat-lernmaterialien-spielzeug-montessori-waldorf-steiner-froebel","9":"product_cat-malen-basteln","10":"product_cat-nach-alter","11":"product_cat-neuheiten","12":"product_cat-schulbedarf-fuer-zuhause","13":"product_cat-schulbedarf-fuer-zuhause-3-6-jahre","14":"product_cat-schulbedarf-fuer-zuhause-6-12-jahre","15":"product_cat-stockmar-de","16":"product_cat-traditionelle-bildung","17":"product_cat-unsere-marken","18":"product_cat-waldorf-steiner-paedagogik","19":"product_cat-zeichnen-malen","20":"product_tag-steiner-waldorfschulbedarf-schweiz","21":"product_tag-stockmar-deutschland","22":"product_tag-stockmar-naturliche-wachsmalstifte","23":"product_tag-stockmar-schweiz-de","24":"product_tag-stockmar-suisse-de","25":"product_tag-stockmar-switzerland-de","26":"product_tag-stockmar-waldorf-bedarf","27":"product_tag-ungiftige-wachsmalstifte","28":"product_tag-wachsmalblocke-waldorfsortiment-stockmar","30":"first","31":"instock","32":"taxable","33":"shipping-taxable","34":"purchasable","35":"product-type-simple"},"yoast_head":"<!-- This site is optimized with the Yoast SEO plugin v27.1.1 - https:\/\/yoast.com\/product\/yoast-seo-wordpress\/ -->\n<title>Wachsmalbl\u00f6cke 12 sortierten Farben - Stockmar<\/title>\n<meta name=\"description\" content=\"Die Stockmar Waldorf Wachsmalbl\u00f6cke in 12 sortierten Farben werden aus nat\u00fcrlichen Zutaten hergestellt und basieren auf der Goetheschen Farbenlehre!\" \/>\n<meta name=\"robots\" content=\"index, follow, max-snippet:-1, max-image-preview:large, max-video-preview:-1\" \/>\n<link rel=\"canonical\" href=\"https:\/\/teiaeducation.ch\/de\/produkt\/wachsmalblocke-12-sortierten-farben-stockmar\/\" \/>\n<meta property=\"og:locale\" content=\"de_DE\" \/>\n<meta property=\"og:type\" content=\"article\" \/>\n<meta property=\"og:title\" content=\"Wachsmalbl\u00f6cke 12 sortierten Farben - Stockmar\" \/>\n<meta property=\"og:description\" content=\"Die Stockmar Waldorf Wachsmalbl\u00f6cke in 12 sortierten Farben werden aus nat\u00fcrlichen Zutaten hergestellt und basieren auf der Goetheschen Farbenlehre!\" \/>\n<meta property=\"og:url\" content=\"https:\/\/teiaeducation.ch\/de\/produkt\/wachsmalblocke-12-sortierten-farben-stockmar\/\" \/>\n<meta property=\"og:site_name\" content=\"Sustainable Educational Products &amp; Ecological Toys\u00a0\" \/>\n<meta property=\"article:publisher\" content=\"https:\/\/www.facebook.com\/teiaeducation\/\" \/>\n<meta property=\"article:modified_time\" content=\"2025-06-16T09:16:30+00:00\" \/>\n<meta property=\"og:image\" content=\"https:\/\/teiaeducation.ch\/wp-content\/uploads\/2020\/06\/Stockmar-wax-block-crayons-12-_Stockmar-e1634148635491.jpg\" \/>\n\t<meta property=\"og:image:width\" content=\"560\" \/>\n\t<meta property=\"og:image:height\" content=\"431\" \/>\n\t<meta property=\"og:image:type\" content=\"image\/jpeg\" \/>\n<script type=\"application\/ld+json\" class=\"yoast-schema-graph\">{\"@context\":\"https:\/\/schema.org\",\"@graph\":[{\"@type\":\"WebPage\",\"@id\":\"https:\/\/teiaeducation.ch\/de\/produkt\/wachsmalblocke-12-sortierten-farben-stockmar\/\",\"url\":\"https:\/\/teiaeducation.ch\/de\/produkt\/wachsmalblocke-12-sortierten-farben-stockmar\/\",\"name\":\"Wachsmalbl\u00f6cke 12 sortierten Farben - Stockmar\",\"isPartOf\":{\"@id\":\"https:\/\/teiaeducation.ch\/de\/#website\"},\"primaryImageOfPage\":{\"@id\":\"https:\/\/teiaeducation.ch\/de\/produkt\/wachsmalblocke-12-sortierten-farben-stockmar\/#primaryimage\"},\"image\":{\"@id\":\"https:\/\/teiaeducation.ch\/de\/produkt\/wachsmalblocke-12-sortierten-farben-stockmar\/#primaryimage\"},\"thumbnailUrl\":\"https:\/\/teiaeducation.ch\/wp-content\/uploads\/2020\/06\/Stockmar-wax-block-crayons-12-_Stockmar-e1634148635491.jpg\",\"datePublished\":\"2020-06-20T15:03:22+00:00\",\"dateModified\":\"2025-06-16T09:16:30+00:00\",\"description\":\"Die Stockmar Waldorf Wachsmalbl\u00f6cke in 12 sortierten Farben werden aus nat\u00fcrlichen Zutaten hergestellt und basieren auf der Goetheschen Farbenlehre!\",\"breadcrumb\":{\"@id\":\"https:\/\/teiaeducation.ch\/de\/produkt\/wachsmalblocke-12-sortierten-farben-stockmar\/#breadcrumb\"},\"inLanguage\":\"de-CH\",\"potentialAction\":[{\"@type\":\"ReadAction\",\"target\":[\"https:\/\/teiaeducation.ch\/de\/produkt\/wachsmalblocke-12-sortierten-farben-stockmar\/\"]}]},{\"@type\":\"ImageObject\",\"inLanguage\":\"de-CH\",\"@id\":\"https:\/\/teiaeducation.ch\/de\/produkt\/wachsmalblocke-12-sortierten-farben-stockmar\/#primaryimage\",\"url\":\"https:\/\/teiaeducation.ch\/wp-content\/uploads\/2020\/06\/Stockmar-wax-block-crayons-12-_Stockmar-e1634148635491.jpg\",\"contentUrl\":\"https:\/\/teiaeducation.ch\/wp-content\/uploads\/2020\/06\/Stockmar-wax-block-crayons-12-_Stockmar-e1634148635491.jpg\",\"width\":560,\"height\":431,\"caption\":\"Waldorf K\u00fcnstlerbedarf Wachsmalbl\u00f6cke 12 sortierten Farben \u2013 Stockmar\"},{\"@type\":\"BreadcrumbList\",\"@id\":\"https:\/\/teiaeducation.ch\/de\/produkt\/wachsmalblocke-12-sortierten-farben-stockmar\/#breadcrumb\",\"itemListElement\":[{\"@type\":\"ListItem\",\"position\":1,\"name\":\"Home\",\"item\":\"https:\/\/teiaeducation.ch\/de\/\"},{\"@type\":\"ListItem\",\"position\":2,\"name\":\"Laden\",\"item\":\"https:\/\/teiaeducation.ch\/de\/shop\/\"},{\"@type\":\"ListItem\",\"position\":3,\"name\":\"Unsere Marken\",\"item\":\"https:\/\/teiaeducation.ch\/de\/produkt-kategorie\/unsere-marken\/\"},{\"@type\":\"ListItem\",\"position\":4,\"name\":\"Stockmar\",\"item\":\"https:\/\/teiaeducation.ch\/de\/produkt-kategorie\/unsere-marken\/stockmar-de\/\"},{\"@type\":\"ListItem\",\"position\":5,\"name\":\"Wachsmalbl\u00f6cke 12 sortierten Farben \u2013 Stockmar\"}]},{\"@type\":\"WebSite\",\"@id\":\"https:\/\/teiaeducation.ch\/de\/#website\",\"url\":\"https:\/\/teiaeducation.ch\/de\/\",\"name\":\"Sustainable Educational Products &amp; Ecological Toys\u00a0\",\"description\":\"Specialised Swiss shop selling sustainable educational toys and games, AMI certified Montessori materials, handmade ecological wooden Waldorf toys and arts &amp; crafts supplies, school supplies, children&#039;s furniture and Montessori reference and parenting books.\",\"publisher\":{\"@id\":\"https:\/\/teiaeducation.ch\/de\/#organization\"},\"alternateName\":\"Teia Education & Play\",\"potentialAction\":[{\"@type\":\"SearchAction\",\"target\":{\"@type\":\"EntryPoint\",\"urlTemplate\":\"https:\/\/teiaeducation.ch\/de\/?s={search_term_string}\"},\"query-input\":{\"@type\":\"PropertyValueSpecification\",\"valueRequired\":true,\"valueName\":\"search_term_string\"}}],\"inLanguage\":\"de-CH\"},{\"@type\":\"Organization\",\"@id\":\"https:\/\/teiaeducation.ch\/de\/#organization\",\"name\":\"Teia Education & Play\",\"url\":\"https:\/\/teiaeducation.ch\/de\/\",\"logo\":{\"@type\":\"ImageObject\",\"inLanguage\":\"de-CH\",\"@id\":\"https:\/\/teiaeducation.ch\/de\/#\/schema\/logo\/image\/\",\"url\":\"https:\/\/teiaeducation.ch\/wp-content\/uploads\/2020\/11\/Teia-Education-Switzerland-e1620156442216.jpg\",\"contentUrl\":\"https:\/\/teiaeducation.ch\/wp-content\/uploads\/2020\/11\/Teia-Education-Switzerland-e1620156442216.jpg\",\"width\":166,\"height\":145,\"caption\":\"Teia Education & Play\"},\"image\":{\"@id\":\"https:\/\/teiaeducation.ch\/de\/#\/schema\/logo\/image\/\"},\"sameAs\":[\"https:\/\/www.facebook.com\/teiaeducation\/\",\"https:\/\/x.com\/EducationTeia\",\"https:\/\/www.instagram.com\/teia.education\/\",\"https:\/\/www.linkedin.com\/company\/35501660\",\"https:\/\/www.pinterest.ch\/TeiaEducation\/\"]}]}<\/script>\n<!-- \/ Yoast SEO plugin. -->","yoast_head_json":{"title":"Wachsmalbl\u00f6cke 12 sortierten Farben - Stockmar","description":"Die Stockmar Waldorf Wachsmalbl\u00f6cke in 12 sortierten Farben werden aus nat\u00fcrlichen Zutaten hergestellt und basieren auf der Goetheschen Farbenlehre!","robots":{"index":"index","follow":"follow","max-snippet":"max-snippet:-1","max-image-preview":"max-image-preview:large","max-video-preview":"max-video-preview:-1"},"canonical":"https:\/\/teiaeducation.ch\/de\/produkt\/wachsmalblocke-12-sortierten-farben-stockmar\/","og_locale":"de_DE","og_type":"article","og_title":"Wachsmalbl\u00f6cke 12 sortierten Farben - Stockmar","og_description":"Die Stockmar Waldorf Wachsmalbl\u00f6cke in 12 sortierten Farben werden aus nat\u00fcrlichen Zutaten hergestellt und basieren auf der Goetheschen Farbenlehre!","og_url":"https:\/\/teiaeducation.ch\/de\/produkt\/wachsmalblocke-12-sortierten-farben-stockmar\/","og_site_name":"Sustainable Educational Products &amp; Ecological Toys\u00a0","article_publisher":"https:\/\/www.facebook.com\/teiaeducation\/","article_modified_time":"2025-06-16T09:16:30+00:00","og_image":[{"width":560,"height":431,"url":"https:\/\/teiaeducation.ch\/wp-content\/uploads\/2020\/06\/Stockmar-wax-block-crayons-12-_Stockmar-e1634148635491.jpg","type":"image\/jpeg"}],"schema":{"@context":"https:\/\/schema.org","@graph":[{"@type":"WebPage","@id":"https:\/\/teiaeducation.ch\/de\/produkt\/wachsmalblocke-12-sortierten-farben-stockmar\/","url":"https:\/\/teiaeducation.ch\/de\/produkt\/wachsmalblocke-12-sortierten-farben-stockmar\/","name":"Wachsmalbl\u00f6cke 12 sortierten Farben - Stockmar","isPartOf":{"@id":"https:\/\/teiaeducation.ch\/de\/#website"},"primaryImageOfPage":{"@id":"https:\/\/teiaeducation.ch\/de\/produkt\/wachsmalblocke-12-sortierten-farben-stockmar\/#primaryimage"},"image":{"@id":"https:\/\/teiaeducation.ch\/de\/produkt\/wachsmalblocke-12-sortierten-farben-stockmar\/#primaryimage"},"thumbnailUrl":"https:\/\/teiaeducation.ch\/wp-content\/uploads\/2020\/06\/Stockmar-wax-block-crayons-12-_Stockmar-e1634148635491.jpg","datePublished":"2020-06-20T15:03:22+00:00","dateModified":"2025-06-16T09:16:30+00:00","description":"Die Stockmar Waldorf Wachsmalbl\u00f6cke in 12 sortierten Farben werden aus nat\u00fcrlichen Zutaten hergestellt und basieren auf der Goetheschen Farbenlehre!","breadcrumb":{"@id":"https:\/\/teiaeducation.ch\/de\/produkt\/wachsmalblocke-12-sortierten-farben-stockmar\/#breadcrumb"},"inLanguage":"de-CH","potentialAction":[{"@type":"ReadAction","target":["https:\/\/teiaeducation.ch\/de\/produkt\/wachsmalblocke-12-sortierten-farben-stockmar\/"]}]},{"@type":"ImageObject","inLanguage":"de-CH","@id":"https:\/\/teiaeducation.ch\/de\/produkt\/wachsmalblocke-12-sortierten-farben-stockmar\/#primaryimage","url":"https:\/\/teiaeducation.ch\/wp-content\/uploads\/2020\/06\/Stockmar-wax-block-crayons-12-_Stockmar-e1634148635491.jpg","contentUrl":"https:\/\/teiaeducation.ch\/wp-content\/uploads\/2020\/06\/Stockmar-wax-block-crayons-12-_Stockmar-e1634148635491.jpg","width":560,"height":431,"caption":"Waldorf K\u00fcnstlerbedarf Wachsmalbl\u00f6cke 12 sortierten Farben \u2013 Stockmar"},{"@type":"BreadcrumbList","@id":"https:\/\/teiaeducation.ch\/de\/produkt\/wachsmalblocke-12-sortierten-farben-stockmar\/#breadcrumb","itemListElement":[{"@type":"ListItem","position":1,"name":"Home","item":"https:\/\/teiaeducation.ch\/de\/"},{"@type":"ListItem","position":2,"name":"Laden","item":"https:\/\/teiaeducation.ch\/de\/shop\/"},{"@type":"ListItem","position":3,"name":"Unsere Marken","item":"https:\/\/teiaeducation.ch\/de\/produkt-kategorie\/unsere-marken\/"},{"@type":"ListItem","position":4,"name":"Stockmar","item":"https:\/\/teiaeducation.ch\/de\/produkt-kategorie\/unsere-marken\/stockmar-de\/"},{"@type":"ListItem","position":5,"name":"Wachsmalbl\u00f6cke 12 sortierten Farben \u2013 Stockmar"}]},{"@type":"WebSite","@id":"https:\/\/teiaeducation.ch\/de\/#website","url":"https:\/\/teiaeducation.ch\/de\/","name":"Sustainable Educational Products &amp; Ecological Toys\u00a0","description":"Specialised Swiss shop selling sustainable educational toys and games, AMI certified Montessori materials, handmade ecological wooden Waldorf toys and arts &amp; crafts supplies, school supplies, children&#039;s furniture and Montessori reference and parenting books.","publisher":{"@id":"https:\/\/teiaeducation.ch\/de\/#organization"},"alternateName":"Teia Education & Play","potentialAction":[{"@type":"SearchAction","target":{"@type":"EntryPoint","urlTemplate":"https:\/\/teiaeducation.ch\/de\/?s={search_term_string}"},"query-input":{"@type":"PropertyValueSpecification","valueRequired":true,"valueName":"search_term_string"}}],"inLanguage":"de-CH"},{"@type":"Organization","@id":"https:\/\/teiaeducation.ch\/de\/#organization","name":"Teia Education & Play","url":"https:\/\/teiaeducation.ch\/de\/","logo":{"@type":"ImageObject","inLanguage":"de-CH","@id":"https:\/\/teiaeducation.ch\/de\/#\/schema\/logo\/image\/","url":"https:\/\/teiaeducation.ch\/wp-content\/uploads\/2020\/11\/Teia-Education-Switzerland-e1620156442216.jpg","contentUrl":"https:\/\/teiaeducation.ch\/wp-content\/uploads\/2020\/11\/Teia-Education-Switzerland-e1620156442216.jpg","width":166,"height":145,"caption":"Teia Education & Play"},"image":{"@id":"https:\/\/teiaeducation.ch\/de\/#\/schema\/logo\/image\/"},"sameAs":["https:\/\/www.facebook.com\/teiaeducation\/","https:\/\/x.com\/EducationTeia","https:\/\/www.instagram.com\/teia.education\/","https:\/\/www.linkedin.com\/company\/35501660","https:\/\/www.pinterest.ch\/TeiaEducation\/"]}]}},"_links":{"self":[{"href":"https:\/\/teiaeducation.ch\/de\/wp-json\/wp\/v2\/product\/57571","targetHints":{"allow":["GET"]}}],"collection":[{"href":"https:\/\/teiaeducation.ch\/de\/wp-json\/wp\/v2\/product"}],"about":[{"href":"https:\/\/teiaeducation.ch\/de\/wp-json\/wp\/v2\/types\/product"}],"replies":[{"embeddable":true,"href":"https:\/\/teiaeducation.ch\/de\/wp-json\/wp\/v2\/comments?post=57571"}],"wp:featuredmedia":[{"embeddable":true,"href":"https:\/\/teiaeducation.ch\/de\/wp-json\/wp\/v2\/media\/57572"}],"wp:attachment":[{"href":"https:\/\/teiaeducation.ch\/de\/wp-json\/wp\/v2\/media?parent=57571"}],"wp:term":[{"taxonomy":"product_brand","embeddable":true,"href":"https:\/\/teiaeducation.ch\/de\/wp-json\/wp\/v2\/product_brand?post=57571"},{"taxonomy":"product_cat","embeddable":true,"href":"https:\/\/teiaeducation.ch\/de\/wp-json\/wp\/v2\/product_cat?post=57571"},{"taxonomy":"product_tag","embeddable":true,"href":"https:\/\/teiaeducation.ch\/de\/wp-json\/wp\/v2\/product_tag?post=57571"}],"curies":[{"name":"wp","href":"https:\/\/api.w.org\/{rel}","templated":true}]}}