{"id":57630,"date":"2023-11-13T13:17:08","date_gmt":"2023-11-13T12:17:08","guid":{"rendered":"https:\/\/teiaeducation.ch\/product\/nummerierte-sortier-und-zaehlschalen-aus-holz-threewood\/"},"modified":"2024-10-05T18:27:36","modified_gmt":"2024-10-05T16:27:36","slug":"nummerierte-sortier-und-zaehlschalen-aus-holz-threewood","status":"publish","type":"product","link":"https:\/\/teiaeducation.ch\/de\/produkt\/nummerierte-sortier-und-zaehlschalen-aus-holz-threewood\/","title":{"rendered":"Nummerierte Sortier- und Z\u00e4hlschalen aus Holz &#8211; Threewood"},"content":{"rendered":"<p>Die nummerierte Sortier- und Z\u00e4hlschalen von Threewood sind ein wunderbares, handgefertigtes, von <a href=\"https:\/\/teiaeducation.ch\/product-category\/hgh-quality-toys-play\/montessori-toys\/\">Montessori<\/a> inspiriertes, sensorisches Lernspielzeug f\u00fcr <a href=\"https:\/\/teiaeducation.ch\/product-category\/learning-themes\/mathematics-numeracy\/\">Mathematik und Rechnen<\/a> f\u00fcr kleine Kinder!<\/p>\n<p>Kinder werden viel Spa\u00df beim Z\u00e4hlen und Sortieren mit den Tabletts haben. Das Kind kann die <a href=\"https:\/\/teiaeducation.ch\/product-category\/learning-themes\/mathematics-numeracy\/numbers\/\">Zahlen<\/a> auch mit dem Zeigefinger oder den mitgelieferten Holzstiften nachzeichnenw\u00e4hrend es seine <a href=\"https:\/\/teiaeducation.ch\/product-category\/learning-themes\/sensory-motor-skills\/motor-skills\/\">Feinmotorik<\/a> verfeinert und seine H\u00e4nde als Vorbereitung auf das <a href=\"https:\/\/teiaeducation.ch\/product-category\/learning-themes\/literacy-language\/learning-to-write\/\">Schreiben<\/a> st\u00e4rkt! Mit diesem durchdachten und liebevoll hergestellten Lernspielzeug wird das <a href=\"https:\/\/teiaeducation.ch\/product-category\/learning-themes\/mathematics-numeracy\/counting\/\">Z\u00e4hlenlernen<\/a> zu einem lustigen und praktischen Spiel, das sich perfekt f\u00fcr das Montessori-Lernen und -Spielen <a href=\"https:\/\/teiaeducation.ch\/product-category\/homeschool-supplies\/montessori-homeschool-materials\/\">zu Hause<\/a> eignet.<\/p>\n<p>Die Schalen werden von Hand aus nat\u00fcrlichem, massivem Eichenholz hergestellt und werden in 10 verschiedenen Gr\u00f6\u00dfen geliefert. Die Zahlen 1 (beginnend mit der kleinen Schale) bis 10 (gr\u00f6\u00dfte Schale) sind in der Mitte eingeschnitzt, was einen Rahmen f\u00fcr <a href=\"https:\/\/teiaeducation.ch\/product-category\/play\/sorting\/\">Sortier<\/a>&#8211; und Z\u00e4hlaktivit\u00e4ten bietet. Das ganze Set von Schalen kann ineinander gestapelt werden.<\/p>\n<p>Dieses wunderbar nat\u00fcrliche und qualitativ hochwertige taktile Lernspielzeug passt perfekt zu den Threewood <a href=\"https:\/\/teiaeducation.ch\/product\/woollen-felt-balls-55-threewood\/\">Wollfilzkugeln<\/a>, kann aber auch mit anderen kleinen Objekten wie Perlen, Steinen, Murmeln oder Fundst\u00fccken aus der <a href=\"https:\/\/teiaeducation.ch\/product-category\/play\/nature-play\/\">Natur<\/a> verwendet werden.<\/p>\n<p>Die Schalen aus massiver Eicheholz sind mit nat\u00fcrlichem \u00d6l behandelt und haben einen Durchmesser von 5,5 bis 20 cm. Die Stifte sind aus Sperrholz gefertigt. Dieses komplette Z\u00e4hl- und Sortierset aus Holz wird in der Ukraine von Hand gefertigt und ist f\u00fcr Kinder ab 3 Jahren geeignet.<\/p>\n<p>Inhalt:<\/p>\n<p>10 Schalen aus Eichenholz (5,5 bis 20cm Durchmesser)<br \/>\n2 Holzstifte<br \/>\n1 Leinenbeutel zur Aufbewahrung der Stifte<\/p>\n<h2>\u00dcber Threewood<\/h2>\n<p><a href=\"https:\/\/teiaeducation.ch\/product-category\/brands\/threewood\/\">Threewood<\/a> ist ein ukrainisches Ehepaar, Yuriy und Olga, das erstaunliche handgefertigte <a href=\"https:\/\/teiaeducation.ch\/product-category\/learning-themes\/\">Lernspielzeuge<\/a> und Materialien herstellt, die von der <a href=\"https:\/\/teiaeducation.ch\/product-category\/education-method\/the-montessori-pedagogy-materials-toys\/\">Montessori<\/a> P\u00e4dagogik inspiriert sind. Der Name Threewood steht f\u00fcr ihre drei Kinder und die Leidenschaft f\u00fcr die Arbeit mit Holz, die Yuriy von seinem Vater und Gro\u00dfvater geerbt hat.<\/p>\n<p>Diese <a href=\"https:\/\/teiaeducation.ch\/product-category\/hgh-quality-toys-play\/handmade-wooden-toys\/\">handgefertigten Holzspielzeuge<\/a> sind meist aus Eichenholz hergestellt und von h\u00f6chster Qualit\u00e4t und Design. Sie versprechen Langlebigkeit und spielerisches Lernen f\u00fcr Generationen!<\/p>\n","protected":false},"excerpt":{"rendered":"<p>Artikelnummer: TW0023<\/p>\n<p>Die nummerierte Sortier- und Z\u00e4hlschalen von Threewood sind ein von Montessori inspiriertes Lernspielzeug f\u00fcr Mathematik und Rechnen &#8211; von Hand aus nat\u00fcrlichem, massivem Eichenholz gefertigt.<\/p>\n","protected":false},"featured_media":57292,"comment_status":"open","ping_status":"closed","template":"","meta":[],"product_brand":[],"product_cat":[21445,21446,21479,21487,21491,21484,23075,21509,21537,21498,21481,22182,21443,21563,21494,21495,21697,21678,21672,21482,21564,21540,21547],"product_tag":[26895,26881,26896,26887,26897,26886,26880,26882,26888,26898,26892,26884,26900,26902,26901,26992,26885,26889,26894,26893,26879,26993,26994],"class_list":{"0":"post-57630","1":"product","2":"type-product","3":"status-publish","4":"has-post-thumbnail","6":"product_cat-3-6-jahre-vorschule","7":"product_cat-6-12-jahre-grundschule","8":"product_cat-lernmaterialien-spielzeug-montessori-waldorf-steiner-froebel","9":"product_cat-geschenk-guide-3-6-jahre-vorschule","10":"product_cat-geschenk-guide-lerngeschenke","11":"product_cat-geschenk-guides","12":"product_cat-handgefertigtes-holzspielzeug","13":"product_cat-lernthemen","14":"product_cat-mathematik-rechnen","15":"product_cat-montessori-materialien-fuer-zuhause-schulbedarf-fuer-zuhause","16":"product_cat-montessori-paedagogik-material-spielzeug","17":"product_cat-montessori-spielzeug","18":"product_cat-nach-alter","19":"product_cat-neuheiten","20":"product_cat-schulbedarf-fuer-zuhause","21":"product_cat-schulbedarf-fuer-zuhause-3-6-jahre","22":"product_cat-sortieren","23":"product_cat-kinder-spielzeug","24":"product_cat-threewood-de","25":"product_cat-traditionelle-bildung","26":"product_cat-unsere-marken","27":"product_cat-zaehlen","28":"product_cat-ziffern","29":"product_tag-alphabet-board-aus-holz-threewood","30":"product_tag-alphabet-lernspielzeug-aus-holz","31":"product_tag-alphabet-lernspielzeug-aus-holz-deutscher-sprache","32":"product_tag-buchstaben-und-worter-aus-holz","33":"product_tag-buchstaben-und-worter-aus-holz-in-deutscher-sprache","34":"product_tag-handgefertigte-montessori-lernspielzeug","35":"product_tag-handgefertigtes-lernspielzeug-aus-holz","36":"product_tag-hergestellt-in-der-ukraine","37":"product_tag-letter-board-aus-holz-threewood","38":"product_tag-letter-board-aus-holz-threewood-in-deutscher-sprache","39":"product_tag-montessori-inspiriertes-buchstaben-lernspielzeug","40":"product_tag-montessori-inspiriertes-lernspielzeug","41":"product_tag-montessori-inspiriertes-lernspielzeug-fur-zahlen","42":"product_tag-montessori-inspiriertes-lernspielzeug-zum-sortieren","43":"product_tag-montessori-inspiriertes-lernspielzeug-zum-zahlen","44":"product_tag-nummerierte-sortier-und-zahlschalen-aus-holz-threewood","45":"product_tag-threewood-alphabet-board-aus-holz","46":"product_tag-threewood-alphabet-board-aus-holz-deutscher-sprache","47":"product_tag-threewood-handgefertigte-alphabet-board","48":"product_tag-threewood-montessori-inspiriertes-spielzeug","49":"product_tag-threewood-montessori-spielzeug","50":"product_tag-threewood-sortierschalen","51":"product_tag-threewood-zahlschalen","53":"first","54":"instock","55":"taxable","56":"shipping-taxable","57":"purchasable","58":"product-type-simple"},"yoast_head":"<!-- This site is optimized with the Yoast SEO plugin v27.3 - https:\/\/yoast.com\/product\/yoast-seo-wordpress\/ -->\n<title>Nummerierte Sortier- und Z\u00e4hlschalen aus Holz - Threewood<\/title>\n<meta name=\"description\" content=\"Die nummerierte Sortier- und Z\u00e4hlschalen von Threewood sind ein von Montessori inspiriertes Lernspielzeug f\u00fcr Mathematik und Rechnen - von Hand gefertigt.\" \/>\n<meta name=\"robots\" content=\"index, follow, max-snippet:-1, max-image-preview:large, max-video-preview:-1\" \/>\n<link rel=\"canonical\" href=\"https:\/\/teiaeducation.ch\/de\/produkt\/nummerierte-sortier-und-zaehlschalen-aus-holz-threewood\/\" \/>\n<meta property=\"og:locale\" content=\"de_DE\" \/>\n<meta property=\"og:type\" content=\"article\" \/>\n<meta property=\"og:title\" content=\"Nummerierte Sortier- und Z\u00e4hlschalen aus Holz - Threewood\" \/>\n<meta property=\"og:description\" content=\"Die nummerierte Sortier- und Z\u00e4hlschalen von Threewood sind ein von Montessori inspiriertes Lernspielzeug f\u00fcr Mathematik und Rechnen - von Hand gefertigt.\" \/>\n<meta property=\"og:url\" content=\"https:\/\/teiaeducation.ch\/de\/produkt\/nummerierte-sortier-und-zaehlschalen-aus-holz-threewood\/\" \/>\n<meta property=\"og:site_name\" content=\"Sustainable Educational Products &amp; Ecological Toys\u00a0\" \/>\n<meta property=\"article:publisher\" content=\"https:\/\/www.facebook.com\/teiaeducation\/\" \/>\n<meta property=\"article:modified_time\" content=\"2024-10-05T16:27:36+00:00\" \/>\n<meta property=\"og:image\" content=\"https:\/\/teiaeducation.ch\/wp-content\/uploads\/2023\/11\/Threewood-numbered-sorting-and-counting-trays-Montessori-inspired-1-1-e1729452451507.jpg\" \/>\n\t<meta property=\"og:image:width\" content=\"1500\" \/>\n\t<meta property=\"og:image:height\" content=\"1125\" \/>\n\t<meta property=\"og:image:type\" content=\"image\/jpeg\" \/>\n<script type=\"application\/ld+json\" class=\"yoast-schema-graph\">{\"@context\":\"https:\\\/\\\/schema.org\",\"@graph\":[{\"@type\":\"WebPage\",\"@id\":\"https:\\\/\\\/teiaeducation.ch\\\/de\\\/produkt\\\/nummerierte-sortier-und-zaehlschalen-aus-holz-threewood\\\/\",\"url\":\"https:\\\/\\\/teiaeducation.ch\\\/de\\\/produkt\\\/nummerierte-sortier-und-zaehlschalen-aus-holz-threewood\\\/\",\"name\":\"Nummerierte Sortier- und Z\u00e4hlschalen aus Holz - Threewood\",\"isPartOf\":{\"@id\":\"https:\\\/\\\/teiaeducation.ch\\\/de\\\/#website\"},\"primaryImageOfPage\":{\"@id\":\"https:\\\/\\\/teiaeducation.ch\\\/de\\\/produkt\\\/nummerierte-sortier-und-zaehlschalen-aus-holz-threewood\\\/#primaryimage\"},\"image\":{\"@id\":\"https:\\\/\\\/teiaeducation.ch\\\/de\\\/produkt\\\/nummerierte-sortier-und-zaehlschalen-aus-holz-threewood\\\/#primaryimage\"},\"thumbnailUrl\":\"https:\\\/\\\/teiaeducation.ch\\\/wp-content\\\/uploads\\\/2023\\\/11\\\/Threewood-numbered-sorting-and-counting-trays-Montessori-inspired-1-1-e1729452451507.jpg\",\"datePublished\":\"2023-11-13T12:17:08+00:00\",\"dateModified\":\"2024-10-05T16:27:36+00:00\",\"description\":\"Die nummerierte Sortier- und Z\u00e4hlschalen von Threewood sind ein von Montessori inspiriertes Lernspielzeug f\u00fcr Mathematik und Rechnen - von Hand gefertigt.\",\"breadcrumb\":{\"@id\":\"https:\\\/\\\/teiaeducation.ch\\\/de\\\/produkt\\\/nummerierte-sortier-und-zaehlschalen-aus-holz-threewood\\\/#breadcrumb\"},\"inLanguage\":\"de-CH\",\"potentialAction\":[{\"@type\":\"ReadAction\",\"target\":[\"https:\\\/\\\/teiaeducation.ch\\\/de\\\/produkt\\\/nummerierte-sortier-und-zaehlschalen-aus-holz-threewood\\\/\"]}]},{\"@type\":\"ImageObject\",\"inLanguage\":\"de-CH\",\"@id\":\"https:\\\/\\\/teiaeducation.ch\\\/de\\\/produkt\\\/nummerierte-sortier-und-zaehlschalen-aus-holz-threewood\\\/#primaryimage\",\"url\":\"https:\\\/\\\/teiaeducation.ch\\\/wp-content\\\/uploads\\\/2023\\\/11\\\/Threewood-numbered-sorting-and-counting-trays-Montessori-inspired-1-1-e1729452451507.jpg\",\"contentUrl\":\"https:\\\/\\\/teiaeducation.ch\\\/wp-content\\\/uploads\\\/2023\\\/11\\\/Threewood-numbered-sorting-and-counting-trays-Montessori-inspired-1-1-e1729452451507.jpg\",\"width\":1500,\"height\":1125,\"caption\":\"Montessori inspiriert Nummerierte Sortier- und Z\u00e4hlschalen aus Holz Threewood\"},{\"@type\":\"BreadcrumbList\",\"@id\":\"https:\\\/\\\/teiaeducation.ch\\\/de\\\/produkt\\\/nummerierte-sortier-und-zaehlschalen-aus-holz-threewood\\\/#breadcrumb\",\"itemListElement\":[{\"@type\":\"ListItem\",\"position\":1,\"name\":\"Home\",\"item\":\"https:\\\/\\\/teiaeducation.ch\\\/de\\\/\"},{\"@type\":\"ListItem\",\"position\":2,\"name\":\"Laden\",\"item\":\"https:\\\/\\\/teiaeducation.ch\\\/de\\\/shop\\\/\"},{\"@type\":\"ListItem\",\"position\":3,\"name\":\"Unsere Marken\",\"item\":\"https:\\\/\\\/teiaeducation.ch\\\/de\\\/produkt-kategorie\\\/unsere-marken\\\/\"},{\"@type\":\"ListItem\",\"position\":4,\"name\":\"Threewood\",\"item\":\"https:\\\/\\\/teiaeducation.ch\\\/de\\\/produkt-kategorie\\\/unsere-marken\\\/threewood-de\\\/\"},{\"@type\":\"ListItem\",\"position\":5,\"name\":\"Nummerierte Sortier- und Z\u00e4hlschalen aus Holz &#8211; Threewood\"}]},{\"@type\":\"WebSite\",\"@id\":\"https:\\\/\\\/teiaeducation.ch\\\/de\\\/#website\",\"url\":\"https:\\\/\\\/teiaeducation.ch\\\/de\\\/\",\"name\":\"Sustainable Educational Products &amp; Ecological Toys\u00a0\",\"description\":\"Specialised Swiss shop selling sustainable educational toys and games, AMI certified Montessori materials, handmade ecological wooden Waldorf toys and arts &amp; crafts supplies, school supplies, children&#039;s furniture and Montessori reference and parenting books.\",\"publisher\":{\"@id\":\"https:\\\/\\\/teiaeducation.ch\\\/de\\\/#organization\"},\"alternateName\":\"Teia Education & Play\",\"potentialAction\":[{\"@type\":\"SearchAction\",\"target\":{\"@type\":\"EntryPoint\",\"urlTemplate\":\"https:\\\/\\\/teiaeducation.ch\\\/de\\\/?s={search_term_string}\"},\"query-input\":{\"@type\":\"PropertyValueSpecification\",\"valueRequired\":true,\"valueName\":\"search_term_string\"}}],\"inLanguage\":\"de-CH\"},{\"@type\":\"Organization\",\"@id\":\"https:\\\/\\\/teiaeducation.ch\\\/de\\\/#organization\",\"name\":\"Teia Education & Play\",\"url\":\"https:\\\/\\\/teiaeducation.ch\\\/de\\\/\",\"logo\":{\"@type\":\"ImageObject\",\"inLanguage\":\"de-CH\",\"@id\":\"https:\\\/\\\/teiaeducation.ch\\\/de\\\/#\\\/schema\\\/logo\\\/image\\\/\",\"url\":\"https:\\\/\\\/teiaeducation.ch\\\/wp-content\\\/uploads\\\/2020\\\/11\\\/Teia-Education-Switzerland-e1620156442216.jpg\",\"contentUrl\":\"https:\\\/\\\/teiaeducation.ch\\\/wp-content\\\/uploads\\\/2020\\\/11\\\/Teia-Education-Switzerland-e1620156442216.jpg\",\"width\":166,\"height\":145,\"caption\":\"Teia Education & Play\"},\"image\":{\"@id\":\"https:\\\/\\\/teiaeducation.ch\\\/de\\\/#\\\/schema\\\/logo\\\/image\\\/\"},\"sameAs\":[\"https:\\\/\\\/www.facebook.com\\\/teiaeducation\\\/\",\"https:\\\/\\\/x.com\\\/EducationTeia\",\"https:\\\/\\\/www.instagram.com\\\/teia.education\\\/\",\"https:\\\/\\\/www.linkedin.com\\\/company\\\/35501660\",\"https:\\\/\\\/www.pinterest.ch\\\/TeiaEducation\\\/\"]}]}<\/script>\n<!-- \/ Yoast SEO plugin. -->","yoast_head_json":{"title":"Nummerierte Sortier- und Z\u00e4hlschalen aus Holz - Threewood","description":"Die nummerierte Sortier- und Z\u00e4hlschalen von Threewood sind ein von Montessori inspiriertes Lernspielzeug f\u00fcr Mathematik und Rechnen - von Hand gefertigt.","robots":{"index":"index","follow":"follow","max-snippet":"max-snippet:-1","max-image-preview":"max-image-preview:large","max-video-preview":"max-video-preview:-1"},"canonical":"https:\/\/teiaeducation.ch\/de\/produkt\/nummerierte-sortier-und-zaehlschalen-aus-holz-threewood\/","og_locale":"de_DE","og_type":"article","og_title":"Nummerierte Sortier- und Z\u00e4hlschalen aus Holz - Threewood","og_description":"Die nummerierte Sortier- und Z\u00e4hlschalen von Threewood sind ein von Montessori inspiriertes Lernspielzeug f\u00fcr Mathematik und Rechnen - von Hand gefertigt.","og_url":"https:\/\/teiaeducation.ch\/de\/produkt\/nummerierte-sortier-und-zaehlschalen-aus-holz-threewood\/","og_site_name":"Sustainable Educational Products &amp; Ecological Toys\u00a0","article_publisher":"https:\/\/www.facebook.com\/teiaeducation\/","article_modified_time":"2024-10-05T16:27:36+00:00","og_image":[{"width":1500,"height":1125,"url":"https:\/\/teiaeducation.ch\/wp-content\/uploads\/2023\/11\/Threewood-numbered-sorting-and-counting-trays-Montessori-inspired-1-1-e1729452451507.jpg","type":"image\/jpeg"}],"schema":{"@context":"https:\/\/schema.org","@graph":[{"@type":"WebPage","@id":"https:\/\/teiaeducation.ch\/de\/produkt\/nummerierte-sortier-und-zaehlschalen-aus-holz-threewood\/","url":"https:\/\/teiaeducation.ch\/de\/produkt\/nummerierte-sortier-und-zaehlschalen-aus-holz-threewood\/","name":"Nummerierte Sortier- und Z\u00e4hlschalen aus Holz - Threewood","isPartOf":{"@id":"https:\/\/teiaeducation.ch\/de\/#website"},"primaryImageOfPage":{"@id":"https:\/\/teiaeducation.ch\/de\/produkt\/nummerierte-sortier-und-zaehlschalen-aus-holz-threewood\/#primaryimage"},"image":{"@id":"https:\/\/teiaeducation.ch\/de\/produkt\/nummerierte-sortier-und-zaehlschalen-aus-holz-threewood\/#primaryimage"},"thumbnailUrl":"https:\/\/teiaeducation.ch\/wp-content\/uploads\/2023\/11\/Threewood-numbered-sorting-and-counting-trays-Montessori-inspired-1-1-e1729452451507.jpg","datePublished":"2023-11-13T12:17:08+00:00","dateModified":"2024-10-05T16:27:36+00:00","description":"Die nummerierte Sortier- und Z\u00e4hlschalen von Threewood sind ein von Montessori inspiriertes Lernspielzeug f\u00fcr Mathematik und Rechnen - von Hand gefertigt.","breadcrumb":{"@id":"https:\/\/teiaeducation.ch\/de\/produkt\/nummerierte-sortier-und-zaehlschalen-aus-holz-threewood\/#breadcrumb"},"inLanguage":"de-CH","potentialAction":[{"@type":"ReadAction","target":["https:\/\/teiaeducation.ch\/de\/produkt\/nummerierte-sortier-und-zaehlschalen-aus-holz-threewood\/"]}]},{"@type":"ImageObject","inLanguage":"de-CH","@id":"https:\/\/teiaeducation.ch\/de\/produkt\/nummerierte-sortier-und-zaehlschalen-aus-holz-threewood\/#primaryimage","url":"https:\/\/teiaeducation.ch\/wp-content\/uploads\/2023\/11\/Threewood-numbered-sorting-and-counting-trays-Montessori-inspired-1-1-e1729452451507.jpg","contentUrl":"https:\/\/teiaeducation.ch\/wp-content\/uploads\/2023\/11\/Threewood-numbered-sorting-and-counting-trays-Montessori-inspired-1-1-e1729452451507.jpg","width":1500,"height":1125,"caption":"Montessori inspiriert Nummerierte Sortier- und Z\u00e4hlschalen aus Holz Threewood"},{"@type":"BreadcrumbList","@id":"https:\/\/teiaeducation.ch\/de\/produkt\/nummerierte-sortier-und-zaehlschalen-aus-holz-threewood\/#breadcrumb","itemListElement":[{"@type":"ListItem","position":1,"name":"Home","item":"https:\/\/teiaeducation.ch\/de\/"},{"@type":"ListItem","position":2,"name":"Laden","item":"https:\/\/teiaeducation.ch\/de\/shop\/"},{"@type":"ListItem","position":3,"name":"Unsere Marken","item":"https:\/\/teiaeducation.ch\/de\/produkt-kategorie\/unsere-marken\/"},{"@type":"ListItem","position":4,"name":"Threewood","item":"https:\/\/teiaeducation.ch\/de\/produkt-kategorie\/unsere-marken\/threewood-de\/"},{"@type":"ListItem","position":5,"name":"Nummerierte Sortier- und Z\u00e4hlschalen aus Holz &#8211; Threewood"}]},{"@type":"WebSite","@id":"https:\/\/teiaeducation.ch\/de\/#website","url":"https:\/\/teiaeducation.ch\/de\/","name":"Sustainable Educational Products &amp; Ecological Toys\u00a0","description":"Specialised Swiss shop selling sustainable educational toys and games, AMI certified Montessori materials, handmade ecological wooden Waldorf toys and arts &amp; crafts supplies, school supplies, children&#039;s furniture and Montessori reference and parenting books.","publisher":{"@id":"https:\/\/teiaeducation.ch\/de\/#organization"},"alternateName":"Teia Education & Play","potentialAction":[{"@type":"SearchAction","target":{"@type":"EntryPoint","urlTemplate":"https:\/\/teiaeducation.ch\/de\/?s={search_term_string}"},"query-input":{"@type":"PropertyValueSpecification","valueRequired":true,"valueName":"search_term_string"}}],"inLanguage":"de-CH"},{"@type":"Organization","@id":"https:\/\/teiaeducation.ch\/de\/#organization","name":"Teia Education & Play","url":"https:\/\/teiaeducation.ch\/de\/","logo":{"@type":"ImageObject","inLanguage":"de-CH","@id":"https:\/\/teiaeducation.ch\/de\/#\/schema\/logo\/image\/","url":"https:\/\/teiaeducation.ch\/wp-content\/uploads\/2020\/11\/Teia-Education-Switzerland-e1620156442216.jpg","contentUrl":"https:\/\/teiaeducation.ch\/wp-content\/uploads\/2020\/11\/Teia-Education-Switzerland-e1620156442216.jpg","width":166,"height":145,"caption":"Teia Education & Play"},"image":{"@id":"https:\/\/teiaeducation.ch\/de\/#\/schema\/logo\/image\/"},"sameAs":["https:\/\/www.facebook.com\/teiaeducation\/","https:\/\/x.com\/EducationTeia","https:\/\/www.instagram.com\/teia.education\/","https:\/\/www.linkedin.com\/company\/35501660","https:\/\/www.pinterest.ch\/TeiaEducation\/"]}]}},"_links":{"self":[{"href":"https:\/\/teiaeducation.ch\/de\/wp-json\/wp\/v2\/product\/57630","targetHints":{"allow":["GET"]}}],"collection":[{"href":"https:\/\/teiaeducation.ch\/de\/wp-json\/wp\/v2\/product"}],"about":[{"href":"https:\/\/teiaeducation.ch\/de\/wp-json\/wp\/v2\/types\/product"}],"replies":[{"embeddable":true,"href":"https:\/\/teiaeducation.ch\/de\/wp-json\/wp\/v2\/comments?post=57630"}],"wp:featuredmedia":[{"embeddable":true,"href":"https:\/\/teiaeducation.ch\/de\/wp-json\/wp\/v2\/media\/57292"}],"wp:attachment":[{"href":"https:\/\/teiaeducation.ch\/de\/wp-json\/wp\/v2\/media?parent=57630"}],"wp:term":[{"taxonomy":"product_brand","embeddable":true,"href":"https:\/\/teiaeducation.ch\/de\/wp-json\/wp\/v2\/product_brand?post=57630"},{"taxonomy":"product_cat","embeddable":true,"href":"https:\/\/teiaeducation.ch\/de\/wp-json\/wp\/v2\/product_cat?post=57630"},{"taxonomy":"product_tag","embeddable":true,"href":"https:\/\/teiaeducation.ch\/de\/wp-json\/wp\/v2\/product_tag?post=57630"}],"curies":[{"name":"wp","href":"https:\/\/api.w.org\/{rel}","templated":true}]}}