{"id":57655,"date":"2021-01-17T18:23:53","date_gmt":"2021-01-17T17:23:53","guid":{"rendered":"https:\/\/teiaeducation.ch\/product\/bewegliches-alphabet-klein-schwarz-nienhuis-montessori\/"},"modified":"2023-12-01T10:32:58","modified_gmt":"2023-12-01T09:32:58","slug":"bewegliches-alphabet-klein-schwarz-nienhuis-montessori","status":"publish","type":"product","link":"https:\/\/teiaeducation.ch\/de\/produkt\/bewegliches-alphabet-klein-schwarz-nienhuis-montessori\/","title":{"rendered":"Bewegliches Alphabet, klein, schwarz &#8211; Nienhuis Montessori"},"content":{"rendered":"<p>Das kleine bewegliche Nienhuis Montessori-Alphabet in internationaler Schrift aus dem Sortiment der Sprachmaterialien besteht aus dicken Kunststoffbuchstaben in Schwarz. Das Kind beginnt mit dem kleinen beweglichen Alphabet zu arbeiten, nachdem es die Buchstabenlaute durch die Arbeit mit den <a href=\"https:\/\/teiaeducation.ch\/product\/sandpaper-letters-international-print-nienhuis-montessori\/\">Sandpapierbuchstaben<\/a> gelernt hat. Auch wenn das Kind noch nicht schreiben kann, erm\u00f6glicht ihm die Arbeit mit dem beweglichen Alphabet, die Buchstaben des Alphabets zu lernen, mit dem Buchstabieren zu beginnen, W\u00f6rter zu bilden und erste Schreib- und Lesef\u00e4higkeiten zu entwickeln. Die kleinen beweglichen Buchstaben des Alphabets nehmen nicht viel Platz weg und lassen sich auch auf einem kleinen Tisch gut verwenden.<\/p>\n<p>Die Arbeit mit dem kleinen beweglichen Alphabet erleichtert die Wortbildung mit Phonogrammen in zwei Farben. Das Phonogramm-Wortgeb\u00e4ude wird mit schwarzen Buchstaben dargestellt, die durch ein zweites Feld mit roten oder blauen Buchstaben erg\u00e4nzt werden. Die W\u00f6rter werden mit schwarzen Buchstaben gebildet und das Phonogramm wird entweder mit <a href=\"https:\/\/teiaeducation.ch\/product\/small-movable-alphabet-international-print-red-nienhuis-montessori\/\">roten<\/a> oder <a href=\"https:\/\/teiaeducation.ch\/product\/small-movable-alphabet-international-print-blue-nienhuis-montessori\/\">blauen<\/a> Buchstaben hervorgehoben. (separat erh\u00e4ltlich)<\/p>\n<p>Das Nienhuis Montessori Set mit dem kleinen beweglichen Alphabet enth\u00e4lt auch zus\u00e4tzliche Buchstaben f\u00fcr die spanische, deutsche und nordische Sprache, die bei Bedarf aus dem Set entfernt werden k\u00f6nnen. Eine <a href=\"https:\/\/teiaeducation.ch\/product\/small-movable-alphabet-box-nienhuis-montessori\/\">Holzkiste<\/a> zur Aufnahme des kleinen beweglichen Alphabets ist auch separat in unserem Webshop erh\u00e4ltlich.<\/p>\n<p>Die Niederl\u00e4ndische Marke <a href=\"https:\/\/teiaeducation.ch\/product-category\/brands\/nienhuis-montessori-educational-materials\/\">Nienhuis Montessori<\/a> ist die weltweit f\u00fchrende Montessori-Marke, die das Erbe von Maria Montessori ehrt und fortf\u00fchrt und das breiteste und innovativste Sortiment an Montessori-Materialien, <a href=\"https:\/\/teiaeducation.ch\/product-category\/classroom-essentials\/montessori-furniture\/\">M\u00f6beln<\/a> und <a href=\"https:\/\/teiaeducation.ch\/product-category\/brands\/nienhuis-montessori-educational-materials\/add-ons\/\">verwandten Produkten<\/a> herstellt. Die hochwertigen Nienhuis Montessori Produkte geben den Kindern die Werkzeuge, die sie brauchen, um Unabhangig und kritisch zu denken. Alle Nienhuis Montessori Materialien sind vom Materialkomitee der Association Montessori Internationale (<a href=\"https:\/\/montessori-ami.org\/\">AMI<\/a>) zertifiziert und werden sorgf\u00e4ltig hergestellt, um Schwierigkeiten zu isolieren, so dass die Kinder sich konzentrieren, lernen und sich entwickeln k\u00f6nnen.<\/p>\n<p>Nienhuis Montessori ist eine der Marken des Niederlandischen Unternehmens Heutink International, das weltweit die besten pedagogischen Marken anbietet, die auf spielerisches Lernen ausgerichtet sind.<\/p>\n<p>Dieses <a href=\"https:\/\/teiaeducation.ch\/product-category\/education-method\/the-montessori-pedagogy-materials-toys\/\">Montessori-Material<\/a> ist f\u00fcr Kinder ab 6 Jahren geeignet.<\/p>\n<p>Inhalt:<\/p>\n<p>10 St\u00fcck von jedem Konsonantenbuchstaben in dickem schwarzem Kunststoff<br \/>\n15 St\u00fcck von jedem Vokalbuchstaben in dickem schwarzem Kunststoff<\/p>\n<p><em>We currently do not have this item in stock, but it is available on pre-order. We will order this item for you from our supplier. Due to importation from the European Union to Switzerland please allow 2 to maximum 3 weeks for delivery. <\/em><\/p>\n\t<div id=\"gap-501741706\" class=\"gap-element clearfix\" style=\"display:block; height:auto;\">\n\t\t\n<style>\n#gap-501741706 {\n  padding-top: 20px;\n}\n<\/style>\n\t<\/div>\n\t\n","protected":false},"excerpt":{"rendered":"<p>Artikelnummer: 0060A7<\/p>\n<p>Das kleine bewegliche Alphabet von Nienhuis Montessori in internationaler Schrift in Schwarz ist Teil des Sprachmaterials und f\u00f6rdert die ersten Schreib- und Lesefertigkeiten.<\/p>\n","protected":false},"featured_media":57656,"comment_status":"closed","ping_status":"closed","template":"","meta":[],"product_brand":[],"product_cat":[21446,21476,21524,21479,21532,21474,21509,21530,21481,21443,21572,21531,21651,21564],"product_tag":[26998,27000,26999,23469,23120,26966,26920,23470,23119,26997],"class_list":{"0":"post-57655","1":"product","2":"type-product","3":"status-publish","4":"has-post-thumbnail","6":"product_cat-6-12-jahre-grundschule","7":"product_cat-6-12-jahre-klassenzimmer-pack","8":"product_cat-alphabetisierung-sprache","9":"product_cat-lernmaterialien-spielzeug-montessori-waldorf-steiner-froebel","10":"product_cat-buchstaben-das-alphabet","11":"product_cat-klassenzimmer-essenzien","12":"product_cat-lernthemen","13":"product_cat-lesen-lernen","14":"product_cat-montessori-paedagogik-material-spielzeug","15":"product_cat-nach-alter","16":"product_cat-nienhuis-montessori-schweiz","17":"product_cat-schreiben-lernen","18":"product_cat-sprache-nienhuis-montessori","19":"product_cat-unsere-marken","20":"product_tag-fruhe-schreibfahigkeiten","21":"product_tag-kleine-bewegliche-alphabet-internationalen-druck-schwarz-nienhuis-montessori","22":"product_tag-montessori-kleines-bewegliches-alphabet","23":"product_tag-montessori-material-schweiz-de","24":"product_tag-montessori-material-schweiz","25":"product_tag-montessori-materialien-zur-alphabetisierung","26":"product_tag-montessori-sprache-de","27":"product_tag-nienhuis-montessori-schweiz-de-2","28":"product_tag-nienhuis-montessori-schweiz-de","29":"product_tag-vor-dem-schreiben","31":"first","32":"onbackorder","33":"taxable","34":"shipping-taxable","35":"purchasable","36":"product-type-simple"},"yoast_head":"<!-- This site is optimized with the Yoast SEO Premium plugin v25.8 (Yoast SEO v27.4) - https:\/\/yoast.com\/product\/yoast-seo-premium-wordpress\/ -->\n<title>Bewegliches Alphabet, klein, schwarz - Nienhuis Montessori<\/title>\n<meta name=\"description\" content=\"Das kleine bewegliche Alphabet von Nienhuis Montessori in internationaler Schrift in Schwarz ist Teil des Sprachmaterials und f\u00f6rdert die F\u00e4higkeiten zum Schreiben und Lesen.\" \/>\n<meta name=\"robots\" content=\"index, follow, max-snippet:-1, max-image-preview:large, max-video-preview:-1\" \/>\n<link rel=\"canonical\" href=\"https:\/\/teiaeducation.ch\/de\/produkt\/bewegliches-alphabet-klein-schwarz-nienhuis-montessori\/\" \/>\n<meta property=\"og:locale\" content=\"de_DE\" \/>\n<meta property=\"og:type\" content=\"article\" \/>\n<meta property=\"og:title\" content=\"Bewegliches Alphabet, klein, schwarz - Nienhuis Montessori\" \/>\n<meta property=\"og:description\" content=\"Das kleine bewegliche Alphabet von Nienhuis Montessori in internationaler Schrift in Schwarz ist Teil des Sprachmaterials und f\u00f6rdert die F\u00e4higkeiten zum Schreiben und Lesen.\" \/>\n<meta property=\"og:url\" content=\"https:\/\/teiaeducation.ch\/de\/produkt\/bewegliches-alphabet-klein-schwarz-nienhuis-montessori\/\" \/>\n<meta property=\"og:site_name\" content=\"Sustainable Educational Products &amp; Ecological Toys\u00a0\" \/>\n<meta property=\"article:publisher\" content=\"https:\/\/www.facebook.com\/teiaeducation\/\" \/>\n<meta property=\"article:modified_time\" content=\"2023-12-01T09:32:58+00:00\" \/>\n<meta property=\"og:image\" content=\"https:\/\/teiaeducation.ch\/wp-content\/uploads\/2019\/02\/0060A7-1.jpg\" \/>\n\t<meta property=\"og:image:width\" content=\"900\" \/>\n\t<meta property=\"og:image:height\" content=\"900\" \/>\n\t<meta property=\"og:image:type\" content=\"image\/jpeg\" \/>\n<script type=\"application\/ld+json\" class=\"yoast-schema-graph\">{\"@context\":\"https:\\\/\\\/schema.org\",\"@graph\":[{\"@type\":\"WebPage\",\"@id\":\"https:\\\/\\\/teiaeducation.ch\\\/de\\\/produkt\\\/bewegliches-alphabet-klein-schwarz-nienhuis-montessori\\\/\",\"url\":\"https:\\\/\\\/teiaeducation.ch\\\/de\\\/produkt\\\/bewegliches-alphabet-klein-schwarz-nienhuis-montessori\\\/\",\"name\":\"Bewegliches Alphabet, klein, schwarz - Nienhuis Montessori\",\"isPartOf\":{\"@id\":\"https:\\\/\\\/teiaeducation.ch\\\/de\\\/#website\"},\"primaryImageOfPage\":{\"@id\":\"https:\\\/\\\/teiaeducation.ch\\\/de\\\/produkt\\\/bewegliches-alphabet-klein-schwarz-nienhuis-montessori\\\/#primaryimage\"},\"image\":{\"@id\":\"https:\\\/\\\/teiaeducation.ch\\\/de\\\/produkt\\\/bewegliches-alphabet-klein-schwarz-nienhuis-montessori\\\/#primaryimage\"},\"thumbnailUrl\":\"https:\\\/\\\/teiaeducation.ch\\\/wp-content\\\/uploads\\\/2019\\\/02\\\/0060A7-1.jpg\",\"datePublished\":\"2021-01-17T17:23:53+00:00\",\"dateModified\":\"2023-12-01T09:32:58+00:00\",\"description\":\"Das kleine bewegliche Alphabet von Nienhuis Montessori in internationaler Schrift in Schwarz ist Teil des Sprachmaterials und f\u00f6rdert die F\u00e4higkeiten zum Schreiben und Lesen.\",\"breadcrumb\":{\"@id\":\"https:\\\/\\\/teiaeducation.ch\\\/de\\\/produkt\\\/bewegliches-alphabet-klein-schwarz-nienhuis-montessori\\\/#breadcrumb\"},\"inLanguage\":\"de-CH\",\"potentialAction\":[{\"@type\":\"ReadAction\",\"target\":[\"https:\\\/\\\/teiaeducation.ch\\\/de\\\/produkt\\\/bewegliches-alphabet-klein-schwarz-nienhuis-montessori\\\/\"]}]},{\"@type\":\"ImageObject\",\"inLanguage\":\"de-CH\",\"@id\":\"https:\\\/\\\/teiaeducation.ch\\\/de\\\/produkt\\\/bewegliches-alphabet-klein-schwarz-nienhuis-montessori\\\/#primaryimage\",\"url\":\"https:\\\/\\\/teiaeducation.ch\\\/wp-content\\\/uploads\\\/2019\\\/02\\\/0060A7-1.jpg\",\"contentUrl\":\"https:\\\/\\\/teiaeducation.ch\\\/wp-content\\\/uploads\\\/2019\\\/02\\\/0060A7-1.jpg\",\"width\":900,\"height\":900,\"caption\":\"Bewegliches Alphabet, klein, schwarz - montessori language materials - Nienhuis Montessori\"},{\"@type\":\"BreadcrumbList\",\"@id\":\"https:\\\/\\\/teiaeducation.ch\\\/de\\\/produkt\\\/bewegliches-alphabet-klein-schwarz-nienhuis-montessori\\\/#breadcrumb\",\"itemListElement\":[{\"@type\":\"ListItem\",\"position\":1,\"name\":\"Home\",\"item\":\"https:\\\/\\\/teiaeducation.ch\\\/de\\\/\"},{\"@type\":\"ListItem\",\"position\":2,\"name\":\"Laden\",\"item\":\"https:\\\/\\\/teiaeducation.ch\\\/de\\\/shop\\\/\"},{\"@type\":\"ListItem\",\"position\":3,\"name\":\"Unsere Marken\",\"item\":\"https:\\\/\\\/teiaeducation.ch\\\/de\\\/produkt-kategorie\\\/unsere-marken\\\/\"},{\"@type\":\"ListItem\",\"position\":4,\"name\":\"Nienhuis Montessori Schweiz\",\"item\":\"https:\\\/\\\/teiaeducation.ch\\\/de\\\/produkt-kategorie\\\/unsere-marken\\\/nienhuis-montessori-schweiz\\\/\"},{\"@type\":\"ListItem\",\"position\":5,\"name\":\"Sprachmaterial\",\"item\":\"https:\\\/\\\/teiaeducation.ch\\\/de\\\/produkt-kategorie\\\/unsere-marken\\\/nienhuis-montessori-schweiz\\\/sprache-nienhuis-montessori\\\/\"},{\"@type\":\"ListItem\",\"position\":6,\"name\":\"Bewegliches Alphabet, klein, schwarz &#8211; Nienhuis Montessori\"}]},{\"@type\":\"WebSite\",\"@id\":\"https:\\\/\\\/teiaeducation.ch\\\/de\\\/#website\",\"url\":\"https:\\\/\\\/teiaeducation.ch\\\/de\\\/\",\"name\":\"Sustainable Educational Products &amp; Ecological Toys\u00a0\",\"description\":\"Specialised Swiss shop selling sustainable educational toys and games, AMI certified Montessori materials, handmade ecological wooden Waldorf toys and arts &amp; crafts supplies, school supplies, children&#039;s furniture and Montessori reference and parenting books.\",\"publisher\":{\"@id\":\"https:\\\/\\\/teiaeducation.ch\\\/de\\\/#organization\"},\"alternateName\":\"Teia Education & Play\",\"potentialAction\":[{\"@type\":\"SearchAction\",\"target\":{\"@type\":\"EntryPoint\",\"urlTemplate\":\"https:\\\/\\\/teiaeducation.ch\\\/de\\\/?s={search_term_string}\"},\"query-input\":{\"@type\":\"PropertyValueSpecification\",\"valueRequired\":true,\"valueName\":\"search_term_string\"}}],\"inLanguage\":\"de-CH\"},{\"@type\":\"Organization\",\"@id\":\"https:\\\/\\\/teiaeducation.ch\\\/de\\\/#organization\",\"name\":\"Teia Education & Play\",\"url\":\"https:\\\/\\\/teiaeducation.ch\\\/de\\\/\",\"logo\":{\"@type\":\"ImageObject\",\"inLanguage\":\"de-CH\",\"@id\":\"https:\\\/\\\/teiaeducation.ch\\\/de\\\/#\\\/schema\\\/logo\\\/image\\\/\",\"url\":\"https:\\\/\\\/teiaeducation.ch\\\/wp-content\\\/uploads\\\/2020\\\/11\\\/Teia-Education-Switzerland-e1620156442216.jpg\",\"contentUrl\":\"https:\\\/\\\/teiaeducation.ch\\\/wp-content\\\/uploads\\\/2020\\\/11\\\/Teia-Education-Switzerland-e1620156442216.jpg\",\"width\":166,\"height\":145,\"caption\":\"Teia Education & Play\"},\"image\":{\"@id\":\"https:\\\/\\\/teiaeducation.ch\\\/de\\\/#\\\/schema\\\/logo\\\/image\\\/\"},\"sameAs\":[\"https:\\\/\\\/www.facebook.com\\\/teiaeducation\\\/\",\"https:\\\/\\\/x.com\\\/EducationTeia\",\"https:\\\/\\\/www.instagram.com\\\/teia.education\\\/\",\"https:\\\/\\\/www.linkedin.com\\\/company\\\/35501660\",\"https:\\\/\\\/www.pinterest.ch\\\/TeiaEducation\\\/\"]}]}<\/script>\n<meta property=\"product:price:amount\" content=\"73.90\" \/>\n<meta property=\"product:price:currency\" content=\"CHF\" \/>\n<meta property=\"og:availability\" content=\"backorder\" \/>\n<meta property=\"product:availability\" content=\"available for order\" \/>\n<meta property=\"product:retailer_item_id\" content=\"00000000000000000000000000000000000000000000003834\" \/>\n<meta property=\"product:condition\" content=\"new\" \/>\n<!-- \/ Yoast SEO Premium plugin. -->","yoast_head_json":{"title":"Bewegliches Alphabet, klein, schwarz - Nienhuis Montessori","description":"Das kleine bewegliche Alphabet von Nienhuis Montessori in internationaler Schrift in Schwarz ist Teil des Sprachmaterials und f\u00f6rdert die F\u00e4higkeiten zum Schreiben und Lesen.","robots":{"index":"index","follow":"follow","max-snippet":"max-snippet:-1","max-image-preview":"max-image-preview:large","max-video-preview":"max-video-preview:-1"},"canonical":"https:\/\/teiaeducation.ch\/de\/produkt\/bewegliches-alphabet-klein-schwarz-nienhuis-montessori\/","og_locale":"de_DE","og_type":"article","og_title":"Bewegliches Alphabet, klein, schwarz - Nienhuis Montessori","og_description":"Das kleine bewegliche Alphabet von Nienhuis Montessori in internationaler Schrift in Schwarz ist Teil des Sprachmaterials und f\u00f6rdert die F\u00e4higkeiten zum Schreiben und Lesen.","og_url":"https:\/\/teiaeducation.ch\/de\/produkt\/bewegliches-alphabet-klein-schwarz-nienhuis-montessori\/","og_site_name":"Sustainable Educational Products &amp; Ecological Toys\u00a0","article_publisher":"https:\/\/www.facebook.com\/teiaeducation\/","article_modified_time":"2023-12-01T09:32:58+00:00","og_image":[{"width":900,"height":900,"url":"https:\/\/teiaeducation.ch\/wp-content\/uploads\/2019\/02\/0060A7-1.jpg","type":"image\/jpeg"}],"schema":{"@context":"https:\/\/schema.org","@graph":[{"@type":"WebPage","@id":"https:\/\/teiaeducation.ch\/de\/produkt\/bewegliches-alphabet-klein-schwarz-nienhuis-montessori\/","url":"https:\/\/teiaeducation.ch\/de\/produkt\/bewegliches-alphabet-klein-schwarz-nienhuis-montessori\/","name":"Bewegliches Alphabet, klein, schwarz - Nienhuis Montessori","isPartOf":{"@id":"https:\/\/teiaeducation.ch\/de\/#website"},"primaryImageOfPage":{"@id":"https:\/\/teiaeducation.ch\/de\/produkt\/bewegliches-alphabet-klein-schwarz-nienhuis-montessori\/#primaryimage"},"image":{"@id":"https:\/\/teiaeducation.ch\/de\/produkt\/bewegliches-alphabet-klein-schwarz-nienhuis-montessori\/#primaryimage"},"thumbnailUrl":"https:\/\/teiaeducation.ch\/wp-content\/uploads\/2019\/02\/0060A7-1.jpg","datePublished":"2021-01-17T17:23:53+00:00","dateModified":"2023-12-01T09:32:58+00:00","description":"Das kleine bewegliche Alphabet von Nienhuis Montessori in internationaler Schrift in Schwarz ist Teil des Sprachmaterials und f\u00f6rdert die F\u00e4higkeiten zum Schreiben und Lesen.","breadcrumb":{"@id":"https:\/\/teiaeducation.ch\/de\/produkt\/bewegliches-alphabet-klein-schwarz-nienhuis-montessori\/#breadcrumb"},"inLanguage":"de-CH","potentialAction":[{"@type":"ReadAction","target":["https:\/\/teiaeducation.ch\/de\/produkt\/bewegliches-alphabet-klein-schwarz-nienhuis-montessori\/"]}]},{"@type":"ImageObject","inLanguage":"de-CH","@id":"https:\/\/teiaeducation.ch\/de\/produkt\/bewegliches-alphabet-klein-schwarz-nienhuis-montessori\/#primaryimage","url":"https:\/\/teiaeducation.ch\/wp-content\/uploads\/2019\/02\/0060A7-1.jpg","contentUrl":"https:\/\/teiaeducation.ch\/wp-content\/uploads\/2019\/02\/0060A7-1.jpg","width":900,"height":900,"caption":"Bewegliches Alphabet, klein, schwarz - montessori language materials - Nienhuis Montessori"},{"@type":"BreadcrumbList","@id":"https:\/\/teiaeducation.ch\/de\/produkt\/bewegliches-alphabet-klein-schwarz-nienhuis-montessori\/#breadcrumb","itemListElement":[{"@type":"ListItem","position":1,"name":"Home","item":"https:\/\/teiaeducation.ch\/de\/"},{"@type":"ListItem","position":2,"name":"Laden","item":"https:\/\/teiaeducation.ch\/de\/shop\/"},{"@type":"ListItem","position":3,"name":"Unsere Marken","item":"https:\/\/teiaeducation.ch\/de\/produkt-kategorie\/unsere-marken\/"},{"@type":"ListItem","position":4,"name":"Nienhuis Montessori Schweiz","item":"https:\/\/teiaeducation.ch\/de\/produkt-kategorie\/unsere-marken\/nienhuis-montessori-schweiz\/"},{"@type":"ListItem","position":5,"name":"Sprachmaterial","item":"https:\/\/teiaeducation.ch\/de\/produkt-kategorie\/unsere-marken\/nienhuis-montessori-schweiz\/sprache-nienhuis-montessori\/"},{"@type":"ListItem","position":6,"name":"Bewegliches Alphabet, klein, schwarz &#8211; Nienhuis Montessori"}]},{"@type":"WebSite","@id":"https:\/\/teiaeducation.ch\/de\/#website","url":"https:\/\/teiaeducation.ch\/de\/","name":"Sustainable Educational Products &amp; Ecological Toys\u00a0","description":"Specialised Swiss shop selling sustainable educational toys and games, AMI certified Montessori materials, handmade ecological wooden Waldorf toys and arts &amp; crafts supplies, school supplies, children&#039;s furniture and Montessori reference and parenting books.","publisher":{"@id":"https:\/\/teiaeducation.ch\/de\/#organization"},"alternateName":"Teia Education & Play","potentialAction":[{"@type":"SearchAction","target":{"@type":"EntryPoint","urlTemplate":"https:\/\/teiaeducation.ch\/de\/?s={search_term_string}"},"query-input":{"@type":"PropertyValueSpecification","valueRequired":true,"valueName":"search_term_string"}}],"inLanguage":"de-CH"},{"@type":"Organization","@id":"https:\/\/teiaeducation.ch\/de\/#organization","name":"Teia Education & Play","url":"https:\/\/teiaeducation.ch\/de\/","logo":{"@type":"ImageObject","inLanguage":"de-CH","@id":"https:\/\/teiaeducation.ch\/de\/#\/schema\/logo\/image\/","url":"https:\/\/teiaeducation.ch\/wp-content\/uploads\/2020\/11\/Teia-Education-Switzerland-e1620156442216.jpg","contentUrl":"https:\/\/teiaeducation.ch\/wp-content\/uploads\/2020\/11\/Teia-Education-Switzerland-e1620156442216.jpg","width":166,"height":145,"caption":"Teia Education & Play"},"image":{"@id":"https:\/\/teiaeducation.ch\/de\/#\/schema\/logo\/image\/"},"sameAs":["https:\/\/www.facebook.com\/teiaeducation\/","https:\/\/x.com\/EducationTeia","https:\/\/www.instagram.com\/teia.education\/","https:\/\/www.linkedin.com\/company\/35501660","https:\/\/www.pinterest.ch\/TeiaEducation\/"]}]},"product_price_amount":"73.90","product_price_currency":"CHF","og_availability":"backorder","product_availability":"available for order","product_retailer_item_id":"00000000000000000000000000000000000000000000003834","product_condition":"new"},"_links":{"self":[{"href":"https:\/\/teiaeducation.ch\/de\/wp-json\/wp\/v2\/product\/57655","targetHints":{"allow":["GET"]}}],"collection":[{"href":"https:\/\/teiaeducation.ch\/de\/wp-json\/wp\/v2\/product"}],"about":[{"href":"https:\/\/teiaeducation.ch\/de\/wp-json\/wp\/v2\/types\/product"}],"replies":[{"embeddable":true,"href":"https:\/\/teiaeducation.ch\/de\/wp-json\/wp\/v2\/comments?post=57655"}],"wp:featuredmedia":[{"embeddable":true,"href":"https:\/\/teiaeducation.ch\/de\/wp-json\/wp\/v2\/media\/57656"}],"wp:attachment":[{"href":"https:\/\/teiaeducation.ch\/de\/wp-json\/wp\/v2\/media?parent=57655"}],"wp:term":[{"taxonomy":"product_brand","embeddable":true,"href":"https:\/\/teiaeducation.ch\/de\/wp-json\/wp\/v2\/product_brand?post=57655"},{"taxonomy":"product_cat","embeddable":true,"href":"https:\/\/teiaeducation.ch\/de\/wp-json\/wp\/v2\/product_cat?post=57655"},{"taxonomy":"product_tag","embeddable":true,"href":"https:\/\/teiaeducation.ch\/de\/wp-json\/wp\/v2\/product_tag?post=57655"}],"curies":[{"name":"wp","href":"https:\/\/api.w.org\/{rel}","templated":true}]}}