{"id":57668,"date":"2021-01-17T18:15:19","date_gmt":"2021-01-17T17:15:19","guid":{"rendered":"https:\/\/teiaeducation.ch\/product\/aufgedruckte-buchstaben-druckschrift-rot-nienhuis-montessori\/"},"modified":"2023-12-01T10:56:36","modified_gmt":"2023-12-01T09:56:36","slug":"aufgedruckte-buchstaben-druckschrift-rot-nienhuis-montessori","status":"publish","type":"product","link":"https:\/\/teiaeducation.ch\/de\/produkt\/aufgedruckte-buchstaben-druckschrift-rot-nienhuis-montessori\/","title":{"rendered":"Aufgedruckte Buchstaben: Druckschrift &#8211; rot &#8211; Nienhuis Montessori"},"content":{"rendered":"<p>Das Nienhuis Montessori-Alphabet in internationaler Schrift ist Teil des <a href=\"https:\/\/teiaeducation.ch\/product-category\/brands\/nienhuis-montessori\/language\/\">Montessori-Sprachmaterials<\/a> und besteht aus den vierundzwanzig Buchstaben des Alphabets, die in roter Farbe auf dickem Hochglanzpapier gedruckt sind. Jeder Buchstabe ist auf einer Seite in Kleinbuchstaben und auf der anderen Seite in Gro\u00dfbuchstaben gedruckt. Ein Satz von Satzzeichen ist ebenfalls enthalten.<\/p>\n<p>Das Kind beginnt mit der Arbeit mit dem gedruckten Alphabet, nachdem es die Buchstabenlaute durch die Arbeit mit den Sandpapierbuchstaben erlernt hat. Auch wenn das Kind noch lernen muss, wie man <a href=\"https:\/\/teiaeducation.ch\/product-category\/learning-themes\/literacy-language\/learning-to-write\/\">schreibt<\/a>, erm\u00f6glicht ihm die Arbeit mit dem gedruckten Alphabet, W\u00f6rter und S\u00e4tze zu bilden und kreative Geschichten zu schreiben. Die Arbeit mit diesem Montessori-Sprachmaterial f\u00f6rdert die Schreib- und Lesekompetenz. Die aufgedruckten Buchstaben des Alphabets nehmen nicht viel Platz weg und lassen sich auch auf einem kleinen Tisch gut verwenden. Ein <a href=\"https:\/\/teiaeducation.ch\/product\/printed-alphabet-box-nienhuis-montessori\/\">Holzkaste<\/a> zur Aufbewahrung des gedruckten Alphabets ist auch separat erh\u00e4ltlich.<\/p>\n<p>Die Niederl\u00e4ndische Marke <a href=\"https:\/\/teiaeducation.ch\/product-category\/brands\/nienhuis-montessori-educational-materials\/\">Nienhuis Montessori<\/a> ist die weltweit f\u00fchrende Montessori-Marke, die das Erbe von Maria Montessori ehrt und fortf\u00fchrt und das breiteste und innovativste Sortiment an Montessori-Materialien, <a href=\"https:\/\/teiaeducation.ch\/product-category\/classroom-essentials\/montessori-furniture\/\">M\u00f6beln<\/a> und <a href=\"https:\/\/teiaeducation.ch\/product-category\/brands\/nienhuis-montessori-educational-materials\/add-ons\/\">verwandten Produkten<\/a> herstellt. Die hochwertigen Nienhuis Montessori Produkte geben den Kindern die Werkzeuge, die sie brauchen, um Unabhangig und kritisch zu denken. Alle Nienhuis Montessori Materialien sind vom Materialkomitee der Association Montessori Internationale (<a href=\"https:\/\/montessori-ami.org\/\">AMI<\/a>) zertifiziert und werden sorgf\u00e4ltig hergestellt, um Schwierigkeiten zu isolieren, so dass die Kinder sich konzentrieren, lernen und sich entwickeln k\u00f6nnen.<\/p>\n<p>Nienhuis Montessori ist eine der Marken des Niederlandischen Unternehmens Heutink International, das weltweit die besten pedagogischen Marken anbietet, die auf spielerisches Lernen ausgerichtet sind.<\/p>\n<p>Dieses <a href=\"https:\/\/teiaeducation.ch\/product-category\/education-method\/the-montessori-pedagogy-materials-toys\/\">Montessori-Material<\/a> ist f\u00fcr Kinder ab 6 Jahren geeignet.<\/p>\n<p>Inhalt:<\/p>\n<p>24 Einheiten jedes Buchstabens und Satzzeichens, rot gedruckt auf dickem, gl\u00e4nzendem Karton<\/p>\n","protected":false},"excerpt":{"rendered":"<p>Artikelnummer: 0061T2<\/p>\n<p>Das gedruckte Nienhuis Montessori-Alphabet in roter internationaler Schrift ist Teil des Sprachmaterials und f\u00f6rdert die Schreib- und Lesekompetenz.<\/p>\n","protected":false},"featured_media":57669,"comment_status":"open","ping_status":"closed","template":"","meta":[],"product_brand":[],"product_cat":[21446,21524,21479,21532,21509,21530,21481,21443,21572,21531,21651,21564],"product_tag":[27006,27005,23108,22981,26007,26006],"class_list":{"0":"post-57668","1":"product","2":"type-product","3":"status-publish","4":"has-post-thumbnail","6":"product_cat-6-12-jahre-grundschule","7":"product_cat-alphabetisierung-sprache","8":"product_cat-lernmaterialien-spielzeug-montessori-waldorf-steiner-froebel","9":"product_cat-buchstaben-das-alphabet","10":"product_cat-lernthemen","11":"product_cat-lesen-lernen","12":"product_cat-montessori-paedagogik-material-spielzeug","13":"product_cat-nach-alter","14":"product_cat-nienhuis-montessori-schweiz","15":"product_cat-schreiben-lernen","16":"product_cat-sprache-nienhuis-montessori","17":"product_cat-unsere-marken","18":"product_tag-aufgedruckte-buchstaben-druckschrift-rot-nienhuis-montessori","19":"product_tag-montessori-druckalphabet-rot","20":"product_tag-montessori-kleinkind-3-6","21":"product_tag-nienhuis-montessori-de","22":"product_tag-schreiben","23":"product_tag-sprache","25":"first","26":"instock","27":"sold-individually","28":"taxable","29":"shipping-taxable","30":"purchasable","31":"product-type-simple"},"yoast_head":"<!-- This site is optimized with the Yoast SEO plugin v27.1.1 - https:\/\/yoast.com\/product\/yoast-seo-wordpress\/ -->\n<title>Aufgedruckte Buchstaben: Druckschrift - rot - Threewood<\/title>\n<meta name=\"description\" content=\"Das gedruckte Nienhuis Montessori-Alphabet in roter internationaler Schrift ist Teil des Sprachmaterials und f\u00f6rdert die Schreib- und Lesekompetenz.\" \/>\n<meta name=\"robots\" content=\"index, follow, max-snippet:-1, max-image-preview:large, max-video-preview:-1\" \/>\n<link rel=\"canonical\" href=\"https:\/\/teiaeducation.ch\/de\/produkt\/aufgedruckte-buchstaben-druckschrift-rot-nienhuis-montessori\/\" \/>\n<meta property=\"og:locale\" content=\"de_DE\" \/>\n<meta property=\"og:type\" content=\"article\" \/>\n<meta property=\"og:title\" content=\"Aufgedruckte Buchstaben: Druckschrift - rot - Threewood\" \/>\n<meta property=\"og:description\" content=\"Das gedruckte Nienhuis Montessori-Alphabet in roter internationaler Schrift ist Teil des Sprachmaterials und f\u00f6rdert die Schreib- und Lesekompetenz.\" \/>\n<meta property=\"og:url\" content=\"https:\/\/teiaeducation.ch\/de\/produkt\/aufgedruckte-buchstaben-druckschrift-rot-nienhuis-montessori\/\" \/>\n<meta property=\"og:site_name\" content=\"Sustainable Educational Products &amp; Ecological Toys\u00a0\" \/>\n<meta property=\"article:publisher\" content=\"https:\/\/www.facebook.com\/teiaeducation\/\" \/>\n<meta property=\"article:modified_time\" content=\"2023-12-01T09:56:36+00:00\" \/>\n<meta property=\"og:image\" content=\"https:\/\/teiaeducation.ch\/wp-content\/uploads\/2019\/05\/400_0061T2_main_or_1-scaled-scaled.jpg\" \/>\n\t<meta property=\"og:image:width\" content=\"2048\" \/>\n\t<meta property=\"og:image:height\" content=\"2048\" \/>\n\t<meta property=\"og:image:type\" content=\"image\/jpeg\" \/>\n<script type=\"application\/ld+json\" class=\"yoast-schema-graph\">{\"@context\":\"https:\/\/schema.org\",\"@graph\":[{\"@type\":\"WebPage\",\"@id\":\"https:\/\/teiaeducation.ch\/de\/produkt\/aufgedruckte-buchstaben-druckschrift-rot-nienhuis-montessori\/\",\"url\":\"https:\/\/teiaeducation.ch\/de\/produkt\/aufgedruckte-buchstaben-druckschrift-rot-nienhuis-montessori\/\",\"name\":\"Aufgedruckte Buchstaben: Druckschrift - rot - Threewood\",\"isPartOf\":{\"@id\":\"https:\/\/teiaeducation.ch\/de\/#website\"},\"primaryImageOfPage\":{\"@id\":\"https:\/\/teiaeducation.ch\/de\/produkt\/aufgedruckte-buchstaben-druckschrift-rot-nienhuis-montessori\/#primaryimage\"},\"image\":{\"@id\":\"https:\/\/teiaeducation.ch\/de\/produkt\/aufgedruckte-buchstaben-druckschrift-rot-nienhuis-montessori\/#primaryimage\"},\"thumbnailUrl\":\"https:\/\/teiaeducation.ch\/wp-content\/uploads\/2019\/05\/400_0061T2_main_or_1-scaled-scaled.jpg\",\"datePublished\":\"2021-01-17T17:15:19+00:00\",\"dateModified\":\"2023-12-01T09:56:36+00:00\",\"description\":\"Das gedruckte Nienhuis Montessori-Alphabet in roter internationaler Schrift ist Teil des Sprachmaterials und f\u00f6rdert die Schreib- und Lesekompetenz.\",\"breadcrumb\":{\"@id\":\"https:\/\/teiaeducation.ch\/de\/produkt\/aufgedruckte-buchstaben-druckschrift-rot-nienhuis-montessori\/#breadcrumb\"},\"inLanguage\":\"de-CH\",\"potentialAction\":[{\"@type\":\"ReadAction\",\"target\":[\"https:\/\/teiaeducation.ch\/de\/produkt\/aufgedruckte-buchstaben-druckschrift-rot-nienhuis-montessori\/\"]}]},{\"@type\":\"ImageObject\",\"inLanguage\":\"de-CH\",\"@id\":\"https:\/\/teiaeducation.ch\/de\/produkt\/aufgedruckte-buchstaben-druckschrift-rot-nienhuis-montessori\/#primaryimage\",\"url\":\"https:\/\/teiaeducation.ch\/wp-content\/uploads\/2019\/05\/400_0061T2_main_or_1-scaled-scaled.jpg\",\"contentUrl\":\"https:\/\/teiaeducation.ch\/wp-content\/uploads\/2019\/05\/400_0061T2_main_or_1-scaled-scaled.jpg\",\"width\":2048,\"height\":2048,\"caption\":\"Aufgedruckte Buchstaben: Druckschrift - rot - Nienhuis Montessori\"},{\"@type\":\"BreadcrumbList\",\"@id\":\"https:\/\/teiaeducation.ch\/de\/produkt\/aufgedruckte-buchstaben-druckschrift-rot-nienhuis-montessori\/#breadcrumb\",\"itemListElement\":[{\"@type\":\"ListItem\",\"position\":1,\"name\":\"Home\",\"item\":\"https:\/\/teiaeducation.ch\/de\/\"},{\"@type\":\"ListItem\",\"position\":2,\"name\":\"Laden\",\"item\":\"https:\/\/teiaeducation.ch\/de\/shop\/\"},{\"@type\":\"ListItem\",\"position\":3,\"name\":\"Unsere Marken\",\"item\":\"https:\/\/teiaeducation.ch\/de\/produkt-kategorie\/unsere-marken\/\"},{\"@type\":\"ListItem\",\"position\":4,\"name\":\"Nienhuis Montessori Schweiz\",\"item\":\"https:\/\/teiaeducation.ch\/de\/produkt-kategorie\/unsere-marken\/nienhuis-montessori-schweiz\/\"},{\"@type\":\"ListItem\",\"position\":5,\"name\":\"Sprachmaterial\",\"item\":\"https:\/\/teiaeducation.ch\/de\/produkt-kategorie\/unsere-marken\/nienhuis-montessori-schweiz\/sprache-nienhuis-montessori\/\"},{\"@type\":\"ListItem\",\"position\":6,\"name\":\"Aufgedruckte Buchstaben: Druckschrift &#8211; rot &#8211; Nienhuis Montessori\"}]},{\"@type\":\"WebSite\",\"@id\":\"https:\/\/teiaeducation.ch\/de\/#website\",\"url\":\"https:\/\/teiaeducation.ch\/de\/\",\"name\":\"Sustainable Educational Products &amp; Ecological Toys\u00a0\",\"description\":\"Specialised Swiss shop selling sustainable educational toys and games, AMI certified Montessori materials, handmade ecological wooden Waldorf toys and arts &amp; crafts supplies, school supplies, children&#039;s furniture and Montessori reference and parenting books.\",\"publisher\":{\"@id\":\"https:\/\/teiaeducation.ch\/de\/#organization\"},\"alternateName\":\"Teia Education & Play\",\"potentialAction\":[{\"@type\":\"SearchAction\",\"target\":{\"@type\":\"EntryPoint\",\"urlTemplate\":\"https:\/\/teiaeducation.ch\/de\/?s={search_term_string}\"},\"query-input\":{\"@type\":\"PropertyValueSpecification\",\"valueRequired\":true,\"valueName\":\"search_term_string\"}}],\"inLanguage\":\"de-CH\"},{\"@type\":\"Organization\",\"@id\":\"https:\/\/teiaeducation.ch\/de\/#organization\",\"name\":\"Teia Education & Play\",\"url\":\"https:\/\/teiaeducation.ch\/de\/\",\"logo\":{\"@type\":\"ImageObject\",\"inLanguage\":\"de-CH\",\"@id\":\"https:\/\/teiaeducation.ch\/de\/#\/schema\/logo\/image\/\",\"url\":\"https:\/\/teiaeducation.ch\/wp-content\/uploads\/2020\/11\/Teia-Education-Switzerland-e1620156442216.jpg\",\"contentUrl\":\"https:\/\/teiaeducation.ch\/wp-content\/uploads\/2020\/11\/Teia-Education-Switzerland-e1620156442216.jpg\",\"width\":166,\"height\":145,\"caption\":\"Teia Education & Play\"},\"image\":{\"@id\":\"https:\/\/teiaeducation.ch\/de\/#\/schema\/logo\/image\/\"},\"sameAs\":[\"https:\/\/www.facebook.com\/teiaeducation\/\",\"https:\/\/x.com\/EducationTeia\",\"https:\/\/www.instagram.com\/teia.education\/\",\"https:\/\/www.linkedin.com\/company\/35501660\",\"https:\/\/www.pinterest.ch\/TeiaEducation\/\"]}]}<\/script>\n<!-- \/ Yoast SEO plugin. -->","yoast_head_json":{"title":"Aufgedruckte Buchstaben: Druckschrift - rot - Threewood","description":"Das gedruckte Nienhuis Montessori-Alphabet in roter internationaler Schrift ist Teil des Sprachmaterials und f\u00f6rdert die Schreib- und Lesekompetenz.","robots":{"index":"index","follow":"follow","max-snippet":"max-snippet:-1","max-image-preview":"max-image-preview:large","max-video-preview":"max-video-preview:-1"},"canonical":"https:\/\/teiaeducation.ch\/de\/produkt\/aufgedruckte-buchstaben-druckschrift-rot-nienhuis-montessori\/","og_locale":"de_DE","og_type":"article","og_title":"Aufgedruckte Buchstaben: Druckschrift - rot - Threewood","og_description":"Das gedruckte Nienhuis Montessori-Alphabet in roter internationaler Schrift ist Teil des Sprachmaterials und f\u00f6rdert die Schreib- und Lesekompetenz.","og_url":"https:\/\/teiaeducation.ch\/de\/produkt\/aufgedruckte-buchstaben-druckschrift-rot-nienhuis-montessori\/","og_site_name":"Sustainable Educational Products &amp; Ecological Toys\u00a0","article_publisher":"https:\/\/www.facebook.com\/teiaeducation\/","article_modified_time":"2023-12-01T09:56:36+00:00","og_image":[{"width":2048,"height":2048,"url":"https:\/\/teiaeducation.ch\/wp-content\/uploads\/2019\/05\/400_0061T2_main_or_1-scaled-scaled.jpg","type":"image\/jpeg"}],"schema":{"@context":"https:\/\/schema.org","@graph":[{"@type":"WebPage","@id":"https:\/\/teiaeducation.ch\/de\/produkt\/aufgedruckte-buchstaben-druckschrift-rot-nienhuis-montessori\/","url":"https:\/\/teiaeducation.ch\/de\/produkt\/aufgedruckte-buchstaben-druckschrift-rot-nienhuis-montessori\/","name":"Aufgedruckte Buchstaben: Druckschrift - rot - Threewood","isPartOf":{"@id":"https:\/\/teiaeducation.ch\/de\/#website"},"primaryImageOfPage":{"@id":"https:\/\/teiaeducation.ch\/de\/produkt\/aufgedruckte-buchstaben-druckschrift-rot-nienhuis-montessori\/#primaryimage"},"image":{"@id":"https:\/\/teiaeducation.ch\/de\/produkt\/aufgedruckte-buchstaben-druckschrift-rot-nienhuis-montessori\/#primaryimage"},"thumbnailUrl":"https:\/\/teiaeducation.ch\/wp-content\/uploads\/2019\/05\/400_0061T2_main_or_1-scaled-scaled.jpg","datePublished":"2021-01-17T17:15:19+00:00","dateModified":"2023-12-01T09:56:36+00:00","description":"Das gedruckte Nienhuis Montessori-Alphabet in roter internationaler Schrift ist Teil des Sprachmaterials und f\u00f6rdert die Schreib- und Lesekompetenz.","breadcrumb":{"@id":"https:\/\/teiaeducation.ch\/de\/produkt\/aufgedruckte-buchstaben-druckschrift-rot-nienhuis-montessori\/#breadcrumb"},"inLanguage":"de-CH","potentialAction":[{"@type":"ReadAction","target":["https:\/\/teiaeducation.ch\/de\/produkt\/aufgedruckte-buchstaben-druckschrift-rot-nienhuis-montessori\/"]}]},{"@type":"ImageObject","inLanguage":"de-CH","@id":"https:\/\/teiaeducation.ch\/de\/produkt\/aufgedruckte-buchstaben-druckschrift-rot-nienhuis-montessori\/#primaryimage","url":"https:\/\/teiaeducation.ch\/wp-content\/uploads\/2019\/05\/400_0061T2_main_or_1-scaled-scaled.jpg","contentUrl":"https:\/\/teiaeducation.ch\/wp-content\/uploads\/2019\/05\/400_0061T2_main_or_1-scaled-scaled.jpg","width":2048,"height":2048,"caption":"Aufgedruckte Buchstaben: Druckschrift - rot - Nienhuis Montessori"},{"@type":"BreadcrumbList","@id":"https:\/\/teiaeducation.ch\/de\/produkt\/aufgedruckte-buchstaben-druckschrift-rot-nienhuis-montessori\/#breadcrumb","itemListElement":[{"@type":"ListItem","position":1,"name":"Home","item":"https:\/\/teiaeducation.ch\/de\/"},{"@type":"ListItem","position":2,"name":"Laden","item":"https:\/\/teiaeducation.ch\/de\/shop\/"},{"@type":"ListItem","position":3,"name":"Unsere Marken","item":"https:\/\/teiaeducation.ch\/de\/produkt-kategorie\/unsere-marken\/"},{"@type":"ListItem","position":4,"name":"Nienhuis Montessori Schweiz","item":"https:\/\/teiaeducation.ch\/de\/produkt-kategorie\/unsere-marken\/nienhuis-montessori-schweiz\/"},{"@type":"ListItem","position":5,"name":"Sprachmaterial","item":"https:\/\/teiaeducation.ch\/de\/produkt-kategorie\/unsere-marken\/nienhuis-montessori-schweiz\/sprache-nienhuis-montessori\/"},{"@type":"ListItem","position":6,"name":"Aufgedruckte Buchstaben: Druckschrift &#8211; rot &#8211; Nienhuis Montessori"}]},{"@type":"WebSite","@id":"https:\/\/teiaeducation.ch\/de\/#website","url":"https:\/\/teiaeducation.ch\/de\/","name":"Sustainable Educational Products &amp; Ecological Toys\u00a0","description":"Specialised Swiss shop selling sustainable educational toys and games, AMI certified Montessori materials, handmade ecological wooden Waldorf toys and arts &amp; crafts supplies, school supplies, children&#039;s furniture and Montessori reference and parenting books.","publisher":{"@id":"https:\/\/teiaeducation.ch\/de\/#organization"},"alternateName":"Teia Education & Play","potentialAction":[{"@type":"SearchAction","target":{"@type":"EntryPoint","urlTemplate":"https:\/\/teiaeducation.ch\/de\/?s={search_term_string}"},"query-input":{"@type":"PropertyValueSpecification","valueRequired":true,"valueName":"search_term_string"}}],"inLanguage":"de-CH"},{"@type":"Organization","@id":"https:\/\/teiaeducation.ch\/de\/#organization","name":"Teia Education & Play","url":"https:\/\/teiaeducation.ch\/de\/","logo":{"@type":"ImageObject","inLanguage":"de-CH","@id":"https:\/\/teiaeducation.ch\/de\/#\/schema\/logo\/image\/","url":"https:\/\/teiaeducation.ch\/wp-content\/uploads\/2020\/11\/Teia-Education-Switzerland-e1620156442216.jpg","contentUrl":"https:\/\/teiaeducation.ch\/wp-content\/uploads\/2020\/11\/Teia-Education-Switzerland-e1620156442216.jpg","width":166,"height":145,"caption":"Teia Education & Play"},"image":{"@id":"https:\/\/teiaeducation.ch\/de\/#\/schema\/logo\/image\/"},"sameAs":["https:\/\/www.facebook.com\/teiaeducation\/","https:\/\/x.com\/EducationTeia","https:\/\/www.instagram.com\/teia.education\/","https:\/\/www.linkedin.com\/company\/35501660","https:\/\/www.pinterest.ch\/TeiaEducation\/"]}]}},"_links":{"self":[{"href":"https:\/\/teiaeducation.ch\/de\/wp-json\/wp\/v2\/product\/57668","targetHints":{"allow":["GET"]}}],"collection":[{"href":"https:\/\/teiaeducation.ch\/de\/wp-json\/wp\/v2\/product"}],"about":[{"href":"https:\/\/teiaeducation.ch\/de\/wp-json\/wp\/v2\/types\/product"}],"replies":[{"embeddable":true,"href":"https:\/\/teiaeducation.ch\/de\/wp-json\/wp\/v2\/comments?post=57668"}],"wp:featuredmedia":[{"embeddable":true,"href":"https:\/\/teiaeducation.ch\/de\/wp-json\/wp\/v2\/media\/57669"}],"wp:attachment":[{"href":"https:\/\/teiaeducation.ch\/de\/wp-json\/wp\/v2\/media?parent=57668"}],"wp:term":[{"taxonomy":"product_brand","embeddable":true,"href":"https:\/\/teiaeducation.ch\/de\/wp-json\/wp\/v2\/product_brand?post=57668"},{"taxonomy":"product_cat","embeddable":true,"href":"https:\/\/teiaeducation.ch\/de\/wp-json\/wp\/v2\/product_cat?post=57668"},{"taxonomy":"product_tag","embeddable":true,"href":"https:\/\/teiaeducation.ch\/de\/wp-json\/wp\/v2\/product_tag?post=57668"}],"curies":[{"name":"wp","href":"https:\/\/api.w.org\/{rel}","templated":true}]}}