{"id":57684,"date":"2021-01-17T16:00:21","date_gmt":"2021-01-17T15:00:21","guid":{"rendered":"https:\/\/teiaeducation.ch\/product\/satz-wortsymbole-aus-holz-nienhuis-montessori\/"},"modified":"2023-12-01T11:40:40","modified_gmt":"2023-12-01T10:40:40","slug":"satz-wortsymbole-aus-holz-nienhuis-montessori","status":"publish","type":"product","link":"https:\/\/teiaeducation.ch\/de\/produkt\/satz-wortsymbole-aus-holz-nienhuis-montessori\/","title":{"rendered":"Satz Wortsymbole aus Holz &#8211; Nienhuis Montessori"},"content":{"rendered":"<p>Das Nienhuis Montessori <a href=\"https:\/\/teiaeducation.ch\/product-category\/learning-themes\/literacy-language\/grammar\/\">Satz Wortsymbole aus Holz<\/a> aus der Reihe der Sprachmaterialien besteht aus 10 der 15 Grammatiksymbole als ma\u00dfstabsgetreue dreidimensionale Modelle, die auf einem Holztablett pr\u00e4sentiert werden.<\/p>\n<p>Da Kinder gut auf <a href=\"https:\/\/teiaeducation.ch\/product-category\/learning-themes\/mathematics-numeracy\/shapes\/\">Formen<\/a> und <a href=\"https:\/\/teiaeducation.ch\/product-category\/learning-themes\/sensory-motor-skills\/learning-about-colour\/\">Farben<\/a> reagieren, wurden die Grammatiksymbole von Dr. Maria Montessori als ein System von farbigen Formen eingef\u00fchrt, wobei jede Form und Farbe eine Bedeutung hat:<\/p>\n<p>1. Das Substantiv ist ein Wort, das eine Person, einen Ort, eine Sache, eine Eigenschaft oder eine Handlung bezeichnet. Das Symbol f\u00fcr das Substantiv wird durch ein schwarzes Dreieck dargestellt. Das Dreieck hat die gleiche Form wie die Pyramide, und die Farbe Schwarz steht f\u00fcr Kohlenstoff, der als das erste von Menschen entdeckte Mineral gilt.<\/p>\n<p>2. Der Artikel ist ein Beispiel f\u00fcr die folgenden drei W\u00f6rter, die verwendet werden, um das Vorhandensein eines Substantivs zu signalisieren. Das Symbol f\u00fcr den Artikel ist das kleinste Dreieck aus dem Satz der Grammatiksymbole, in der Farbe hellblau. Der Artikel geh\u00f6rt zur Familie der Substantive, die alle die dreieckige Form verwenden, wenn auch in unterschiedlichen Farben.<\/p>\n<p>3. Das Adjektiv geh\u00f6rt ebenfalls zur Familie der Substantive und ist ein Wort, das ein Substantiv erg\u00e4nzt, modifiziert oder beschreibt. Das Symbol f\u00fcr das Adjektiv ist ein kleines dunkelblaues Dreieck.<\/p>\n<p>4. Das Verb ist ein Wort, das eine Handlung oder ein Ereignis ausdr\u00fcckt oder einfach dem Satz Leben einhaucht. Das Symbol f\u00fcr das Verb ist ein Kreis, der die Form der Sonne darstellt, die Leben spendet, und seine rote Farbe symbolisiert Blut, das Leben bedeutet.<\/p>\n<p>5. Die Pr\u00e4position ist ein Wort, das die Beziehung eines Substantivs zu einem Verb, einem Adjektiv oder einem anderen Substantiv angibt. Das Symbol f\u00fcr die Pr\u00e4position ist eine gr\u00fcne Mondsichel, die eine Br\u00fccke symbolisiert.<\/p>\n<p>6. Das Adverb ist ein Wort, das ein Verb, ein Adjektiv oder ein anderes Adverb beschreibt. Das Symbol f\u00fcr das Adverb ist ein kleinerer orangefarbener Kreis, der das Verb oft wie ein Planet umkreist, da das Adverb vom Verb abh\u00e4ngt, um zu existieren.<\/p>\n<p>7. Das Pronomen ist der dritte Symbolteil der Substantivfamilie und ist ein Wort, das ein Substantiv ersetzt. Das Symbol f\u00fcr das Pronomen ist ein gro\u00dfes lila Dreieck.<\/p>\n<p>8. Die Konjunktion ist ein Wort, das andere W\u00f6rter, Phrasen oder S\u00e4tze miteinander verbindet. Das Symbol f\u00fcr die Verbindung ist ein kleiner rosafarbener Balken, der ein Glied in einer Kette darstellt.<\/p>\n<p>9. Die Interjektion ist ein Wort, eine Phrase oder ein Laut, der als Ausruf verwendet wird und f\u00fcr sich allein in einem Satz stehen kann. Das Symbol f\u00fcr den Zwischenruf ist ein goldenes Dreieck mit einem Kreis oben drauf. Dieses Symbol kombiniert die Symbole des Substantivs und des Verbs miteinander, da Interjektionen sowohl als Substantiv als auch als Verb in einem Satz fungieren. Die Farbe Gold steht f\u00fcr die Interjektion, die als &#8220;K\u00f6nig aller Worte&#8221; gilt.<\/p>\n<p>10. Die Zahl ist ein Anhang und kann nach Bedarf an die Grundsymbole f\u00fcr Substantiv, Verb und Infinitiv angeh\u00e4ngt werden. Das Symbol f\u00fcr die Zahl ist ein blaues Dreieck wie der Artikel, aber gr\u00f6\u00dfer.<\/p>\n<p>Die h\u00f6lzernen Grammatiksymbole sind sensorisches <a href=\"https:\/\/teiaeducation.ch\/product-category\/brands\/nienhuis-montessori-educational-materials\/nienhuis-language\/\">Montessori-Sprachmaterial<\/a>, das f\u00fcr die erste Einf\u00fchrung des Kindes in die Teile der Sprache verwendet wird. Die Arbeit mit diesem Material erm\u00f6glicht es dem Kind, die eindimensionalen <a href=\"https:\/\/teiaeducation.ch\/product\/plastic-grammar-symbols-in-box-nienhuis-montessori\/\">Montessori-Grammatiksymbole<\/a> zu visualisieren, indem es sie zu greifbaren Objekten macht, und die dreidimensionalen Grammatiksymbole zu manipulieren, um ein tieferes Verst\u00e4ndnis der Grammatik auf akademischer Ebene zu erreichen.<\/p>\n<p>Die Niederl\u00e4ndische Marke <a href=\"https:\/\/teiaeducation.ch\/product-category\/brands\/nienhuis-montessori-educational-materials\/\">Nienhuis Montessori<\/a> ist die weltweit f\u00fchrende Montessori-Marke, die das Erbe von Maria Montessori ehrt und fortf\u00fchrt und das breiteste und innovativste Sortiment an Montessori-Materialien, <a href=\"https:\/\/teiaeducation.ch\/product-category\/classroom-essentials\/montessori-furniture\/\">M\u00f6beln<\/a> und <a href=\"https:\/\/teiaeducation.ch\/product-category\/brands\/nienhuis-montessori-educational-materials\/add-ons\/\">verwandten Produkten<\/a> herstellt. Die hochwertigen Nienhuis Montessori Produkte geben den Kindern die Werkzeuge, die sie brauchen, um Unabhangig und kritisch zu denken. Alle Nienhuis Montessori Materialien sind vom Materialkomitee der Association Montessori Internationale (<a href=\"https:\/\/montessori-ami.org\/\">AMI<\/a>) zertifiziert und werden sorgf\u00e4ltig hergestellt, um Schwierigkeiten zu isolieren, so dass die Kinder sich konzentrieren, lernen und sich entwickeln k\u00f6nnen.<\/p>\n<p>Nienhuis Montessori ist eine der Marken des Niederlandischen Unternehmens Heutink International, das weltweit die besten pedagogischen Marken anbietet, die auf spielerisches Lernen ausgerichtet sind.<\/p>\n<p>Das Satz Wortsymbole aus Holz ist f\u00fcr Kinder ab 6 Jahren geeignet.<\/p>\n<p>Inhalt:<\/p>\n<p>10 h\u00f6lzerne 3D-Grammatiksymbole in verschiedenen Farben bemalt<br \/>\n1 Buchenholz-Tablett zur Aufbewahrung (47 x 21 x 11 cm)<\/p>\n<p><em>We currently do not have this item in stock, but it is available on pre-order. We will order this item for you from our supplier. Due to importation from the European Union to Switzerland please allow 2 to maximum 3 weeks for delivery. <\/em><\/p>\n\t<div id=\"gap-1627388673\" class=\"gap-element clearfix\" style=\"display:block; height:auto;\">\n\t\t\n<style>\n#gap-1627388673 {\n  padding-top: 20px;\n}\n<\/style>\n\t<\/div>\n\t\n","protected":false},"excerpt":{"rendered":"<p>Artikel Nummer: 010600<\/p>\n<p>Das Nienhuis Montessori Satz Wortsymbole aus Holz besteht aus zehn Grammatiksymbolen, die als ma\u00dfstabsgetreue dreidimensionale Modelle auf einem Holztablett pr\u00e4sentiert werden.<\/p>\n","protected":false},"featured_media":57686,"comment_status":"closed","ping_status":"closed","template":"","meta":[],"product_brand":[],"product_cat":[21446,21476,21524,21479,21529,21474,21509,21481,21443,21572,21557,21562,21651,21564],"product_tag":[23474,23473,23120,23469,27021,26966,26920,27020,23470,23119],"class_list":{"0":"post-57684","1":"product","2":"type-product","3":"status-publish","4":"has-post-thumbnail","6":"product_cat-6-12-jahre-grundschule","7":"product_cat-6-12-jahre-klassenzimmer-pack","8":"product_cat-alphabetisierung-sprache","9":"product_cat-lernmaterialien-spielzeug-montessori-waldorf-steiner-froebel","10":"product_cat-grammatik","11":"product_cat-klassenzimmer-essenzien","12":"product_cat-lernthemen","13":"product_cat-montessori-paedagogik-material-spielzeug","14":"product_cat-nach-alter","15":"product_cat-nienhuis-montessori-schweiz","16":"product_cat-sensorische-motorische-fertigkeiten","17":"product_cat-sinne","18":"product_cat-sprache-nienhuis-montessori","19":"product_cat-unsere-marken","20":"product_tag-heutink-international-schweiz","21":"product_tag-lehrmittel-schweiz","22":"product_tag-montessori-material-schweiz","23":"product_tag-montessori-material-schweiz-de","24":"product_tag-montessori-satz-wortsymbole-aus-holz","25":"product_tag-montessori-materialien-zur-alphabetisierung","26":"product_tag-montessori-sprache-de","27":"product_tag-nienhuis-montessori-satz-wortsymbole-aus-holz-mit-tablett","28":"product_tag-nienhuis-montessori-schweiz-de-2","29":"product_tag-nienhuis-montessori-schweiz-de","31":"first","32":"onbackorder","33":"taxable","34":"shipping-taxable","35":"purchasable","36":"product-type-simple"},"yoast_head":"<!-- This site is optimized with the Yoast SEO plugin v27.1.1 - https:\/\/yoast.com\/product\/yoast-seo-wordpress\/ -->\n<title>Satz Wortsymbole aus Holz - Nienhuis Montessori<\/title>\n<meta name=\"description\" content=\"Das Nienhuis Montessori 3D Satz Wortsymbole aus Holz besteht aus zehn Grammatiksymbolen, die als ma\u00dfstabsgetreue dreidimensionale Modelle auf einem Holztablett pr\u00e4sentiert werden.\" \/>\n<meta name=\"robots\" content=\"index, follow, max-snippet:-1, max-image-preview:large, max-video-preview:-1\" \/>\n<link rel=\"canonical\" href=\"https:\/\/teiaeducation.ch\/de\/produkt\/satz-wortsymbole-aus-holz-nienhuis-montessori\/\" \/>\n<meta property=\"og:locale\" content=\"de_DE\" \/>\n<meta property=\"og:type\" content=\"article\" \/>\n<meta property=\"og:title\" content=\"Satz Wortsymbole aus Holz - Nienhuis Montessori\" \/>\n<meta property=\"og:description\" content=\"Das Nienhuis Montessori 3D Satz Wortsymbole aus Holz besteht aus zehn Grammatiksymbolen, die als ma\u00dfstabsgetreue dreidimensionale Modelle auf einem Holztablett pr\u00e4sentiert werden.\" \/>\n<meta property=\"og:url\" content=\"https:\/\/teiaeducation.ch\/de\/produkt\/satz-wortsymbole-aus-holz-nienhuis-montessori\/\" \/>\n<meta property=\"og:site_name\" content=\"Sustainable Educational Products &amp; Ecological Toys\u00a0\" \/>\n<meta property=\"article:publisher\" content=\"https:\/\/www.facebook.com\/teiaeducation\/\" \/>\n<meta property=\"article:modified_time\" content=\"2023-12-01T10:40:40+00:00\" \/>\n<meta property=\"og:image\" content=\"https:\/\/teiaeducation.ch\/wp-content\/uploads\/2019\/01\/010600.jpg\" \/>\n\t<meta property=\"og:image:width\" content=\"900\" \/>\n\t<meta property=\"og:image:height\" content=\"900\" \/>\n\t<meta property=\"og:image:type\" content=\"image\/jpeg\" \/>\n<script type=\"application\/ld+json\" class=\"yoast-schema-graph\">{\"@context\":\"https:\/\/schema.org\",\"@graph\":[{\"@type\":\"WebPage\",\"@id\":\"https:\/\/teiaeducation.ch\/de\/produkt\/satz-wortsymbole-aus-holz-nienhuis-montessori\/\",\"url\":\"https:\/\/teiaeducation.ch\/de\/produkt\/satz-wortsymbole-aus-holz-nienhuis-montessori\/\",\"name\":\"Satz Wortsymbole aus Holz - Nienhuis Montessori\",\"isPartOf\":{\"@id\":\"https:\/\/teiaeducation.ch\/de\/#website\"},\"primaryImageOfPage\":{\"@id\":\"https:\/\/teiaeducation.ch\/de\/produkt\/satz-wortsymbole-aus-holz-nienhuis-montessori\/#primaryimage\"},\"image\":{\"@id\":\"https:\/\/teiaeducation.ch\/de\/produkt\/satz-wortsymbole-aus-holz-nienhuis-montessori\/#primaryimage\"},\"thumbnailUrl\":\"https:\/\/teiaeducation.ch\/wp-content\/uploads\/2019\/01\/010600.jpg\",\"datePublished\":\"2021-01-17T15:00:21+00:00\",\"dateModified\":\"2023-12-01T10:40:40+00:00\",\"description\":\"Das Nienhuis Montessori 3D Satz Wortsymbole aus Holz besteht aus zehn Grammatiksymbolen, die als ma\u00dfstabsgetreue dreidimensionale Modelle auf einem Holztablett pr\u00e4sentiert werden.\",\"breadcrumb\":{\"@id\":\"https:\/\/teiaeducation.ch\/de\/produkt\/satz-wortsymbole-aus-holz-nienhuis-montessori\/#breadcrumb\"},\"inLanguage\":\"de-CH\",\"potentialAction\":[{\"@type\":\"ReadAction\",\"target\":[\"https:\/\/teiaeducation.ch\/de\/produkt\/satz-wortsymbole-aus-holz-nienhuis-montessori\/\"]}]},{\"@type\":\"ImageObject\",\"inLanguage\":\"de-CH\",\"@id\":\"https:\/\/teiaeducation.ch\/de\/produkt\/satz-wortsymbole-aus-holz-nienhuis-montessori\/#primaryimage\",\"url\":\"https:\/\/teiaeducation.ch\/wp-content\/uploads\/2019\/01\/010600.jpg\",\"contentUrl\":\"https:\/\/teiaeducation.ch\/wp-content\/uploads\/2019\/01\/010600.jpg\",\"width\":900,\"height\":900,\"caption\":\"Satz Wortsymbole aus Holz: 10er Set mit Tablett - Nienhuis Montessori\"},{\"@type\":\"BreadcrumbList\",\"@id\":\"https:\/\/teiaeducation.ch\/de\/produkt\/satz-wortsymbole-aus-holz-nienhuis-montessori\/#breadcrumb\",\"itemListElement\":[{\"@type\":\"ListItem\",\"position\":1,\"name\":\"Home\",\"item\":\"https:\/\/teiaeducation.ch\/de\/\"},{\"@type\":\"ListItem\",\"position\":2,\"name\":\"Laden\",\"item\":\"https:\/\/teiaeducation.ch\/de\/shop\/\"},{\"@type\":\"ListItem\",\"position\":3,\"name\":\"Unsere Marken\",\"item\":\"https:\/\/teiaeducation.ch\/de\/produkt-kategorie\/unsere-marken\/\"},{\"@type\":\"ListItem\",\"position\":4,\"name\":\"Nienhuis Montessori Schweiz\",\"item\":\"https:\/\/teiaeducation.ch\/de\/produkt-kategorie\/unsere-marken\/nienhuis-montessori-schweiz\/\"},{\"@type\":\"ListItem\",\"position\":5,\"name\":\"Sprachmaterial\",\"item\":\"https:\/\/teiaeducation.ch\/de\/produkt-kategorie\/unsere-marken\/nienhuis-montessori-schweiz\/sprache-nienhuis-montessori\/\"},{\"@type\":\"ListItem\",\"position\":6,\"name\":\"Satz Wortsymbole aus Holz &#8211; Nienhuis Montessori\"}]},{\"@type\":\"WebSite\",\"@id\":\"https:\/\/teiaeducation.ch\/de\/#website\",\"url\":\"https:\/\/teiaeducation.ch\/de\/\",\"name\":\"Sustainable Educational Products &amp; Ecological Toys\u00a0\",\"description\":\"Specialised Swiss shop selling sustainable educational toys and games, AMI certified Montessori materials, handmade ecological wooden Waldorf toys and arts &amp; crafts supplies, school supplies, children&#039;s furniture and Montessori reference and parenting books.\",\"publisher\":{\"@id\":\"https:\/\/teiaeducation.ch\/de\/#organization\"},\"alternateName\":\"Teia Education & Play\",\"potentialAction\":[{\"@type\":\"SearchAction\",\"target\":{\"@type\":\"EntryPoint\",\"urlTemplate\":\"https:\/\/teiaeducation.ch\/de\/?s={search_term_string}\"},\"query-input\":{\"@type\":\"PropertyValueSpecification\",\"valueRequired\":true,\"valueName\":\"search_term_string\"}}],\"inLanguage\":\"de-CH\"},{\"@type\":\"Organization\",\"@id\":\"https:\/\/teiaeducation.ch\/de\/#organization\",\"name\":\"Teia Education & Play\",\"url\":\"https:\/\/teiaeducation.ch\/de\/\",\"logo\":{\"@type\":\"ImageObject\",\"inLanguage\":\"de-CH\",\"@id\":\"https:\/\/teiaeducation.ch\/de\/#\/schema\/logo\/image\/\",\"url\":\"https:\/\/teiaeducation.ch\/wp-content\/uploads\/2020\/11\/Teia-Education-Switzerland-e1620156442216.jpg\",\"contentUrl\":\"https:\/\/teiaeducation.ch\/wp-content\/uploads\/2020\/11\/Teia-Education-Switzerland-e1620156442216.jpg\",\"width\":166,\"height\":145,\"caption\":\"Teia Education & Play\"},\"image\":{\"@id\":\"https:\/\/teiaeducation.ch\/de\/#\/schema\/logo\/image\/\"},\"sameAs\":[\"https:\/\/www.facebook.com\/teiaeducation\/\",\"https:\/\/x.com\/EducationTeia\",\"https:\/\/www.instagram.com\/teia.education\/\",\"https:\/\/www.linkedin.com\/company\/35501660\",\"https:\/\/www.pinterest.ch\/TeiaEducation\/\"]}]}<\/script>\n<!-- \/ Yoast SEO plugin. -->","yoast_head_json":{"title":"Satz Wortsymbole aus Holz - Nienhuis Montessori","description":"Das Nienhuis Montessori 3D Satz Wortsymbole aus Holz besteht aus zehn Grammatiksymbolen, die als ma\u00dfstabsgetreue dreidimensionale Modelle auf einem Holztablett pr\u00e4sentiert werden.","robots":{"index":"index","follow":"follow","max-snippet":"max-snippet:-1","max-image-preview":"max-image-preview:large","max-video-preview":"max-video-preview:-1"},"canonical":"https:\/\/teiaeducation.ch\/de\/produkt\/satz-wortsymbole-aus-holz-nienhuis-montessori\/","og_locale":"de_DE","og_type":"article","og_title":"Satz Wortsymbole aus Holz - Nienhuis Montessori","og_description":"Das Nienhuis Montessori 3D Satz Wortsymbole aus Holz besteht aus zehn Grammatiksymbolen, die als ma\u00dfstabsgetreue dreidimensionale Modelle auf einem Holztablett pr\u00e4sentiert werden.","og_url":"https:\/\/teiaeducation.ch\/de\/produkt\/satz-wortsymbole-aus-holz-nienhuis-montessori\/","og_site_name":"Sustainable Educational Products &amp; Ecological Toys\u00a0","article_publisher":"https:\/\/www.facebook.com\/teiaeducation\/","article_modified_time":"2023-12-01T10:40:40+00:00","og_image":[{"width":900,"height":900,"url":"https:\/\/teiaeducation.ch\/wp-content\/uploads\/2019\/01\/010600.jpg","type":"image\/jpeg"}],"schema":{"@context":"https:\/\/schema.org","@graph":[{"@type":"WebPage","@id":"https:\/\/teiaeducation.ch\/de\/produkt\/satz-wortsymbole-aus-holz-nienhuis-montessori\/","url":"https:\/\/teiaeducation.ch\/de\/produkt\/satz-wortsymbole-aus-holz-nienhuis-montessori\/","name":"Satz Wortsymbole aus Holz - Nienhuis Montessori","isPartOf":{"@id":"https:\/\/teiaeducation.ch\/de\/#website"},"primaryImageOfPage":{"@id":"https:\/\/teiaeducation.ch\/de\/produkt\/satz-wortsymbole-aus-holz-nienhuis-montessori\/#primaryimage"},"image":{"@id":"https:\/\/teiaeducation.ch\/de\/produkt\/satz-wortsymbole-aus-holz-nienhuis-montessori\/#primaryimage"},"thumbnailUrl":"https:\/\/teiaeducation.ch\/wp-content\/uploads\/2019\/01\/010600.jpg","datePublished":"2021-01-17T15:00:21+00:00","dateModified":"2023-12-01T10:40:40+00:00","description":"Das Nienhuis Montessori 3D Satz Wortsymbole aus Holz besteht aus zehn Grammatiksymbolen, die als ma\u00dfstabsgetreue dreidimensionale Modelle auf einem Holztablett pr\u00e4sentiert werden.","breadcrumb":{"@id":"https:\/\/teiaeducation.ch\/de\/produkt\/satz-wortsymbole-aus-holz-nienhuis-montessori\/#breadcrumb"},"inLanguage":"de-CH","potentialAction":[{"@type":"ReadAction","target":["https:\/\/teiaeducation.ch\/de\/produkt\/satz-wortsymbole-aus-holz-nienhuis-montessori\/"]}]},{"@type":"ImageObject","inLanguage":"de-CH","@id":"https:\/\/teiaeducation.ch\/de\/produkt\/satz-wortsymbole-aus-holz-nienhuis-montessori\/#primaryimage","url":"https:\/\/teiaeducation.ch\/wp-content\/uploads\/2019\/01\/010600.jpg","contentUrl":"https:\/\/teiaeducation.ch\/wp-content\/uploads\/2019\/01\/010600.jpg","width":900,"height":900,"caption":"Satz Wortsymbole aus Holz: 10er Set mit Tablett - Nienhuis Montessori"},{"@type":"BreadcrumbList","@id":"https:\/\/teiaeducation.ch\/de\/produkt\/satz-wortsymbole-aus-holz-nienhuis-montessori\/#breadcrumb","itemListElement":[{"@type":"ListItem","position":1,"name":"Home","item":"https:\/\/teiaeducation.ch\/de\/"},{"@type":"ListItem","position":2,"name":"Laden","item":"https:\/\/teiaeducation.ch\/de\/shop\/"},{"@type":"ListItem","position":3,"name":"Unsere Marken","item":"https:\/\/teiaeducation.ch\/de\/produkt-kategorie\/unsere-marken\/"},{"@type":"ListItem","position":4,"name":"Nienhuis Montessori Schweiz","item":"https:\/\/teiaeducation.ch\/de\/produkt-kategorie\/unsere-marken\/nienhuis-montessori-schweiz\/"},{"@type":"ListItem","position":5,"name":"Sprachmaterial","item":"https:\/\/teiaeducation.ch\/de\/produkt-kategorie\/unsere-marken\/nienhuis-montessori-schweiz\/sprache-nienhuis-montessori\/"},{"@type":"ListItem","position":6,"name":"Satz Wortsymbole aus Holz &#8211; Nienhuis Montessori"}]},{"@type":"WebSite","@id":"https:\/\/teiaeducation.ch\/de\/#website","url":"https:\/\/teiaeducation.ch\/de\/","name":"Sustainable Educational Products &amp; Ecological Toys\u00a0","description":"Specialised Swiss shop selling sustainable educational toys and games, AMI certified Montessori materials, handmade ecological wooden Waldorf toys and arts &amp; crafts supplies, school supplies, children&#039;s furniture and Montessori reference and parenting books.","publisher":{"@id":"https:\/\/teiaeducation.ch\/de\/#organization"},"alternateName":"Teia Education & Play","potentialAction":[{"@type":"SearchAction","target":{"@type":"EntryPoint","urlTemplate":"https:\/\/teiaeducation.ch\/de\/?s={search_term_string}"},"query-input":{"@type":"PropertyValueSpecification","valueRequired":true,"valueName":"search_term_string"}}],"inLanguage":"de-CH"},{"@type":"Organization","@id":"https:\/\/teiaeducation.ch\/de\/#organization","name":"Teia Education & Play","url":"https:\/\/teiaeducation.ch\/de\/","logo":{"@type":"ImageObject","inLanguage":"de-CH","@id":"https:\/\/teiaeducation.ch\/de\/#\/schema\/logo\/image\/","url":"https:\/\/teiaeducation.ch\/wp-content\/uploads\/2020\/11\/Teia-Education-Switzerland-e1620156442216.jpg","contentUrl":"https:\/\/teiaeducation.ch\/wp-content\/uploads\/2020\/11\/Teia-Education-Switzerland-e1620156442216.jpg","width":166,"height":145,"caption":"Teia Education & Play"},"image":{"@id":"https:\/\/teiaeducation.ch\/de\/#\/schema\/logo\/image\/"},"sameAs":["https:\/\/www.facebook.com\/teiaeducation\/","https:\/\/x.com\/EducationTeia","https:\/\/www.instagram.com\/teia.education\/","https:\/\/www.linkedin.com\/company\/35501660","https:\/\/www.pinterest.ch\/TeiaEducation\/"]}]}},"_links":{"self":[{"href":"https:\/\/teiaeducation.ch\/de\/wp-json\/wp\/v2\/product\/57684","targetHints":{"allow":["GET"]}}],"collection":[{"href":"https:\/\/teiaeducation.ch\/de\/wp-json\/wp\/v2\/product"}],"about":[{"href":"https:\/\/teiaeducation.ch\/de\/wp-json\/wp\/v2\/types\/product"}],"replies":[{"embeddable":true,"href":"https:\/\/teiaeducation.ch\/de\/wp-json\/wp\/v2\/comments?post=57684"}],"wp:featuredmedia":[{"embeddable":true,"href":"https:\/\/teiaeducation.ch\/de\/wp-json\/wp\/v2\/media\/57686"}],"wp:attachment":[{"href":"https:\/\/teiaeducation.ch\/de\/wp-json\/wp\/v2\/media?parent=57684"}],"wp:term":[{"taxonomy":"product_brand","embeddable":true,"href":"https:\/\/teiaeducation.ch\/de\/wp-json\/wp\/v2\/product_brand?post=57684"},{"taxonomy":"product_cat","embeddable":true,"href":"https:\/\/teiaeducation.ch\/de\/wp-json\/wp\/v2\/product_cat?post=57684"},{"taxonomy":"product_tag","embeddable":true,"href":"https:\/\/teiaeducation.ch\/de\/wp-json\/wp\/v2\/product_tag?post=57684"}],"curies":[{"name":"wp","href":"https:\/\/api.w.org\/{rel}","templated":true}]}}