{"id":57689,"date":"2021-01-17T15:56:33","date_gmt":"2021-01-17T14:56:33","guid":{"rendered":"https:\/\/teiaeducation.ch\/product\/wortsymbole-als-satz-im-kasten-nienhuis-montessori\/"},"modified":"2023-12-01T11:56:03","modified_gmt":"2023-12-01T10:56:03","slug":"wortsymbole-als-satz-im-kasten-nienhuis-montessori","status":"publish","type":"product","link":"https:\/\/teiaeducation.ch\/de\/produkt\/wortsymbole-als-satz-im-kasten-nienhuis-montessori\/","title":{"rendered":"Wortsymbole als Satz im Kasten &#8211; Nienhuis Montessori"},"content":{"rendered":"<p>Wortsymbole aus Kunststoff im Karton &#8211; Nienhuis Montessori<\/p>\n<p>Die Nienhuis Montessori Wortsymbole als Satz im Kasten bestehen aus f\u00fcnfzehn verschiedenen Symbolen, die jeweils eine bestimmte Wortart darstellen. Die Wortsymbole dienen der sensorischen Verst\u00e4rkung der einzelnen Wortarten und werden zum \u00dcberlagern von S\u00e4tzen verwendet. Die Grammatiksymbole sind aus schwerem Kunststoff und werden in einer Holzkiste mit Deckel aufbewahrt.<\/p>\n<p>Da Kinder gut auf Formen und Farben reagieren, wurden die Grammatiksymbole von Dr. Maria Montessori als ein System von farbigen Formen eingef\u00fchrt, wobei jede Form und Farbe eine Bedeutung hat:<\/p>\n<p>1. Das Substantiv ist ein Wort, das eine Person, einen Ort, eine Sache, eine Eigenschaft oder eine Handlung bezeichnet. Das Symbol f\u00fcr das Substantiv wird durch ein schwarzes Dreieck dargestellt. Das Dreieck hat die gleiche Form wie die Pyramide, und die Farbe Schwarz steht f\u00fcr Kohlenstoff, der als das erste von Menschen entdeckte Mineral gilt.<\/p>\n<p>2. Der Artikel ist ein Beispiel f\u00fcr die folgenden drei W\u00f6rter, die verwendet werden, um das Vorhandensein eines Substantivs zu signalisieren. Das Symbol f\u00fcr den Artikel ist das kleinste Dreieck aus dem Satz der Grammatiksymbole, in der Farbe hellblau. Der Artikel geh\u00f6rt zur Familie der Substantive, die alle die dreieckige Form verwenden, wenn auch in unterschiedlichen Farben.<\/p>\n<p>3. Das Adjektiv geh\u00f6rt ebenfalls zur Familie der Substantive und ist ein Wort, das ein Substantiv erg\u00e4nzt, modifiziert oder beschreibt. Das Symbol f\u00fcr das Adjektiv ist ein kleines dunkelblaues Dreieck.<\/p>\n<p>4. Das Verb ist ein Wort, das eine Handlung oder ein Ereignis ausdr\u00fcckt oder einfach dem Satz Leben einhaucht. Das Symbol f\u00fcr das Verb ist ein Kreis, der die Form der Sonne darstellt, die Leben spendet, und seine rote Farbe symbolisiert Blut, das Leben bedeutet.<\/p>\n<p>5. Die Pr\u00e4position ist ein Wort, das die Beziehung eines Substantivs zu einem Verb, einem Adjektiv oder einem anderen Substantiv angibt. Das Symbol f\u00fcr die Pr\u00e4position ist eine gr\u00fcne Mondsichel, die eine Br\u00fccke symbolisiert.<\/p>\n<p>6. Das Adverb ist ein Wort, das ein Verb, ein Adjektiv oder ein anderes Adverb beschreibt. Das Symbol f\u00fcr das Adverb ist ein kleinerer orangefarbener Kreis, der das Verb oft wie ein Planet umkreist, da das Adverb vom Verb abh\u00e4ngt, um zu existieren.<\/p>\n<p>7. Das Pronomen ist der dritte Symbolteil der Substantivfamilie und ist ein Wort, das ein Substantiv ersetzt. Das Symbol f\u00fcr das Pronomen ist ein gro\u00dfes lila Dreieck.<\/p>\n<p>8. Die Konjunktion ist ein Wort, das andere W\u00f6rter, Phrasen oder S\u00e4tze miteinander verbindet. Das Symbol f\u00fcr die Verbindung ist ein kleiner rosafarbener Balken, der ein Glied in einer Kette darstellt.<\/p>\n<p>9. Die Interjektion ist ein Wort, eine Phrase oder ein Laut, der als Ausruf verwendet wird und f\u00fcr sich allein in einem Satz stehen kann. Das Symbol f\u00fcr den Zwischenruf ist ein goldenes Dreieck mit einem Kreis oben drauf. Dieses Symbol kombiniert die Symbole des Substantivs und des Verbs miteinander, da Interjektionen sowohl als Substantiv als auch als Verb in einem Satz fungieren. Die Farbe Gold steht f\u00fcr die Interjektion, die als &#8220;K\u00f6nig aller Worte&#8221; gilt.<\/p>\n<p>Die sechs Anh\u00e4nge stehen f\u00fcr Numerus, Auxiliar, Abstraktum, Partizip, Kopula und Spiritus und werden je nach Bedarf zu den Grundsymbolen f\u00fcr Substantiv, Verb und Infinitiv hinzugef\u00fcgt.<\/p>\n<p>Die Wortsymbole werden in der Regel ab dem sechsten Lebensjahr eingef\u00fchrt, da das Kind zu diesem Zeitpunkt bereits lesen gelernt hat, aber immer noch an W\u00f6rtern, ihren Funktionen und Bedeutungen interessiert ist. Im Grundschulunterricht wird mit dem Ziel des akademischen Verst\u00e4ndnisses ein Schwerpunkt auf die tiefere Bedeutung gelegt.<\/p>\n<p>Allerdings k\u00f6nnen dem Kind ab dem dritten (bis sechsten) Lebensjahr einige Sinneslektionen in Form von einfachen Einf\u00fchrungslektionen angeboten werden, die eine Vorstellung oder ein bestimmtes Gef\u00fchl hervorrufen sollen und nicht dazu dienen, das Kind zu best\u00e4rken, das Konzept der Grammatik auf akademische Weise zu verstehen. Dies kann zum Beispiel mit den Nienhuis Montessori Wortsymbolen <a href=\"https:\/\/teiaeducation.ch\/product\/3d-wooden-grammar-symbols-set-of-10-with-tray-nienhuis-montessori\/\">aus Holz<\/a> geschehen.<\/p>\n<p>Dieses Material ist f\u00fcr Kinder ab 6 Jahren geeignet.<\/p>\n<p>Inhalt:<\/p>\n<p>15 verschiedene Wortsymbole aus dickem Kunststoff<br \/>\n1 Aufbewahrungskasten aus Holz mit Deckel (25 x 22 x 5 cm)<\/p>\n","protected":false},"excerpt":{"rendered":"<p>Artikel Nummer: 011000<\/p>\n","protected":false},"featured_media":57685,"comment_status":"closed","ping_status":"closed","template":"","meta":[],"product_brand":[],"product_cat":[21445,21446,21524,21479,21529,21509,21498,21481,21443,21572,21494,21496,21557,21562,21651,21564],"product_tag":[23474,23473,23120,23469,26966,26920,23470,23119,27023],"class_list":{"0":"post-57689","1":"product","2":"type-product","3":"status-publish","4":"has-post-thumbnail","6":"product_cat-3-6-jahre-vorschule","7":"product_cat-6-12-jahre-grundschule","8":"product_cat-alphabetisierung-sprache","9":"product_cat-lernmaterialien-spielzeug-montessori-waldorf-steiner-froebel","10":"product_cat-grammatik","11":"product_cat-lernthemen","12":"product_cat-montessori-materialien-fuer-zuhause-schulbedarf-fuer-zuhause","13":"product_cat-montessori-paedagogik-material-spielzeug","14":"product_cat-nach-alter","15":"product_cat-nienhuis-montessori-schweiz","16":"product_cat-schulbedarf-fuer-zuhause","17":"product_cat-schulbedarf-fuer-zuhause-6-12-jahre","18":"product_cat-sensorische-motorische-fertigkeiten","19":"product_cat-sinne","20":"product_cat-sprache-nienhuis-montessori","21":"product_cat-unsere-marken","22":"product_tag-heutink-international-schweiz","23":"product_tag-lehrmittel-schweiz","24":"product_tag-montessori-material-schweiz","25":"product_tag-montessori-material-schweiz-de","26":"product_tag-montessori-materialien-zur-alphabetisierung","27":"product_tag-montessori-sprache-de","28":"product_tag-nienhuis-montessori-schweiz-de-2","29":"product_tag-nienhuis-montessori-schweiz-de","30":"product_tag-nienhuis-montessori-wort-symbole-kunststoff","32":"first","33":"instock","34":"taxable","35":"shipping-taxable","36":"purchasable","37":"product-type-simple"},"yoast_head":"<!-- This site is optimized with the Yoast SEO plugin v27.1.1 - https:\/\/yoast.com\/product\/yoast-seo-wordpress\/ -->\n<title>Wortsymbole als Satz im Kasten - Nienhuis Montessori - Teia Education &amp; Play<\/title>\n<meta name=\"description\" content=\"Die Nienhuis Montessori Wortsymbole aus Kunststoff im Kasten bestehen aus f\u00fcnfzehn verschiedenen Symbolen, die jeweils eine bestimmte Wortart darstellen.\" \/>\n<meta name=\"robots\" content=\"index, follow, max-snippet:-1, max-image-preview:large, max-video-preview:-1\" \/>\n<link rel=\"canonical\" href=\"https:\/\/teiaeducation.ch\/de\/produkt\/wortsymbole-als-satz-im-kasten-nienhuis-montessori\/\" \/>\n<meta property=\"og:locale\" content=\"de_DE\" \/>\n<meta property=\"og:type\" content=\"article\" \/>\n<meta property=\"og:title\" content=\"Wortsymbole als Satz im Kasten - Nienhuis Montessori - Teia Education &amp; Play\" \/>\n<meta property=\"og:description\" content=\"Die Nienhuis Montessori Wortsymbole aus Kunststoff im Kasten bestehen aus f\u00fcnfzehn verschiedenen Symbolen, die jeweils eine bestimmte Wortart darstellen.\" \/>\n<meta property=\"og:url\" content=\"https:\/\/teiaeducation.ch\/de\/produkt\/wortsymbole-als-satz-im-kasten-nienhuis-montessori\/\" \/>\n<meta property=\"og:site_name\" content=\"Sustainable Educational Products &amp; Ecological Toys\u00a0\" \/>\n<meta property=\"article:publisher\" content=\"https:\/\/www.facebook.com\/teiaeducation\/\" \/>\n<meta property=\"article:modified_time\" content=\"2023-12-01T10:56:03+00:00\" \/>\n<meta property=\"og:image\" content=\"https:\/\/teiaeducation.ch\/wp-content\/uploads\/2019\/01\/011000-1.jpg\" \/>\n\t<meta property=\"og:image:width\" content=\"900\" \/>\n\t<meta property=\"og:image:height\" content=\"900\" \/>\n\t<meta property=\"og:image:type\" content=\"image\/jpeg\" \/>\n<script type=\"application\/ld+json\" class=\"yoast-schema-graph\">{\"@context\":\"https:\/\/schema.org\",\"@graph\":[{\"@type\":\"WebPage\",\"@id\":\"https:\/\/teiaeducation.ch\/de\/produkt\/wortsymbole-als-satz-im-kasten-nienhuis-montessori\/\",\"url\":\"https:\/\/teiaeducation.ch\/de\/produkt\/wortsymbole-als-satz-im-kasten-nienhuis-montessori\/\",\"name\":\"Wortsymbole als Satz im Kasten - Nienhuis Montessori - Teia Education & Play\",\"isPartOf\":{\"@id\":\"https:\/\/teiaeducation.ch\/de\/#website\"},\"primaryImageOfPage\":{\"@id\":\"https:\/\/teiaeducation.ch\/de\/produkt\/wortsymbole-als-satz-im-kasten-nienhuis-montessori\/#primaryimage\"},\"image\":{\"@id\":\"https:\/\/teiaeducation.ch\/de\/produkt\/wortsymbole-als-satz-im-kasten-nienhuis-montessori\/#primaryimage\"},\"thumbnailUrl\":\"https:\/\/teiaeducation.ch\/wp-content\/uploads\/2019\/01\/011000-1.jpg\",\"datePublished\":\"2021-01-17T14:56:33+00:00\",\"dateModified\":\"2023-12-01T10:56:03+00:00\",\"description\":\"Die Nienhuis Montessori Wortsymbole aus Kunststoff im Kasten bestehen aus f\u00fcnfzehn verschiedenen Symbolen, die jeweils eine bestimmte Wortart darstellen.\",\"breadcrumb\":{\"@id\":\"https:\/\/teiaeducation.ch\/de\/produkt\/wortsymbole-als-satz-im-kasten-nienhuis-montessori\/#breadcrumb\"},\"inLanguage\":\"de-CH\",\"potentialAction\":[{\"@type\":\"ReadAction\",\"target\":[\"https:\/\/teiaeducation.ch\/de\/produkt\/wortsymbole-als-satz-im-kasten-nienhuis-montessori\/\"]}]},{\"@type\":\"ImageObject\",\"inLanguage\":\"de-CH\",\"@id\":\"https:\/\/teiaeducation.ch\/de\/produkt\/wortsymbole-als-satz-im-kasten-nienhuis-montessori\/#primaryimage\",\"url\":\"https:\/\/teiaeducation.ch\/wp-content\/uploads\/2019\/01\/011000-1.jpg\",\"contentUrl\":\"https:\/\/teiaeducation.ch\/wp-content\/uploads\/2019\/01\/011000-1.jpg\",\"width\":900,\"height\":900,\"caption\":\"Wortsymbole als Satz im Kasten - Nienhuis Montessori\"},{\"@type\":\"BreadcrumbList\",\"@id\":\"https:\/\/teiaeducation.ch\/de\/produkt\/wortsymbole-als-satz-im-kasten-nienhuis-montessori\/#breadcrumb\",\"itemListElement\":[{\"@type\":\"ListItem\",\"position\":1,\"name\":\"Home\",\"item\":\"https:\/\/teiaeducation.ch\/de\/\"},{\"@type\":\"ListItem\",\"position\":2,\"name\":\"Laden\",\"item\":\"https:\/\/teiaeducation.ch\/de\/shop\/\"},{\"@type\":\"ListItem\",\"position\":3,\"name\":\"Unsere Marken\",\"item\":\"https:\/\/teiaeducation.ch\/de\/produkt-kategorie\/unsere-marken\/\"},{\"@type\":\"ListItem\",\"position\":4,\"name\":\"Nienhuis Montessori Schweiz\",\"item\":\"https:\/\/teiaeducation.ch\/de\/produkt-kategorie\/unsere-marken\/nienhuis-montessori-schweiz\/\"},{\"@type\":\"ListItem\",\"position\":5,\"name\":\"Sprachmaterial\",\"item\":\"https:\/\/teiaeducation.ch\/de\/produkt-kategorie\/unsere-marken\/nienhuis-montessori-schweiz\/sprache-nienhuis-montessori\/\"},{\"@type\":\"ListItem\",\"position\":6,\"name\":\"Wortsymbole als Satz im Kasten &#8211; Nienhuis Montessori\"}]},{\"@type\":\"WebSite\",\"@id\":\"https:\/\/teiaeducation.ch\/de\/#website\",\"url\":\"https:\/\/teiaeducation.ch\/de\/\",\"name\":\"Sustainable Educational Products &amp; Ecological Toys\u00a0\",\"description\":\"Specialised Swiss shop selling sustainable educational toys and games, AMI certified Montessori materials, handmade ecological wooden Waldorf toys and arts &amp; crafts supplies, school supplies, children&#039;s furniture and Montessori reference and parenting books.\",\"publisher\":{\"@id\":\"https:\/\/teiaeducation.ch\/de\/#organization\"},\"alternateName\":\"Teia Education & Play\",\"potentialAction\":[{\"@type\":\"SearchAction\",\"target\":{\"@type\":\"EntryPoint\",\"urlTemplate\":\"https:\/\/teiaeducation.ch\/de\/?s={search_term_string}\"},\"query-input\":{\"@type\":\"PropertyValueSpecification\",\"valueRequired\":true,\"valueName\":\"search_term_string\"}}],\"inLanguage\":\"de-CH\"},{\"@type\":\"Organization\",\"@id\":\"https:\/\/teiaeducation.ch\/de\/#organization\",\"name\":\"Teia Education & Play\",\"url\":\"https:\/\/teiaeducation.ch\/de\/\",\"logo\":{\"@type\":\"ImageObject\",\"inLanguage\":\"de-CH\",\"@id\":\"https:\/\/teiaeducation.ch\/de\/#\/schema\/logo\/image\/\",\"url\":\"https:\/\/teiaeducation.ch\/wp-content\/uploads\/2020\/11\/Teia-Education-Switzerland-e1620156442216.jpg\",\"contentUrl\":\"https:\/\/teiaeducation.ch\/wp-content\/uploads\/2020\/11\/Teia-Education-Switzerland-e1620156442216.jpg\",\"width\":166,\"height\":145,\"caption\":\"Teia Education & Play\"},\"image\":{\"@id\":\"https:\/\/teiaeducation.ch\/de\/#\/schema\/logo\/image\/\"},\"sameAs\":[\"https:\/\/www.facebook.com\/teiaeducation\/\",\"https:\/\/x.com\/EducationTeia\",\"https:\/\/www.instagram.com\/teia.education\/\",\"https:\/\/www.linkedin.com\/company\/35501660\",\"https:\/\/www.pinterest.ch\/TeiaEducation\/\"]}]}<\/script>\n<!-- \/ Yoast SEO plugin. -->","yoast_head_json":{"title":"Wortsymbole als Satz im Kasten - Nienhuis Montessori - Teia Education & Play","description":"Die Nienhuis Montessori Wortsymbole aus Kunststoff im Kasten bestehen aus f\u00fcnfzehn verschiedenen Symbolen, die jeweils eine bestimmte Wortart darstellen.","robots":{"index":"index","follow":"follow","max-snippet":"max-snippet:-1","max-image-preview":"max-image-preview:large","max-video-preview":"max-video-preview:-1"},"canonical":"https:\/\/teiaeducation.ch\/de\/produkt\/wortsymbole-als-satz-im-kasten-nienhuis-montessori\/","og_locale":"de_DE","og_type":"article","og_title":"Wortsymbole als Satz im Kasten - Nienhuis Montessori - Teia Education & Play","og_description":"Die Nienhuis Montessori Wortsymbole aus Kunststoff im Kasten bestehen aus f\u00fcnfzehn verschiedenen Symbolen, die jeweils eine bestimmte Wortart darstellen.","og_url":"https:\/\/teiaeducation.ch\/de\/produkt\/wortsymbole-als-satz-im-kasten-nienhuis-montessori\/","og_site_name":"Sustainable Educational Products &amp; Ecological Toys\u00a0","article_publisher":"https:\/\/www.facebook.com\/teiaeducation\/","article_modified_time":"2023-12-01T10:56:03+00:00","og_image":[{"width":900,"height":900,"url":"https:\/\/teiaeducation.ch\/wp-content\/uploads\/2019\/01\/011000-1.jpg","type":"image\/jpeg"}],"schema":{"@context":"https:\/\/schema.org","@graph":[{"@type":"WebPage","@id":"https:\/\/teiaeducation.ch\/de\/produkt\/wortsymbole-als-satz-im-kasten-nienhuis-montessori\/","url":"https:\/\/teiaeducation.ch\/de\/produkt\/wortsymbole-als-satz-im-kasten-nienhuis-montessori\/","name":"Wortsymbole als Satz im Kasten - Nienhuis Montessori - Teia Education & Play","isPartOf":{"@id":"https:\/\/teiaeducation.ch\/de\/#website"},"primaryImageOfPage":{"@id":"https:\/\/teiaeducation.ch\/de\/produkt\/wortsymbole-als-satz-im-kasten-nienhuis-montessori\/#primaryimage"},"image":{"@id":"https:\/\/teiaeducation.ch\/de\/produkt\/wortsymbole-als-satz-im-kasten-nienhuis-montessori\/#primaryimage"},"thumbnailUrl":"https:\/\/teiaeducation.ch\/wp-content\/uploads\/2019\/01\/011000-1.jpg","datePublished":"2021-01-17T14:56:33+00:00","dateModified":"2023-12-01T10:56:03+00:00","description":"Die Nienhuis Montessori Wortsymbole aus Kunststoff im Kasten bestehen aus f\u00fcnfzehn verschiedenen Symbolen, die jeweils eine bestimmte Wortart darstellen.","breadcrumb":{"@id":"https:\/\/teiaeducation.ch\/de\/produkt\/wortsymbole-als-satz-im-kasten-nienhuis-montessori\/#breadcrumb"},"inLanguage":"de-CH","potentialAction":[{"@type":"ReadAction","target":["https:\/\/teiaeducation.ch\/de\/produkt\/wortsymbole-als-satz-im-kasten-nienhuis-montessori\/"]}]},{"@type":"ImageObject","inLanguage":"de-CH","@id":"https:\/\/teiaeducation.ch\/de\/produkt\/wortsymbole-als-satz-im-kasten-nienhuis-montessori\/#primaryimage","url":"https:\/\/teiaeducation.ch\/wp-content\/uploads\/2019\/01\/011000-1.jpg","contentUrl":"https:\/\/teiaeducation.ch\/wp-content\/uploads\/2019\/01\/011000-1.jpg","width":900,"height":900,"caption":"Wortsymbole als Satz im Kasten - Nienhuis Montessori"},{"@type":"BreadcrumbList","@id":"https:\/\/teiaeducation.ch\/de\/produkt\/wortsymbole-als-satz-im-kasten-nienhuis-montessori\/#breadcrumb","itemListElement":[{"@type":"ListItem","position":1,"name":"Home","item":"https:\/\/teiaeducation.ch\/de\/"},{"@type":"ListItem","position":2,"name":"Laden","item":"https:\/\/teiaeducation.ch\/de\/shop\/"},{"@type":"ListItem","position":3,"name":"Unsere Marken","item":"https:\/\/teiaeducation.ch\/de\/produkt-kategorie\/unsere-marken\/"},{"@type":"ListItem","position":4,"name":"Nienhuis Montessori Schweiz","item":"https:\/\/teiaeducation.ch\/de\/produkt-kategorie\/unsere-marken\/nienhuis-montessori-schweiz\/"},{"@type":"ListItem","position":5,"name":"Sprachmaterial","item":"https:\/\/teiaeducation.ch\/de\/produkt-kategorie\/unsere-marken\/nienhuis-montessori-schweiz\/sprache-nienhuis-montessori\/"},{"@type":"ListItem","position":6,"name":"Wortsymbole als Satz im Kasten &#8211; Nienhuis Montessori"}]},{"@type":"WebSite","@id":"https:\/\/teiaeducation.ch\/de\/#website","url":"https:\/\/teiaeducation.ch\/de\/","name":"Sustainable Educational Products &amp; Ecological Toys\u00a0","description":"Specialised Swiss shop selling sustainable educational toys and games, AMI certified Montessori materials, handmade ecological wooden Waldorf toys and arts &amp; crafts supplies, school supplies, children&#039;s furniture and Montessori reference and parenting books.","publisher":{"@id":"https:\/\/teiaeducation.ch\/de\/#organization"},"alternateName":"Teia Education & Play","potentialAction":[{"@type":"SearchAction","target":{"@type":"EntryPoint","urlTemplate":"https:\/\/teiaeducation.ch\/de\/?s={search_term_string}"},"query-input":{"@type":"PropertyValueSpecification","valueRequired":true,"valueName":"search_term_string"}}],"inLanguage":"de-CH"},{"@type":"Organization","@id":"https:\/\/teiaeducation.ch\/de\/#organization","name":"Teia Education & Play","url":"https:\/\/teiaeducation.ch\/de\/","logo":{"@type":"ImageObject","inLanguage":"de-CH","@id":"https:\/\/teiaeducation.ch\/de\/#\/schema\/logo\/image\/","url":"https:\/\/teiaeducation.ch\/wp-content\/uploads\/2020\/11\/Teia-Education-Switzerland-e1620156442216.jpg","contentUrl":"https:\/\/teiaeducation.ch\/wp-content\/uploads\/2020\/11\/Teia-Education-Switzerland-e1620156442216.jpg","width":166,"height":145,"caption":"Teia Education & Play"},"image":{"@id":"https:\/\/teiaeducation.ch\/de\/#\/schema\/logo\/image\/"},"sameAs":["https:\/\/www.facebook.com\/teiaeducation\/","https:\/\/x.com\/EducationTeia","https:\/\/www.instagram.com\/teia.education\/","https:\/\/www.linkedin.com\/company\/35501660","https:\/\/www.pinterest.ch\/TeiaEducation\/"]}]}},"_links":{"self":[{"href":"https:\/\/teiaeducation.ch\/de\/wp-json\/wp\/v2\/product\/57689","targetHints":{"allow":["GET"]}}],"collection":[{"href":"https:\/\/teiaeducation.ch\/de\/wp-json\/wp\/v2\/product"}],"about":[{"href":"https:\/\/teiaeducation.ch\/de\/wp-json\/wp\/v2\/types\/product"}],"replies":[{"embeddable":true,"href":"https:\/\/teiaeducation.ch\/de\/wp-json\/wp\/v2\/comments?post=57689"}],"wp:featuredmedia":[{"embeddable":true,"href":"https:\/\/teiaeducation.ch\/de\/wp-json\/wp\/v2\/media\/57685"}],"wp:attachment":[{"href":"https:\/\/teiaeducation.ch\/de\/wp-json\/wp\/v2\/media?parent=57689"}],"wp:term":[{"taxonomy":"product_brand","embeddable":true,"href":"https:\/\/teiaeducation.ch\/de\/wp-json\/wp\/v2\/product_brand?post=57689"},{"taxonomy":"product_cat","embeddable":true,"href":"https:\/\/teiaeducation.ch\/de\/wp-json\/wp\/v2\/product_cat?post=57689"},{"taxonomy":"product_tag","embeddable":true,"href":"https:\/\/teiaeducation.ch\/de\/wp-json\/wp\/v2\/product_tag?post=57689"}],"curies":[{"name":"wp","href":"https:\/\/api.w.org\/{rel}","templated":true}]}}