{"id":57690,"date":"2021-01-17T15:54:15","date_gmt":"2021-01-17T14:54:15","guid":{"rendered":"https:\/\/teiaeducation.ch\/product\/wortsymbole-ergaenzungssatz-aus-papier-nienhuis-montessori\/"},"modified":"2023-12-01T12:00:30","modified_gmt":"2023-12-01T11:00:30","slug":"wortsymbole-ergaenzungssatz-aus-papier-nienhuis-montessori","status":"publish","type":"product","link":"https:\/\/teiaeducation.ch\/de\/produkt\/wortsymbole-ergaenzungssatz-aus-papier-nienhuis-montessori\/","title":{"rendered":"Wortsymbole Erg\u00e4nzungssatz aus Papier &#8211; Nienhuis Montessori"},"content":{"rendered":"<p>Wortsymbole Erg\u00e4nzungssatz aus Papier &#8211; Nienhuis Montessori<\/p>\n<p>Ein Ersatzset mit je 100 der 15 verschiedenen Nienhuis Montessori-Wortsymbole aus gl\u00e4nzendem Farbpapier.<\/p>\n<p>Die Nienhuis Montessori-Papierwortsymbole stehen jeweils f\u00fcr eine bestimmte Wortart. Die Wortsymbole dienen der sensorischen Verst\u00e4rkung der einzelnen Wortarten und werden zum \u00dcberlagern von S\u00e4tzen verwendet. Die Wortsymbole sind aus gl\u00e4nzendem farbigem Papier gefertigt.<\/p>\n<p>Da Kinder gut auf Formen und Farben reagieren, wurden die Wortsymbole von Dr. Maria Montessori als ein System von farbigen Formen eingef\u00fchrt, wobei jede Form und Farbe eine Bedeutung hat.<\/p>\n<p>Die Wortsymbole werden in der Regel ab dem sechsten Lebensjahr eingef\u00fchrt, da das Kind zu diesem Zeitpunkt bereits lesen gelernt hat, aber immer noch an W\u00f6rtern, ihren Funktionen und Bedeutungen interessiert ist. Im Grundschulunterricht wird mit dem Ziel des akademischen Verst\u00e4ndnisses ein Schwerpunkt auf die tiefere Bedeutung gelegt.<\/p>\n<p>Allerdings k\u00f6nnen dem Kind ab dem dritten (bis sechsten) Lebensjahr einige Sinneslektionen in Form von einfachen Einf\u00fchrungslektionen angeboten werden, die eine Vorstellung oder ein bestimmtes Gef\u00fchl hervorrufen sollen und nicht dazu dienen, das Kind zu best\u00e4rken, das Konzept der Grammatik auf akademische Weise zu verstehen. Dies kann zum Beispiel mit den Nienhuis Montessori Wortsymbolen <a href=\"https:\/\/teiaeducation.ch\/product\/3d-wooden-grammar-symbols-set-of-10-with-tray-nienhuis-montessori\/\">aus Holz<\/a> geschehen.<\/p>\n<p>Eine <a href=\"https:\/\/teiaeducation.ch\/product\/grammar-symbols-box-15-compartments-nienhuis-montessori\/\">Holzkiste<\/a> mit 15 F\u00e4chern und Deckel zur Aufbewahrung der Wortsymbole aus Papier ist auch separat erh\u00e4ltlich.<\/p>\n<p>Dieses Material ist f\u00fcr Kinder ab 6 Jahren geeignet.<\/p>\n<p>Inhalt:<\/p>\n<p>100 x 15 Wortsymbole aus Papier<\/p>\n","protected":false},"excerpt":{"rendered":"<p>Artikelnummer: 011100<\/p>\n<p>Ein Ersatzset mit den 15 verschiedenen Nienhuis Montessori Wortsymbolen aus farbigem Glanzpapier, die jeweils eine bestimmte Wortart darstellen.<\/p>\n","protected":false},"featured_media":57691,"comment_status":"open","ping_status":"closed","template":"","meta":[],"product_brand":[],"product_cat":[21446,21524,21479,21529,21509,21481,21443,21563,21572,21531,21651,21564],"product_tag":[27022,26005,23108,27024,27025,22981,26006,27026],"class_list":{"0":"post-57690","1":"product","2":"type-product","3":"status-publish","4":"has-post-thumbnail","6":"product_cat-6-12-jahre-grundschule","7":"product_cat-alphabetisierung-sprache","8":"product_cat-lernmaterialien-spielzeug-montessori-waldorf-steiner-froebel","9":"product_cat-grammatik","10":"product_cat-lernthemen","11":"product_cat-montessori-paedagogik-material-spielzeug","12":"product_cat-nach-alter","13":"product_cat-neuheiten","14":"product_cat-nienhuis-montessori-schweiz","15":"product_cat-schreiben-lernen","16":"product_cat-sprache-nienhuis-montessori","17":"product_cat-unsere-marken","18":"product_tag-grammatik","19":"product_tag-grundschule-6-12-jahre","20":"product_tag-montessori-kleinkind-3-6","21":"product_tag-montessori-grammatik","22":"product_tag-montessoris-teile-der-sprache","23":"product_tag-nienhuis-montessori-de","24":"product_tag-sprache","25":"product_tag-wortsymbole-erganzungssatz-aus-papier-nienhuis-montessori","27":"first","28":"instock","29":"sold-individually","30":"taxable","31":"shipping-taxable","32":"purchasable","33":"product-type-simple"},"yoast_head":"<!-- This site is optimized with the Yoast SEO plugin v27.1.1 - https:\/\/yoast.com\/product\/yoast-seo-wordpress\/ -->\n<title>Wortsymbole Erg\u00e4nzungssatz aus Papier - Nienhuis Montessori<\/title>\n<meta name=\"description\" content=\"Ein Ersatzset mit den 15 verschiedenen Nienhuis Montessori Wortsymbolen aus farbigem Glanzpapier, die jeweils eine bestimmte Wortart darstellen.\" \/>\n<meta name=\"robots\" content=\"index, follow, max-snippet:-1, max-image-preview:large, max-video-preview:-1\" \/>\n<link rel=\"canonical\" href=\"https:\/\/teiaeducation.ch\/de\/produkt\/wortsymbole-ergaenzungssatz-aus-papier-nienhuis-montessori\/\" \/>\n<meta property=\"og:locale\" content=\"de_DE\" \/>\n<meta property=\"og:type\" content=\"article\" \/>\n<meta property=\"og:title\" content=\"Wortsymbole Erg\u00e4nzungssatz aus Papier - Nienhuis Montessori\" \/>\n<meta property=\"og:description\" content=\"Ein Ersatzset mit den 15 verschiedenen Nienhuis Montessori Wortsymbolen aus farbigem Glanzpapier, die jeweils eine bestimmte Wortart darstellen.\" \/>\n<meta property=\"og:url\" content=\"https:\/\/teiaeducation.ch\/de\/produkt\/wortsymbole-ergaenzungssatz-aus-papier-nienhuis-montessori\/\" \/>\n<meta property=\"og:site_name\" content=\"Sustainable Educational Products &amp; Ecological Toys\u00a0\" \/>\n<meta property=\"article:publisher\" content=\"https:\/\/www.facebook.com\/teiaeducation\/\" \/>\n<meta property=\"article:modified_time\" content=\"2023-12-01T11:00:30+00:00\" \/>\n<meta property=\"og:image\" content=\"https:\/\/teiaeducation.ch\/wp-content\/uploads\/2019\/05\/400_011100_main_or_1-scaled-scaled.jpg\" \/>\n\t<meta property=\"og:image:width\" content=\"2048\" \/>\n\t<meta property=\"og:image:height\" content=\"2048\" \/>\n\t<meta property=\"og:image:type\" content=\"image\/jpeg\" \/>\n<script type=\"application\/ld+json\" class=\"yoast-schema-graph\">{\"@context\":\"https:\/\/schema.org\",\"@graph\":[{\"@type\":\"WebPage\",\"@id\":\"https:\/\/teiaeducation.ch\/de\/produkt\/wortsymbole-ergaenzungssatz-aus-papier-nienhuis-montessori\/\",\"url\":\"https:\/\/teiaeducation.ch\/de\/produkt\/wortsymbole-ergaenzungssatz-aus-papier-nienhuis-montessori\/\",\"name\":\"Wortsymbole Erg\u00e4nzungssatz aus Papier - Nienhuis Montessori\",\"isPartOf\":{\"@id\":\"https:\/\/teiaeducation.ch\/de\/#website\"},\"primaryImageOfPage\":{\"@id\":\"https:\/\/teiaeducation.ch\/de\/produkt\/wortsymbole-ergaenzungssatz-aus-papier-nienhuis-montessori\/#primaryimage\"},\"image\":{\"@id\":\"https:\/\/teiaeducation.ch\/de\/produkt\/wortsymbole-ergaenzungssatz-aus-papier-nienhuis-montessori\/#primaryimage\"},\"thumbnailUrl\":\"https:\/\/teiaeducation.ch\/wp-content\/uploads\/2019\/05\/400_011100_main_or_1-scaled-scaled.jpg\",\"datePublished\":\"2021-01-17T14:54:15+00:00\",\"dateModified\":\"2023-12-01T11:00:30+00:00\",\"description\":\"Ein Ersatzset mit den 15 verschiedenen Nienhuis Montessori Wortsymbolen aus farbigem Glanzpapier, die jeweils eine bestimmte Wortart darstellen.\",\"breadcrumb\":{\"@id\":\"https:\/\/teiaeducation.ch\/de\/produkt\/wortsymbole-ergaenzungssatz-aus-papier-nienhuis-montessori\/#breadcrumb\"},\"inLanguage\":\"de-CH\",\"potentialAction\":[{\"@type\":\"ReadAction\",\"target\":[\"https:\/\/teiaeducation.ch\/de\/produkt\/wortsymbole-ergaenzungssatz-aus-papier-nienhuis-montessori\/\"]}]},{\"@type\":\"ImageObject\",\"inLanguage\":\"de-CH\",\"@id\":\"https:\/\/teiaeducation.ch\/de\/produkt\/wortsymbole-ergaenzungssatz-aus-papier-nienhuis-montessori\/#primaryimage\",\"url\":\"https:\/\/teiaeducation.ch\/wp-content\/uploads\/2019\/05\/400_011100_main_or_1-scaled-scaled.jpg\",\"contentUrl\":\"https:\/\/teiaeducation.ch\/wp-content\/uploads\/2019\/05\/400_011100_main_or_1-scaled-scaled.jpg\",\"width\":2048,\"height\":2048,\"caption\":\"Wortsymbole Erg\u00e4nzungssatz aus Papier - Nienhuis Montessori\"},{\"@type\":\"BreadcrumbList\",\"@id\":\"https:\/\/teiaeducation.ch\/de\/produkt\/wortsymbole-ergaenzungssatz-aus-papier-nienhuis-montessori\/#breadcrumb\",\"itemListElement\":[{\"@type\":\"ListItem\",\"position\":1,\"name\":\"Home\",\"item\":\"https:\/\/teiaeducation.ch\/de\/\"},{\"@type\":\"ListItem\",\"position\":2,\"name\":\"Laden\",\"item\":\"https:\/\/teiaeducation.ch\/de\/shop\/\"},{\"@type\":\"ListItem\",\"position\":3,\"name\":\"Unsere Marken\",\"item\":\"https:\/\/teiaeducation.ch\/de\/produkt-kategorie\/unsere-marken\/\"},{\"@type\":\"ListItem\",\"position\":4,\"name\":\"Nienhuis Montessori Schweiz\",\"item\":\"https:\/\/teiaeducation.ch\/de\/produkt-kategorie\/unsere-marken\/nienhuis-montessori-schweiz\/\"},{\"@type\":\"ListItem\",\"position\":5,\"name\":\"Sprachmaterial\",\"item\":\"https:\/\/teiaeducation.ch\/de\/produkt-kategorie\/unsere-marken\/nienhuis-montessori-schweiz\/sprache-nienhuis-montessori\/\"},{\"@type\":\"ListItem\",\"position\":6,\"name\":\"Wortsymbole Erg\u00e4nzungssatz aus Papier &#8211; Nienhuis Montessori\"}]},{\"@type\":\"WebSite\",\"@id\":\"https:\/\/teiaeducation.ch\/de\/#website\",\"url\":\"https:\/\/teiaeducation.ch\/de\/\",\"name\":\"Sustainable Educational Products &amp; Ecological Toys\u00a0\",\"description\":\"Specialised Swiss shop selling sustainable educational toys and games, AMI certified Montessori materials, handmade ecological wooden Waldorf toys and arts &amp; crafts supplies, school supplies, children&#039;s furniture and Montessori reference and parenting books.\",\"publisher\":{\"@id\":\"https:\/\/teiaeducation.ch\/de\/#organization\"},\"alternateName\":\"Teia Education & Play\",\"potentialAction\":[{\"@type\":\"SearchAction\",\"target\":{\"@type\":\"EntryPoint\",\"urlTemplate\":\"https:\/\/teiaeducation.ch\/de\/?s={search_term_string}\"},\"query-input\":{\"@type\":\"PropertyValueSpecification\",\"valueRequired\":true,\"valueName\":\"search_term_string\"}}],\"inLanguage\":\"de-CH\"},{\"@type\":\"Organization\",\"@id\":\"https:\/\/teiaeducation.ch\/de\/#organization\",\"name\":\"Teia Education & Play\",\"url\":\"https:\/\/teiaeducation.ch\/de\/\",\"logo\":{\"@type\":\"ImageObject\",\"inLanguage\":\"de-CH\",\"@id\":\"https:\/\/teiaeducation.ch\/de\/#\/schema\/logo\/image\/\",\"url\":\"https:\/\/teiaeducation.ch\/wp-content\/uploads\/2020\/11\/Teia-Education-Switzerland-e1620156442216.jpg\",\"contentUrl\":\"https:\/\/teiaeducation.ch\/wp-content\/uploads\/2020\/11\/Teia-Education-Switzerland-e1620156442216.jpg\",\"width\":166,\"height\":145,\"caption\":\"Teia Education & Play\"},\"image\":{\"@id\":\"https:\/\/teiaeducation.ch\/de\/#\/schema\/logo\/image\/\"},\"sameAs\":[\"https:\/\/www.facebook.com\/teiaeducation\/\",\"https:\/\/x.com\/EducationTeia\",\"https:\/\/www.instagram.com\/teia.education\/\",\"https:\/\/www.linkedin.com\/company\/35501660\",\"https:\/\/www.pinterest.ch\/TeiaEducation\/\"]}]}<\/script>\n<!-- \/ Yoast SEO plugin. -->","yoast_head_json":{"title":"Wortsymbole Erg\u00e4nzungssatz aus Papier - Nienhuis Montessori","description":"Ein Ersatzset mit den 15 verschiedenen Nienhuis Montessori Wortsymbolen aus farbigem Glanzpapier, die jeweils eine bestimmte Wortart darstellen.","robots":{"index":"index","follow":"follow","max-snippet":"max-snippet:-1","max-image-preview":"max-image-preview:large","max-video-preview":"max-video-preview:-1"},"canonical":"https:\/\/teiaeducation.ch\/de\/produkt\/wortsymbole-ergaenzungssatz-aus-papier-nienhuis-montessori\/","og_locale":"de_DE","og_type":"article","og_title":"Wortsymbole Erg\u00e4nzungssatz aus Papier - Nienhuis Montessori","og_description":"Ein Ersatzset mit den 15 verschiedenen Nienhuis Montessori Wortsymbolen aus farbigem Glanzpapier, die jeweils eine bestimmte Wortart darstellen.","og_url":"https:\/\/teiaeducation.ch\/de\/produkt\/wortsymbole-ergaenzungssatz-aus-papier-nienhuis-montessori\/","og_site_name":"Sustainable Educational Products &amp; Ecological Toys\u00a0","article_publisher":"https:\/\/www.facebook.com\/teiaeducation\/","article_modified_time":"2023-12-01T11:00:30+00:00","og_image":[{"width":2048,"height":2048,"url":"https:\/\/teiaeducation.ch\/wp-content\/uploads\/2019\/05\/400_011100_main_or_1-scaled-scaled.jpg","type":"image\/jpeg"}],"schema":{"@context":"https:\/\/schema.org","@graph":[{"@type":"WebPage","@id":"https:\/\/teiaeducation.ch\/de\/produkt\/wortsymbole-ergaenzungssatz-aus-papier-nienhuis-montessori\/","url":"https:\/\/teiaeducation.ch\/de\/produkt\/wortsymbole-ergaenzungssatz-aus-papier-nienhuis-montessori\/","name":"Wortsymbole Erg\u00e4nzungssatz aus Papier - Nienhuis Montessori","isPartOf":{"@id":"https:\/\/teiaeducation.ch\/de\/#website"},"primaryImageOfPage":{"@id":"https:\/\/teiaeducation.ch\/de\/produkt\/wortsymbole-ergaenzungssatz-aus-papier-nienhuis-montessori\/#primaryimage"},"image":{"@id":"https:\/\/teiaeducation.ch\/de\/produkt\/wortsymbole-ergaenzungssatz-aus-papier-nienhuis-montessori\/#primaryimage"},"thumbnailUrl":"https:\/\/teiaeducation.ch\/wp-content\/uploads\/2019\/05\/400_011100_main_or_1-scaled-scaled.jpg","datePublished":"2021-01-17T14:54:15+00:00","dateModified":"2023-12-01T11:00:30+00:00","description":"Ein Ersatzset mit den 15 verschiedenen Nienhuis Montessori Wortsymbolen aus farbigem Glanzpapier, die jeweils eine bestimmte Wortart darstellen.","breadcrumb":{"@id":"https:\/\/teiaeducation.ch\/de\/produkt\/wortsymbole-ergaenzungssatz-aus-papier-nienhuis-montessori\/#breadcrumb"},"inLanguage":"de-CH","potentialAction":[{"@type":"ReadAction","target":["https:\/\/teiaeducation.ch\/de\/produkt\/wortsymbole-ergaenzungssatz-aus-papier-nienhuis-montessori\/"]}]},{"@type":"ImageObject","inLanguage":"de-CH","@id":"https:\/\/teiaeducation.ch\/de\/produkt\/wortsymbole-ergaenzungssatz-aus-papier-nienhuis-montessori\/#primaryimage","url":"https:\/\/teiaeducation.ch\/wp-content\/uploads\/2019\/05\/400_011100_main_or_1-scaled-scaled.jpg","contentUrl":"https:\/\/teiaeducation.ch\/wp-content\/uploads\/2019\/05\/400_011100_main_or_1-scaled-scaled.jpg","width":2048,"height":2048,"caption":"Wortsymbole Erg\u00e4nzungssatz aus Papier - Nienhuis Montessori"},{"@type":"BreadcrumbList","@id":"https:\/\/teiaeducation.ch\/de\/produkt\/wortsymbole-ergaenzungssatz-aus-papier-nienhuis-montessori\/#breadcrumb","itemListElement":[{"@type":"ListItem","position":1,"name":"Home","item":"https:\/\/teiaeducation.ch\/de\/"},{"@type":"ListItem","position":2,"name":"Laden","item":"https:\/\/teiaeducation.ch\/de\/shop\/"},{"@type":"ListItem","position":3,"name":"Unsere Marken","item":"https:\/\/teiaeducation.ch\/de\/produkt-kategorie\/unsere-marken\/"},{"@type":"ListItem","position":4,"name":"Nienhuis Montessori Schweiz","item":"https:\/\/teiaeducation.ch\/de\/produkt-kategorie\/unsere-marken\/nienhuis-montessori-schweiz\/"},{"@type":"ListItem","position":5,"name":"Sprachmaterial","item":"https:\/\/teiaeducation.ch\/de\/produkt-kategorie\/unsere-marken\/nienhuis-montessori-schweiz\/sprache-nienhuis-montessori\/"},{"@type":"ListItem","position":6,"name":"Wortsymbole Erg\u00e4nzungssatz aus Papier &#8211; Nienhuis Montessori"}]},{"@type":"WebSite","@id":"https:\/\/teiaeducation.ch\/de\/#website","url":"https:\/\/teiaeducation.ch\/de\/","name":"Sustainable Educational Products &amp; Ecological Toys\u00a0","description":"Specialised Swiss shop selling sustainable educational toys and games, AMI certified Montessori materials, handmade ecological wooden Waldorf toys and arts &amp; crafts supplies, school supplies, children&#039;s furniture and Montessori reference and parenting books.","publisher":{"@id":"https:\/\/teiaeducation.ch\/de\/#organization"},"alternateName":"Teia Education & Play","potentialAction":[{"@type":"SearchAction","target":{"@type":"EntryPoint","urlTemplate":"https:\/\/teiaeducation.ch\/de\/?s={search_term_string}"},"query-input":{"@type":"PropertyValueSpecification","valueRequired":true,"valueName":"search_term_string"}}],"inLanguage":"de-CH"},{"@type":"Organization","@id":"https:\/\/teiaeducation.ch\/de\/#organization","name":"Teia Education & Play","url":"https:\/\/teiaeducation.ch\/de\/","logo":{"@type":"ImageObject","inLanguage":"de-CH","@id":"https:\/\/teiaeducation.ch\/de\/#\/schema\/logo\/image\/","url":"https:\/\/teiaeducation.ch\/wp-content\/uploads\/2020\/11\/Teia-Education-Switzerland-e1620156442216.jpg","contentUrl":"https:\/\/teiaeducation.ch\/wp-content\/uploads\/2020\/11\/Teia-Education-Switzerland-e1620156442216.jpg","width":166,"height":145,"caption":"Teia Education & Play"},"image":{"@id":"https:\/\/teiaeducation.ch\/de\/#\/schema\/logo\/image\/"},"sameAs":["https:\/\/www.facebook.com\/teiaeducation\/","https:\/\/x.com\/EducationTeia","https:\/\/www.instagram.com\/teia.education\/","https:\/\/www.linkedin.com\/company\/35501660","https:\/\/www.pinterest.ch\/TeiaEducation\/"]}]}},"_links":{"self":[{"href":"https:\/\/teiaeducation.ch\/de\/wp-json\/wp\/v2\/product\/57690","targetHints":{"allow":["GET"]}}],"collection":[{"href":"https:\/\/teiaeducation.ch\/de\/wp-json\/wp\/v2\/product"}],"about":[{"href":"https:\/\/teiaeducation.ch\/de\/wp-json\/wp\/v2\/types\/product"}],"replies":[{"embeddable":true,"href":"https:\/\/teiaeducation.ch\/de\/wp-json\/wp\/v2\/comments?post=57690"}],"wp:featuredmedia":[{"embeddable":true,"href":"https:\/\/teiaeducation.ch\/de\/wp-json\/wp\/v2\/media\/57691"}],"wp:attachment":[{"href":"https:\/\/teiaeducation.ch\/de\/wp-json\/wp\/v2\/media?parent=57690"}],"wp:term":[{"taxonomy":"product_brand","embeddable":true,"href":"https:\/\/teiaeducation.ch\/de\/wp-json\/wp\/v2\/product_brand?post=57690"},{"taxonomy":"product_cat","embeddable":true,"href":"https:\/\/teiaeducation.ch\/de\/wp-json\/wp\/v2\/product_cat?post=57690"},{"taxonomy":"product_tag","embeddable":true,"href":"https:\/\/teiaeducation.ch\/de\/wp-json\/wp\/v2\/product_tag?post=57690"}],"curies":[{"name":"wp","href":"https:\/\/api.w.org\/{rel}","templated":true}]}}