{"id":57694,"date":"2021-01-17T15:50:53","date_gmt":"2021-01-17T14:50:53","guid":{"rendered":"https:\/\/teiaeducation.ch\/product\/kasten-mit-15-faechern-fuer-die-wortsymbole-nienhuis-montessori\/"},"modified":"2024-08-27T11:34:03","modified_gmt":"2024-08-27T09:34:03","slug":"kasten-mit-15-faechern-fuer-die-wortsymbole-nienhuis-montessori","status":"publish","type":"product","link":"https:\/\/teiaeducation.ch\/de\/produkt\/kasten-mit-15-faechern-fuer-die-wortsymbole-nienhuis-montessori\/","title":{"rendered":"Kasten mit 15 F\u00e4chern f\u00fcr die Wortsymbole &#8211; Nienhuis Montessori"},"content":{"rendered":"<p>Kasten mit 15 F\u00e4chern f\u00fcr die Wortsymbole &#8211; Nienhuis Montessori<\/p>\n<p>Eine h\u00f6lzerne Kasten mit 15 F\u00e4chern f\u00fcr die Wortsymbole zur Aufnahme der 15 einzelnen Nienhuis Montessori-Wortsymbole. Die Wortsymbole bestehen aus f\u00fcnfzehn verschiedenen Symbolen, die jeweils f\u00fcr einen bestimmten Wortteil stehen. Die Wortsymbole dienen der sensorischen Verst\u00e4rkung der einzelnen Wortarten und werden zum \u00dcberlagern von S\u00e4tzen verwendet.<\/p>\n<p>Die Wortsymbole werden in der Regel ab dem sechsten Lebensjahr eingef\u00fchrt, da das Kind zu diesem Zeitpunkt bereits lesen gelernt hat, aber immer noch an W\u00f6rtern, ihren Funktionen und Bedeutungen interessiert ist. Im Grundschulunterricht wird mit dem Ziel des akademischen Verst\u00e4ndnisses ein Schwerpunkt auf die tiefere Bedeutung gelegt.<\/p>\n<p>Die Niederl\u00e4ndische Marke Nienhuis Montessori ist die weltweit f\u00fchrende Montessori Marke, die das Erbe von Maria Montessori ehrt und fortf\u00fchrt und das breiteste und innovativste Sortiment an Montessori-Materialien, M\u00f6beln und verwandten Produkten herstellt. Die hochwertigen Nienhuis Montessori Produkte geben den Kindern die Werkzeuge, die sie brauchen, um Unabhangig und kritisch zu denken. Alle Nienhuis Montessori Materialien sind vom Materialkomitee der Association Montessori Internationale (<a href=\"https:\/\/montessori-ami.org\/\">AMI<\/a>) zertifiziert und werden sorgf\u00e4ltig hergestellt, um Schwierigkeiten zu isolieren, so dass die Kinder sich konzentrieren, lernen und sich entwickeln k\u00f6nnen.<\/p>\n<p>Nienhuis Montessori ist eine der Marken des Niederlandischen Unternehmens Heutink International, das weltweit die besten pedagogischen Marken anbietet, die auf spielerisches Lernen ausgerichtet sind.<\/p>\n<p>Ein Satz von <a href=\"https:\/\/teiaeducation.ch\/product\/paper-grammar-symbols-replacement-set-nienhuis-montessori\/\">Wortsymbolen aus Papier<\/a> ist auch separat erh\u00e4ltlich.<\/p>\n<p>Dieses Material ist f\u00fcr Kinder ab 6 Jahren geeignet.<\/p>\n<p>Inhalt:<\/p>\n<p>1 Aufbewahrungskasten aus Holz mit Deckel (25 x 22 x 5 cm)<\/p>\n<p><em>Wir haben diesen Artikel derzeit nicht auf Lager, aber er ist auf Vorbestellung erh\u00e4ltlich. Dieser Artikel wird f\u00fcr Sie bei unserem Lieferanten bestellt. Aufgrund der Einfuhr aus der Europ\u00e4ischen Union in die Schweiz erwarten wir eine Lieferzeit von 2 bis maximal 3 Wochen.<\/em><\/p>\n\t<div id=\"gap-1116517014\" class=\"gap-element clearfix\" style=\"display:block; height:auto;\">\n\t\t\n<style>\n#gap-1116517014 {\n  padding-top: 20px;\n}\n<\/style>\n\t<\/div>\n\t\n","protected":false},"excerpt":{"rendered":"<p>Artikelnummer: 011200<\/p>\n<p>Eine h\u00f6lzerne Aufbewahrungskasten mit 15 F\u00e4chern zur Aufnahme der einzelnen Nienhuis Montessori-Grammatiksymbole aus Papier oder Kunststoff.<\/p>\n","protected":false},"featured_media":57695,"comment_status":"open","ping_status":"closed","template":"","meta":[],"product_brand":[],"product_cat":[21446,21524,21479,21529,21509,21498,21481,21443,21563,21572,21531,21494,21651,21564],"product_tag":[27022,26005,27030,22981,26006,27029],"class_list":{"0":"post-57694","1":"product","2":"type-product","3":"status-publish","4":"has-post-thumbnail","6":"product_cat-6-12-jahre-grundschule","7":"product_cat-alphabetisierung-sprache","8":"product_cat-lernmaterialien-spielzeug-montessori-waldorf-steiner-froebel","9":"product_cat-grammatik","10":"product_cat-lernthemen","11":"product_cat-montessori-materialien-fuer-zuhause-schulbedarf-fuer-zuhause","12":"product_cat-montessori-paedagogik-material-spielzeug","13":"product_cat-nach-alter","14":"product_cat-neuheiten","15":"product_cat-nienhuis-montessori-schweiz","16":"product_cat-schreiben-lernen","17":"product_cat-schulbedarf-fuer-zuhause","18":"product_cat-sprache-nienhuis-montessori","19":"product_cat-unsere-marken","20":"product_tag-grammatik","21":"product_tag-grundschule-6-12-jahre","22":"product_tag-kasten-mit-15-fachern-fur-die-wortsymbole-nienhuis-montessori","23":"product_tag-nienhuis-montessori-de","24":"product_tag-sprache","25":"product_tag-symbole-der-montessori-grammatik","27":"first","28":"onbackorder","29":"sold-individually","30":"taxable","31":"shipping-taxable","32":"purchasable","33":"product-type-simple"},"yoast_head":"<!-- This site is optimized with the Yoast SEO plugin v27.1.1 - https:\/\/yoast.com\/product\/yoast-seo-wordpress\/ -->\n<title>Kasten mit 15 F\u00e4chern f\u00fcr die Wortsymbole - Nienhuis Montessori<\/title>\n<meta name=\"description\" content=\"Eine h\u00f6lzerne Aufbewahrungsbox mit 15 F\u00e4chern zur Aufnahme der einzelnen Nienhuis Montessori-Wortsymbole aus Papier oder Kunststoff.\" \/>\n<meta name=\"robots\" content=\"index, follow, max-snippet:-1, max-image-preview:large, max-video-preview:-1\" \/>\n<link rel=\"canonical\" href=\"https:\/\/teiaeducation.ch\/de\/produkt\/kasten-mit-15-faechern-fuer-die-wortsymbole-nienhuis-montessori\/\" \/>\n<meta property=\"og:locale\" content=\"de_DE\" \/>\n<meta property=\"og:type\" content=\"article\" \/>\n<meta property=\"og:title\" content=\"Kasten mit 15 F\u00e4chern f\u00fcr die Wortsymbole - Nienhuis Montessori\" \/>\n<meta property=\"og:description\" content=\"Eine h\u00f6lzerne Aufbewahrungsbox mit 15 F\u00e4chern zur Aufnahme der einzelnen Nienhuis Montessori-Wortsymbole aus Papier oder Kunststoff.\" \/>\n<meta property=\"og:url\" content=\"https:\/\/teiaeducation.ch\/de\/produkt\/kasten-mit-15-faechern-fuer-die-wortsymbole-nienhuis-montessori\/\" \/>\n<meta property=\"og:site_name\" content=\"Sustainable Educational Products &amp; Ecological Toys\u00a0\" \/>\n<meta property=\"article:publisher\" content=\"https:\/\/www.facebook.com\/teiaeducation\/\" \/>\n<meta property=\"article:modified_time\" content=\"2024-08-27T09:34:03+00:00\" \/>\n<meta property=\"og:image\" content=\"https:\/\/teiaeducation.ch\/wp-content\/uploads\/2019\/05\/400_011200_main_or_1-scaled-scaled.jpg\" \/>\n\t<meta property=\"og:image:width\" content=\"2048\" \/>\n\t<meta property=\"og:image:height\" content=\"2048\" \/>\n\t<meta property=\"og:image:type\" content=\"image\/jpeg\" \/>\n<script type=\"application\/ld+json\" class=\"yoast-schema-graph\">{\"@context\":\"https:\/\/schema.org\",\"@graph\":[{\"@type\":\"WebPage\",\"@id\":\"https:\/\/teiaeducation.ch\/de\/produkt\/kasten-mit-15-faechern-fuer-die-wortsymbole-nienhuis-montessori\/\",\"url\":\"https:\/\/teiaeducation.ch\/de\/produkt\/kasten-mit-15-faechern-fuer-die-wortsymbole-nienhuis-montessori\/\",\"name\":\"Kasten mit 15 F\u00e4chern f\u00fcr die Wortsymbole - Nienhuis Montessori\",\"isPartOf\":{\"@id\":\"https:\/\/teiaeducation.ch\/de\/#website\"},\"primaryImageOfPage\":{\"@id\":\"https:\/\/teiaeducation.ch\/de\/produkt\/kasten-mit-15-faechern-fuer-die-wortsymbole-nienhuis-montessori\/#primaryimage\"},\"image\":{\"@id\":\"https:\/\/teiaeducation.ch\/de\/produkt\/kasten-mit-15-faechern-fuer-die-wortsymbole-nienhuis-montessori\/#primaryimage\"},\"thumbnailUrl\":\"https:\/\/teiaeducation.ch\/wp-content\/uploads\/2019\/05\/400_011200_main_or_1-scaled-scaled.jpg\",\"datePublished\":\"2021-01-17T14:50:53+00:00\",\"dateModified\":\"2024-08-27T09:34:03+00:00\",\"description\":\"Eine h\u00f6lzerne Aufbewahrungsbox mit 15 F\u00e4chern zur Aufnahme der einzelnen Nienhuis Montessori-Wortsymbole aus Papier oder Kunststoff.\",\"breadcrumb\":{\"@id\":\"https:\/\/teiaeducation.ch\/de\/produkt\/kasten-mit-15-faechern-fuer-die-wortsymbole-nienhuis-montessori\/#breadcrumb\"},\"inLanguage\":\"de-CH\",\"potentialAction\":[{\"@type\":\"ReadAction\",\"target\":[\"https:\/\/teiaeducation.ch\/de\/produkt\/kasten-mit-15-faechern-fuer-die-wortsymbole-nienhuis-montessori\/\"]}]},{\"@type\":\"ImageObject\",\"inLanguage\":\"de-CH\",\"@id\":\"https:\/\/teiaeducation.ch\/de\/produkt\/kasten-mit-15-faechern-fuer-die-wortsymbole-nienhuis-montessori\/#primaryimage\",\"url\":\"https:\/\/teiaeducation.ch\/wp-content\/uploads\/2019\/05\/400_011200_main_or_1-scaled-scaled.jpg\",\"contentUrl\":\"https:\/\/teiaeducation.ch\/wp-content\/uploads\/2019\/05\/400_011200_main_or_1-scaled-scaled.jpg\",\"width\":2048,\"height\":2048,\"caption\":\"Kasten mit 15 F\u00e4chern f\u00fcr die Wortsymbole - Nienhuis Montessori\"},{\"@type\":\"BreadcrumbList\",\"@id\":\"https:\/\/teiaeducation.ch\/de\/produkt\/kasten-mit-15-faechern-fuer-die-wortsymbole-nienhuis-montessori\/#breadcrumb\",\"itemListElement\":[{\"@type\":\"ListItem\",\"position\":1,\"name\":\"Home\",\"item\":\"https:\/\/teiaeducation.ch\/de\/\"},{\"@type\":\"ListItem\",\"position\":2,\"name\":\"Laden\",\"item\":\"https:\/\/teiaeducation.ch\/de\/shop\/\"},{\"@type\":\"ListItem\",\"position\":3,\"name\":\"Unsere Marken\",\"item\":\"https:\/\/teiaeducation.ch\/de\/produkt-kategorie\/unsere-marken\/\"},{\"@type\":\"ListItem\",\"position\":4,\"name\":\"Nienhuis Montessori Schweiz\",\"item\":\"https:\/\/teiaeducation.ch\/de\/produkt-kategorie\/unsere-marken\/nienhuis-montessori-schweiz\/\"},{\"@type\":\"ListItem\",\"position\":5,\"name\":\"Sprachmaterial\",\"item\":\"https:\/\/teiaeducation.ch\/de\/produkt-kategorie\/unsere-marken\/nienhuis-montessori-schweiz\/sprache-nienhuis-montessori\/\"},{\"@type\":\"ListItem\",\"position\":6,\"name\":\"Kasten mit 15 F\u00e4chern f\u00fcr die Wortsymbole &#8211; Nienhuis Montessori\"}]},{\"@type\":\"WebSite\",\"@id\":\"https:\/\/teiaeducation.ch\/de\/#website\",\"url\":\"https:\/\/teiaeducation.ch\/de\/\",\"name\":\"Sustainable Educational Products &amp; Ecological Toys\u00a0\",\"description\":\"Specialised Swiss shop selling sustainable educational toys and games, AMI certified Montessori materials, handmade ecological wooden Waldorf toys and arts &amp; crafts supplies, school supplies, children&#039;s furniture and Montessori reference and parenting books.\",\"publisher\":{\"@id\":\"https:\/\/teiaeducation.ch\/de\/#organization\"},\"alternateName\":\"Teia Education & Play\",\"potentialAction\":[{\"@type\":\"SearchAction\",\"target\":{\"@type\":\"EntryPoint\",\"urlTemplate\":\"https:\/\/teiaeducation.ch\/de\/?s={search_term_string}\"},\"query-input\":{\"@type\":\"PropertyValueSpecification\",\"valueRequired\":true,\"valueName\":\"search_term_string\"}}],\"inLanguage\":\"de-CH\"},{\"@type\":\"Organization\",\"@id\":\"https:\/\/teiaeducation.ch\/de\/#organization\",\"name\":\"Teia Education & Play\",\"url\":\"https:\/\/teiaeducation.ch\/de\/\",\"logo\":{\"@type\":\"ImageObject\",\"inLanguage\":\"de-CH\",\"@id\":\"https:\/\/teiaeducation.ch\/de\/#\/schema\/logo\/image\/\",\"url\":\"https:\/\/teiaeducation.ch\/wp-content\/uploads\/2020\/11\/Teia-Education-Switzerland-e1620156442216.jpg\",\"contentUrl\":\"https:\/\/teiaeducation.ch\/wp-content\/uploads\/2020\/11\/Teia-Education-Switzerland-e1620156442216.jpg\",\"width\":166,\"height\":145,\"caption\":\"Teia Education & Play\"},\"image\":{\"@id\":\"https:\/\/teiaeducation.ch\/de\/#\/schema\/logo\/image\/\"},\"sameAs\":[\"https:\/\/www.facebook.com\/teiaeducation\/\",\"https:\/\/x.com\/EducationTeia\",\"https:\/\/www.instagram.com\/teia.education\/\",\"https:\/\/www.linkedin.com\/company\/35501660\",\"https:\/\/www.pinterest.ch\/TeiaEducation\/\"]}]}<\/script>\n<!-- \/ Yoast SEO plugin. -->","yoast_head_json":{"title":"Kasten mit 15 F\u00e4chern f\u00fcr die Wortsymbole - Nienhuis Montessori","description":"Eine h\u00f6lzerne Aufbewahrungsbox mit 15 F\u00e4chern zur Aufnahme der einzelnen Nienhuis Montessori-Wortsymbole aus Papier oder Kunststoff.","robots":{"index":"index","follow":"follow","max-snippet":"max-snippet:-1","max-image-preview":"max-image-preview:large","max-video-preview":"max-video-preview:-1"},"canonical":"https:\/\/teiaeducation.ch\/de\/produkt\/kasten-mit-15-faechern-fuer-die-wortsymbole-nienhuis-montessori\/","og_locale":"de_DE","og_type":"article","og_title":"Kasten mit 15 F\u00e4chern f\u00fcr die Wortsymbole - Nienhuis Montessori","og_description":"Eine h\u00f6lzerne Aufbewahrungsbox mit 15 F\u00e4chern zur Aufnahme der einzelnen Nienhuis Montessori-Wortsymbole aus Papier oder Kunststoff.","og_url":"https:\/\/teiaeducation.ch\/de\/produkt\/kasten-mit-15-faechern-fuer-die-wortsymbole-nienhuis-montessori\/","og_site_name":"Sustainable Educational Products &amp; Ecological Toys\u00a0","article_publisher":"https:\/\/www.facebook.com\/teiaeducation\/","article_modified_time":"2024-08-27T09:34:03+00:00","og_image":[{"width":2048,"height":2048,"url":"https:\/\/teiaeducation.ch\/wp-content\/uploads\/2019\/05\/400_011200_main_or_1-scaled-scaled.jpg","type":"image\/jpeg"}],"schema":{"@context":"https:\/\/schema.org","@graph":[{"@type":"WebPage","@id":"https:\/\/teiaeducation.ch\/de\/produkt\/kasten-mit-15-faechern-fuer-die-wortsymbole-nienhuis-montessori\/","url":"https:\/\/teiaeducation.ch\/de\/produkt\/kasten-mit-15-faechern-fuer-die-wortsymbole-nienhuis-montessori\/","name":"Kasten mit 15 F\u00e4chern f\u00fcr die Wortsymbole - Nienhuis Montessori","isPartOf":{"@id":"https:\/\/teiaeducation.ch\/de\/#website"},"primaryImageOfPage":{"@id":"https:\/\/teiaeducation.ch\/de\/produkt\/kasten-mit-15-faechern-fuer-die-wortsymbole-nienhuis-montessori\/#primaryimage"},"image":{"@id":"https:\/\/teiaeducation.ch\/de\/produkt\/kasten-mit-15-faechern-fuer-die-wortsymbole-nienhuis-montessori\/#primaryimage"},"thumbnailUrl":"https:\/\/teiaeducation.ch\/wp-content\/uploads\/2019\/05\/400_011200_main_or_1-scaled-scaled.jpg","datePublished":"2021-01-17T14:50:53+00:00","dateModified":"2024-08-27T09:34:03+00:00","description":"Eine h\u00f6lzerne Aufbewahrungsbox mit 15 F\u00e4chern zur Aufnahme der einzelnen Nienhuis Montessori-Wortsymbole aus Papier oder Kunststoff.","breadcrumb":{"@id":"https:\/\/teiaeducation.ch\/de\/produkt\/kasten-mit-15-faechern-fuer-die-wortsymbole-nienhuis-montessori\/#breadcrumb"},"inLanguage":"de-CH","potentialAction":[{"@type":"ReadAction","target":["https:\/\/teiaeducation.ch\/de\/produkt\/kasten-mit-15-faechern-fuer-die-wortsymbole-nienhuis-montessori\/"]}]},{"@type":"ImageObject","inLanguage":"de-CH","@id":"https:\/\/teiaeducation.ch\/de\/produkt\/kasten-mit-15-faechern-fuer-die-wortsymbole-nienhuis-montessori\/#primaryimage","url":"https:\/\/teiaeducation.ch\/wp-content\/uploads\/2019\/05\/400_011200_main_or_1-scaled-scaled.jpg","contentUrl":"https:\/\/teiaeducation.ch\/wp-content\/uploads\/2019\/05\/400_011200_main_or_1-scaled-scaled.jpg","width":2048,"height":2048,"caption":"Kasten mit 15 F\u00e4chern f\u00fcr die Wortsymbole - Nienhuis Montessori"},{"@type":"BreadcrumbList","@id":"https:\/\/teiaeducation.ch\/de\/produkt\/kasten-mit-15-faechern-fuer-die-wortsymbole-nienhuis-montessori\/#breadcrumb","itemListElement":[{"@type":"ListItem","position":1,"name":"Home","item":"https:\/\/teiaeducation.ch\/de\/"},{"@type":"ListItem","position":2,"name":"Laden","item":"https:\/\/teiaeducation.ch\/de\/shop\/"},{"@type":"ListItem","position":3,"name":"Unsere Marken","item":"https:\/\/teiaeducation.ch\/de\/produkt-kategorie\/unsere-marken\/"},{"@type":"ListItem","position":4,"name":"Nienhuis Montessori Schweiz","item":"https:\/\/teiaeducation.ch\/de\/produkt-kategorie\/unsere-marken\/nienhuis-montessori-schweiz\/"},{"@type":"ListItem","position":5,"name":"Sprachmaterial","item":"https:\/\/teiaeducation.ch\/de\/produkt-kategorie\/unsere-marken\/nienhuis-montessori-schweiz\/sprache-nienhuis-montessori\/"},{"@type":"ListItem","position":6,"name":"Kasten mit 15 F\u00e4chern f\u00fcr die Wortsymbole &#8211; Nienhuis Montessori"}]},{"@type":"WebSite","@id":"https:\/\/teiaeducation.ch\/de\/#website","url":"https:\/\/teiaeducation.ch\/de\/","name":"Sustainable Educational Products &amp; Ecological Toys\u00a0","description":"Specialised Swiss shop selling sustainable educational toys and games, AMI certified Montessori materials, handmade ecological wooden Waldorf toys and arts &amp; crafts supplies, school supplies, children&#039;s furniture and Montessori reference and parenting books.","publisher":{"@id":"https:\/\/teiaeducation.ch\/de\/#organization"},"alternateName":"Teia Education & Play","potentialAction":[{"@type":"SearchAction","target":{"@type":"EntryPoint","urlTemplate":"https:\/\/teiaeducation.ch\/de\/?s={search_term_string}"},"query-input":{"@type":"PropertyValueSpecification","valueRequired":true,"valueName":"search_term_string"}}],"inLanguage":"de-CH"},{"@type":"Organization","@id":"https:\/\/teiaeducation.ch\/de\/#organization","name":"Teia Education & Play","url":"https:\/\/teiaeducation.ch\/de\/","logo":{"@type":"ImageObject","inLanguage":"de-CH","@id":"https:\/\/teiaeducation.ch\/de\/#\/schema\/logo\/image\/","url":"https:\/\/teiaeducation.ch\/wp-content\/uploads\/2020\/11\/Teia-Education-Switzerland-e1620156442216.jpg","contentUrl":"https:\/\/teiaeducation.ch\/wp-content\/uploads\/2020\/11\/Teia-Education-Switzerland-e1620156442216.jpg","width":166,"height":145,"caption":"Teia Education & Play"},"image":{"@id":"https:\/\/teiaeducation.ch\/de\/#\/schema\/logo\/image\/"},"sameAs":["https:\/\/www.facebook.com\/teiaeducation\/","https:\/\/x.com\/EducationTeia","https:\/\/www.instagram.com\/teia.education\/","https:\/\/www.linkedin.com\/company\/35501660","https:\/\/www.pinterest.ch\/TeiaEducation\/"]}]}},"_links":{"self":[{"href":"https:\/\/teiaeducation.ch\/de\/wp-json\/wp\/v2\/product\/57694","targetHints":{"allow":["GET"]}}],"collection":[{"href":"https:\/\/teiaeducation.ch\/de\/wp-json\/wp\/v2\/product"}],"about":[{"href":"https:\/\/teiaeducation.ch\/de\/wp-json\/wp\/v2\/types\/product"}],"replies":[{"embeddable":true,"href":"https:\/\/teiaeducation.ch\/de\/wp-json\/wp\/v2\/comments?post=57694"}],"wp:featuredmedia":[{"embeddable":true,"href":"https:\/\/teiaeducation.ch\/de\/wp-json\/wp\/v2\/media\/57695"}],"wp:attachment":[{"href":"https:\/\/teiaeducation.ch\/de\/wp-json\/wp\/v2\/media?parent=57694"}],"wp:term":[{"taxonomy":"product_brand","embeddable":true,"href":"https:\/\/teiaeducation.ch\/de\/wp-json\/wp\/v2\/product_brand?post=57694"},{"taxonomy":"product_cat","embeddable":true,"href":"https:\/\/teiaeducation.ch\/de\/wp-json\/wp\/v2\/product_cat?post=57694"},{"taxonomy":"product_tag","embeddable":true,"href":"https:\/\/teiaeducation.ch\/de\/wp-json\/wp\/v2\/product_tag?post=57694"}],"curies":[{"name":"wp","href":"https:\/\/api.w.org\/{rel}","templated":true}]}}