{"id":57708,"date":"2019-05-20T22:25:46","date_gmt":"2019-05-20T20:25:46","guid":{"rendered":"https:\/\/teiaeducation.ch\/product\/das-verstaendnis-des-menschen-silvana-quattrocchi-montanaro\/"},"modified":"2023-12-01T16:36:38","modified_gmt":"2023-12-01T15:36:38","slug":"das-verstaendnis-des-menschen-silvana-quattrocchi-montanaro","status":"publish","type":"product","link":"https:\/\/teiaeducation.ch\/de\/produkt\/das-verstaendnis-des-menschen-silvana-quattrocchi-montanaro\/","title":{"rendered":"Das Verst\u00e4ndnis des Menschen &#8211; Silvana Quattrocchi Montanaro"},"content":{"rendered":"<p>Das von Dr. Silvana Quattrocchi Montanaro verfasste und von Nienhuis Montessori USA herausgegebene Softcover-Buch Das Verst\u00e4ndnis des Menschen konzentriert sich auf die Bedeutung der Erziehung in den ersten drei Lebensjahren, damit ein Kind ein hohes Ma\u00df an emotionaler, intellektueller und moralischer Integration erreicht.<\/p>\n<p>Die Niederl\u00e4ndische Marke Nienhuis Montessori ist die weltweit f\u00fchrende Montessori Marke, die das Erbe von Maria Montessori ehrt und fortf\u00fchrt und das breiteste und innovativste Sortiment an Montessori-Materialien, M\u00f6beln und verwandten Produkten herstellt. Die hochwertigen Nienhuis Montessori Produkte geben den Kindern die Werkzeuge, die sie brauchen, um Unabhangig und kritisch zu denken. Alle Nienhuis Montessori Materialien sind vom Materialkomitee der Association Montessori Internationale (<a href=\"https:\/\/montessori-ami.org\/\">AMI<\/a>) zertifiziert und werden sorgf\u00e4ltig hergestellt, um Schwierigkeiten zu isolieren, so dass die Kinder sich konzentrieren, lernen und sich entwickeln k\u00f6nnen.<\/p>\n<p>Nienhuis Montessori ist eine der Marken des Niederlandischen Unternehmens Heutink International, das weltweit die besten pedagogischen Marken anbietet, die auf spielerisches Lernen ausgerichtet sind.<\/p>\n<p>Inhalt:<\/p>\n<p>1 Softcover-Buch &#8211; 166 Seiten &#8211; Ausgabe 1991<\/p>\n","protected":false},"excerpt":{"rendered":"<p>Artikelnummer: 531500<\/p>\n<p>Das Buch Das Verst\u00e4ndnis des Menschen Montessori von Silvana Quattrocchi Montanaro konzentriert sich auf die Bedeutung der Erziehung in den ersten drei Lebensjahren.<\/p>\n","protected":false},"featured_media":55819,"comment_status":"closed","ping_status":"closed","template":"","meta":[],"product_brand":[],"product_cat":[21444,21479,21569,21506,21499,21498,21481,21505,21443,21572,21503,21494,21497,21482,21564],"product_tag":[27036,27039,27040,27038,27041,27035,22981,27037],"class_list":{"0":"post-57708","1":"product","2":"type-product","3":"status-publish","4":"has-post-thumbnail","6":"product_cat-1-3-jahre-kleinkind","7":"product_cat-lernmaterialien-spielzeug-montessori-waldorf-steiner-froebel","8":"product_cat-buecher-nienhuis-montessori","9":"product_cat-buecher-zur-elternschaft","10":"product_cat-lernunterstuetzung","11":"product_cat-montessori-materialien-fuer-zuhause-schulbedarf-fuer-zuhause","12":"product_cat-montessori-paedagogik-material-spielzeug","13":"product_cat-montessori-buecher","14":"product_cat-nach-alter","15":"product_cat-nienhuis-montessori-schweiz","16":"product_cat-referenz-buecher","17":"product_cat-schulbedarf-fuer-zuhause","18":"product_cat-spielen-und-lernen-fuer-babys-kleinkinder","19":"product_cat-traditionelle-bildung","20":"product_cat-unsere-marken","21":"product_tag-bucher-mehr","22":"product_tag-clio-de","23":"product_tag-das-verstandnis-des-menschen","24":"product_tag-fur-eltern","25":"product_tag-geschrieben-von-dr-silvana-quattrocchi-montanaro","26":"product_tag-montessori-bucher","27":"product_tag-nienhuis-montessori-de","28":"product_tag-referenz","30":"first","31":"instock","32":"taxable","33":"shipping-taxable","34":"purchasable","35":"product-type-simple"},"yoast_head":"<!-- This site is optimized with the Yoast SEO plugin v27.1.1 - https:\/\/yoast.com\/product\/yoast-seo-wordpress\/ -->\n<title>Das Verst\u00e4ndnis des Menschen - Silvana Quattrocchi Montanaro<\/title>\n<meta name=\"description\" content=\"Das Buch Das Verst\u00e4ndnis des Menschen Montessori von Silvana Quattrocchi Montanaro konzentriert sich auf die Bedeutung der Erziehung in den ersten drei Lebensjahren.\" \/>\n<meta name=\"robots\" content=\"index, follow, max-snippet:-1, max-image-preview:large, max-video-preview:-1\" \/>\n<link rel=\"canonical\" href=\"https:\/\/teiaeducation.ch\/de\/produkt\/das-verstaendnis-des-menschen-silvana-quattrocchi-montanaro\/\" \/>\n<meta property=\"og:locale\" content=\"de_DE\" \/>\n<meta property=\"og:type\" content=\"article\" \/>\n<meta property=\"og:title\" content=\"Das Verst\u00e4ndnis des Menschen - Silvana Quattrocchi Montanaro\" \/>\n<meta property=\"og:description\" content=\"Das Buch Das Verst\u00e4ndnis des Menschen Montessori von Silvana Quattrocchi Montanaro konzentriert sich auf die Bedeutung der Erziehung in den ersten drei Lebensjahren.\" \/>\n<meta property=\"og:url\" content=\"https:\/\/teiaeducation.ch\/de\/produkt\/das-verstaendnis-des-menschen-silvana-quattrocchi-montanaro\/\" \/>\n<meta property=\"og:site_name\" content=\"Sustainable Educational Products &amp; Ecological Toys\u00a0\" \/>\n<meta property=\"article:publisher\" content=\"https:\/\/www.facebook.com\/teiaeducation\/\" \/>\n<meta property=\"article:modified_time\" content=\"2023-12-01T15:36:38+00:00\" \/>\n<meta property=\"og:image\" content=\"https:\/\/teiaeducation.ch\/wp-content\/uploads\/2019\/05\/400_531500_main_or_1-scaled-scaled.jpg\" \/>\n\t<meta property=\"og:image:width\" content=\"2048\" \/>\n\t<meta property=\"og:image:height\" content=\"2048\" \/>\n\t<meta property=\"og:image:type\" content=\"image\/jpeg\" \/>\n<script type=\"application\/ld+json\" class=\"yoast-schema-graph\">{\"@context\":\"https:\/\/schema.org\",\"@graph\":[{\"@type\":\"WebPage\",\"@id\":\"https:\/\/teiaeducation.ch\/de\/produkt\/das-verstaendnis-des-menschen-silvana-quattrocchi-montanaro\/\",\"url\":\"https:\/\/teiaeducation.ch\/de\/produkt\/das-verstaendnis-des-menschen-silvana-quattrocchi-montanaro\/\",\"name\":\"Das Verst\u00e4ndnis des Menschen - Silvana Quattrocchi Montanaro\",\"isPartOf\":{\"@id\":\"https:\/\/teiaeducation.ch\/de\/#website\"},\"primaryImageOfPage\":{\"@id\":\"https:\/\/teiaeducation.ch\/de\/produkt\/das-verstaendnis-des-menschen-silvana-quattrocchi-montanaro\/#primaryimage\"},\"image\":{\"@id\":\"https:\/\/teiaeducation.ch\/de\/produkt\/das-verstaendnis-des-menschen-silvana-quattrocchi-montanaro\/#primaryimage\"},\"thumbnailUrl\":\"https:\/\/teiaeducation.ch\/wp-content\/uploads\/2019\/05\/400_531500_main_or_1-scaled-scaled.jpg\",\"datePublished\":\"2019-05-20T20:25:46+00:00\",\"dateModified\":\"2023-12-01T15:36:38+00:00\",\"description\":\"Das Buch Das Verst\u00e4ndnis des Menschen Montessori von Silvana Quattrocchi Montanaro konzentriert sich auf die Bedeutung der Erziehung in den ersten drei Lebensjahren.\",\"breadcrumb\":{\"@id\":\"https:\/\/teiaeducation.ch\/de\/produkt\/das-verstaendnis-des-menschen-silvana-quattrocchi-montanaro\/#breadcrumb\"},\"inLanguage\":\"de-CH\",\"potentialAction\":[{\"@type\":\"ReadAction\",\"target\":[\"https:\/\/teiaeducation.ch\/de\/produkt\/das-verstaendnis-des-menschen-silvana-quattrocchi-montanaro\/\"]}]},{\"@type\":\"ImageObject\",\"inLanguage\":\"de-CH\",\"@id\":\"https:\/\/teiaeducation.ch\/de\/produkt\/das-verstaendnis-des-menschen-silvana-quattrocchi-montanaro\/#primaryimage\",\"url\":\"https:\/\/teiaeducation.ch\/wp-content\/uploads\/2019\/05\/400_531500_main_or_1-scaled-scaled.jpg\",\"contentUrl\":\"https:\/\/teiaeducation.ch\/wp-content\/uploads\/2019\/05\/400_531500_main_or_1-scaled-scaled.jpg\",\"width\":2048,\"height\":2048,\"caption\":\"Das menschliche Wesen verstehen Silvana Quattrocchi Montanaro\"},{\"@type\":\"BreadcrumbList\",\"@id\":\"https:\/\/teiaeducation.ch\/de\/produkt\/das-verstaendnis-des-menschen-silvana-quattrocchi-montanaro\/#breadcrumb\",\"itemListElement\":[{\"@type\":\"ListItem\",\"position\":1,\"name\":\"Home\",\"item\":\"https:\/\/teiaeducation.ch\/de\/\"},{\"@type\":\"ListItem\",\"position\":2,\"name\":\"Laden\",\"item\":\"https:\/\/teiaeducation.ch\/de\/shop\/\"},{\"@type\":\"ListItem\",\"position\":3,\"name\":\"Lernunterst\u00fctzung\",\"item\":\"https:\/\/teiaeducation.ch\/de\/produkt-kategorie\/lernunterstuetzung\/\"},{\"@type\":\"ListItem\",\"position\":4,\"name\":\"Referenz-B\u00fccher\",\"item\":\"https:\/\/teiaeducation.ch\/de\/produkt-kategorie\/lernunterstuetzung\/referenz-buecher\/\"},{\"@type\":\"ListItem\",\"position\":5,\"name\":\"Das Verst\u00e4ndnis des Menschen &#8211; Silvana Quattrocchi Montanaro\"}]},{\"@type\":\"WebSite\",\"@id\":\"https:\/\/teiaeducation.ch\/de\/#website\",\"url\":\"https:\/\/teiaeducation.ch\/de\/\",\"name\":\"Sustainable Educational Products &amp; Ecological Toys\u00a0\",\"description\":\"Specialised Swiss shop selling sustainable educational toys and games, AMI certified Montessori materials, handmade ecological wooden Waldorf toys and arts &amp; crafts supplies, school supplies, children&#039;s furniture and Montessori reference and parenting books.\",\"publisher\":{\"@id\":\"https:\/\/teiaeducation.ch\/de\/#organization\"},\"alternateName\":\"Teia Education & Play\",\"potentialAction\":[{\"@type\":\"SearchAction\",\"target\":{\"@type\":\"EntryPoint\",\"urlTemplate\":\"https:\/\/teiaeducation.ch\/de\/?s={search_term_string}\"},\"query-input\":{\"@type\":\"PropertyValueSpecification\",\"valueRequired\":true,\"valueName\":\"search_term_string\"}}],\"inLanguage\":\"de-CH\"},{\"@type\":\"Organization\",\"@id\":\"https:\/\/teiaeducation.ch\/de\/#organization\",\"name\":\"Teia Education & Play\",\"url\":\"https:\/\/teiaeducation.ch\/de\/\",\"logo\":{\"@type\":\"ImageObject\",\"inLanguage\":\"de-CH\",\"@id\":\"https:\/\/teiaeducation.ch\/de\/#\/schema\/logo\/image\/\",\"url\":\"https:\/\/teiaeducation.ch\/wp-content\/uploads\/2020\/11\/Teia-Education-Switzerland-e1620156442216.jpg\",\"contentUrl\":\"https:\/\/teiaeducation.ch\/wp-content\/uploads\/2020\/11\/Teia-Education-Switzerland-e1620156442216.jpg\",\"width\":166,\"height\":145,\"caption\":\"Teia Education & Play\"},\"image\":{\"@id\":\"https:\/\/teiaeducation.ch\/de\/#\/schema\/logo\/image\/\"},\"sameAs\":[\"https:\/\/www.facebook.com\/teiaeducation\/\",\"https:\/\/x.com\/EducationTeia\",\"https:\/\/www.instagram.com\/teia.education\/\",\"https:\/\/www.linkedin.com\/company\/35501660\",\"https:\/\/www.pinterest.ch\/TeiaEducation\/\"]}]}<\/script>\n<!-- \/ Yoast SEO plugin. -->","yoast_head_json":{"title":"Das Verst\u00e4ndnis des Menschen - Silvana Quattrocchi Montanaro","description":"Das Buch Das Verst\u00e4ndnis des Menschen Montessori von Silvana Quattrocchi Montanaro konzentriert sich auf die Bedeutung der Erziehung in den ersten drei Lebensjahren.","robots":{"index":"index","follow":"follow","max-snippet":"max-snippet:-1","max-image-preview":"max-image-preview:large","max-video-preview":"max-video-preview:-1"},"canonical":"https:\/\/teiaeducation.ch\/de\/produkt\/das-verstaendnis-des-menschen-silvana-quattrocchi-montanaro\/","og_locale":"de_DE","og_type":"article","og_title":"Das Verst\u00e4ndnis des Menschen - Silvana Quattrocchi Montanaro","og_description":"Das Buch Das Verst\u00e4ndnis des Menschen Montessori von Silvana Quattrocchi Montanaro konzentriert sich auf die Bedeutung der Erziehung in den ersten drei Lebensjahren.","og_url":"https:\/\/teiaeducation.ch\/de\/produkt\/das-verstaendnis-des-menschen-silvana-quattrocchi-montanaro\/","og_site_name":"Sustainable Educational Products &amp; Ecological Toys\u00a0","article_publisher":"https:\/\/www.facebook.com\/teiaeducation\/","article_modified_time":"2023-12-01T15:36:38+00:00","og_image":[{"width":2048,"height":2048,"url":"https:\/\/teiaeducation.ch\/wp-content\/uploads\/2019\/05\/400_531500_main_or_1-scaled-scaled.jpg","type":"image\/jpeg"}],"schema":{"@context":"https:\/\/schema.org","@graph":[{"@type":"WebPage","@id":"https:\/\/teiaeducation.ch\/de\/produkt\/das-verstaendnis-des-menschen-silvana-quattrocchi-montanaro\/","url":"https:\/\/teiaeducation.ch\/de\/produkt\/das-verstaendnis-des-menschen-silvana-quattrocchi-montanaro\/","name":"Das Verst\u00e4ndnis des Menschen - Silvana Quattrocchi Montanaro","isPartOf":{"@id":"https:\/\/teiaeducation.ch\/de\/#website"},"primaryImageOfPage":{"@id":"https:\/\/teiaeducation.ch\/de\/produkt\/das-verstaendnis-des-menschen-silvana-quattrocchi-montanaro\/#primaryimage"},"image":{"@id":"https:\/\/teiaeducation.ch\/de\/produkt\/das-verstaendnis-des-menschen-silvana-quattrocchi-montanaro\/#primaryimage"},"thumbnailUrl":"https:\/\/teiaeducation.ch\/wp-content\/uploads\/2019\/05\/400_531500_main_or_1-scaled-scaled.jpg","datePublished":"2019-05-20T20:25:46+00:00","dateModified":"2023-12-01T15:36:38+00:00","description":"Das Buch Das Verst\u00e4ndnis des Menschen Montessori von Silvana Quattrocchi Montanaro konzentriert sich auf die Bedeutung der Erziehung in den ersten drei Lebensjahren.","breadcrumb":{"@id":"https:\/\/teiaeducation.ch\/de\/produkt\/das-verstaendnis-des-menschen-silvana-quattrocchi-montanaro\/#breadcrumb"},"inLanguage":"de-CH","potentialAction":[{"@type":"ReadAction","target":["https:\/\/teiaeducation.ch\/de\/produkt\/das-verstaendnis-des-menschen-silvana-quattrocchi-montanaro\/"]}]},{"@type":"ImageObject","inLanguage":"de-CH","@id":"https:\/\/teiaeducation.ch\/de\/produkt\/das-verstaendnis-des-menschen-silvana-quattrocchi-montanaro\/#primaryimage","url":"https:\/\/teiaeducation.ch\/wp-content\/uploads\/2019\/05\/400_531500_main_or_1-scaled-scaled.jpg","contentUrl":"https:\/\/teiaeducation.ch\/wp-content\/uploads\/2019\/05\/400_531500_main_or_1-scaled-scaled.jpg","width":2048,"height":2048,"caption":"Das menschliche Wesen verstehen Silvana Quattrocchi Montanaro"},{"@type":"BreadcrumbList","@id":"https:\/\/teiaeducation.ch\/de\/produkt\/das-verstaendnis-des-menschen-silvana-quattrocchi-montanaro\/#breadcrumb","itemListElement":[{"@type":"ListItem","position":1,"name":"Home","item":"https:\/\/teiaeducation.ch\/de\/"},{"@type":"ListItem","position":2,"name":"Laden","item":"https:\/\/teiaeducation.ch\/de\/shop\/"},{"@type":"ListItem","position":3,"name":"Lernunterst\u00fctzung","item":"https:\/\/teiaeducation.ch\/de\/produkt-kategorie\/lernunterstuetzung\/"},{"@type":"ListItem","position":4,"name":"Referenz-B\u00fccher","item":"https:\/\/teiaeducation.ch\/de\/produkt-kategorie\/lernunterstuetzung\/referenz-buecher\/"},{"@type":"ListItem","position":5,"name":"Das Verst\u00e4ndnis des Menschen &#8211; Silvana Quattrocchi Montanaro"}]},{"@type":"WebSite","@id":"https:\/\/teiaeducation.ch\/de\/#website","url":"https:\/\/teiaeducation.ch\/de\/","name":"Sustainable Educational Products &amp; Ecological Toys\u00a0","description":"Specialised Swiss shop selling sustainable educational toys and games, AMI certified Montessori materials, handmade ecological wooden Waldorf toys and arts &amp; crafts supplies, school supplies, children&#039;s furniture and Montessori reference and parenting books.","publisher":{"@id":"https:\/\/teiaeducation.ch\/de\/#organization"},"alternateName":"Teia Education & Play","potentialAction":[{"@type":"SearchAction","target":{"@type":"EntryPoint","urlTemplate":"https:\/\/teiaeducation.ch\/de\/?s={search_term_string}"},"query-input":{"@type":"PropertyValueSpecification","valueRequired":true,"valueName":"search_term_string"}}],"inLanguage":"de-CH"},{"@type":"Organization","@id":"https:\/\/teiaeducation.ch\/de\/#organization","name":"Teia Education & Play","url":"https:\/\/teiaeducation.ch\/de\/","logo":{"@type":"ImageObject","inLanguage":"de-CH","@id":"https:\/\/teiaeducation.ch\/de\/#\/schema\/logo\/image\/","url":"https:\/\/teiaeducation.ch\/wp-content\/uploads\/2020\/11\/Teia-Education-Switzerland-e1620156442216.jpg","contentUrl":"https:\/\/teiaeducation.ch\/wp-content\/uploads\/2020\/11\/Teia-Education-Switzerland-e1620156442216.jpg","width":166,"height":145,"caption":"Teia Education & Play"},"image":{"@id":"https:\/\/teiaeducation.ch\/de\/#\/schema\/logo\/image\/"},"sameAs":["https:\/\/www.facebook.com\/teiaeducation\/","https:\/\/x.com\/EducationTeia","https:\/\/www.instagram.com\/teia.education\/","https:\/\/www.linkedin.com\/company\/35501660","https:\/\/www.pinterest.ch\/TeiaEducation\/"]}]}},"_links":{"self":[{"href":"https:\/\/teiaeducation.ch\/de\/wp-json\/wp\/v2\/product\/57708","targetHints":{"allow":["GET"]}}],"collection":[{"href":"https:\/\/teiaeducation.ch\/de\/wp-json\/wp\/v2\/product"}],"about":[{"href":"https:\/\/teiaeducation.ch\/de\/wp-json\/wp\/v2\/types\/product"}],"replies":[{"embeddable":true,"href":"https:\/\/teiaeducation.ch\/de\/wp-json\/wp\/v2\/comments?post=57708"}],"wp:featuredmedia":[{"embeddable":true,"href":"https:\/\/teiaeducation.ch\/de\/wp-json\/wp\/v2\/media\/55819"}],"wp:attachment":[{"href":"https:\/\/teiaeducation.ch\/de\/wp-json\/wp\/v2\/media?parent=57708"}],"wp:term":[{"taxonomy":"product_brand","embeddable":true,"href":"https:\/\/teiaeducation.ch\/de\/wp-json\/wp\/v2\/product_brand?post=57708"},{"taxonomy":"product_cat","embeddable":true,"href":"https:\/\/teiaeducation.ch\/de\/wp-json\/wp\/v2\/product_cat?post=57708"},{"taxonomy":"product_tag","embeddable":true,"href":"https:\/\/teiaeducation.ch\/de\/wp-json\/wp\/v2\/product_tag?post=57708"}],"curies":[{"name":"wp","href":"https:\/\/api.w.org\/{rel}","templated":true}]}}