{"id":57739,"date":"2019-05-20T22:23:19","date_gmt":"2019-05-20T20:23:19","guid":{"rendered":"https:\/\/teiaeducation.ch\/product\/staender-fuer-die-rahmen-mit-verschluessen-nienhuis-montessori\/"},"modified":"2023-12-05T10:39:39","modified_gmt":"2023-12-05T09:39:39","slug":"staender-fuer-die-rahmen-mit-verschluessen-nienhuis-montessori","status":"publish","type":"product","link":"https:\/\/teiaeducation.ch\/de\/produkt\/staender-fuer-die-rahmen-mit-verschluessen-nienhuis-montessori\/","title":{"rendered":"St\u00e4nder f\u00fcr die Rahmen mit Verschl\u00fcssen &#8211; Nienhuis Montessori"},"content":{"rendered":"<p>Der Nienhuis Montessori-St\u00e4nder ist vollst\u00e4ndig aus Holz gefertigt und dient zur Aufnahme der Ankleidegestelle aus dem praktischen Lebensprogramm. Der St\u00e4nder ist freistehend, damit er m\u00f6glichst wenig Platz auf dem Boden einnimmt und dem Kind einen leichten Zugang zu den 12 Abrichtrahmen erm\u00f6glicht.<\/p>\n<p>Die Anziehhilfen f\u00f6rdern die Koordination, die Konzentrationsf\u00e4higkeit und bereiten das Kind auf die Selbstst\u00e4ndigkeit vor.<\/p>\n<p>Die Niederl\u00e4ndische Marke <a href=\"https:\/\/teiaeducation.ch\/product-category\/brands\/nienhuis-montessori-educational-materials\/\">Nienhuis Montessori<\/a> ist die weltweit f\u00fchrende Montessori-Marke, die das Erbe von Maria Montessori ehrt und fortf\u00fchrt und das breiteste und innovativste Sortiment an Montessori-Materialien, <a href=\"https:\/\/teiaeducation.ch\/product-category\/classroom-essentials\/montessori-furniture\/\">M\u00f6beln<\/a> und <a href=\"https:\/\/teiaeducation.ch\/product-category\/brands\/nienhuis-montessori-educational-materials\/add-ons\/\">verwandten Produkten<\/a> herstellt. Die hochwertigen Nienhuis Montessori Produkte geben den Kindern die Werkzeuge, die sie brauchen, um Unabhangig und kritisch zu denken. Alle Nienhuis Montessori Materialien sind vom Materialkomitee der Association Montessori Internationale (<a href=\"https:\/\/montessori-ami.org\/\">AMI<\/a>) zertifiziert und werden sorgf\u00e4ltig hergestellt, um Schwierigkeiten zu isolieren, so dass die Kinder sich konzentrieren, lernen und sich entwickeln k\u00f6nnen.<\/p>\n<p>Nienhuis Montessori ist eine der Marken des Niederlandischen Unternehmens Heutink International, das weltweit die besten pedagogischen Marken anbietet, die auf spielerisches Lernen ausgerichtet sind.<\/p>\n<p>Der Nienhuis <a href=\"https:\/\/teiaeducation.ch\/product-category\/education-method\/the-montessori-pedagogy-materials-toys\/\">Montessori<\/a> Kleiderst\u00e4nder ist f\u00fcr Kinder ab 3 Jahren geeignet.<\/p>\n<p>Inhalt:<\/p>\n<p>1 Holzst\u00e4nder (100 x 35 x 35 cm)<\/p>\n<p><em>We currently do not have this item in stock, but it is available on pre-order. We will order this item for you from our supplier. Due to importation from the European Union to Switzerland please allow 2 to maximum 3 weeks for delivery. <\/em><\/p>\n\t<div id=\"gap-568434592\" class=\"gap-element clearfix\" style=\"display:block; height:auto;\">\n\t\t\n<style>\n#gap-568434592 {\n  padding-top: 20px;\n}\n<\/style>\n\t<\/div>\n\t\n","protected":false},"excerpt":{"rendered":"<p>Artikelnummer: 163200<\/p>\n<p>Der freistehende Nienhuis Montessori-St\u00e4nder f\u00fcr die Rahmen mit Verschl\u00fcssen ben\u00f6tigt nur wenig Platz auf dem Boden und erm\u00f6glicht dem Kind einen einfachen Zugang zu den 12 Wickelkommoden.<\/p>\n","protected":false},"featured_media":57740,"comment_status":"closed","ping_status":"closed","template":"","meta":[],"product_brand":[],"product_cat":[21445,21474,21509,21481,21559,21443,21572,21557,21556,21654,21564],"product_tag":[27042,22982,26506,23108,23120,22981,23119,26501],"class_list":{"0":"post-57739","1":"product","2":"type-product","3":"status-publish","4":"has-post-thumbnail","6":"product_cat-3-6-jahre-vorschule","7":"product_cat-klassenzimmer-essenzien","8":"product_cat-lernthemen","9":"product_cat-montessori-paedagogik-material-spielzeug","10":"product_cat-motorische-fertigkeiten","11":"product_cat-nach-alter","12":"product_cat-nienhuis-montessori-schweiz","13":"product_cat-sensorische-motorische-fertigkeiten","14":"product_cat-uebungen-des-praktischen-lebens","15":"product_cat-uebungen-des-praktischen-lebens-nienhuis-montessori","16":"product_cat-unsere-marken","17":"product_tag-ankleiderahmen-stander-nienhuis-montessori","18":"product_tag-mobel","19":"product_tag-montessori-ankleiderahmen","20":"product_tag-montessori-kleinkind-3-6","21":"product_tag-montessori-material-schweiz","22":"product_tag-nienhuis-montessori-de","23":"product_tag-nienhuis-montessori-schweiz-de","24":"product_tag-teppiche-und-stander","26":"first","27":"onbackorder","28":"taxable","29":"shipping-taxable","30":"purchasable","31":"product-type-simple"},"yoast_head":"<!-- This site is optimized with the Yoast SEO plugin v27.1.1 - https:\/\/yoast.com\/product\/yoast-seo-wordpress\/ -->\n<title>St\u00e4nder f\u00fcr die Rahmen mit Verschl\u00fcssen- Nienhuis Montessori<\/title>\n<meta name=\"description\" content=\"Der freistehende Nienhuis Montessori-Wickelkommodenst\u00e4nder ben\u00f6tigt nur wenig Platz auf dem Boden und erm\u00f6glicht dem Kind einen einfachen Zugang zu den 12 Wickelkommoden.\" \/>\n<meta name=\"robots\" content=\"index, follow, max-snippet:-1, max-image-preview:large, max-video-preview:-1\" \/>\n<link rel=\"canonical\" href=\"https:\/\/teiaeducation.ch\/de\/produkt\/staender-fuer-die-rahmen-mit-verschluessen-nienhuis-montessori\/\" \/>\n<meta property=\"og:locale\" content=\"de_DE\" \/>\n<meta property=\"og:type\" content=\"article\" \/>\n<meta property=\"og:title\" content=\"St\u00e4nder f\u00fcr die Rahmen mit Verschl\u00fcssen- Nienhuis Montessori\" \/>\n<meta property=\"og:description\" content=\"Der freistehende Nienhuis Montessori-Wickelkommodenst\u00e4nder ben\u00f6tigt nur wenig Platz auf dem Boden und erm\u00f6glicht dem Kind einen einfachen Zugang zu den 12 Wickelkommoden.\" \/>\n<meta property=\"og:url\" content=\"https:\/\/teiaeducation.ch\/de\/produkt\/staender-fuer-die-rahmen-mit-verschluessen-nienhuis-montessori\/\" \/>\n<meta property=\"og:site_name\" content=\"Sustainable Educational Products &amp; Ecological Toys\u00a0\" \/>\n<meta property=\"article:publisher\" content=\"https:\/\/www.facebook.com\/teiaeducation\/\" \/>\n<meta property=\"article:modified_time\" content=\"2023-12-05T09:39:39+00:00\" \/>\n<meta property=\"og:image\" content=\"https:\/\/teiaeducation.ch\/wp-content\/uploads\/2019\/05\/400_163200_main_or_1-scaled-scaled.jpg\" \/>\n\t<meta property=\"og:image:width\" content=\"2048\" \/>\n\t<meta property=\"og:image:height\" content=\"2048\" \/>\n\t<meta property=\"og:image:type\" content=\"image\/jpeg\" \/>\n<script type=\"application\/ld+json\" class=\"yoast-schema-graph\">{\"@context\":\"https:\/\/schema.org\",\"@graph\":[{\"@type\":\"WebPage\",\"@id\":\"https:\/\/teiaeducation.ch\/de\/produkt\/staender-fuer-die-rahmen-mit-verschluessen-nienhuis-montessori\/\",\"url\":\"https:\/\/teiaeducation.ch\/de\/produkt\/staender-fuer-die-rahmen-mit-verschluessen-nienhuis-montessori\/\",\"name\":\"St\u00e4nder f\u00fcr die Rahmen mit Verschl\u00fcssen- Nienhuis Montessori\",\"isPartOf\":{\"@id\":\"https:\/\/teiaeducation.ch\/de\/#website\"},\"primaryImageOfPage\":{\"@id\":\"https:\/\/teiaeducation.ch\/de\/produkt\/staender-fuer-die-rahmen-mit-verschluessen-nienhuis-montessori\/#primaryimage\"},\"image\":{\"@id\":\"https:\/\/teiaeducation.ch\/de\/produkt\/staender-fuer-die-rahmen-mit-verschluessen-nienhuis-montessori\/#primaryimage\"},\"thumbnailUrl\":\"https:\/\/teiaeducation.ch\/wp-content\/uploads\/2019\/05\/400_163200_main_or_1-scaled-scaled.jpg\",\"datePublished\":\"2019-05-20T20:23:19+00:00\",\"dateModified\":\"2023-12-05T09:39:39+00:00\",\"description\":\"Der freistehende Nienhuis Montessori-Wickelkommodenst\u00e4nder ben\u00f6tigt nur wenig Platz auf dem Boden und erm\u00f6glicht dem Kind einen einfachen Zugang zu den 12 Wickelkommoden.\",\"breadcrumb\":{\"@id\":\"https:\/\/teiaeducation.ch\/de\/produkt\/staender-fuer-die-rahmen-mit-verschluessen-nienhuis-montessori\/#breadcrumb\"},\"inLanguage\":\"de-CH\",\"potentialAction\":[{\"@type\":\"ReadAction\",\"target\":[\"https:\/\/teiaeducation.ch\/de\/produkt\/staender-fuer-die-rahmen-mit-verschluessen-nienhuis-montessori\/\"]}]},{\"@type\":\"ImageObject\",\"inLanguage\":\"de-CH\",\"@id\":\"https:\/\/teiaeducation.ch\/de\/produkt\/staender-fuer-die-rahmen-mit-verschluessen-nienhuis-montessori\/#primaryimage\",\"url\":\"https:\/\/teiaeducation.ch\/wp-content\/uploads\/2019\/05\/400_163200_main_or_1-scaled-scaled.jpg\",\"contentUrl\":\"https:\/\/teiaeducation.ch\/wp-content\/uploads\/2019\/05\/400_163200_main_or_1-scaled-scaled.jpg\",\"width\":2048,\"height\":2048,\"caption\":\"St\u00e4nder f\u00fcr die Rahmen mit Verschl\u00fcssen - Nienhuis Montessori\"},{\"@type\":\"BreadcrumbList\",\"@id\":\"https:\/\/teiaeducation.ch\/de\/produkt\/staender-fuer-die-rahmen-mit-verschluessen-nienhuis-montessori\/#breadcrumb\",\"itemListElement\":[{\"@type\":\"ListItem\",\"position\":1,\"name\":\"Home\",\"item\":\"https:\/\/teiaeducation.ch\/de\/\"},{\"@type\":\"ListItem\",\"position\":2,\"name\":\"Laden\",\"item\":\"https:\/\/teiaeducation.ch\/de\/shop\/\"},{\"@type\":\"ListItem\",\"position\":3,\"name\":\"Unsere Marken\",\"item\":\"https:\/\/teiaeducation.ch\/de\/produkt-kategorie\/unsere-marken\/\"},{\"@type\":\"ListItem\",\"position\":4,\"name\":\"Nienhuis Montessori Schweiz\",\"item\":\"https:\/\/teiaeducation.ch\/de\/produkt-kategorie\/unsere-marken\/nienhuis-montessori-schweiz\/\"},{\"@type\":\"ListItem\",\"position\":5,\"name\":\"\u00dcbungen des Praktischen Lebens\",\"item\":\"https:\/\/teiaeducation.ch\/de\/produkt-kategorie\/unsere-marken\/nienhuis-montessori-schweiz\/uebungen-des-praktischen-lebens-nienhuis-montessori\/\"},{\"@type\":\"ListItem\",\"position\":6,\"name\":\"St\u00e4nder f\u00fcr die Rahmen mit Verschl\u00fcssen &#8211; Nienhuis Montessori\"}]},{\"@type\":\"WebSite\",\"@id\":\"https:\/\/teiaeducation.ch\/de\/#website\",\"url\":\"https:\/\/teiaeducation.ch\/de\/\",\"name\":\"Sustainable Educational Products &amp; Ecological Toys\u00a0\",\"description\":\"Specialised Swiss shop selling sustainable educational toys and games, AMI certified Montessori materials, handmade ecological wooden Waldorf toys and arts &amp; crafts supplies, school supplies, children&#039;s furniture and Montessori reference and parenting books.\",\"publisher\":{\"@id\":\"https:\/\/teiaeducation.ch\/de\/#organization\"},\"alternateName\":\"Teia Education & Play\",\"potentialAction\":[{\"@type\":\"SearchAction\",\"target\":{\"@type\":\"EntryPoint\",\"urlTemplate\":\"https:\/\/teiaeducation.ch\/de\/?s={search_term_string}\"},\"query-input\":{\"@type\":\"PropertyValueSpecification\",\"valueRequired\":true,\"valueName\":\"search_term_string\"}}],\"inLanguage\":\"de-CH\"},{\"@type\":\"Organization\",\"@id\":\"https:\/\/teiaeducation.ch\/de\/#organization\",\"name\":\"Teia Education & Play\",\"url\":\"https:\/\/teiaeducation.ch\/de\/\",\"logo\":{\"@type\":\"ImageObject\",\"inLanguage\":\"de-CH\",\"@id\":\"https:\/\/teiaeducation.ch\/de\/#\/schema\/logo\/image\/\",\"url\":\"https:\/\/teiaeducation.ch\/wp-content\/uploads\/2020\/11\/Teia-Education-Switzerland-e1620156442216.jpg\",\"contentUrl\":\"https:\/\/teiaeducation.ch\/wp-content\/uploads\/2020\/11\/Teia-Education-Switzerland-e1620156442216.jpg\",\"width\":166,\"height\":145,\"caption\":\"Teia Education & Play\"},\"image\":{\"@id\":\"https:\/\/teiaeducation.ch\/de\/#\/schema\/logo\/image\/\"},\"sameAs\":[\"https:\/\/www.facebook.com\/teiaeducation\/\",\"https:\/\/x.com\/EducationTeia\",\"https:\/\/www.instagram.com\/teia.education\/\",\"https:\/\/www.linkedin.com\/company\/35501660\",\"https:\/\/www.pinterest.ch\/TeiaEducation\/\"]}]}<\/script>\n<!-- \/ Yoast SEO plugin. -->","yoast_head_json":{"title":"St\u00e4nder f\u00fcr die Rahmen mit Verschl\u00fcssen- Nienhuis Montessori","description":"Der freistehende Nienhuis Montessori-Wickelkommodenst\u00e4nder ben\u00f6tigt nur wenig Platz auf dem Boden und erm\u00f6glicht dem Kind einen einfachen Zugang zu den 12 Wickelkommoden.","robots":{"index":"index","follow":"follow","max-snippet":"max-snippet:-1","max-image-preview":"max-image-preview:large","max-video-preview":"max-video-preview:-1"},"canonical":"https:\/\/teiaeducation.ch\/de\/produkt\/staender-fuer-die-rahmen-mit-verschluessen-nienhuis-montessori\/","og_locale":"de_DE","og_type":"article","og_title":"St\u00e4nder f\u00fcr die Rahmen mit Verschl\u00fcssen- Nienhuis Montessori","og_description":"Der freistehende Nienhuis Montessori-Wickelkommodenst\u00e4nder ben\u00f6tigt nur wenig Platz auf dem Boden und erm\u00f6glicht dem Kind einen einfachen Zugang zu den 12 Wickelkommoden.","og_url":"https:\/\/teiaeducation.ch\/de\/produkt\/staender-fuer-die-rahmen-mit-verschluessen-nienhuis-montessori\/","og_site_name":"Sustainable Educational Products &amp; Ecological Toys\u00a0","article_publisher":"https:\/\/www.facebook.com\/teiaeducation\/","article_modified_time":"2023-12-05T09:39:39+00:00","og_image":[{"width":2048,"height":2048,"url":"https:\/\/teiaeducation.ch\/wp-content\/uploads\/2019\/05\/400_163200_main_or_1-scaled-scaled.jpg","type":"image\/jpeg"}],"schema":{"@context":"https:\/\/schema.org","@graph":[{"@type":"WebPage","@id":"https:\/\/teiaeducation.ch\/de\/produkt\/staender-fuer-die-rahmen-mit-verschluessen-nienhuis-montessori\/","url":"https:\/\/teiaeducation.ch\/de\/produkt\/staender-fuer-die-rahmen-mit-verschluessen-nienhuis-montessori\/","name":"St\u00e4nder f\u00fcr die Rahmen mit Verschl\u00fcssen- Nienhuis Montessori","isPartOf":{"@id":"https:\/\/teiaeducation.ch\/de\/#website"},"primaryImageOfPage":{"@id":"https:\/\/teiaeducation.ch\/de\/produkt\/staender-fuer-die-rahmen-mit-verschluessen-nienhuis-montessori\/#primaryimage"},"image":{"@id":"https:\/\/teiaeducation.ch\/de\/produkt\/staender-fuer-die-rahmen-mit-verschluessen-nienhuis-montessori\/#primaryimage"},"thumbnailUrl":"https:\/\/teiaeducation.ch\/wp-content\/uploads\/2019\/05\/400_163200_main_or_1-scaled-scaled.jpg","datePublished":"2019-05-20T20:23:19+00:00","dateModified":"2023-12-05T09:39:39+00:00","description":"Der freistehende Nienhuis Montessori-Wickelkommodenst\u00e4nder ben\u00f6tigt nur wenig Platz auf dem Boden und erm\u00f6glicht dem Kind einen einfachen Zugang zu den 12 Wickelkommoden.","breadcrumb":{"@id":"https:\/\/teiaeducation.ch\/de\/produkt\/staender-fuer-die-rahmen-mit-verschluessen-nienhuis-montessori\/#breadcrumb"},"inLanguage":"de-CH","potentialAction":[{"@type":"ReadAction","target":["https:\/\/teiaeducation.ch\/de\/produkt\/staender-fuer-die-rahmen-mit-verschluessen-nienhuis-montessori\/"]}]},{"@type":"ImageObject","inLanguage":"de-CH","@id":"https:\/\/teiaeducation.ch\/de\/produkt\/staender-fuer-die-rahmen-mit-verschluessen-nienhuis-montessori\/#primaryimage","url":"https:\/\/teiaeducation.ch\/wp-content\/uploads\/2019\/05\/400_163200_main_or_1-scaled-scaled.jpg","contentUrl":"https:\/\/teiaeducation.ch\/wp-content\/uploads\/2019\/05\/400_163200_main_or_1-scaled-scaled.jpg","width":2048,"height":2048,"caption":"St\u00e4nder f\u00fcr die Rahmen mit Verschl\u00fcssen - Nienhuis Montessori"},{"@type":"BreadcrumbList","@id":"https:\/\/teiaeducation.ch\/de\/produkt\/staender-fuer-die-rahmen-mit-verschluessen-nienhuis-montessori\/#breadcrumb","itemListElement":[{"@type":"ListItem","position":1,"name":"Home","item":"https:\/\/teiaeducation.ch\/de\/"},{"@type":"ListItem","position":2,"name":"Laden","item":"https:\/\/teiaeducation.ch\/de\/shop\/"},{"@type":"ListItem","position":3,"name":"Unsere Marken","item":"https:\/\/teiaeducation.ch\/de\/produkt-kategorie\/unsere-marken\/"},{"@type":"ListItem","position":4,"name":"Nienhuis Montessori Schweiz","item":"https:\/\/teiaeducation.ch\/de\/produkt-kategorie\/unsere-marken\/nienhuis-montessori-schweiz\/"},{"@type":"ListItem","position":5,"name":"\u00dcbungen des Praktischen Lebens","item":"https:\/\/teiaeducation.ch\/de\/produkt-kategorie\/unsere-marken\/nienhuis-montessori-schweiz\/uebungen-des-praktischen-lebens-nienhuis-montessori\/"},{"@type":"ListItem","position":6,"name":"St\u00e4nder f\u00fcr die Rahmen mit Verschl\u00fcssen &#8211; Nienhuis Montessori"}]},{"@type":"WebSite","@id":"https:\/\/teiaeducation.ch\/de\/#website","url":"https:\/\/teiaeducation.ch\/de\/","name":"Sustainable Educational Products &amp; Ecological Toys\u00a0","description":"Specialised Swiss shop selling sustainable educational toys and games, AMI certified Montessori materials, handmade ecological wooden Waldorf toys and arts &amp; crafts supplies, school supplies, children&#039;s furniture and Montessori reference and parenting books.","publisher":{"@id":"https:\/\/teiaeducation.ch\/de\/#organization"},"alternateName":"Teia Education & Play","potentialAction":[{"@type":"SearchAction","target":{"@type":"EntryPoint","urlTemplate":"https:\/\/teiaeducation.ch\/de\/?s={search_term_string}"},"query-input":{"@type":"PropertyValueSpecification","valueRequired":true,"valueName":"search_term_string"}}],"inLanguage":"de-CH"},{"@type":"Organization","@id":"https:\/\/teiaeducation.ch\/de\/#organization","name":"Teia Education & Play","url":"https:\/\/teiaeducation.ch\/de\/","logo":{"@type":"ImageObject","inLanguage":"de-CH","@id":"https:\/\/teiaeducation.ch\/de\/#\/schema\/logo\/image\/","url":"https:\/\/teiaeducation.ch\/wp-content\/uploads\/2020\/11\/Teia-Education-Switzerland-e1620156442216.jpg","contentUrl":"https:\/\/teiaeducation.ch\/wp-content\/uploads\/2020\/11\/Teia-Education-Switzerland-e1620156442216.jpg","width":166,"height":145,"caption":"Teia Education & Play"},"image":{"@id":"https:\/\/teiaeducation.ch\/de\/#\/schema\/logo\/image\/"},"sameAs":["https:\/\/www.facebook.com\/teiaeducation\/","https:\/\/x.com\/EducationTeia","https:\/\/www.instagram.com\/teia.education\/","https:\/\/www.linkedin.com\/company\/35501660","https:\/\/www.pinterest.ch\/TeiaEducation\/"]}]}},"_links":{"self":[{"href":"https:\/\/teiaeducation.ch\/de\/wp-json\/wp\/v2\/product\/57739","targetHints":{"allow":["GET"]}}],"collection":[{"href":"https:\/\/teiaeducation.ch\/de\/wp-json\/wp\/v2\/product"}],"about":[{"href":"https:\/\/teiaeducation.ch\/de\/wp-json\/wp\/v2\/types\/product"}],"replies":[{"embeddable":true,"href":"https:\/\/teiaeducation.ch\/de\/wp-json\/wp\/v2\/comments?post=57739"}],"wp:featuredmedia":[{"embeddable":true,"href":"https:\/\/teiaeducation.ch\/de\/wp-json\/wp\/v2\/media\/57740"}],"wp:attachment":[{"href":"https:\/\/teiaeducation.ch\/de\/wp-json\/wp\/v2\/media?parent=57739"}],"wp:term":[{"taxonomy":"product_brand","embeddable":true,"href":"https:\/\/teiaeducation.ch\/de\/wp-json\/wp\/v2\/product_brand?post=57739"},{"taxonomy":"product_cat","embeddable":true,"href":"https:\/\/teiaeducation.ch\/de\/wp-json\/wp\/v2\/product_cat?post=57739"},{"taxonomy":"product_tag","embeddable":true,"href":"https:\/\/teiaeducation.ch\/de\/wp-json\/wp\/v2\/product_tag?post=57739"}],"curies":[{"name":"wp","href":"https:\/\/api.w.org\/{rel}","templated":true}]}}