{"id":58133,"date":"2018-12-01T20:58:41","date_gmt":"2018-12-01T19:58:41","guid":{"rendered":"https:\/\/teiaeducation.ch\/product\/rosa-turm-wurfel-2-x-2-x-2-cm-nienhuis-montessori\/"},"modified":"2023-12-15T10:41:43","modified_gmt":"2023-12-15T09:41:43","slug":"rosa-turm-wurfel-2-x-2-x-2-cm-nienhuis-montessori","status":"publish","type":"product","link":"https:\/\/teiaeducation.ch\/de\/produkt\/rosa-turm-wurfel-2-x-2-x-2-cm-nienhuis-montessori\/","title":{"rendered":"Rosa Turm: W\u00fcrfel 2 x 2 x 2 cm &#8211; Nienhuis Montessori"},"content":{"rendered":"<p>Rosa Turm: W\u00fcrfel 2 x 2 x 2 cm &#8211; Nienhuis Montessori<\/p>\n<p>Ein Ersatzteil f\u00fcr den <a href=\"https:\/\/teiaeducation.ch\/product\/the-pink-tower-nienhuis-montessori\/\">rosa Turm<\/a> von Nienhuis Montessori.<\/p>\n<p>Dieses Montessori Material ist f\u00fcr Kinder im Alter von 3-6 Jahren geeignet.<\/p>\n<p>Inhalt:<\/p>\n<p>1 Rosa Turm: W\u00fcrfel 2 x 2 x 2 cm<\/p>\n","protected":false},"excerpt":{"rendered":"<p>Artikelnummer: 00240003<\/p>\n","protected":false},"featured_media":58134,"comment_status":"closed","ping_status":"closed","template":"","meta":[],"product_brand":[],"product_cat":[21445,21508,21509,21481,21443,21572,21557,21562,21655,21564],"product_tag":[23108,23120,23107,22981,27043,23119,27203,23109,27205,27033],"class_list":{"0":"post-58133","1":"product","2":"type-product","3":"status-publish","4":"has-post-thumbnail","6":"product_cat-3-6-jahre-vorschule","7":"product_cat-ersatzteile","8":"product_cat-lernthemen","9":"product_cat-montessori-paedagogik-material-spielzeug","10":"product_cat-nach-alter","11":"product_cat-nienhuis-montessori-schweiz","12":"product_cat-sensorische-motorische-fertigkeiten","13":"product_cat-sinne","14":"product_cat-sinnesmaterial-nienhuis-montessori","15":"product_cat-unsere-marken","16":"product_tag-montessori-kleinkind-3-6","17":"product_tag-montessori-material-schweiz","18":"product_tag-montessori-sinnesmaterial-de","19":"product_tag-nienhuis-montessori-de","20":"product_tag-nienhuis-montessori-ersatzteile","21":"product_tag-nienhuis-montessori-schweiz-de","22":"product_tag-rosa-turm-ersatzteil","23":"product_tag-rosa-turm-montessori","24":"product_tag-rosa-turm-wurfel-2-x-2-x-2-cm","25":"product_tag-stucke-abkommandierte-nienhuis","27":"first","28":"instock","29":"taxable","30":"shipping-taxable","31":"purchasable","32":"product-type-simple"},"yoast_head":"<!-- This site is optimized with the Yoast SEO plugin v27.1.1 - https:\/\/yoast.com\/product\/yoast-seo-wordpress\/ -->\n<title>Rosa Turm: W\u00fcrfel 2 x 2 x 2 cm - Nienhuis Montessori<\/title>\n<meta name=\"description\" content=\"Der W\u00fcrfel 2 x 2 x 2 ist ein Ersatzteil f\u00fcr den kultigen rosa Turm von Nienhuis Montessori. Dieses Montessori Material ist f\u00fcr Kinder im Alter von 3-6 Jahren geeignet.\" \/>\n<meta name=\"robots\" content=\"index, follow, max-snippet:-1, max-image-preview:large, max-video-preview:-1\" \/>\n<link rel=\"canonical\" href=\"https:\/\/teiaeducation.ch\/de\/produkt\/rosa-turm-wurfel-2-x-2-x-2-cm-nienhuis-montessori\/\" \/>\n<meta property=\"og:locale\" content=\"de_DE\" \/>\n<meta property=\"og:type\" content=\"article\" \/>\n<meta property=\"og:title\" content=\"Rosa Turm: W\u00fcrfel 2 x 2 x 2 cm - Nienhuis Montessori\" \/>\n<meta property=\"og:description\" content=\"Der W\u00fcrfel 2 x 2 x 2 ist ein Ersatzteil f\u00fcr den kultigen rosa Turm von Nienhuis Montessori. Dieses Montessori Material ist f\u00fcr Kinder im Alter von 3-6 Jahren geeignet.\" \/>\n<meta property=\"og:url\" content=\"https:\/\/teiaeducation.ch\/de\/produkt\/rosa-turm-wurfel-2-x-2-x-2-cm-nienhuis-montessori\/\" \/>\n<meta property=\"og:site_name\" content=\"Sustainable Educational Products &amp; Ecological Toys\u00a0\" \/>\n<meta property=\"article:publisher\" content=\"https:\/\/www.facebook.com\/teiaeducation\/\" \/>\n<meta property=\"article:modified_time\" content=\"2023-12-15T09:41:43+00:00\" \/>\n<meta property=\"og:image\" content=\"https:\/\/teiaeducation.ch\/wp-content\/uploads\/2019\/05\/400_00240003_main_or_1-scaled-scaled.jpg\" \/>\n\t<meta property=\"og:image:width\" content=\"2048\" \/>\n\t<meta property=\"og:image:height\" content=\"2048\" \/>\n\t<meta property=\"og:image:type\" content=\"image\/jpeg\" \/>\n<script type=\"application\/ld+json\" class=\"yoast-schema-graph\">{\"@context\":\"https:\/\/schema.org\",\"@graph\":[{\"@type\":\"WebPage\",\"@id\":\"https:\/\/teiaeducation.ch\/de\/produkt\/rosa-turm-wurfel-2-x-2-x-2-cm-nienhuis-montessori\/\",\"url\":\"https:\/\/teiaeducation.ch\/de\/produkt\/rosa-turm-wurfel-2-x-2-x-2-cm-nienhuis-montessori\/\",\"name\":\"Rosa Turm: W\u00fcrfel 2 x 2 x 2 cm - Nienhuis Montessori\",\"isPartOf\":{\"@id\":\"https:\/\/teiaeducation.ch\/de\/#website\"},\"primaryImageOfPage\":{\"@id\":\"https:\/\/teiaeducation.ch\/de\/produkt\/rosa-turm-wurfel-2-x-2-x-2-cm-nienhuis-montessori\/#primaryimage\"},\"image\":{\"@id\":\"https:\/\/teiaeducation.ch\/de\/produkt\/rosa-turm-wurfel-2-x-2-x-2-cm-nienhuis-montessori\/#primaryimage\"},\"thumbnailUrl\":\"https:\/\/teiaeducation.ch\/wp-content\/uploads\/2019\/05\/400_00240003_main_or_1-scaled-scaled.jpg\",\"datePublished\":\"2018-12-01T19:58:41+00:00\",\"dateModified\":\"2023-12-15T09:41:43+00:00\",\"description\":\"Der W\u00fcrfel 2 x 2 x 2 ist ein Ersatzteil f\u00fcr den kultigen rosa Turm von Nienhuis Montessori. Dieses Montessori Material ist f\u00fcr Kinder im Alter von 3-6 Jahren geeignet.\",\"breadcrumb\":{\"@id\":\"https:\/\/teiaeducation.ch\/de\/produkt\/rosa-turm-wurfel-2-x-2-x-2-cm-nienhuis-montessori\/#breadcrumb\"},\"inLanguage\":\"de-CH\",\"potentialAction\":[{\"@type\":\"ReadAction\",\"target\":[\"https:\/\/teiaeducation.ch\/de\/produkt\/rosa-turm-wurfel-2-x-2-x-2-cm-nienhuis-montessori\/\"]}]},{\"@type\":\"ImageObject\",\"inLanguage\":\"de-CH\",\"@id\":\"https:\/\/teiaeducation.ch\/de\/produkt\/rosa-turm-wurfel-2-x-2-x-2-cm-nienhuis-montessori\/#primaryimage\",\"url\":\"https:\/\/teiaeducation.ch\/wp-content\/uploads\/2019\/05\/400_00240003_main_or_1-scaled-scaled.jpg\",\"contentUrl\":\"https:\/\/teiaeducation.ch\/wp-content\/uploads\/2019\/05\/400_00240003_main_or_1-scaled-scaled.jpg\",\"width\":2048,\"height\":2048,\"caption\":\"Rosa Turm: W\u00fcrfel 2 x 2 x 2 cm - Nienhuis Montessori\"},{\"@type\":\"BreadcrumbList\",\"@id\":\"https:\/\/teiaeducation.ch\/de\/produkt\/rosa-turm-wurfel-2-x-2-x-2-cm-nienhuis-montessori\/#breadcrumb\",\"itemListElement\":[{\"@type\":\"ListItem\",\"position\":1,\"name\":\"Home\",\"item\":\"https:\/\/teiaeducation.ch\/de\/\"},{\"@type\":\"ListItem\",\"position\":2,\"name\":\"Laden\",\"item\":\"https:\/\/teiaeducation.ch\/de\/shop\/\"},{\"@type\":\"ListItem\",\"position\":3,\"name\":\"Lernunterst\u00fctzung\",\"item\":\"https:\/\/teiaeducation.ch\/de\/produkt-kategorie\/lernunterstuetzung\/\"},{\"@type\":\"ListItem\",\"position\":4,\"name\":\"Ersatzteile\",\"item\":\"https:\/\/teiaeducation.ch\/de\/produkt-kategorie\/lernunterstuetzung\/ersatzteile\/\"},{\"@type\":\"ListItem\",\"position\":5,\"name\":\"Rosa Turm: W\u00fcrfel 2 x 2 x 2 cm &#8211; Nienhuis Montessori\"}]},{\"@type\":\"WebSite\",\"@id\":\"https:\/\/teiaeducation.ch\/de\/#website\",\"url\":\"https:\/\/teiaeducation.ch\/de\/\",\"name\":\"Sustainable Educational Products &amp; Ecological Toys\u00a0\",\"description\":\"Specialised Swiss shop selling sustainable educational toys and games, AMI certified Montessori materials, handmade ecological wooden Waldorf toys and arts &amp; crafts supplies, school supplies, children&#039;s furniture and Montessori reference and parenting books.\",\"publisher\":{\"@id\":\"https:\/\/teiaeducation.ch\/de\/#organization\"},\"alternateName\":\"Teia Education & Play\",\"potentialAction\":[{\"@type\":\"SearchAction\",\"target\":{\"@type\":\"EntryPoint\",\"urlTemplate\":\"https:\/\/teiaeducation.ch\/de\/?s={search_term_string}\"},\"query-input\":{\"@type\":\"PropertyValueSpecification\",\"valueRequired\":true,\"valueName\":\"search_term_string\"}}],\"inLanguage\":\"de-CH\"},{\"@type\":\"Organization\",\"@id\":\"https:\/\/teiaeducation.ch\/de\/#organization\",\"name\":\"Teia Education & Play\",\"url\":\"https:\/\/teiaeducation.ch\/de\/\",\"logo\":{\"@type\":\"ImageObject\",\"inLanguage\":\"de-CH\",\"@id\":\"https:\/\/teiaeducation.ch\/de\/#\/schema\/logo\/image\/\",\"url\":\"https:\/\/teiaeducation.ch\/wp-content\/uploads\/2020\/11\/Teia-Education-Switzerland-e1620156442216.jpg\",\"contentUrl\":\"https:\/\/teiaeducation.ch\/wp-content\/uploads\/2020\/11\/Teia-Education-Switzerland-e1620156442216.jpg\",\"width\":166,\"height\":145,\"caption\":\"Teia Education & Play\"},\"image\":{\"@id\":\"https:\/\/teiaeducation.ch\/de\/#\/schema\/logo\/image\/\"},\"sameAs\":[\"https:\/\/www.facebook.com\/teiaeducation\/\",\"https:\/\/x.com\/EducationTeia\",\"https:\/\/www.instagram.com\/teia.education\/\",\"https:\/\/www.linkedin.com\/company\/35501660\",\"https:\/\/www.pinterest.ch\/TeiaEducation\/\"]}]}<\/script>\n<!-- \/ Yoast SEO plugin. -->","yoast_head_json":{"title":"Rosa Turm: W\u00fcrfel 2 x 2 x 2 cm - Nienhuis Montessori","description":"Der W\u00fcrfel 2 x 2 x 2 ist ein Ersatzteil f\u00fcr den kultigen rosa Turm von Nienhuis Montessori. Dieses Montessori Material ist f\u00fcr Kinder im Alter von 3-6 Jahren geeignet.","robots":{"index":"index","follow":"follow","max-snippet":"max-snippet:-1","max-image-preview":"max-image-preview:large","max-video-preview":"max-video-preview:-1"},"canonical":"https:\/\/teiaeducation.ch\/de\/produkt\/rosa-turm-wurfel-2-x-2-x-2-cm-nienhuis-montessori\/","og_locale":"de_DE","og_type":"article","og_title":"Rosa Turm: W\u00fcrfel 2 x 2 x 2 cm - Nienhuis Montessori","og_description":"Der W\u00fcrfel 2 x 2 x 2 ist ein Ersatzteil f\u00fcr den kultigen rosa Turm von Nienhuis Montessori. Dieses Montessori Material ist f\u00fcr Kinder im Alter von 3-6 Jahren geeignet.","og_url":"https:\/\/teiaeducation.ch\/de\/produkt\/rosa-turm-wurfel-2-x-2-x-2-cm-nienhuis-montessori\/","og_site_name":"Sustainable Educational Products &amp; Ecological Toys\u00a0","article_publisher":"https:\/\/www.facebook.com\/teiaeducation\/","article_modified_time":"2023-12-15T09:41:43+00:00","og_image":[{"width":2048,"height":2048,"url":"https:\/\/teiaeducation.ch\/wp-content\/uploads\/2019\/05\/400_00240003_main_or_1-scaled-scaled.jpg","type":"image\/jpeg"}],"schema":{"@context":"https:\/\/schema.org","@graph":[{"@type":"WebPage","@id":"https:\/\/teiaeducation.ch\/de\/produkt\/rosa-turm-wurfel-2-x-2-x-2-cm-nienhuis-montessori\/","url":"https:\/\/teiaeducation.ch\/de\/produkt\/rosa-turm-wurfel-2-x-2-x-2-cm-nienhuis-montessori\/","name":"Rosa Turm: W\u00fcrfel 2 x 2 x 2 cm - Nienhuis Montessori","isPartOf":{"@id":"https:\/\/teiaeducation.ch\/de\/#website"},"primaryImageOfPage":{"@id":"https:\/\/teiaeducation.ch\/de\/produkt\/rosa-turm-wurfel-2-x-2-x-2-cm-nienhuis-montessori\/#primaryimage"},"image":{"@id":"https:\/\/teiaeducation.ch\/de\/produkt\/rosa-turm-wurfel-2-x-2-x-2-cm-nienhuis-montessori\/#primaryimage"},"thumbnailUrl":"https:\/\/teiaeducation.ch\/wp-content\/uploads\/2019\/05\/400_00240003_main_or_1-scaled-scaled.jpg","datePublished":"2018-12-01T19:58:41+00:00","dateModified":"2023-12-15T09:41:43+00:00","description":"Der W\u00fcrfel 2 x 2 x 2 ist ein Ersatzteil f\u00fcr den kultigen rosa Turm von Nienhuis Montessori. Dieses Montessori Material ist f\u00fcr Kinder im Alter von 3-6 Jahren geeignet.","breadcrumb":{"@id":"https:\/\/teiaeducation.ch\/de\/produkt\/rosa-turm-wurfel-2-x-2-x-2-cm-nienhuis-montessori\/#breadcrumb"},"inLanguage":"de-CH","potentialAction":[{"@type":"ReadAction","target":["https:\/\/teiaeducation.ch\/de\/produkt\/rosa-turm-wurfel-2-x-2-x-2-cm-nienhuis-montessori\/"]}]},{"@type":"ImageObject","inLanguage":"de-CH","@id":"https:\/\/teiaeducation.ch\/de\/produkt\/rosa-turm-wurfel-2-x-2-x-2-cm-nienhuis-montessori\/#primaryimage","url":"https:\/\/teiaeducation.ch\/wp-content\/uploads\/2019\/05\/400_00240003_main_or_1-scaled-scaled.jpg","contentUrl":"https:\/\/teiaeducation.ch\/wp-content\/uploads\/2019\/05\/400_00240003_main_or_1-scaled-scaled.jpg","width":2048,"height":2048,"caption":"Rosa Turm: W\u00fcrfel 2 x 2 x 2 cm - Nienhuis Montessori"},{"@type":"BreadcrumbList","@id":"https:\/\/teiaeducation.ch\/de\/produkt\/rosa-turm-wurfel-2-x-2-x-2-cm-nienhuis-montessori\/#breadcrumb","itemListElement":[{"@type":"ListItem","position":1,"name":"Home","item":"https:\/\/teiaeducation.ch\/de\/"},{"@type":"ListItem","position":2,"name":"Laden","item":"https:\/\/teiaeducation.ch\/de\/shop\/"},{"@type":"ListItem","position":3,"name":"Lernunterst\u00fctzung","item":"https:\/\/teiaeducation.ch\/de\/produkt-kategorie\/lernunterstuetzung\/"},{"@type":"ListItem","position":4,"name":"Ersatzteile","item":"https:\/\/teiaeducation.ch\/de\/produkt-kategorie\/lernunterstuetzung\/ersatzteile\/"},{"@type":"ListItem","position":5,"name":"Rosa Turm: W\u00fcrfel 2 x 2 x 2 cm &#8211; Nienhuis Montessori"}]},{"@type":"WebSite","@id":"https:\/\/teiaeducation.ch\/de\/#website","url":"https:\/\/teiaeducation.ch\/de\/","name":"Sustainable Educational Products &amp; Ecological Toys\u00a0","description":"Specialised Swiss shop selling sustainable educational toys and games, AMI certified Montessori materials, handmade ecological wooden Waldorf toys and arts &amp; crafts supplies, school supplies, children&#039;s furniture and Montessori reference and parenting books.","publisher":{"@id":"https:\/\/teiaeducation.ch\/de\/#organization"},"alternateName":"Teia Education & Play","potentialAction":[{"@type":"SearchAction","target":{"@type":"EntryPoint","urlTemplate":"https:\/\/teiaeducation.ch\/de\/?s={search_term_string}"},"query-input":{"@type":"PropertyValueSpecification","valueRequired":true,"valueName":"search_term_string"}}],"inLanguage":"de-CH"},{"@type":"Organization","@id":"https:\/\/teiaeducation.ch\/de\/#organization","name":"Teia Education & Play","url":"https:\/\/teiaeducation.ch\/de\/","logo":{"@type":"ImageObject","inLanguage":"de-CH","@id":"https:\/\/teiaeducation.ch\/de\/#\/schema\/logo\/image\/","url":"https:\/\/teiaeducation.ch\/wp-content\/uploads\/2020\/11\/Teia-Education-Switzerland-e1620156442216.jpg","contentUrl":"https:\/\/teiaeducation.ch\/wp-content\/uploads\/2020\/11\/Teia-Education-Switzerland-e1620156442216.jpg","width":166,"height":145,"caption":"Teia Education & Play"},"image":{"@id":"https:\/\/teiaeducation.ch\/de\/#\/schema\/logo\/image\/"},"sameAs":["https:\/\/www.facebook.com\/teiaeducation\/","https:\/\/x.com\/EducationTeia","https:\/\/www.instagram.com\/teia.education\/","https:\/\/www.linkedin.com\/company\/35501660","https:\/\/www.pinterest.ch\/TeiaEducation\/"]}]}},"_links":{"self":[{"href":"https:\/\/teiaeducation.ch\/de\/wp-json\/wp\/v2\/product\/58133","targetHints":{"allow":["GET"]}}],"collection":[{"href":"https:\/\/teiaeducation.ch\/de\/wp-json\/wp\/v2\/product"}],"about":[{"href":"https:\/\/teiaeducation.ch\/de\/wp-json\/wp\/v2\/types\/product"}],"replies":[{"embeddable":true,"href":"https:\/\/teiaeducation.ch\/de\/wp-json\/wp\/v2\/comments?post=58133"}],"wp:featuredmedia":[{"embeddable":true,"href":"https:\/\/teiaeducation.ch\/de\/wp-json\/wp\/v2\/media\/58134"}],"wp:attachment":[{"href":"https:\/\/teiaeducation.ch\/de\/wp-json\/wp\/v2\/media?parent=58133"}],"wp:term":[{"taxonomy":"product_brand","embeddable":true,"href":"https:\/\/teiaeducation.ch\/de\/wp-json\/wp\/v2\/product_brand?post=58133"},{"taxonomy":"product_cat","embeddable":true,"href":"https:\/\/teiaeducation.ch\/de\/wp-json\/wp\/v2\/product_cat?post=58133"},{"taxonomy":"product_tag","embeddable":true,"href":"https:\/\/teiaeducation.ch\/de\/wp-json\/wp\/v2\/product_tag?post=58133"}],"curies":[{"name":"wp","href":"https:\/\/api.w.org\/{rel}","templated":true}]}}