{"id":58170,"date":"2018-12-01T20:49:50","date_gmt":"2018-12-01T19:49:50","guid":{"rendered":"https:\/\/teiaeducation.ch\/product\/zylinderblock-1-1-zylinder-nienhuis-montessori\/"},"modified":"2023-12-15T16:01:42","modified_gmt":"2023-12-15T15:01:42","slug":"zylinderblock-1-1-zylinder-nienhuis-montessori","status":"publish","type":"product","link":"https:\/\/teiaeducation.ch\/de\/produkt\/zylinderblock-1-1-zylinder-nienhuis-montessori\/","title":{"rendered":"Zylinderblock 1: 1. Zylinder &#8211; Nienhuis Montessori"},"content":{"rendered":"<p>Der 1. Zylinder ist ein Ersatzteil f\u00fcr den Nienhuis Montessori <a href=\"https:\/\/teiaeducation.ch\/product\/cylinder-block-no-1-nienhuis-montessori\/\" target=\"_blank\" rel=\"noopener noreferrer\">Zylinderblock Nr. 1<\/a>.<\/p>\n<p>Die Nienhuis Montessori-Zylinderbausteine sind f\u00fcr das junge Kind ein Anreiz, zum ersten Mal mit Material aus dem <a href=\"https:\/\/teiaeducation.ch\/product-category\/brands\/nienhuis-montessori\/sensorial\/\">sensorischen<\/a> Bereich in Kontakt zu kommen. Die Serie besteht aus insgesamt vier Zylinderbl\u00f6cken, wobei jeder Block aus massivem Buchenholz zehn Zylinder unterschiedlicher Gr\u00f6\u00dfe mit Kn\u00f6pfen enth\u00e4lt. Die Zylinderbl\u00f6cke f\u00fchren Kinder in die erste Stufe der visuellen <a href=\"https:\/\/teiaeducation.ch\/product-category\/learning-themes\/mathematics-numeracy\/size\/\">Gr\u00f6\u00dfenunterscheidung<\/a> ein.<\/p>\n<p>Die Niederl\u00e4ndische Marke <a href=\"https:\/\/teiaeducation.ch\/product-category\/brands\/nienhuis-montessori-educational-materials\/\">Nienhuis Montessori<\/a> ist die weltweit f\u00fchrende Montessori-Marke, die das Erbe von Maria Montessori ehrt und fortf\u00fchrt und das breiteste und innovativste Sortiment an Montessori-Materialien, <a href=\"https:\/\/teiaeducation.ch\/product-category\/classroom-essentials\/montessori-furniture\/\">M\u00f6beln<\/a> und <a href=\"https:\/\/teiaeducation.ch\/product-category\/brands\/nienhuis-montessori-educational-materials\/add-ons\/\">verwandten Produkten<\/a> herstellt. Die hochwertigen Nienhuis Montessori Produkte geben den Kindern die Werkzeuge, die sie brauchen, um Unabhangig und kritisch zu denken. Alle Nienhuis Montessori Materialien sind vom Materialkomitee der Association Montessori Internationale (<a href=\"https:\/\/montessori-ami.org\/\">AMI<\/a>) zertifiziert und werden sorgf\u00e4ltig hergestellt, um Schwierigkeiten zu isolieren, so dass die Kinder sich konzentrieren, lernen und sich entwickeln k\u00f6nnen.<\/p>\n<p>Nienhuis Montessori ist eine der Marken des Niederlandischen Unternehmens Heutink International, das weltweit die besten pedagogischen Marken anbietet, die auf spielerisches Lernen ausgerichtet sind.<\/p>\n<p>Dieses <a href=\"https:\/\/teiaeducation.ch\/product-category\/education-method\/the-montessori-pedagogy-materials-toys\/\">Montessori-Material<\/a> ist f\u00fcr Kinder ab 3 Jahren geeignet.<\/p>\n<p>Inhalt:<\/p>\n<p>1 Zylinderblock 1: 1. Zylinder<\/p>\n<p><em>We currently do not have this item in stock, but it is available on pre-order. We will order this item for you from our supplier. Due to importation from the European Union to Switzerland please allow 2 to maximum 3 weeks for delivery. <\/em><\/p>\n\t<div id=\"gap-596809590\" class=\"gap-element clearfix\" style=\"display:block; height:auto;\">\n\t\t\n<style>\n#gap-596809590 {\n  padding-top: 20px;\n}\n<\/style>\n\t<\/div>\n\t\n","protected":false},"excerpt":{"rendered":"<p>Artikelnummer: 00190001<\/p>\n<p>Der 1. Zylinder ist ein Ersatzteil f\u00fcr den Nienhuis Montessori Zylinderblock Nr. 1, der die erste Begegnung mit Material aus dem sensorischen Bereich sein kann.<\/p>\n","protected":false},"featured_media":58171,"comment_status":"closed","ping_status":"closed","template":"","meta":[],"product_brand":[],"product_cat":[21508,21509,21537,21481,21559,21572,21557,21549,21655,21564],"product_tag":[27208,27032,23108,23120,23107,27210,22981,27207,23119,27209,23109,27033],"class_list":{"0":"post-58170","1":"product","2":"type-product","3":"status-publish","4":"has-post-thumbnail","6":"product_cat-ersatzteile","7":"product_cat-lernthemen","8":"product_cat-mathematik-rechnen","9":"product_cat-montessori-paedagogik-material-spielzeug","10":"product_cat-motorische-fertigkeiten","11":"product_cat-nienhuis-montessori-schweiz","12":"product_cat-sensorische-motorische-fertigkeiten","13":"product_cat-serialisieren","14":"product_cat-sinnesmaterial-nienhuis-montessori","15":"product_cat-unsere-marken","16":"product_tag-ersatzteil-fur-den-nienhuis-montessori-zylinderblock","17":"product_tag-ersatzteile-nienhuis-montessori","18":"product_tag-montessori-kleinkind-3-6","19":"product_tag-montessori-material-schweiz","20":"product_tag-montessori-sinnesmaterial-de","21":"product_tag-montessori-zylinderblock-1-1-zylinder","22":"product_tag-nienhuis-montessori-de","23":"product_tag-nienhuis-montessori-block-mit-zylindern-1","24":"product_tag-nienhuis-montessori-schweiz-de","25":"product_tag-nienhuis-montessori-zylinderblock","26":"product_tag-rosa-turm-montessori","27":"product_tag-stucke-abkommandierte-nienhuis","29":"first","30":"onbackorder","31":"taxable","32":"shipping-taxable","33":"purchasable","34":"product-type-simple"},"yoast_head":"<!-- This site is optimized with the Yoast SEO plugin v27.1.1 - https:\/\/yoast.com\/product\/yoast-seo-wordpress\/ -->\n<title>Zylinderblock 1: 1. Zylinder - Nienhuis Montessori<\/title>\n<meta name=\"description\" content=\"Der 1. Zylinder ist ein Ersatzteil f\u00fcr den Nienhuis Montessori Zylinderblock Nr. 1, der die erste Begegnung mit Material aus dem sensorischen Bereich sein kann.\" \/>\n<meta name=\"robots\" content=\"index, follow, max-snippet:-1, max-image-preview:large, max-video-preview:-1\" \/>\n<link rel=\"canonical\" href=\"https:\/\/teiaeducation.ch\/de\/produkt\/zylinderblock-1-1-zylinder-nienhuis-montessori\/\" \/>\n<meta property=\"og:locale\" content=\"de_DE\" \/>\n<meta property=\"og:type\" content=\"article\" \/>\n<meta property=\"og:title\" content=\"Zylinderblock 1: 1. Zylinder - Nienhuis Montessori\" \/>\n<meta property=\"og:description\" content=\"Der 1. Zylinder ist ein Ersatzteil f\u00fcr den Nienhuis Montessori Zylinderblock Nr. 1, der die erste Begegnung mit Material aus dem sensorischen Bereich sein kann.\" \/>\n<meta property=\"og:url\" content=\"https:\/\/teiaeducation.ch\/de\/produkt\/zylinderblock-1-1-zylinder-nienhuis-montessori\/\" \/>\n<meta property=\"og:site_name\" content=\"Sustainable Educational Products &amp; Ecological Toys\u00a0\" \/>\n<meta property=\"article:publisher\" content=\"https:\/\/www.facebook.com\/teiaeducation\/\" \/>\n<meta property=\"article:modified_time\" content=\"2023-12-15T15:01:42+00:00\" \/>\n<meta property=\"og:image\" content=\"https:\/\/teiaeducation.ch\/wp-content\/uploads\/2019\/05\/400_00190001_main_or_1-scaled-scaled.jpg\" \/>\n\t<meta property=\"og:image:width\" content=\"2048\" \/>\n\t<meta property=\"og:image:height\" content=\"2048\" \/>\n\t<meta property=\"og:image:type\" content=\"image\/jpeg\" \/>\n<script type=\"application\/ld+json\" class=\"yoast-schema-graph\">{\"@context\":\"https:\/\/schema.org\",\"@graph\":[{\"@type\":\"WebPage\",\"@id\":\"https:\/\/teiaeducation.ch\/de\/produkt\/zylinderblock-1-1-zylinder-nienhuis-montessori\/\",\"url\":\"https:\/\/teiaeducation.ch\/de\/produkt\/zylinderblock-1-1-zylinder-nienhuis-montessori\/\",\"name\":\"Zylinderblock 1: 1. Zylinder - Nienhuis Montessori\",\"isPartOf\":{\"@id\":\"https:\/\/teiaeducation.ch\/de\/#website\"},\"primaryImageOfPage\":{\"@id\":\"https:\/\/teiaeducation.ch\/de\/produkt\/zylinderblock-1-1-zylinder-nienhuis-montessori\/#primaryimage\"},\"image\":{\"@id\":\"https:\/\/teiaeducation.ch\/de\/produkt\/zylinderblock-1-1-zylinder-nienhuis-montessori\/#primaryimage\"},\"thumbnailUrl\":\"https:\/\/teiaeducation.ch\/wp-content\/uploads\/2019\/05\/400_00190001_main_or_1-scaled-scaled.jpg\",\"datePublished\":\"2018-12-01T19:49:50+00:00\",\"dateModified\":\"2023-12-15T15:01:42+00:00\",\"description\":\"Der 1. Zylinder ist ein Ersatzteil f\u00fcr den Nienhuis Montessori Zylinderblock Nr. 1, der die erste Begegnung mit Material aus dem sensorischen Bereich sein kann.\",\"breadcrumb\":{\"@id\":\"https:\/\/teiaeducation.ch\/de\/produkt\/zylinderblock-1-1-zylinder-nienhuis-montessori\/#breadcrumb\"},\"inLanguage\":\"de-CH\",\"potentialAction\":[{\"@type\":\"ReadAction\",\"target\":[\"https:\/\/teiaeducation.ch\/de\/produkt\/zylinderblock-1-1-zylinder-nienhuis-montessori\/\"]}]},{\"@type\":\"ImageObject\",\"inLanguage\":\"de-CH\",\"@id\":\"https:\/\/teiaeducation.ch\/de\/produkt\/zylinderblock-1-1-zylinder-nienhuis-montessori\/#primaryimage\",\"url\":\"https:\/\/teiaeducation.ch\/wp-content\/uploads\/2019\/05\/400_00190001_main_or_1-scaled-scaled.jpg\",\"contentUrl\":\"https:\/\/teiaeducation.ch\/wp-content\/uploads\/2019\/05\/400_00190001_main_or_1-scaled-scaled.jpg\",\"width\":2048,\"height\":2048,\"caption\":\"Zylinderblock 1: 1. Zylinder - Nienhuis Montessori\"},{\"@type\":\"BreadcrumbList\",\"@id\":\"https:\/\/teiaeducation.ch\/de\/produkt\/zylinderblock-1-1-zylinder-nienhuis-montessori\/#breadcrumb\",\"itemListElement\":[{\"@type\":\"ListItem\",\"position\":1,\"name\":\"Home\",\"item\":\"https:\/\/teiaeducation.ch\/de\/\"},{\"@type\":\"ListItem\",\"position\":2,\"name\":\"Laden\",\"item\":\"https:\/\/teiaeducation.ch\/de\/shop\/\"},{\"@type\":\"ListItem\",\"position\":3,\"name\":\"Lernunterst\u00fctzung\",\"item\":\"https:\/\/teiaeducation.ch\/de\/produkt-kategorie\/lernunterstuetzung\/\"},{\"@type\":\"ListItem\",\"position\":4,\"name\":\"Ersatzteile\",\"item\":\"https:\/\/teiaeducation.ch\/de\/produkt-kategorie\/lernunterstuetzung\/ersatzteile\/\"},{\"@type\":\"ListItem\",\"position\":5,\"name\":\"Zylinderblock 1: 1. Zylinder &#8211; Nienhuis Montessori\"}]},{\"@type\":\"WebSite\",\"@id\":\"https:\/\/teiaeducation.ch\/de\/#website\",\"url\":\"https:\/\/teiaeducation.ch\/de\/\",\"name\":\"Sustainable Educational Products &amp; Ecological Toys\u00a0\",\"description\":\"Specialised Swiss shop selling sustainable educational toys and games, AMI certified Montessori materials, handmade ecological wooden Waldorf toys and arts &amp; crafts supplies, school supplies, children&#039;s furniture and Montessori reference and parenting books.\",\"publisher\":{\"@id\":\"https:\/\/teiaeducation.ch\/de\/#organization\"},\"alternateName\":\"Teia Education & Play\",\"potentialAction\":[{\"@type\":\"SearchAction\",\"target\":{\"@type\":\"EntryPoint\",\"urlTemplate\":\"https:\/\/teiaeducation.ch\/de\/?s={search_term_string}\"},\"query-input\":{\"@type\":\"PropertyValueSpecification\",\"valueRequired\":true,\"valueName\":\"search_term_string\"}}],\"inLanguage\":\"de-CH\"},{\"@type\":\"Organization\",\"@id\":\"https:\/\/teiaeducation.ch\/de\/#organization\",\"name\":\"Teia Education & Play\",\"url\":\"https:\/\/teiaeducation.ch\/de\/\",\"logo\":{\"@type\":\"ImageObject\",\"inLanguage\":\"de-CH\",\"@id\":\"https:\/\/teiaeducation.ch\/de\/#\/schema\/logo\/image\/\",\"url\":\"https:\/\/teiaeducation.ch\/wp-content\/uploads\/2020\/11\/Teia-Education-Switzerland-e1620156442216.jpg\",\"contentUrl\":\"https:\/\/teiaeducation.ch\/wp-content\/uploads\/2020\/11\/Teia-Education-Switzerland-e1620156442216.jpg\",\"width\":166,\"height\":145,\"caption\":\"Teia Education & Play\"},\"image\":{\"@id\":\"https:\/\/teiaeducation.ch\/de\/#\/schema\/logo\/image\/\"},\"sameAs\":[\"https:\/\/www.facebook.com\/teiaeducation\/\",\"https:\/\/x.com\/EducationTeia\",\"https:\/\/www.instagram.com\/teia.education\/\",\"https:\/\/www.linkedin.com\/company\/35501660\",\"https:\/\/www.pinterest.ch\/TeiaEducation\/\"]}]}<\/script>\n<!-- \/ Yoast SEO plugin. -->","yoast_head_json":{"title":"Zylinderblock 1: 1. Zylinder - Nienhuis Montessori","description":"Der 1. Zylinder ist ein Ersatzteil f\u00fcr den Nienhuis Montessori Zylinderblock Nr. 1, der die erste Begegnung mit Material aus dem sensorischen Bereich sein kann.","robots":{"index":"index","follow":"follow","max-snippet":"max-snippet:-1","max-image-preview":"max-image-preview:large","max-video-preview":"max-video-preview:-1"},"canonical":"https:\/\/teiaeducation.ch\/de\/produkt\/zylinderblock-1-1-zylinder-nienhuis-montessori\/","og_locale":"de_DE","og_type":"article","og_title":"Zylinderblock 1: 1. Zylinder - Nienhuis Montessori","og_description":"Der 1. Zylinder ist ein Ersatzteil f\u00fcr den Nienhuis Montessori Zylinderblock Nr. 1, der die erste Begegnung mit Material aus dem sensorischen Bereich sein kann.","og_url":"https:\/\/teiaeducation.ch\/de\/produkt\/zylinderblock-1-1-zylinder-nienhuis-montessori\/","og_site_name":"Sustainable Educational Products &amp; Ecological Toys\u00a0","article_publisher":"https:\/\/www.facebook.com\/teiaeducation\/","article_modified_time":"2023-12-15T15:01:42+00:00","og_image":[{"width":2048,"height":2048,"url":"https:\/\/teiaeducation.ch\/wp-content\/uploads\/2019\/05\/400_00190001_main_or_1-scaled-scaled.jpg","type":"image\/jpeg"}],"schema":{"@context":"https:\/\/schema.org","@graph":[{"@type":"WebPage","@id":"https:\/\/teiaeducation.ch\/de\/produkt\/zylinderblock-1-1-zylinder-nienhuis-montessori\/","url":"https:\/\/teiaeducation.ch\/de\/produkt\/zylinderblock-1-1-zylinder-nienhuis-montessori\/","name":"Zylinderblock 1: 1. Zylinder - Nienhuis Montessori","isPartOf":{"@id":"https:\/\/teiaeducation.ch\/de\/#website"},"primaryImageOfPage":{"@id":"https:\/\/teiaeducation.ch\/de\/produkt\/zylinderblock-1-1-zylinder-nienhuis-montessori\/#primaryimage"},"image":{"@id":"https:\/\/teiaeducation.ch\/de\/produkt\/zylinderblock-1-1-zylinder-nienhuis-montessori\/#primaryimage"},"thumbnailUrl":"https:\/\/teiaeducation.ch\/wp-content\/uploads\/2019\/05\/400_00190001_main_or_1-scaled-scaled.jpg","datePublished":"2018-12-01T19:49:50+00:00","dateModified":"2023-12-15T15:01:42+00:00","description":"Der 1. Zylinder ist ein Ersatzteil f\u00fcr den Nienhuis Montessori Zylinderblock Nr. 1, der die erste Begegnung mit Material aus dem sensorischen Bereich sein kann.","breadcrumb":{"@id":"https:\/\/teiaeducation.ch\/de\/produkt\/zylinderblock-1-1-zylinder-nienhuis-montessori\/#breadcrumb"},"inLanguage":"de-CH","potentialAction":[{"@type":"ReadAction","target":["https:\/\/teiaeducation.ch\/de\/produkt\/zylinderblock-1-1-zylinder-nienhuis-montessori\/"]}]},{"@type":"ImageObject","inLanguage":"de-CH","@id":"https:\/\/teiaeducation.ch\/de\/produkt\/zylinderblock-1-1-zylinder-nienhuis-montessori\/#primaryimage","url":"https:\/\/teiaeducation.ch\/wp-content\/uploads\/2019\/05\/400_00190001_main_or_1-scaled-scaled.jpg","contentUrl":"https:\/\/teiaeducation.ch\/wp-content\/uploads\/2019\/05\/400_00190001_main_or_1-scaled-scaled.jpg","width":2048,"height":2048,"caption":"Zylinderblock 1: 1. Zylinder - Nienhuis Montessori"},{"@type":"BreadcrumbList","@id":"https:\/\/teiaeducation.ch\/de\/produkt\/zylinderblock-1-1-zylinder-nienhuis-montessori\/#breadcrumb","itemListElement":[{"@type":"ListItem","position":1,"name":"Home","item":"https:\/\/teiaeducation.ch\/de\/"},{"@type":"ListItem","position":2,"name":"Laden","item":"https:\/\/teiaeducation.ch\/de\/shop\/"},{"@type":"ListItem","position":3,"name":"Lernunterst\u00fctzung","item":"https:\/\/teiaeducation.ch\/de\/produkt-kategorie\/lernunterstuetzung\/"},{"@type":"ListItem","position":4,"name":"Ersatzteile","item":"https:\/\/teiaeducation.ch\/de\/produkt-kategorie\/lernunterstuetzung\/ersatzteile\/"},{"@type":"ListItem","position":5,"name":"Zylinderblock 1: 1. Zylinder &#8211; Nienhuis Montessori"}]},{"@type":"WebSite","@id":"https:\/\/teiaeducation.ch\/de\/#website","url":"https:\/\/teiaeducation.ch\/de\/","name":"Sustainable Educational Products &amp; Ecological Toys\u00a0","description":"Specialised Swiss shop selling sustainable educational toys and games, AMI certified Montessori materials, handmade ecological wooden Waldorf toys and arts &amp; crafts supplies, school supplies, children&#039;s furniture and Montessori reference and parenting books.","publisher":{"@id":"https:\/\/teiaeducation.ch\/de\/#organization"},"alternateName":"Teia Education & Play","potentialAction":[{"@type":"SearchAction","target":{"@type":"EntryPoint","urlTemplate":"https:\/\/teiaeducation.ch\/de\/?s={search_term_string}"},"query-input":{"@type":"PropertyValueSpecification","valueRequired":true,"valueName":"search_term_string"}}],"inLanguage":"de-CH"},{"@type":"Organization","@id":"https:\/\/teiaeducation.ch\/de\/#organization","name":"Teia Education & Play","url":"https:\/\/teiaeducation.ch\/de\/","logo":{"@type":"ImageObject","inLanguage":"de-CH","@id":"https:\/\/teiaeducation.ch\/de\/#\/schema\/logo\/image\/","url":"https:\/\/teiaeducation.ch\/wp-content\/uploads\/2020\/11\/Teia-Education-Switzerland-e1620156442216.jpg","contentUrl":"https:\/\/teiaeducation.ch\/wp-content\/uploads\/2020\/11\/Teia-Education-Switzerland-e1620156442216.jpg","width":166,"height":145,"caption":"Teia Education & Play"},"image":{"@id":"https:\/\/teiaeducation.ch\/de\/#\/schema\/logo\/image\/"},"sameAs":["https:\/\/www.facebook.com\/teiaeducation\/","https:\/\/x.com\/EducationTeia","https:\/\/www.instagram.com\/teia.education\/","https:\/\/www.linkedin.com\/company\/35501660","https:\/\/www.pinterest.ch\/TeiaEducation\/"]}]}},"_links":{"self":[{"href":"https:\/\/teiaeducation.ch\/de\/wp-json\/wp\/v2\/product\/58170","targetHints":{"allow":["GET"]}}],"collection":[{"href":"https:\/\/teiaeducation.ch\/de\/wp-json\/wp\/v2\/product"}],"about":[{"href":"https:\/\/teiaeducation.ch\/de\/wp-json\/wp\/v2\/types\/product"}],"replies":[{"embeddable":true,"href":"https:\/\/teiaeducation.ch\/de\/wp-json\/wp\/v2\/comments?post=58170"}],"wp:featuredmedia":[{"embeddable":true,"href":"https:\/\/teiaeducation.ch\/de\/wp-json\/wp\/v2\/media\/58171"}],"wp:attachment":[{"href":"https:\/\/teiaeducation.ch\/de\/wp-json\/wp\/v2\/media?parent=58170"}],"wp:term":[{"taxonomy":"product_brand","embeddable":true,"href":"https:\/\/teiaeducation.ch\/de\/wp-json\/wp\/v2\/product_brand?post=58170"},{"taxonomy":"product_cat","embeddable":true,"href":"https:\/\/teiaeducation.ch\/de\/wp-json\/wp\/v2\/product_cat?post=58170"},{"taxonomy":"product_tag","embeddable":true,"href":"https:\/\/teiaeducation.ch\/de\/wp-json\/wp\/v2\/product_tag?post=58170"}],"curies":[{"name":"wp","href":"https:\/\/api.w.org\/{rel}","templated":true}]}}