{"id":58254,"date":"2018-12-01T20:36:50","date_gmt":"2018-12-01T19:36:50","guid":{"rendered":"https:\/\/teiaeducation.ch\/product\/farbtaefelchen-kasten-mit-32-paaren-nienhuis-montessori\/"},"modified":"2023-12-19T12:02:16","modified_gmt":"2023-12-19T11:02:16","slug":"farbtaefelchen-kasten-mit-32-paaren-nienhuis-montessori","status":"publish","type":"product","link":"https:\/\/teiaeducation.ch\/de\/produkt\/farbtaefelchen-kasten-mit-32-paaren-nienhuis-montessori\/","title":{"rendered":"Farbt\u00e4felchen &#8211; Kasten mit 32 Paaren &#8211; Nienhuis Montessori"},"content":{"rendered":"<p>Das Nienhuis Montessori Farbt\u00e4felchen &#8211; Kasten mit 32 Paaren ist Teil des Sinnesmaterials und f\u00fchrt die Kinder in die Welt der Farben ein und verfeinert den Farbensinn. Als Erg\u00e4nzung zur <a href=\"https:\/\/teiaeducation.ch\/product\/first-box-of-colour-tablets-nienhuis-montessori\/\">ersten<\/a>, <a href=\"https:\/\/teiaeducation.ch\/product\/second-box-of-colour-tablets-nienhuis-montessori\/\">zweiten<\/a> und <a href=\"https:\/\/teiaeducation.ch\/product\/third-box-of-colour-tablets-nienhuis-montessori\/\">dritten<\/a> Schachtel der Montessori-Farbtabletten enth\u00e4lt die Farbschachtel mit 32 Paaren jeweils vier passende Farbt\u00f6ne: rot, blau, gelb, lila, gr\u00fcn, braun, rosa und grau. Zwei gleichfarbige Tabletten k\u00f6nnen miteinander verglichen werden, um die visuelle Unterscheidungsf\u00e4higkeit zu f\u00f6rdern und gleichzeitig zu erforschen, wie sich Farben zueinander verhalten.<\/p>\n<p>Die bemalten Holztafeln haben eine rechteckige Form und sind an den Seiten mit wei\u00df bemalten Holzgriffen&#8221; versehen, wobei dieser Kontrast die Unterscheidung der Farben erleichtert.<\/p>\n<p>F\u00fchren Sie die Farbe mit den Tabletten konkret und ohne die Assoziation eines physischen Objekts ein, um Verwirrung zu vermeiden, und isolieren Sie jeweils eine Schwierigkeit&#8221;.<\/p>\n<p>Die niederl\u00e4ndische Marke <a href=\"https:\/\/teiaeducation.ch\/product-category\/brands\/nienhuis-montessori-educational-materials\/\">Nienhuis Montessori<\/a> ist die weltweit f\u00fchrende Montessori Marke, die das Erbe von Maria Montessori ehrt und fortf\u00fchrt und das breiteste und innovativste Sortiment an Montessori-Materialien, <a href=\"https:\/\/teiaeducation.ch\/product-category\/classroom-essentials\/montessori-furniture\/\">M\u00f6beln<\/a> und verwandten Produkten herstellt. Die hochwertigen Nienhuis Montessori Produkte geben den Kindern die Werkzeuge, die sie brauchen, um Unabhangig und kritisch zu denken. Alle Nienhuis Montessori Materialien sind vom Materialkomitee der Association Montessori Internationale (<a href=\"https:\/\/montessori-ami.org\/\">AMI<\/a>) zertifiziert und werden sorgf\u00e4ltig hergestellt, um Schwierigkeiten zu isolieren, so dass die Kinder sich konzentrieren, lernen und sich entwickeln k\u00f6nnen.<\/p>\n<p>Nienhuis Montessori ist eine der Marken des Niederlandischen Unternehmens Heutink International, das weltweit die besten pedagogischen Marken anbietet, die auf spielerisches Lernen ausgerichtet sind.<\/p>\n<p>Dieses Montessori Material ist f\u00fcr Kinder im Alter von 3-6 Jahren geeignet.<\/p>\n<p>Inhalt:<\/p>\n<p>64 bemalte Holztafeln: 32 Paare mit je 4 passenden Farbt\u00f6nen: rot, blau, gelb, lila, gr\u00fcn, braun, rosa und grau<br \/>\n1 Holzkiste mit Deckel (34 x 16 x 4 cm)<\/p>\n","protected":false},"excerpt":{"rendered":"<p>Artikelnummer: 0053A0<\/p>\n<p>Das Nienhuis Montessori Farbt\u00e4felchen &#8211; Kasten mit 32 Paaren ist Teil des Sinnesmaterials und hilft dabei, die Zusammenh\u00e4nge von Farben zu erkunden.<\/p>\n","protected":false},"featured_media":58247,"comment_status":"closed","ping_status":"closed","template":"","meta":[],"product_brand":[],"product_cat":[21475,21445,21479,21558,21670,21464,21474,21509,21498,21481,21443,21572,21494,21495,21557,21655,21564],"product_tag":[27311,23100,23120,23469,27310,23470,23119,23645,23471,23644,23472],"class_list":{"0":"post-58254","1":"product","2":"type-product","3":"status-publish","4":"has-post-thumbnail","6":"product_cat-3-6-jahre-klassenzimmer-pack","7":"product_cat-3-6-jahre-vorschule","8":"product_cat-lernmaterialien-spielzeug-montessori-waldorf-steiner-froebel","9":"product_cat-farbe-lernen","10":"product_cat-fruehjahrskollektion","11":"product_cat-herbstkollektion","12":"product_cat-klassenzimmer-essenzien","13":"product_cat-lernthemen","14":"product_cat-montessori-materialien-fuer-zuhause-schulbedarf-fuer-zuhause","15":"product_cat-montessori-paedagogik-material-spielzeug","16":"product_cat-nach-alter","17":"product_cat-nienhuis-montessori-schweiz","18":"product_cat-schulbedarf-fuer-zuhause","19":"product_cat-schulbedarf-fuer-zuhause-3-6-jahre","20":"product_cat-sensorische-motorische-fertigkeiten","21":"product_cat-sinnesmaterial-nienhuis-montessori","22":"product_cat-unsere-marken","23":"product_tag-farbtafelchen-kasten-mit-32-paaren-nienhuis-montessori","24":"product_tag-montessori-de","25":"product_tag-montessori-material-schweiz","26":"product_tag-montessori-material-schweiz-de","27":"product_tag-nienhuis-montessori-farbtafelchen-kasten-mit-32-paaren","28":"product_tag-nienhuis-montessori-schweiz-de-2","29":"product_tag-nienhuis-montessori-schweiz-de","30":"product_tag-sinne-nienhuis-montessori","31":"product_tag-sinnesmaterial-montessori","32":"product_tag-sinnesmaterial-montessori-de","33":"product_tag-sinnesmaterial-nienhuis-montessori","35":"first","36":"instock","37":"taxable","38":"shipping-taxable","39":"purchasable","40":"product-type-simple"},"yoast_head":"<!-- This site is optimized with the Yoast SEO plugin v27.1.1 - https:\/\/yoast.com\/product\/yoast-seo-wordpress\/ -->\n<title>Farbt\u00e4felchen - Kasten mit 32 Paaren - Nienhuis Montessori<\/title>\n<meta name=\"description\" content=\"Das Nienhuis Montessori Farbt\u00e4felchen - Kasten mit 32 Paaren ist Teil des Sinnesmaterials und hilft dabei, die Zusammenh\u00e4nge von Farben zu erkunden.\" \/>\n<meta name=\"robots\" content=\"index, follow, max-snippet:-1, max-image-preview:large, max-video-preview:-1\" \/>\n<link rel=\"canonical\" href=\"https:\/\/teiaeducation.ch\/de\/produkt\/farbtaefelchen-kasten-mit-32-paaren-nienhuis-montessori\/\" \/>\n<meta property=\"og:locale\" content=\"de_DE\" \/>\n<meta property=\"og:type\" content=\"article\" \/>\n<meta property=\"og:title\" content=\"Farbt\u00e4felchen - Kasten mit 32 Paaren - Nienhuis Montessori\" \/>\n<meta property=\"og:description\" content=\"Das Nienhuis Montessori Farbt\u00e4felchen - Kasten mit 32 Paaren ist Teil des Sinnesmaterials und hilft dabei, die Zusammenh\u00e4nge von Farben zu erkunden.\" \/>\n<meta property=\"og:url\" content=\"https:\/\/teiaeducation.ch\/de\/produkt\/farbtaefelchen-kasten-mit-32-paaren-nienhuis-montessori\/\" \/>\n<meta property=\"og:site_name\" content=\"Sustainable Educational Products &amp; Ecological Toys\u00a0\" \/>\n<meta property=\"article:publisher\" content=\"https:\/\/www.facebook.com\/teiaeducation\/\" \/>\n<meta property=\"article:modified_time\" content=\"2023-12-19T11:02:16+00:00\" \/>\n<meta property=\"og:image\" content=\"https:\/\/teiaeducation.ch\/wp-content\/uploads\/2018\/12\/0053A0.jpg\" \/>\n\t<meta property=\"og:image:width\" content=\"900\" \/>\n\t<meta property=\"og:image:height\" content=\"900\" \/>\n\t<meta property=\"og:image:type\" content=\"image\/jpeg\" \/>\n<script type=\"application\/ld+json\" class=\"yoast-schema-graph\">{\"@context\":\"https:\/\/schema.org\",\"@graph\":[{\"@type\":\"WebPage\",\"@id\":\"https:\/\/teiaeducation.ch\/de\/produkt\/farbtaefelchen-kasten-mit-32-paaren-nienhuis-montessori\/\",\"url\":\"https:\/\/teiaeducation.ch\/de\/produkt\/farbtaefelchen-kasten-mit-32-paaren-nienhuis-montessori\/\",\"name\":\"Farbt\u00e4felchen - Kasten mit 32 Paaren - Nienhuis Montessori\",\"isPartOf\":{\"@id\":\"https:\/\/teiaeducation.ch\/de\/#website\"},\"primaryImageOfPage\":{\"@id\":\"https:\/\/teiaeducation.ch\/de\/produkt\/farbtaefelchen-kasten-mit-32-paaren-nienhuis-montessori\/#primaryimage\"},\"image\":{\"@id\":\"https:\/\/teiaeducation.ch\/de\/produkt\/farbtaefelchen-kasten-mit-32-paaren-nienhuis-montessori\/#primaryimage\"},\"thumbnailUrl\":\"https:\/\/teiaeducation.ch\/wp-content\/uploads\/2018\/12\/0053A0.jpg\",\"datePublished\":\"2018-12-01T19:36:50+00:00\",\"dateModified\":\"2023-12-19T11:02:16+00:00\",\"description\":\"Das Nienhuis Montessori Farbt\u00e4felchen - Kasten mit 32 Paaren ist Teil des Sinnesmaterials und hilft dabei, die Zusammenh\u00e4nge von Farben zu erkunden.\",\"breadcrumb\":{\"@id\":\"https:\/\/teiaeducation.ch\/de\/produkt\/farbtaefelchen-kasten-mit-32-paaren-nienhuis-montessori\/#breadcrumb\"},\"inLanguage\":\"de-CH\",\"potentialAction\":[{\"@type\":\"ReadAction\",\"target\":[\"https:\/\/teiaeducation.ch\/de\/produkt\/farbtaefelchen-kasten-mit-32-paaren-nienhuis-montessori\/\"]}]},{\"@type\":\"ImageObject\",\"inLanguage\":\"de-CH\",\"@id\":\"https:\/\/teiaeducation.ch\/de\/produkt\/farbtaefelchen-kasten-mit-32-paaren-nienhuis-montessori\/#primaryimage\",\"url\":\"https:\/\/teiaeducation.ch\/wp-content\/uploads\/2018\/12\/0053A0.jpg\",\"contentUrl\":\"https:\/\/teiaeducation.ch\/wp-content\/uploads\/2018\/12\/0053A0.jpg\",\"width\":900,\"height\":900,\"caption\":\"Montessori-Material f\u00fcr die Sinne Farbkasten mit 23 Paaren - Nienhuis Montessori\"},{\"@type\":\"BreadcrumbList\",\"@id\":\"https:\/\/teiaeducation.ch\/de\/produkt\/farbtaefelchen-kasten-mit-32-paaren-nienhuis-montessori\/#breadcrumb\",\"itemListElement\":[{\"@type\":\"ListItem\",\"position\":1,\"name\":\"Home\",\"item\":\"https:\/\/teiaeducation.ch\/de\/\"},{\"@type\":\"ListItem\",\"position\":2,\"name\":\"Laden\",\"item\":\"https:\/\/teiaeducation.ch\/de\/shop\/\"},{\"@type\":\"ListItem\",\"position\":3,\"name\":\"Unsere Marken\",\"item\":\"https:\/\/teiaeducation.ch\/de\/produkt-kategorie\/unsere-marken\/\"},{\"@type\":\"ListItem\",\"position\":4,\"name\":\"Nienhuis Montessori Schweiz\",\"item\":\"https:\/\/teiaeducation.ch\/de\/produkt-kategorie\/unsere-marken\/nienhuis-montessori-schweiz\/\"},{\"@type\":\"ListItem\",\"position\":5,\"name\":\"Sinnesmaterial\",\"item\":\"https:\/\/teiaeducation.ch\/de\/produkt-kategorie\/unsere-marken\/nienhuis-montessori-schweiz\/sinnesmaterial-nienhuis-montessori\/\"},{\"@type\":\"ListItem\",\"position\":6,\"name\":\"Farbt\u00e4felchen &#8211; Kasten mit 32 Paaren &#8211; Nienhuis Montessori\"}]},{\"@type\":\"WebSite\",\"@id\":\"https:\/\/teiaeducation.ch\/de\/#website\",\"url\":\"https:\/\/teiaeducation.ch\/de\/\",\"name\":\"Sustainable Educational Products &amp; Ecological Toys\u00a0\",\"description\":\"Specialised Swiss shop selling sustainable educational toys and games, AMI certified Montessori materials, handmade ecological wooden Waldorf toys and arts &amp; crafts supplies, school supplies, children&#039;s furniture and Montessori reference and parenting books.\",\"publisher\":{\"@id\":\"https:\/\/teiaeducation.ch\/de\/#organization\"},\"alternateName\":\"Teia Education & Play\",\"potentialAction\":[{\"@type\":\"SearchAction\",\"target\":{\"@type\":\"EntryPoint\",\"urlTemplate\":\"https:\/\/teiaeducation.ch\/de\/?s={search_term_string}\"},\"query-input\":{\"@type\":\"PropertyValueSpecification\",\"valueRequired\":true,\"valueName\":\"search_term_string\"}}],\"inLanguage\":\"de-CH\"},{\"@type\":\"Organization\",\"@id\":\"https:\/\/teiaeducation.ch\/de\/#organization\",\"name\":\"Teia Education & Play\",\"url\":\"https:\/\/teiaeducation.ch\/de\/\",\"logo\":{\"@type\":\"ImageObject\",\"inLanguage\":\"de-CH\",\"@id\":\"https:\/\/teiaeducation.ch\/de\/#\/schema\/logo\/image\/\",\"url\":\"https:\/\/teiaeducation.ch\/wp-content\/uploads\/2020\/11\/Teia-Education-Switzerland-e1620156442216.jpg\",\"contentUrl\":\"https:\/\/teiaeducation.ch\/wp-content\/uploads\/2020\/11\/Teia-Education-Switzerland-e1620156442216.jpg\",\"width\":166,\"height\":145,\"caption\":\"Teia Education & Play\"},\"image\":{\"@id\":\"https:\/\/teiaeducation.ch\/de\/#\/schema\/logo\/image\/\"},\"sameAs\":[\"https:\/\/www.facebook.com\/teiaeducation\/\",\"https:\/\/x.com\/EducationTeia\",\"https:\/\/www.instagram.com\/teia.education\/\",\"https:\/\/www.linkedin.com\/company\/35501660\",\"https:\/\/www.pinterest.ch\/TeiaEducation\/\"]}]}<\/script>\n<!-- \/ Yoast SEO plugin. -->","yoast_head_json":{"title":"Farbt\u00e4felchen - Kasten mit 32 Paaren - Nienhuis Montessori","description":"Das Nienhuis Montessori Farbt\u00e4felchen - Kasten mit 32 Paaren ist Teil des Sinnesmaterials und hilft dabei, die Zusammenh\u00e4nge von Farben zu erkunden.","robots":{"index":"index","follow":"follow","max-snippet":"max-snippet:-1","max-image-preview":"max-image-preview:large","max-video-preview":"max-video-preview:-1"},"canonical":"https:\/\/teiaeducation.ch\/de\/produkt\/farbtaefelchen-kasten-mit-32-paaren-nienhuis-montessori\/","og_locale":"de_DE","og_type":"article","og_title":"Farbt\u00e4felchen - Kasten mit 32 Paaren - Nienhuis Montessori","og_description":"Das Nienhuis Montessori Farbt\u00e4felchen - Kasten mit 32 Paaren ist Teil des Sinnesmaterials und hilft dabei, die Zusammenh\u00e4nge von Farben zu erkunden.","og_url":"https:\/\/teiaeducation.ch\/de\/produkt\/farbtaefelchen-kasten-mit-32-paaren-nienhuis-montessori\/","og_site_name":"Sustainable Educational Products &amp; Ecological Toys\u00a0","article_publisher":"https:\/\/www.facebook.com\/teiaeducation\/","article_modified_time":"2023-12-19T11:02:16+00:00","og_image":[{"width":900,"height":900,"url":"https:\/\/teiaeducation.ch\/wp-content\/uploads\/2018\/12\/0053A0.jpg","type":"image\/jpeg"}],"schema":{"@context":"https:\/\/schema.org","@graph":[{"@type":"WebPage","@id":"https:\/\/teiaeducation.ch\/de\/produkt\/farbtaefelchen-kasten-mit-32-paaren-nienhuis-montessori\/","url":"https:\/\/teiaeducation.ch\/de\/produkt\/farbtaefelchen-kasten-mit-32-paaren-nienhuis-montessori\/","name":"Farbt\u00e4felchen - Kasten mit 32 Paaren - Nienhuis Montessori","isPartOf":{"@id":"https:\/\/teiaeducation.ch\/de\/#website"},"primaryImageOfPage":{"@id":"https:\/\/teiaeducation.ch\/de\/produkt\/farbtaefelchen-kasten-mit-32-paaren-nienhuis-montessori\/#primaryimage"},"image":{"@id":"https:\/\/teiaeducation.ch\/de\/produkt\/farbtaefelchen-kasten-mit-32-paaren-nienhuis-montessori\/#primaryimage"},"thumbnailUrl":"https:\/\/teiaeducation.ch\/wp-content\/uploads\/2018\/12\/0053A0.jpg","datePublished":"2018-12-01T19:36:50+00:00","dateModified":"2023-12-19T11:02:16+00:00","description":"Das Nienhuis Montessori Farbt\u00e4felchen - Kasten mit 32 Paaren ist Teil des Sinnesmaterials und hilft dabei, die Zusammenh\u00e4nge von Farben zu erkunden.","breadcrumb":{"@id":"https:\/\/teiaeducation.ch\/de\/produkt\/farbtaefelchen-kasten-mit-32-paaren-nienhuis-montessori\/#breadcrumb"},"inLanguage":"de-CH","potentialAction":[{"@type":"ReadAction","target":["https:\/\/teiaeducation.ch\/de\/produkt\/farbtaefelchen-kasten-mit-32-paaren-nienhuis-montessori\/"]}]},{"@type":"ImageObject","inLanguage":"de-CH","@id":"https:\/\/teiaeducation.ch\/de\/produkt\/farbtaefelchen-kasten-mit-32-paaren-nienhuis-montessori\/#primaryimage","url":"https:\/\/teiaeducation.ch\/wp-content\/uploads\/2018\/12\/0053A0.jpg","contentUrl":"https:\/\/teiaeducation.ch\/wp-content\/uploads\/2018\/12\/0053A0.jpg","width":900,"height":900,"caption":"Montessori-Material f\u00fcr die Sinne Farbkasten mit 23 Paaren - Nienhuis Montessori"},{"@type":"BreadcrumbList","@id":"https:\/\/teiaeducation.ch\/de\/produkt\/farbtaefelchen-kasten-mit-32-paaren-nienhuis-montessori\/#breadcrumb","itemListElement":[{"@type":"ListItem","position":1,"name":"Home","item":"https:\/\/teiaeducation.ch\/de\/"},{"@type":"ListItem","position":2,"name":"Laden","item":"https:\/\/teiaeducation.ch\/de\/shop\/"},{"@type":"ListItem","position":3,"name":"Unsere Marken","item":"https:\/\/teiaeducation.ch\/de\/produkt-kategorie\/unsere-marken\/"},{"@type":"ListItem","position":4,"name":"Nienhuis Montessori Schweiz","item":"https:\/\/teiaeducation.ch\/de\/produkt-kategorie\/unsere-marken\/nienhuis-montessori-schweiz\/"},{"@type":"ListItem","position":5,"name":"Sinnesmaterial","item":"https:\/\/teiaeducation.ch\/de\/produkt-kategorie\/unsere-marken\/nienhuis-montessori-schweiz\/sinnesmaterial-nienhuis-montessori\/"},{"@type":"ListItem","position":6,"name":"Farbt\u00e4felchen &#8211; Kasten mit 32 Paaren &#8211; Nienhuis Montessori"}]},{"@type":"WebSite","@id":"https:\/\/teiaeducation.ch\/de\/#website","url":"https:\/\/teiaeducation.ch\/de\/","name":"Sustainable Educational Products &amp; Ecological Toys\u00a0","description":"Specialised Swiss shop selling sustainable educational toys and games, AMI certified Montessori materials, handmade ecological wooden Waldorf toys and arts &amp; crafts supplies, school supplies, children&#039;s furniture and Montessori reference and parenting books.","publisher":{"@id":"https:\/\/teiaeducation.ch\/de\/#organization"},"alternateName":"Teia Education & Play","potentialAction":[{"@type":"SearchAction","target":{"@type":"EntryPoint","urlTemplate":"https:\/\/teiaeducation.ch\/de\/?s={search_term_string}"},"query-input":{"@type":"PropertyValueSpecification","valueRequired":true,"valueName":"search_term_string"}}],"inLanguage":"de-CH"},{"@type":"Organization","@id":"https:\/\/teiaeducation.ch\/de\/#organization","name":"Teia Education & Play","url":"https:\/\/teiaeducation.ch\/de\/","logo":{"@type":"ImageObject","inLanguage":"de-CH","@id":"https:\/\/teiaeducation.ch\/de\/#\/schema\/logo\/image\/","url":"https:\/\/teiaeducation.ch\/wp-content\/uploads\/2020\/11\/Teia-Education-Switzerland-e1620156442216.jpg","contentUrl":"https:\/\/teiaeducation.ch\/wp-content\/uploads\/2020\/11\/Teia-Education-Switzerland-e1620156442216.jpg","width":166,"height":145,"caption":"Teia Education & Play"},"image":{"@id":"https:\/\/teiaeducation.ch\/de\/#\/schema\/logo\/image\/"},"sameAs":["https:\/\/www.facebook.com\/teiaeducation\/","https:\/\/x.com\/EducationTeia","https:\/\/www.instagram.com\/teia.education\/","https:\/\/www.linkedin.com\/company\/35501660","https:\/\/www.pinterest.ch\/TeiaEducation\/"]}]}},"_links":{"self":[{"href":"https:\/\/teiaeducation.ch\/de\/wp-json\/wp\/v2\/product\/58254","targetHints":{"allow":["GET"]}}],"collection":[{"href":"https:\/\/teiaeducation.ch\/de\/wp-json\/wp\/v2\/product"}],"about":[{"href":"https:\/\/teiaeducation.ch\/de\/wp-json\/wp\/v2\/types\/product"}],"replies":[{"embeddable":true,"href":"https:\/\/teiaeducation.ch\/de\/wp-json\/wp\/v2\/comments?post=58254"}],"wp:featuredmedia":[{"embeddable":true,"href":"https:\/\/teiaeducation.ch\/de\/wp-json\/wp\/v2\/media\/58247"}],"wp:attachment":[{"href":"https:\/\/teiaeducation.ch\/de\/wp-json\/wp\/v2\/media?parent=58254"}],"wp:term":[{"taxonomy":"product_brand","embeddable":true,"href":"https:\/\/teiaeducation.ch\/de\/wp-json\/wp\/v2\/product_brand?post=58254"},{"taxonomy":"product_cat","embeddable":true,"href":"https:\/\/teiaeducation.ch\/de\/wp-json\/wp\/v2\/product_cat?post=58254"},{"taxonomy":"product_tag","embeddable":true,"href":"https:\/\/teiaeducation.ch\/de\/wp-json\/wp\/v2\/product_tag?post=58254"}],"curies":[{"name":"wp","href":"https:\/\/api.w.org\/{rel}","templated":true}]}}