{"id":58269,"date":"2018-12-01T20:30:40","date_gmt":"2018-12-01T19:30:40","guid":{"rendered":"https:\/\/teiaeducation.ch\/product\/staender-fuer-die-hoehenmessung-nienhuis-montessori\/"},"modified":"2023-12-19T13:05:31","modified_gmt":"2023-12-19T12:05:31","slug":"staender-fuer-die-hoehenmessung-nienhuis-montessori","status":"publish","type":"product","link":"https:\/\/teiaeducation.ch\/de\/produkt\/staender-fuer-die-hoehenmessung-nienhuis-montessori\/","title":{"rendered":"St\u00e4nder f\u00fcr die H\u00f6henmessung &#8211; Nienhuis Montessori"},"content":{"rendered":"<p>Der Nienhuis Montessori St\u00e4nder f\u00fcr die H\u00f6henmessung wird f\u00fcr die Erkundung ebener geometrischer Formen verwendet, die das Messen der H\u00f6he der <a href=\"https:\/\/teiaeducation.ch\/product\/constructive-triangles-nienhuis-montessori\/\">konstruktiven Dreiecke<\/a> erleichtert. Der Stand ist in Zentimetern skaliert.<\/p>\n<p>Die niederl\u00e4ndische Marke <a href=\"https:\/\/teiaeducation.ch\/product-category\/brands\/nienhuis-montessori-educational-materials\/\">Nienhuis Montessori<\/a> ist die weltweit f\u00fchrende Montessori Marke, die das Erbe von Maria Montessori ehrt und fortf\u00fchrt und das breiteste und innovativste Sortiment an Montessori-Materialien, <a href=\"https:\/\/teiaeducation.ch\/product-category\/classroom-essentials\/montessori-furniture\/\">M\u00f6beln<\/a> und verwandten Produkten herstellt. Die hochwertigen Nienhuis Montessori Produkte geben den Kindern die Werkzeuge, die sie brauchen, um Unabhangig und kritisch zu denken. Alle Nienhuis Montessori Materialien sind vom Materialkomitee der Association Montessori Internationale (<a href=\"https:\/\/montessori-ami.org\/\">AMI<\/a>) zertifiziert und werden sorgf\u00e4ltig hergestellt, um Schwierigkeiten zu isolieren, so dass die Kinder sich konzentrieren, lernen und sich entwickeln k\u00f6nnen.<\/p>\n<p>Nienhuis Montessori ist eine der Marken des Niederlandischen Unternehmens Heutink International, das weltweit die besten pedagogischen Marken anbietet, die auf spielerisches Lernen ausgerichtet sind.<\/p>\n<p>Dieses <a href=\"https:\/\/teiaeducation.ch\/product-category\/education-method\/the-montessori-pedagogy-materials-toys\/\">Montessori-Material<\/a> ist f\u00fcr Kinder ab 9 Jahren geeignet.<\/p>\n<p>Inhalt:<\/p>\n<p>1 St\u00e4nder fon Holz (40 x 20 x 6 cm)<\/p>\n<p><em>We currently do not have this item in stock, but it is available on pre-order. We will order this item for you from our supplier. Due to importation from the European Union to Switzerland please allow 2 to maximum 3 weeks for delivery. <\/em><\/p>\n\t<div id=\"gap-1225563408\" class=\"gap-element clearfix\" style=\"display:block; height:auto;\">\n\t\t\n<style>\n#gap-1225563408 {\n  padding-top: 20px;\n}\n<\/style>\n\t<\/div>\n\t\n","protected":false},"excerpt":{"rendered":"<p>Artikelnummer: 012600<\/p>\n<p>Der Nienhuis Montessori St\u00e4nder f\u00fcr die H\u00f6henmessung wird f\u00fcr die Erkundung ebener geometrischer Formen und die Messung der H\u00f6he der konstruktiven Dreiecke verwendet.<\/p>\n","protected":false},"featured_media":50738,"comment_status":"closed","ping_status":"closed","template":"","meta":[],"product_brand":[],"product_cat":[21446,21479,21648,21509,21537,21545,21481,21443,21572,21557,21655,21564],"product_tag":[26532,26005,27320,22981,27319],"class_list":{"0":"post-58269","1":"product","2":"type-product","3":"status-publish","4":"has-post-thumbnail","6":"product_cat-6-12-jahre-grundschule","7":"product_cat-lernmaterialien-spielzeug-montessori-waldorf-steiner-froebel","8":"product_cat-geometrie-nienhuis-montessori","9":"product_cat-lernthemen","10":"product_cat-mathematik-rechnen","11":"product_cat-messung","12":"product_cat-montessori-paedagogik-material-spielzeug","13":"product_cat-nach-alter","14":"product_cat-nienhuis-montessori-schweiz","15":"product_cat-sensorische-motorische-fertigkeiten","16":"product_cat-sinnesmaterial-nienhuis-montessori","17":"product_cat-unsere-marken","18":"product_tag-geometrie-de","19":"product_tag-grundschule-6-12-jahre","20":"product_tag-messung-hohe-montessori-konstruktive-dreiecke","21":"product_tag-nienhuis-montessori-de","22":"product_tag-stander-fur-die-hohenmessung-nienhuis-montessori","24":"first","25":"onbackorder","26":"sold-individually","27":"taxable","28":"shipping-taxable","29":"purchasable","30":"product-type-simple"},"yoast_head":"<!-- This site is optimized with the Yoast SEO Premium plugin v25.8 (Yoast SEO v27.4) - https:\/\/yoast.com\/product\/yoast-seo-premium-wordpress\/ -->\n<title>St\u00e4nder f\u00fcr die H\u00f6henmessung - Nienhuis Montessori<\/title>\n<meta name=\"description\" content=\"Der Nienhuis Montessori St\u00e4nder f\u00fcr die H\u00f6henmessung wird f\u00fcr die Erkundung ebener geometrischer Formen und die Messung der H\u00f6he der konstruktiven Dreiecke verwendet.\" \/>\n<meta name=\"robots\" content=\"index, follow, max-snippet:-1, max-image-preview:large, max-video-preview:-1\" \/>\n<link rel=\"canonical\" href=\"https:\/\/teiaeducation.ch\/de\/produkt\/staender-fuer-die-hoehenmessung-nienhuis-montessori\/\" \/>\n<meta property=\"og:locale\" content=\"de_DE\" \/>\n<meta property=\"og:type\" content=\"article\" \/>\n<meta property=\"og:title\" content=\"St\u00e4nder f\u00fcr die H\u00f6henmessung - Nienhuis Montessori\" \/>\n<meta property=\"og:description\" content=\"Der Nienhuis Montessori St\u00e4nder f\u00fcr die H\u00f6henmessung wird f\u00fcr die Erkundung ebener geometrischer Formen und die Messung der H\u00f6he der konstruktiven Dreiecke verwendet.\" \/>\n<meta property=\"og:url\" content=\"https:\/\/teiaeducation.ch\/de\/produkt\/staender-fuer-die-hoehenmessung-nienhuis-montessori\/\" \/>\n<meta property=\"og:site_name\" content=\"Sustainable Educational Products &amp; Ecological Toys\u00a0\" \/>\n<meta property=\"article:publisher\" content=\"https:\/\/www.facebook.com\/teiaeducation\/\" \/>\n<meta property=\"article:modified_time\" content=\"2023-12-19T12:05:31+00:00\" \/>\n<meta property=\"og:image\" content=\"https:\/\/teiaeducation.ch\/wp-content\/uploads\/2019\/05\/400_012600_main_or_1-scaled-scaled.jpg\" \/>\n\t<meta property=\"og:image:width\" content=\"2048\" \/>\n\t<meta property=\"og:image:height\" content=\"2048\" \/>\n\t<meta property=\"og:image:type\" content=\"image\/jpeg\" \/>\n<script type=\"application\/ld+json\" class=\"yoast-schema-graph\">{\"@context\":\"https:\\\/\\\/schema.org\",\"@graph\":[{\"@type\":\"WebPage\",\"@id\":\"https:\\\/\\\/teiaeducation.ch\\\/de\\\/produkt\\\/staender-fuer-die-hoehenmessung-nienhuis-montessori\\\/\",\"url\":\"https:\\\/\\\/teiaeducation.ch\\\/de\\\/produkt\\\/staender-fuer-die-hoehenmessung-nienhuis-montessori\\\/\",\"name\":\"St\u00e4nder f\u00fcr die H\u00f6henmessung - Nienhuis Montessori\",\"isPartOf\":{\"@id\":\"https:\\\/\\\/teiaeducation.ch\\\/de\\\/#website\"},\"primaryImageOfPage\":{\"@id\":\"https:\\\/\\\/teiaeducation.ch\\\/de\\\/produkt\\\/staender-fuer-die-hoehenmessung-nienhuis-montessori\\\/#primaryimage\"},\"image\":{\"@id\":\"https:\\\/\\\/teiaeducation.ch\\\/de\\\/produkt\\\/staender-fuer-die-hoehenmessung-nienhuis-montessori\\\/#primaryimage\"},\"thumbnailUrl\":\"https:\\\/\\\/teiaeducation.ch\\\/wp-content\\\/uploads\\\/2019\\\/05\\\/400_012600_main_or_1-scaled-scaled.jpg\",\"datePublished\":\"2018-12-01T19:30:40+00:00\",\"dateModified\":\"2023-12-19T12:05:31+00:00\",\"description\":\"Der Nienhuis Montessori St\u00e4nder f\u00fcr die H\u00f6henmessung wird f\u00fcr die Erkundung ebener geometrischer Formen und die Messung der H\u00f6he der konstruktiven Dreiecke verwendet.\",\"breadcrumb\":{\"@id\":\"https:\\\/\\\/teiaeducation.ch\\\/de\\\/produkt\\\/staender-fuer-die-hoehenmessung-nienhuis-montessori\\\/#breadcrumb\"},\"inLanguage\":\"de-CH\",\"potentialAction\":[{\"@type\":\"ReadAction\",\"target\":[\"https:\\\/\\\/teiaeducation.ch\\\/de\\\/produkt\\\/staender-fuer-die-hoehenmessung-nienhuis-montessori\\\/\"]}]},{\"@type\":\"ImageObject\",\"inLanguage\":\"de-CH\",\"@id\":\"https:\\\/\\\/teiaeducation.ch\\\/de\\\/produkt\\\/staender-fuer-die-hoehenmessung-nienhuis-montessori\\\/#primaryimage\",\"url\":\"https:\\\/\\\/teiaeducation.ch\\\/wp-content\\\/uploads\\\/2019\\\/05\\\/400_012600_main_or_1-scaled-scaled.jpg\",\"contentUrl\":\"https:\\\/\\\/teiaeducation.ch\\\/wp-content\\\/uploads\\\/2019\\\/05\\\/400_012600_main_or_1-scaled-scaled.jpg\",\"width\":2048,\"height\":2048,\"caption\":\"St\u00e4nder f\u00fcr die H\u00f6henmessung - Nienhuis Montessori\"},{\"@type\":\"BreadcrumbList\",\"@id\":\"https:\\\/\\\/teiaeducation.ch\\\/de\\\/produkt\\\/staender-fuer-die-hoehenmessung-nienhuis-montessori\\\/#breadcrumb\",\"itemListElement\":[{\"@type\":\"ListItem\",\"position\":1,\"name\":\"Home\",\"item\":\"https:\\\/\\\/teiaeducation.ch\\\/de\\\/\"},{\"@type\":\"ListItem\",\"position\":2,\"name\":\"Laden\",\"item\":\"https:\\\/\\\/teiaeducation.ch\\\/de\\\/shop\\\/\"},{\"@type\":\"ListItem\",\"position\":3,\"name\":\"Unsere Marken\",\"item\":\"https:\\\/\\\/teiaeducation.ch\\\/de\\\/produkt-kategorie\\\/unsere-marken\\\/\"},{\"@type\":\"ListItem\",\"position\":4,\"name\":\"Nienhuis Montessori Schweiz\",\"item\":\"https:\\\/\\\/teiaeducation.ch\\\/de\\\/produkt-kategorie\\\/unsere-marken\\\/nienhuis-montessori-schweiz\\\/\"},{\"@type\":\"ListItem\",\"position\":5,\"name\":\"Geometrie Material\",\"item\":\"https:\\\/\\\/teiaeducation.ch\\\/de\\\/produkt-kategorie\\\/unsere-marken\\\/nienhuis-montessori-schweiz\\\/geometrie-nienhuis-montessori\\\/\"},{\"@type\":\"ListItem\",\"position\":6,\"name\":\"St\u00e4nder f\u00fcr die H\u00f6henmessung &#8211; Nienhuis Montessori\"}]},{\"@type\":\"WebSite\",\"@id\":\"https:\\\/\\\/teiaeducation.ch\\\/de\\\/#website\",\"url\":\"https:\\\/\\\/teiaeducation.ch\\\/de\\\/\",\"name\":\"Sustainable Educational Products &amp; Ecological Toys\u00a0\",\"description\":\"Specialised Swiss shop selling sustainable educational toys and games, AMI certified Montessori materials, handmade ecological wooden Waldorf toys and arts &amp; crafts supplies, school supplies, children&#039;s furniture and Montessori reference and parenting books.\",\"publisher\":{\"@id\":\"https:\\\/\\\/teiaeducation.ch\\\/de\\\/#organization\"},\"alternateName\":\"Teia Education & Play\",\"potentialAction\":[{\"@type\":\"SearchAction\",\"target\":{\"@type\":\"EntryPoint\",\"urlTemplate\":\"https:\\\/\\\/teiaeducation.ch\\\/de\\\/?s={search_term_string}\"},\"query-input\":{\"@type\":\"PropertyValueSpecification\",\"valueRequired\":true,\"valueName\":\"search_term_string\"}}],\"inLanguage\":\"de-CH\"},{\"@type\":\"Organization\",\"@id\":\"https:\\\/\\\/teiaeducation.ch\\\/de\\\/#organization\",\"name\":\"Teia Education & Play\",\"url\":\"https:\\\/\\\/teiaeducation.ch\\\/de\\\/\",\"logo\":{\"@type\":\"ImageObject\",\"inLanguage\":\"de-CH\",\"@id\":\"https:\\\/\\\/teiaeducation.ch\\\/de\\\/#\\\/schema\\\/logo\\\/image\\\/\",\"url\":\"https:\\\/\\\/teiaeducation.ch\\\/wp-content\\\/uploads\\\/2020\\\/11\\\/Teia-Education-Switzerland-e1620156442216.jpg\",\"contentUrl\":\"https:\\\/\\\/teiaeducation.ch\\\/wp-content\\\/uploads\\\/2020\\\/11\\\/Teia-Education-Switzerland-e1620156442216.jpg\",\"width\":166,\"height\":145,\"caption\":\"Teia Education & Play\"},\"image\":{\"@id\":\"https:\\\/\\\/teiaeducation.ch\\\/de\\\/#\\\/schema\\\/logo\\\/image\\\/\"},\"sameAs\":[\"https:\\\/\\\/www.facebook.com\\\/teiaeducation\\\/\",\"https:\\\/\\\/x.com\\\/EducationTeia\",\"https:\\\/\\\/www.instagram.com\\\/teia.education\\\/\",\"https:\\\/\\\/www.linkedin.com\\\/company\\\/35501660\",\"https:\\\/\\\/www.pinterest.ch\\\/TeiaEducation\\\/\"]}]}<\/script>\n<meta property=\"product:price:amount\" content=\"78.00\" \/>\n<meta property=\"product:price:currency\" content=\"CHF\" \/>\n<meta property=\"og:availability\" content=\"backorder\" \/>\n<meta property=\"product:availability\" content=\"available for order\" \/>\n<meta property=\"product:retailer_item_id\" content=\"2c1ee2192ba9\" \/>\n<meta property=\"product:condition\" content=\"new\" \/>\n<!-- \/ Yoast SEO Premium plugin. -->","yoast_head_json":{"title":"St\u00e4nder f\u00fcr die H\u00f6henmessung - Nienhuis Montessori","description":"Der Nienhuis Montessori St\u00e4nder f\u00fcr die H\u00f6henmessung wird f\u00fcr die Erkundung ebener geometrischer Formen und die Messung der H\u00f6he der konstruktiven Dreiecke verwendet.","robots":{"index":"index","follow":"follow","max-snippet":"max-snippet:-1","max-image-preview":"max-image-preview:large","max-video-preview":"max-video-preview:-1"},"canonical":"https:\/\/teiaeducation.ch\/de\/produkt\/staender-fuer-die-hoehenmessung-nienhuis-montessori\/","og_locale":"de_DE","og_type":"article","og_title":"St\u00e4nder f\u00fcr die H\u00f6henmessung - Nienhuis Montessori","og_description":"Der Nienhuis Montessori St\u00e4nder f\u00fcr die H\u00f6henmessung wird f\u00fcr die Erkundung ebener geometrischer Formen und die Messung der H\u00f6he der konstruktiven Dreiecke verwendet.","og_url":"https:\/\/teiaeducation.ch\/de\/produkt\/staender-fuer-die-hoehenmessung-nienhuis-montessori\/","og_site_name":"Sustainable Educational Products &amp; Ecological Toys\u00a0","article_publisher":"https:\/\/www.facebook.com\/teiaeducation\/","article_modified_time":"2023-12-19T12:05:31+00:00","og_image":[{"width":2048,"height":2048,"url":"https:\/\/teiaeducation.ch\/wp-content\/uploads\/2019\/05\/400_012600_main_or_1-scaled-scaled.jpg","type":"image\/jpeg"}],"schema":{"@context":"https:\/\/schema.org","@graph":[{"@type":"WebPage","@id":"https:\/\/teiaeducation.ch\/de\/produkt\/staender-fuer-die-hoehenmessung-nienhuis-montessori\/","url":"https:\/\/teiaeducation.ch\/de\/produkt\/staender-fuer-die-hoehenmessung-nienhuis-montessori\/","name":"St\u00e4nder f\u00fcr die H\u00f6henmessung - Nienhuis Montessori","isPartOf":{"@id":"https:\/\/teiaeducation.ch\/de\/#website"},"primaryImageOfPage":{"@id":"https:\/\/teiaeducation.ch\/de\/produkt\/staender-fuer-die-hoehenmessung-nienhuis-montessori\/#primaryimage"},"image":{"@id":"https:\/\/teiaeducation.ch\/de\/produkt\/staender-fuer-die-hoehenmessung-nienhuis-montessori\/#primaryimage"},"thumbnailUrl":"https:\/\/teiaeducation.ch\/wp-content\/uploads\/2019\/05\/400_012600_main_or_1-scaled-scaled.jpg","datePublished":"2018-12-01T19:30:40+00:00","dateModified":"2023-12-19T12:05:31+00:00","description":"Der Nienhuis Montessori St\u00e4nder f\u00fcr die H\u00f6henmessung wird f\u00fcr die Erkundung ebener geometrischer Formen und die Messung der H\u00f6he der konstruktiven Dreiecke verwendet.","breadcrumb":{"@id":"https:\/\/teiaeducation.ch\/de\/produkt\/staender-fuer-die-hoehenmessung-nienhuis-montessori\/#breadcrumb"},"inLanguage":"de-CH","potentialAction":[{"@type":"ReadAction","target":["https:\/\/teiaeducation.ch\/de\/produkt\/staender-fuer-die-hoehenmessung-nienhuis-montessori\/"]}]},{"@type":"ImageObject","inLanguage":"de-CH","@id":"https:\/\/teiaeducation.ch\/de\/produkt\/staender-fuer-die-hoehenmessung-nienhuis-montessori\/#primaryimage","url":"https:\/\/teiaeducation.ch\/wp-content\/uploads\/2019\/05\/400_012600_main_or_1-scaled-scaled.jpg","contentUrl":"https:\/\/teiaeducation.ch\/wp-content\/uploads\/2019\/05\/400_012600_main_or_1-scaled-scaled.jpg","width":2048,"height":2048,"caption":"St\u00e4nder f\u00fcr die H\u00f6henmessung - Nienhuis Montessori"},{"@type":"BreadcrumbList","@id":"https:\/\/teiaeducation.ch\/de\/produkt\/staender-fuer-die-hoehenmessung-nienhuis-montessori\/#breadcrumb","itemListElement":[{"@type":"ListItem","position":1,"name":"Home","item":"https:\/\/teiaeducation.ch\/de\/"},{"@type":"ListItem","position":2,"name":"Laden","item":"https:\/\/teiaeducation.ch\/de\/shop\/"},{"@type":"ListItem","position":3,"name":"Unsere Marken","item":"https:\/\/teiaeducation.ch\/de\/produkt-kategorie\/unsere-marken\/"},{"@type":"ListItem","position":4,"name":"Nienhuis Montessori Schweiz","item":"https:\/\/teiaeducation.ch\/de\/produkt-kategorie\/unsere-marken\/nienhuis-montessori-schweiz\/"},{"@type":"ListItem","position":5,"name":"Geometrie Material","item":"https:\/\/teiaeducation.ch\/de\/produkt-kategorie\/unsere-marken\/nienhuis-montessori-schweiz\/geometrie-nienhuis-montessori\/"},{"@type":"ListItem","position":6,"name":"St\u00e4nder f\u00fcr die H\u00f6henmessung &#8211; Nienhuis Montessori"}]},{"@type":"WebSite","@id":"https:\/\/teiaeducation.ch\/de\/#website","url":"https:\/\/teiaeducation.ch\/de\/","name":"Sustainable Educational Products &amp; Ecological Toys\u00a0","description":"Specialised Swiss shop selling sustainable educational toys and games, AMI certified Montessori materials, handmade ecological wooden Waldorf toys and arts &amp; crafts supplies, school supplies, children&#039;s furniture and Montessori reference and parenting books.","publisher":{"@id":"https:\/\/teiaeducation.ch\/de\/#organization"},"alternateName":"Teia Education & Play","potentialAction":[{"@type":"SearchAction","target":{"@type":"EntryPoint","urlTemplate":"https:\/\/teiaeducation.ch\/de\/?s={search_term_string}"},"query-input":{"@type":"PropertyValueSpecification","valueRequired":true,"valueName":"search_term_string"}}],"inLanguage":"de-CH"},{"@type":"Organization","@id":"https:\/\/teiaeducation.ch\/de\/#organization","name":"Teia Education & Play","url":"https:\/\/teiaeducation.ch\/de\/","logo":{"@type":"ImageObject","inLanguage":"de-CH","@id":"https:\/\/teiaeducation.ch\/de\/#\/schema\/logo\/image\/","url":"https:\/\/teiaeducation.ch\/wp-content\/uploads\/2020\/11\/Teia-Education-Switzerland-e1620156442216.jpg","contentUrl":"https:\/\/teiaeducation.ch\/wp-content\/uploads\/2020\/11\/Teia-Education-Switzerland-e1620156442216.jpg","width":166,"height":145,"caption":"Teia Education & Play"},"image":{"@id":"https:\/\/teiaeducation.ch\/de\/#\/schema\/logo\/image\/"},"sameAs":["https:\/\/www.facebook.com\/teiaeducation\/","https:\/\/x.com\/EducationTeia","https:\/\/www.instagram.com\/teia.education\/","https:\/\/www.linkedin.com\/company\/35501660","https:\/\/www.pinterest.ch\/TeiaEducation\/"]}]},"product_price_amount":"78.00","product_price_currency":"CHF","og_availability":"backorder","product_availability":"available for order","product_retailer_item_id":"2c1ee2192ba9","product_condition":"new"},"_links":{"self":[{"href":"https:\/\/teiaeducation.ch\/de\/wp-json\/wp\/v2\/product\/58269","targetHints":{"allow":["GET"]}}],"collection":[{"href":"https:\/\/teiaeducation.ch\/de\/wp-json\/wp\/v2\/product"}],"about":[{"href":"https:\/\/teiaeducation.ch\/de\/wp-json\/wp\/v2\/types\/product"}],"replies":[{"embeddable":true,"href":"https:\/\/teiaeducation.ch\/de\/wp-json\/wp\/v2\/comments?post=58269"}],"wp:featuredmedia":[{"embeddable":true,"href":"https:\/\/teiaeducation.ch\/de\/wp-json\/wp\/v2\/media\/50738"}],"wp:attachment":[{"href":"https:\/\/teiaeducation.ch\/de\/wp-json\/wp\/v2\/media?parent=58269"}],"wp:term":[{"taxonomy":"product_brand","embeddable":true,"href":"https:\/\/teiaeducation.ch\/de\/wp-json\/wp\/v2\/product_brand?post=58269"},{"taxonomy":"product_cat","embeddable":true,"href":"https:\/\/teiaeducation.ch\/de\/wp-json\/wp\/v2\/product_cat?post=58269"},{"taxonomy":"product_tag","embeddable":true,"href":"https:\/\/teiaeducation.ch\/de\/wp-json\/wp\/v2\/product_tag?post=58269"}],"curies":[{"name":"wp","href":"https:\/\/api.w.org\/{rel}","templated":true}]}}