{"id":58279,"date":"2018-12-01T20:15:20","date_gmt":"2018-12-01T19:15:20","guid":{"rendered":"https:\/\/teiaeducation.ch\/product\/geometrische-karten-nienhuis-montessori\/"},"modified":"2024-07-29T14:53:41","modified_gmt":"2024-07-29T12:53:41","slug":"geometrische-karten-nienhuis-montessori","status":"publish","type":"product","link":"https:\/\/teiaeducation.ch\/de\/produkt\/geometrische-karten-nienhuis-montessori\/","title":{"rendered":"Geometrische Form Karten &#8211; Nienhuis Montessori"},"content":{"rendered":"<p>Das Nienhuis Montessori <a href=\"https:\/\/teiaeducation.ch\/product-category\/learning-themes\/mathematics-numeracy\/geometry-2\/\">Geometrische<\/a> Form Karten Set besteht aus drei Serien von 35 Karten, die den im <a href=\"https:\/\/teiaeducation.ch\/product\/the-geometric-cabinet-nienhuis-montessori\/\">Geometrischen Kabinett<\/a> enthaltenen ebenen Figuren entsprechen und f\u00fcr zus\u00e4tzliche \u00dcbungen mit dem Kabinett verwendet werden.<\/p>\n<p>Die Serie umfasst jeweils 7 solide, dick und d\u00fcnn gef\u00fctterte Plastikkarten. Eine <a href=\"https:\/\/teiaeducation.ch\/product\/leaf-cards-geometric-form-cards-box-nienhuis-montessori\/\">Holzkiste<\/a> und ein Holz<a href=\"https:\/\/teiaeducation.ch\/product\/geometric-form-cards-cabinet-nienhuis-montessori\/\">schrank<\/a> zur Aufbewahrung der Karten sind auch separat erh\u00e4ltlich.<\/p>\n<p>Die niederl\u00e4ndische Marke <a href=\"https:\/\/teiaeducation.ch\/product-category\/brands\/nienhuis-montessori-educational-materials\/\">Nienhuis Montessori<\/a> ist die weltweit f\u00fchrende Montessori Marke, die das Erbe von Maria Montessori ehrt und fortf\u00fchrt und das breiteste und innovativste Sortiment an Montessori-Materialien, <a href=\"https:\/\/teiaeducation.ch\/product-category\/classroom-essentials\/montessori-furniture\/\">M\u00f6beln<\/a> und verwandten Produkten herstellt. Die hochwertigen Nienhuis Montessori Produkte geben den Kindern die Werkzeuge, die sie brauchen, um Unabhangig und kritisch zu denken. Alle Nienhuis Montessori Materialien sind vom Materialkomitee der Association Montessori Internationale (<a href=\"https:\/\/montessori-ami.org\/\">AMI<\/a>) zertifiziert und werden sorgf\u00e4ltig hergestellt, um Schwierigkeiten zu isolieren, so dass die Kinder sich konzentrieren, lernen und sich entwickeln k\u00f6nnen.<\/p>\n<p>Nienhuis Montessori ist eine der Marken des Niederlandischen Unternehmens Heutink International, das weltweit die besten pedagogischen Marken anbietet, die auf spielerisches Lernen ausgerichtet sind.<\/p>\n<p>Dieses <a href=\"https:\/\/teiaeducation.ch\/product-category\/education-method\/the-montessori-pedagogy-materials-toys\/\">Montessori-Material<\/a> ist f\u00fcr Kinder ab 3 Jahren geeignet.<\/p>\n<p>Inhalt:<\/p>\n<p>35 Karten<\/p>\n<p><em>We currently do not have this item in stock, but it is available on pre-order. We will order this item for you from our supplier. Due to importation from the European Union to Switzerland please allow 2 to maximum 3 weeks for delivery. <\/em><\/p>\n\t<div id=\"gap-927290742\" class=\"gap-element clearfix\" style=\"display:block; height:auto;\">\n\t\t\n<style>\n#gap-927290742 {\n  padding-top: 20px;\n}\n<\/style>\n\t<\/div>\n\t\n","protected":false},"excerpt":{"rendered":"<p>Artikelnummer: 003900<\/p>\n<p>Die Nienhuis Montessori Geometrische Form Karten bestehen aus drei Serien von 35 Karten, die den ebenen Figuren des geometrischen Kabinetts entsprechen.<\/p>\n","protected":false},"featured_media":58280,"comment_status":"closed","ping_status":"closed","template":"","meta":[],"product_brand":[],"product_cat":[21445,21500,21524,21479,21571,21550,21544,21509,21499,21537,21498,21481,21443,21572,21494,21495,21557,21655,21564,21536],"product_tag":[23108,23120,23107,25992,22981,27324,23119,23109],"class_list":{"0":"post-58279","1":"product","2":"type-product","3":"status-publish","4":"has-post-thumbnail","6":"product_cat-3-6-jahre-vorschule","7":"product_cat-aktivitaetssets","8":"product_cat-alphabetisierung-sprache","9":"product_cat-lernmaterialien-spielzeug-montessori-waldorf-steiner-froebel","10":"product_cat-curriculum-erganzung-nienhuis-montessori","11":"product_cat-formen","12":"product_cat-geometrie-de","13":"product_cat-lernthemen","14":"product_cat-lernunterstuetzung","15":"product_cat-mathematik-rechnen","16":"product_cat-montessori-materialien-fuer-zuhause-schulbedarf-fuer-zuhause","17":"product_cat-montessori-paedagogik-material-spielzeug","18":"product_cat-nach-alter","19":"product_cat-nienhuis-montessori-schweiz","20":"product_cat-schulbedarf-fuer-zuhause","21":"product_cat-schulbedarf-fuer-zuhause-3-6-jahre","22":"product_cat-sensorische-motorische-fertigkeiten","23":"product_cat-sinnesmaterial-nienhuis-montessori","24":"product_cat-unsere-marken","25":"product_cat-wortschatz","26":"product_tag-montessori-kleinkind-3-6","27":"product_tag-montessori-material-schweiz","28":"product_tag-montessori-sinnesmaterial-de","29":"product_tag-nieinhuis-montessori-geometrische-kommode","30":"product_tag-nienhuis-montessori-de","31":"product_tag-nienhuis-montessori-geometrische-karten","32":"product_tag-nienhuis-montessori-schweiz-de","33":"product_tag-rosa-turm-montessori","35":"first","36":"onbackorder","37":"taxable","38":"shipping-taxable","39":"purchasable","40":"product-type-simple"},"yoast_head":"<!-- This site is optimized with the Yoast SEO plugin v27.1.1 - https:\/\/yoast.com\/product\/yoast-seo-wordpress\/ -->\n<title>Geometrische Form Karten - Nienhuis Montessori<\/title>\n<meta name=\"description\" content=\"Die Nienhuis Montessori Geometrische Form Karten bestehen aus drei Serien von 35 Karten, die den ebenen Figuren des geometrischen Kabinetts entsprechen.\" \/>\n<meta name=\"robots\" content=\"index, follow, max-snippet:-1, max-image-preview:large, max-video-preview:-1\" \/>\n<link rel=\"canonical\" href=\"https:\/\/teiaeducation.ch\/de\/produkt\/geometrische-karten-nienhuis-montessori\/\" \/>\n<meta property=\"og:locale\" content=\"de_DE\" \/>\n<meta property=\"og:type\" content=\"article\" \/>\n<meta property=\"og:title\" content=\"Geometrische Form Karten - Nienhuis Montessori\" \/>\n<meta property=\"og:description\" content=\"Die Nienhuis Montessori Geometrische Form Karten bestehen aus drei Serien von 35 Karten, die den ebenen Figuren des geometrischen Kabinetts entsprechen.\" \/>\n<meta property=\"og:url\" content=\"https:\/\/teiaeducation.ch\/de\/produkt\/geometrische-karten-nienhuis-montessori\/\" \/>\n<meta property=\"og:site_name\" content=\"Sustainable Educational Products &amp; Ecological Toys\u00a0\" \/>\n<meta property=\"article:publisher\" content=\"https:\/\/www.facebook.com\/teiaeducation\/\" \/>\n<meta property=\"article:modified_time\" content=\"2024-07-29T12:53:41+00:00\" \/>\n<meta property=\"og:image\" content=\"https:\/\/teiaeducation.ch\/wp-content\/uploads\/2019\/05\/400_003900_main_or_1-scaled-scaled.jpg\" \/>\n\t<meta property=\"og:image:width\" content=\"2048\" \/>\n\t<meta property=\"og:image:height\" content=\"2048\" \/>\n\t<meta property=\"og:image:type\" content=\"image\/jpeg\" \/>\n<script type=\"application\/ld+json\" class=\"yoast-schema-graph\">{\"@context\":\"https:\/\/schema.org\",\"@graph\":[{\"@type\":\"WebPage\",\"@id\":\"https:\/\/teiaeducation.ch\/de\/produkt\/geometrische-karten-nienhuis-montessori\/\",\"url\":\"https:\/\/teiaeducation.ch\/de\/produkt\/geometrische-karten-nienhuis-montessori\/\",\"name\":\"Geometrische Form Karten - Nienhuis Montessori\",\"isPartOf\":{\"@id\":\"https:\/\/teiaeducation.ch\/de\/#website\"},\"primaryImageOfPage\":{\"@id\":\"https:\/\/teiaeducation.ch\/de\/produkt\/geometrische-karten-nienhuis-montessori\/#primaryimage\"},\"image\":{\"@id\":\"https:\/\/teiaeducation.ch\/de\/produkt\/geometrische-karten-nienhuis-montessori\/#primaryimage\"},\"thumbnailUrl\":\"https:\/\/teiaeducation.ch\/wp-content\/uploads\/2019\/05\/400_003900_main_or_1-scaled-scaled.jpg\",\"datePublished\":\"2018-12-01T19:15:20+00:00\",\"dateModified\":\"2024-07-29T12:53:41+00:00\",\"description\":\"Die Nienhuis Montessori Geometrische Form Karten bestehen aus drei Serien von 35 Karten, die den ebenen Figuren des geometrischen Kabinetts entsprechen.\",\"breadcrumb\":{\"@id\":\"https:\/\/teiaeducation.ch\/de\/produkt\/geometrische-karten-nienhuis-montessori\/#breadcrumb\"},\"inLanguage\":\"de-CH\",\"potentialAction\":[{\"@type\":\"ReadAction\",\"target\":[\"https:\/\/teiaeducation.ch\/de\/produkt\/geometrische-karten-nienhuis-montessori\/\"]}]},{\"@type\":\"ImageObject\",\"inLanguage\":\"de-CH\",\"@id\":\"https:\/\/teiaeducation.ch\/de\/produkt\/geometrische-karten-nienhuis-montessori\/#primaryimage\",\"url\":\"https:\/\/teiaeducation.ch\/wp-content\/uploads\/2019\/05\/400_003900_main_or_1-scaled-scaled.jpg\",\"contentUrl\":\"https:\/\/teiaeducation.ch\/wp-content\/uploads\/2019\/05\/400_003900_main_or_1-scaled-scaled.jpg\",\"width\":2048,\"height\":2048,\"caption\":\"Geometrische Karten - Nienhuis Montessori\"},{\"@type\":\"BreadcrumbList\",\"@id\":\"https:\/\/teiaeducation.ch\/de\/produkt\/geometrische-karten-nienhuis-montessori\/#breadcrumb\",\"itemListElement\":[{\"@type\":\"ListItem\",\"position\":1,\"name\":\"Home\",\"item\":\"https:\/\/teiaeducation.ch\/de\/\"},{\"@type\":\"ListItem\",\"position\":2,\"name\":\"Laden\",\"item\":\"https:\/\/teiaeducation.ch\/de\/shop\/\"},{\"@type\":\"ListItem\",\"position\":3,\"name\":\"Unsere Marken\",\"item\":\"https:\/\/teiaeducation.ch\/de\/produkt-kategorie\/unsere-marken\/\"},{\"@type\":\"ListItem\",\"position\":4,\"name\":\"Nienhuis Montessori Schweiz\",\"item\":\"https:\/\/teiaeducation.ch\/de\/produkt-kategorie\/unsere-marken\/nienhuis-montessori-schweiz\/\"},{\"@type\":\"ListItem\",\"position\":5,\"name\":\"Sinnesmaterial\",\"item\":\"https:\/\/teiaeducation.ch\/de\/produkt-kategorie\/unsere-marken\/nienhuis-montessori-schweiz\/sinnesmaterial-nienhuis-montessori\/\"},{\"@type\":\"ListItem\",\"position\":6,\"name\":\"Geometrische Form Karten &#8211; Nienhuis Montessori\"}]},{\"@type\":\"WebSite\",\"@id\":\"https:\/\/teiaeducation.ch\/de\/#website\",\"url\":\"https:\/\/teiaeducation.ch\/de\/\",\"name\":\"Sustainable Educational Products &amp; Ecological Toys\u00a0\",\"description\":\"Specialised Swiss shop selling sustainable educational toys and games, AMI certified Montessori materials, handmade ecological wooden Waldorf toys and arts &amp; crafts supplies, school supplies, children&#039;s furniture and Montessori reference and parenting books.\",\"publisher\":{\"@id\":\"https:\/\/teiaeducation.ch\/de\/#organization\"},\"alternateName\":\"Teia Education & Play\",\"potentialAction\":[{\"@type\":\"SearchAction\",\"target\":{\"@type\":\"EntryPoint\",\"urlTemplate\":\"https:\/\/teiaeducation.ch\/de\/?s={search_term_string}\"},\"query-input\":{\"@type\":\"PropertyValueSpecification\",\"valueRequired\":true,\"valueName\":\"search_term_string\"}}],\"inLanguage\":\"de-CH\"},{\"@type\":\"Organization\",\"@id\":\"https:\/\/teiaeducation.ch\/de\/#organization\",\"name\":\"Teia Education & Play\",\"url\":\"https:\/\/teiaeducation.ch\/de\/\",\"logo\":{\"@type\":\"ImageObject\",\"inLanguage\":\"de-CH\",\"@id\":\"https:\/\/teiaeducation.ch\/de\/#\/schema\/logo\/image\/\",\"url\":\"https:\/\/teiaeducation.ch\/wp-content\/uploads\/2020\/11\/Teia-Education-Switzerland-e1620156442216.jpg\",\"contentUrl\":\"https:\/\/teiaeducation.ch\/wp-content\/uploads\/2020\/11\/Teia-Education-Switzerland-e1620156442216.jpg\",\"width\":166,\"height\":145,\"caption\":\"Teia Education & Play\"},\"image\":{\"@id\":\"https:\/\/teiaeducation.ch\/de\/#\/schema\/logo\/image\/\"},\"sameAs\":[\"https:\/\/www.facebook.com\/teiaeducation\/\",\"https:\/\/x.com\/EducationTeia\",\"https:\/\/www.instagram.com\/teia.education\/\",\"https:\/\/www.linkedin.com\/company\/35501660\",\"https:\/\/www.pinterest.ch\/TeiaEducation\/\"]}]}<\/script>\n<!-- \/ Yoast SEO plugin. -->","yoast_head_json":{"title":"Geometrische Form Karten - Nienhuis Montessori","description":"Die Nienhuis Montessori Geometrische Form Karten bestehen aus drei Serien von 35 Karten, die den ebenen Figuren des geometrischen Kabinetts entsprechen.","robots":{"index":"index","follow":"follow","max-snippet":"max-snippet:-1","max-image-preview":"max-image-preview:large","max-video-preview":"max-video-preview:-1"},"canonical":"https:\/\/teiaeducation.ch\/de\/produkt\/geometrische-karten-nienhuis-montessori\/","og_locale":"de_DE","og_type":"article","og_title":"Geometrische Form Karten - Nienhuis Montessori","og_description":"Die Nienhuis Montessori Geometrische Form Karten bestehen aus drei Serien von 35 Karten, die den ebenen Figuren des geometrischen Kabinetts entsprechen.","og_url":"https:\/\/teiaeducation.ch\/de\/produkt\/geometrische-karten-nienhuis-montessori\/","og_site_name":"Sustainable Educational Products &amp; Ecological Toys\u00a0","article_publisher":"https:\/\/www.facebook.com\/teiaeducation\/","article_modified_time":"2024-07-29T12:53:41+00:00","og_image":[{"width":2048,"height":2048,"url":"https:\/\/teiaeducation.ch\/wp-content\/uploads\/2019\/05\/400_003900_main_or_1-scaled-scaled.jpg","type":"image\/jpeg"}],"schema":{"@context":"https:\/\/schema.org","@graph":[{"@type":"WebPage","@id":"https:\/\/teiaeducation.ch\/de\/produkt\/geometrische-karten-nienhuis-montessori\/","url":"https:\/\/teiaeducation.ch\/de\/produkt\/geometrische-karten-nienhuis-montessori\/","name":"Geometrische Form Karten - Nienhuis Montessori","isPartOf":{"@id":"https:\/\/teiaeducation.ch\/de\/#website"},"primaryImageOfPage":{"@id":"https:\/\/teiaeducation.ch\/de\/produkt\/geometrische-karten-nienhuis-montessori\/#primaryimage"},"image":{"@id":"https:\/\/teiaeducation.ch\/de\/produkt\/geometrische-karten-nienhuis-montessori\/#primaryimage"},"thumbnailUrl":"https:\/\/teiaeducation.ch\/wp-content\/uploads\/2019\/05\/400_003900_main_or_1-scaled-scaled.jpg","datePublished":"2018-12-01T19:15:20+00:00","dateModified":"2024-07-29T12:53:41+00:00","description":"Die Nienhuis Montessori Geometrische Form Karten bestehen aus drei Serien von 35 Karten, die den ebenen Figuren des geometrischen Kabinetts entsprechen.","breadcrumb":{"@id":"https:\/\/teiaeducation.ch\/de\/produkt\/geometrische-karten-nienhuis-montessori\/#breadcrumb"},"inLanguage":"de-CH","potentialAction":[{"@type":"ReadAction","target":["https:\/\/teiaeducation.ch\/de\/produkt\/geometrische-karten-nienhuis-montessori\/"]}]},{"@type":"ImageObject","inLanguage":"de-CH","@id":"https:\/\/teiaeducation.ch\/de\/produkt\/geometrische-karten-nienhuis-montessori\/#primaryimage","url":"https:\/\/teiaeducation.ch\/wp-content\/uploads\/2019\/05\/400_003900_main_or_1-scaled-scaled.jpg","contentUrl":"https:\/\/teiaeducation.ch\/wp-content\/uploads\/2019\/05\/400_003900_main_or_1-scaled-scaled.jpg","width":2048,"height":2048,"caption":"Geometrische Karten - Nienhuis Montessori"},{"@type":"BreadcrumbList","@id":"https:\/\/teiaeducation.ch\/de\/produkt\/geometrische-karten-nienhuis-montessori\/#breadcrumb","itemListElement":[{"@type":"ListItem","position":1,"name":"Home","item":"https:\/\/teiaeducation.ch\/de\/"},{"@type":"ListItem","position":2,"name":"Laden","item":"https:\/\/teiaeducation.ch\/de\/shop\/"},{"@type":"ListItem","position":3,"name":"Unsere Marken","item":"https:\/\/teiaeducation.ch\/de\/produkt-kategorie\/unsere-marken\/"},{"@type":"ListItem","position":4,"name":"Nienhuis Montessori Schweiz","item":"https:\/\/teiaeducation.ch\/de\/produkt-kategorie\/unsere-marken\/nienhuis-montessori-schweiz\/"},{"@type":"ListItem","position":5,"name":"Sinnesmaterial","item":"https:\/\/teiaeducation.ch\/de\/produkt-kategorie\/unsere-marken\/nienhuis-montessori-schweiz\/sinnesmaterial-nienhuis-montessori\/"},{"@type":"ListItem","position":6,"name":"Geometrische Form Karten &#8211; Nienhuis Montessori"}]},{"@type":"WebSite","@id":"https:\/\/teiaeducation.ch\/de\/#website","url":"https:\/\/teiaeducation.ch\/de\/","name":"Sustainable Educational Products &amp; Ecological Toys\u00a0","description":"Specialised Swiss shop selling sustainable educational toys and games, AMI certified Montessori materials, handmade ecological wooden Waldorf toys and arts &amp; crafts supplies, school supplies, children&#039;s furniture and Montessori reference and parenting books.","publisher":{"@id":"https:\/\/teiaeducation.ch\/de\/#organization"},"alternateName":"Teia Education & Play","potentialAction":[{"@type":"SearchAction","target":{"@type":"EntryPoint","urlTemplate":"https:\/\/teiaeducation.ch\/de\/?s={search_term_string}"},"query-input":{"@type":"PropertyValueSpecification","valueRequired":true,"valueName":"search_term_string"}}],"inLanguage":"de-CH"},{"@type":"Organization","@id":"https:\/\/teiaeducation.ch\/de\/#organization","name":"Teia Education & Play","url":"https:\/\/teiaeducation.ch\/de\/","logo":{"@type":"ImageObject","inLanguage":"de-CH","@id":"https:\/\/teiaeducation.ch\/de\/#\/schema\/logo\/image\/","url":"https:\/\/teiaeducation.ch\/wp-content\/uploads\/2020\/11\/Teia-Education-Switzerland-e1620156442216.jpg","contentUrl":"https:\/\/teiaeducation.ch\/wp-content\/uploads\/2020\/11\/Teia-Education-Switzerland-e1620156442216.jpg","width":166,"height":145,"caption":"Teia Education & Play"},"image":{"@id":"https:\/\/teiaeducation.ch\/de\/#\/schema\/logo\/image\/"},"sameAs":["https:\/\/www.facebook.com\/teiaeducation\/","https:\/\/x.com\/EducationTeia","https:\/\/www.instagram.com\/teia.education\/","https:\/\/www.linkedin.com\/company\/35501660","https:\/\/www.pinterest.ch\/TeiaEducation\/"]}]}},"_links":{"self":[{"href":"https:\/\/teiaeducation.ch\/de\/wp-json\/wp\/v2\/product\/58279","targetHints":{"allow":["GET"]}}],"collection":[{"href":"https:\/\/teiaeducation.ch\/de\/wp-json\/wp\/v2\/product"}],"about":[{"href":"https:\/\/teiaeducation.ch\/de\/wp-json\/wp\/v2\/types\/product"}],"replies":[{"embeddable":true,"href":"https:\/\/teiaeducation.ch\/de\/wp-json\/wp\/v2\/comments?post=58279"}],"wp:featuredmedia":[{"embeddable":true,"href":"https:\/\/teiaeducation.ch\/de\/wp-json\/wp\/v2\/media\/58280"}],"wp:attachment":[{"href":"https:\/\/teiaeducation.ch\/de\/wp-json\/wp\/v2\/media?parent=58279"}],"wp:term":[{"taxonomy":"product_brand","embeddable":true,"href":"https:\/\/teiaeducation.ch\/de\/wp-json\/wp\/v2\/product_brand?post=58279"},{"taxonomy":"product_cat","embeddable":true,"href":"https:\/\/teiaeducation.ch\/de\/wp-json\/wp\/v2\/product_cat?post=58279"},{"taxonomy":"product_tag","embeddable":true,"href":"https:\/\/teiaeducation.ch\/de\/wp-json\/wp\/v2\/product_tag?post=58279"}],"curies":[{"name":"wp","href":"https:\/\/api.w.org\/{rel}","templated":true}]}}