{"id":58283,"date":"2023-12-18T13:49:15","date_gmt":"2023-12-18T12:49:15","guid":{"rendered":"https:\/\/teiaeducation.ch\/product\/sortiment-frischer-limonade-aus-holz-erzi\/"},"modified":"2026-02-16T10:32:19","modified_gmt":"2026-02-16T09:32:19","slug":"sortiment-frischer-limonade-aus-holz-erzi","status":"publish","type":"product","link":"https:\/\/teiaeducation.ch\/de\/produkt\/sortiment-frischer-limonade-aus-holz-erzi\/","title":{"rendered":"Sortiment frischer Limonade aus Holz &#8211; Erzi"},"content":{"rendered":"<p>Dieses h\u00fcbsche Sortiment frischer Limonade aus Holz von Erzi bietet realistisches <a href=\"https:\/\/teiaeducation.ch\/product-category\/play\/realistic-wooden-play-food\/\">Spiellebensmittel<\/a> aus Holz von h\u00f6chster Qualit\u00e4t &#8211; mit klassischem, vom Sommer inspiriertem Spielessen!<\/p>\n<p>Es gibt 40 Teile zum Spielen, darunter 4 Becher, 4 Trinkhalme, 4 Himbeeren, 4 halbe Orangenscheiben, 4 halbe Ananasscheiben, 8 Blaubeeren, 8 Eisw\u00fcrfel und 4 Minzbl\u00e4tter.<\/p>\n<p>Wer mag Himbeeren und Ananas? Oder doch lieber Orangen mit Minze? Oder gaaanz viele Blaubeeren? F\u00fcr hei\u00dfe Sommertage gibt es in dieser Sortierung nat\u00fcrlich auch genug Eisw\u00fcrfel, die Strohhalme sind nachhaltig &#8211; und auch die Becher sind plastikfrei. Gute Entscheidung!<\/p>\n<p>Dieses Limonade-Set eignet sich perfekt f\u00fcr das <a href=\"https:\/\/teiaeducation.ch\/product-category\/play\/imaginative-role-play\/\">Rollenspiel<\/a> im Spielwarenladen, im Caf\u00e9 oder in der K\u00fcche Ihres Kindes!<\/p>\n<p>In Deutschland aus Buchenholz hergestellt und mit sicherem, ungiftigem Lack auf Wasserbasis lackiert, ist das Erzi Limonade Sortiment f\u00fcr Kinder ab 3 Jahren geeignet.<\/p>\n<p>Inhalt:<\/p>\n<p>40 Holzteile<\/p>\n<p>Achtung. Nicht f\u00fcr Kinder unter 36 Monaten geeignet.<br \/>\nErstickungsgefahr.<br \/>\nKleine Teile und kleine Kugeln.<\/p>\n<h2>\u00dcber Erzi<\/h2>\n<p>Das umfangreiche Erzi-Sortiment tr\u00e4gt das unverwechselbare G\u00fctesiegel &#8220;made in Germany&#8221;, denn es stammt aus dem Erzgebirge.<\/p>\n<p><a href=\"https:\/\/teiaeducation.ch\/product-category\/brands\/erzi\/\">Erzi<\/a> verwendet f\u00fcr die Herstellung seiner Spielzeuge Holz aus der Region, das mit dem <a href=\"https:\/\/fsc.org\/en\">FSC<\/a>-Siegel (Forest Stewardship Council) zertifiziert und verbessert wurde. Alle Oberfl\u00e4chenbehandlungen wie Farben und Lacke auf Wasserbasis sind ungiftig und jedes Erzi Produkt entspricht den h\u00f6chsten Sicherheitsstandards f\u00fcr Spielzeug. Die hochwertigen <a href=\"https:\/\/teiaeducation.ch\/product-category\/hgh-quality-toys-play\/handmade-wooden-toys\/\">Holzspielzeuge<\/a> und <a href=\"https:\/\/teiaeducation.ch\/product-category\/learning-themes\/\">Lernprodukte<\/a> von Erzi zeichnen sich durch eine gro\u00dfe Vielfalt an nat\u00fcrlichen <a href=\"https:\/\/teiaeducation.ch\/product-category\/learning-themes\/mathematics-numeracy\/shapes\/\">Formen<\/a> und <a href=\"https:\/\/teiaeducation.ch\/product-category\/learning-themes\/sensory-motor-skills\/learning-about-colour\/\">Farben<\/a> aus und sind langlebig und nachhaltig.<\/p>\n","protected":false},"excerpt":{"rendered":"<p>Artikelnummer: 28147<\/p>\n<p>Das frischer Limonade Sortiment von Erzi bietet realistische, klassische, sommerliche Spiellebensmittel aus Holz in h\u00f6chster Qualit\u00e4t. Nachhaltig hergestellt in Deutschland.<\/p>\n","protected":false},"featured_media":58240,"comment_status":"open","ping_status":"closed","template":"","meta":[],"product_brand":[],"product_cat":[21445,21446,21622,21488,21484,21623,21443,21563,21687,21693,22362,23636,21678,21564],"product_tag":[27329,27326,27331,27330,27328,27334,27327,27333,27332,25203],"class_list":{"0":"post-58283","1":"product","2":"type-product","3":"status-publish","4":"has-post-thumbnail","6":"product_cat-3-6-jahre-vorschule","7":"product_cat-6-12-jahre-grundschule","8":"product_cat-erzi-klassisches-holzspielzeug-de","9":"product_cat-geschenk-guide-6-12-jahre-grundschule","10":"product_cat-geschenk-guides","11":"product_cat-lebensmittelladen-kuechen-zubehoer","12":"product_cat-nach-alter","13":"product_cat-neuheiten","14":"product_cat-phantasievoll-rollenspiel","15":"product_cat-realistisches-lebensmittel-aus-holz","16":"product_cat-saisonale-kollektionen","17":"product_cat-sommer-kollektion","18":"product_cat-kinder-spielzeug","19":"product_cat-unsere-marken","20":"product_tag-eislutscher-aus-holz-erzi","21":"product_tag-erzi-lebensmittel-aus-holz","22":"product_tag-erzi-spielzeug-limonade","23":"product_tag-holzspielzeug-eiscreme","24":"product_tag-lebensmittel-aud-holz-erzi","25":"product_tag-limonade-aus-holz-spielen-lebensmittel","26":"product_tag-realistisches-lebensmittel-zum-spielen-aus-holz","27":"product_tag-sortiment-frischer-limonade-aus-holz-erzi","28":"product_tag-sortiment-frischer-limonade-erzi","29":"product_tag-spielzeug-made-in-germany","31":"first","32":"instock","33":"taxable","34":"shipping-taxable","35":"purchasable","36":"product-type-simple"},"yoast_head":"<!-- This site is optimized with the Yoast SEO plugin v27.1.1 - https:\/\/yoast.com\/product\/yoast-seo-wordpress\/ -->\n<title>Sortiment frischer Limonade aus Holz - Erzi<\/title>\n<meta name=\"description\" content=\"Das frischer Limonade Sortiment von Erzi bietet realistische, klassische, sommerliche Spiellebensmittel aus Holz in h\u00f6chster Qualit\u00e4t.\" \/>\n<meta name=\"robots\" content=\"index, follow, max-snippet:-1, max-image-preview:large, max-video-preview:-1\" \/>\n<link rel=\"canonical\" href=\"https:\/\/teiaeducation.ch\/de\/produkt\/sortiment-frischer-limonade-aus-holz-erzi\/\" \/>\n<meta property=\"og:locale\" content=\"de_DE\" \/>\n<meta property=\"og:type\" content=\"article\" \/>\n<meta property=\"og:title\" content=\"Sortiment frischer Limonade aus Holz - Erzi\" \/>\n<meta property=\"og:description\" content=\"Das frischer Limonade Sortiment von Erzi bietet realistische, klassische, sommerliche Spiellebensmittel aus Holz in h\u00f6chster Qualit\u00e4t.\" \/>\n<meta property=\"og:url\" content=\"https:\/\/teiaeducation.ch\/de\/produkt\/sortiment-frischer-limonade-aus-holz-erzi\/\" \/>\n<meta property=\"og:site_name\" content=\"Sustainable Educational Products &amp; Ecological Toys\u00a0\" \/>\n<meta property=\"article:publisher\" content=\"https:\/\/www.facebook.com\/teiaeducation\/\" \/>\n<meta property=\"article:modified_time\" content=\"2026-02-16T09:32:19+00:00\" \/>\n<meta property=\"og:image\" content=\"https:\/\/teiaeducation.ch\/wp-content\/uploads\/2023\/12\/Wooden-fresh-lemonade-Erzi-summer-inspired-play-food-.jpg\" \/>\n\t<meta property=\"og:image:width\" content=\"1000\" \/>\n\t<meta property=\"og:image:height\" content=\"1000\" \/>\n\t<meta property=\"og:image:type\" content=\"image\/jpeg\" \/>\n<script type=\"application\/ld+json\" class=\"yoast-schema-graph\">{\"@context\":\"https:\/\/schema.org\",\"@graph\":[{\"@type\":\"WebPage\",\"@id\":\"https:\/\/teiaeducation.ch\/de\/produkt\/sortiment-frischer-limonade-aus-holz-erzi\/\",\"url\":\"https:\/\/teiaeducation.ch\/de\/produkt\/sortiment-frischer-limonade-aus-holz-erzi\/\",\"name\":\"Sortiment frischer Limonade aus Holz - Erzi\",\"isPartOf\":{\"@id\":\"https:\/\/teiaeducation.ch\/de\/#website\"},\"primaryImageOfPage\":{\"@id\":\"https:\/\/teiaeducation.ch\/de\/produkt\/sortiment-frischer-limonade-aus-holz-erzi\/#primaryimage\"},\"image\":{\"@id\":\"https:\/\/teiaeducation.ch\/de\/produkt\/sortiment-frischer-limonade-aus-holz-erzi\/#primaryimage\"},\"thumbnailUrl\":\"https:\/\/teiaeducation.ch\/wp-content\/uploads\/2023\/12\/Wooden-fresh-lemonade-Erzi-summer-inspired-play-food-.jpg\",\"datePublished\":\"2023-12-18T12:49:15+00:00\",\"dateModified\":\"2026-02-16T09:32:19+00:00\",\"description\":\"Das frischer Limonade Sortiment von Erzi bietet realistische, klassische, sommerliche Spiellebensmittel aus Holz in h\u00f6chster Qualit\u00e4t.\",\"breadcrumb\":{\"@id\":\"https:\/\/teiaeducation.ch\/de\/produkt\/sortiment-frischer-limonade-aus-holz-erzi\/#breadcrumb\"},\"inLanguage\":\"de-CH\",\"potentialAction\":[{\"@type\":\"ReadAction\",\"target\":[\"https:\/\/teiaeducation.ch\/de\/produkt\/sortiment-frischer-limonade-aus-holz-erzi\/\"]}]},{\"@type\":\"ImageObject\",\"inLanguage\":\"de-CH\",\"@id\":\"https:\/\/teiaeducation.ch\/de\/produkt\/sortiment-frischer-limonade-aus-holz-erzi\/#primaryimage\",\"url\":\"https:\/\/teiaeducation.ch\/wp-content\/uploads\/2023\/12\/Wooden-fresh-lemonade-Erzi-summer-inspired-play-food-.jpg\",\"contentUrl\":\"https:\/\/teiaeducation.ch\/wp-content\/uploads\/2023\/12\/Wooden-fresh-lemonade-Erzi-summer-inspired-play-food-.jpg\",\"width\":1000,\"height\":1000,\"caption\":\"Sortiment frischer Limonade aus Holz Erzi sommerlich inspiriertes Lebensmittel zum spielen\"},{\"@type\":\"BreadcrumbList\",\"@id\":\"https:\/\/teiaeducation.ch\/de\/produkt\/sortiment-frischer-limonade-aus-holz-erzi\/#breadcrumb\",\"itemListElement\":[{\"@type\":\"ListItem\",\"position\":1,\"name\":\"Home\",\"item\":\"https:\/\/teiaeducation.ch\/de\/\"},{\"@type\":\"ListItem\",\"position\":2,\"name\":\"Laden\",\"item\":\"https:\/\/teiaeducation.ch\/de\/shop\/\"},{\"@type\":\"ListItem\",\"position\":3,\"name\":\"Unsere Marken\",\"item\":\"https:\/\/teiaeducation.ch\/de\/produkt-kategorie\/unsere-marken\/\"},{\"@type\":\"ListItem\",\"position\":4,\"name\":\"Erzi\",\"item\":\"https:\/\/teiaeducation.ch\/de\/produkt-kategorie\/unsere-marken\/erzi-klassisches-holzspielzeug-de\/\"},{\"@type\":\"ListItem\",\"position\":5,\"name\":\"Lebensmittelladen, K\u00fcchen &amp; Zubeh\u00f6r\",\"item\":\"https:\/\/teiaeducation.ch\/de\/produkt-kategorie\/unsere-marken\/erzi-klassisches-holzspielzeug-de\/lebensmittelladen-kuechen-zubehoer\/\"},{\"@type\":\"ListItem\",\"position\":6,\"name\":\"Sortiment frischer Limonade aus Holz &#8211; Erzi\"}]},{\"@type\":\"WebSite\",\"@id\":\"https:\/\/teiaeducation.ch\/de\/#website\",\"url\":\"https:\/\/teiaeducation.ch\/de\/\",\"name\":\"Sustainable Educational Products &amp; Ecological Toys\u00a0\",\"description\":\"Specialised Swiss shop selling sustainable educational toys and games, AMI certified Montessori materials, handmade ecological wooden Waldorf toys and arts &amp; crafts supplies, school supplies, children&#039;s furniture and Montessori reference and parenting books.\",\"publisher\":{\"@id\":\"https:\/\/teiaeducation.ch\/de\/#organization\"},\"alternateName\":\"Teia Education & Play\",\"potentialAction\":[{\"@type\":\"SearchAction\",\"target\":{\"@type\":\"EntryPoint\",\"urlTemplate\":\"https:\/\/teiaeducation.ch\/de\/?s={search_term_string}\"},\"query-input\":{\"@type\":\"PropertyValueSpecification\",\"valueRequired\":true,\"valueName\":\"search_term_string\"}}],\"inLanguage\":\"de-CH\"},{\"@type\":\"Organization\",\"@id\":\"https:\/\/teiaeducation.ch\/de\/#organization\",\"name\":\"Teia Education & Play\",\"url\":\"https:\/\/teiaeducation.ch\/de\/\",\"logo\":{\"@type\":\"ImageObject\",\"inLanguage\":\"de-CH\",\"@id\":\"https:\/\/teiaeducation.ch\/de\/#\/schema\/logo\/image\/\",\"url\":\"https:\/\/teiaeducation.ch\/wp-content\/uploads\/2020\/11\/Teia-Education-Switzerland-e1620156442216.jpg\",\"contentUrl\":\"https:\/\/teiaeducation.ch\/wp-content\/uploads\/2020\/11\/Teia-Education-Switzerland-e1620156442216.jpg\",\"width\":166,\"height\":145,\"caption\":\"Teia Education & Play\"},\"image\":{\"@id\":\"https:\/\/teiaeducation.ch\/de\/#\/schema\/logo\/image\/\"},\"sameAs\":[\"https:\/\/www.facebook.com\/teiaeducation\/\",\"https:\/\/x.com\/EducationTeia\",\"https:\/\/www.instagram.com\/teia.education\/\",\"https:\/\/www.linkedin.com\/company\/35501660\",\"https:\/\/www.pinterest.ch\/TeiaEducation\/\"]}]}<\/script>\n<!-- \/ Yoast SEO plugin. -->","yoast_head_json":{"title":"Sortiment frischer Limonade aus Holz - Erzi","description":"Das frischer Limonade Sortiment von Erzi bietet realistische, klassische, sommerliche Spiellebensmittel aus Holz in h\u00f6chster Qualit\u00e4t.","robots":{"index":"index","follow":"follow","max-snippet":"max-snippet:-1","max-image-preview":"max-image-preview:large","max-video-preview":"max-video-preview:-1"},"canonical":"https:\/\/teiaeducation.ch\/de\/produkt\/sortiment-frischer-limonade-aus-holz-erzi\/","og_locale":"de_DE","og_type":"article","og_title":"Sortiment frischer Limonade aus Holz - Erzi","og_description":"Das frischer Limonade Sortiment von Erzi bietet realistische, klassische, sommerliche Spiellebensmittel aus Holz in h\u00f6chster Qualit\u00e4t.","og_url":"https:\/\/teiaeducation.ch\/de\/produkt\/sortiment-frischer-limonade-aus-holz-erzi\/","og_site_name":"Sustainable Educational Products &amp; Ecological Toys\u00a0","article_publisher":"https:\/\/www.facebook.com\/teiaeducation\/","article_modified_time":"2026-02-16T09:32:19+00:00","og_image":[{"width":1000,"height":1000,"url":"https:\/\/teiaeducation.ch\/wp-content\/uploads\/2023\/12\/Wooden-fresh-lemonade-Erzi-summer-inspired-play-food-.jpg","type":"image\/jpeg"}],"schema":{"@context":"https:\/\/schema.org","@graph":[{"@type":"WebPage","@id":"https:\/\/teiaeducation.ch\/de\/produkt\/sortiment-frischer-limonade-aus-holz-erzi\/","url":"https:\/\/teiaeducation.ch\/de\/produkt\/sortiment-frischer-limonade-aus-holz-erzi\/","name":"Sortiment frischer Limonade aus Holz - Erzi","isPartOf":{"@id":"https:\/\/teiaeducation.ch\/de\/#website"},"primaryImageOfPage":{"@id":"https:\/\/teiaeducation.ch\/de\/produkt\/sortiment-frischer-limonade-aus-holz-erzi\/#primaryimage"},"image":{"@id":"https:\/\/teiaeducation.ch\/de\/produkt\/sortiment-frischer-limonade-aus-holz-erzi\/#primaryimage"},"thumbnailUrl":"https:\/\/teiaeducation.ch\/wp-content\/uploads\/2023\/12\/Wooden-fresh-lemonade-Erzi-summer-inspired-play-food-.jpg","datePublished":"2023-12-18T12:49:15+00:00","dateModified":"2026-02-16T09:32:19+00:00","description":"Das frischer Limonade Sortiment von Erzi bietet realistische, klassische, sommerliche Spiellebensmittel aus Holz in h\u00f6chster Qualit\u00e4t.","breadcrumb":{"@id":"https:\/\/teiaeducation.ch\/de\/produkt\/sortiment-frischer-limonade-aus-holz-erzi\/#breadcrumb"},"inLanguage":"de-CH","potentialAction":[{"@type":"ReadAction","target":["https:\/\/teiaeducation.ch\/de\/produkt\/sortiment-frischer-limonade-aus-holz-erzi\/"]}]},{"@type":"ImageObject","inLanguage":"de-CH","@id":"https:\/\/teiaeducation.ch\/de\/produkt\/sortiment-frischer-limonade-aus-holz-erzi\/#primaryimage","url":"https:\/\/teiaeducation.ch\/wp-content\/uploads\/2023\/12\/Wooden-fresh-lemonade-Erzi-summer-inspired-play-food-.jpg","contentUrl":"https:\/\/teiaeducation.ch\/wp-content\/uploads\/2023\/12\/Wooden-fresh-lemonade-Erzi-summer-inspired-play-food-.jpg","width":1000,"height":1000,"caption":"Sortiment frischer Limonade aus Holz Erzi sommerlich inspiriertes Lebensmittel zum spielen"},{"@type":"BreadcrumbList","@id":"https:\/\/teiaeducation.ch\/de\/produkt\/sortiment-frischer-limonade-aus-holz-erzi\/#breadcrumb","itemListElement":[{"@type":"ListItem","position":1,"name":"Home","item":"https:\/\/teiaeducation.ch\/de\/"},{"@type":"ListItem","position":2,"name":"Laden","item":"https:\/\/teiaeducation.ch\/de\/shop\/"},{"@type":"ListItem","position":3,"name":"Unsere Marken","item":"https:\/\/teiaeducation.ch\/de\/produkt-kategorie\/unsere-marken\/"},{"@type":"ListItem","position":4,"name":"Erzi","item":"https:\/\/teiaeducation.ch\/de\/produkt-kategorie\/unsere-marken\/erzi-klassisches-holzspielzeug-de\/"},{"@type":"ListItem","position":5,"name":"Lebensmittelladen, K\u00fcchen &amp; Zubeh\u00f6r","item":"https:\/\/teiaeducation.ch\/de\/produkt-kategorie\/unsere-marken\/erzi-klassisches-holzspielzeug-de\/lebensmittelladen-kuechen-zubehoer\/"},{"@type":"ListItem","position":6,"name":"Sortiment frischer Limonade aus Holz &#8211; Erzi"}]},{"@type":"WebSite","@id":"https:\/\/teiaeducation.ch\/de\/#website","url":"https:\/\/teiaeducation.ch\/de\/","name":"Sustainable Educational Products &amp; Ecological Toys\u00a0","description":"Specialised Swiss shop selling sustainable educational toys and games, AMI certified Montessori materials, handmade ecological wooden Waldorf toys and arts &amp; crafts supplies, school supplies, children&#039;s furniture and Montessori reference and parenting books.","publisher":{"@id":"https:\/\/teiaeducation.ch\/de\/#organization"},"alternateName":"Teia Education & Play","potentialAction":[{"@type":"SearchAction","target":{"@type":"EntryPoint","urlTemplate":"https:\/\/teiaeducation.ch\/de\/?s={search_term_string}"},"query-input":{"@type":"PropertyValueSpecification","valueRequired":true,"valueName":"search_term_string"}}],"inLanguage":"de-CH"},{"@type":"Organization","@id":"https:\/\/teiaeducation.ch\/de\/#organization","name":"Teia Education & Play","url":"https:\/\/teiaeducation.ch\/de\/","logo":{"@type":"ImageObject","inLanguage":"de-CH","@id":"https:\/\/teiaeducation.ch\/de\/#\/schema\/logo\/image\/","url":"https:\/\/teiaeducation.ch\/wp-content\/uploads\/2020\/11\/Teia-Education-Switzerland-e1620156442216.jpg","contentUrl":"https:\/\/teiaeducation.ch\/wp-content\/uploads\/2020\/11\/Teia-Education-Switzerland-e1620156442216.jpg","width":166,"height":145,"caption":"Teia Education & Play"},"image":{"@id":"https:\/\/teiaeducation.ch\/de\/#\/schema\/logo\/image\/"},"sameAs":["https:\/\/www.facebook.com\/teiaeducation\/","https:\/\/x.com\/EducationTeia","https:\/\/www.instagram.com\/teia.education\/","https:\/\/www.linkedin.com\/company\/35501660","https:\/\/www.pinterest.ch\/TeiaEducation\/"]}]}},"_links":{"self":[{"href":"https:\/\/teiaeducation.ch\/de\/wp-json\/wp\/v2\/product\/58283","targetHints":{"allow":["GET"]}}],"collection":[{"href":"https:\/\/teiaeducation.ch\/de\/wp-json\/wp\/v2\/product"}],"about":[{"href":"https:\/\/teiaeducation.ch\/de\/wp-json\/wp\/v2\/types\/product"}],"replies":[{"embeddable":true,"href":"https:\/\/teiaeducation.ch\/de\/wp-json\/wp\/v2\/comments?post=58283"}],"wp:featuredmedia":[{"embeddable":true,"href":"https:\/\/teiaeducation.ch\/de\/wp-json\/wp\/v2\/media\/58240"}],"wp:attachment":[{"href":"https:\/\/teiaeducation.ch\/de\/wp-json\/wp\/v2\/media?parent=58283"}],"wp:term":[{"taxonomy":"product_brand","embeddable":true,"href":"https:\/\/teiaeducation.ch\/de\/wp-json\/wp\/v2\/product_brand?post=58283"},{"taxonomy":"product_cat","embeddable":true,"href":"https:\/\/teiaeducation.ch\/de\/wp-json\/wp\/v2\/product_cat?post=58283"},{"taxonomy":"product_tag","embeddable":true,"href":"https:\/\/teiaeducation.ch\/de\/wp-json\/wp\/v2\/product_tag?post=58283"}],"curies":[{"name":"wp","href":"https:\/\/api.w.org\/{rel}","templated":true}]}}