{"id":58318,"date":"2018-12-01T19:57:10","date_gmt":"2018-12-01T18:57:10","guid":{"rendered":"https:\/\/teiaeducation.ch\/product\/roemische-bruecke-nienhuis-montessori\/"},"modified":"2023-12-22T11:00:03","modified_gmt":"2023-12-22T10:00:03","slug":"roemische-bruecke-nienhuis-montessori","status":"publish","type":"product","link":"https:\/\/teiaeducation.ch\/de\/produkt\/roemische-bruecke-nienhuis-montessori\/","title":{"rendered":"R\u00f6mische Br\u00fccke &#8211; Nienhuis Montessori"},"content":{"rendered":"<p>Die Nienhuis Montessori R\u00f6mische Br\u00fccke aus der Reihe der <a href=\"https:\/\/teiaeducation.ch\/product-category\/brands\/nienhuis-montessori\/sensorial\/\">Sinnes<\/a>materialien ist eine raffinierte Umsetzung eines klassischen Designs und besteht vollst\u00e4ndig aus Buchenholz.<\/p>\n<p>Das Prinzip des Bogens kann durch das Bauen mit den Holz<a href=\"https:\/\/teiaeducation.ch\/product-category\/play\/wooden-building-blocks\/\">kl\u00f6tzen<\/a> erfahren werden. Der Schl\u00fcssel zum Geheimnis des Bogens ist der mittlere der neun Bl\u00f6cke: der Schlussstein. Die Arbeit mit dem Bogen erm\u00f6glicht es den Kindern, das <a href=\"https:\/\/teiaeducation.ch\/product-category\/learning-themes\/culture-science\/science\/\">wissenschaftliche<\/a> Prinzip des Schlusssteins und seine Funktion bei der St\u00fctzung eines Bogens zu entdecken. Wenn der Schlussstein entfernt wird, st\u00fcrzt der Bogen ein.<\/p>\n<p>Die niederl\u00e4ndische Marke <a href=\"https:\/\/teiaeducation.ch\/product-category\/brands\/nienhuis-montessori-educational-materials\/\">Nienhuis Montessori<\/a> ist die weltweit f\u00fchrende Montessori Marke, die das Erbe von Maria Montessori ehrt und fortf\u00fchrt und das breiteste und innovativste Sortiment an Montessori-Materialien, <a href=\"https:\/\/teiaeducation.ch\/product-category\/classroom-essentials\/montessori-furniture\/\">M\u00f6beln<\/a> und verwandten Produkten herstellt. Die hochwertigen Nienhuis Montessori Produkte geben den Kindern die Werkzeuge, die sie brauchen, um Unabhangig und kritisch zu denken. Alle Nienhuis Montessori Materialien sind vom Materialkomitee der Association Montessori Internationale (<a href=\"https:\/\/montessori-ami.org\/\">AMI<\/a>) zertifiziert und werden sorgf\u00e4ltig hergestellt, um Schwierigkeiten zu isolieren, so dass die Kinder sich konzentrieren, lernen und sich entwickeln k\u00f6nnen.<\/p>\n<p>Nienhuis Montessori ist eine der Marken des Niederlandischen Unternehmens Heutink International, das weltweit die besten pedagogischen Marken anbietet, die auf spielerisches Lernen ausgerichtet sind.<\/p>\n<p>Dieses <a href=\"https:\/\/teiaeducation.ch\/product-category\/education-method\/the-montessori-pedagogy-materials-toys\/\">Montessori<\/a>-Material ist f\u00fcr Kinder im Alter von 3-12 Jahren geeignet.<\/p>\n<p>Inhalt:<\/p>\n<p>1 R\u00f6mische Br\u00fccke<br \/>\n1 Holzst\u00fctze f\u00fcr den Bogen<\/p>\n<p><em>We currently do not have this item in stock, but it is available on pre-order. We will order this item for you from our supplier. Due to importation from the European Union to Switzerland please allow 2 to maximum 3 weeks for delivery. <\/em><\/p>\n\t<div id=\"gap-506053701\" class=\"gap-element clearfix\" style=\"display:block; height:auto;\">\n\t\t\n<style>\n#gap-506053701 {\n  padding-top: 20px;\n}\n<\/style>\n\t<\/div>\n\t\n","protected":false},"excerpt":{"rendered":"<p>Artikelnummer: 035000<\/p>\n<p>Die Nienhuis Montessori R\u00f6mische Br\u00fccke aus der Reihe der Sinnesmaterialien ist eine raffinierte Umsetzung eines klassischen Designs und besteht vollst\u00e4ndig aus Buchenholz.<\/p>\n","protected":false},"featured_media":50733,"comment_status":"closed","ping_status":"closed","template":"","meta":[],"product_brand":[],"product_cat":[21475,21445,21446,21476,21704,21479,21550,21491,21484,21474,21510,21509,21537,21498,21481,21559,21443,21572,21494,21496,21557,21655,21678,21482,21564,21520],"product_tag":[23473,23120,23119,23470,23472],"class_list":{"0":"post-58318","1":"product","2":"type-product","3":"status-publish","4":"has-post-thumbnail","6":"product_cat-3-6-jahre-klassenzimmer-pack","7":"product_cat-3-6-jahre-vorschule","8":"product_cat-6-12-jahre-grundschule","9":"product_cat-6-12-jahre-klassenzimmer-pack","10":"product_cat-baukloetze-aus-holz","11":"product_cat-lernmaterialien-spielzeug-montessori-waldorf-steiner-froebel","12":"product_cat-formen","13":"product_cat-geschenk-guide-lerngeschenke","14":"product_cat-geschenk-guides","15":"product_cat-klassenzimmer-essenzien","16":"product_cat-kultur-wissenschaft","17":"product_cat-lernthemen","18":"product_cat-mathematik-rechnen","19":"product_cat-montessori-materialien-fuer-zuhause-schulbedarf-fuer-zuhause","20":"product_cat-montessori-paedagogik-material-spielzeug","21":"product_cat-motorische-fertigkeiten","22":"product_cat-nach-alter","23":"product_cat-nienhuis-montessori-schweiz","24":"product_cat-schulbedarf-fuer-zuhause","25":"product_cat-schulbedarf-fuer-zuhause-6-12-jahre","26":"product_cat-sensorische-motorische-fertigkeiten","27":"product_cat-sinnesmaterial-nienhuis-montessori","28":"product_cat-kinder-spielzeug","29":"product_cat-traditionelle-bildung","30":"product_cat-unsere-marken","31":"product_cat-wissenschaft","32":"product_tag-lehrmittel-schweiz","33":"product_tag-montessori-material-schweiz","34":"product_tag-nienhuis-montessori-schweiz-de","35":"product_tag-nienhuis-montessori-schweiz-de-2","36":"product_tag-sinnesmaterial-nienhuis-montessori","38":"first","39":"onbackorder","40":"taxable","41":"shipping-taxable","42":"purchasable","43":"product-type-simple"},"yoast_head":"<!-- This site is optimized with the Yoast SEO Premium plugin v25.8 (Yoast SEO v27.4) - https:\/\/yoast.com\/product\/yoast-seo-premium-wordpress\/ -->\n<title>R\u00f6mische Br\u00fccke - Nienhuis Montessori<\/title>\n<meta name=\"description\" content=\"Die Nienhuis Montessori R\u00f6mische Br\u00fccke aus der Reihe der Sinnesmaterialien ist eine raffinierte Darstellung eines klassischen Designs - geeignet f\u00fcr 3-12 Jahre.\" \/>\n<meta name=\"robots\" content=\"index, follow, max-snippet:-1, max-image-preview:large, max-video-preview:-1\" \/>\n<link rel=\"canonical\" href=\"https:\/\/teiaeducation.ch\/de\/produkt\/roemische-bruecke-nienhuis-montessori\/\" \/>\n<meta property=\"og:locale\" content=\"de_DE\" \/>\n<meta property=\"og:type\" content=\"article\" \/>\n<meta property=\"og:title\" content=\"R\u00f6mische Br\u00fccke - Nienhuis Montessori\" \/>\n<meta property=\"og:description\" content=\"Die Nienhuis Montessori R\u00f6mische Br\u00fccke aus der Reihe der Sinnesmaterialien ist eine raffinierte Darstellung eines klassischen Designs - geeignet f\u00fcr 3-12 Jahre.\" \/>\n<meta property=\"og:url\" content=\"https:\/\/teiaeducation.ch\/de\/produkt\/roemische-bruecke-nienhuis-montessori\/\" \/>\n<meta property=\"og:site_name\" content=\"Sustainable Educational Products &amp; Ecological Toys\u00a0\" \/>\n<meta property=\"article:publisher\" content=\"https:\/\/www.facebook.com\/teiaeducation\/\" \/>\n<meta property=\"article:modified_time\" content=\"2023-12-22T10:00:03+00:00\" \/>\n<meta property=\"og:image\" content=\"https:\/\/teiaeducation.ch\/wp-content\/uploads\/2019\/04\/035000-scaled-scaled.jpg\" \/>\n\t<meta property=\"og:image:width\" content=\"2048\" \/>\n\t<meta property=\"og:image:height\" content=\"2048\" \/>\n\t<meta property=\"og:image:type\" content=\"image\/jpeg\" \/>\n<script type=\"application\/ld+json\" class=\"yoast-schema-graph\">{\"@context\":\"https:\\\/\\\/schema.org\",\"@graph\":[{\"@type\":\"WebPage\",\"@id\":\"https:\\\/\\\/teiaeducation.ch\\\/de\\\/produkt\\\/roemische-bruecke-nienhuis-montessori\\\/\",\"url\":\"https:\\\/\\\/teiaeducation.ch\\\/de\\\/produkt\\\/roemische-bruecke-nienhuis-montessori\\\/\",\"name\":\"R\u00f6mische Br\u00fccke - Nienhuis Montessori\",\"isPartOf\":{\"@id\":\"https:\\\/\\\/teiaeducation.ch\\\/de\\\/#website\"},\"primaryImageOfPage\":{\"@id\":\"https:\\\/\\\/teiaeducation.ch\\\/de\\\/produkt\\\/roemische-bruecke-nienhuis-montessori\\\/#primaryimage\"},\"image\":{\"@id\":\"https:\\\/\\\/teiaeducation.ch\\\/de\\\/produkt\\\/roemische-bruecke-nienhuis-montessori\\\/#primaryimage\"},\"thumbnailUrl\":\"https:\\\/\\\/teiaeducation.ch\\\/wp-content\\\/uploads\\\/2019\\\/04\\\/035000-scaled-scaled.jpg\",\"datePublished\":\"2018-12-01T18:57:10+00:00\",\"dateModified\":\"2023-12-22T10:00:03+00:00\",\"description\":\"Die Nienhuis Montessori R\u00f6mische Br\u00fccke aus der Reihe der Sinnesmaterialien ist eine raffinierte Darstellung eines klassischen Designs - geeignet f\u00fcr 3-12 Jahre.\",\"breadcrumb\":{\"@id\":\"https:\\\/\\\/teiaeducation.ch\\\/de\\\/produkt\\\/roemische-bruecke-nienhuis-montessori\\\/#breadcrumb\"},\"inLanguage\":\"de-CH\",\"potentialAction\":[{\"@type\":\"ReadAction\",\"target\":[\"https:\\\/\\\/teiaeducation.ch\\\/de\\\/produkt\\\/roemische-bruecke-nienhuis-montessori\\\/\"]}]},{\"@type\":\"ImageObject\",\"inLanguage\":\"de-CH\",\"@id\":\"https:\\\/\\\/teiaeducation.ch\\\/de\\\/produkt\\\/roemische-bruecke-nienhuis-montessori\\\/#primaryimage\",\"url\":\"https:\\\/\\\/teiaeducation.ch\\\/wp-content\\\/uploads\\\/2019\\\/04\\\/035000-scaled-scaled.jpg\",\"contentUrl\":\"https:\\\/\\\/teiaeducation.ch\\\/wp-content\\\/uploads\\\/2019\\\/04\\\/035000-scaled-scaled.jpg\",\"width\":2048,\"height\":2048,\"caption\":\"Montessori-Material f\u00fcr die Sinne Die R\u00f6mische Br\u00fccke - Nienhuis Montessori\"},{\"@type\":\"BreadcrumbList\",\"@id\":\"https:\\\/\\\/teiaeducation.ch\\\/de\\\/produkt\\\/roemische-bruecke-nienhuis-montessori\\\/#breadcrumb\",\"itemListElement\":[{\"@type\":\"ListItem\",\"position\":1,\"name\":\"Home\",\"item\":\"https:\\\/\\\/teiaeducation.ch\\\/de\\\/\"},{\"@type\":\"ListItem\",\"position\":2,\"name\":\"Laden\",\"item\":\"https:\\\/\\\/teiaeducation.ch\\\/de\\\/shop\\\/\"},{\"@type\":\"ListItem\",\"position\":3,\"name\":\"Unsere Marken\",\"item\":\"https:\\\/\\\/teiaeducation.ch\\\/de\\\/produkt-kategorie\\\/unsere-marken\\\/\"},{\"@type\":\"ListItem\",\"position\":4,\"name\":\"Nienhuis Montessori Schweiz\",\"item\":\"https:\\\/\\\/teiaeducation.ch\\\/de\\\/produkt-kategorie\\\/unsere-marken\\\/nienhuis-montessori-schweiz\\\/\"},{\"@type\":\"ListItem\",\"position\":5,\"name\":\"Sinnesmaterial\",\"item\":\"https:\\\/\\\/teiaeducation.ch\\\/de\\\/produkt-kategorie\\\/unsere-marken\\\/nienhuis-montessori-schweiz\\\/sinnesmaterial-nienhuis-montessori\\\/\"},{\"@type\":\"ListItem\",\"position\":6,\"name\":\"R\u00f6mische Br\u00fccke &#8211; Nienhuis Montessori\"}]},{\"@type\":\"WebSite\",\"@id\":\"https:\\\/\\\/teiaeducation.ch\\\/de\\\/#website\",\"url\":\"https:\\\/\\\/teiaeducation.ch\\\/de\\\/\",\"name\":\"Sustainable Educational Products &amp; Ecological Toys\u00a0\",\"description\":\"Specialised Swiss shop selling sustainable educational toys and games, AMI certified Montessori materials, handmade ecological wooden Waldorf toys and arts &amp; crafts supplies, school supplies, children&#039;s furniture and Montessori reference and parenting books.\",\"publisher\":{\"@id\":\"https:\\\/\\\/teiaeducation.ch\\\/de\\\/#organization\"},\"alternateName\":\"Teia Education & Play\",\"potentialAction\":[{\"@type\":\"SearchAction\",\"target\":{\"@type\":\"EntryPoint\",\"urlTemplate\":\"https:\\\/\\\/teiaeducation.ch\\\/de\\\/?s={search_term_string}\"},\"query-input\":{\"@type\":\"PropertyValueSpecification\",\"valueRequired\":true,\"valueName\":\"search_term_string\"}}],\"inLanguage\":\"de-CH\"},{\"@type\":\"Organization\",\"@id\":\"https:\\\/\\\/teiaeducation.ch\\\/de\\\/#organization\",\"name\":\"Teia Education & Play\",\"url\":\"https:\\\/\\\/teiaeducation.ch\\\/de\\\/\",\"logo\":{\"@type\":\"ImageObject\",\"inLanguage\":\"de-CH\",\"@id\":\"https:\\\/\\\/teiaeducation.ch\\\/de\\\/#\\\/schema\\\/logo\\\/image\\\/\",\"url\":\"https:\\\/\\\/teiaeducation.ch\\\/wp-content\\\/uploads\\\/2020\\\/11\\\/Teia-Education-Switzerland-e1620156442216.jpg\",\"contentUrl\":\"https:\\\/\\\/teiaeducation.ch\\\/wp-content\\\/uploads\\\/2020\\\/11\\\/Teia-Education-Switzerland-e1620156442216.jpg\",\"width\":166,\"height\":145,\"caption\":\"Teia Education & Play\"},\"image\":{\"@id\":\"https:\\\/\\\/teiaeducation.ch\\\/de\\\/#\\\/schema\\\/logo\\\/image\\\/\"},\"sameAs\":[\"https:\\\/\\\/www.facebook.com\\\/teiaeducation\\\/\",\"https:\\\/\\\/x.com\\\/EducationTeia\",\"https:\\\/\\\/www.instagram.com\\\/teia.education\\\/\",\"https:\\\/\\\/www.linkedin.com\\\/company\\\/35501660\",\"https:\\\/\\\/www.pinterest.ch\\\/TeiaEducation\\\/\"]}]}<\/script>\n<meta property=\"product:price:amount\" content=\"167.50\" \/>\n<meta property=\"product:price:currency\" content=\"CHF\" \/>\n<meta property=\"og:availability\" content=\"backorder\" \/>\n<meta property=\"product:availability\" content=\"available for order\" \/>\n<meta property=\"product:retailer_item_id\" content=\"00000000000000000000000000000000000000000000005326\" \/>\n<meta property=\"product:condition\" content=\"new\" \/>\n<!-- \/ Yoast SEO Premium plugin. -->","yoast_head_json":{"title":"R\u00f6mische Br\u00fccke - Nienhuis Montessori","description":"Die Nienhuis Montessori R\u00f6mische Br\u00fccke aus der Reihe der Sinnesmaterialien ist eine raffinierte Darstellung eines klassischen Designs - geeignet f\u00fcr 3-12 Jahre.","robots":{"index":"index","follow":"follow","max-snippet":"max-snippet:-1","max-image-preview":"max-image-preview:large","max-video-preview":"max-video-preview:-1"},"canonical":"https:\/\/teiaeducation.ch\/de\/produkt\/roemische-bruecke-nienhuis-montessori\/","og_locale":"de_DE","og_type":"article","og_title":"R\u00f6mische Br\u00fccke - Nienhuis Montessori","og_description":"Die Nienhuis Montessori R\u00f6mische Br\u00fccke aus der Reihe der Sinnesmaterialien ist eine raffinierte Darstellung eines klassischen Designs - geeignet f\u00fcr 3-12 Jahre.","og_url":"https:\/\/teiaeducation.ch\/de\/produkt\/roemische-bruecke-nienhuis-montessori\/","og_site_name":"Sustainable Educational Products &amp; Ecological Toys\u00a0","article_publisher":"https:\/\/www.facebook.com\/teiaeducation\/","article_modified_time":"2023-12-22T10:00:03+00:00","og_image":[{"width":2048,"height":2048,"url":"https:\/\/teiaeducation.ch\/wp-content\/uploads\/2019\/04\/035000-scaled-scaled.jpg","type":"image\/jpeg"}],"schema":{"@context":"https:\/\/schema.org","@graph":[{"@type":"WebPage","@id":"https:\/\/teiaeducation.ch\/de\/produkt\/roemische-bruecke-nienhuis-montessori\/","url":"https:\/\/teiaeducation.ch\/de\/produkt\/roemische-bruecke-nienhuis-montessori\/","name":"R\u00f6mische Br\u00fccke - Nienhuis Montessori","isPartOf":{"@id":"https:\/\/teiaeducation.ch\/de\/#website"},"primaryImageOfPage":{"@id":"https:\/\/teiaeducation.ch\/de\/produkt\/roemische-bruecke-nienhuis-montessori\/#primaryimage"},"image":{"@id":"https:\/\/teiaeducation.ch\/de\/produkt\/roemische-bruecke-nienhuis-montessori\/#primaryimage"},"thumbnailUrl":"https:\/\/teiaeducation.ch\/wp-content\/uploads\/2019\/04\/035000-scaled-scaled.jpg","datePublished":"2018-12-01T18:57:10+00:00","dateModified":"2023-12-22T10:00:03+00:00","description":"Die Nienhuis Montessori R\u00f6mische Br\u00fccke aus der Reihe der Sinnesmaterialien ist eine raffinierte Darstellung eines klassischen Designs - geeignet f\u00fcr 3-12 Jahre.","breadcrumb":{"@id":"https:\/\/teiaeducation.ch\/de\/produkt\/roemische-bruecke-nienhuis-montessori\/#breadcrumb"},"inLanguage":"de-CH","potentialAction":[{"@type":"ReadAction","target":["https:\/\/teiaeducation.ch\/de\/produkt\/roemische-bruecke-nienhuis-montessori\/"]}]},{"@type":"ImageObject","inLanguage":"de-CH","@id":"https:\/\/teiaeducation.ch\/de\/produkt\/roemische-bruecke-nienhuis-montessori\/#primaryimage","url":"https:\/\/teiaeducation.ch\/wp-content\/uploads\/2019\/04\/035000-scaled-scaled.jpg","contentUrl":"https:\/\/teiaeducation.ch\/wp-content\/uploads\/2019\/04\/035000-scaled-scaled.jpg","width":2048,"height":2048,"caption":"Montessori-Material f\u00fcr die Sinne Die R\u00f6mische Br\u00fccke - Nienhuis Montessori"},{"@type":"BreadcrumbList","@id":"https:\/\/teiaeducation.ch\/de\/produkt\/roemische-bruecke-nienhuis-montessori\/#breadcrumb","itemListElement":[{"@type":"ListItem","position":1,"name":"Home","item":"https:\/\/teiaeducation.ch\/de\/"},{"@type":"ListItem","position":2,"name":"Laden","item":"https:\/\/teiaeducation.ch\/de\/shop\/"},{"@type":"ListItem","position":3,"name":"Unsere Marken","item":"https:\/\/teiaeducation.ch\/de\/produkt-kategorie\/unsere-marken\/"},{"@type":"ListItem","position":4,"name":"Nienhuis Montessori Schweiz","item":"https:\/\/teiaeducation.ch\/de\/produkt-kategorie\/unsere-marken\/nienhuis-montessori-schweiz\/"},{"@type":"ListItem","position":5,"name":"Sinnesmaterial","item":"https:\/\/teiaeducation.ch\/de\/produkt-kategorie\/unsere-marken\/nienhuis-montessori-schweiz\/sinnesmaterial-nienhuis-montessori\/"},{"@type":"ListItem","position":6,"name":"R\u00f6mische Br\u00fccke &#8211; Nienhuis Montessori"}]},{"@type":"WebSite","@id":"https:\/\/teiaeducation.ch\/de\/#website","url":"https:\/\/teiaeducation.ch\/de\/","name":"Sustainable Educational Products &amp; Ecological Toys\u00a0","description":"Specialised Swiss shop selling sustainable educational toys and games, AMI certified Montessori materials, handmade ecological wooden Waldorf toys and arts &amp; crafts supplies, school supplies, children&#039;s furniture and Montessori reference and parenting books.","publisher":{"@id":"https:\/\/teiaeducation.ch\/de\/#organization"},"alternateName":"Teia Education & Play","potentialAction":[{"@type":"SearchAction","target":{"@type":"EntryPoint","urlTemplate":"https:\/\/teiaeducation.ch\/de\/?s={search_term_string}"},"query-input":{"@type":"PropertyValueSpecification","valueRequired":true,"valueName":"search_term_string"}}],"inLanguage":"de-CH"},{"@type":"Organization","@id":"https:\/\/teiaeducation.ch\/de\/#organization","name":"Teia Education & Play","url":"https:\/\/teiaeducation.ch\/de\/","logo":{"@type":"ImageObject","inLanguage":"de-CH","@id":"https:\/\/teiaeducation.ch\/de\/#\/schema\/logo\/image\/","url":"https:\/\/teiaeducation.ch\/wp-content\/uploads\/2020\/11\/Teia-Education-Switzerland-e1620156442216.jpg","contentUrl":"https:\/\/teiaeducation.ch\/wp-content\/uploads\/2020\/11\/Teia-Education-Switzerland-e1620156442216.jpg","width":166,"height":145,"caption":"Teia Education & Play"},"image":{"@id":"https:\/\/teiaeducation.ch\/de\/#\/schema\/logo\/image\/"},"sameAs":["https:\/\/www.facebook.com\/teiaeducation\/","https:\/\/x.com\/EducationTeia","https:\/\/www.instagram.com\/teia.education\/","https:\/\/www.linkedin.com\/company\/35501660","https:\/\/www.pinterest.ch\/TeiaEducation\/"]}]},"product_price_amount":"167.50","product_price_currency":"CHF","og_availability":"backorder","product_availability":"available for order","product_retailer_item_id":"00000000000000000000000000000000000000000000005326","product_condition":"new"},"_links":{"self":[{"href":"https:\/\/teiaeducation.ch\/de\/wp-json\/wp\/v2\/product\/58318","targetHints":{"allow":["GET"]}}],"collection":[{"href":"https:\/\/teiaeducation.ch\/de\/wp-json\/wp\/v2\/product"}],"about":[{"href":"https:\/\/teiaeducation.ch\/de\/wp-json\/wp\/v2\/types\/product"}],"replies":[{"embeddable":true,"href":"https:\/\/teiaeducation.ch\/de\/wp-json\/wp\/v2\/comments?post=58318"}],"wp:featuredmedia":[{"embeddable":true,"href":"https:\/\/teiaeducation.ch\/de\/wp-json\/wp\/v2\/media\/50733"}],"wp:attachment":[{"href":"https:\/\/teiaeducation.ch\/de\/wp-json\/wp\/v2\/media?parent=58318"}],"wp:term":[{"taxonomy":"product_brand","embeddable":true,"href":"https:\/\/teiaeducation.ch\/de\/wp-json\/wp\/v2\/product_brand?post=58318"},{"taxonomy":"product_cat","embeddable":true,"href":"https:\/\/teiaeducation.ch\/de\/wp-json\/wp\/v2\/product_cat?post=58318"},{"taxonomy":"product_tag","embeddable":true,"href":"https:\/\/teiaeducation.ch\/de\/wp-json\/wp\/v2\/product_tag?post=58318"}],"curies":[{"name":"wp","href":"https:\/\/api.w.org\/{rel}","templated":true}]}}