{"id":58378,"date":"2024-04-06T12:08:31","date_gmt":"2024-04-06T10:08:31","guid":{"rendered":"https:\/\/teiaeducation.ch\/product\/montessori-objektpermanenz-holzkasten-mit-schublade-educo\/"},"modified":"2025-12-17T10:39:15","modified_gmt":"2025-12-17T09:39:15","slug":"montessori-objektpermanenz-holzkasten-mit-schublade-educo","status":"publish","type":"product","link":"https:\/\/teiaeducation.ch\/de\/produkt\/montessori-objektpermanenz-holzkasten-mit-schublade-educo\/","title":{"rendered":"Montessori Objektpermanenz Holzkasten mit Schublade &#8211; Educo"},"content":{"rendered":"<p>Der Montessori Objektpermanenz Holzkasten mit Schublade aus dem <a href=\"https:\/\/teiaeducation.ch\/de\/produkt-kategorie\/unsere-marken\/educo-de\/montessori-spielzeug-0-3-jahre\/\">Educo Montessori Lernspielzeug Sortiment<\/a> f\u00fcr Babys und Kleinkinder von 0-3 Jahren ist inspiriert von dem <a href=\"https:\/\/teiaeducation.ch\/de\/produkt-kategorie\/unsere-marken\/nienhuis-montessori-schweiz\/\">Nienhuis Montessori<\/a> <a href=\"https:\/\/teiaeducation.ch\/de\/produkt\/holzkasten-mit-schublade-nienhuis-montessori\/\">Objektpermanenz Holzkasten mit Schublade<\/a>.<\/p>\n<div class=\"page\" title=\"Seite 2\">\n<div class=\"layoutArea\">\n<div class=\"column\">\n<div id=\"longdescription\" class=\"block cf\">\n<div>\n<p>Mit diesem Lernspielzeug \u00fcben Kinder das Konzept der <a href=\"https:\/\/teiaeducation.ch\/de\/produkt-kategorie\/lernthemen\/sensorische-motorische-fertigkeiten\/objektpermanenz\/\">Objektpermanenz<\/a> und das der Ursache-Wirkung. Es f\u00fchrt ein neues Ph\u00e4nomen f\u00fcr ein kleines Kind ein, dass Objekte existieren, auch wenn wir sie nicht sehen. Kleine Kinder werden diesen Kuckuckseffekt genie\u00dfen und eine Vielzahl von Dingen damit lernen!<\/p>\n<p>Dieser Objektpermanenzkasten ist schwieriger als die <a href=\"https:\/\/teiaeducation.ch\/de\/produkt\/montessori-objektpermanenz-holzkasten-mit-ablage-educo\/\">Version mit Ablage<\/a>, weil der Kuckuckseffekt gr\u00f6\u00dfer ist, denn der Ball wird nur sichtbar, wenn die Schublade ge\u00f6ffnet wird.<\/p>\n<p><span class=\"st\">Das \u00dcben mit diesem Spielzeug f\u00f6rdert die <a href=\"https:\/\/teiaeducation.ch\/de\/produkt-kategorie\/lernthemen\/sensorische-motorische-fertigkeiten\/motorische-fertigkeiten\/\">Feinmotorik<\/a>, die Auge-Hand-Koordination und das Vertrautwerden mit der Objektpermanenz.<\/span><\/p>\n<\/div>\n<\/div>\n<\/div>\n<\/div>\n<\/div>\n<p>Der <a href=\"https:\/\/teiaeducation.ch\/de\/produkt-kategorie\/lernmaterialien-spielzeug-montessori-waldorf-steiner-froebel\/montessori-paedagogik-material-spielzeug\/\">Montessori<\/a> Objektpermanenz Holzkasten mit Schublade ist f\u00fcr Kinder im Alter von 11 bis 14 Monaten geeignet.<\/p>\n<p>Inhalt:<\/p>\n<p>1 Holzkasten mit Schublade f\u00fcr die Objektpermanenz<br \/>\n1 Kunststoffkugel<\/p>\n<h2>\u00dcber Educo<\/h2>\n<p>Die niederl\u00e4ndische Marke <a href=\"https:\/\/teiaeducation.ch\/de\/produkt-kategorie\/unsere-marken\/educo-de\/\">Educo<\/a> steht f\u00fcr eine bunte Welt des spielerischen <a href=\"https:\/\/teiaeducation.ch\/de\/produkt-kategorie\/lernthemen\/\">Lernens<\/a>, herausfordernde Lernspiele und Spielzeuge! Die hochwertigen und langlebigen Educo Produkte orientieren sich an Alltagssituationen und helfen Babys und Kindern, Spiele mit regul\u00e4ren Themen zu verbinden und den Lernprozess in eine Simulation ihrer nat\u00fcrlichen Umgebung zu verwandeln.<\/p>\n<p>Das Educo-Sortiment ist in drei Entwicklungsbereiche unterteilt: <a href=\"https:\/\/teiaeducation.ch\/de\/produkt-kategorie\/unsere-marken\/educo-de\/motorisches-spiel\/\">Motorik<\/a>, <a href=\"https:\/\/teiaeducation.ch\/de\/produkt-kategorie\/unsere-marken\/educo-de\/sprachspiel-educo\/\">Sprache<\/a> und <a href=\"https:\/\/teiaeducation.ch\/de\/produkt-kategorie\/unsere-marken\/educo-de\/mathematisches-spiel\/\">Mathematik<\/a>. Im Jahr 2023 wurde ein umfassendes Sortiment an <a href=\"https:\/\/teiaeducation.ch\/de\/produkt-kategorie\/unsere-marken\/educo-de\/montessori-spielzeug-0-3-jahre\/\">Montessori Spielzeug<\/a> f\u00fcr Kinder im Alter von 0 bis 3 Jahren eingef\u00fchrt, um das Wachstum und die Entwicklung der Kleinen bestm\u00f6glich zu f\u00f6rdern.<\/p>\n<p>Die aktiven, spielerischen Lernprodukte von Educo sind haupts\u00e4chlich aus Holz gefertigt und bestehen aus nachhaltigen Materialien wie Farben und Lacken auf Wasserbasis. Die <a href=\"https:\/\/teiaeducation.ch\/de\/produkt-kategorie\/kinder-spielzeug\/\">Spielzeuge<\/a> sind so konzipiert, dass sie \u00fcber viele Jahre hinweg robust verwendet werden k\u00f6nnen, spielerisches Lernen f\u00f6rdern und Kinder im Alter von 0-12 Jahren zu Wachstum und Erfolg inspirieren.<\/p>\n<p>Sie erf\u00fcllen die Anforderungen der verschiedenen europ\u00e4ischen und internationalen Sicherheitsvorschriften f\u00fcr Spielzeug und entsprechen der Richtlinie 2009\/48\/EG \u00fcber die Sicherheit von Spielzeug, einschlie\u00dflich EN81 und ASTM.<\/p>\n","protected":false},"excerpt":{"rendered":"<p>Artikelnummer: 900000201<\/p>\n<p>Mit der Montessori Holzkasten mit Schublade aus dem Educo Montessori Lernspielzeug Sortiment \u00fcben Babys das Konzept der Objektpermanenz und Ursache-Wirkung!<\/p>\n","protected":false},"featured_media":57962,"comment_status":"open","ping_status":"closed","template":"","meta":[],"product_brand":[],"product_cat":[25967,21444,21479,21599,21558,21486,21484,21509,21498,21481,22182,27058,21559,21443,21563,21561,21494,21557,21695,21697,21678,21497,21482,21564],"product_tag":[27360,27363,27359,27357,27361,27362,27367,27355,26190,27369,27368,27365,27364,27356,27358,27366,27370,27371,27372],"class_list":{"0":"post-58378","1":"product","2":"type-product","3":"status-publish","4":"has-post-thumbnail","6":"product_cat-0-12-monate-baby","7":"product_cat-1-3-jahre-kleinkind","8":"product_cat-lernmaterialien-spielzeug-montessori-waldorf-steiner-froebel","9":"product_cat-educo-de","10":"product_cat-farbe-lernen","11":"product_cat-geschenk-guide-1-3-jahre-kleinkind","12":"product_cat-geschenk-guides","13":"product_cat-lernthemen","14":"product_cat-montessori-materialien-fuer-zuhause-schulbedarf-fuer-zuhause","15":"product_cat-montessori-paedagogik-material-spielzeug","16":"product_cat-montessori-spielzeug","17":"product_cat-montessori-spielzeug-0-3-jahre","18":"product_cat-motorische-fertigkeiten","19":"product_cat-nach-alter","20":"product_cat-neuheiten","21":"product_cat-objektpermanenz","22":"product_cat-schulbedarf-fuer-zuhause","23":"product_cat-sensorische-motorische-fertigkeiten","24":"product_cat-sinnliches-spiel","25":"product_cat-sortieren","26":"product_cat-kinder-spielzeug","27":"product_cat-spielen-und-lernen-fuer-babys-kleinkinder","28":"product_cat-traditionelle-bildung","29":"product_cat-unsere-marken","30":"product_tag-educo-montessori-imbucare-kasten","31":"product_tag-educo-montessori-spielwaren-sortiment","32":"product_tag-educo-montessori-spielzeug-fur-kleinkinder","33":"product_tag-montessori-baby-spielzeug","34":"product_tag-montessori-imbucare-kasten-baby","35":"product_tag-montessori-imbucare-kasten-fur-kleinkinder","36":"product_tag-montessori-kleinkinder-box-mit-schubladen","37":"product_tag-montessori-lernspielzeug","38":"product_tag-montessori-objektpermanenz","39":"product_tag-montessori-objektpermanenz-holzkasten-mit-ablage","40":"product_tag-montessori-objektpermanenz-holzkasten-mit-ablage-educo","41":"product_tag-montessori-objektpermanenz-spielzeug","42":"product_tag-montessori-spielzeug-fur-babys-und-kleinkinder","43":"product_tag-montessori-spielzeug-fur-kleinkinder-de","44":"product_tag-montessori-spielzeug-fur-kleinkinder-de-2","45":"product_tag-montessori-ursache-wirkung-spielzeug","46":"product_tag-objektpermanenz-holzkasten-mit-ablage-educo","47":"product_tag-objektpermanenz-holzkasten-mit-schublade-educo","48":"product_tag-objektpermanenz-holzkasten-mit-schublade-montessori","50":"first","51":"instock","52":"taxable","53":"shipping-taxable","54":"purchasable","55":"product-type-simple"},"yoast_head":"<!-- This site is optimized with the Yoast SEO plugin v27.1.1 - https:\/\/yoast.com\/product\/yoast-seo-wordpress\/ -->\n<title>Montessori Objektpermanenz Holzkasten mit Schublade - Educo<\/title>\n<meta name=\"description\" content=\"Mit der Montessori Holzkasten mit Schublade aus dem Educo Montessori Lernspielzeug Sortiment \u00fcben Babys das Konzept der Objektpermanenz und Ursache-Wirkung.\" \/>\n<meta name=\"robots\" content=\"index, follow, max-snippet:-1, max-image-preview:large, max-video-preview:-1\" \/>\n<link rel=\"canonical\" href=\"https:\/\/teiaeducation.ch\/de\/produkt\/montessori-objektpermanenz-holzkasten-mit-schublade-educo\/\" \/>\n<meta property=\"og:locale\" content=\"de_DE\" \/>\n<meta property=\"og:type\" content=\"article\" \/>\n<meta property=\"og:title\" content=\"Montessori Objektpermanenz Holzkasten mit Schublade - Educo\" \/>\n<meta property=\"og:description\" content=\"Mit der Montessori Holzkasten mit Schublade aus dem Educo Montessori Lernspielzeug Sortiment \u00fcben Babys das Konzept der Objektpermanenz und Ursache-Wirkung.\" \/>\n<meta property=\"og:url\" content=\"https:\/\/teiaeducation.ch\/de\/produkt\/montessori-objektpermanenz-holzkasten-mit-schublade-educo\/\" \/>\n<meta property=\"og:site_name\" content=\"Sustainable Educational Products &amp; Ecological Toys\u00a0\" \/>\n<meta property=\"article:publisher\" content=\"https:\/\/www.facebook.com\/teiaeducation\/\" \/>\n<meta property=\"article:modified_time\" content=\"2025-12-17T09:39:15+00:00\" \/>\n<meta property=\"og:image\" content=\"https:\/\/teiaeducation.ch\/wp-content\/uploads\/2023\/12\/Montessori-object-permanence-box-with-drawer-babies-Educo-scaled.jpg\" \/>\n\t<meta property=\"og:image:width\" content=\"2048\" \/>\n\t<meta property=\"og:image:height\" content=\"2048\" \/>\n\t<meta property=\"og:image:type\" content=\"image\/jpeg\" \/>\n<script type=\"application\/ld+json\" class=\"yoast-schema-graph\">{\"@context\":\"https:\/\/schema.org\",\"@graph\":[{\"@type\":\"WebPage\",\"@id\":\"https:\/\/teiaeducation.ch\/de\/produkt\/montessori-objektpermanenz-holzkasten-mit-schublade-educo\/\",\"url\":\"https:\/\/teiaeducation.ch\/de\/produkt\/montessori-objektpermanenz-holzkasten-mit-schublade-educo\/\",\"name\":\"Montessori Objektpermanenz Holzkasten mit Schublade - Educo\",\"isPartOf\":{\"@id\":\"https:\/\/teiaeducation.ch\/de\/#website\"},\"primaryImageOfPage\":{\"@id\":\"https:\/\/teiaeducation.ch\/de\/produkt\/montessori-objektpermanenz-holzkasten-mit-schublade-educo\/#primaryimage\"},\"image\":{\"@id\":\"https:\/\/teiaeducation.ch\/de\/produkt\/montessori-objektpermanenz-holzkasten-mit-schublade-educo\/#primaryimage\"},\"thumbnailUrl\":\"https:\/\/teiaeducation.ch\/wp-content\/uploads\/2023\/12\/Montessori-object-permanence-box-with-drawer-babies-Educo-scaled.jpg\",\"datePublished\":\"2024-04-06T10:08:31+00:00\",\"dateModified\":\"2025-12-17T09:39:15+00:00\",\"description\":\"Mit der Montessori Holzkasten mit Schublade aus dem Educo Montessori Lernspielzeug Sortiment \u00fcben Babys das Konzept der Objektpermanenz und Ursache-Wirkung.\",\"breadcrumb\":{\"@id\":\"https:\/\/teiaeducation.ch\/de\/produkt\/montessori-objektpermanenz-holzkasten-mit-schublade-educo\/#breadcrumb\"},\"inLanguage\":\"de-CH\",\"potentialAction\":[{\"@type\":\"ReadAction\",\"target\":[\"https:\/\/teiaeducation.ch\/de\/produkt\/montessori-objektpermanenz-holzkasten-mit-schublade-educo\/\"]}]},{\"@type\":\"ImageObject\",\"inLanguage\":\"de-CH\",\"@id\":\"https:\/\/teiaeducation.ch\/de\/produkt\/montessori-objektpermanenz-holzkasten-mit-schublade-educo\/#primaryimage\",\"url\":\"https:\/\/teiaeducation.ch\/wp-content\/uploads\/2023\/12\/Montessori-object-permanence-box-with-drawer-babies-Educo-scaled.jpg\",\"contentUrl\":\"https:\/\/teiaeducation.ch\/wp-content\/uploads\/2023\/12\/Montessori-object-permanence-box-with-drawer-babies-Educo-scaled.jpg\",\"width\":2048,\"height\":2048,\"caption\":\"Montessori Objektpermanenz Holzkasten mit Schublade babies Educo\"},{\"@type\":\"BreadcrumbList\",\"@id\":\"https:\/\/teiaeducation.ch\/de\/produkt\/montessori-objektpermanenz-holzkasten-mit-schublade-educo\/#breadcrumb\",\"itemListElement\":[{\"@type\":\"ListItem\",\"position\":1,\"name\":\"Home\",\"item\":\"https:\/\/teiaeducation.ch\/de\/\"},{\"@type\":\"ListItem\",\"position\":2,\"name\":\"Laden\",\"item\":\"https:\/\/teiaeducation.ch\/de\/shop\/\"},{\"@type\":\"ListItem\",\"position\":3,\"name\":\"Unsere Marken\",\"item\":\"https:\/\/teiaeducation.ch\/de\/produkt-kategorie\/unsere-marken\/\"},{\"@type\":\"ListItem\",\"position\":4,\"name\":\"Educo\",\"item\":\"https:\/\/teiaeducation.ch\/de\/produkt-kategorie\/unsere-marken\/educo-de\/\"},{\"@type\":\"ListItem\",\"position\":5,\"name\":\"Montessori Spielzeug 0-3 Jahre\",\"item\":\"https:\/\/teiaeducation.ch\/de\/produkt-kategorie\/unsere-marken\/educo-de\/montessori-spielzeug-0-3-jahre\/\"},{\"@type\":\"ListItem\",\"position\":6,\"name\":\"Montessori Objektpermanenz Holzkasten mit Schublade &#8211; Educo\"}]},{\"@type\":\"WebSite\",\"@id\":\"https:\/\/teiaeducation.ch\/de\/#website\",\"url\":\"https:\/\/teiaeducation.ch\/de\/\",\"name\":\"Sustainable Educational Products &amp; Ecological Toys\u00a0\",\"description\":\"Specialised Swiss shop selling sustainable educational toys and games, AMI certified Montessori materials, handmade ecological wooden Waldorf toys and arts &amp; crafts supplies, school supplies, children&#039;s furniture and Montessori reference and parenting books.\",\"publisher\":{\"@id\":\"https:\/\/teiaeducation.ch\/de\/#organization\"},\"alternateName\":\"Teia Education & Play\",\"potentialAction\":[{\"@type\":\"SearchAction\",\"target\":{\"@type\":\"EntryPoint\",\"urlTemplate\":\"https:\/\/teiaeducation.ch\/de\/?s={search_term_string}\"},\"query-input\":{\"@type\":\"PropertyValueSpecification\",\"valueRequired\":true,\"valueName\":\"search_term_string\"}}],\"inLanguage\":\"de-CH\"},{\"@type\":\"Organization\",\"@id\":\"https:\/\/teiaeducation.ch\/de\/#organization\",\"name\":\"Teia Education & Play\",\"url\":\"https:\/\/teiaeducation.ch\/de\/\",\"logo\":{\"@type\":\"ImageObject\",\"inLanguage\":\"de-CH\",\"@id\":\"https:\/\/teiaeducation.ch\/de\/#\/schema\/logo\/image\/\",\"url\":\"https:\/\/teiaeducation.ch\/wp-content\/uploads\/2020\/11\/Teia-Education-Switzerland-e1620156442216.jpg\",\"contentUrl\":\"https:\/\/teiaeducation.ch\/wp-content\/uploads\/2020\/11\/Teia-Education-Switzerland-e1620156442216.jpg\",\"width\":166,\"height\":145,\"caption\":\"Teia Education & Play\"},\"image\":{\"@id\":\"https:\/\/teiaeducation.ch\/de\/#\/schema\/logo\/image\/\"},\"sameAs\":[\"https:\/\/www.facebook.com\/teiaeducation\/\",\"https:\/\/x.com\/EducationTeia\",\"https:\/\/www.instagram.com\/teia.education\/\",\"https:\/\/www.linkedin.com\/company\/35501660\",\"https:\/\/www.pinterest.ch\/TeiaEducation\/\"]}]}<\/script>\n<!-- \/ Yoast SEO plugin. -->","yoast_head_json":{"title":"Montessori Objektpermanenz Holzkasten mit Schublade - Educo","description":"Mit der Montessori Holzkasten mit Schublade aus dem Educo Montessori Lernspielzeug Sortiment \u00fcben Babys das Konzept der Objektpermanenz und Ursache-Wirkung.","robots":{"index":"index","follow":"follow","max-snippet":"max-snippet:-1","max-image-preview":"max-image-preview:large","max-video-preview":"max-video-preview:-1"},"canonical":"https:\/\/teiaeducation.ch\/de\/produkt\/montessori-objektpermanenz-holzkasten-mit-schublade-educo\/","og_locale":"de_DE","og_type":"article","og_title":"Montessori Objektpermanenz Holzkasten mit Schublade - Educo","og_description":"Mit der Montessori Holzkasten mit Schublade aus dem Educo Montessori Lernspielzeug Sortiment \u00fcben Babys das Konzept der Objektpermanenz und Ursache-Wirkung.","og_url":"https:\/\/teiaeducation.ch\/de\/produkt\/montessori-objektpermanenz-holzkasten-mit-schublade-educo\/","og_site_name":"Sustainable Educational Products &amp; Ecological Toys\u00a0","article_publisher":"https:\/\/www.facebook.com\/teiaeducation\/","article_modified_time":"2025-12-17T09:39:15+00:00","og_image":[{"width":2048,"height":2048,"url":"https:\/\/teiaeducation.ch\/wp-content\/uploads\/2023\/12\/Montessori-object-permanence-box-with-drawer-babies-Educo-scaled.jpg","type":"image\/jpeg"}],"schema":{"@context":"https:\/\/schema.org","@graph":[{"@type":"WebPage","@id":"https:\/\/teiaeducation.ch\/de\/produkt\/montessori-objektpermanenz-holzkasten-mit-schublade-educo\/","url":"https:\/\/teiaeducation.ch\/de\/produkt\/montessori-objektpermanenz-holzkasten-mit-schublade-educo\/","name":"Montessori Objektpermanenz Holzkasten mit Schublade - Educo","isPartOf":{"@id":"https:\/\/teiaeducation.ch\/de\/#website"},"primaryImageOfPage":{"@id":"https:\/\/teiaeducation.ch\/de\/produkt\/montessori-objektpermanenz-holzkasten-mit-schublade-educo\/#primaryimage"},"image":{"@id":"https:\/\/teiaeducation.ch\/de\/produkt\/montessori-objektpermanenz-holzkasten-mit-schublade-educo\/#primaryimage"},"thumbnailUrl":"https:\/\/teiaeducation.ch\/wp-content\/uploads\/2023\/12\/Montessori-object-permanence-box-with-drawer-babies-Educo-scaled.jpg","datePublished":"2024-04-06T10:08:31+00:00","dateModified":"2025-12-17T09:39:15+00:00","description":"Mit der Montessori Holzkasten mit Schublade aus dem Educo Montessori Lernspielzeug Sortiment \u00fcben Babys das Konzept der Objektpermanenz und Ursache-Wirkung.","breadcrumb":{"@id":"https:\/\/teiaeducation.ch\/de\/produkt\/montessori-objektpermanenz-holzkasten-mit-schublade-educo\/#breadcrumb"},"inLanguage":"de-CH","potentialAction":[{"@type":"ReadAction","target":["https:\/\/teiaeducation.ch\/de\/produkt\/montessori-objektpermanenz-holzkasten-mit-schublade-educo\/"]}]},{"@type":"ImageObject","inLanguage":"de-CH","@id":"https:\/\/teiaeducation.ch\/de\/produkt\/montessori-objektpermanenz-holzkasten-mit-schublade-educo\/#primaryimage","url":"https:\/\/teiaeducation.ch\/wp-content\/uploads\/2023\/12\/Montessori-object-permanence-box-with-drawer-babies-Educo-scaled.jpg","contentUrl":"https:\/\/teiaeducation.ch\/wp-content\/uploads\/2023\/12\/Montessori-object-permanence-box-with-drawer-babies-Educo-scaled.jpg","width":2048,"height":2048,"caption":"Montessori Objektpermanenz Holzkasten mit Schublade babies Educo"},{"@type":"BreadcrumbList","@id":"https:\/\/teiaeducation.ch\/de\/produkt\/montessori-objektpermanenz-holzkasten-mit-schublade-educo\/#breadcrumb","itemListElement":[{"@type":"ListItem","position":1,"name":"Home","item":"https:\/\/teiaeducation.ch\/de\/"},{"@type":"ListItem","position":2,"name":"Laden","item":"https:\/\/teiaeducation.ch\/de\/shop\/"},{"@type":"ListItem","position":3,"name":"Unsere Marken","item":"https:\/\/teiaeducation.ch\/de\/produkt-kategorie\/unsere-marken\/"},{"@type":"ListItem","position":4,"name":"Educo","item":"https:\/\/teiaeducation.ch\/de\/produkt-kategorie\/unsere-marken\/educo-de\/"},{"@type":"ListItem","position":5,"name":"Montessori Spielzeug 0-3 Jahre","item":"https:\/\/teiaeducation.ch\/de\/produkt-kategorie\/unsere-marken\/educo-de\/montessori-spielzeug-0-3-jahre\/"},{"@type":"ListItem","position":6,"name":"Montessori Objektpermanenz Holzkasten mit Schublade &#8211; Educo"}]},{"@type":"WebSite","@id":"https:\/\/teiaeducation.ch\/de\/#website","url":"https:\/\/teiaeducation.ch\/de\/","name":"Sustainable Educational Products &amp; Ecological Toys\u00a0","description":"Specialised Swiss shop selling sustainable educational toys and games, AMI certified Montessori materials, handmade ecological wooden Waldorf toys and arts &amp; crafts supplies, school supplies, children&#039;s furniture and Montessori reference and parenting books.","publisher":{"@id":"https:\/\/teiaeducation.ch\/de\/#organization"},"alternateName":"Teia Education & Play","potentialAction":[{"@type":"SearchAction","target":{"@type":"EntryPoint","urlTemplate":"https:\/\/teiaeducation.ch\/de\/?s={search_term_string}"},"query-input":{"@type":"PropertyValueSpecification","valueRequired":true,"valueName":"search_term_string"}}],"inLanguage":"de-CH"},{"@type":"Organization","@id":"https:\/\/teiaeducation.ch\/de\/#organization","name":"Teia Education & Play","url":"https:\/\/teiaeducation.ch\/de\/","logo":{"@type":"ImageObject","inLanguage":"de-CH","@id":"https:\/\/teiaeducation.ch\/de\/#\/schema\/logo\/image\/","url":"https:\/\/teiaeducation.ch\/wp-content\/uploads\/2020\/11\/Teia-Education-Switzerland-e1620156442216.jpg","contentUrl":"https:\/\/teiaeducation.ch\/wp-content\/uploads\/2020\/11\/Teia-Education-Switzerland-e1620156442216.jpg","width":166,"height":145,"caption":"Teia Education & Play"},"image":{"@id":"https:\/\/teiaeducation.ch\/de\/#\/schema\/logo\/image\/"},"sameAs":["https:\/\/www.facebook.com\/teiaeducation\/","https:\/\/x.com\/EducationTeia","https:\/\/www.instagram.com\/teia.education\/","https:\/\/www.linkedin.com\/company\/35501660","https:\/\/www.pinterest.ch\/TeiaEducation\/"]}]}},"_links":{"self":[{"href":"https:\/\/teiaeducation.ch\/de\/wp-json\/wp\/v2\/product\/58378","targetHints":{"allow":["GET"]}}],"collection":[{"href":"https:\/\/teiaeducation.ch\/de\/wp-json\/wp\/v2\/product"}],"about":[{"href":"https:\/\/teiaeducation.ch\/de\/wp-json\/wp\/v2\/types\/product"}],"replies":[{"embeddable":true,"href":"https:\/\/teiaeducation.ch\/de\/wp-json\/wp\/v2\/comments?post=58378"}],"wp:featuredmedia":[{"embeddable":true,"href":"https:\/\/teiaeducation.ch\/de\/wp-json\/wp\/v2\/media\/57962"}],"wp:attachment":[{"href":"https:\/\/teiaeducation.ch\/de\/wp-json\/wp\/v2\/media?parent=58378"}],"wp:term":[{"taxonomy":"product_brand","embeddable":true,"href":"https:\/\/teiaeducation.ch\/de\/wp-json\/wp\/v2\/product_brand?post=58378"},{"taxonomy":"product_cat","embeddable":true,"href":"https:\/\/teiaeducation.ch\/de\/wp-json\/wp\/v2\/product_cat?post=58378"},{"taxonomy":"product_tag","embeddable":true,"href":"https:\/\/teiaeducation.ch\/de\/wp-json\/wp\/v2\/product_tag?post=58378"}],"curies":[{"name":"wp","href":"https:\/\/api.w.org\/{rel}","templated":true}]}}