{"id":58384,"date":"2023-12-05T15:26:55","date_gmt":"2023-12-05T14:26:55","guid":{"rendered":"https:\/\/teiaeducation.ch\/product\/wachstumsraetsel-evolution-educo\/"},"modified":"2024-09-17T09:43:48","modified_gmt":"2024-09-17T07:43:48","slug":"wachstumsraetsel-evolution-educo","status":"publish","type":"product","link":"https:\/\/teiaeducation.ch\/de\/produkt\/wachstumsraetsel-evolution-educo\/","title":{"rendered":"Lagenpuzzle menschliche Evolution  &#8211; Educo"},"content":{"rendered":"<p>Das Educo Lagenpuzzle der menschliche Evolution ist ein <a href=\"https:\/\/teiaeducation.ch\/product-category\/play\/wooden-puzzles\/\">Holzpuzzle<\/a> mit 5 Lagen, die die verschiedenen Stadien der menschlichen Entwicklung und die Geschichte der <a href=\"https:\/\/teiaeducation.ch\/product\/evolution-of-man-safari-ltd\/\">Evolution<\/a> darstellen.<\/p>\n<p>Die Arbeit mit diesem Lagenpuzzle bringt dem Kind die Geschichte der Menschheit n\u00e4her und ist eine gro\u00dfartige Unterst\u00fctzung f\u00fcr den Unterricht \u00fcber die <a href=\"https:\/\/teiaeducation.ch\/product-category\/learning-themes\/culture-science\/human-geography-culture\/\">menschliche Kultur<\/a> und <a href=\"https:\/\/teiaeducation.ch\/product-category\/learning-themes\/culture-science\/science\/\">Wissenschaft<\/a>, die <a href=\"https:\/\/teiaeducation.ch\/product-category\/learning-themes\/culture-science\/earth-universe\/\">Erde<\/a>, die <a href=\"https:\/\/teiaeducation.ch\/product-category\/learning-themes\/culture-science\/prehistory\/\">Vorgeschichte<\/a> und <a href=\"https:\/\/teiaeducation.ch\/product-category\/learning-themes\/culture-science\/time-lines\/\">Zeitlinien<\/a>.<\/p>\n<p>Au\u00dferdem werden die r\u00e4umliche Orientierung, die <a href=\"https:\/\/teiaeducation.ch\/product-category\/learning-themes\/sensory-motor-skills\/motor-skills\/\">Feinmotorik<\/a>, der <a href=\"https:\/\/teiaeducation.ch\/product-category\/learning-themes\/literacy-language\/vocabulary-2\/\">Wortschatz<\/a>, das Erkennen von Zusammenh\u00e4ngen und die F\u00e4higkeit zu assoziieren und zu kombinieren gef\u00f6rdert.<\/p>\n<p>Dieses Lagenpuzzle ist f\u00fcr Kinder ab 4 Jahren geeignet.<\/p>\n<p>Inhalt:<\/p>\n<p>1 Einlegebrett aus Holz (18,5 x 20,5 cm)<br \/>\n24 h\u00f6lzerne Puzzlest\u00fccke<\/p>\n<h2>\u00dcber Educo<\/h2>\n<p>Die niederl\u00e4ndische Marke <a href=\"https:\/\/teiaeducation.ch\/product-category\/brands\/educo\/\">Educo<\/a> steht f\u00fcr eine bunte Welt des spielerischen <a href=\"https:\/\/teiaeducation.ch\/product-category\/learning-themes\/\">Lernens<\/a>, herausfordernde Lernspiele und Spielzeuge! Die hochwertigen und langlebigen Educo Produkte orientieren sich an Alltagssituationen und helfen Babys und Kindern, Spiele mit regul\u00e4ren Themen zu verbinden und den Lernprozess in eine Simulation ihrer nat\u00fcrlichen Umgebung zu verwandeln.<\/p>\n<p>Das Educo-Sortiment ist in drei Entwicklungsbereiche unterteilt: <a href=\"https:\/\/teiaeducation.ch\/product-category\/brands\/educo\/motor-play\/\">Motorik<\/a>, <a href=\"https:\/\/teiaeducation.ch\/product-category\/brands\/educo\/language-play\/\">Sprache<\/a> und <a href=\"https:\/\/teiaeducation.ch\/product-category\/brands\/educo\/mathematical-play\/\">Mathematik<\/a>. Im Jahr 2023 wurde ein umfassendes Sortiment an <a href=\"https:\/\/teiaeducation.ch\/product-category\/brands\/educo\/montessori-toys-range-0-3-years\/\">Montessori Spielzeug<\/a> f\u00fcr Kinder im Alter von 0 bis 3 Jahren eingef\u00fchrt, um das Wachstum und die Entwicklung der Kleinen bestm\u00f6glich zu f\u00f6rdern.<\/p>\n<p>Die aktiven, spielerischen Lernprodukte von Educo sind haupts\u00e4chlich aus Holz gefertigt und bestehen aus nachhaltigen Materialien wie Farben und Lacken auf Wasserbasis. Die <a href=\"https:\/\/teiaeducation.ch\/product-category\/hgh-quality-toys-play\/\">Spielzeuge<\/a> sind so konzipiert, dass sie \u00fcber viele Jahre hinweg robust verwendet werden k\u00f6nnen, spielerisches Lernen f\u00f6rdern und Kinder im Alter von 0-12 Jahren zu Wachstum und Erfolg inspirieren.<\/p>\n<p>Sie erf\u00fcllen die Anforderungen der verschiedenen europ\u00e4ischen und internationalen Sicherheitsvorschriften f\u00fcr Spielzeug und entsprechen der Richtlinie 2009\/48\/EG \u00fcber die Sicherheit von Spielzeug, einschlie\u00dflich EN81 und ASTM.<\/p>\n","protected":false},"excerpt":{"rendered":"<p>Artikelnummer: 900000284<\/p>\n<p>Das Educo Lagenpuzzle der menschliche Evolution ist ein Holzpuzzle mit 5 Lagen, und bringt dem Kind die Geschichte der Menschheit n\u00e4her!<\/p>\n<p>&nbsp;<\/p>\n","protected":false},"featured_media":57831,"comment_status":"open","ping_status":"closed","template":"","meta":[],"product_brand":[],"product_cat":[21445,21524,21479,21599,21515,21491,21484,21707,21517,21510,21509,22182,21443,21563,21615,21678,21482,21564,21519,21536,21522],"product_tag":[27389,27382,27383,27381,27384,27385,21742,27388,27390,27386,27391,27387,26645],"class_list":{"0":"post-58384","1":"product","2":"type-product","3":"status-publish","4":"has-post-thumbnail","6":"product_cat-3-6-jahre-vorschule","7":"product_cat-alphabetisierung-sprache","8":"product_cat-lernmaterialien-spielzeug-montessori-waldorf-steiner-froebel","9":"product_cat-educo-de","10":"product_cat-erde-universum","11":"product_cat-geschenk-guide-lerngeschenke","12":"product_cat-geschenk-guides","13":"product_cat-holzpuzzles","14":"product_cat-humangeographie-kultur","15":"product_cat-kultur-wissenschaft","16":"product_cat-lernthemen","17":"product_cat-montessori-spielzeug","18":"product_cat-nach-alter","19":"product_cat-neuheiten","20":"product_cat-puzzle-spiel","21":"product_cat-kinder-spielzeug","22":"product_cat-traditionelle-bildung","23":"product_cat-unsere-marken","24":"product_cat-vorgeschichte","25":"product_cat-wortschatz","26":"product_cat-zeitlinien","27":"product_tag-educo-holzschichtpuzzle-evolution","28":"product_tag-evolution-mensch-lernspielzeug","29":"product_tag-evolutionsschichten-puzzle","30":"product_tag-lernspielzeug-de","31":"product_tag-montessori-evolution-mensch","32":"product_tag-montessori-zeitlinie-menschen","33":"product_tag-montessori-spielzeug","34":"product_tag-schichtenpuzzle-wachstumsratsel-evolution","35":"product_tag-wachstumsratsel-evolution","36":"product_tag-wachstumsratsel-evolution-educo","37":"product_tag-wachstumsratsel-evolution-educo-de","38":"product_tag-wachstumsratsel-evolution-holz","39":"product_tag-zoologie-montessori-de","41":"first","42":"instock","43":"taxable","44":"shipping-taxable","45":"purchasable","46":"product-type-simple"},"yoast_head":"<!-- This site is optimized with the Yoast SEO plugin v27.1.1 - https:\/\/yoast.com\/product\/yoast-seo-wordpress\/ -->\n<title>Lagenpuzzle menschliche Evolution - Educo - Teia Education &amp; Play<\/title>\n<meta name=\"description\" content=\"Das Educo Lagenpuzzle der menschliche Evolution ist ein Holzpuzzle mit 5 Lagen, und bringt dem Kind die Geschichte der Menschheit n\u00e4her.\" \/>\n<meta name=\"robots\" content=\"index, follow, max-snippet:-1, max-image-preview:large, max-video-preview:-1\" \/>\n<link rel=\"canonical\" href=\"https:\/\/teiaeducation.ch\/de\/produkt\/wachstumsraetsel-evolution-educo\/\" \/>\n<meta property=\"og:locale\" content=\"de_DE\" \/>\n<meta property=\"og:type\" content=\"article\" \/>\n<meta property=\"og:title\" content=\"Lagenpuzzle menschliche Evolution - Educo - Teia Education &amp; Play\" \/>\n<meta property=\"og:description\" content=\"Das Educo Lagenpuzzle der menschliche Evolution ist ein Holzpuzzle mit 5 Lagen, und bringt dem Kind die Geschichte der Menschheit n\u00e4her.\" \/>\n<meta property=\"og:url\" content=\"https:\/\/teiaeducation.ch\/de\/produkt\/wachstumsraetsel-evolution-educo\/\" \/>\n<meta property=\"og:site_name\" content=\"Sustainable Educational Products &amp; Ecological Toys\u00a0\" \/>\n<meta property=\"article:publisher\" content=\"https:\/\/www.facebook.com\/teiaeducation\/\" \/>\n<meta property=\"article:modified_time\" content=\"2024-09-17T07:43:48+00:00\" \/>\n<meta property=\"og:image\" content=\"https:\/\/teiaeducation.ch\/wp-content\/uploads\/2023\/12\/Evolution-of-Man-layer-puzzle-Educo--scaled.jpg\" \/>\n\t<meta property=\"og:image:width\" content=\"2048\" \/>\n\t<meta property=\"og:image:height\" content=\"2048\" \/>\n\t<meta property=\"og:image:type\" content=\"image\/jpeg\" \/>\n<script type=\"application\/ld+json\" class=\"yoast-schema-graph\">{\"@context\":\"https:\/\/schema.org\",\"@graph\":[{\"@type\":\"WebPage\",\"@id\":\"https:\/\/teiaeducation.ch\/de\/produkt\/wachstumsraetsel-evolution-educo\/\",\"url\":\"https:\/\/teiaeducation.ch\/de\/produkt\/wachstumsraetsel-evolution-educo\/\",\"name\":\"Lagenpuzzle menschliche Evolution - Educo - Teia Education & Play\",\"isPartOf\":{\"@id\":\"https:\/\/teiaeducation.ch\/de\/#website\"},\"primaryImageOfPage\":{\"@id\":\"https:\/\/teiaeducation.ch\/de\/produkt\/wachstumsraetsel-evolution-educo\/#primaryimage\"},\"image\":{\"@id\":\"https:\/\/teiaeducation.ch\/de\/produkt\/wachstumsraetsel-evolution-educo\/#primaryimage\"},\"thumbnailUrl\":\"https:\/\/teiaeducation.ch\/wp-content\/uploads\/2023\/12\/Evolution-of-Man-layer-puzzle-Educo--scaled.jpg\",\"datePublished\":\"2023-12-05T14:26:55+00:00\",\"dateModified\":\"2024-09-17T07:43:48+00:00\",\"description\":\"Das Educo Lagenpuzzle der menschliche Evolution ist ein Holzpuzzle mit 5 Lagen, und bringt dem Kind die Geschichte der Menschheit n\u00e4her.\",\"breadcrumb\":{\"@id\":\"https:\/\/teiaeducation.ch\/de\/produkt\/wachstumsraetsel-evolution-educo\/#breadcrumb\"},\"inLanguage\":\"de-CH\",\"potentialAction\":[{\"@type\":\"ReadAction\",\"target\":[\"https:\/\/teiaeducation.ch\/de\/produkt\/wachstumsraetsel-evolution-educo\/\"]}]},{\"@type\":\"ImageObject\",\"inLanguage\":\"de-CH\",\"@id\":\"https:\/\/teiaeducation.ch\/de\/produkt\/wachstumsraetsel-evolution-educo\/#primaryimage\",\"url\":\"https:\/\/teiaeducation.ch\/wp-content\/uploads\/2023\/12\/Evolution-of-Man-layer-puzzle-Educo--scaled.jpg\",\"contentUrl\":\"https:\/\/teiaeducation.ch\/wp-content\/uploads\/2023\/12\/Evolution-of-Man-layer-puzzle-Educo--scaled.jpg\",\"width\":2048,\"height\":2048,\"caption\":\"Lagenpuzzle menschliche Evolution Educo Holzpuzzle\"},{\"@type\":\"BreadcrumbList\",\"@id\":\"https:\/\/teiaeducation.ch\/de\/produkt\/wachstumsraetsel-evolution-educo\/#breadcrumb\",\"itemListElement\":[{\"@type\":\"ListItem\",\"position\":1,\"name\":\"Home\",\"item\":\"https:\/\/teiaeducation.ch\/de\/\"},{\"@type\":\"ListItem\",\"position\":2,\"name\":\"Laden\",\"item\":\"https:\/\/teiaeducation.ch\/de\/shop\/\"},{\"@type\":\"ListItem\",\"position\":3,\"name\":\"Unsere Marken\",\"item\":\"https:\/\/teiaeducation.ch\/de\/produkt-kategorie\/unsere-marken\/\"},{\"@type\":\"ListItem\",\"position\":4,\"name\":\"Educo\",\"item\":\"https:\/\/teiaeducation.ch\/de\/produkt-kategorie\/unsere-marken\/educo-de\/\"},{\"@type\":\"ListItem\",\"position\":5,\"name\":\"Puzzle Spiel\",\"item\":\"https:\/\/teiaeducation.ch\/de\/produkt-kategorie\/unsere-marken\/educo-de\/puzzle-spiel\/\"},{\"@type\":\"ListItem\",\"position\":6,\"name\":\"Lagenpuzzle menschliche Evolution &#8211; Educo\"}]},{\"@type\":\"WebSite\",\"@id\":\"https:\/\/teiaeducation.ch\/de\/#website\",\"url\":\"https:\/\/teiaeducation.ch\/de\/\",\"name\":\"Sustainable Educational Products &amp; Ecological Toys\u00a0\",\"description\":\"Specialised Swiss shop selling sustainable educational toys and games, AMI certified Montessori materials, handmade ecological wooden Waldorf toys and arts &amp; crafts supplies, school supplies, children&#039;s furniture and Montessori reference and parenting books.\",\"publisher\":{\"@id\":\"https:\/\/teiaeducation.ch\/de\/#organization\"},\"alternateName\":\"Teia Education & Play\",\"potentialAction\":[{\"@type\":\"SearchAction\",\"target\":{\"@type\":\"EntryPoint\",\"urlTemplate\":\"https:\/\/teiaeducation.ch\/de\/?s={search_term_string}\"},\"query-input\":{\"@type\":\"PropertyValueSpecification\",\"valueRequired\":true,\"valueName\":\"search_term_string\"}}],\"inLanguage\":\"de-CH\"},{\"@type\":\"Organization\",\"@id\":\"https:\/\/teiaeducation.ch\/de\/#organization\",\"name\":\"Teia Education & Play\",\"url\":\"https:\/\/teiaeducation.ch\/de\/\",\"logo\":{\"@type\":\"ImageObject\",\"inLanguage\":\"de-CH\",\"@id\":\"https:\/\/teiaeducation.ch\/de\/#\/schema\/logo\/image\/\",\"url\":\"https:\/\/teiaeducation.ch\/wp-content\/uploads\/2020\/11\/Teia-Education-Switzerland-e1620156442216.jpg\",\"contentUrl\":\"https:\/\/teiaeducation.ch\/wp-content\/uploads\/2020\/11\/Teia-Education-Switzerland-e1620156442216.jpg\",\"width\":166,\"height\":145,\"caption\":\"Teia Education & Play\"},\"image\":{\"@id\":\"https:\/\/teiaeducation.ch\/de\/#\/schema\/logo\/image\/\"},\"sameAs\":[\"https:\/\/www.facebook.com\/teiaeducation\/\",\"https:\/\/x.com\/EducationTeia\",\"https:\/\/www.instagram.com\/teia.education\/\",\"https:\/\/www.linkedin.com\/company\/35501660\",\"https:\/\/www.pinterest.ch\/TeiaEducation\/\"]}]}<\/script>\n<!-- \/ Yoast SEO plugin. -->","yoast_head_json":{"title":"Lagenpuzzle menschliche Evolution - Educo - Teia Education & Play","description":"Das Educo Lagenpuzzle der menschliche Evolution ist ein Holzpuzzle mit 5 Lagen, und bringt dem Kind die Geschichte der Menschheit n\u00e4her.","robots":{"index":"index","follow":"follow","max-snippet":"max-snippet:-1","max-image-preview":"max-image-preview:large","max-video-preview":"max-video-preview:-1"},"canonical":"https:\/\/teiaeducation.ch\/de\/produkt\/wachstumsraetsel-evolution-educo\/","og_locale":"de_DE","og_type":"article","og_title":"Lagenpuzzle menschliche Evolution - Educo - Teia Education & Play","og_description":"Das Educo Lagenpuzzle der menschliche Evolution ist ein Holzpuzzle mit 5 Lagen, und bringt dem Kind die Geschichte der Menschheit n\u00e4her.","og_url":"https:\/\/teiaeducation.ch\/de\/produkt\/wachstumsraetsel-evolution-educo\/","og_site_name":"Sustainable Educational Products &amp; Ecological Toys\u00a0","article_publisher":"https:\/\/www.facebook.com\/teiaeducation\/","article_modified_time":"2024-09-17T07:43:48+00:00","og_image":[{"width":2048,"height":2048,"url":"https:\/\/teiaeducation.ch\/wp-content\/uploads\/2023\/12\/Evolution-of-Man-layer-puzzle-Educo--scaled.jpg","type":"image\/jpeg"}],"schema":{"@context":"https:\/\/schema.org","@graph":[{"@type":"WebPage","@id":"https:\/\/teiaeducation.ch\/de\/produkt\/wachstumsraetsel-evolution-educo\/","url":"https:\/\/teiaeducation.ch\/de\/produkt\/wachstumsraetsel-evolution-educo\/","name":"Lagenpuzzle menschliche Evolution - Educo - Teia Education & Play","isPartOf":{"@id":"https:\/\/teiaeducation.ch\/de\/#website"},"primaryImageOfPage":{"@id":"https:\/\/teiaeducation.ch\/de\/produkt\/wachstumsraetsel-evolution-educo\/#primaryimage"},"image":{"@id":"https:\/\/teiaeducation.ch\/de\/produkt\/wachstumsraetsel-evolution-educo\/#primaryimage"},"thumbnailUrl":"https:\/\/teiaeducation.ch\/wp-content\/uploads\/2023\/12\/Evolution-of-Man-layer-puzzle-Educo--scaled.jpg","datePublished":"2023-12-05T14:26:55+00:00","dateModified":"2024-09-17T07:43:48+00:00","description":"Das Educo Lagenpuzzle der menschliche Evolution ist ein Holzpuzzle mit 5 Lagen, und bringt dem Kind die Geschichte der Menschheit n\u00e4her.","breadcrumb":{"@id":"https:\/\/teiaeducation.ch\/de\/produkt\/wachstumsraetsel-evolution-educo\/#breadcrumb"},"inLanguage":"de-CH","potentialAction":[{"@type":"ReadAction","target":["https:\/\/teiaeducation.ch\/de\/produkt\/wachstumsraetsel-evolution-educo\/"]}]},{"@type":"ImageObject","inLanguage":"de-CH","@id":"https:\/\/teiaeducation.ch\/de\/produkt\/wachstumsraetsel-evolution-educo\/#primaryimage","url":"https:\/\/teiaeducation.ch\/wp-content\/uploads\/2023\/12\/Evolution-of-Man-layer-puzzle-Educo--scaled.jpg","contentUrl":"https:\/\/teiaeducation.ch\/wp-content\/uploads\/2023\/12\/Evolution-of-Man-layer-puzzle-Educo--scaled.jpg","width":2048,"height":2048,"caption":"Lagenpuzzle menschliche Evolution Educo Holzpuzzle"},{"@type":"BreadcrumbList","@id":"https:\/\/teiaeducation.ch\/de\/produkt\/wachstumsraetsel-evolution-educo\/#breadcrumb","itemListElement":[{"@type":"ListItem","position":1,"name":"Home","item":"https:\/\/teiaeducation.ch\/de\/"},{"@type":"ListItem","position":2,"name":"Laden","item":"https:\/\/teiaeducation.ch\/de\/shop\/"},{"@type":"ListItem","position":3,"name":"Unsere Marken","item":"https:\/\/teiaeducation.ch\/de\/produkt-kategorie\/unsere-marken\/"},{"@type":"ListItem","position":4,"name":"Educo","item":"https:\/\/teiaeducation.ch\/de\/produkt-kategorie\/unsere-marken\/educo-de\/"},{"@type":"ListItem","position":5,"name":"Puzzle Spiel","item":"https:\/\/teiaeducation.ch\/de\/produkt-kategorie\/unsere-marken\/educo-de\/puzzle-spiel\/"},{"@type":"ListItem","position":6,"name":"Lagenpuzzle menschliche Evolution &#8211; Educo"}]},{"@type":"WebSite","@id":"https:\/\/teiaeducation.ch\/de\/#website","url":"https:\/\/teiaeducation.ch\/de\/","name":"Sustainable Educational Products &amp; Ecological Toys\u00a0","description":"Specialised Swiss shop selling sustainable educational toys and games, AMI certified Montessori materials, handmade ecological wooden Waldorf toys and arts &amp; crafts supplies, school supplies, children&#039;s furniture and Montessori reference and parenting books.","publisher":{"@id":"https:\/\/teiaeducation.ch\/de\/#organization"},"alternateName":"Teia Education & Play","potentialAction":[{"@type":"SearchAction","target":{"@type":"EntryPoint","urlTemplate":"https:\/\/teiaeducation.ch\/de\/?s={search_term_string}"},"query-input":{"@type":"PropertyValueSpecification","valueRequired":true,"valueName":"search_term_string"}}],"inLanguage":"de-CH"},{"@type":"Organization","@id":"https:\/\/teiaeducation.ch\/de\/#organization","name":"Teia Education & Play","url":"https:\/\/teiaeducation.ch\/de\/","logo":{"@type":"ImageObject","inLanguage":"de-CH","@id":"https:\/\/teiaeducation.ch\/de\/#\/schema\/logo\/image\/","url":"https:\/\/teiaeducation.ch\/wp-content\/uploads\/2020\/11\/Teia-Education-Switzerland-e1620156442216.jpg","contentUrl":"https:\/\/teiaeducation.ch\/wp-content\/uploads\/2020\/11\/Teia-Education-Switzerland-e1620156442216.jpg","width":166,"height":145,"caption":"Teia Education & Play"},"image":{"@id":"https:\/\/teiaeducation.ch\/de\/#\/schema\/logo\/image\/"},"sameAs":["https:\/\/www.facebook.com\/teiaeducation\/","https:\/\/x.com\/EducationTeia","https:\/\/www.instagram.com\/teia.education\/","https:\/\/www.linkedin.com\/company\/35501660","https:\/\/www.pinterest.ch\/TeiaEducation\/"]}]}},"_links":{"self":[{"href":"https:\/\/teiaeducation.ch\/de\/wp-json\/wp\/v2\/product\/58384","targetHints":{"allow":["GET"]}}],"collection":[{"href":"https:\/\/teiaeducation.ch\/de\/wp-json\/wp\/v2\/product"}],"about":[{"href":"https:\/\/teiaeducation.ch\/de\/wp-json\/wp\/v2\/types\/product"}],"replies":[{"embeddable":true,"href":"https:\/\/teiaeducation.ch\/de\/wp-json\/wp\/v2\/comments?post=58384"}],"wp:featuredmedia":[{"embeddable":true,"href":"https:\/\/teiaeducation.ch\/de\/wp-json\/wp\/v2\/media\/57831"}],"wp:attachment":[{"href":"https:\/\/teiaeducation.ch\/de\/wp-json\/wp\/v2\/media?parent=58384"}],"wp:term":[{"taxonomy":"product_brand","embeddable":true,"href":"https:\/\/teiaeducation.ch\/de\/wp-json\/wp\/v2\/product_brand?post=58384"},{"taxonomy":"product_cat","embeddable":true,"href":"https:\/\/teiaeducation.ch\/de\/wp-json\/wp\/v2\/product_cat?post=58384"},{"taxonomy":"product_tag","embeddable":true,"href":"https:\/\/teiaeducation.ch\/de\/wp-json\/wp\/v2\/product_tag?post=58384"}],"curies":[{"name":"wp","href":"https:\/\/api.w.org\/{rel}","templated":true}]}}