{"id":58388,"date":"2023-11-07T14:08:19","date_gmt":"2023-11-07T13:08:19","guid":{"rendered":"https:\/\/teiaeducation.ch\/product\/fuehl-zahlen-educo\/"},"modified":"2024-09-17T09:46:24","modified_gmt":"2024-09-17T07:46:24","slug":"fuehl-zahlen-educo","status":"publish","type":"product","link":"https:\/\/teiaeducation.ch\/de\/produkt\/fuehl-zahlen-educo\/","title":{"rendered":"F\u00fchl-Zahlen aus Holz &#8211; Educo"},"content":{"rendered":"<p>Das Educo F\u00fchl-Zahlen aus Holz Set ist hochwertiges <a href=\"https:\/\/teiaeducation.ch\/product-category\/learning-themes\/mathematics-numeracy\/\">mathematisches<\/a> Material, bestehend aus zehn Holztafeln mit den kursiv eingravierten <a href=\"https:\/\/teiaeducation.ch\/product-category\/learning-themes\/mathematics-numeracy\/numbers\/\">Zahlen<\/a> Null bis Neun und einem Holzbleistift mit abgeflachter Spitze. Das Kind folgt den Formen der Zahlen mit dem Zeigefinger oder mit dem Bleistift.<\/p>\n<p>Die F\u00fchl-Zahlen stimulieren die <a href=\"https:\/\/teiaeducation.ch\/product-category\/learning-themes\/literacy-language\/learning-to-write\/\">Vorschreibef\u00e4higkeiten<\/a> durch die Nutzung der Sinne, wodurch die Grundlage f\u00fcr die Erkennung von Zahlensymbolen und Formen gelegt wird und auch die <a href=\"https:\/\/teiaeducation.ch\/product-category\/learning-themes\/sensory-motor-skills\/motor-skills\/\">Feinmotorik<\/a> entwickelt wird. Die Educo <a href=\"https:\/\/teiaeducation.ch\/product\/blindfolds-set-of-4-educo\/\">Augenbinden<\/a> k\u00f6nnen bei der Arbeit mit den Zahlentafeln eingesetzt werden. Dieses sensorische Sprachmaterial \u00e4hnelt den <a href=\"https:\/\/teiaeducation.ch\/de\/produkt-kategorie\/unsere-marken\/nienhuis-montessori-schweiz\/\">Nienhuis Montessori<\/a> <a href=\"https:\/\/teiaeducation.ch\/product\/sandpaper-numerals-international-version-nienhuis-montessori\/\">Sandpapierziffern<\/a>.<\/p>\n<p>Educo F\u00fchl-Zahlen ist f\u00fcr Kinder im Alter von 4-6 Jahren geeignet.<\/p>\n<p>Inhalt:<\/p>\n<p>10 Holztafeln (je 11 x 9 cm)<br \/>\n1 Holzstift<br \/>\n1 Aufbewahrungsbox aus Holz (15 x 11,5 x 7 cm)<\/p>\n<h2>\u00dcber Educo<\/h2>\n<p>Die niederl\u00e4ndische Marke <a href=\"https:\/\/teiaeducation.ch\/product-category\/brands\/educo\/\">Educo<\/a> steht f\u00fcr eine bunte Welt des spielerischen <a href=\"https:\/\/teiaeducation.ch\/product-category\/learning-themes\/\">Lernens<\/a>, herausfordernde Lernspiele und Spielzeuge! Die hochwertigen und langlebigen Educo Produkte orientieren sich an Alltagssituationen und helfen Babys und Kindern, Spiele mit regul\u00e4ren Themen zu verbinden und den Lernprozess in eine Simulation ihrer nat\u00fcrlichen Umgebung zu verwandeln.<\/p>\n<p>Das Educo-Sortiment ist in drei Entwicklungsbereiche unterteilt: <a href=\"https:\/\/teiaeducation.ch\/product-category\/brands\/educo\/motor-play\/\">Motorik<\/a>, <a href=\"https:\/\/teiaeducation.ch\/product-category\/brands\/educo\/language-play\/\">Sprache<\/a> und <a href=\"https:\/\/teiaeducation.ch\/product-category\/brands\/educo\/mathematical-play\/\">Mathematik<\/a>. Im Jahr 2023 wurde ein umfassendes Sortiment an <a href=\"https:\/\/teiaeducation.ch\/product-category\/brands\/educo\/montessori-toys-range-0-3-years\/\">Montessori Spielzeug<\/a> f\u00fcr Kinder im Alter von 0 bis 3 Jahren eingef\u00fchrt, um das Wachstum und die Entwicklung der Kleinen bestm\u00f6glich zu f\u00f6rdern.<\/p>\n<p>Die aktiven, spielerischen Lernprodukte von Educo sind haupts\u00e4chlich aus Holz gefertigt und bestehen aus nachhaltigen Materialien wie Farben und Lacken auf Wasserbasis. Die <a href=\"https:\/\/teiaeducation.ch\/product-category\/hgh-quality-toys-play\/\">Spielzeuge<\/a> sind so konzipiert, dass sie \u00fcber viele Jahre hinweg robust verwendet werden k\u00f6nnen, spielerisches Lernen f\u00f6rdern und Kinder im Alter von 0-12 Jahren zu Wachstum und Erfolg inspirieren.<\/p>\n<p>Sie erf\u00fcllen die Anforderungen der verschiedenen europ\u00e4ischen und internationalen Sicherheitsvorschriften f\u00fcr Spielzeug und entsprechen der Richtlinie 2009\/48\/EG \u00fcber die Sicherheit von Spielzeug, einschlie\u00dflich EN81 und ASTM.<\/p>\n","protected":false},"excerpt":{"rendered":"<p>Artikelnummer: 1312000<\/p>\n<p>Das Educo F\u00fchl-Zahlen aus Holz Set ist hochwertiges mathematisches Material, bestehend aus zehn Holztafeln mit den kursiv eingravierten Zahlen 0 bis 9.<\/p>\n","protected":false},"featured_media":57784,"comment_status":"closed","ping_status":"closed","template":"","meta":[],"product_brand":[],"product_cat":[21445,21524,23651,21479,21599,21509,21530,21537,21481,22182,21559,21609,21443,21563,22362,21531,21494,21495,21557,21562,21678,21601,21482,21564,21540,21547],"product_tag":[26119,26406,27418,27417,27415,26515,23100,23107,26773,26920,27419,27420,27416],"class_list":{"0":"post-58388","1":"product","2":"type-product","3":"status-publish","4":"has-post-thumbnail","6":"product_cat-3-6-jahre-vorschule","7":"product_cat-alphabetisierung-sprache","8":"product_cat-back-to-school-de","9":"product_cat-lernmaterialien-spielzeug-montessori-waldorf-steiner-froebel","10":"product_cat-educo-de","11":"product_cat-lernthemen","12":"product_cat-lesen-lernen","13":"product_cat-mathematik-rechnen","14":"product_cat-montessori-paedagogik-material-spielzeug","15":"product_cat-montessori-spielzeug","16":"product_cat-motorische-fertigkeiten","17":"product_cat-motorisches-spiel","18":"product_cat-nach-alter","19":"product_cat-neuheiten","20":"product_cat-saisonale-kollektionen","21":"product_cat-schreiben-lernen","22":"product_cat-schulbedarf-fuer-zuhause","23":"product_cat-schulbedarf-fuer-zuhause-3-6-jahre","24":"product_cat-sensorische-motorische-fertigkeiten","25":"product_cat-sinne","26":"product_cat-kinder-spielzeug","27":"product_cat-sprachspiel-educo","28":"product_cat-traditionelle-bildung","29":"product_cat-unsere-marken","30":"product_cat-zaehlen","31":"product_cat-ziffern","32":"product_tag-bildungsprodukte","33":"product_tag-educo-de","34":"product_tag-educo-fuhl-zahlen","35":"product_tag-fuhl-zahlen","36":"product_tag-hohlzahlen","37":"product_tag-lernspielzeug","38":"product_tag-montessori-de","39":"product_tag-montessori-sinnesmaterial-de","40":"product_tag-montessori-mathematik","41":"product_tag-montessori-sprache-de","42":"product_tag-sensorische-materialien","43":"product_tag-unterrichtsmaterialien","44":"product_tag-zahlenformen","46":"first","47":"instock","48":"taxable","49":"shipping-taxable","50":"purchasable","51":"product-type-simple"},"yoast_head":"<!-- This site is optimized with the Yoast SEO plugin v27.1.1 - https:\/\/yoast.com\/product\/yoast-seo-wordpress\/ -->\n<title>F\u00fchl-Zahlen aus Holz - Educo - Teia Education &amp; Play<\/title>\n<meta name=\"description\" content=\"Das Educo F\u00fchl-Zahlen aus Holz Set ist hochwertiges mathematisches Material, bestehend aus zehn Holztafeln mit den kursiv eingravierten Zahlen 0 bis 9.\" \/>\n<meta name=\"robots\" content=\"index, follow, max-snippet:-1, max-image-preview:large, max-video-preview:-1\" \/>\n<link rel=\"canonical\" href=\"https:\/\/teiaeducation.ch\/de\/produkt\/fuehl-zahlen-educo\/\" \/>\n<meta property=\"og:locale\" content=\"de_DE\" \/>\n<meta property=\"og:type\" content=\"article\" \/>\n<meta property=\"og:title\" content=\"F\u00fchl-Zahlen aus Holz - Educo - Teia Education &amp; Play\" \/>\n<meta property=\"og:description\" content=\"Das Educo F\u00fchl-Zahlen aus Holz Set ist hochwertiges mathematisches Material, bestehend aus zehn Holztafeln mit den kursiv eingravierten Zahlen 0 bis 9.\" \/>\n<meta property=\"og:url\" content=\"https:\/\/teiaeducation.ch\/de\/produkt\/fuehl-zahlen-educo\/\" \/>\n<meta property=\"og:site_name\" content=\"Sustainable Educational Products &amp; Ecological Toys\u00a0\" \/>\n<meta property=\"article:publisher\" content=\"https:\/\/www.facebook.com\/teiaeducation\/\" \/>\n<meta property=\"article:modified_time\" content=\"2024-09-17T07:46:24+00:00\" \/>\n<meta property=\"og:image\" content=\"https:\/\/teiaeducation.ch\/wp-content\/uploads\/2019\/01\/High-quality-mathematical-material-Educo-feel-the-number-hollow-numbers-scaled.jpg\" \/>\n\t<meta property=\"og:image:width\" content=\"2048\" \/>\n\t<meta property=\"og:image:height\" content=\"2048\" \/>\n\t<meta property=\"og:image:type\" content=\"image\/jpeg\" \/>\n<script type=\"application\/ld+json\" class=\"yoast-schema-graph\">{\"@context\":\"https:\/\/schema.org\",\"@graph\":[{\"@type\":\"WebPage\",\"@id\":\"https:\/\/teiaeducation.ch\/de\/produkt\/fuehl-zahlen-educo\/\",\"url\":\"https:\/\/teiaeducation.ch\/de\/produkt\/fuehl-zahlen-educo\/\",\"name\":\"F\u00fchl-Zahlen aus Holz - Educo - Teia Education & Play\",\"isPartOf\":{\"@id\":\"https:\/\/teiaeducation.ch\/de\/#website\"},\"primaryImageOfPage\":{\"@id\":\"https:\/\/teiaeducation.ch\/de\/produkt\/fuehl-zahlen-educo\/#primaryimage\"},\"image\":{\"@id\":\"https:\/\/teiaeducation.ch\/de\/produkt\/fuehl-zahlen-educo\/#primaryimage\"},\"thumbnailUrl\":\"https:\/\/teiaeducation.ch\/wp-content\/uploads\/2019\/01\/High-quality-mathematical-material-Educo-feel-the-number-hollow-numbers-scaled.jpg\",\"datePublished\":\"2023-11-07T13:08:19+00:00\",\"dateModified\":\"2024-09-17T07:46:24+00:00\",\"description\":\"Das Educo F\u00fchl-Zahlen aus Holz Set ist hochwertiges mathematisches Material, bestehend aus zehn Holztafeln mit den kursiv eingravierten Zahlen 0 bis 9.\",\"breadcrumb\":{\"@id\":\"https:\/\/teiaeducation.ch\/de\/produkt\/fuehl-zahlen-educo\/#breadcrumb\"},\"inLanguage\":\"de-CH\",\"potentialAction\":[{\"@type\":\"ReadAction\",\"target\":[\"https:\/\/teiaeducation.ch\/de\/produkt\/fuehl-zahlen-educo\/\"]}]},{\"@type\":\"ImageObject\",\"inLanguage\":\"de-CH\",\"@id\":\"https:\/\/teiaeducation.ch\/de\/produkt\/fuehl-zahlen-educo\/#primaryimage\",\"url\":\"https:\/\/teiaeducation.ch\/wp-content\/uploads\/2019\/01\/High-quality-mathematical-material-Educo-feel-the-number-hollow-numbers-scaled.jpg\",\"contentUrl\":\"https:\/\/teiaeducation.ch\/wp-content\/uploads\/2019\/01\/High-quality-mathematical-material-Educo-feel-the-number-hollow-numbers-scaled.jpg\",\"width\":2048,\"height\":2048,\"caption\":\"Hochwertiges mathematisches Material Educo F\u00fchl-Zahlen Hohlzahlen\"},{\"@type\":\"BreadcrumbList\",\"@id\":\"https:\/\/teiaeducation.ch\/de\/produkt\/fuehl-zahlen-educo\/#breadcrumb\",\"itemListElement\":[{\"@type\":\"ListItem\",\"position\":1,\"name\":\"Home\",\"item\":\"https:\/\/teiaeducation.ch\/de\/\"},{\"@type\":\"ListItem\",\"position\":2,\"name\":\"Laden\",\"item\":\"https:\/\/teiaeducation.ch\/de\/shop\/\"},{\"@type\":\"ListItem\",\"position\":3,\"name\":\"Lernthemen\",\"item\":\"https:\/\/teiaeducation.ch\/de\/produkt-kategorie\/lernthemen\/\"},{\"@type\":\"ListItem\",\"position\":4,\"name\":\"Alphabetisierung &amp; Sprache\",\"item\":\"https:\/\/teiaeducation.ch\/de\/produkt-kategorie\/lernthemen\/alphabetisierung-sprache\/\"},{\"@type\":\"ListItem\",\"position\":5,\"name\":\"Lesen Lernen\",\"item\":\"https:\/\/teiaeducation.ch\/de\/produkt-kategorie\/lernthemen\/alphabetisierung-sprache\/lesen-lernen\/\"},{\"@type\":\"ListItem\",\"position\":6,\"name\":\"F\u00fchl-Zahlen aus Holz &#8211; Educo\"}]},{\"@type\":\"WebSite\",\"@id\":\"https:\/\/teiaeducation.ch\/de\/#website\",\"url\":\"https:\/\/teiaeducation.ch\/de\/\",\"name\":\"Sustainable Educational Products &amp; Ecological Toys\u00a0\",\"description\":\"Specialised Swiss shop selling sustainable educational toys and games, AMI certified Montessori materials, handmade ecological wooden Waldorf toys and arts &amp; crafts supplies, school supplies, children&#039;s furniture and Montessori reference and parenting books.\",\"publisher\":{\"@id\":\"https:\/\/teiaeducation.ch\/de\/#organization\"},\"alternateName\":\"Teia Education & Play\",\"potentialAction\":[{\"@type\":\"SearchAction\",\"target\":{\"@type\":\"EntryPoint\",\"urlTemplate\":\"https:\/\/teiaeducation.ch\/de\/?s={search_term_string}\"},\"query-input\":{\"@type\":\"PropertyValueSpecification\",\"valueRequired\":true,\"valueName\":\"search_term_string\"}}],\"inLanguage\":\"de-CH\"},{\"@type\":\"Organization\",\"@id\":\"https:\/\/teiaeducation.ch\/de\/#organization\",\"name\":\"Teia Education & Play\",\"url\":\"https:\/\/teiaeducation.ch\/de\/\",\"logo\":{\"@type\":\"ImageObject\",\"inLanguage\":\"de-CH\",\"@id\":\"https:\/\/teiaeducation.ch\/de\/#\/schema\/logo\/image\/\",\"url\":\"https:\/\/teiaeducation.ch\/wp-content\/uploads\/2020\/11\/Teia-Education-Switzerland-e1620156442216.jpg\",\"contentUrl\":\"https:\/\/teiaeducation.ch\/wp-content\/uploads\/2020\/11\/Teia-Education-Switzerland-e1620156442216.jpg\",\"width\":166,\"height\":145,\"caption\":\"Teia Education & Play\"},\"image\":{\"@id\":\"https:\/\/teiaeducation.ch\/de\/#\/schema\/logo\/image\/\"},\"sameAs\":[\"https:\/\/www.facebook.com\/teiaeducation\/\",\"https:\/\/x.com\/EducationTeia\",\"https:\/\/www.instagram.com\/teia.education\/\",\"https:\/\/www.linkedin.com\/company\/35501660\",\"https:\/\/www.pinterest.ch\/TeiaEducation\/\"]}]}<\/script>\n<!-- \/ Yoast SEO plugin. -->","yoast_head_json":{"title":"F\u00fchl-Zahlen aus Holz - Educo - Teia Education & Play","description":"Das Educo F\u00fchl-Zahlen aus Holz Set ist hochwertiges mathematisches Material, bestehend aus zehn Holztafeln mit den kursiv eingravierten Zahlen 0 bis 9.","robots":{"index":"index","follow":"follow","max-snippet":"max-snippet:-1","max-image-preview":"max-image-preview:large","max-video-preview":"max-video-preview:-1"},"canonical":"https:\/\/teiaeducation.ch\/de\/produkt\/fuehl-zahlen-educo\/","og_locale":"de_DE","og_type":"article","og_title":"F\u00fchl-Zahlen aus Holz - Educo - Teia Education & Play","og_description":"Das Educo F\u00fchl-Zahlen aus Holz Set ist hochwertiges mathematisches Material, bestehend aus zehn Holztafeln mit den kursiv eingravierten Zahlen 0 bis 9.","og_url":"https:\/\/teiaeducation.ch\/de\/produkt\/fuehl-zahlen-educo\/","og_site_name":"Sustainable Educational Products &amp; Ecological Toys\u00a0","article_publisher":"https:\/\/www.facebook.com\/teiaeducation\/","article_modified_time":"2024-09-17T07:46:24+00:00","og_image":[{"width":2048,"height":2048,"url":"https:\/\/teiaeducation.ch\/wp-content\/uploads\/2019\/01\/High-quality-mathematical-material-Educo-feel-the-number-hollow-numbers-scaled.jpg","type":"image\/jpeg"}],"schema":{"@context":"https:\/\/schema.org","@graph":[{"@type":"WebPage","@id":"https:\/\/teiaeducation.ch\/de\/produkt\/fuehl-zahlen-educo\/","url":"https:\/\/teiaeducation.ch\/de\/produkt\/fuehl-zahlen-educo\/","name":"F\u00fchl-Zahlen aus Holz - Educo - Teia Education & Play","isPartOf":{"@id":"https:\/\/teiaeducation.ch\/de\/#website"},"primaryImageOfPage":{"@id":"https:\/\/teiaeducation.ch\/de\/produkt\/fuehl-zahlen-educo\/#primaryimage"},"image":{"@id":"https:\/\/teiaeducation.ch\/de\/produkt\/fuehl-zahlen-educo\/#primaryimage"},"thumbnailUrl":"https:\/\/teiaeducation.ch\/wp-content\/uploads\/2019\/01\/High-quality-mathematical-material-Educo-feel-the-number-hollow-numbers-scaled.jpg","datePublished":"2023-11-07T13:08:19+00:00","dateModified":"2024-09-17T07:46:24+00:00","description":"Das Educo F\u00fchl-Zahlen aus Holz Set ist hochwertiges mathematisches Material, bestehend aus zehn Holztafeln mit den kursiv eingravierten Zahlen 0 bis 9.","breadcrumb":{"@id":"https:\/\/teiaeducation.ch\/de\/produkt\/fuehl-zahlen-educo\/#breadcrumb"},"inLanguage":"de-CH","potentialAction":[{"@type":"ReadAction","target":["https:\/\/teiaeducation.ch\/de\/produkt\/fuehl-zahlen-educo\/"]}]},{"@type":"ImageObject","inLanguage":"de-CH","@id":"https:\/\/teiaeducation.ch\/de\/produkt\/fuehl-zahlen-educo\/#primaryimage","url":"https:\/\/teiaeducation.ch\/wp-content\/uploads\/2019\/01\/High-quality-mathematical-material-Educo-feel-the-number-hollow-numbers-scaled.jpg","contentUrl":"https:\/\/teiaeducation.ch\/wp-content\/uploads\/2019\/01\/High-quality-mathematical-material-Educo-feel-the-number-hollow-numbers-scaled.jpg","width":2048,"height":2048,"caption":"Hochwertiges mathematisches Material Educo F\u00fchl-Zahlen Hohlzahlen"},{"@type":"BreadcrumbList","@id":"https:\/\/teiaeducation.ch\/de\/produkt\/fuehl-zahlen-educo\/#breadcrumb","itemListElement":[{"@type":"ListItem","position":1,"name":"Home","item":"https:\/\/teiaeducation.ch\/de\/"},{"@type":"ListItem","position":2,"name":"Laden","item":"https:\/\/teiaeducation.ch\/de\/shop\/"},{"@type":"ListItem","position":3,"name":"Lernthemen","item":"https:\/\/teiaeducation.ch\/de\/produkt-kategorie\/lernthemen\/"},{"@type":"ListItem","position":4,"name":"Alphabetisierung &amp; Sprache","item":"https:\/\/teiaeducation.ch\/de\/produkt-kategorie\/lernthemen\/alphabetisierung-sprache\/"},{"@type":"ListItem","position":5,"name":"Lesen Lernen","item":"https:\/\/teiaeducation.ch\/de\/produkt-kategorie\/lernthemen\/alphabetisierung-sprache\/lesen-lernen\/"},{"@type":"ListItem","position":6,"name":"F\u00fchl-Zahlen aus Holz &#8211; Educo"}]},{"@type":"WebSite","@id":"https:\/\/teiaeducation.ch\/de\/#website","url":"https:\/\/teiaeducation.ch\/de\/","name":"Sustainable Educational Products &amp; Ecological Toys\u00a0","description":"Specialised Swiss shop selling sustainable educational toys and games, AMI certified Montessori materials, handmade ecological wooden Waldorf toys and arts &amp; crafts supplies, school supplies, children&#039;s furniture and Montessori reference and parenting books.","publisher":{"@id":"https:\/\/teiaeducation.ch\/de\/#organization"},"alternateName":"Teia Education & Play","potentialAction":[{"@type":"SearchAction","target":{"@type":"EntryPoint","urlTemplate":"https:\/\/teiaeducation.ch\/de\/?s={search_term_string}"},"query-input":{"@type":"PropertyValueSpecification","valueRequired":true,"valueName":"search_term_string"}}],"inLanguage":"de-CH"},{"@type":"Organization","@id":"https:\/\/teiaeducation.ch\/de\/#organization","name":"Teia Education & Play","url":"https:\/\/teiaeducation.ch\/de\/","logo":{"@type":"ImageObject","inLanguage":"de-CH","@id":"https:\/\/teiaeducation.ch\/de\/#\/schema\/logo\/image\/","url":"https:\/\/teiaeducation.ch\/wp-content\/uploads\/2020\/11\/Teia-Education-Switzerland-e1620156442216.jpg","contentUrl":"https:\/\/teiaeducation.ch\/wp-content\/uploads\/2020\/11\/Teia-Education-Switzerland-e1620156442216.jpg","width":166,"height":145,"caption":"Teia Education & Play"},"image":{"@id":"https:\/\/teiaeducation.ch\/de\/#\/schema\/logo\/image\/"},"sameAs":["https:\/\/www.facebook.com\/teiaeducation\/","https:\/\/x.com\/EducationTeia","https:\/\/www.instagram.com\/teia.education\/","https:\/\/www.linkedin.com\/company\/35501660","https:\/\/www.pinterest.ch\/TeiaEducation\/"]}]}},"_links":{"self":[{"href":"https:\/\/teiaeducation.ch\/de\/wp-json\/wp\/v2\/product\/58388","targetHints":{"allow":["GET"]}}],"collection":[{"href":"https:\/\/teiaeducation.ch\/de\/wp-json\/wp\/v2\/product"}],"about":[{"href":"https:\/\/teiaeducation.ch\/de\/wp-json\/wp\/v2\/types\/product"}],"replies":[{"embeddable":true,"href":"https:\/\/teiaeducation.ch\/de\/wp-json\/wp\/v2\/comments?post=58388"}],"wp:featuredmedia":[{"embeddable":true,"href":"https:\/\/teiaeducation.ch\/de\/wp-json\/wp\/v2\/media\/57784"}],"wp:attachment":[{"href":"https:\/\/teiaeducation.ch\/de\/wp-json\/wp\/v2\/media?parent=58388"}],"wp:term":[{"taxonomy":"product_brand","embeddable":true,"href":"https:\/\/teiaeducation.ch\/de\/wp-json\/wp\/v2\/product_brand?post=58388"},{"taxonomy":"product_cat","embeddable":true,"href":"https:\/\/teiaeducation.ch\/de\/wp-json\/wp\/v2\/product_cat?post=58388"},{"taxonomy":"product_tag","embeddable":true,"href":"https:\/\/teiaeducation.ch\/de\/wp-json\/wp\/v2\/product_tag?post=58388"}],"curies":[{"name":"wp","href":"https:\/\/api.w.org\/{rel}","templated":true}]}}