{"id":58391,"date":"2021-11-05T17:00:29","date_gmt":"2021-11-05T16:00:29","guid":{"rendered":"https:\/\/teiaeducation.ch\/product\/lenkrad-educo\/"},"modified":"2024-09-17T10:51:27","modified_gmt":"2024-09-17T08:51:27","slug":"lenkrad-educo","status":"publish","type":"product","link":"https:\/\/teiaeducation.ch\/de\/produkt\/lenkrad-educo\/","title":{"rendered":"Lenkrad aus Holz &#8211; Educo"},"content":{"rendered":"<p>Mit dem Educo Lenkrad aus Holz k\u00f6nnen junge und fantasievolle Fahrer das Fahren eines Fahrzeugs simulieren! Dieses <a href=\"https:\/\/teiaeducation.ch\/product-category\/play\/imaginative-role-play\/\">Phantasie- und Rollenspielger\u00e4t<\/a> ist mit einem Schaltkn\u00fcppel und 2 Pedalen ausgestattet.<\/p>\n<p>Das Lenkrad wird unmontiert und flach verpackt geliefert und misst im montierten Zustand: 37 x 37 x 39 cm.<\/p>\n<p>Das Educo Holzspiel Lenkrad aus Holz ist f\u00fcr Kinder ab 3 Jahren geeignet.<\/p>\n<p>Inhalt:<\/p>\n<p>1 flach verpackte Lenkrad<\/p>\n<h2>\u00dcber Educo<\/h2>\n<p>Die niederl\u00e4ndische Marke <a href=\"https:\/\/teiaeducation.ch\/product-category\/brands\/educo\/\">Educo<\/a> steht f\u00fcr eine bunte Welt des spielerischen <a href=\"https:\/\/teiaeducation.ch\/product-category\/learning-themes\/\">Lernens<\/a>, herausfordernde Lernspiele und Spielzeuge! Die hochwertigen und langlebigen Educo Produkte orientieren sich an Alltagssituationen und helfen Babys und Kindern, Spiele mit regul\u00e4ren Themen zu verbinden und den Lernprozess in eine Simulation ihrer nat\u00fcrlichen Umgebung zu verwandeln.<\/p>\n<p>Das Educo-Sortiment ist in drei Entwicklungsbereiche unterteilt: <a href=\"https:\/\/teiaeducation.ch\/product-category\/brands\/educo\/motor-play\/\">Motorik<\/a>, <a href=\"https:\/\/teiaeducation.ch\/product-category\/brands\/educo\/language-play\/\">Sprache<\/a> und <a href=\"https:\/\/teiaeducation.ch\/product-category\/brands\/educo\/mathematical-play\/\">Mathematik<\/a>. Im Jahr 2023 wurde ein umfassendes Sortiment an <a href=\"https:\/\/teiaeducation.ch\/product-category\/brands\/educo\/montessori-toys-range-0-3-years\/\">Montessori Spielzeug<\/a> f\u00fcr Kinder im Alter von 0 bis 3 Jahren eingef\u00fchrt, um das Wachstum und die Entwicklung der Kleinen bestm\u00f6glich zu f\u00f6rdern.<\/p>\n<p>Die aktiven, spielerischen Lernprodukte von Educo sind haupts\u00e4chlich aus Holz gefertigt und bestehen aus nachhaltigen Materialien wie Farben und Lacken auf Wasserbasis. Die <a href=\"https:\/\/teiaeducation.ch\/product-category\/hgh-quality-toys-play\/\">Spielzeuge<\/a> sind so konzipiert, dass sie \u00fcber viele Jahre hinweg robust verwendet werden k\u00f6nnen, spielerisches Lernen f\u00f6rdern und Kinder im Alter von 0-12 Jahren zu Wachstum und Erfolg inspirieren.<\/p>\n<p>Sie erf\u00fcllen die Anforderungen der verschiedenen europ\u00e4ischen und internationalen Sicherheitsvorschriften f\u00fcr Spielzeug und entsprechen der Richtlinie 2009\/48\/EG \u00fcber die Sicherheit von Spielzeug, einschlie\u00dflich EN81 und ASTM.<\/p>\n","protected":false},"excerpt":{"rendered":"<p>Artikelnummer: E009415<\/p>\n<p>Das Educo Lenkrad aus Holz ist mit einem Schaltkn\u00fcppel und 2 Pedalen ausgestattet und erm\u00f6glicht Kinder das Fahren eines Fahrzeugs zu simulieren!<\/p>\n","protected":false},"featured_media":50769,"comment_status":"closed","ping_status":"closed","template":"","meta":[],"product_brand":[],"product_cat":[21445,21446,21671,21599,21611,21613,21443,21563,21687,21678,21564],"product_tag":[27421,26406,27424,27425,27423,27422],"class_list":{"0":"post-58391","1":"product","2":"type-product","3":"status-publish","4":"has-post-thumbnail","6":"product_cat-3-6-jahre-vorschule","7":"product_cat-6-12-jahre-grundschule","8":"product_cat-angebot","9":"product_cat-educo-de","10":"product_cat-fantasievolles-spiel-educo","11":"product_cat-fantasievolles-spiel-moebel-educo","12":"product_cat-nach-alter","13":"product_cat-neuheiten","14":"product_cat-phantasievoll-rollenspiel","15":"product_cat-kinder-spielzeug","16":"product_cat-unsere-marken","17":"product_tag-dramatisches-spiel","18":"product_tag-educo-de","19":"product_tag-holzspiel-lenkrad","20":"product_tag-lenkrad-fahren-simulieren","21":"product_tag-mobel-und-accessoires","22":"product_tag-vorgeben","24":"first","25":"instock","26":"sale","27":"taxable","28":"shipping-taxable","29":"purchasable","30":"product-type-simple"},"yoast_head":"<!-- This site is optimized with the Yoast SEO plugin v27.1.1 - https:\/\/yoast.com\/product\/yoast-seo-wordpress\/ -->\n<title>Lenkrad aus Holz - Educo - Teia Education &amp; Play<\/title>\n<meta name=\"description\" content=\"Das Educo Lenkrad aus Holz ist mit einem Schaltkn\u00fcppel und 2 Pedalen ausgestattet und erm\u00f6glicht Kinder das Fahren eines Fahrzeugs zu simulieren.\" \/>\n<meta name=\"robots\" content=\"index, follow, max-snippet:-1, max-image-preview:large, max-video-preview:-1\" \/>\n<link rel=\"canonical\" href=\"https:\/\/teiaeducation.ch\/de\/produkt\/lenkrad-educo\/\" \/>\n<meta property=\"og:locale\" content=\"de_DE\" \/>\n<meta property=\"og:type\" content=\"article\" \/>\n<meta property=\"og:title\" content=\"Lenkrad aus Holz - Educo - Teia Education &amp; Play\" \/>\n<meta property=\"og:description\" content=\"Das Educo Lenkrad aus Holz ist mit einem Schaltkn\u00fcppel und 2 Pedalen ausgestattet und erm\u00f6glicht Kinder das Fahren eines Fahrzeugs zu simulieren.\" \/>\n<meta property=\"og:url\" content=\"https:\/\/teiaeducation.ch\/de\/produkt\/lenkrad-educo\/\" \/>\n<meta property=\"og:site_name\" content=\"Sustainable Educational Products &amp; Ecological Toys\u00a0\" \/>\n<meta property=\"article:publisher\" content=\"https:\/\/www.facebook.com\/teiaeducation\/\" \/>\n<meta property=\"article:modified_time\" content=\"2024-09-17T08:51:27+00:00\" \/>\n<meta property=\"og:image\" content=\"https:\/\/teiaeducation.ch\/wp-content\/uploads\/2019\/05\/Steering-box-Educo.jpg\" \/>\n\t<meta property=\"og:image:width\" content=\"900\" \/>\n\t<meta property=\"og:image:height\" content=\"900\" \/>\n\t<meta property=\"og:image:type\" content=\"image\/jpeg\" \/>\n<script type=\"application\/ld+json\" class=\"yoast-schema-graph\">{\"@context\":\"https:\/\/schema.org\",\"@graph\":[{\"@type\":\"WebPage\",\"@id\":\"https:\/\/teiaeducation.ch\/de\/produkt\/lenkrad-educo\/\",\"url\":\"https:\/\/teiaeducation.ch\/de\/produkt\/lenkrad-educo\/\",\"name\":\"Lenkrad aus Holz - Educo - Teia Education & Play\",\"isPartOf\":{\"@id\":\"https:\/\/teiaeducation.ch\/de\/#website\"},\"primaryImageOfPage\":{\"@id\":\"https:\/\/teiaeducation.ch\/de\/produkt\/lenkrad-educo\/#primaryimage\"},\"image\":{\"@id\":\"https:\/\/teiaeducation.ch\/de\/produkt\/lenkrad-educo\/#primaryimage\"},\"thumbnailUrl\":\"https:\/\/teiaeducation.ch\/wp-content\/uploads\/2019\/05\/Steering-box-Educo.jpg\",\"datePublished\":\"2021-11-05T16:00:29+00:00\",\"dateModified\":\"2024-09-17T08:51:27+00:00\",\"description\":\"Das Educo Lenkrad aus Holz ist mit einem Schaltkn\u00fcppel und 2 Pedalen ausgestattet und erm\u00f6glicht Kinder das Fahren eines Fahrzeugs zu simulieren.\",\"breadcrumb\":{\"@id\":\"https:\/\/teiaeducation.ch\/de\/produkt\/lenkrad-educo\/#breadcrumb\"},\"inLanguage\":\"de-CH\",\"potentialAction\":[{\"@type\":\"ReadAction\",\"target\":[\"https:\/\/teiaeducation.ch\/de\/produkt\/lenkrad-educo\/\"]}]},{\"@type\":\"ImageObject\",\"inLanguage\":\"de-CH\",\"@id\":\"https:\/\/teiaeducation.ch\/de\/produkt\/lenkrad-educo\/#primaryimage\",\"url\":\"https:\/\/teiaeducation.ch\/wp-content\/uploads\/2019\/05\/Steering-box-Educo.jpg\",\"contentUrl\":\"https:\/\/teiaeducation.ch\/wp-content\/uploads\/2019\/05\/Steering-box-Educo.jpg\",\"width\":900,\"height\":900,\"caption\":\"Lenkrad aus holz Fahren eines Fahrzeugs simulieren Educo\"},{\"@type\":\"BreadcrumbList\",\"@id\":\"https:\/\/teiaeducation.ch\/de\/produkt\/lenkrad-educo\/#breadcrumb\",\"itemListElement\":[{\"@type\":\"ListItem\",\"position\":1,\"name\":\"Home\",\"item\":\"https:\/\/teiaeducation.ch\/de\/\"},{\"@type\":\"ListItem\",\"position\":2,\"name\":\"Laden\",\"item\":\"https:\/\/teiaeducation.ch\/de\/shop\/\"},{\"@type\":\"ListItem\",\"position\":3,\"name\":\"Unsere Marken\",\"item\":\"https:\/\/teiaeducation.ch\/de\/produkt-kategorie\/unsere-marken\/\"},{\"@type\":\"ListItem\",\"position\":4,\"name\":\"Educo\",\"item\":\"https:\/\/teiaeducation.ch\/de\/produkt-kategorie\/unsere-marken\/educo-de\/\"},{\"@type\":\"ListItem\",\"position\":5,\"name\":\"Fantasievolles Spiel\",\"item\":\"https:\/\/teiaeducation.ch\/de\/produkt-kategorie\/unsere-marken\/educo-de\/fantasievolles-spiel-educo\/\"},{\"@type\":\"ListItem\",\"position\":6,\"name\":\"Fantasievolles Spiel M\u00f6bel\",\"item\":\"https:\/\/teiaeducation.ch\/de\/produkt-kategorie\/unsere-marken\/educo-de\/fantasievolles-spiel-educo\/fantasievolles-spiel-moebel-educo\/\"},{\"@type\":\"ListItem\",\"position\":7,\"name\":\"Lenkrad aus Holz &#8211; Educo\"}]},{\"@type\":\"WebSite\",\"@id\":\"https:\/\/teiaeducation.ch\/de\/#website\",\"url\":\"https:\/\/teiaeducation.ch\/de\/\",\"name\":\"Sustainable Educational Products &amp; Ecological Toys\u00a0\",\"description\":\"Specialised Swiss shop selling sustainable educational toys and games, AMI certified Montessori materials, handmade ecological wooden Waldorf toys and arts &amp; crafts supplies, school supplies, children&#039;s furniture and Montessori reference and parenting books.\",\"publisher\":{\"@id\":\"https:\/\/teiaeducation.ch\/de\/#organization\"},\"alternateName\":\"Teia Education & Play\",\"potentialAction\":[{\"@type\":\"SearchAction\",\"target\":{\"@type\":\"EntryPoint\",\"urlTemplate\":\"https:\/\/teiaeducation.ch\/de\/?s={search_term_string}\"},\"query-input\":{\"@type\":\"PropertyValueSpecification\",\"valueRequired\":true,\"valueName\":\"search_term_string\"}}],\"inLanguage\":\"de-CH\"},{\"@type\":\"Organization\",\"@id\":\"https:\/\/teiaeducation.ch\/de\/#organization\",\"name\":\"Teia Education & Play\",\"url\":\"https:\/\/teiaeducation.ch\/de\/\",\"logo\":{\"@type\":\"ImageObject\",\"inLanguage\":\"de-CH\",\"@id\":\"https:\/\/teiaeducation.ch\/de\/#\/schema\/logo\/image\/\",\"url\":\"https:\/\/teiaeducation.ch\/wp-content\/uploads\/2020\/11\/Teia-Education-Switzerland-e1620156442216.jpg\",\"contentUrl\":\"https:\/\/teiaeducation.ch\/wp-content\/uploads\/2020\/11\/Teia-Education-Switzerland-e1620156442216.jpg\",\"width\":166,\"height\":145,\"caption\":\"Teia Education & Play\"},\"image\":{\"@id\":\"https:\/\/teiaeducation.ch\/de\/#\/schema\/logo\/image\/\"},\"sameAs\":[\"https:\/\/www.facebook.com\/teiaeducation\/\",\"https:\/\/x.com\/EducationTeia\",\"https:\/\/www.instagram.com\/teia.education\/\",\"https:\/\/www.linkedin.com\/company\/35501660\",\"https:\/\/www.pinterest.ch\/TeiaEducation\/\"]}]}<\/script>\n<!-- \/ Yoast SEO plugin. -->","yoast_head_json":{"title":"Lenkrad aus Holz - Educo - Teia Education & Play","description":"Das Educo Lenkrad aus Holz ist mit einem Schaltkn\u00fcppel und 2 Pedalen ausgestattet und erm\u00f6glicht Kinder das Fahren eines Fahrzeugs zu simulieren.","robots":{"index":"index","follow":"follow","max-snippet":"max-snippet:-1","max-image-preview":"max-image-preview:large","max-video-preview":"max-video-preview:-1"},"canonical":"https:\/\/teiaeducation.ch\/de\/produkt\/lenkrad-educo\/","og_locale":"de_DE","og_type":"article","og_title":"Lenkrad aus Holz - Educo - Teia Education & Play","og_description":"Das Educo Lenkrad aus Holz ist mit einem Schaltkn\u00fcppel und 2 Pedalen ausgestattet und erm\u00f6glicht Kinder das Fahren eines Fahrzeugs zu simulieren.","og_url":"https:\/\/teiaeducation.ch\/de\/produkt\/lenkrad-educo\/","og_site_name":"Sustainable Educational Products &amp; Ecological Toys\u00a0","article_publisher":"https:\/\/www.facebook.com\/teiaeducation\/","article_modified_time":"2024-09-17T08:51:27+00:00","og_image":[{"width":900,"height":900,"url":"https:\/\/teiaeducation.ch\/wp-content\/uploads\/2019\/05\/Steering-box-Educo.jpg","type":"image\/jpeg"}],"schema":{"@context":"https:\/\/schema.org","@graph":[{"@type":"WebPage","@id":"https:\/\/teiaeducation.ch\/de\/produkt\/lenkrad-educo\/","url":"https:\/\/teiaeducation.ch\/de\/produkt\/lenkrad-educo\/","name":"Lenkrad aus Holz - Educo - Teia Education & Play","isPartOf":{"@id":"https:\/\/teiaeducation.ch\/de\/#website"},"primaryImageOfPage":{"@id":"https:\/\/teiaeducation.ch\/de\/produkt\/lenkrad-educo\/#primaryimage"},"image":{"@id":"https:\/\/teiaeducation.ch\/de\/produkt\/lenkrad-educo\/#primaryimage"},"thumbnailUrl":"https:\/\/teiaeducation.ch\/wp-content\/uploads\/2019\/05\/Steering-box-Educo.jpg","datePublished":"2021-11-05T16:00:29+00:00","dateModified":"2024-09-17T08:51:27+00:00","description":"Das Educo Lenkrad aus Holz ist mit einem Schaltkn\u00fcppel und 2 Pedalen ausgestattet und erm\u00f6glicht Kinder das Fahren eines Fahrzeugs zu simulieren.","breadcrumb":{"@id":"https:\/\/teiaeducation.ch\/de\/produkt\/lenkrad-educo\/#breadcrumb"},"inLanguage":"de-CH","potentialAction":[{"@type":"ReadAction","target":["https:\/\/teiaeducation.ch\/de\/produkt\/lenkrad-educo\/"]}]},{"@type":"ImageObject","inLanguage":"de-CH","@id":"https:\/\/teiaeducation.ch\/de\/produkt\/lenkrad-educo\/#primaryimage","url":"https:\/\/teiaeducation.ch\/wp-content\/uploads\/2019\/05\/Steering-box-Educo.jpg","contentUrl":"https:\/\/teiaeducation.ch\/wp-content\/uploads\/2019\/05\/Steering-box-Educo.jpg","width":900,"height":900,"caption":"Lenkrad aus holz Fahren eines Fahrzeugs simulieren Educo"},{"@type":"BreadcrumbList","@id":"https:\/\/teiaeducation.ch\/de\/produkt\/lenkrad-educo\/#breadcrumb","itemListElement":[{"@type":"ListItem","position":1,"name":"Home","item":"https:\/\/teiaeducation.ch\/de\/"},{"@type":"ListItem","position":2,"name":"Laden","item":"https:\/\/teiaeducation.ch\/de\/shop\/"},{"@type":"ListItem","position":3,"name":"Unsere Marken","item":"https:\/\/teiaeducation.ch\/de\/produkt-kategorie\/unsere-marken\/"},{"@type":"ListItem","position":4,"name":"Educo","item":"https:\/\/teiaeducation.ch\/de\/produkt-kategorie\/unsere-marken\/educo-de\/"},{"@type":"ListItem","position":5,"name":"Fantasievolles Spiel","item":"https:\/\/teiaeducation.ch\/de\/produkt-kategorie\/unsere-marken\/educo-de\/fantasievolles-spiel-educo\/"},{"@type":"ListItem","position":6,"name":"Fantasievolles Spiel M\u00f6bel","item":"https:\/\/teiaeducation.ch\/de\/produkt-kategorie\/unsere-marken\/educo-de\/fantasievolles-spiel-educo\/fantasievolles-spiel-moebel-educo\/"},{"@type":"ListItem","position":7,"name":"Lenkrad aus Holz &#8211; Educo"}]},{"@type":"WebSite","@id":"https:\/\/teiaeducation.ch\/de\/#website","url":"https:\/\/teiaeducation.ch\/de\/","name":"Sustainable Educational Products &amp; Ecological Toys\u00a0","description":"Specialised Swiss shop selling sustainable educational toys and games, AMI certified Montessori materials, handmade ecological wooden Waldorf toys and arts &amp; crafts supplies, school supplies, children&#039;s furniture and Montessori reference and parenting books.","publisher":{"@id":"https:\/\/teiaeducation.ch\/de\/#organization"},"alternateName":"Teia Education & Play","potentialAction":[{"@type":"SearchAction","target":{"@type":"EntryPoint","urlTemplate":"https:\/\/teiaeducation.ch\/de\/?s={search_term_string}"},"query-input":{"@type":"PropertyValueSpecification","valueRequired":true,"valueName":"search_term_string"}}],"inLanguage":"de-CH"},{"@type":"Organization","@id":"https:\/\/teiaeducation.ch\/de\/#organization","name":"Teia Education & Play","url":"https:\/\/teiaeducation.ch\/de\/","logo":{"@type":"ImageObject","inLanguage":"de-CH","@id":"https:\/\/teiaeducation.ch\/de\/#\/schema\/logo\/image\/","url":"https:\/\/teiaeducation.ch\/wp-content\/uploads\/2020\/11\/Teia-Education-Switzerland-e1620156442216.jpg","contentUrl":"https:\/\/teiaeducation.ch\/wp-content\/uploads\/2020\/11\/Teia-Education-Switzerland-e1620156442216.jpg","width":166,"height":145,"caption":"Teia Education & Play"},"image":{"@id":"https:\/\/teiaeducation.ch\/de\/#\/schema\/logo\/image\/"},"sameAs":["https:\/\/www.facebook.com\/teiaeducation\/","https:\/\/x.com\/EducationTeia","https:\/\/www.instagram.com\/teia.education\/","https:\/\/www.linkedin.com\/company\/35501660","https:\/\/www.pinterest.ch\/TeiaEducation\/"]}]}},"_links":{"self":[{"href":"https:\/\/teiaeducation.ch\/de\/wp-json\/wp\/v2\/product\/58391","targetHints":{"allow":["GET"]}}],"collection":[{"href":"https:\/\/teiaeducation.ch\/de\/wp-json\/wp\/v2\/product"}],"about":[{"href":"https:\/\/teiaeducation.ch\/de\/wp-json\/wp\/v2\/types\/product"}],"replies":[{"embeddable":true,"href":"https:\/\/teiaeducation.ch\/de\/wp-json\/wp\/v2\/comments?post=58391"}],"wp:featuredmedia":[{"embeddable":true,"href":"https:\/\/teiaeducation.ch\/de\/wp-json\/wp\/v2\/media\/50769"}],"wp:attachment":[{"href":"https:\/\/teiaeducation.ch\/de\/wp-json\/wp\/v2\/media?parent=58391"}],"wp:term":[{"taxonomy":"product_brand","embeddable":true,"href":"https:\/\/teiaeducation.ch\/de\/wp-json\/wp\/v2\/product_brand?post=58391"},{"taxonomy":"product_cat","embeddable":true,"href":"https:\/\/teiaeducation.ch\/de\/wp-json\/wp\/v2\/product_cat?post=58391"},{"taxonomy":"product_tag","embeddable":true,"href":"https:\/\/teiaeducation.ch\/de\/wp-json\/wp\/v2\/product_tag?post=58391"}],"curies":[{"name":"wp","href":"https:\/\/api.w.org\/{rel}","templated":true}]}}