{"id":58392,"date":"2024-04-06T12:04:30","date_gmt":"2024-04-06T10:04:30","guid":{"rendered":"https:\/\/teiaeducation.ch\/product\/montessori-fuehl-den-ball-educo\/"},"modified":"2025-12-01T15:14:18","modified_gmt":"2025-12-01T14:14:18","slug":"montessori-fuehl-den-ball-educo","status":"publish","type":"product","link":"https:\/\/teiaeducation.ch\/de\/produkt\/montessori-fuehl-den-ball-educo\/","title":{"rendered":"Montessori F\u00fchl den Ball &#8211; Educo"},"content":{"rendered":"<p>Inspiriert durch das <a href=\"https:\/\/teiaeducation.ch\/de\/produkt-kategorie\/unsere-marken\/nienhuis-montessori-schweiz\/\">Nienhuis Montessori<\/a> Material f\u00fcr <a href=\"https:\/\/teiaeducation.ch\/de\/produkt-kategorie\/unsere-marken\/nienhuis-montessori-schweiz\/baby-kleinkind-nienhuis-montessori\/\">Kleinkinder<\/a> sind die sensorischen B\u00e4lle im Korb &#8220;F\u00fchl den Ball&#8221; ein p\u00e4dagogisches <a href=\"https:\/\/teiaeducation.ch\/de\/produkt-kategorie\/kinder-spielzeug\/montessori-spielzeug\/\">Montessori<\/a> Babyspielzeugset aus dem <a href=\"https:\/\/teiaeducation.ch\/de\/produkt-kategorie\/unsere-marken\/educo-de\/montessori-spielzeug-0-3-jahre\/\">Educo Montessori Lernspielzeug Sortiment<\/a> f\u00fcr Kinder im Alter von 0-3 Jahren, das die Koordinationsf\u00e4higkeit und die taktile Wahrnehmung des Kleinkindes f\u00f6rdert.<\/p>\n<p>F\u00fchl den Ball f\u00fchrt Babys und Kleinkinder an verschiedene Texturen, Farben und Muster heran. Jeder der 4 B\u00e4lle hat eine andere Beschaffenheit, 2 Gummib\u00e4lle, 1 Stoffball und 1 Holzball, und weckt die Neugier des kleinen Kindes. Dieses Lernspielzeug f\u00f6rdert die <a href=\"https:\/\/teiaeducation.ch\/de\/produkt-kategorie\/lernthemen\/sensorische-motorische-fertigkeiten\/motorische-fertigkeiten\/\">motorischen F\u00e4higkeiten<\/a>, die Auge-Hand-Koordination und regt die Sinne an.<\/p>\n<p>Der rote, gummiartige Ball mit Noppen kann auch zum <a href=\"https:\/\/teiaeducation.ch\/de\/produkt-kategorie\/kinder-spielzeug\/zahnungsspielzeug\/\">Zahnen<\/a> verwendet werden und hat eine griffige Oberfl\u00e4che, die sich zusammendr\u00fccken l\u00e4sst. Wenn das Kind auf dem Ball &#8220;kaut&#8221;, hilft es, den Schmerz zu lindern, der mit dem Wachstum der ersten Z\u00e4hne verbunden ist.<\/p>\n<p>Das Set enth\u00e4lt einen Stoffkorb zur einfachen Aufbewahrung und wird in einer 100% recycelten und plastikfreien Verpackung geliefert.<\/p>\n<p>Educo F\u00fchl den Ball ist f\u00fcr Kinder ab 7 Monaten geeignet.<\/p>\n<p>Die B\u00e4lle haben einen Durchmesser von jeweils ca. 7 cm und entsprechen den europ\u00e4ischen und internationalen Sicherheitsstandards. Sie sind zu 100 % frei von Giftstoffen und Phthalaten und daher f\u00fcr Babys sicher.<\/p>\n<p>Inhalt:<\/p>\n<p>4 sensorischen B\u00e4lle (2x Gummi \/ 1x Stoff \/ 1x Holz)<br \/>\n1 Korb aus Stoff<\/p>\n<h2>\u00dcber Educo<\/h2>\n<p>Die niederl\u00e4ndische Marke <a href=\"https:\/\/teiaeducation.ch\/de\/produkt-kategorie\/unsere-marken\/educo-de\/\">Educo<\/a> steht f\u00fcr eine bunte Welt des spielerischen <a href=\"https:\/\/teiaeducation.ch\/de\/produkt-kategorie\/lernthemen\/\">Lernens<\/a>, herausfordernde Lernspiele und Spielzeuge! Die hochwertigen und langlebigen Educo Produkte orientieren sich an Alltagssituationen und helfen Babys und Kindern, Spiele mit regul\u00e4ren Themen zu verbinden und den Lernprozess in eine Simulation ihrer nat\u00fcrlichen Umgebung zu verwandeln.<\/p>\n<p>Das Educo-Sortiment ist in drei Entwicklungsbereiche unterteilt: <a href=\"https:\/\/teiaeducation.ch\/de\/produkt-kategorie\/unsere-marken\/educo-de\/motorisches-spiel\/\">Motorik<\/a>, <a href=\"https:\/\/teiaeducation.ch\/de\/produkt-kategorie\/unsere-marken\/educo-de\/sprachspiel-educo\/\">Sprache<\/a> und <a href=\"https:\/\/teiaeducation.ch\/de\/produkt-kategorie\/unsere-marken\/educo-de\/mathematisches-spiel\/\">Mathematik<\/a>. Im Jahr 2023 wurde ein umfassendes Sortiment an <a href=\"https:\/\/teiaeducation.ch\/de\/produkt-kategorie\/unsere-marken\/educo-de\/montessori-spielzeug-0-3-jahre\/\">Montessori Spielzeug<\/a> f\u00fcr Kinder im Alter von 0 bis 3 Jahren eingef\u00fchrt, um das Wachstum und die Entwicklung der Kleinen bestm\u00f6glich zu f\u00f6rdern.<\/p>\n<p>Die aktiven, spielerischen Lernprodukte von Educo sind haupts\u00e4chlich aus Holz gefertigt und bestehen aus nachhaltigen Materialien wie Farben und Lacken auf Wasserbasis. Die <a href=\"https:\/\/teiaeducation.ch\/de\/produkt-kategorie\/kinder-spielzeug\/\">Spielzeuge<\/a> sind so konzipiert, dass sie \u00fcber viele Jahre hinweg robust verwendet werden k\u00f6nnen, spielerisches Lernen f\u00f6rdern und Kinder im Alter von 0-12 Jahren zu Wachstum und Erfolg inspirieren.<\/p>\n<p>Sie erf\u00fcllen die Anforderungen der verschiedenen europ\u00e4ischen und internationalen Sicherheitsvorschriften f\u00fcr Spielzeug und entsprechen der Richtlinie 2009\/48\/EG \u00fcber die Sicherheit von Spielzeug, einschlie\u00dflich EN81 und ASTM.<\/p>\n","protected":false},"excerpt":{"rendered":"<p>Artikelnummer: 900000289<\/p>\n<p>Die sensorischen B\u00e4lle im Korb &#8220;F\u00fchl den Ball&#8221; ist ein Babyspielzeugset ohne Giftstoffe aus dem Educo Montessori Lernspielzeug Sortiment f\u00fcr Kleinkinder!<\/p>\n","protected":false},"featured_media":56970,"comment_status":"open","ping_status":"closed","template":"","meta":[],"product_brand":[],"product_cat":[25967,21444,21479,21599,21485,21484,21509,21498,21481,22182,27058,21559,21609,21443,21563,21494,21557,21562,21695,21678,21497,21482,21564],"product_tag":[27427,27430,27433,27432,27435,27436,27437,27426,27428,27431,27429,21742,25533,26265,26267,27434],"class_list":{"0":"post-58392","1":"product","2":"type-product","3":"status-publish","4":"has-post-thumbnail","6":"product_cat-0-12-monate-baby","7":"product_cat-1-3-jahre-kleinkind","8":"product_cat-lernmaterialien-spielzeug-montessori-waldorf-steiner-froebel","9":"product_cat-educo-de","10":"product_cat-geschenk-guide-0-12-monate-baby","11":"product_cat-geschenk-guides","12":"product_cat-lernthemen","13":"product_cat-montessori-materialien-fuer-zuhause-schulbedarf-fuer-zuhause","14":"product_cat-montessori-paedagogik-material-spielzeug","15":"product_cat-montessori-spielzeug","16":"product_cat-montessori-spielzeug-0-3-jahre","17":"product_cat-motorische-fertigkeiten","18":"product_cat-motorisches-spiel","19":"product_cat-nach-alter","20":"product_cat-neuheiten","21":"product_cat-schulbedarf-fuer-zuhause","22":"product_cat-sensorische-motorische-fertigkeiten","23":"product_cat-sinne","24":"product_cat-sinnliches-spiel","25":"product_cat-kinder-spielzeug","26":"product_cat-spielen-und-lernen-fuer-babys-kleinkinder","27":"product_cat-traditionelle-bildung","28":"product_cat-unsere-marken","29":"product_tag-kleinkind-montessori-spielzeug-motorische-fahigkeiten","30":"product_tag-montessori-auge-hand-koordination","31":"product_tag-montessori-fuhl-den-ball","32":"product_tag-montessori-fuhl-den-ball-educo","33":"product_tag-montessori-sinnesballe-fur-baby","34":"product_tag-montessori-sinnesballe-fur-babys","35":"product_tag-montessori-sinnesballe-fur-kleinkinder","36":"product_tag-montessori-spielzeug-de","37":"product_tag-montessori-spielzeug-fur-1-jahr-alt","38":"product_tag-montessori-spielzeug-fur-babys","39":"product_tag-montessori-spielzeugbewegung","40":"product_tag-montessori-spielzeug","41":"product_tag-montessori-spielzeug-aus-holz","42":"product_tag-montessori-spielzeug-fur-kinder","43":"product_tag-montessori-spielzeug-fur-kleinkinder","44":"product_tag-sinnesballe-im-korb","46":"first","47":"instock","48":"taxable","49":"shipping-taxable","50":"purchasable","51":"product-type-simple"},"yoast_head":"<!-- This site is optimized with the Yoast SEO plugin v27.1.1 - https:\/\/yoast.com\/product\/yoast-seo-wordpress\/ -->\n<title>Montessori F\u00fchl den Ball - Educo - Teia Education &amp; Play<\/title>\n<meta name=\"description\" content=\"Die sensorischen B\u00e4lle im Korb &quot;F\u00fchl den Ball&quot; ist ein Babyspielzeugset ohne Giftstoffe aus dem Educo Montessori Lernspielzeug Sortiment f\u00fcr Kleinkinder.\" \/>\n<meta name=\"robots\" content=\"index, follow, max-snippet:-1, max-image-preview:large, max-video-preview:-1\" \/>\n<link rel=\"canonical\" href=\"https:\/\/teiaeducation.ch\/de\/produkt\/montessori-fuehl-den-ball-educo\/\" \/>\n<meta property=\"og:locale\" content=\"de_DE\" \/>\n<meta property=\"og:type\" content=\"article\" \/>\n<meta property=\"og:title\" content=\"Montessori F\u00fchl den Ball - Educo - Teia Education &amp; Play\" \/>\n<meta property=\"og:description\" content=\"Die sensorischen B\u00e4lle im Korb &quot;F\u00fchl den Ball&quot; ist ein Babyspielzeugset ohne Giftstoffe aus dem Educo Montessori Lernspielzeug Sortiment f\u00fcr Kleinkinder.\" \/>\n<meta property=\"og:url\" content=\"https:\/\/teiaeducation.ch\/de\/produkt\/montessori-fuehl-den-ball-educo\/\" \/>\n<meta property=\"og:site_name\" content=\"Sustainable Educational Products &amp; Ecological Toys\u00a0\" \/>\n<meta property=\"article:publisher\" content=\"https:\/\/www.facebook.com\/teiaeducation\/\" \/>\n<meta property=\"article:modified_time\" content=\"2025-12-01T14:14:18+00:00\" \/>\n<meta property=\"og:image\" content=\"https:\/\/teiaeducation.ch\/wp-content\/uploads\/2023\/11\/Montessori-sensory-balls-in-basket-Educo-scaled.jpg\" \/>\n\t<meta property=\"og:image:width\" content=\"2048\" \/>\n\t<meta property=\"og:image:height\" content=\"2048\" \/>\n\t<meta property=\"og:image:type\" content=\"image\/jpeg\" \/>\n<script type=\"application\/ld+json\" class=\"yoast-schema-graph\">{\"@context\":\"https:\/\/schema.org\",\"@graph\":[{\"@type\":\"WebPage\",\"@id\":\"https:\/\/teiaeducation.ch\/de\/produkt\/montessori-fuehl-den-ball-educo\/\",\"url\":\"https:\/\/teiaeducation.ch\/de\/produkt\/montessori-fuehl-den-ball-educo\/\",\"name\":\"Montessori F\u00fchl den Ball - Educo - Teia Education & Play\",\"isPartOf\":{\"@id\":\"https:\/\/teiaeducation.ch\/de\/#website\"},\"primaryImageOfPage\":{\"@id\":\"https:\/\/teiaeducation.ch\/de\/produkt\/montessori-fuehl-den-ball-educo\/#primaryimage\"},\"image\":{\"@id\":\"https:\/\/teiaeducation.ch\/de\/produkt\/montessori-fuehl-den-ball-educo\/#primaryimage\"},\"thumbnailUrl\":\"https:\/\/teiaeducation.ch\/wp-content\/uploads\/2023\/11\/Montessori-sensory-balls-in-basket-Educo-scaled.jpg\",\"datePublished\":\"2024-04-06T10:04:30+00:00\",\"dateModified\":\"2025-12-01T14:14:18+00:00\",\"description\":\"Die sensorischen B\u00e4lle im Korb \\\"F\u00fchl den Ball\\\" ist ein Babyspielzeugset ohne Giftstoffe aus dem Educo Montessori Lernspielzeug Sortiment f\u00fcr Kleinkinder.\",\"breadcrumb\":{\"@id\":\"https:\/\/teiaeducation.ch\/de\/produkt\/montessori-fuehl-den-ball-educo\/#breadcrumb\"},\"inLanguage\":\"de-CH\",\"potentialAction\":[{\"@type\":\"ReadAction\",\"target\":[\"https:\/\/teiaeducation.ch\/de\/produkt\/montessori-fuehl-den-ball-educo\/\"]}]},{\"@type\":\"ImageObject\",\"inLanguage\":\"de-CH\",\"@id\":\"https:\/\/teiaeducation.ch\/de\/produkt\/montessori-fuehl-den-ball-educo\/#primaryimage\",\"url\":\"https:\/\/teiaeducation.ch\/wp-content\/uploads\/2023\/11\/Montessori-sensory-balls-in-basket-Educo-scaled.jpg\",\"contentUrl\":\"https:\/\/teiaeducation.ch\/wp-content\/uploads\/2023\/11\/Montessori-sensory-balls-in-basket-Educo-scaled.jpg\",\"width\":2048,\"height\":2048,\"caption\":\"Montessori sensorische B\u00e4lle im Korb Educo sensorisches Babyspielzeug\"},{\"@type\":\"BreadcrumbList\",\"@id\":\"https:\/\/teiaeducation.ch\/de\/produkt\/montessori-fuehl-den-ball-educo\/#breadcrumb\",\"itemListElement\":[{\"@type\":\"ListItem\",\"position\":1,\"name\":\"Home\",\"item\":\"https:\/\/teiaeducation.ch\/de\/\"},{\"@type\":\"ListItem\",\"position\":2,\"name\":\"Laden\",\"item\":\"https:\/\/teiaeducation.ch\/de\/shop\/\"},{\"@type\":\"ListItem\",\"position\":3,\"name\":\"Unsere Marken\",\"item\":\"https:\/\/teiaeducation.ch\/de\/produkt-kategorie\/unsere-marken\/\"},{\"@type\":\"ListItem\",\"position\":4,\"name\":\"Educo\",\"item\":\"https:\/\/teiaeducation.ch\/de\/produkt-kategorie\/unsere-marken\/educo-de\/\"},{\"@type\":\"ListItem\",\"position\":5,\"name\":\"Motorisches Spiel\",\"item\":\"https:\/\/teiaeducation.ch\/de\/produkt-kategorie\/unsere-marken\/educo-de\/motorisches-spiel\/\"},{\"@type\":\"ListItem\",\"position\":6,\"name\":\"Montessori F\u00fchl den Ball &#8211; Educo\"}]},{\"@type\":\"WebSite\",\"@id\":\"https:\/\/teiaeducation.ch\/de\/#website\",\"url\":\"https:\/\/teiaeducation.ch\/de\/\",\"name\":\"Sustainable Educational Products &amp; Ecological Toys\u00a0\",\"description\":\"Specialised Swiss shop selling sustainable educational toys and games, AMI certified Montessori materials, handmade ecological wooden Waldorf toys and arts &amp; crafts supplies, school supplies, children&#039;s furniture and Montessori reference and parenting books.\",\"publisher\":{\"@id\":\"https:\/\/teiaeducation.ch\/de\/#organization\"},\"alternateName\":\"Teia Education & Play\",\"potentialAction\":[{\"@type\":\"SearchAction\",\"target\":{\"@type\":\"EntryPoint\",\"urlTemplate\":\"https:\/\/teiaeducation.ch\/de\/?s={search_term_string}\"},\"query-input\":{\"@type\":\"PropertyValueSpecification\",\"valueRequired\":true,\"valueName\":\"search_term_string\"}}],\"inLanguage\":\"de-CH\"},{\"@type\":\"Organization\",\"@id\":\"https:\/\/teiaeducation.ch\/de\/#organization\",\"name\":\"Teia Education & Play\",\"url\":\"https:\/\/teiaeducation.ch\/de\/\",\"logo\":{\"@type\":\"ImageObject\",\"inLanguage\":\"de-CH\",\"@id\":\"https:\/\/teiaeducation.ch\/de\/#\/schema\/logo\/image\/\",\"url\":\"https:\/\/teiaeducation.ch\/wp-content\/uploads\/2020\/11\/Teia-Education-Switzerland-e1620156442216.jpg\",\"contentUrl\":\"https:\/\/teiaeducation.ch\/wp-content\/uploads\/2020\/11\/Teia-Education-Switzerland-e1620156442216.jpg\",\"width\":166,\"height\":145,\"caption\":\"Teia Education & Play\"},\"image\":{\"@id\":\"https:\/\/teiaeducation.ch\/de\/#\/schema\/logo\/image\/\"},\"sameAs\":[\"https:\/\/www.facebook.com\/teiaeducation\/\",\"https:\/\/x.com\/EducationTeia\",\"https:\/\/www.instagram.com\/teia.education\/\",\"https:\/\/www.linkedin.com\/company\/35501660\",\"https:\/\/www.pinterest.ch\/TeiaEducation\/\"]}]}<\/script>\n<!-- \/ Yoast SEO plugin. -->","yoast_head_json":{"title":"Montessori F\u00fchl den Ball - Educo - Teia Education & Play","description":"Die sensorischen B\u00e4lle im Korb \"F\u00fchl den Ball\" ist ein Babyspielzeugset ohne Giftstoffe aus dem Educo Montessori Lernspielzeug Sortiment f\u00fcr Kleinkinder.","robots":{"index":"index","follow":"follow","max-snippet":"max-snippet:-1","max-image-preview":"max-image-preview:large","max-video-preview":"max-video-preview:-1"},"canonical":"https:\/\/teiaeducation.ch\/de\/produkt\/montessori-fuehl-den-ball-educo\/","og_locale":"de_DE","og_type":"article","og_title":"Montessori F\u00fchl den Ball - Educo - Teia Education & Play","og_description":"Die sensorischen B\u00e4lle im Korb \"F\u00fchl den Ball\" ist ein Babyspielzeugset ohne Giftstoffe aus dem Educo Montessori Lernspielzeug Sortiment f\u00fcr Kleinkinder.","og_url":"https:\/\/teiaeducation.ch\/de\/produkt\/montessori-fuehl-den-ball-educo\/","og_site_name":"Sustainable Educational Products &amp; Ecological Toys\u00a0","article_publisher":"https:\/\/www.facebook.com\/teiaeducation\/","article_modified_time":"2025-12-01T14:14:18+00:00","og_image":[{"width":2048,"height":2048,"url":"https:\/\/teiaeducation.ch\/wp-content\/uploads\/2023\/11\/Montessori-sensory-balls-in-basket-Educo-scaled.jpg","type":"image\/jpeg"}],"schema":{"@context":"https:\/\/schema.org","@graph":[{"@type":"WebPage","@id":"https:\/\/teiaeducation.ch\/de\/produkt\/montessori-fuehl-den-ball-educo\/","url":"https:\/\/teiaeducation.ch\/de\/produkt\/montessori-fuehl-den-ball-educo\/","name":"Montessori F\u00fchl den Ball - Educo - Teia Education & Play","isPartOf":{"@id":"https:\/\/teiaeducation.ch\/de\/#website"},"primaryImageOfPage":{"@id":"https:\/\/teiaeducation.ch\/de\/produkt\/montessori-fuehl-den-ball-educo\/#primaryimage"},"image":{"@id":"https:\/\/teiaeducation.ch\/de\/produkt\/montessori-fuehl-den-ball-educo\/#primaryimage"},"thumbnailUrl":"https:\/\/teiaeducation.ch\/wp-content\/uploads\/2023\/11\/Montessori-sensory-balls-in-basket-Educo-scaled.jpg","datePublished":"2024-04-06T10:04:30+00:00","dateModified":"2025-12-01T14:14:18+00:00","description":"Die sensorischen B\u00e4lle im Korb \"F\u00fchl den Ball\" ist ein Babyspielzeugset ohne Giftstoffe aus dem Educo Montessori Lernspielzeug Sortiment f\u00fcr Kleinkinder.","breadcrumb":{"@id":"https:\/\/teiaeducation.ch\/de\/produkt\/montessori-fuehl-den-ball-educo\/#breadcrumb"},"inLanguage":"de-CH","potentialAction":[{"@type":"ReadAction","target":["https:\/\/teiaeducation.ch\/de\/produkt\/montessori-fuehl-den-ball-educo\/"]}]},{"@type":"ImageObject","inLanguage":"de-CH","@id":"https:\/\/teiaeducation.ch\/de\/produkt\/montessori-fuehl-den-ball-educo\/#primaryimage","url":"https:\/\/teiaeducation.ch\/wp-content\/uploads\/2023\/11\/Montessori-sensory-balls-in-basket-Educo-scaled.jpg","contentUrl":"https:\/\/teiaeducation.ch\/wp-content\/uploads\/2023\/11\/Montessori-sensory-balls-in-basket-Educo-scaled.jpg","width":2048,"height":2048,"caption":"Montessori sensorische B\u00e4lle im Korb Educo sensorisches Babyspielzeug"},{"@type":"BreadcrumbList","@id":"https:\/\/teiaeducation.ch\/de\/produkt\/montessori-fuehl-den-ball-educo\/#breadcrumb","itemListElement":[{"@type":"ListItem","position":1,"name":"Home","item":"https:\/\/teiaeducation.ch\/de\/"},{"@type":"ListItem","position":2,"name":"Laden","item":"https:\/\/teiaeducation.ch\/de\/shop\/"},{"@type":"ListItem","position":3,"name":"Unsere Marken","item":"https:\/\/teiaeducation.ch\/de\/produkt-kategorie\/unsere-marken\/"},{"@type":"ListItem","position":4,"name":"Educo","item":"https:\/\/teiaeducation.ch\/de\/produkt-kategorie\/unsere-marken\/educo-de\/"},{"@type":"ListItem","position":5,"name":"Motorisches Spiel","item":"https:\/\/teiaeducation.ch\/de\/produkt-kategorie\/unsere-marken\/educo-de\/motorisches-spiel\/"},{"@type":"ListItem","position":6,"name":"Montessori F\u00fchl den Ball &#8211; Educo"}]},{"@type":"WebSite","@id":"https:\/\/teiaeducation.ch\/de\/#website","url":"https:\/\/teiaeducation.ch\/de\/","name":"Sustainable Educational Products &amp; Ecological Toys\u00a0","description":"Specialised Swiss shop selling sustainable educational toys and games, AMI certified Montessori materials, handmade ecological wooden Waldorf toys and arts &amp; crafts supplies, school supplies, children&#039;s furniture and Montessori reference and parenting books.","publisher":{"@id":"https:\/\/teiaeducation.ch\/de\/#organization"},"alternateName":"Teia Education & Play","potentialAction":[{"@type":"SearchAction","target":{"@type":"EntryPoint","urlTemplate":"https:\/\/teiaeducation.ch\/de\/?s={search_term_string}"},"query-input":{"@type":"PropertyValueSpecification","valueRequired":true,"valueName":"search_term_string"}}],"inLanguage":"de-CH"},{"@type":"Organization","@id":"https:\/\/teiaeducation.ch\/de\/#organization","name":"Teia Education & Play","url":"https:\/\/teiaeducation.ch\/de\/","logo":{"@type":"ImageObject","inLanguage":"de-CH","@id":"https:\/\/teiaeducation.ch\/de\/#\/schema\/logo\/image\/","url":"https:\/\/teiaeducation.ch\/wp-content\/uploads\/2020\/11\/Teia-Education-Switzerland-e1620156442216.jpg","contentUrl":"https:\/\/teiaeducation.ch\/wp-content\/uploads\/2020\/11\/Teia-Education-Switzerland-e1620156442216.jpg","width":166,"height":145,"caption":"Teia Education & Play"},"image":{"@id":"https:\/\/teiaeducation.ch\/de\/#\/schema\/logo\/image\/"},"sameAs":["https:\/\/www.facebook.com\/teiaeducation\/","https:\/\/x.com\/EducationTeia","https:\/\/www.instagram.com\/teia.education\/","https:\/\/www.linkedin.com\/company\/35501660","https:\/\/www.pinterest.ch\/TeiaEducation\/"]}]}},"_links":{"self":[{"href":"https:\/\/teiaeducation.ch\/de\/wp-json\/wp\/v2\/product\/58392","targetHints":{"allow":["GET"]}}],"collection":[{"href":"https:\/\/teiaeducation.ch\/de\/wp-json\/wp\/v2\/product"}],"about":[{"href":"https:\/\/teiaeducation.ch\/de\/wp-json\/wp\/v2\/types\/product"}],"replies":[{"embeddable":true,"href":"https:\/\/teiaeducation.ch\/de\/wp-json\/wp\/v2\/comments?post=58392"}],"wp:featuredmedia":[{"embeddable":true,"href":"https:\/\/teiaeducation.ch\/de\/wp-json\/wp\/v2\/media\/56970"}],"wp:attachment":[{"href":"https:\/\/teiaeducation.ch\/de\/wp-json\/wp\/v2\/media?parent=58392"}],"wp:term":[{"taxonomy":"product_brand","embeddable":true,"href":"https:\/\/teiaeducation.ch\/de\/wp-json\/wp\/v2\/product_brand?post=58392"},{"taxonomy":"product_cat","embeddable":true,"href":"https:\/\/teiaeducation.ch\/de\/wp-json\/wp\/v2\/product_cat?post=58392"},{"taxonomy":"product_tag","embeddable":true,"href":"https:\/\/teiaeducation.ch\/de\/wp-json\/wp\/v2\/product_tag?post=58392"}],"curies":[{"name":"wp","href":"https:\/\/api.w.org\/{rel}","templated":true}]}}