{"id":58396,"date":"2023-03-02T14:48:37","date_gmt":"2023-03-02T13:48:37","guid":{"rendered":"https:\/\/teiaeducation.ch\/product\/uhr-analog-digital-lehrer-educo\/"},"modified":"2024-09-17T09:58:08","modified_gmt":"2024-09-17T07:58:08","slug":"uhr-analog-digital-lehrer-educo","status":"publish","type":"product","link":"https:\/\/teiaeducation.ch\/de\/produkt\/uhr-analog-digital-lehrer-educo\/","title":{"rendered":"Uhr analog digital Lehrer &#8211; Educo"},"content":{"rendered":"<p>Die Educo Uhr analog digital Lehrer ist eine klassische Holzuhr mit 12- und 24-Stunden-Marken und einer digitalen Anzeige. Der Mechanismus auf der R\u00fcckseite der Uhr bleibt sichtbar, so dass die Kinder sehen k\u00f6nnen, wie der lange blaue Zeiger und der kurze rote Zeiger miteinander verbunden sind.<\/p>\n<p>Die Zeit auf der analogen Uhr wird mit den Stunden- und Minutenzeigern eingestellt und die Zahlen werden gedreht, um die entsprechende digitale Zeit einzustellen.<\/p>\n<p>Diese hochwertige Uhr wird von Lehrern verwendet, um Kindern das Erlernen der <a href=\"https:\/\/teiaeducation.ch\/product-category\/learning-themes\/mathematics-numeracy\/time\/\">Uhrzeit<\/a> zu demonstrieren. Sie zeigt die Stunden und Minuten an und ist zu 100% aus FSC-zertifiziertem Holz gefertigt. Die Uhr wird mit einem Holzst\u00e4nder geliefert, in den die Uhr gestellt wird, und misst 28,5 x 28,5 cm.<\/p>\n<p>Die analog-digitale Lehreruhr von Educo ist f\u00fcr Kinder ab 4 Jahren geeignet.<\/p>\n<p>Inhalt:<\/p>\n<p>1 Uhr aus Holz<br \/>\n1 Holzst\u00e4nder<\/p>\n<h2>\u00dcber Educo<\/h2>\n<p>Die niederl\u00e4ndische Marke <a href=\"https:\/\/teiaeducation.ch\/product-category\/brands\/educo\/\">Educo<\/a> steht f\u00fcr eine bunte Welt des spielerischen <a href=\"https:\/\/teiaeducation.ch\/product-category\/learning-themes\/\">Lernens<\/a>, herausfordernde Lernspiele und Spielzeuge! Die hochwertigen und langlebigen Educo Produkte orientieren sich an Alltagssituationen und helfen Babys und Kindern, Spiele mit regul\u00e4ren Themen zu verbinden und den Lernprozess in eine Simulation ihrer nat\u00fcrlichen Umgebung zu verwandeln.<\/p>\n<p>Das Educo-Sortiment ist in drei Entwicklungsbereiche unterteilt: <a href=\"https:\/\/teiaeducation.ch\/product-category\/brands\/educo\/motor-play\/\">Motorik<\/a>, <a href=\"https:\/\/teiaeducation.ch\/product-category\/brands\/educo\/language-play\/\">Sprache<\/a> und <a href=\"https:\/\/teiaeducation.ch\/product-category\/brands\/educo\/mathematical-play\/\">Mathematik<\/a>. Im Jahr 2023 wurde ein umfassendes Sortiment an <a href=\"https:\/\/teiaeducation.ch\/product-category\/brands\/educo\/montessori-toys-range-0-3-years\/\">Montessori Spielzeug<\/a> f\u00fcr Kinder im Alter von 0 bis 3 Jahren eingef\u00fchrt, um das Wachstum und die Entwicklung der Kleinen bestm\u00f6glich zu f\u00f6rdern.<\/p>\n<p>Die aktiven, spielerischen Lernprodukte von Educo sind haupts\u00e4chlich aus Holz gefertigt und bestehen aus nachhaltigen Materialien wie Farben und Lacken auf Wasserbasis. Die <a href=\"https:\/\/teiaeducation.ch\/product-category\/hgh-quality-toys-play\/\">Spielzeuge<\/a> sind so konzipiert, dass sie \u00fcber viele Jahre hinweg robust verwendet werden k\u00f6nnen, spielerisches Lernen f\u00f6rdern und Kinder im Alter von 0-12 Jahren zu Wachstum und Erfolg inspirieren.<\/p>\n<p>Sie erf\u00fcllen die Anforderungen der verschiedenen europ\u00e4ischen und internationalen Sicherheitsvorschriften f\u00fcr Spielzeug und entsprechen der Richtlinie 2009\/48\/EG \u00fcber die Sicherheit von Spielzeug, einschlie\u00dflich EN81 und ASTM.<\/p>\n","protected":false},"excerpt":{"rendered":"<p>Artikelnummer: 900000168<\/p>\n<p>Die Educo Uhr analog digital Lehrer ist eine Holzuhr mit 12- und 24-Stunden-Markierungen und digitalen Anzeige, mit der das Ablesen der Zeit erlernen kann!<\/p>\n","protected":false},"featured_media":52026,"comment_status":"open","ping_status":"closed","template":"","meta":[],"product_brand":[],"product_cat":[21475,21445,21446,21479,21554,21599,21474,21509,21537,21605,21607,21481,21443,21563,21494,21496,21482,21564],"product_tag":[27452,27453,27447,27444,27450,27443,27446,27451,27445],"class_list":{"0":"post-58396","1":"product","2":"type-product","3":"status-publish","4":"has-post-thumbnail","6":"product_cat-3-6-jahre-klassenzimmer-pack","7":"product_cat-3-6-jahre-vorschule","8":"product_cat-6-12-jahre-grundschule","9":"product_cat-lernmaterialien-spielzeug-montessori-waldorf-steiner-froebel","10":"product_cat-die-zeit","11":"product_cat-educo-de","12":"product_cat-klassenzimmer-essenzien","13":"product_cat-lernthemen","14":"product_cat-mathematik-rechnen","15":"product_cat-mathematisches-spiel","16":"product_cat-messung-educo","17":"product_cat-montessori-paedagogik-material-spielzeug","18":"product_cat-nach-alter","19":"product_cat-neuheiten","20":"product_cat-schulbedarf-fuer-zuhause","21":"product_cat-schulbedarf-fuer-zuhause-6-12-jahre","22":"product_cat-traditionelle-bildung","23":"product_cat-unsere-marken","24":"product_tag-analog-digital-uhr-fur-kinder","25":"product_tag-analog-digital-uhr-holz","26":"product_tag-educo-uhr","27":"product_tag-holzuhr-fur-kinder","28":"product_tag-lernen-die-zeit-zu-lesen","29":"product_tag-lernuhr-aus-holz","30":"product_tag-lernuhr-fur-kinder","31":"product_tag-uhr-analog-digital-lehrer-educo","32":"product_tag-uhr-fur-kinder","34":"first","35":"instock","36":"taxable","37":"shipping-taxable","38":"purchasable","39":"product-type-simple"},"yoast_head":"<!-- This site is optimized with the Yoast SEO plugin v27.1.1 - https:\/\/yoast.com\/product\/yoast-seo-wordpress\/ -->\n<title>Uhr analog digital Lehrer - Educo - Teia Education &amp; Play<\/title>\n<meta name=\"description\" content=\"Die Educo Uhr analog digital Lehrer ist eine Holzuhr mit 12- und 24-Stunden-Markierungen und digitalen Anzeige, mit der das Ablesen der Zeit erlernen kann.\" \/>\n<meta name=\"robots\" content=\"index, follow, max-snippet:-1, max-image-preview:large, max-video-preview:-1\" \/>\n<link rel=\"canonical\" href=\"https:\/\/teiaeducation.ch\/de\/produkt\/uhr-analog-digital-lehrer-educo\/\" \/>\n<meta property=\"og:locale\" content=\"de_DE\" \/>\n<meta property=\"og:type\" content=\"article\" \/>\n<meta property=\"og:title\" content=\"Uhr analog digital Lehrer - Educo - Teia Education &amp; Play\" \/>\n<meta property=\"og:description\" content=\"Die Educo Uhr analog digital Lehrer ist eine Holzuhr mit 12- und 24-Stunden-Markierungen und digitalen Anzeige, mit der das Ablesen der Zeit erlernen kann.\" \/>\n<meta property=\"og:url\" content=\"https:\/\/teiaeducation.ch\/de\/produkt\/uhr-analog-digital-lehrer-educo\/\" \/>\n<meta property=\"og:site_name\" content=\"Sustainable Educational Products &amp; Ecological Toys\u00a0\" \/>\n<meta property=\"article:publisher\" content=\"https:\/\/www.facebook.com\/teiaeducation\/\" \/>\n<meta property=\"article:modified_time\" content=\"2024-09-17T07:58:08+00:00\" \/>\n<meta property=\"og:image\" content=\"https:\/\/teiaeducation.ch\/wp-content\/uploads\/2023\/03\/Wooden-Clock-analogue-digital-teacher-Educo-scaled-e1677765287423.jpg\" \/>\n\t<meta property=\"og:image:width\" content=\"1200\" \/>\n\t<meta property=\"og:image:height\" content=\"1200\" \/>\n\t<meta property=\"og:image:type\" content=\"image\/jpeg\" \/>\n<script type=\"application\/ld+json\" class=\"yoast-schema-graph\">{\"@context\":\"https:\/\/schema.org\",\"@graph\":[{\"@type\":\"WebPage\",\"@id\":\"https:\/\/teiaeducation.ch\/de\/produkt\/uhr-analog-digital-lehrer-educo\/\",\"url\":\"https:\/\/teiaeducation.ch\/de\/produkt\/uhr-analog-digital-lehrer-educo\/\",\"name\":\"Uhr analog digital Lehrer - Educo - Teia Education & Play\",\"isPartOf\":{\"@id\":\"https:\/\/teiaeducation.ch\/de\/#website\"},\"primaryImageOfPage\":{\"@id\":\"https:\/\/teiaeducation.ch\/de\/produkt\/uhr-analog-digital-lehrer-educo\/#primaryimage\"},\"image\":{\"@id\":\"https:\/\/teiaeducation.ch\/de\/produkt\/uhr-analog-digital-lehrer-educo\/#primaryimage\"},\"thumbnailUrl\":\"https:\/\/teiaeducation.ch\/wp-content\/uploads\/2023\/03\/Wooden-Clock-analogue-digital-teacher-Educo-scaled-e1677765287423.jpg\",\"datePublished\":\"2023-03-02T13:48:37+00:00\",\"dateModified\":\"2024-09-17T07:58:08+00:00\",\"description\":\"Die Educo Uhr analog digital Lehrer ist eine Holzuhr mit 12- und 24-Stunden-Markierungen und digitalen Anzeige, mit der das Ablesen der Zeit erlernen kann.\",\"breadcrumb\":{\"@id\":\"https:\/\/teiaeducation.ch\/de\/produkt\/uhr-analog-digital-lehrer-educo\/#breadcrumb\"},\"inLanguage\":\"de-CH\",\"potentialAction\":[{\"@type\":\"ReadAction\",\"target\":[\"https:\/\/teiaeducation.ch\/de\/produkt\/uhr-analog-digital-lehrer-educo\/\"]}]},{\"@type\":\"ImageObject\",\"inLanguage\":\"de-CH\",\"@id\":\"https:\/\/teiaeducation.ch\/de\/produkt\/uhr-analog-digital-lehrer-educo\/#primaryimage\",\"url\":\"https:\/\/teiaeducation.ch\/wp-content\/uploads\/2023\/03\/Wooden-Clock-analogue-digital-teacher-Educo-scaled-e1677765287423.jpg\",\"contentUrl\":\"https:\/\/teiaeducation.ch\/wp-content\/uploads\/2023\/03\/Wooden-Clock-analogue-digital-teacher-Educo-scaled-e1677765287423.jpg\",\"width\":1200,\"height\":1200,\"caption\":\"H\u00f6lzerne Uhr analog digital Lehrer Educo\"},{\"@type\":\"BreadcrumbList\",\"@id\":\"https:\/\/teiaeducation.ch\/de\/produkt\/uhr-analog-digital-lehrer-educo\/#breadcrumb\",\"itemListElement\":[{\"@type\":\"ListItem\",\"position\":1,\"name\":\"Home\",\"item\":\"https:\/\/teiaeducation.ch\/de\/\"},{\"@type\":\"ListItem\",\"position\":2,\"name\":\"Laden\",\"item\":\"https:\/\/teiaeducation.ch\/de\/shop\/\"},{\"@type\":\"ListItem\",\"position\":3,\"name\":\"Unsere Marken\",\"item\":\"https:\/\/teiaeducation.ch\/de\/produkt-kategorie\/unsere-marken\/\"},{\"@type\":\"ListItem\",\"position\":4,\"name\":\"Educo\",\"item\":\"https:\/\/teiaeducation.ch\/de\/produkt-kategorie\/unsere-marken\/educo-de\/\"},{\"@type\":\"ListItem\",\"position\":5,\"name\":\"Mathematisches Spiel\",\"item\":\"https:\/\/teiaeducation.ch\/de\/produkt-kategorie\/unsere-marken\/educo-de\/mathematisches-spiel\/\"},{\"@type\":\"ListItem\",\"position\":6,\"name\":\"Messung\",\"item\":\"https:\/\/teiaeducation.ch\/de\/produkt-kategorie\/unsere-marken\/educo-de\/mathematisches-spiel\/messung-educo\/\"},{\"@type\":\"ListItem\",\"position\":7,\"name\":\"Uhr analog digital Lehrer &#8211; Educo\"}]},{\"@type\":\"WebSite\",\"@id\":\"https:\/\/teiaeducation.ch\/de\/#website\",\"url\":\"https:\/\/teiaeducation.ch\/de\/\",\"name\":\"Sustainable Educational Products &amp; Ecological Toys\u00a0\",\"description\":\"Specialised Swiss shop selling sustainable educational toys and games, AMI certified Montessori materials, handmade ecological wooden Waldorf toys and arts &amp; crafts supplies, school supplies, children&#039;s furniture and Montessori reference and parenting books.\",\"publisher\":{\"@id\":\"https:\/\/teiaeducation.ch\/de\/#organization\"},\"alternateName\":\"Teia Education & Play\",\"potentialAction\":[{\"@type\":\"SearchAction\",\"target\":{\"@type\":\"EntryPoint\",\"urlTemplate\":\"https:\/\/teiaeducation.ch\/de\/?s={search_term_string}\"},\"query-input\":{\"@type\":\"PropertyValueSpecification\",\"valueRequired\":true,\"valueName\":\"search_term_string\"}}],\"inLanguage\":\"de-CH\"},{\"@type\":\"Organization\",\"@id\":\"https:\/\/teiaeducation.ch\/de\/#organization\",\"name\":\"Teia Education & Play\",\"url\":\"https:\/\/teiaeducation.ch\/de\/\",\"logo\":{\"@type\":\"ImageObject\",\"inLanguage\":\"de-CH\",\"@id\":\"https:\/\/teiaeducation.ch\/de\/#\/schema\/logo\/image\/\",\"url\":\"https:\/\/teiaeducation.ch\/wp-content\/uploads\/2020\/11\/Teia-Education-Switzerland-e1620156442216.jpg\",\"contentUrl\":\"https:\/\/teiaeducation.ch\/wp-content\/uploads\/2020\/11\/Teia-Education-Switzerland-e1620156442216.jpg\",\"width\":166,\"height\":145,\"caption\":\"Teia Education & Play\"},\"image\":{\"@id\":\"https:\/\/teiaeducation.ch\/de\/#\/schema\/logo\/image\/\"},\"sameAs\":[\"https:\/\/www.facebook.com\/teiaeducation\/\",\"https:\/\/x.com\/EducationTeia\",\"https:\/\/www.instagram.com\/teia.education\/\",\"https:\/\/www.linkedin.com\/company\/35501660\",\"https:\/\/www.pinterest.ch\/TeiaEducation\/\"]}]}<\/script>\n<!-- \/ Yoast SEO plugin. -->","yoast_head_json":{"title":"Uhr analog digital Lehrer - Educo - Teia Education & Play","description":"Die Educo Uhr analog digital Lehrer ist eine Holzuhr mit 12- und 24-Stunden-Markierungen und digitalen Anzeige, mit der das Ablesen der Zeit erlernen kann.","robots":{"index":"index","follow":"follow","max-snippet":"max-snippet:-1","max-image-preview":"max-image-preview:large","max-video-preview":"max-video-preview:-1"},"canonical":"https:\/\/teiaeducation.ch\/de\/produkt\/uhr-analog-digital-lehrer-educo\/","og_locale":"de_DE","og_type":"article","og_title":"Uhr analog digital Lehrer - Educo - Teia Education & Play","og_description":"Die Educo Uhr analog digital Lehrer ist eine Holzuhr mit 12- und 24-Stunden-Markierungen und digitalen Anzeige, mit der das Ablesen der Zeit erlernen kann.","og_url":"https:\/\/teiaeducation.ch\/de\/produkt\/uhr-analog-digital-lehrer-educo\/","og_site_name":"Sustainable Educational Products &amp; Ecological Toys\u00a0","article_publisher":"https:\/\/www.facebook.com\/teiaeducation\/","article_modified_time":"2024-09-17T07:58:08+00:00","og_image":[{"width":1200,"height":1200,"url":"https:\/\/teiaeducation.ch\/wp-content\/uploads\/2023\/03\/Wooden-Clock-analogue-digital-teacher-Educo-scaled-e1677765287423.jpg","type":"image\/jpeg"}],"schema":{"@context":"https:\/\/schema.org","@graph":[{"@type":"WebPage","@id":"https:\/\/teiaeducation.ch\/de\/produkt\/uhr-analog-digital-lehrer-educo\/","url":"https:\/\/teiaeducation.ch\/de\/produkt\/uhr-analog-digital-lehrer-educo\/","name":"Uhr analog digital Lehrer - Educo - Teia Education & Play","isPartOf":{"@id":"https:\/\/teiaeducation.ch\/de\/#website"},"primaryImageOfPage":{"@id":"https:\/\/teiaeducation.ch\/de\/produkt\/uhr-analog-digital-lehrer-educo\/#primaryimage"},"image":{"@id":"https:\/\/teiaeducation.ch\/de\/produkt\/uhr-analog-digital-lehrer-educo\/#primaryimage"},"thumbnailUrl":"https:\/\/teiaeducation.ch\/wp-content\/uploads\/2023\/03\/Wooden-Clock-analogue-digital-teacher-Educo-scaled-e1677765287423.jpg","datePublished":"2023-03-02T13:48:37+00:00","dateModified":"2024-09-17T07:58:08+00:00","description":"Die Educo Uhr analog digital Lehrer ist eine Holzuhr mit 12- und 24-Stunden-Markierungen und digitalen Anzeige, mit der das Ablesen der Zeit erlernen kann.","breadcrumb":{"@id":"https:\/\/teiaeducation.ch\/de\/produkt\/uhr-analog-digital-lehrer-educo\/#breadcrumb"},"inLanguage":"de-CH","potentialAction":[{"@type":"ReadAction","target":["https:\/\/teiaeducation.ch\/de\/produkt\/uhr-analog-digital-lehrer-educo\/"]}]},{"@type":"ImageObject","inLanguage":"de-CH","@id":"https:\/\/teiaeducation.ch\/de\/produkt\/uhr-analog-digital-lehrer-educo\/#primaryimage","url":"https:\/\/teiaeducation.ch\/wp-content\/uploads\/2023\/03\/Wooden-Clock-analogue-digital-teacher-Educo-scaled-e1677765287423.jpg","contentUrl":"https:\/\/teiaeducation.ch\/wp-content\/uploads\/2023\/03\/Wooden-Clock-analogue-digital-teacher-Educo-scaled-e1677765287423.jpg","width":1200,"height":1200,"caption":"H\u00f6lzerne Uhr analog digital Lehrer Educo"},{"@type":"BreadcrumbList","@id":"https:\/\/teiaeducation.ch\/de\/produkt\/uhr-analog-digital-lehrer-educo\/#breadcrumb","itemListElement":[{"@type":"ListItem","position":1,"name":"Home","item":"https:\/\/teiaeducation.ch\/de\/"},{"@type":"ListItem","position":2,"name":"Laden","item":"https:\/\/teiaeducation.ch\/de\/shop\/"},{"@type":"ListItem","position":3,"name":"Unsere Marken","item":"https:\/\/teiaeducation.ch\/de\/produkt-kategorie\/unsere-marken\/"},{"@type":"ListItem","position":4,"name":"Educo","item":"https:\/\/teiaeducation.ch\/de\/produkt-kategorie\/unsere-marken\/educo-de\/"},{"@type":"ListItem","position":5,"name":"Mathematisches Spiel","item":"https:\/\/teiaeducation.ch\/de\/produkt-kategorie\/unsere-marken\/educo-de\/mathematisches-spiel\/"},{"@type":"ListItem","position":6,"name":"Messung","item":"https:\/\/teiaeducation.ch\/de\/produkt-kategorie\/unsere-marken\/educo-de\/mathematisches-spiel\/messung-educo\/"},{"@type":"ListItem","position":7,"name":"Uhr analog digital Lehrer &#8211; Educo"}]},{"@type":"WebSite","@id":"https:\/\/teiaeducation.ch\/de\/#website","url":"https:\/\/teiaeducation.ch\/de\/","name":"Sustainable Educational Products &amp; Ecological Toys\u00a0","description":"Specialised Swiss shop selling sustainable educational toys and games, AMI certified Montessori materials, handmade ecological wooden Waldorf toys and arts &amp; crafts supplies, school supplies, children&#039;s furniture and Montessori reference and parenting books.","publisher":{"@id":"https:\/\/teiaeducation.ch\/de\/#organization"},"alternateName":"Teia Education & Play","potentialAction":[{"@type":"SearchAction","target":{"@type":"EntryPoint","urlTemplate":"https:\/\/teiaeducation.ch\/de\/?s={search_term_string}"},"query-input":{"@type":"PropertyValueSpecification","valueRequired":true,"valueName":"search_term_string"}}],"inLanguage":"de-CH"},{"@type":"Organization","@id":"https:\/\/teiaeducation.ch\/de\/#organization","name":"Teia Education & Play","url":"https:\/\/teiaeducation.ch\/de\/","logo":{"@type":"ImageObject","inLanguage":"de-CH","@id":"https:\/\/teiaeducation.ch\/de\/#\/schema\/logo\/image\/","url":"https:\/\/teiaeducation.ch\/wp-content\/uploads\/2020\/11\/Teia-Education-Switzerland-e1620156442216.jpg","contentUrl":"https:\/\/teiaeducation.ch\/wp-content\/uploads\/2020\/11\/Teia-Education-Switzerland-e1620156442216.jpg","width":166,"height":145,"caption":"Teia Education & Play"},"image":{"@id":"https:\/\/teiaeducation.ch\/de\/#\/schema\/logo\/image\/"},"sameAs":["https:\/\/www.facebook.com\/teiaeducation\/","https:\/\/x.com\/EducationTeia","https:\/\/www.instagram.com\/teia.education\/","https:\/\/www.linkedin.com\/company\/35501660","https:\/\/www.pinterest.ch\/TeiaEducation\/"]}]}},"_links":{"self":[{"href":"https:\/\/teiaeducation.ch\/de\/wp-json\/wp\/v2\/product\/58396","targetHints":{"allow":["GET"]}}],"collection":[{"href":"https:\/\/teiaeducation.ch\/de\/wp-json\/wp\/v2\/product"}],"about":[{"href":"https:\/\/teiaeducation.ch\/de\/wp-json\/wp\/v2\/types\/product"}],"replies":[{"embeddable":true,"href":"https:\/\/teiaeducation.ch\/de\/wp-json\/wp\/v2\/comments?post=58396"}],"wp:featuredmedia":[{"embeddable":true,"href":"https:\/\/teiaeducation.ch\/de\/wp-json\/wp\/v2\/media\/52026"}],"wp:attachment":[{"href":"https:\/\/teiaeducation.ch\/de\/wp-json\/wp\/v2\/media?parent=58396"}],"wp:term":[{"taxonomy":"product_brand","embeddable":true,"href":"https:\/\/teiaeducation.ch\/de\/wp-json\/wp\/v2\/product_brand?post=58396"},{"taxonomy":"product_cat","embeddable":true,"href":"https:\/\/teiaeducation.ch\/de\/wp-json\/wp\/v2\/product_cat?post=58396"},{"taxonomy":"product_tag","embeddable":true,"href":"https:\/\/teiaeducation.ch\/de\/wp-json\/wp\/v2\/product_tag?post=58396"}],"curies":[{"name":"wp","href":"https:\/\/api.w.org\/{rel}","templated":true}]}}