{"id":58398,"date":"2024-04-06T12:15:52","date_gmt":"2024-04-06T10:15:52","guid":{"rendered":"https:\/\/teiaeducation.ch\/product\/faedel-die-form-educo\/"},"modified":"2024-09-17T09:02:32","modified_gmt":"2024-09-17T07:02:32","slug":"faedel-die-form-educo","status":"publish","type":"product","link":"https:\/\/teiaeducation.ch\/de\/produkt\/faedel-die-form-educo\/","title":{"rendered":"F\u00e4del die Form &#8211; Educo"},"content":{"rendered":"<p>F\u00e4del die Form aus dem <a href=\"https:\/\/teiaeducation.ch\/product-category\/brands\/educo\/montessori-toys-range-0-3-years\/\">Educo Montessori-Spielzeugsortiment<\/a> f\u00fcr Kleinkinder von 0-3 Jahren ist ein entz\u00fcckendes, von <a href=\"https:\/\/teiaeducation.ch\/product-category\/hgh-quality-toys-play\/montessori-toys\/\">Montessori inspiriertes<\/a> p\u00e4dagogisches <a href=\"https:\/\/teiaeducation.ch\/de\/produkt-kategorie\/nach-alter\/1-3-jahre-kleinkind\/\">Kleinkindspielzeug<\/a>, das Kindern schon fr\u00fch eine F\u00e4higkeit vermittelt, von der sie ihr ganzes Leben lang profitieren und die sie weiter entwickeln werden!<\/p>\n<div class=\"page\" title=\"Seite 2\">\n<div class=\"layoutArea\">\n<div class=\"column\">\n<p>Mit F\u00e4del die Form lernt das Kleinkind, sich immer pr\u00e4ziser zu bewegen und entwickelt so seine Auge-Hand-Koordination und Hand-Hand-Koordination. Die <a href=\"https:\/\/teiaeducation.ch\/product-category\/learning-themes\/sensory-motor-skills\/motor-skills\/\">Feinmotorik<\/a> der Kinder wird gef\u00f6rdert, und durch die Arbeit mit diesem Lernspielzeug werden ihre H\u00e4nde und Arme gest\u00e4rkt, indem sie eine <a href=\"https:\/\/teiaeducation.ch\/product-category\/hgh-quality-toys-play\/threading\/\">Schnur<\/a> durch die verschiedenen Karten mit steigendem Schwierigkeitsgrad ziehen.<\/p>\n<\/div>\n<\/div>\n<\/div>\n<p>F\u00e4del die Form wird aus FSC-zertifiziertem Buchenholz hergestellt und in einer 100 % recycelten und plastikfreien Verpackung geliefert.<\/p>\n<p>Educo F\u00e4del die Form ist f\u00fcr Kinder im Alter von 23-28 Monaten geeignet<\/p>\n<p>Inhalt:<\/p>\n<p>1 Holztablett<br \/>\n5 Formen aus Holz<br \/>\n1 Schnur zum Durchschn\u00fcren der Formen<\/p>\n<h2>\u00dcber Educo<\/h2>\n<p>Die niederl\u00e4ndische Marke <a href=\"https:\/\/teiaeducation.ch\/product-category\/brands\/educo\/\">Educo<\/a> steht f\u00fcr eine bunte Welt des spielerischen <a href=\"https:\/\/teiaeducation.ch\/product-category\/learning-themes\/\">Lernens<\/a>, herausfordernde Lernspiele und Spielzeuge! Die hochwertigen und langlebigen Educo Produkte orientieren sich an Alltagssituationen und helfen Babys und Kindern, Spiele mit regul\u00e4ren Themen zu verbinden und den Lernprozess in eine Simulation ihrer nat\u00fcrlichen Umgebung zu verwandeln.<\/p>\n<p>Das Educo-Sortiment ist in drei Entwicklungsbereiche unterteilt: <a href=\"https:\/\/teiaeducation.ch\/product-category\/brands\/educo\/motor-play\/\">Motorik<\/a>, <a href=\"https:\/\/teiaeducation.ch\/product-category\/brands\/educo\/language-play\/\">Sprache<\/a> und <a href=\"https:\/\/teiaeducation.ch\/product-category\/brands\/educo\/mathematical-play\/\">Mathematik<\/a>. Im Jahr 2023 wurde ein umfassendes Sortiment an <a href=\"https:\/\/teiaeducation.ch\/product-category\/brands\/educo\/montessori-toys-range-0-3-years\/\">Montessori Spielzeug<\/a> f\u00fcr Kinder im Alter von 0 bis 3 Jahren eingef\u00fchrt, um das Wachstum und die Entwicklung der Kleinen bestm\u00f6glich zu f\u00f6rdern.<\/p>\n<p>Die aktiven, spielerischen Lernprodukte von Educo sind haupts\u00e4chlich aus Holz gefertigt und bestehen aus nachhaltigen Materialien wie Farben und Lacken auf Wasserbasis. Die <a href=\"https:\/\/teiaeducation.ch\/product-category\/hgh-quality-toys-play\/\">Spielzeuge<\/a> sind so konzipiert, dass sie \u00fcber viele Jahre hinweg robust verwendet werden k\u00f6nnen, spielerisches Lernen f\u00f6rdern und Kinder im Alter von 0-12 Jahren zu Wachstum und Erfolg inspirieren.<\/p>\n<p>Sie erf\u00fcllen die Anforderungen der verschiedenen europ\u00e4ischen und internationalen Sicherheitsvorschriften f\u00fcr Spielzeug und entsprechen der Richtlinie 2009\/48\/EG \u00fcber die Sicherheit von Spielzeug, einschlie\u00dflich EN81 und ASTM.<\/p>\n","protected":false},"excerpt":{"rendered":"<p>Artikelnummer: 900000211<\/p>\n<p>F\u00e4del die Form ist ein von Montessori inspiriertes Kleinkindspielzeug von Educo, mit dem das Kind lernt, sich mit immer gr\u00f6\u00dferer Pr\u00e4zision zu bewegen!<\/p>\n","protected":false},"featured_media":52009,"comment_status":"open","ping_status":"closed","template":"","meta":[],"product_brand":[],"product_cat":[21444,21479,21599,21701,21486,21491,21484,21509,21481,22182,27058,21559,21609,21443,21563,21494,21557,21695,21678,21497,21482,21564],"product_tag":[27455,27427,27430,27456,27426,27428,27429,27454,21742,25533,26265,26267],"class_list":{"0":"post-58398","1":"product","2":"type-product","3":"status-publish","4":"has-post-thumbnail","6":"product_cat-1-3-jahre-kleinkind","7":"product_cat-lernmaterialien-spielzeug-montessori-waldorf-steiner-froebel","8":"product_cat-educo-de","9":"product_cat-einfaedeln","10":"product_cat-geschenk-guide-1-3-jahre-kleinkind","11":"product_cat-geschenk-guide-lerngeschenke","12":"product_cat-geschenk-guides","13":"product_cat-lernthemen","14":"product_cat-montessori-paedagogik-material-spielzeug","15":"product_cat-montessori-spielzeug","16":"product_cat-montessori-spielzeug-0-3-jahre","17":"product_cat-motorische-fertigkeiten","18":"product_cat-motorisches-spiel","19":"product_cat-nach-alter","20":"product_cat-neuheiten","21":"product_cat-schulbedarf-fuer-zuhause","22":"product_cat-sensorische-motorische-fertigkeiten","23":"product_cat-sinnliches-spiel","24":"product_cat-kinder-spielzeug","25":"product_cat-spielen-und-lernen-fuer-babys-kleinkinder","26":"product_cat-traditionelle-bildung","27":"product_cat-unsere-marken","28":"product_tag-fadel-die-form-educo","29":"product_tag-kleinkind-montessori-spielzeug-motorische-fahigkeiten","30":"product_tag-montessori-auge-hand-koordination","31":"product_tag-montessori-feinmotorische-fahigkeiten","32":"product_tag-montessori-spielzeug-de","33":"product_tag-montessori-spielzeug-fur-1-jahr-alt","34":"product_tag-montessori-spielzeugbewegung","35":"product_tag-montessori-schnurspielzeug","36":"product_tag-montessori-spielzeug","37":"product_tag-montessori-spielzeug-aus-holz","38":"product_tag-montessori-spielzeug-fur-kinder","39":"product_tag-montessori-spielzeug-fur-kleinkinder","41":"first","42":"instock","43":"taxable","44":"shipping-taxable","45":"purchasable","46":"product-type-simple"},"yoast_head":"<!-- This site is optimized with the Yoast SEO Premium plugin v25.8 (Yoast SEO v27.4) - https:\/\/yoast.com\/product\/yoast-seo-premium-wordpress\/ -->\n<title>F\u00e4del die Form - Educo - Teia Education &amp; Play<\/title>\n<meta name=\"description\" content=\"F\u00e4del die Form ist ein von Montessori inspiriertes Kleinkindspielzeug von Educo, mit dem das Kind lernt, sich mit immer gr\u00f6\u00dferer Pr\u00e4zision zu bewegen.\" \/>\n<meta name=\"robots\" content=\"index, follow, max-snippet:-1, max-image-preview:large, max-video-preview:-1\" \/>\n<link rel=\"canonical\" href=\"https:\/\/teiaeducation.ch\/de\/produkt\/faedel-die-form-educo\/\" \/>\n<meta property=\"og:locale\" content=\"de_DE\" \/>\n<meta property=\"og:type\" content=\"article\" \/>\n<meta property=\"og:title\" content=\"F\u00e4del die Form - Educo\" \/>\n<meta property=\"og:description\" content=\"F\u00e4del die Form ist ein von Montessori inspiriertes Kleinkindspielzeug von Educo, mit dem das Kind lernt, sich mit immer gr\u00f6\u00dferer Pr\u00e4zision zu bewegen.\" \/>\n<meta property=\"og:url\" content=\"https:\/\/teiaeducation.ch\/de\/produkt\/faedel-die-form-educo\/\" \/>\n<meta property=\"og:site_name\" content=\"Sustainable Educational Products &amp; Ecological Toys\u00a0\" \/>\n<meta property=\"article:publisher\" content=\"https:\/\/www.facebook.com\/teiaeducation\/\" \/>\n<meta property=\"article:modified_time\" content=\"2024-09-17T07:02:32+00:00\" \/>\n<meta property=\"og:image\" content=\"https:\/\/teiaeducation.ch\/wp-content\/uploads\/2023\/02\/Lace-the-string-durable-Montessori-inspired-educational-toddler-toy-Educo-scaled-e1677601697252.jpg\" \/>\n\t<meta property=\"og:image:width\" content=\"1200\" \/>\n\t<meta property=\"og:image:height\" content=\"1200\" \/>\n\t<meta property=\"og:image:type\" content=\"image\/jpeg\" \/>\n<script type=\"application\/ld+json\" class=\"yoast-schema-graph\">{\"@context\":\"https:\\\/\\\/schema.org\",\"@graph\":[{\"@type\":\"WebPage\",\"@id\":\"https:\\\/\\\/teiaeducation.ch\\\/de\\\/produkt\\\/faedel-die-form-educo\\\/\",\"url\":\"https:\\\/\\\/teiaeducation.ch\\\/de\\\/produkt\\\/faedel-die-form-educo\\\/\",\"name\":\"F\u00e4del die Form - Educo - Teia Education & Play\",\"isPartOf\":{\"@id\":\"https:\\\/\\\/teiaeducation.ch\\\/de\\\/#website\"},\"primaryImageOfPage\":{\"@id\":\"https:\\\/\\\/teiaeducation.ch\\\/de\\\/produkt\\\/faedel-die-form-educo\\\/#primaryimage\"},\"image\":{\"@id\":\"https:\\\/\\\/teiaeducation.ch\\\/de\\\/produkt\\\/faedel-die-form-educo\\\/#primaryimage\"},\"thumbnailUrl\":\"https:\\\/\\\/teiaeducation.ch\\\/wp-content\\\/uploads\\\/2023\\\/02\\\/Lace-the-string-durable-Montessori-inspired-educational-toddler-toy-Educo-scaled-e1677601697252.jpg\",\"datePublished\":\"2024-04-06T10:15:52+00:00\",\"dateModified\":\"2024-09-17T07:02:32+00:00\",\"description\":\"F\u00e4del die Form ist ein von Montessori inspiriertes Kleinkindspielzeug von Educo, mit dem das Kind lernt, sich mit immer gr\u00f6\u00dferer Pr\u00e4zision zu bewegen.\",\"breadcrumb\":{\"@id\":\"https:\\\/\\\/teiaeducation.ch\\\/de\\\/produkt\\\/faedel-die-form-educo\\\/#breadcrumb\"},\"inLanguage\":\"de-CH\",\"potentialAction\":[{\"@type\":\"ReadAction\",\"target\":[\"https:\\\/\\\/teiaeducation.ch\\\/de\\\/produkt\\\/faedel-die-form-educo\\\/\"]}]},{\"@type\":\"ImageObject\",\"inLanguage\":\"de-CH\",\"@id\":\"https:\\\/\\\/teiaeducation.ch\\\/de\\\/produkt\\\/faedel-die-form-educo\\\/#primaryimage\",\"url\":\"https:\\\/\\\/teiaeducation.ch\\\/wp-content\\\/uploads\\\/2023\\\/02\\\/Lace-the-string-durable-Montessori-inspired-educational-toddler-toy-Educo-scaled-e1677601697252.jpg\",\"contentUrl\":\"https:\\\/\\\/teiaeducation.ch\\\/wp-content\\\/uploads\\\/2023\\\/02\\\/Lace-the-string-durable-Montessori-inspired-educational-toddler-toy-Educo-scaled-e1677601697252.jpg\",\"width\":1200,\"height\":1200,\"caption\":\"F\u00e4del die Form dauerhaftes Montessori inspiriertes p\u00e4dagogisches Spielzeug f\u00fcr Kleinkinder Educo\"},{\"@type\":\"BreadcrumbList\",\"@id\":\"https:\\\/\\\/teiaeducation.ch\\\/de\\\/produkt\\\/faedel-die-form-educo\\\/#breadcrumb\",\"itemListElement\":[{\"@type\":\"ListItem\",\"position\":1,\"name\":\"Home\",\"item\":\"https:\\\/\\\/teiaeducation.ch\\\/de\\\/\"},{\"@type\":\"ListItem\",\"position\":2,\"name\":\"Laden\",\"item\":\"https:\\\/\\\/teiaeducation.ch\\\/de\\\/shop\\\/\"},{\"@type\":\"ListItem\",\"position\":3,\"name\":\"Unsere Marken\",\"item\":\"https:\\\/\\\/teiaeducation.ch\\\/de\\\/produkt-kategorie\\\/unsere-marken\\\/\"},{\"@type\":\"ListItem\",\"position\":4,\"name\":\"Educo\",\"item\":\"https:\\\/\\\/teiaeducation.ch\\\/de\\\/produkt-kategorie\\\/unsere-marken\\\/educo-de\\\/\"},{\"@type\":\"ListItem\",\"position\":5,\"name\":\"Montessori Spielzeug 0-3 Jahre\",\"item\":\"https:\\\/\\\/teiaeducation.ch\\\/de\\\/produkt-kategorie\\\/unsere-marken\\\/educo-de\\\/montessori-spielzeug-0-3-jahre\\\/\"},{\"@type\":\"ListItem\",\"position\":6,\"name\":\"F\u00e4del die Form &#8211; Educo\"}]},{\"@type\":\"WebSite\",\"@id\":\"https:\\\/\\\/teiaeducation.ch\\\/de\\\/#website\",\"url\":\"https:\\\/\\\/teiaeducation.ch\\\/de\\\/\",\"name\":\"Sustainable Educational Products &amp; Ecological Toys\u00a0\",\"description\":\"Specialised Swiss shop selling sustainable educational toys and games, AMI certified Montessori materials, handmade ecological wooden Waldorf toys and arts &amp; crafts supplies, school supplies, children&#039;s furniture and Montessori reference and parenting books.\",\"publisher\":{\"@id\":\"https:\\\/\\\/teiaeducation.ch\\\/de\\\/#organization\"},\"alternateName\":\"Teia Education & Play\",\"potentialAction\":[{\"@type\":\"SearchAction\",\"target\":{\"@type\":\"EntryPoint\",\"urlTemplate\":\"https:\\\/\\\/teiaeducation.ch\\\/de\\\/?s={search_term_string}\"},\"query-input\":{\"@type\":\"PropertyValueSpecification\",\"valueRequired\":true,\"valueName\":\"search_term_string\"}}],\"inLanguage\":\"de-CH\"},{\"@type\":\"Organization\",\"@id\":\"https:\\\/\\\/teiaeducation.ch\\\/de\\\/#organization\",\"name\":\"Teia Education & Play\",\"url\":\"https:\\\/\\\/teiaeducation.ch\\\/de\\\/\",\"logo\":{\"@type\":\"ImageObject\",\"inLanguage\":\"de-CH\",\"@id\":\"https:\\\/\\\/teiaeducation.ch\\\/de\\\/#\\\/schema\\\/logo\\\/image\\\/\",\"url\":\"https:\\\/\\\/teiaeducation.ch\\\/wp-content\\\/uploads\\\/2020\\\/11\\\/Teia-Education-Switzerland-e1620156442216.jpg\",\"contentUrl\":\"https:\\\/\\\/teiaeducation.ch\\\/wp-content\\\/uploads\\\/2020\\\/11\\\/Teia-Education-Switzerland-e1620156442216.jpg\",\"width\":166,\"height\":145,\"caption\":\"Teia Education & Play\"},\"image\":{\"@id\":\"https:\\\/\\\/teiaeducation.ch\\\/de\\\/#\\\/schema\\\/logo\\\/image\\\/\"},\"sameAs\":[\"https:\\\/\\\/www.facebook.com\\\/teiaeducation\\\/\",\"https:\\\/\\\/x.com\\\/EducationTeia\",\"https:\\\/\\\/www.instagram.com\\\/teia.education\\\/\",\"https:\\\/\\\/www.linkedin.com\\\/company\\\/35501660\",\"https:\\\/\\\/www.pinterest.ch\\\/TeiaEducation\\\/\"]}]}<\/script>\n<meta property=\"product:price:amount\" content=\"44.90\" \/>\n<meta property=\"product:price:currency\" content=\"CHF\" \/>\n<meta property=\"og:availability\" content=\"instock\" \/>\n<meta property=\"product:availability\" content=\"instock\" \/>\n<meta property=\"product:condition\" content=\"new\" \/>\n<!-- \/ Yoast SEO Premium plugin. -->","yoast_head_json":{"title":"F\u00e4del die Form - Educo - Teia Education & Play","description":"F\u00e4del die Form ist ein von Montessori inspiriertes Kleinkindspielzeug von Educo, mit dem das Kind lernt, sich mit immer gr\u00f6\u00dferer Pr\u00e4zision zu bewegen.","robots":{"index":"index","follow":"follow","max-snippet":"max-snippet:-1","max-image-preview":"max-image-preview:large","max-video-preview":"max-video-preview:-1"},"canonical":"https:\/\/teiaeducation.ch\/de\/produkt\/faedel-die-form-educo\/","og_locale":"de_DE","og_type":"article","og_title":"F\u00e4del die Form - Educo","og_description":"F\u00e4del die Form ist ein von Montessori inspiriertes Kleinkindspielzeug von Educo, mit dem das Kind lernt, sich mit immer gr\u00f6\u00dferer Pr\u00e4zision zu bewegen.","og_url":"https:\/\/teiaeducation.ch\/de\/produkt\/faedel-die-form-educo\/","og_site_name":"Sustainable Educational Products &amp; Ecological Toys\u00a0","article_publisher":"https:\/\/www.facebook.com\/teiaeducation\/","article_modified_time":"2024-09-17T07:02:32+00:00","og_image":[{"width":1200,"height":1200,"url":"https:\/\/teiaeducation.ch\/wp-content\/uploads\/2023\/02\/Lace-the-string-durable-Montessori-inspired-educational-toddler-toy-Educo-scaled-e1677601697252.jpg","type":"image\/jpeg"}],"schema":{"@context":"https:\/\/schema.org","@graph":[{"@type":"WebPage","@id":"https:\/\/teiaeducation.ch\/de\/produkt\/faedel-die-form-educo\/","url":"https:\/\/teiaeducation.ch\/de\/produkt\/faedel-die-form-educo\/","name":"F\u00e4del die Form - Educo - Teia Education & Play","isPartOf":{"@id":"https:\/\/teiaeducation.ch\/de\/#website"},"primaryImageOfPage":{"@id":"https:\/\/teiaeducation.ch\/de\/produkt\/faedel-die-form-educo\/#primaryimage"},"image":{"@id":"https:\/\/teiaeducation.ch\/de\/produkt\/faedel-die-form-educo\/#primaryimage"},"thumbnailUrl":"https:\/\/teiaeducation.ch\/wp-content\/uploads\/2023\/02\/Lace-the-string-durable-Montessori-inspired-educational-toddler-toy-Educo-scaled-e1677601697252.jpg","datePublished":"2024-04-06T10:15:52+00:00","dateModified":"2024-09-17T07:02:32+00:00","description":"F\u00e4del die Form ist ein von Montessori inspiriertes Kleinkindspielzeug von Educo, mit dem das Kind lernt, sich mit immer gr\u00f6\u00dferer Pr\u00e4zision zu bewegen.","breadcrumb":{"@id":"https:\/\/teiaeducation.ch\/de\/produkt\/faedel-die-form-educo\/#breadcrumb"},"inLanguage":"de-CH","potentialAction":[{"@type":"ReadAction","target":["https:\/\/teiaeducation.ch\/de\/produkt\/faedel-die-form-educo\/"]}]},{"@type":"ImageObject","inLanguage":"de-CH","@id":"https:\/\/teiaeducation.ch\/de\/produkt\/faedel-die-form-educo\/#primaryimage","url":"https:\/\/teiaeducation.ch\/wp-content\/uploads\/2023\/02\/Lace-the-string-durable-Montessori-inspired-educational-toddler-toy-Educo-scaled-e1677601697252.jpg","contentUrl":"https:\/\/teiaeducation.ch\/wp-content\/uploads\/2023\/02\/Lace-the-string-durable-Montessori-inspired-educational-toddler-toy-Educo-scaled-e1677601697252.jpg","width":1200,"height":1200,"caption":"F\u00e4del die Form dauerhaftes Montessori inspiriertes p\u00e4dagogisches Spielzeug f\u00fcr Kleinkinder Educo"},{"@type":"BreadcrumbList","@id":"https:\/\/teiaeducation.ch\/de\/produkt\/faedel-die-form-educo\/#breadcrumb","itemListElement":[{"@type":"ListItem","position":1,"name":"Home","item":"https:\/\/teiaeducation.ch\/de\/"},{"@type":"ListItem","position":2,"name":"Laden","item":"https:\/\/teiaeducation.ch\/de\/shop\/"},{"@type":"ListItem","position":3,"name":"Unsere Marken","item":"https:\/\/teiaeducation.ch\/de\/produkt-kategorie\/unsere-marken\/"},{"@type":"ListItem","position":4,"name":"Educo","item":"https:\/\/teiaeducation.ch\/de\/produkt-kategorie\/unsere-marken\/educo-de\/"},{"@type":"ListItem","position":5,"name":"Montessori Spielzeug 0-3 Jahre","item":"https:\/\/teiaeducation.ch\/de\/produkt-kategorie\/unsere-marken\/educo-de\/montessori-spielzeug-0-3-jahre\/"},{"@type":"ListItem","position":6,"name":"F\u00e4del die Form &#8211; Educo"}]},{"@type":"WebSite","@id":"https:\/\/teiaeducation.ch\/de\/#website","url":"https:\/\/teiaeducation.ch\/de\/","name":"Sustainable Educational Products &amp; Ecological Toys\u00a0","description":"Specialised Swiss shop selling sustainable educational toys and games, AMI certified Montessori materials, handmade ecological wooden Waldorf toys and arts &amp; crafts supplies, school supplies, children&#039;s furniture and Montessori reference and parenting books.","publisher":{"@id":"https:\/\/teiaeducation.ch\/de\/#organization"},"alternateName":"Teia Education & Play","potentialAction":[{"@type":"SearchAction","target":{"@type":"EntryPoint","urlTemplate":"https:\/\/teiaeducation.ch\/de\/?s={search_term_string}"},"query-input":{"@type":"PropertyValueSpecification","valueRequired":true,"valueName":"search_term_string"}}],"inLanguage":"de-CH"},{"@type":"Organization","@id":"https:\/\/teiaeducation.ch\/de\/#organization","name":"Teia Education & Play","url":"https:\/\/teiaeducation.ch\/de\/","logo":{"@type":"ImageObject","inLanguage":"de-CH","@id":"https:\/\/teiaeducation.ch\/de\/#\/schema\/logo\/image\/","url":"https:\/\/teiaeducation.ch\/wp-content\/uploads\/2020\/11\/Teia-Education-Switzerland-e1620156442216.jpg","contentUrl":"https:\/\/teiaeducation.ch\/wp-content\/uploads\/2020\/11\/Teia-Education-Switzerland-e1620156442216.jpg","width":166,"height":145,"caption":"Teia Education & Play"},"image":{"@id":"https:\/\/teiaeducation.ch\/de\/#\/schema\/logo\/image\/"},"sameAs":["https:\/\/www.facebook.com\/teiaeducation\/","https:\/\/x.com\/EducationTeia","https:\/\/www.instagram.com\/teia.education\/","https:\/\/www.linkedin.com\/company\/35501660","https:\/\/www.pinterest.ch\/TeiaEducation\/"]}]},"product_price_amount":"44.90","product_price_currency":"CHF","og_availability":"instock","product_availability":"instock","product_condition":"new"},"_links":{"self":[{"href":"https:\/\/teiaeducation.ch\/de\/wp-json\/wp\/v2\/product\/58398","targetHints":{"allow":["GET"]}}],"collection":[{"href":"https:\/\/teiaeducation.ch\/de\/wp-json\/wp\/v2\/product"}],"about":[{"href":"https:\/\/teiaeducation.ch\/de\/wp-json\/wp\/v2\/types\/product"}],"replies":[{"embeddable":true,"href":"https:\/\/teiaeducation.ch\/de\/wp-json\/wp\/v2\/comments?post=58398"}],"wp:featuredmedia":[{"embeddable":true,"href":"https:\/\/teiaeducation.ch\/de\/wp-json\/wp\/v2\/media\/52009"}],"wp:attachment":[{"href":"https:\/\/teiaeducation.ch\/de\/wp-json\/wp\/v2\/media?parent=58398"}],"wp:term":[{"taxonomy":"product_brand","embeddable":true,"href":"https:\/\/teiaeducation.ch\/de\/wp-json\/wp\/v2\/product_brand?post=58398"},{"taxonomy":"product_cat","embeddable":true,"href":"https:\/\/teiaeducation.ch\/de\/wp-json\/wp\/v2\/product_cat?post=58398"},{"taxonomy":"product_tag","embeddable":true,"href":"https:\/\/teiaeducation.ch\/de\/wp-json\/wp\/v2\/product_tag?post=58398"}],"curies":[{"name":"wp","href":"https:\/\/api.w.org\/{rel}","templated":true}]}}