{"id":58399,"date":"2024-04-06T12:02:14","date_gmt":"2024-04-06T10:02:14","guid":{"rendered":"https:\/\/teiaeducation.ch\/product\/montessori-passe-die-form-educo\/"},"modified":"2024-09-17T09:36:13","modified_gmt":"2024-09-17T07:36:13","slug":"montessori-passe-die-form-educo","status":"publish","type":"product","link":"https:\/\/teiaeducation.ch\/de\/produkt\/montessori-passe-die-form-educo\/","title":{"rendered":"Montessori Passe die Form &#8211; Educo"},"content":{"rendered":"<p>Inspiriert von der Nienhuis Montessori <a href=\"https:\/\/teiaeducation.ch\/product\/3d-object-fitting-exercise-nienhuis-montessori\/\">3D-Objektanpassungs\u00fcbung<\/a>, ist Passe die Form ein p\u00e4dagogisches <a href=\"https:\/\/teiaeducation.ch\/product-category\/hgh-quality-toys-play\/montessori-toys\/\">Montessori<\/a> Sinnesspielzeug f\u00fcr Babys aus dem <a href=\"https:\/\/teiaeducation.ch\/product-category\/brands\/educo\/montessori-toys-range-0-3-years\/\">Educo Montessori-Spielzeugsortiment<\/a> f\u00fcr Kinder im Alter von 0-3 Jahren, das die Koordinationsf\u00e4higkeiten des Kleinkinder entwickelt.<\/p>\n<p>Im Alter von etwa 7-11 Monaten haben Kinder Spa\u00df daran, Dinge auseinanderzunehmen und wieder zusammenzusetzen. Sie entdecken auch ihre F\u00e4higkeit, zwei Gegenst\u00e4nde gleichzeitig zu halten. und beginnen Sie mit der Erkundung passender Objekte in einem Empf\u00e4nger.<\/p>\n<p>Mit acht oder neun Monaten sind Babys in der Lage, ein Holzei in einen Becher zu legen und wieder herauszunehmen. Einen Ball in einen Becher zu legen und wieder herauszunehmen ist eine neue Erfahrung, denn das Kind muss den Becher umdrehen, um den Ball herauszunehmen. Das Einsetzen eines W\u00fcrfels in eine Schachtel ist sogar noch schwieriger, da die Ecken der Schachtel und des W\u00fcrfels aufeinander ausgerichtet werden m\u00fcssen, um erfolgreich zu sei<\/p>\n<p>Passe die Form f\u00f6rdert die <a href=\"https:\/\/teiaeducation.ch\/product-category\/learning-themes\/sensory-motor-skills\/motor-skills\/\">motorischen F\u00e4higkeiten<\/a>, die Auge-Hand-Koordination und die Koordination beider K\u00f6rperh\u00e4lften, w\u00e4hrend das Kind die Formen zusammensetzt. Au\u00dferdem wird damit die Grundlage f\u00fcr das Erkennen von Formen gelegt.<\/p>\n<p>Dieses Set ist aus FSC-zertifiziertem Buchenholz gefertigt und wird in einer 100 % recycelten und plastikfreien Verpackung geliefert.<\/p>\n<p>Educo Passe die Form ist f\u00fcr Kinder im Alter von 7-11 Monaten geeignet.<\/p>\n<p>Inhalt:<\/p>\n<p>1 Holzei + Halter<br \/>\n1 Holzkugel + Halter<br \/>\n1 Holzw\u00fcrfel + Halter<\/p>\n<h2>\u00dcber Educo<\/h2>\n<p>Die niederl\u00e4ndische Marke <a href=\"https:\/\/teiaeducation.ch\/product-category\/brands\/educo\/\">Educo<\/a> steht f\u00fcr eine bunte Welt des spielerischen <a href=\"https:\/\/teiaeducation.ch\/product-category\/learning-themes\/\">Lernens<\/a>, herausfordernde Lernspiele und Spielzeuge! Die hochwertigen und langlebigen Educo Produkte orientieren sich an Alltagssituationen und helfen Babys und Kindern, Spiele mit regul\u00e4ren Themen zu verbinden und den Lernprozess in eine Simulation ihrer nat\u00fcrlichen Umgebung zu verwandeln.<\/p>\n<p>Das Educo-Sortiment ist in drei Entwicklungsbereiche unterteilt: <a href=\"https:\/\/teiaeducation.ch\/product-category\/brands\/educo\/motor-play\/\">Motorik<\/a>, <a href=\"https:\/\/teiaeducation.ch\/product-category\/brands\/educo\/language-play\/\">Sprache<\/a> und <a href=\"https:\/\/teiaeducation.ch\/product-category\/brands\/educo\/mathematical-play\/\">Mathematik<\/a>. Im Jahr 2023 wurde ein umfassendes Sortiment an <a href=\"https:\/\/teiaeducation.ch\/product-category\/brands\/educo\/montessori-toys-range-0-3-years\/\">Montessori Spielzeug<\/a> f\u00fcr Kinder im Alter von 0 bis 3 Jahren eingef\u00fchrt, um das Wachstum und die Entwicklung der Kleinen bestm\u00f6glich zu f\u00f6rdern.<\/p>\n<p>Die aktiven, spielerischen Lernprodukte von Educo sind haupts\u00e4chlich aus Holz gefertigt und bestehen aus nachhaltigen Materialien wie Farben und Lacken auf Wasserbasis. Die <a href=\"https:\/\/teiaeducation.ch\/product-category\/hgh-quality-toys-play\/\">Spielzeuge<\/a> sind so konzipiert, dass sie \u00fcber viele Jahre hinweg robust verwendet werden k\u00f6nnen, spielerisches Lernen f\u00f6rdern und Kinder im Alter von 0-12 Jahren zu Wachstum und Erfolg inspirieren.<\/p>\n<p>Sie erf\u00fcllen die Anforderungen der verschiedenen europ\u00e4ischen und internationalen Sicherheitsvorschriften f\u00fcr Spielzeug und entsprechen der Richtlinie 2009\/48\/EG \u00fcber die Sicherheit von Spielzeug, einschlie\u00dflich EN81 und ASTM.<\/p>\n","protected":false},"excerpt":{"rendered":"<p>Artikelnummer: 900000200<\/p>\n<p>Passe die Form von Educo ein Montessori Sinnesspielzeug aus Holz f\u00fcr Babys, das die Koordinationsf\u00e4higkeiten des Kleinkinder entwickelt!<\/p>\n","protected":false},"featured_media":52005,"comment_status":"open","ping_status":"closed","template":"","meta":[],"product_brand":[],"product_cat":[25967,21444,21479,21599,21485,21491,21484,21509,21498,21481,22182,27058,21559,21609,21443,21563,21561,21494,21557,21695,21697,21678,21497,21482,21564],"product_tag":[27439,27427,27440,27430,27441,27426,27428,27431,27429,21742,25533,26265,26267,27438],"class_list":{"0":"post-58399","1":"product","2":"type-product","3":"status-publish","4":"has-post-thumbnail","6":"product_cat-0-12-monate-baby","7":"product_cat-1-3-jahre-kleinkind","8":"product_cat-lernmaterialien-spielzeug-montessori-waldorf-steiner-froebel","9":"product_cat-educo-de","10":"product_cat-geschenk-guide-0-12-monate-baby","11":"product_cat-geschenk-guide-lerngeschenke","12":"product_cat-geschenk-guides","13":"product_cat-lernthemen","14":"product_cat-montessori-materialien-fuer-zuhause-schulbedarf-fuer-zuhause","15":"product_cat-montessori-paedagogik-material-spielzeug","16":"product_cat-montessori-spielzeug","17":"product_cat-montessori-spielzeug-0-3-jahre","18":"product_cat-motorische-fertigkeiten","19":"product_cat-motorisches-spiel","20":"product_cat-nach-alter","21":"product_cat-neuheiten","22":"product_cat-objektpermanenz","23":"product_cat-schulbedarf-fuer-zuhause","24":"product_cat-sensorische-motorische-fertigkeiten","25":"product_cat-sinnliches-spiel","26":"product_cat-sortieren","27":"product_cat-kinder-spielzeug","28":"product_cat-spielen-und-lernen-fuer-babys-kleinkinder","29":"product_cat-traditionelle-bildung","30":"product_cat-unsere-marken","31":"product_tag-fit-formen-montessori","32":"product_tag-kleinkind-montessori-spielzeug-motorische-fahigkeiten","33":"product_tag-montessori-3d-objektanpassungsubung","34":"product_tag-montessori-auge-hand-koordination","35":"product_tag-montessori-platziere-die-form-educo","36":"product_tag-montessori-spielzeug-de","37":"product_tag-montessori-spielzeug-fur-1-jahr-alt","38":"product_tag-montessori-spielzeug-fur-babys","39":"product_tag-montessori-spielzeugbewegung","40":"product_tag-montessori-spielzeug","41":"product_tag-montessori-spielzeug-aus-holz","42":"product_tag-montessori-spielzeug-fur-kinder","43":"product_tag-montessori-spielzeug-fur-kleinkinder","44":"product_tag-rollende-trommel-montessori-spielzeug","46":"first","47":"instock","48":"taxable","49":"shipping-taxable","50":"purchasable","51":"product-type-simple"},"yoast_head":"<!-- This site is optimized with the Yoast SEO plugin v27.1.1 - https:\/\/yoast.com\/product\/yoast-seo-wordpress\/ -->\n<title>Montessori Passe die Form - Educo - Teia Education &amp; Play<\/title>\n<meta name=\"description\" content=\"Passe die Form von Educo ein Montessori Sinnesspielzeug aus Holz f\u00fcr Babys, das die Koordinationsf\u00e4higkeiten des Kleinkinder entwickelt.\" \/>\n<meta name=\"robots\" content=\"index, follow, max-snippet:-1, max-image-preview:large, max-video-preview:-1\" \/>\n<link rel=\"canonical\" href=\"https:\/\/teiaeducation.ch\/de\/produkt\/montessori-passe-die-form-educo\/\" \/>\n<meta property=\"og:locale\" content=\"de_DE\" \/>\n<meta property=\"og:type\" content=\"article\" \/>\n<meta property=\"og:title\" content=\"Montessori Passe die Form - Educo - Teia Education &amp; Play\" \/>\n<meta property=\"og:description\" content=\"Passe die Form von Educo ein Montessori Sinnesspielzeug aus Holz f\u00fcr Babys, das die Koordinationsf\u00e4higkeiten des Kleinkinder entwickelt.\" \/>\n<meta property=\"og:url\" content=\"https:\/\/teiaeducation.ch\/de\/produkt\/montessori-passe-die-form-educo\/\" \/>\n<meta property=\"og:site_name\" content=\"Sustainable Educational Products &amp; Ecological Toys\u00a0\" \/>\n<meta property=\"article:publisher\" content=\"https:\/\/www.facebook.com\/teiaeducation\/\" \/>\n<meta property=\"article:modified_time\" content=\"2024-09-17T07:36:13+00:00\" \/>\n<meta property=\"og:image\" content=\"https:\/\/teiaeducation.ch\/wp-content\/uploads\/2023\/02\/Fit-the-shape-sensorial-Montessori-educational-baby-toy-Educo-scaled-e1677599530587.jpg\" \/>\n\t<meta property=\"og:image:width\" content=\"1200\" \/>\n\t<meta property=\"og:image:height\" content=\"1200\" \/>\n\t<meta property=\"og:image:type\" content=\"image\/jpeg\" \/>\n<script type=\"application\/ld+json\" class=\"yoast-schema-graph\">{\"@context\":\"https:\/\/schema.org\",\"@graph\":[{\"@type\":\"WebPage\",\"@id\":\"https:\/\/teiaeducation.ch\/de\/produkt\/montessori-passe-die-form-educo\/\",\"url\":\"https:\/\/teiaeducation.ch\/de\/produkt\/montessori-passe-die-form-educo\/\",\"name\":\"Montessori Passe die Form - Educo - Teia Education & Play\",\"isPartOf\":{\"@id\":\"https:\/\/teiaeducation.ch\/de\/#website\"},\"primaryImageOfPage\":{\"@id\":\"https:\/\/teiaeducation.ch\/de\/produkt\/montessori-passe-die-form-educo\/#primaryimage\"},\"image\":{\"@id\":\"https:\/\/teiaeducation.ch\/de\/produkt\/montessori-passe-die-form-educo\/#primaryimage\"},\"thumbnailUrl\":\"https:\/\/teiaeducation.ch\/wp-content\/uploads\/2023\/02\/Fit-the-shape-sensorial-Montessori-educational-baby-toy-Educo-scaled-e1677599530587.jpg\",\"datePublished\":\"2024-04-06T10:02:14+00:00\",\"dateModified\":\"2024-09-17T07:36:13+00:00\",\"description\":\"Passe die Form von Educo ein Montessori Sinnesspielzeug aus Holz f\u00fcr Babys, das die Koordinationsf\u00e4higkeiten des Kleinkinder entwickelt.\",\"breadcrumb\":{\"@id\":\"https:\/\/teiaeducation.ch\/de\/produkt\/montessori-passe-die-form-educo\/#breadcrumb\"},\"inLanguage\":\"de-CH\",\"potentialAction\":[{\"@type\":\"ReadAction\",\"target\":[\"https:\/\/teiaeducation.ch\/de\/produkt\/montessori-passe-die-form-educo\/\"]}]},{\"@type\":\"ImageObject\",\"inLanguage\":\"de-CH\",\"@id\":\"https:\/\/teiaeducation.ch\/de\/produkt\/montessori-passe-die-form-educo\/#primaryimage\",\"url\":\"https:\/\/teiaeducation.ch\/wp-content\/uploads\/2023\/02\/Fit-the-shape-sensorial-Montessori-educational-baby-toy-Educo-scaled-e1677599530587.jpg\",\"contentUrl\":\"https:\/\/teiaeducation.ch\/wp-content\/uploads\/2023\/02\/Fit-the-shape-sensorial-Montessori-educational-baby-toy-Educo-scaled-e1677599530587.jpg\",\"width\":1200,\"height\":1200,\"caption\":\"Passe die Form sensorisches Montessori-Lernspielzeug f\u00fcr Babys Educo\"},{\"@type\":\"BreadcrumbList\",\"@id\":\"https:\/\/teiaeducation.ch\/de\/produkt\/montessori-passe-die-form-educo\/#breadcrumb\",\"itemListElement\":[{\"@type\":\"ListItem\",\"position\":1,\"name\":\"Home\",\"item\":\"https:\/\/teiaeducation.ch\/de\/\"},{\"@type\":\"ListItem\",\"position\":2,\"name\":\"Laden\",\"item\":\"https:\/\/teiaeducation.ch\/de\/shop\/\"},{\"@type\":\"ListItem\",\"position\":3,\"name\":\"Unsere Marken\",\"item\":\"https:\/\/teiaeducation.ch\/de\/produkt-kategorie\/unsere-marken\/\"},{\"@type\":\"ListItem\",\"position\":4,\"name\":\"Educo\",\"item\":\"https:\/\/teiaeducation.ch\/de\/produkt-kategorie\/unsere-marken\/educo-de\/\"},{\"@type\":\"ListItem\",\"position\":5,\"name\":\"Motorisches Spiel\",\"item\":\"https:\/\/teiaeducation.ch\/de\/produkt-kategorie\/unsere-marken\/educo-de\/motorisches-spiel\/\"},{\"@type\":\"ListItem\",\"position\":6,\"name\":\"Montessori Passe die Form &#8211; Educo\"}]},{\"@type\":\"WebSite\",\"@id\":\"https:\/\/teiaeducation.ch\/de\/#website\",\"url\":\"https:\/\/teiaeducation.ch\/de\/\",\"name\":\"Sustainable Educational Products &amp; Ecological Toys\u00a0\",\"description\":\"Specialised Swiss shop selling sustainable educational toys and games, AMI certified Montessori materials, handmade ecological wooden Waldorf toys and arts &amp; crafts supplies, school supplies, children&#039;s furniture and Montessori reference and parenting books.\",\"publisher\":{\"@id\":\"https:\/\/teiaeducation.ch\/de\/#organization\"},\"alternateName\":\"Teia Education & Play\",\"potentialAction\":[{\"@type\":\"SearchAction\",\"target\":{\"@type\":\"EntryPoint\",\"urlTemplate\":\"https:\/\/teiaeducation.ch\/de\/?s={search_term_string}\"},\"query-input\":{\"@type\":\"PropertyValueSpecification\",\"valueRequired\":true,\"valueName\":\"search_term_string\"}}],\"inLanguage\":\"de-CH\"},{\"@type\":\"Organization\",\"@id\":\"https:\/\/teiaeducation.ch\/de\/#organization\",\"name\":\"Teia Education & Play\",\"url\":\"https:\/\/teiaeducation.ch\/de\/\",\"logo\":{\"@type\":\"ImageObject\",\"inLanguage\":\"de-CH\",\"@id\":\"https:\/\/teiaeducation.ch\/de\/#\/schema\/logo\/image\/\",\"url\":\"https:\/\/teiaeducation.ch\/wp-content\/uploads\/2020\/11\/Teia-Education-Switzerland-e1620156442216.jpg\",\"contentUrl\":\"https:\/\/teiaeducation.ch\/wp-content\/uploads\/2020\/11\/Teia-Education-Switzerland-e1620156442216.jpg\",\"width\":166,\"height\":145,\"caption\":\"Teia Education & Play\"},\"image\":{\"@id\":\"https:\/\/teiaeducation.ch\/de\/#\/schema\/logo\/image\/\"},\"sameAs\":[\"https:\/\/www.facebook.com\/teiaeducation\/\",\"https:\/\/x.com\/EducationTeia\",\"https:\/\/www.instagram.com\/teia.education\/\",\"https:\/\/www.linkedin.com\/company\/35501660\",\"https:\/\/www.pinterest.ch\/TeiaEducation\/\"]}]}<\/script>\n<!-- \/ Yoast SEO plugin. -->","yoast_head_json":{"title":"Montessori Passe die Form - Educo - Teia Education & Play","description":"Passe die Form von Educo ein Montessori Sinnesspielzeug aus Holz f\u00fcr Babys, das die Koordinationsf\u00e4higkeiten des Kleinkinder entwickelt.","robots":{"index":"index","follow":"follow","max-snippet":"max-snippet:-1","max-image-preview":"max-image-preview:large","max-video-preview":"max-video-preview:-1"},"canonical":"https:\/\/teiaeducation.ch\/de\/produkt\/montessori-passe-die-form-educo\/","og_locale":"de_DE","og_type":"article","og_title":"Montessori Passe die Form - Educo - Teia Education & Play","og_description":"Passe die Form von Educo ein Montessori Sinnesspielzeug aus Holz f\u00fcr Babys, das die Koordinationsf\u00e4higkeiten des Kleinkinder entwickelt.","og_url":"https:\/\/teiaeducation.ch\/de\/produkt\/montessori-passe-die-form-educo\/","og_site_name":"Sustainable Educational Products &amp; Ecological Toys\u00a0","article_publisher":"https:\/\/www.facebook.com\/teiaeducation\/","article_modified_time":"2024-09-17T07:36:13+00:00","og_image":[{"width":1200,"height":1200,"url":"https:\/\/teiaeducation.ch\/wp-content\/uploads\/2023\/02\/Fit-the-shape-sensorial-Montessori-educational-baby-toy-Educo-scaled-e1677599530587.jpg","type":"image\/jpeg"}],"schema":{"@context":"https:\/\/schema.org","@graph":[{"@type":"WebPage","@id":"https:\/\/teiaeducation.ch\/de\/produkt\/montessori-passe-die-form-educo\/","url":"https:\/\/teiaeducation.ch\/de\/produkt\/montessori-passe-die-form-educo\/","name":"Montessori Passe die Form - Educo - Teia Education & Play","isPartOf":{"@id":"https:\/\/teiaeducation.ch\/de\/#website"},"primaryImageOfPage":{"@id":"https:\/\/teiaeducation.ch\/de\/produkt\/montessori-passe-die-form-educo\/#primaryimage"},"image":{"@id":"https:\/\/teiaeducation.ch\/de\/produkt\/montessori-passe-die-form-educo\/#primaryimage"},"thumbnailUrl":"https:\/\/teiaeducation.ch\/wp-content\/uploads\/2023\/02\/Fit-the-shape-sensorial-Montessori-educational-baby-toy-Educo-scaled-e1677599530587.jpg","datePublished":"2024-04-06T10:02:14+00:00","dateModified":"2024-09-17T07:36:13+00:00","description":"Passe die Form von Educo ein Montessori Sinnesspielzeug aus Holz f\u00fcr Babys, das die Koordinationsf\u00e4higkeiten des Kleinkinder entwickelt.","breadcrumb":{"@id":"https:\/\/teiaeducation.ch\/de\/produkt\/montessori-passe-die-form-educo\/#breadcrumb"},"inLanguage":"de-CH","potentialAction":[{"@type":"ReadAction","target":["https:\/\/teiaeducation.ch\/de\/produkt\/montessori-passe-die-form-educo\/"]}]},{"@type":"ImageObject","inLanguage":"de-CH","@id":"https:\/\/teiaeducation.ch\/de\/produkt\/montessori-passe-die-form-educo\/#primaryimage","url":"https:\/\/teiaeducation.ch\/wp-content\/uploads\/2023\/02\/Fit-the-shape-sensorial-Montessori-educational-baby-toy-Educo-scaled-e1677599530587.jpg","contentUrl":"https:\/\/teiaeducation.ch\/wp-content\/uploads\/2023\/02\/Fit-the-shape-sensorial-Montessori-educational-baby-toy-Educo-scaled-e1677599530587.jpg","width":1200,"height":1200,"caption":"Passe die Form sensorisches Montessori-Lernspielzeug f\u00fcr Babys Educo"},{"@type":"BreadcrumbList","@id":"https:\/\/teiaeducation.ch\/de\/produkt\/montessori-passe-die-form-educo\/#breadcrumb","itemListElement":[{"@type":"ListItem","position":1,"name":"Home","item":"https:\/\/teiaeducation.ch\/de\/"},{"@type":"ListItem","position":2,"name":"Laden","item":"https:\/\/teiaeducation.ch\/de\/shop\/"},{"@type":"ListItem","position":3,"name":"Unsere Marken","item":"https:\/\/teiaeducation.ch\/de\/produkt-kategorie\/unsere-marken\/"},{"@type":"ListItem","position":4,"name":"Educo","item":"https:\/\/teiaeducation.ch\/de\/produkt-kategorie\/unsere-marken\/educo-de\/"},{"@type":"ListItem","position":5,"name":"Motorisches Spiel","item":"https:\/\/teiaeducation.ch\/de\/produkt-kategorie\/unsere-marken\/educo-de\/motorisches-spiel\/"},{"@type":"ListItem","position":6,"name":"Montessori Passe die Form &#8211; Educo"}]},{"@type":"WebSite","@id":"https:\/\/teiaeducation.ch\/de\/#website","url":"https:\/\/teiaeducation.ch\/de\/","name":"Sustainable Educational Products &amp; Ecological Toys\u00a0","description":"Specialised Swiss shop selling sustainable educational toys and games, AMI certified Montessori materials, handmade ecological wooden Waldorf toys and arts &amp; crafts supplies, school supplies, children&#039;s furniture and Montessori reference and parenting books.","publisher":{"@id":"https:\/\/teiaeducation.ch\/de\/#organization"},"alternateName":"Teia Education & Play","potentialAction":[{"@type":"SearchAction","target":{"@type":"EntryPoint","urlTemplate":"https:\/\/teiaeducation.ch\/de\/?s={search_term_string}"},"query-input":{"@type":"PropertyValueSpecification","valueRequired":true,"valueName":"search_term_string"}}],"inLanguage":"de-CH"},{"@type":"Organization","@id":"https:\/\/teiaeducation.ch\/de\/#organization","name":"Teia Education & Play","url":"https:\/\/teiaeducation.ch\/de\/","logo":{"@type":"ImageObject","inLanguage":"de-CH","@id":"https:\/\/teiaeducation.ch\/de\/#\/schema\/logo\/image\/","url":"https:\/\/teiaeducation.ch\/wp-content\/uploads\/2020\/11\/Teia-Education-Switzerland-e1620156442216.jpg","contentUrl":"https:\/\/teiaeducation.ch\/wp-content\/uploads\/2020\/11\/Teia-Education-Switzerland-e1620156442216.jpg","width":166,"height":145,"caption":"Teia Education & Play"},"image":{"@id":"https:\/\/teiaeducation.ch\/de\/#\/schema\/logo\/image\/"},"sameAs":["https:\/\/www.facebook.com\/teiaeducation\/","https:\/\/x.com\/EducationTeia","https:\/\/www.instagram.com\/teia.education\/","https:\/\/www.linkedin.com\/company\/35501660","https:\/\/www.pinterest.ch\/TeiaEducation\/"]}]}},"_links":{"self":[{"href":"https:\/\/teiaeducation.ch\/de\/wp-json\/wp\/v2\/product\/58399","targetHints":{"allow":["GET"]}}],"collection":[{"href":"https:\/\/teiaeducation.ch\/de\/wp-json\/wp\/v2\/product"}],"about":[{"href":"https:\/\/teiaeducation.ch\/de\/wp-json\/wp\/v2\/types\/product"}],"replies":[{"embeddable":true,"href":"https:\/\/teiaeducation.ch\/de\/wp-json\/wp\/v2\/comments?post=58399"}],"wp:featuredmedia":[{"embeddable":true,"href":"https:\/\/teiaeducation.ch\/de\/wp-json\/wp\/v2\/media\/52005"}],"wp:attachment":[{"href":"https:\/\/teiaeducation.ch\/de\/wp-json\/wp\/v2\/media?parent=58399"}],"wp:term":[{"taxonomy":"product_brand","embeddable":true,"href":"https:\/\/teiaeducation.ch\/de\/wp-json\/wp\/v2\/product_brand?post=58399"},{"taxonomy":"product_cat","embeddable":true,"href":"https:\/\/teiaeducation.ch\/de\/wp-json\/wp\/v2\/product_cat?post=58399"},{"taxonomy":"product_tag","embeddable":true,"href":"https:\/\/teiaeducation.ch\/de\/wp-json\/wp\/v2\/product_tag?post=58399"}],"curies":[{"name":"wp","href":"https:\/\/api.w.org\/{rel}","templated":true}]}}