{"id":58407,"date":"2024-04-06T12:07:59","date_gmt":"2024-04-06T10:07:59","guid":{"rendered":"https:\/\/teiaeducation.ch\/product\/stapele-die-scheibe-educo\/"},"modified":"2025-02-26T21:13:09","modified_gmt":"2025-02-26T20:13:09","slug":"stapele-die-scheibe-educo","status":"publish","type":"product","link":"https:\/\/teiaeducation.ch\/de\/produkt\/stapele-die-scheibe-educo\/","title":{"rendered":"Stapele die Scheibe &#8211; Educo"},"content":{"rendered":"<p>Die Stapele die Scheibe aus dem <a href=\"https:\/\/teiaeducation.ch\/product-category\/brands\/educo\/montessori-toys-range-0-3-years\/\">Educo Montessori Spielzeugsortiment<\/a> f\u00fcr Kinder im Alter von 0-3 Jahren ist ein wunderbares, von <a href=\"https:\/\/teiaeducation.ch\/product-category\/hgh-quality-toys-play\/montessori-toys\/\">Montessori inspiriertes<\/a> p\u00e4dagogisches Kleinkinder Spielzeug, bei dem das Kleinkind die 6 bunten Ringe mit Pr\u00e4zision aufnehmen und auf den Stift in der Mitte des Holzbretts stecken muss.<\/p>\n<p>Stapele die Scheibe inspiriert Kinder im Alter von 11 Monaten bis zu 2 Jahren zur Entwicklung der Fein<a href=\"https:\/\/teiaeducation.ch\/product-category\/learning-themes\/sensory-motor-skills\/motor-skills\/\">motorik<\/a> und der Auge-Hand-Koordination. Beim Spielen mit diesem langlebigen und qualitativ hochwertigen Spielzeug lernen sie etwas \u00fcber <a href=\"https:\/\/teiaeducation.ch\/product-category\/learning-themes\/sensory-motor-skills\/learning-about-colour\/\">Farben<\/a>, gewinnen ein Verst\u00e4ndnis f\u00fcr Ursache und Wirkung und k\u00f6nnen mit dem Spielzeug experimentieren. Au\u00dferdem stimuliert es das Ged\u00e4chtnis und die Probleml\u00f6sungsf\u00e4higkeiten.<\/p>\n<p>Das gesamte Set ist aus FSC-zertifiziertem Buchenholz gefertigt und wird in einer 100 % recycelten und plastikfreien Verpackung geliefert.<\/p>\n<p>Educo Stapele die Scheibe ist f\u00fcr Kinder im Alter von 11 Monaten bis 2 Jahren geeignet.<\/p>\n<p>Inhalt:<\/p>\n<p>1 Holzbrett mit Zapfen (18,8 x 19 x 14cm)<br \/>\n6 h\u00f6lzerne Scheiben<\/p>\n<h2>\u00dcber Educo<\/h2>\n<p>Die niederl\u00e4ndische Marke <a href=\"https:\/\/teiaeducation.ch\/product-category\/brands\/educo\/\">Educo<\/a> steht f\u00fcr eine bunte Welt des spielerischen <a href=\"https:\/\/teiaeducation.ch\/product-category\/learning-themes\/\">Lernens<\/a>, herausfordernde Lernspiele und Spielzeuge! Die hochwertigen und langlebigen Educo Produkte orientieren sich an Alltagssituationen und helfen Babys und Kindern, Spiele mit regul\u00e4ren Themen zu verbinden und den Lernprozess in eine Simulation ihrer nat\u00fcrlichen Umgebung zu verwandeln.<\/p>\n<p>Das Educo-Sortiment ist in drei Entwicklungsbereiche unterteilt: <a href=\"https:\/\/teiaeducation.ch\/product-category\/brands\/educo\/motor-play\/\">Motorik<\/a>, <a href=\"https:\/\/teiaeducation.ch\/product-category\/brands\/educo\/language-play\/\">Sprache<\/a> und <a href=\"https:\/\/teiaeducation.ch\/product-category\/brands\/educo\/mathematical-play\/\">Mathematik<\/a>. Im Jahr 2023 wurde ein umfassendes Sortiment an <a href=\"https:\/\/teiaeducation.ch\/product-category\/brands\/educo\/montessori-toys-range-0-3-years\/\">Montessori Spielzeug<\/a> f\u00fcr Kinder im Alter von 0 bis 3 Jahren eingef\u00fchrt, um das Wachstum und die Entwicklung der Kleinen bestm\u00f6glich zu f\u00f6rdern.<\/p>\n<p>Die aktiven, spielerischen Lernprodukte von Educo sind haupts\u00e4chlich aus Holz gefertigt und bestehen aus nachhaltigen Materialien wie Farben und Lacken auf Wasserbasis. Die <a href=\"https:\/\/teiaeducation.ch\/product-category\/hgh-quality-toys-play\/\">Spielzeuge<\/a> sind so konzipiert, dass sie \u00fcber viele Jahre hinweg robust verwendet werden k\u00f6nnen, spielerisches Lernen f\u00f6rdern und Kinder im Alter von 0-12 Jahren zu Wachstum und Erfolg inspirieren.<\/p>\n<p>Sie erf\u00fcllen die Anforderungen der verschiedenen europ\u00e4ischen und internationalen Sicherheitsvorschriften f\u00fcr Spielzeug und entsprechen der Richtlinie 2009\/48\/EG \u00fcber die Sicherheit von Spielzeug, einschlie\u00dflich EN81 und ASTM.<\/p>\n","protected":false},"excerpt":{"rendered":"<p>Artikelnummer: <span data-sheets-value=\"{\" data-sheets-userformat=\"{\">900000202<\/span><\/p>\n<p>Stapele die Scheibe ist ein von Montessori inspiriertes Spielzeug f\u00fcr Kleinkinder von Educo und f\u00f6rdert die Feinmotorik und die Auge-Hand-Koordination!<\/p>\n","protected":false},"featured_media":51997,"comment_status":"open","ping_status":"closed","template":"","meta":[],"product_brand":[],"product_cat":[25967,21444,21479,21599,21558,21486,21484,21509,21498,21481,22182,27058,21559,21609,21443,21563,21494,21557,21678,21497,21699,21482,21564],"product_tag":[27427,27426,27428,27460,27457,21742,25533,26265,26267,27459,27461],"class_list":{"0":"post-58407","1":"product","2":"type-product","3":"status-publish","4":"has-post-thumbnail","6":"product_cat-0-12-monate-baby","7":"product_cat-1-3-jahre-kleinkind","8":"product_cat-lernmaterialien-spielzeug-montessori-waldorf-steiner-froebel","9":"product_cat-educo-de","10":"product_cat-farbe-lernen","11":"product_cat-geschenk-guide-1-3-jahre-kleinkind","12":"product_cat-geschenk-guides","13":"product_cat-lernthemen","14":"product_cat-montessori-materialien-fuer-zuhause-schulbedarf-fuer-zuhause","15":"product_cat-montessori-paedagogik-material-spielzeug","16":"product_cat-montessori-spielzeug","17":"product_cat-montessori-spielzeug-0-3-jahre","18":"product_cat-motorische-fertigkeiten","19":"product_cat-motorisches-spiel","20":"product_cat-nach-alter","21":"product_cat-neuheiten","22":"product_cat-schulbedarf-fuer-zuhause","23":"product_cat-sensorische-motorische-fertigkeiten","24":"product_cat-kinder-spielzeug","25":"product_cat-spielen-und-lernen-fuer-babys-kleinkinder","26":"product_cat-stapelspielzeug","27":"product_cat-traditionelle-bildung","28":"product_cat-unsere-marken","29":"product_tag-kleinkind-montessori-spielzeug-motorische-fahigkeiten","30":"product_tag-montessori-spielzeug-de","31":"product_tag-montessori-spielzeug-fur-1-jahr-alt","32":"product_tag-montessori-spielzeug-stapel-ringe","33":"product_tag-montessori-farben","34":"product_tag-montessori-spielzeug","35":"product_tag-montessori-spielzeug-aus-holz","36":"product_tag-montessori-spielzeug-fur-kinder","37":"product_tag-montessori-spielzeug-fur-kleinkinder","38":"product_tag-stapele-die-scheibe-educo","39":"product_tag-stapelring-montessori-spielzeug","41":"first","42":"instock","43":"taxable","44":"shipping-taxable","45":"purchasable","46":"product-type-simple"},"yoast_head":"<!-- This site is optimized with the Yoast SEO plugin v27.1.1 - https:\/\/yoast.com\/product\/yoast-seo-wordpress\/ -->\n<title>Stapele die Scheibe - Educo - Teia Education &amp; Play<\/title>\n<meta name=\"description\" content=\"Stapele die Scheibe ist ein von Montessori inspiriertes Spielzeug f\u00fcr Kleinkinder von Educo und f\u00f6rdert die Feinmotorik und die Auge-Hand-Koordination.\" \/>\n<meta name=\"robots\" content=\"index, follow, max-snippet:-1, max-image-preview:large, max-video-preview:-1\" \/>\n<link rel=\"canonical\" href=\"https:\/\/teiaeducation.ch\/de\/produkt\/stapele-die-scheibe-educo\/\" \/>\n<meta property=\"og:locale\" content=\"de_DE\" \/>\n<meta property=\"og:type\" content=\"article\" \/>\n<meta property=\"og:title\" content=\"Stapele die Scheibe - Educo - Teia Education &amp; Play\" \/>\n<meta property=\"og:description\" content=\"Stapele die Scheibe ist ein von Montessori inspiriertes Spielzeug f\u00fcr Kleinkinder von Educo und f\u00f6rdert die Feinmotorik und die Auge-Hand-Koordination.\" \/>\n<meta property=\"og:url\" content=\"https:\/\/teiaeducation.ch\/de\/produkt\/stapele-die-scheibe-educo\/\" \/>\n<meta property=\"og:site_name\" content=\"Sustainable Educational Products &amp; Ecological Toys\u00a0\" \/>\n<meta property=\"article:publisher\" content=\"https:\/\/www.facebook.com\/teiaeducation\/\" \/>\n<meta property=\"article:modified_time\" content=\"2025-02-26T20:13:09+00:00\" \/>\n<meta property=\"og:image\" content=\"https:\/\/teiaeducation.ch\/wp-content\/uploads\/2023\/02\/Stack-the-ring-durable-Montessori-inspired-educational-toddler-toy-Educo-scaled-e1677596702876.jpg\" \/>\n\t<meta property=\"og:image:width\" content=\"1200\" \/>\n\t<meta property=\"og:image:height\" content=\"1200\" \/>\n\t<meta property=\"og:image:type\" content=\"image\/jpeg\" \/>\n<script type=\"application\/ld+json\" class=\"yoast-schema-graph\">{\"@context\":\"https:\/\/schema.org\",\"@graph\":[{\"@type\":\"WebPage\",\"@id\":\"https:\/\/teiaeducation.ch\/de\/produkt\/stapele-die-scheibe-educo\/\",\"url\":\"https:\/\/teiaeducation.ch\/de\/produkt\/stapele-die-scheibe-educo\/\",\"name\":\"Stapele die Scheibe - Educo - Teia Education & Play\",\"isPartOf\":{\"@id\":\"https:\/\/teiaeducation.ch\/de\/#website\"},\"primaryImageOfPage\":{\"@id\":\"https:\/\/teiaeducation.ch\/de\/produkt\/stapele-die-scheibe-educo\/#primaryimage\"},\"image\":{\"@id\":\"https:\/\/teiaeducation.ch\/de\/produkt\/stapele-die-scheibe-educo\/#primaryimage\"},\"thumbnailUrl\":\"https:\/\/teiaeducation.ch\/wp-content\/uploads\/2023\/02\/Stack-the-ring-durable-Montessori-inspired-educational-toddler-toy-Educo-scaled-e1677596702876.jpg\",\"datePublished\":\"2024-04-06T10:07:59+00:00\",\"dateModified\":\"2025-02-26T20:13:09+00:00\",\"description\":\"Stapele die Scheibe ist ein von Montessori inspiriertes Spielzeug f\u00fcr Kleinkinder von Educo und f\u00f6rdert die Feinmotorik und die Auge-Hand-Koordination.\",\"breadcrumb\":{\"@id\":\"https:\/\/teiaeducation.ch\/de\/produkt\/stapele-die-scheibe-educo\/#breadcrumb\"},\"inLanguage\":\"de-CH\",\"potentialAction\":[{\"@type\":\"ReadAction\",\"target\":[\"https:\/\/teiaeducation.ch\/de\/produkt\/stapele-die-scheibe-educo\/\"]}]},{\"@type\":\"ImageObject\",\"inLanguage\":\"de-CH\",\"@id\":\"https:\/\/teiaeducation.ch\/de\/produkt\/stapele-die-scheibe-educo\/#primaryimage\",\"url\":\"https:\/\/teiaeducation.ch\/wp-content\/uploads\/2023\/02\/Stack-the-ring-durable-Montessori-inspired-educational-toddler-toy-Educo-scaled-e1677596702876.jpg\",\"contentUrl\":\"https:\/\/teiaeducation.ch\/wp-content\/uploads\/2023\/02\/Stack-the-ring-durable-Montessori-inspired-educational-toddler-toy-Educo-scaled-e1677596702876.jpg\",\"width\":1200,\"height\":1200,\"caption\":\"Stapele die Scheibe Dauerhaftes Montessori inspiriertes p\u00e4dagogisches Spielzeug f\u00fcr Kleinkinder Educo\"},{\"@type\":\"BreadcrumbList\",\"@id\":\"https:\/\/teiaeducation.ch\/de\/produkt\/stapele-die-scheibe-educo\/#breadcrumb\",\"itemListElement\":[{\"@type\":\"ListItem\",\"position\":1,\"name\":\"Home\",\"item\":\"https:\/\/teiaeducation.ch\/de\/\"},{\"@type\":\"ListItem\",\"position\":2,\"name\":\"Laden\",\"item\":\"https:\/\/teiaeducation.ch\/de\/shop\/\"},{\"@type\":\"ListItem\",\"position\":3,\"name\":\"Unsere Marken\",\"item\":\"https:\/\/teiaeducation.ch\/de\/produkt-kategorie\/unsere-marken\/\"},{\"@type\":\"ListItem\",\"position\":4,\"name\":\"Educo\",\"item\":\"https:\/\/teiaeducation.ch\/de\/produkt-kategorie\/unsere-marken\/educo-de\/\"},{\"@type\":\"ListItem\",\"position\":5,\"name\":\"Motorisches Spiel\",\"item\":\"https:\/\/teiaeducation.ch\/de\/produkt-kategorie\/unsere-marken\/educo-de\/motorisches-spiel\/\"},{\"@type\":\"ListItem\",\"position\":6,\"name\":\"Stapele die Scheibe &#8211; Educo\"}]},{\"@type\":\"WebSite\",\"@id\":\"https:\/\/teiaeducation.ch\/de\/#website\",\"url\":\"https:\/\/teiaeducation.ch\/de\/\",\"name\":\"Sustainable Educational Products &amp; Ecological Toys\u00a0\",\"description\":\"Specialised Swiss shop selling sustainable educational toys and games, AMI certified Montessori materials, handmade ecological wooden Waldorf toys and arts &amp; crafts supplies, school supplies, children&#039;s furniture and Montessori reference and parenting books.\",\"publisher\":{\"@id\":\"https:\/\/teiaeducation.ch\/de\/#organization\"},\"alternateName\":\"Teia Education & Play\",\"potentialAction\":[{\"@type\":\"SearchAction\",\"target\":{\"@type\":\"EntryPoint\",\"urlTemplate\":\"https:\/\/teiaeducation.ch\/de\/?s={search_term_string}\"},\"query-input\":{\"@type\":\"PropertyValueSpecification\",\"valueRequired\":true,\"valueName\":\"search_term_string\"}}],\"inLanguage\":\"de-CH\"},{\"@type\":\"Organization\",\"@id\":\"https:\/\/teiaeducation.ch\/de\/#organization\",\"name\":\"Teia Education & Play\",\"url\":\"https:\/\/teiaeducation.ch\/de\/\",\"logo\":{\"@type\":\"ImageObject\",\"inLanguage\":\"de-CH\",\"@id\":\"https:\/\/teiaeducation.ch\/de\/#\/schema\/logo\/image\/\",\"url\":\"https:\/\/teiaeducation.ch\/wp-content\/uploads\/2020\/11\/Teia-Education-Switzerland-e1620156442216.jpg\",\"contentUrl\":\"https:\/\/teiaeducation.ch\/wp-content\/uploads\/2020\/11\/Teia-Education-Switzerland-e1620156442216.jpg\",\"width\":166,\"height\":145,\"caption\":\"Teia Education & Play\"},\"image\":{\"@id\":\"https:\/\/teiaeducation.ch\/de\/#\/schema\/logo\/image\/\"},\"sameAs\":[\"https:\/\/www.facebook.com\/teiaeducation\/\",\"https:\/\/x.com\/EducationTeia\",\"https:\/\/www.instagram.com\/teia.education\/\",\"https:\/\/www.linkedin.com\/company\/35501660\",\"https:\/\/www.pinterest.ch\/TeiaEducation\/\"]}]}<\/script>\n<!-- \/ Yoast SEO plugin. -->","yoast_head_json":{"title":"Stapele die Scheibe - Educo - Teia Education & Play","description":"Stapele die Scheibe ist ein von Montessori inspiriertes Spielzeug f\u00fcr Kleinkinder von Educo und f\u00f6rdert die Feinmotorik und die Auge-Hand-Koordination.","robots":{"index":"index","follow":"follow","max-snippet":"max-snippet:-1","max-image-preview":"max-image-preview:large","max-video-preview":"max-video-preview:-1"},"canonical":"https:\/\/teiaeducation.ch\/de\/produkt\/stapele-die-scheibe-educo\/","og_locale":"de_DE","og_type":"article","og_title":"Stapele die Scheibe - Educo - Teia Education & Play","og_description":"Stapele die Scheibe ist ein von Montessori inspiriertes Spielzeug f\u00fcr Kleinkinder von Educo und f\u00f6rdert die Feinmotorik und die Auge-Hand-Koordination.","og_url":"https:\/\/teiaeducation.ch\/de\/produkt\/stapele-die-scheibe-educo\/","og_site_name":"Sustainable Educational Products &amp; Ecological Toys\u00a0","article_publisher":"https:\/\/www.facebook.com\/teiaeducation\/","article_modified_time":"2025-02-26T20:13:09+00:00","og_image":[{"width":1200,"height":1200,"url":"https:\/\/teiaeducation.ch\/wp-content\/uploads\/2023\/02\/Stack-the-ring-durable-Montessori-inspired-educational-toddler-toy-Educo-scaled-e1677596702876.jpg","type":"image\/jpeg"}],"schema":{"@context":"https:\/\/schema.org","@graph":[{"@type":"WebPage","@id":"https:\/\/teiaeducation.ch\/de\/produkt\/stapele-die-scheibe-educo\/","url":"https:\/\/teiaeducation.ch\/de\/produkt\/stapele-die-scheibe-educo\/","name":"Stapele die Scheibe - Educo - Teia Education & Play","isPartOf":{"@id":"https:\/\/teiaeducation.ch\/de\/#website"},"primaryImageOfPage":{"@id":"https:\/\/teiaeducation.ch\/de\/produkt\/stapele-die-scheibe-educo\/#primaryimage"},"image":{"@id":"https:\/\/teiaeducation.ch\/de\/produkt\/stapele-die-scheibe-educo\/#primaryimage"},"thumbnailUrl":"https:\/\/teiaeducation.ch\/wp-content\/uploads\/2023\/02\/Stack-the-ring-durable-Montessori-inspired-educational-toddler-toy-Educo-scaled-e1677596702876.jpg","datePublished":"2024-04-06T10:07:59+00:00","dateModified":"2025-02-26T20:13:09+00:00","description":"Stapele die Scheibe ist ein von Montessori inspiriertes Spielzeug f\u00fcr Kleinkinder von Educo und f\u00f6rdert die Feinmotorik und die Auge-Hand-Koordination.","breadcrumb":{"@id":"https:\/\/teiaeducation.ch\/de\/produkt\/stapele-die-scheibe-educo\/#breadcrumb"},"inLanguage":"de-CH","potentialAction":[{"@type":"ReadAction","target":["https:\/\/teiaeducation.ch\/de\/produkt\/stapele-die-scheibe-educo\/"]}]},{"@type":"ImageObject","inLanguage":"de-CH","@id":"https:\/\/teiaeducation.ch\/de\/produkt\/stapele-die-scheibe-educo\/#primaryimage","url":"https:\/\/teiaeducation.ch\/wp-content\/uploads\/2023\/02\/Stack-the-ring-durable-Montessori-inspired-educational-toddler-toy-Educo-scaled-e1677596702876.jpg","contentUrl":"https:\/\/teiaeducation.ch\/wp-content\/uploads\/2023\/02\/Stack-the-ring-durable-Montessori-inspired-educational-toddler-toy-Educo-scaled-e1677596702876.jpg","width":1200,"height":1200,"caption":"Stapele die Scheibe Dauerhaftes Montessori inspiriertes p\u00e4dagogisches Spielzeug f\u00fcr Kleinkinder Educo"},{"@type":"BreadcrumbList","@id":"https:\/\/teiaeducation.ch\/de\/produkt\/stapele-die-scheibe-educo\/#breadcrumb","itemListElement":[{"@type":"ListItem","position":1,"name":"Home","item":"https:\/\/teiaeducation.ch\/de\/"},{"@type":"ListItem","position":2,"name":"Laden","item":"https:\/\/teiaeducation.ch\/de\/shop\/"},{"@type":"ListItem","position":3,"name":"Unsere Marken","item":"https:\/\/teiaeducation.ch\/de\/produkt-kategorie\/unsere-marken\/"},{"@type":"ListItem","position":4,"name":"Educo","item":"https:\/\/teiaeducation.ch\/de\/produkt-kategorie\/unsere-marken\/educo-de\/"},{"@type":"ListItem","position":5,"name":"Motorisches Spiel","item":"https:\/\/teiaeducation.ch\/de\/produkt-kategorie\/unsere-marken\/educo-de\/motorisches-spiel\/"},{"@type":"ListItem","position":6,"name":"Stapele die Scheibe &#8211; Educo"}]},{"@type":"WebSite","@id":"https:\/\/teiaeducation.ch\/de\/#website","url":"https:\/\/teiaeducation.ch\/de\/","name":"Sustainable Educational Products &amp; Ecological Toys\u00a0","description":"Specialised Swiss shop selling sustainable educational toys and games, AMI certified Montessori materials, handmade ecological wooden Waldorf toys and arts &amp; crafts supplies, school supplies, children&#039;s furniture and Montessori reference and parenting books.","publisher":{"@id":"https:\/\/teiaeducation.ch\/de\/#organization"},"alternateName":"Teia Education & Play","potentialAction":[{"@type":"SearchAction","target":{"@type":"EntryPoint","urlTemplate":"https:\/\/teiaeducation.ch\/de\/?s={search_term_string}"},"query-input":{"@type":"PropertyValueSpecification","valueRequired":true,"valueName":"search_term_string"}}],"inLanguage":"de-CH"},{"@type":"Organization","@id":"https:\/\/teiaeducation.ch\/de\/#organization","name":"Teia Education & Play","url":"https:\/\/teiaeducation.ch\/de\/","logo":{"@type":"ImageObject","inLanguage":"de-CH","@id":"https:\/\/teiaeducation.ch\/de\/#\/schema\/logo\/image\/","url":"https:\/\/teiaeducation.ch\/wp-content\/uploads\/2020\/11\/Teia-Education-Switzerland-e1620156442216.jpg","contentUrl":"https:\/\/teiaeducation.ch\/wp-content\/uploads\/2020\/11\/Teia-Education-Switzerland-e1620156442216.jpg","width":166,"height":145,"caption":"Teia Education & Play"},"image":{"@id":"https:\/\/teiaeducation.ch\/de\/#\/schema\/logo\/image\/"},"sameAs":["https:\/\/www.facebook.com\/teiaeducation\/","https:\/\/x.com\/EducationTeia","https:\/\/www.instagram.com\/teia.education\/","https:\/\/www.linkedin.com\/company\/35501660","https:\/\/www.pinterest.ch\/TeiaEducation\/"]}]}},"_links":{"self":[{"href":"https:\/\/teiaeducation.ch\/de\/wp-json\/wp\/v2\/product\/58407","targetHints":{"allow":["GET"]}}],"collection":[{"href":"https:\/\/teiaeducation.ch\/de\/wp-json\/wp\/v2\/product"}],"about":[{"href":"https:\/\/teiaeducation.ch\/de\/wp-json\/wp\/v2\/types\/product"}],"replies":[{"embeddable":true,"href":"https:\/\/teiaeducation.ch\/de\/wp-json\/wp\/v2\/comments?post=58407"}],"wp:featuredmedia":[{"embeddable":true,"href":"https:\/\/teiaeducation.ch\/de\/wp-json\/wp\/v2\/media\/51997"}],"wp:attachment":[{"href":"https:\/\/teiaeducation.ch\/de\/wp-json\/wp\/v2\/media?parent=58407"}],"wp:term":[{"taxonomy":"product_brand","embeddable":true,"href":"https:\/\/teiaeducation.ch\/de\/wp-json\/wp\/v2\/product_brand?post=58407"},{"taxonomy":"product_cat","embeddable":true,"href":"https:\/\/teiaeducation.ch\/de\/wp-json\/wp\/v2\/product_cat?post=58407"},{"taxonomy":"product_tag","embeddable":true,"href":"https:\/\/teiaeducation.ch\/de\/wp-json\/wp\/v2\/product_tag?post=58407"}],"curies":[{"name":"wp","href":"https:\/\/api.w.org\/{rel}","templated":true}]}}