{"id":58408,"date":"2022-01-26T16:29:08","date_gmt":"2022-01-26T15:29:08","guid":{"rendered":"https:\/\/teiaeducation.ch\/product\/jahreszeitenlotto-fruehling-sommer-educo\/"},"modified":"2024-09-17T10:01:53","modified_gmt":"2024-09-17T08:01:53","slug":"jahreszeitenlotto-fruehling-sommer-educo","status":"publish","type":"product","link":"https:\/\/teiaeducation.ch\/de\/produkt\/jahreszeitenlotto-fruehling-sommer-educo\/","title":{"rendered":"Jahreszeitenlotto Fr\u00fchling\/Sommer &#8211; Educo"},"content":{"rendered":"<p>Das Educo Jahreszeitenlotto Fr\u00fchling\/Sommer orientiert sich an den Themen der <a href=\"https:\/\/teiaeducation.ch\/product-category\/learning-themes\/culture-science\/seasons-weather\/\">Jahreszeiten<\/a>. Das Set besteht aus einem Holzrahmen, zwei Themenkarten und 16 Bildkarten aus dickem Kunststoff. Die Arbeit mit dem Sortierlotto erm\u00f6glicht es den Kindern, <span class=\"tlid-translation translation\"><span class=\"\" title=\"\">die Merkmale der einzelnen Jahreszeiten zu entdecken und ein Gef\u00fchl f\u00fcr die <a href=\"https:\/\/teiaeducation.ch\/product-category\/learning-themes\/mathematics-numeracy\/time\/\">Zeit<\/a> zu entwickeln, w\u00e4hrend sie die Welt um sich herum erkunden.<\/span><\/span><\/p>\n<p>Die Bildkarten werden analysiert und einer der beiden Themenkarten zugeordnet, die eine <a href=\"https:\/\/teiaeducation.ch\/product-category\/seasonal-collections\/spring-collection\/\">Fr\u00fchlings<\/a> Szene oder eine <a href=\"https:\/\/teiaeducation.ch\/product-category\/seasonal-collections\/summer-collection\/\">Sommer<\/a> Szene zeigen. Zu jeder Themenkarte gibt es 8 Bildkarten. Das Jahreszeiten-Lotto eignet sich f\u00fcr die Einzelarbeit oder kann in einer Gruppe pr\u00e4sentiert werden, um die Erkundung verschiedener Szenarien und Gruppendiskussionen dar\u00fcber zu erleichtern, welche Art von Merkmalen bei einem Thema im Vergleich zu einem anderen zu finden sein k\u00f6nnten.<\/p>\n<p>Educo Jahreszeitenlotto Fr\u00fchling\/Sommer ist f\u00fcr Kinder ab 4 Jahren geeignet.<\/p>\n<p>Inhalt:<\/p>\n<p>2 Themenkarten aus Kunststoff<br \/>\n16 Bildkarten aus Kunststoff<br \/>\n1 Rahmen aus Holz (40 x 28 cm)<\/p>\n<h2>\u00dcber Educo<\/h2>\n<p>Die niederl\u00e4ndische Marke <a href=\"https:\/\/teiaeducation.ch\/product-category\/brands\/educo\/\">Educo<\/a> steht f\u00fcr eine bunte Welt des spielerischen <a href=\"https:\/\/teiaeducation.ch\/product-category\/learning-themes\/\">Lernens<\/a>, herausfordernde Lernspiele und Spielzeuge! Die hochwertigen und langlebigen Educo Produkte orientieren sich an Alltagssituationen und helfen Babys und Kindern, Spiele mit regul\u00e4ren Themen zu verbinden und den Lernprozess in eine Simulation ihrer nat\u00fcrlichen Umgebung zu verwandeln.<\/p>\n<p>Das Educo-Sortiment ist in drei Entwicklungsbereiche unterteilt: <a href=\"https:\/\/teiaeducation.ch\/product-category\/brands\/educo\/motor-play\/\">Motorik<\/a>, <a href=\"https:\/\/teiaeducation.ch\/product-category\/brands\/educo\/language-play\/\">Sprache<\/a> und <a href=\"https:\/\/teiaeducation.ch\/product-category\/brands\/educo\/mathematical-play\/\">Mathematik<\/a>. Im Jahr 2023 wurde ein umfassendes Sortiment an <a href=\"https:\/\/teiaeducation.ch\/product-category\/brands\/educo\/montessori-toys-range-0-3-years\/\">Montessori Spielzeug<\/a> f\u00fcr Kinder im Alter von 0 bis 3 Jahren eingef\u00fchrt, um das Wachstum und die Entwicklung der Kleinen bestm\u00f6glich zu f\u00f6rdern.<\/p>\n<p>Die aktiven, spielerischen Lernprodukte von Educo sind haupts\u00e4chlich aus Holz gefertigt und bestehen aus nachhaltigen Materialien wie Farben und Lacken auf Wasserbasis. Die <a href=\"https:\/\/teiaeducation.ch\/product-category\/hgh-quality-toys-play\/\">Spielzeuge<\/a> sind so konzipiert, dass sie \u00fcber viele Jahre hinweg robust verwendet werden k\u00f6nnen, spielerisches Lernen f\u00f6rdern und Kinder im Alter von 0-12 Jahren zu Wachstum und Erfolg inspirieren.<\/p>\n<p>Sie erf\u00fcllen die Anforderungen der verschiedenen europ\u00e4ischen und internationalen Sicherheitsvorschriften f\u00fcr Spielzeug und entsprechen der Richtlinie 2009\/48\/EG \u00fcber die Sicherheit von Spielzeug, einschlie\u00dflich EN81 und ASTM.<\/p>\n","protected":false},"excerpt":{"rendered":"<p>Artikelnummer: <span data-sheets-value=\"{\" data-sheets-userformat=\"{\">900000149<\/span><\/p>\n<p>Das Educo Jahreszeitenlotto Fr\u00fchling Sommer erm\u00f6glicht es Kindern, die Eigenschaften der Jahreszeiten zu entdecken und ein Gef\u00fchl f\u00fcr die Zeit zu entwickeln!<\/p>\n","protected":false},"featured_media":43713,"comment_status":"open","ping_status":"closed","template":"","meta":[],"product_brand":[],"product_cat":[21445,21446,21524,21479,21599,21670,21491,21484,22422,21521,21510,21509,21481,22182,21443,21563,21615,22362,21494,21495,23636,21678,21482,21564,21536],"product_tag":[27462,27463,27464,27465,23360,24316],"class_list":{"0":"post-58408","1":"product","2":"type-product","3":"status-publish","4":"has-post-thumbnail","6":"product_cat-3-6-jahre-vorschule","7":"product_cat-6-12-jahre-grundschule","8":"product_cat-alphabetisierung-sprache","9":"product_cat-lernmaterialien-spielzeug-montessori-waldorf-steiner-froebel","10":"product_cat-educo-de","11":"product_cat-fruehjahrskollektion","12":"product_cat-geschenk-guide-lerngeschenke","13":"product_cat-geschenk-guides","14":"product_cat-geschenke-fuer-das-osterkoerbchen","15":"product_cat-jahreszeiten-wetter","16":"product_cat-kultur-wissenschaft","17":"product_cat-lernthemen","18":"product_cat-montessori-paedagogik-material-spielzeug","19":"product_cat-montessori-spielzeug","20":"product_cat-nach-alter","21":"product_cat-neuheiten","22":"product_cat-puzzle-spiel","23":"product_cat-saisonale-kollektionen","24":"product_cat-schulbedarf-fuer-zuhause","25":"product_cat-schulbedarf-fuer-zuhause-3-6-jahre","26":"product_cat-sommer-kollektion","27":"product_cat-kinder-spielzeug","28":"product_cat-traditionelle-bildung","29":"product_cat-unsere-marken","30":"product_cat-wortschatz","31":"product_tag-die-jahreszeiten","32":"product_tag-educo-fruhjahr-sommer-lotto","33":"product_tag-fruhjahr-sommer-lernmaterialien","34":"product_tag-fruhling-sommer-lotto-set","35":"product_tag-lernen-uber-die-jahreszeiten","36":"product_tag-lernspielzeug-schweiz","38":"first","39":"instock","40":"taxable","41":"shipping-taxable","42":"purchasable","43":"product-type-simple"},"yoast_head":"<!-- This site is optimized with the Yoast SEO plugin v27.1.1 - https:\/\/yoast.com\/product\/yoast-seo-wordpress\/ -->\n<title>Jahreszeitenlotto Fr\u00fchling\/Sommer - Educo<\/title>\n<meta name=\"description\" content=\"Das Educo Jahreszeitenlotto Fr\u00fchling Sommer erm\u00f6glicht es Kindern, die Eigenschaften der Jahreszeiten zu entdecken und ein Gef\u00fchl f\u00fcr die Zeit zu entwickeln\" \/>\n<meta name=\"robots\" content=\"index, follow, max-snippet:-1, max-image-preview:large, max-video-preview:-1\" \/>\n<link rel=\"canonical\" href=\"https:\/\/teiaeducation.ch\/de\/produkt\/jahreszeitenlotto-fruehling-sommer-educo\/\" \/>\n<meta property=\"og:locale\" content=\"de_DE\" \/>\n<meta property=\"og:type\" content=\"article\" \/>\n<meta property=\"og:title\" content=\"Jahreszeitenlotto Fr\u00fchling\/Sommer - Educo\" \/>\n<meta property=\"og:description\" content=\"Das Educo Jahreszeitenlotto Fr\u00fchling Sommer erm\u00f6glicht es Kindern, die Eigenschaften der Jahreszeiten zu entdecken und ein Gef\u00fchl f\u00fcr die Zeit zu entwickeln\" \/>\n<meta property=\"og:url\" content=\"https:\/\/teiaeducation.ch\/de\/produkt\/jahreszeitenlotto-fruehling-sommer-educo\/\" \/>\n<meta property=\"og:site_name\" content=\"Sustainable Educational Products &amp; Ecological Toys\u00a0\" \/>\n<meta property=\"article:publisher\" content=\"https:\/\/www.facebook.com\/teiaeducation\/\" \/>\n<meta property=\"article:modified_time\" content=\"2024-09-17T08:01:53+00:00\" \/>\n<meta property=\"og:image\" content=\"https:\/\/teiaeducation.ch\/wp-content\/uploads\/2022\/01\/Educo-spring-and-summer-seasons-lotto.jpg\" \/>\n\t<meta property=\"og:image:width\" content=\"900\" \/>\n\t<meta property=\"og:image:height\" content=\"900\" \/>\n\t<meta property=\"og:image:type\" content=\"image\/jpeg\" \/>\n<script type=\"application\/ld+json\" class=\"yoast-schema-graph\">{\"@context\":\"https:\/\/schema.org\",\"@graph\":[{\"@type\":\"WebPage\",\"@id\":\"https:\/\/teiaeducation.ch\/de\/produkt\/jahreszeitenlotto-fruehling-sommer-educo\/\",\"url\":\"https:\/\/teiaeducation.ch\/de\/produkt\/jahreszeitenlotto-fruehling-sommer-educo\/\",\"name\":\"Jahreszeitenlotto Fr\u00fchling\/Sommer - Educo\",\"isPartOf\":{\"@id\":\"https:\/\/teiaeducation.ch\/de\/#website\"},\"primaryImageOfPage\":{\"@id\":\"https:\/\/teiaeducation.ch\/de\/produkt\/jahreszeitenlotto-fruehling-sommer-educo\/#primaryimage\"},\"image\":{\"@id\":\"https:\/\/teiaeducation.ch\/de\/produkt\/jahreszeitenlotto-fruehling-sommer-educo\/#primaryimage\"},\"thumbnailUrl\":\"https:\/\/teiaeducation.ch\/wp-content\/uploads\/2022\/01\/Educo-spring-and-summer-seasons-lotto.jpg\",\"datePublished\":\"2022-01-26T15:29:08+00:00\",\"dateModified\":\"2024-09-17T08:01:53+00:00\",\"description\":\"Das Educo Jahreszeitenlotto Fr\u00fchling Sommer erm\u00f6glicht es Kindern, die Eigenschaften der Jahreszeiten zu entdecken und ein Gef\u00fchl f\u00fcr die Zeit zu entwickeln\",\"breadcrumb\":{\"@id\":\"https:\/\/teiaeducation.ch\/de\/produkt\/jahreszeitenlotto-fruehling-sommer-educo\/#breadcrumb\"},\"inLanguage\":\"de-CH\",\"potentialAction\":[{\"@type\":\"ReadAction\",\"target\":[\"https:\/\/teiaeducation.ch\/de\/produkt\/jahreszeitenlotto-fruehling-sommer-educo\/\"]}]},{\"@type\":\"ImageObject\",\"inLanguage\":\"de-CH\",\"@id\":\"https:\/\/teiaeducation.ch\/de\/produkt\/jahreszeitenlotto-fruehling-sommer-educo\/#primaryimage\",\"url\":\"https:\/\/teiaeducation.ch\/wp-content\/uploads\/2022\/01\/Educo-spring-and-summer-seasons-lotto.jpg\",\"contentUrl\":\"https:\/\/teiaeducation.ch\/wp-content\/uploads\/2022\/01\/Educo-spring-and-summer-seasons-lotto.jpg\",\"width\":900,\"height\":900,\"caption\":\"Educo Jahreszeitenlotto Fr\u00fchling\/Sommer\"},{\"@type\":\"BreadcrumbList\",\"@id\":\"https:\/\/teiaeducation.ch\/de\/produkt\/jahreszeitenlotto-fruehling-sommer-educo\/#breadcrumb\",\"itemListElement\":[{\"@type\":\"ListItem\",\"position\":1,\"name\":\"Home\",\"item\":\"https:\/\/teiaeducation.ch\/de\/\"},{\"@type\":\"ListItem\",\"position\":2,\"name\":\"Laden\",\"item\":\"https:\/\/teiaeducation.ch\/de\/shop\/\"},{\"@type\":\"ListItem\",\"position\":3,\"name\":\"Unsere Marken\",\"item\":\"https:\/\/teiaeducation.ch\/de\/produkt-kategorie\/unsere-marken\/\"},{\"@type\":\"ListItem\",\"position\":4,\"name\":\"Educo\",\"item\":\"https:\/\/teiaeducation.ch\/de\/produkt-kategorie\/unsere-marken\/educo-de\/\"},{\"@type\":\"ListItem\",\"position\":5,\"name\":\"Puzzle Spiel\",\"item\":\"https:\/\/teiaeducation.ch\/de\/produkt-kategorie\/unsere-marken\/educo-de\/puzzle-spiel\/\"},{\"@type\":\"ListItem\",\"position\":6,\"name\":\"Jahreszeitenlotto Fr\u00fchling\/Sommer &#8211; Educo\"}]},{\"@type\":\"WebSite\",\"@id\":\"https:\/\/teiaeducation.ch\/de\/#website\",\"url\":\"https:\/\/teiaeducation.ch\/de\/\",\"name\":\"Sustainable Educational Products &amp; Ecological Toys\u00a0\",\"description\":\"Specialised Swiss shop selling sustainable educational toys and games, AMI certified Montessori materials, handmade ecological wooden Waldorf toys and arts &amp; crafts supplies, school supplies, children&#039;s furniture and Montessori reference and parenting books.\",\"publisher\":{\"@id\":\"https:\/\/teiaeducation.ch\/de\/#organization\"},\"alternateName\":\"Teia Education & Play\",\"potentialAction\":[{\"@type\":\"SearchAction\",\"target\":{\"@type\":\"EntryPoint\",\"urlTemplate\":\"https:\/\/teiaeducation.ch\/de\/?s={search_term_string}\"},\"query-input\":{\"@type\":\"PropertyValueSpecification\",\"valueRequired\":true,\"valueName\":\"search_term_string\"}}],\"inLanguage\":\"de-CH\"},{\"@type\":\"Organization\",\"@id\":\"https:\/\/teiaeducation.ch\/de\/#organization\",\"name\":\"Teia Education & Play\",\"url\":\"https:\/\/teiaeducation.ch\/de\/\",\"logo\":{\"@type\":\"ImageObject\",\"inLanguage\":\"de-CH\",\"@id\":\"https:\/\/teiaeducation.ch\/de\/#\/schema\/logo\/image\/\",\"url\":\"https:\/\/teiaeducation.ch\/wp-content\/uploads\/2020\/11\/Teia-Education-Switzerland-e1620156442216.jpg\",\"contentUrl\":\"https:\/\/teiaeducation.ch\/wp-content\/uploads\/2020\/11\/Teia-Education-Switzerland-e1620156442216.jpg\",\"width\":166,\"height\":145,\"caption\":\"Teia Education & Play\"},\"image\":{\"@id\":\"https:\/\/teiaeducation.ch\/de\/#\/schema\/logo\/image\/\"},\"sameAs\":[\"https:\/\/www.facebook.com\/teiaeducation\/\",\"https:\/\/x.com\/EducationTeia\",\"https:\/\/www.instagram.com\/teia.education\/\",\"https:\/\/www.linkedin.com\/company\/35501660\",\"https:\/\/www.pinterest.ch\/TeiaEducation\/\"]}]}<\/script>\n<!-- \/ Yoast SEO plugin. -->","yoast_head_json":{"title":"Jahreszeitenlotto Fr\u00fchling\/Sommer - Educo","description":"Das Educo Jahreszeitenlotto Fr\u00fchling Sommer erm\u00f6glicht es Kindern, die Eigenschaften der Jahreszeiten zu entdecken und ein Gef\u00fchl f\u00fcr die Zeit zu entwickeln","robots":{"index":"index","follow":"follow","max-snippet":"max-snippet:-1","max-image-preview":"max-image-preview:large","max-video-preview":"max-video-preview:-1"},"canonical":"https:\/\/teiaeducation.ch\/de\/produkt\/jahreszeitenlotto-fruehling-sommer-educo\/","og_locale":"de_DE","og_type":"article","og_title":"Jahreszeitenlotto Fr\u00fchling\/Sommer - Educo","og_description":"Das Educo Jahreszeitenlotto Fr\u00fchling Sommer erm\u00f6glicht es Kindern, die Eigenschaften der Jahreszeiten zu entdecken und ein Gef\u00fchl f\u00fcr die Zeit zu entwickeln","og_url":"https:\/\/teiaeducation.ch\/de\/produkt\/jahreszeitenlotto-fruehling-sommer-educo\/","og_site_name":"Sustainable Educational Products &amp; Ecological Toys\u00a0","article_publisher":"https:\/\/www.facebook.com\/teiaeducation\/","article_modified_time":"2024-09-17T08:01:53+00:00","og_image":[{"width":900,"height":900,"url":"https:\/\/teiaeducation.ch\/wp-content\/uploads\/2022\/01\/Educo-spring-and-summer-seasons-lotto.jpg","type":"image\/jpeg"}],"schema":{"@context":"https:\/\/schema.org","@graph":[{"@type":"WebPage","@id":"https:\/\/teiaeducation.ch\/de\/produkt\/jahreszeitenlotto-fruehling-sommer-educo\/","url":"https:\/\/teiaeducation.ch\/de\/produkt\/jahreszeitenlotto-fruehling-sommer-educo\/","name":"Jahreszeitenlotto Fr\u00fchling\/Sommer - Educo","isPartOf":{"@id":"https:\/\/teiaeducation.ch\/de\/#website"},"primaryImageOfPage":{"@id":"https:\/\/teiaeducation.ch\/de\/produkt\/jahreszeitenlotto-fruehling-sommer-educo\/#primaryimage"},"image":{"@id":"https:\/\/teiaeducation.ch\/de\/produkt\/jahreszeitenlotto-fruehling-sommer-educo\/#primaryimage"},"thumbnailUrl":"https:\/\/teiaeducation.ch\/wp-content\/uploads\/2022\/01\/Educo-spring-and-summer-seasons-lotto.jpg","datePublished":"2022-01-26T15:29:08+00:00","dateModified":"2024-09-17T08:01:53+00:00","description":"Das Educo Jahreszeitenlotto Fr\u00fchling Sommer erm\u00f6glicht es Kindern, die Eigenschaften der Jahreszeiten zu entdecken und ein Gef\u00fchl f\u00fcr die Zeit zu entwickeln","breadcrumb":{"@id":"https:\/\/teiaeducation.ch\/de\/produkt\/jahreszeitenlotto-fruehling-sommer-educo\/#breadcrumb"},"inLanguage":"de-CH","potentialAction":[{"@type":"ReadAction","target":["https:\/\/teiaeducation.ch\/de\/produkt\/jahreszeitenlotto-fruehling-sommer-educo\/"]}]},{"@type":"ImageObject","inLanguage":"de-CH","@id":"https:\/\/teiaeducation.ch\/de\/produkt\/jahreszeitenlotto-fruehling-sommer-educo\/#primaryimage","url":"https:\/\/teiaeducation.ch\/wp-content\/uploads\/2022\/01\/Educo-spring-and-summer-seasons-lotto.jpg","contentUrl":"https:\/\/teiaeducation.ch\/wp-content\/uploads\/2022\/01\/Educo-spring-and-summer-seasons-lotto.jpg","width":900,"height":900,"caption":"Educo Jahreszeitenlotto Fr\u00fchling\/Sommer"},{"@type":"BreadcrumbList","@id":"https:\/\/teiaeducation.ch\/de\/produkt\/jahreszeitenlotto-fruehling-sommer-educo\/#breadcrumb","itemListElement":[{"@type":"ListItem","position":1,"name":"Home","item":"https:\/\/teiaeducation.ch\/de\/"},{"@type":"ListItem","position":2,"name":"Laden","item":"https:\/\/teiaeducation.ch\/de\/shop\/"},{"@type":"ListItem","position":3,"name":"Unsere Marken","item":"https:\/\/teiaeducation.ch\/de\/produkt-kategorie\/unsere-marken\/"},{"@type":"ListItem","position":4,"name":"Educo","item":"https:\/\/teiaeducation.ch\/de\/produkt-kategorie\/unsere-marken\/educo-de\/"},{"@type":"ListItem","position":5,"name":"Puzzle Spiel","item":"https:\/\/teiaeducation.ch\/de\/produkt-kategorie\/unsere-marken\/educo-de\/puzzle-spiel\/"},{"@type":"ListItem","position":6,"name":"Jahreszeitenlotto Fr\u00fchling\/Sommer &#8211; Educo"}]},{"@type":"WebSite","@id":"https:\/\/teiaeducation.ch\/de\/#website","url":"https:\/\/teiaeducation.ch\/de\/","name":"Sustainable Educational Products &amp; Ecological Toys\u00a0","description":"Specialised Swiss shop selling sustainable educational toys and games, AMI certified Montessori materials, handmade ecological wooden Waldorf toys and arts &amp; crafts supplies, school supplies, children&#039;s furniture and Montessori reference and parenting books.","publisher":{"@id":"https:\/\/teiaeducation.ch\/de\/#organization"},"alternateName":"Teia Education & Play","potentialAction":[{"@type":"SearchAction","target":{"@type":"EntryPoint","urlTemplate":"https:\/\/teiaeducation.ch\/de\/?s={search_term_string}"},"query-input":{"@type":"PropertyValueSpecification","valueRequired":true,"valueName":"search_term_string"}}],"inLanguage":"de-CH"},{"@type":"Organization","@id":"https:\/\/teiaeducation.ch\/de\/#organization","name":"Teia Education & Play","url":"https:\/\/teiaeducation.ch\/de\/","logo":{"@type":"ImageObject","inLanguage":"de-CH","@id":"https:\/\/teiaeducation.ch\/de\/#\/schema\/logo\/image\/","url":"https:\/\/teiaeducation.ch\/wp-content\/uploads\/2020\/11\/Teia-Education-Switzerland-e1620156442216.jpg","contentUrl":"https:\/\/teiaeducation.ch\/wp-content\/uploads\/2020\/11\/Teia-Education-Switzerland-e1620156442216.jpg","width":166,"height":145,"caption":"Teia Education & Play"},"image":{"@id":"https:\/\/teiaeducation.ch\/de\/#\/schema\/logo\/image\/"},"sameAs":["https:\/\/www.facebook.com\/teiaeducation\/","https:\/\/x.com\/EducationTeia","https:\/\/www.instagram.com\/teia.education\/","https:\/\/www.linkedin.com\/company\/35501660","https:\/\/www.pinterest.ch\/TeiaEducation\/"]}]}},"_links":{"self":[{"href":"https:\/\/teiaeducation.ch\/de\/wp-json\/wp\/v2\/product\/58408","targetHints":{"allow":["GET"]}}],"collection":[{"href":"https:\/\/teiaeducation.ch\/de\/wp-json\/wp\/v2\/product"}],"about":[{"href":"https:\/\/teiaeducation.ch\/de\/wp-json\/wp\/v2\/types\/product"}],"replies":[{"embeddable":true,"href":"https:\/\/teiaeducation.ch\/de\/wp-json\/wp\/v2\/comments?post=58408"}],"wp:featuredmedia":[{"embeddable":true,"href":"https:\/\/teiaeducation.ch\/de\/wp-json\/wp\/v2\/media\/43713"}],"wp:attachment":[{"href":"https:\/\/teiaeducation.ch\/de\/wp-json\/wp\/v2\/media?parent=58408"}],"wp:term":[{"taxonomy":"product_brand","embeddable":true,"href":"https:\/\/teiaeducation.ch\/de\/wp-json\/wp\/v2\/product_brand?post=58408"},{"taxonomy":"product_cat","embeddable":true,"href":"https:\/\/teiaeducation.ch\/de\/wp-json\/wp\/v2\/product_cat?post=58408"},{"taxonomy":"product_tag","embeddable":true,"href":"https:\/\/teiaeducation.ch\/de\/wp-json\/wp\/v2\/product_tag?post=58408"}],"curies":[{"name":"wp","href":"https:\/\/api.w.org\/{rel}","templated":true}]}}