{"id":58411,"date":"2021-12-21T12:47:23","date_gmt":"2021-12-21T11:47:23","guid":{"rendered":"https:\/\/teiaeducation.ch\/product\/da-fehlt-was-die-4-jahreszeiten-educo\/"},"modified":"2024-09-17T10:03:33","modified_gmt":"2024-09-17T08:03:33","slug":"da-fehlt-was-die-4-jahreszeiten-educo","status":"publish","type":"product","link":"https:\/\/teiaeducation.ch\/de\/produkt\/da-fehlt-was-die-4-jahreszeiten-educo\/","title":{"rendered":"Da fehlt was &#8211; die 4 Jahreszeiten &#8211; Educo"},"content":{"rendered":"<p>Das Educo da fehlt was Lernspiel zum Thema der 4 <a href=\"https:\/\/teiaeducation.ch\/product-category\/learning-themes\/culture-science\/seasons-weather\/\">Jahreszeiten<\/a> zeigt das gleiche Haus und die gleiche Familie in jeder der verschiedenen Jahreszeiten. Die Kinder lernen, die Jahreszeiten zu erkennen und zu benennen, indem sie die passenden Gegenst\u00e4nde sortieren und das, was nicht passt, ausschlie\u00dfen.<\/p>\n<p>Die Aufgabestreifen sind in ihrem Schwierigkeitsgrad ansteigend: Stufe 1 enth\u00e4lt Bilder, die vollst\u00e4ndig auf dem Themenblatt zu finden sind. Stufe 2 besteht aus Bildern, die teilweise auf den Themenbl\u00e4ttern zu finden sind, z. B. ein Motorroller, der vollst\u00e4ndig auf dem Aufgabenstreifen abgebildet ist, aber teilweise hinter einem Baum auf dem Themenblatt versteckt ist. Stufe 3 besteht aus Bildern, die auf dem Themenblatt erscheinen, aber schwieriger zu finden sind, weil sie kleiner oder in einer anderen Form abgebildet sind. Zum Beispiel ist die graue Katze auf dem Aufgabenstreifen ganz abgebildet, aber auf dem Themenblatt versteckt sie sich in einem Laubhaufen, so dass man nur ihren Schwanz sehen kann.<\/p>\n<p>Bringen Sie einen Chip an den gefundenen Bildern an, um sich zu merken, welche Bilder fertig sind. Die durchsichtigen Karten mit einem x werden auf Bilder gelegt, die sich nicht auf dem Themenblatt befinden. Drehen Sie den Zuordnungsstreifen um, um die Zuordnung zu \u00fcberpr\u00fcfen.<\/p>\n<p>Educo Da fehlt was &#8211; die 4 Jahreszeiten entwickelt sowohl <a href=\"https:\/\/teiaeducation.ch\/product-category\/learning-themes\/mathematics-numeracy\/\">mathematische<\/a> als auch <a href=\"https:\/\/teiaeducation.ch\/product-category\/learning-themes\/literacy-language\/\">sprachliche<\/a> F\u00e4higkeiten. Das Sortieren und Ausschlie\u00dfen sowie das Thema Jahreszeit (<a href=\"https:\/\/teiaeducation.ch\/product-category\/learning-themes\/mathematics-numeracy\/time\/\">Zeit<\/a>) sind Teil der mathematischen F\u00e4higkeiten. Die Themenbl\u00e4tter k\u00f6nnen auch als <a href=\"https:\/\/teiaeducation.ch\/product-category\/learning-themes\/literacy-language\/story-telling\/\">Geschichten<\/a> Karten verwendet werden. Welchen Unterschied machen die Jahreszeiten im Haus, im Garten und in der Familie? Welche anderen Dinge sehen Sie?<\/p>\n<p>Educo da fehlt was ist f\u00fcr Kinder ab 4 Jahren geeignet.<\/p>\n<p>Inhalt:<\/p>\n<p>4 Themenbl\u00e4tter aus Plastik (20 x 20 cm)<br \/>\n12 Kunststoff-Zuweisungsstreifen (30 x 6cm)<br \/>\n12 transparente Plastikkarten mit x (6 x 6cm)<br \/>\n50 Kunststoffchips<br \/>\n1 Aufbewahrungsbox aus Holz (33,5 x 22,5 x 7 cm)<br \/>\nEine Bedienungsanleitung<\/p>\n<h2>\u00dcber Educo<\/h2>\n<p>Die niederl\u00e4ndische Marke <a href=\"https:\/\/teiaeducation.ch\/product-category\/brands\/educo\/\">Educo<\/a> steht f\u00fcr eine bunte Welt des spielerischen <a href=\"https:\/\/teiaeducation.ch\/product-category\/learning-themes\/\">Lernens<\/a>, herausfordernde Lernspiele und Spielzeuge! Die hochwertigen und langlebigen Educo Produkte orientieren sich an Alltagssituationen und helfen Babys und Kindern, Spiele mit regul\u00e4ren Themen zu verbinden und den Lernprozess in eine Simulation ihrer nat\u00fcrlichen Umgebung zu verwandeln.<\/p>\n<p>Das Educo-Sortiment ist in drei Entwicklungsbereiche unterteilt: <a href=\"https:\/\/teiaeducation.ch\/product-category\/brands\/educo\/motor-play\/\">Motorik<\/a>, <a href=\"https:\/\/teiaeducation.ch\/product-category\/brands\/educo\/language-play\/\">Sprache<\/a> und <a href=\"https:\/\/teiaeducation.ch\/product-category\/brands\/educo\/mathematical-play\/\">Mathematik<\/a>. Im Jahr 2023 wurde ein umfassendes Sortiment an <a href=\"https:\/\/teiaeducation.ch\/product-category\/brands\/educo\/montessori-toys-range-0-3-years\/\">Montessori Spielzeug<\/a> f\u00fcr Kinder im Alter von 0 bis 3 Jahren eingef\u00fchrt, um das Wachstum und die Entwicklung der Kleinen bestm\u00f6glich zu f\u00f6rdern.<\/p>\n<p>Die aktiven, spielerischen Lernprodukte von Educo sind haupts\u00e4chlich aus Holz gefertigt und bestehen aus nachhaltigen Materialien wie Farben und Lacken auf Wasserbasis. Die <a href=\"https:\/\/teiaeducation.ch\/product-category\/hgh-quality-toys-play\/\">Spielzeuge<\/a> sind so konzipiert, dass sie \u00fcber viele Jahre hinweg robust verwendet werden k\u00f6nnen, spielerisches Lernen f\u00f6rdern und Kinder im Alter von 0-12 Jahren zu Wachstum und Erfolg inspirieren.<\/p>\n<p>Sie erf\u00fcllen die Anforderungen der verschiedenen europ\u00e4ischen und internationalen Sicherheitsvorschriften f\u00fcr Spielzeug und entsprechen der Richtlinie 2009\/48\/EG \u00fcber die Sicherheit von Spielzeug, einschlie\u00dflich EN81 und ASTM.<\/p>\n","protected":false},"excerpt":{"rendered":"<p>Artikelnummer: 900000126<\/p>\n<p>Mit dem Educo da fehlt was Lernspiel zum Thema der 4 Jahreszeiten lernen Kinder, die Jahreszeiten zu erkennen und zu benennen!<\/p>\n","protected":false},"featured_media":40511,"comment_status":"closed","ping_status":"closed","template":"","meta":[],"product_brand":[],"product_cat":[21445,21446,21479,21599,21670,21491,21484,21464,21521,21510,21509,21605,21607,21481,22182,21443,22362,21494,21495,23636,21678,21482,21564,22363],"product_tag":[27471,27392,27470,23474,23473,24316],"class_list":{"0":"post-58411","1":"product","2":"type-product","3":"status-publish","4":"has-post-thumbnail","6":"product_cat-3-6-jahre-vorschule","7":"product_cat-6-12-jahre-grundschule","8":"product_cat-lernmaterialien-spielzeug-montessori-waldorf-steiner-froebel","9":"product_cat-educo-de","10":"product_cat-fruehjahrskollektion","11":"product_cat-geschenk-guide-lerngeschenke","12":"product_cat-geschenk-guides","13":"product_cat-herbstkollektion","14":"product_cat-jahreszeiten-wetter","15":"product_cat-kultur-wissenschaft","16":"product_cat-lernthemen","17":"product_cat-mathematisches-spiel","18":"product_cat-messung-educo","19":"product_cat-montessori-paedagogik-material-spielzeug","20":"product_cat-montessori-spielzeug","21":"product_cat-nach-alter","22":"product_cat-saisonale-kollektionen","23":"product_cat-schulbedarf-fuer-zuhause","24":"product_cat-schulbedarf-fuer-zuhause-3-6-jahre","25":"product_cat-sommer-kollektion","26":"product_cat-kinder-spielzeug","27":"product_cat-traditionelle-bildung","28":"product_cat-unsere-marken","29":"product_cat-winter-kollektion","30":"product_tag-da-fehlt-was-die-4-jahreszeiten-das-padagogische-zuordnungsspiel-educo","31":"product_tag-educo-schweiz","32":"product_tag-educo-mathematik","33":"product_tag-heutink-international-schweiz","34":"product_tag-lehrmittel-schweiz","35":"product_tag-lernspielzeug-schweiz","37":"first","38":"instock","39":"taxable","40":"shipping-taxable","41":"purchasable","42":"product-type-simple"},"yoast_head":"<!-- This site is optimized with the Yoast SEO plugin v27.1.1 - https:\/\/yoast.com\/product\/yoast-seo-wordpress\/ -->\n<title>Da fehlt was - die 4 Jahreszeiten - Educo<\/title>\n<meta name=\"description\" content=\"Mit dem Educo da fehlt was Lernspiel zum Thema der 4 Jahreszeiten lernen Kinder, die Jahreszeiten zu erkennen und zu benennen.\" \/>\n<meta name=\"robots\" content=\"index, follow, max-snippet:-1, max-image-preview:large, max-video-preview:-1\" \/>\n<link rel=\"canonical\" href=\"https:\/\/teiaeducation.ch\/de\/produkt\/da-fehlt-was-die-4-jahreszeiten-educo\/\" \/>\n<meta property=\"og:locale\" content=\"de_DE\" \/>\n<meta property=\"og:type\" content=\"article\" \/>\n<meta property=\"og:title\" content=\"Da fehlt was - die 4 Jahreszeiten - Educo\" \/>\n<meta property=\"og:description\" content=\"Mit dem Educo da fehlt was Lernspiel zum Thema der 4 Jahreszeiten lernen Kinder, die Jahreszeiten zu erkennen und zu benennen.\" \/>\n<meta property=\"og:url\" content=\"https:\/\/teiaeducation.ch\/de\/produkt\/da-fehlt-was-die-4-jahreszeiten-educo\/\" \/>\n<meta property=\"og:site_name\" content=\"Sustainable Educational Products &amp; Ecological Toys\u00a0\" \/>\n<meta property=\"article:publisher\" content=\"https:\/\/www.facebook.com\/teiaeducation\/\" \/>\n<meta property=\"article:modified_time\" content=\"2024-09-17T08:03:33+00:00\" \/>\n<meta property=\"og:image\" content=\"https:\/\/teiaeducation.ch\/wp-content\/uploads\/2021\/11\/What-is-missing-4-seasons-educational-matching-game-Educo-scaled.jpg\" \/>\n\t<meta property=\"og:image:width\" content=\"900\" \/>\n\t<meta property=\"og:image:height\" content=\"900\" \/>\n\t<meta property=\"og:image:type\" content=\"image\/jpeg\" \/>\n<script type=\"application\/ld+json\" class=\"yoast-schema-graph\">{\"@context\":\"https:\/\/schema.org\",\"@graph\":[{\"@type\":\"WebPage\",\"@id\":\"https:\/\/teiaeducation.ch\/de\/produkt\/da-fehlt-was-die-4-jahreszeiten-educo\/\",\"url\":\"https:\/\/teiaeducation.ch\/de\/produkt\/da-fehlt-was-die-4-jahreszeiten-educo\/\",\"name\":\"Da fehlt was - die 4 Jahreszeiten - Educo\",\"isPartOf\":{\"@id\":\"https:\/\/teiaeducation.ch\/de\/#website\"},\"primaryImageOfPage\":{\"@id\":\"https:\/\/teiaeducation.ch\/de\/produkt\/da-fehlt-was-die-4-jahreszeiten-educo\/#primaryimage\"},\"image\":{\"@id\":\"https:\/\/teiaeducation.ch\/de\/produkt\/da-fehlt-was-die-4-jahreszeiten-educo\/#primaryimage\"},\"thumbnailUrl\":\"https:\/\/teiaeducation.ch\/wp-content\/uploads\/2021\/11\/What-is-missing-4-seasons-educational-matching-game-Educo-scaled.jpg\",\"datePublished\":\"2021-12-21T11:47:23+00:00\",\"dateModified\":\"2024-09-17T08:03:33+00:00\",\"description\":\"Mit dem Educo da fehlt was Lernspiel zum Thema der 4 Jahreszeiten lernen Kinder, die Jahreszeiten zu erkennen und zu benennen.\",\"breadcrumb\":{\"@id\":\"https:\/\/teiaeducation.ch\/de\/produkt\/da-fehlt-was-die-4-jahreszeiten-educo\/#breadcrumb\"},\"inLanguage\":\"de-CH\",\"potentialAction\":[{\"@type\":\"ReadAction\",\"target\":[\"https:\/\/teiaeducation.ch\/de\/produkt\/da-fehlt-was-die-4-jahreszeiten-educo\/\"]}]},{\"@type\":\"ImageObject\",\"inLanguage\":\"de-CH\",\"@id\":\"https:\/\/teiaeducation.ch\/de\/produkt\/da-fehlt-was-die-4-jahreszeiten-educo\/#primaryimage\",\"url\":\"https:\/\/teiaeducation.ch\/wp-content\/uploads\/2021\/11\/What-is-missing-4-seasons-educational-matching-game-Educo-scaled.jpg\",\"contentUrl\":\"https:\/\/teiaeducation.ch\/wp-content\/uploads\/2021\/11\/What-is-missing-4-seasons-educational-matching-game-Educo-scaled.jpg\",\"width\":900,\"height\":900,\"caption\":\"Da fehlt was - die 4 Jahreszeiten das p\u00e4dagogische Zuordnungsspiel - Educo\"},{\"@type\":\"BreadcrumbList\",\"@id\":\"https:\/\/teiaeducation.ch\/de\/produkt\/da-fehlt-was-die-4-jahreszeiten-educo\/#breadcrumb\",\"itemListElement\":[{\"@type\":\"ListItem\",\"position\":1,\"name\":\"Home\",\"item\":\"https:\/\/teiaeducation.ch\/de\/\"},{\"@type\":\"ListItem\",\"position\":2,\"name\":\"Laden\",\"item\":\"https:\/\/teiaeducation.ch\/de\/shop\/\"},{\"@type\":\"ListItem\",\"position\":3,\"name\":\"Unsere Marken\",\"item\":\"https:\/\/teiaeducation.ch\/de\/produkt-kategorie\/unsere-marken\/\"},{\"@type\":\"ListItem\",\"position\":4,\"name\":\"Educo\",\"item\":\"https:\/\/teiaeducation.ch\/de\/produkt-kategorie\/unsere-marken\/educo-de\/\"},{\"@type\":\"ListItem\",\"position\":5,\"name\":\"Mathematisches Spiel\",\"item\":\"https:\/\/teiaeducation.ch\/de\/produkt-kategorie\/unsere-marken\/educo-de\/mathematisches-spiel\/\"},{\"@type\":\"ListItem\",\"position\":6,\"name\":\"Da fehlt was &#8211; die 4 Jahreszeiten &#8211; Educo\"}]},{\"@type\":\"WebSite\",\"@id\":\"https:\/\/teiaeducation.ch\/de\/#website\",\"url\":\"https:\/\/teiaeducation.ch\/de\/\",\"name\":\"Sustainable Educational Products &amp; Ecological Toys\u00a0\",\"description\":\"Specialised Swiss shop selling sustainable educational toys and games, AMI certified Montessori materials, handmade ecological wooden Waldorf toys and arts &amp; crafts supplies, school supplies, children&#039;s furniture and Montessori reference and parenting books.\",\"publisher\":{\"@id\":\"https:\/\/teiaeducation.ch\/de\/#organization\"},\"alternateName\":\"Teia Education & Play\",\"potentialAction\":[{\"@type\":\"SearchAction\",\"target\":{\"@type\":\"EntryPoint\",\"urlTemplate\":\"https:\/\/teiaeducation.ch\/de\/?s={search_term_string}\"},\"query-input\":{\"@type\":\"PropertyValueSpecification\",\"valueRequired\":true,\"valueName\":\"search_term_string\"}}],\"inLanguage\":\"de-CH\"},{\"@type\":\"Organization\",\"@id\":\"https:\/\/teiaeducation.ch\/de\/#organization\",\"name\":\"Teia Education & Play\",\"url\":\"https:\/\/teiaeducation.ch\/de\/\",\"logo\":{\"@type\":\"ImageObject\",\"inLanguage\":\"de-CH\",\"@id\":\"https:\/\/teiaeducation.ch\/de\/#\/schema\/logo\/image\/\",\"url\":\"https:\/\/teiaeducation.ch\/wp-content\/uploads\/2020\/11\/Teia-Education-Switzerland-e1620156442216.jpg\",\"contentUrl\":\"https:\/\/teiaeducation.ch\/wp-content\/uploads\/2020\/11\/Teia-Education-Switzerland-e1620156442216.jpg\",\"width\":166,\"height\":145,\"caption\":\"Teia Education & Play\"},\"image\":{\"@id\":\"https:\/\/teiaeducation.ch\/de\/#\/schema\/logo\/image\/\"},\"sameAs\":[\"https:\/\/www.facebook.com\/teiaeducation\/\",\"https:\/\/x.com\/EducationTeia\",\"https:\/\/www.instagram.com\/teia.education\/\",\"https:\/\/www.linkedin.com\/company\/35501660\",\"https:\/\/www.pinterest.ch\/TeiaEducation\/\"]}]}<\/script>\n<!-- \/ Yoast SEO plugin. -->","yoast_head_json":{"title":"Da fehlt was - die 4 Jahreszeiten - Educo","description":"Mit dem Educo da fehlt was Lernspiel zum Thema der 4 Jahreszeiten lernen Kinder, die Jahreszeiten zu erkennen und zu benennen.","robots":{"index":"index","follow":"follow","max-snippet":"max-snippet:-1","max-image-preview":"max-image-preview:large","max-video-preview":"max-video-preview:-1"},"canonical":"https:\/\/teiaeducation.ch\/de\/produkt\/da-fehlt-was-die-4-jahreszeiten-educo\/","og_locale":"de_DE","og_type":"article","og_title":"Da fehlt was - die 4 Jahreszeiten - Educo","og_description":"Mit dem Educo da fehlt was Lernspiel zum Thema der 4 Jahreszeiten lernen Kinder, die Jahreszeiten zu erkennen und zu benennen.","og_url":"https:\/\/teiaeducation.ch\/de\/produkt\/da-fehlt-was-die-4-jahreszeiten-educo\/","og_site_name":"Sustainable Educational Products &amp; Ecological Toys\u00a0","article_publisher":"https:\/\/www.facebook.com\/teiaeducation\/","article_modified_time":"2024-09-17T08:03:33+00:00","og_image":[{"width":900,"height":900,"url":"https:\/\/teiaeducation.ch\/wp-content\/uploads\/2021\/11\/What-is-missing-4-seasons-educational-matching-game-Educo-scaled.jpg","type":"image\/jpeg"}],"schema":{"@context":"https:\/\/schema.org","@graph":[{"@type":"WebPage","@id":"https:\/\/teiaeducation.ch\/de\/produkt\/da-fehlt-was-die-4-jahreszeiten-educo\/","url":"https:\/\/teiaeducation.ch\/de\/produkt\/da-fehlt-was-die-4-jahreszeiten-educo\/","name":"Da fehlt was - die 4 Jahreszeiten - Educo","isPartOf":{"@id":"https:\/\/teiaeducation.ch\/de\/#website"},"primaryImageOfPage":{"@id":"https:\/\/teiaeducation.ch\/de\/produkt\/da-fehlt-was-die-4-jahreszeiten-educo\/#primaryimage"},"image":{"@id":"https:\/\/teiaeducation.ch\/de\/produkt\/da-fehlt-was-die-4-jahreszeiten-educo\/#primaryimage"},"thumbnailUrl":"https:\/\/teiaeducation.ch\/wp-content\/uploads\/2021\/11\/What-is-missing-4-seasons-educational-matching-game-Educo-scaled.jpg","datePublished":"2021-12-21T11:47:23+00:00","dateModified":"2024-09-17T08:03:33+00:00","description":"Mit dem Educo da fehlt was Lernspiel zum Thema der 4 Jahreszeiten lernen Kinder, die Jahreszeiten zu erkennen und zu benennen.","breadcrumb":{"@id":"https:\/\/teiaeducation.ch\/de\/produkt\/da-fehlt-was-die-4-jahreszeiten-educo\/#breadcrumb"},"inLanguage":"de-CH","potentialAction":[{"@type":"ReadAction","target":["https:\/\/teiaeducation.ch\/de\/produkt\/da-fehlt-was-die-4-jahreszeiten-educo\/"]}]},{"@type":"ImageObject","inLanguage":"de-CH","@id":"https:\/\/teiaeducation.ch\/de\/produkt\/da-fehlt-was-die-4-jahreszeiten-educo\/#primaryimage","url":"https:\/\/teiaeducation.ch\/wp-content\/uploads\/2021\/11\/What-is-missing-4-seasons-educational-matching-game-Educo-scaled.jpg","contentUrl":"https:\/\/teiaeducation.ch\/wp-content\/uploads\/2021\/11\/What-is-missing-4-seasons-educational-matching-game-Educo-scaled.jpg","width":900,"height":900,"caption":"Da fehlt was - die 4 Jahreszeiten das p\u00e4dagogische Zuordnungsspiel - Educo"},{"@type":"BreadcrumbList","@id":"https:\/\/teiaeducation.ch\/de\/produkt\/da-fehlt-was-die-4-jahreszeiten-educo\/#breadcrumb","itemListElement":[{"@type":"ListItem","position":1,"name":"Home","item":"https:\/\/teiaeducation.ch\/de\/"},{"@type":"ListItem","position":2,"name":"Laden","item":"https:\/\/teiaeducation.ch\/de\/shop\/"},{"@type":"ListItem","position":3,"name":"Unsere Marken","item":"https:\/\/teiaeducation.ch\/de\/produkt-kategorie\/unsere-marken\/"},{"@type":"ListItem","position":4,"name":"Educo","item":"https:\/\/teiaeducation.ch\/de\/produkt-kategorie\/unsere-marken\/educo-de\/"},{"@type":"ListItem","position":5,"name":"Mathematisches Spiel","item":"https:\/\/teiaeducation.ch\/de\/produkt-kategorie\/unsere-marken\/educo-de\/mathematisches-spiel\/"},{"@type":"ListItem","position":6,"name":"Da fehlt was &#8211; die 4 Jahreszeiten &#8211; Educo"}]},{"@type":"WebSite","@id":"https:\/\/teiaeducation.ch\/de\/#website","url":"https:\/\/teiaeducation.ch\/de\/","name":"Sustainable Educational Products &amp; Ecological Toys\u00a0","description":"Specialised Swiss shop selling sustainable educational toys and games, AMI certified Montessori materials, handmade ecological wooden Waldorf toys and arts &amp; crafts supplies, school supplies, children&#039;s furniture and Montessori reference and parenting books.","publisher":{"@id":"https:\/\/teiaeducation.ch\/de\/#organization"},"alternateName":"Teia Education & Play","potentialAction":[{"@type":"SearchAction","target":{"@type":"EntryPoint","urlTemplate":"https:\/\/teiaeducation.ch\/de\/?s={search_term_string}"},"query-input":{"@type":"PropertyValueSpecification","valueRequired":true,"valueName":"search_term_string"}}],"inLanguage":"de-CH"},{"@type":"Organization","@id":"https:\/\/teiaeducation.ch\/de\/#organization","name":"Teia Education & Play","url":"https:\/\/teiaeducation.ch\/de\/","logo":{"@type":"ImageObject","inLanguage":"de-CH","@id":"https:\/\/teiaeducation.ch\/de\/#\/schema\/logo\/image\/","url":"https:\/\/teiaeducation.ch\/wp-content\/uploads\/2020\/11\/Teia-Education-Switzerland-e1620156442216.jpg","contentUrl":"https:\/\/teiaeducation.ch\/wp-content\/uploads\/2020\/11\/Teia-Education-Switzerland-e1620156442216.jpg","width":166,"height":145,"caption":"Teia Education & Play"},"image":{"@id":"https:\/\/teiaeducation.ch\/de\/#\/schema\/logo\/image\/"},"sameAs":["https:\/\/www.facebook.com\/teiaeducation\/","https:\/\/x.com\/EducationTeia","https:\/\/www.instagram.com\/teia.education\/","https:\/\/www.linkedin.com\/company\/35501660","https:\/\/www.pinterest.ch\/TeiaEducation\/"]}]}},"_links":{"self":[{"href":"https:\/\/teiaeducation.ch\/de\/wp-json\/wp\/v2\/product\/58411","targetHints":{"allow":["GET"]}}],"collection":[{"href":"https:\/\/teiaeducation.ch\/de\/wp-json\/wp\/v2\/product"}],"about":[{"href":"https:\/\/teiaeducation.ch\/de\/wp-json\/wp\/v2\/types\/product"}],"replies":[{"embeddable":true,"href":"https:\/\/teiaeducation.ch\/de\/wp-json\/wp\/v2\/comments?post=58411"}],"wp:featuredmedia":[{"embeddable":true,"href":"https:\/\/teiaeducation.ch\/de\/wp-json\/wp\/v2\/media\/40511"}],"wp:attachment":[{"href":"https:\/\/teiaeducation.ch\/de\/wp-json\/wp\/v2\/media?parent=58411"}],"wp:term":[{"taxonomy":"product_brand","embeddable":true,"href":"https:\/\/teiaeducation.ch\/de\/wp-json\/wp\/v2\/product_brand?post=58411"},{"taxonomy":"product_cat","embeddable":true,"href":"https:\/\/teiaeducation.ch\/de\/wp-json\/wp\/v2\/product_cat?post=58411"},{"taxonomy":"product_tag","embeddable":true,"href":"https:\/\/teiaeducation.ch\/de\/wp-json\/wp\/v2\/product_tag?post=58411"}],"curies":[{"name":"wp","href":"https:\/\/api.w.org\/{rel}","templated":true}]}}